{"id":2284,"date":"2020-09-11T10:11:15","date_gmt":"2020-09-11T10:11:15","guid":{"rendered":"http:\/\/www.lichen.pl\/o-sanktuarium\/sanktuarium-copy\/"},"modified":"2024-02-01T09:49:18","modified_gmt":"2024-02-01T08:49:18","slug":"objawienia","status":"publish","type":"page","link":"https:\/\/www.lichen.pl\/de\/o-sanktuarium\/objawienia\/","title":{"rendered":"Offenbarung"},"content":{"rendered":"\t\t<div data-elementor-type=\"wp-page\" data-elementor-id=\"2284\" class=\"elementor elementor-2284\" data-elementor-post-type=\"page\">\n\t\t\t\t\t\t<section class=\"elementor-section elementor-top-section elementor-element elementor-element-2a2842b3 elementor-section-boxed elementor-section-height-default elementor-section-height-default\" data-id=\"2a2842b3\" data-element_type=\"section\" data-e-type=\"section\" data-settings=\"{&quot;background_background&quot;:&quot;classic&quot;}\">\n\t\t\t\t\t\t\t<div class=\"elementor-background-overlay\"><\/div>\n\t\t\t\t\t\t\t<div class=\"elementor-container elementor-column-gap-default\">\n\t\t\t\t\t<div class=\"elementor-column elementor-col-100 elementor-top-column elementor-element elementor-element-6ceba8a\" data-id=\"6ceba8a\" data-element_type=\"column\" data-e-type=\"column\">\n\t\t\t<div class=\"elementor-widget-wrap elementor-element-populated\">\n\t\t\t\t\t\t<div class=\"elementor-element elementor-element-65364d8c elementor-widget-divider--view-line_text elementor-widget-divider--element-align-center elementor-widget elementor-widget-divider\" data-id=\"65364d8c\" data-element_type=\"widget\" data-e-type=\"widget\" data-widget_type=\"divider.default\">\n\t\t\t\t<div class=\"elementor-widget-container\">\n\t\t\t\t\t\t\t<div class=\"elementor-divider\">\n\t\t\t<span class=\"elementor-divider-separator\">\n\t\t\t\t\t\t\t<span class=\"elementor-divider__text elementor-divider__element\">\n\t\t\t\tObjawienia\t\t\t\t<\/span>\n\t\t\t\t\t\t<\/span>\n\t\t<\/div>\n\t\t\t\t\t\t<\/div>\n\t\t\t\t<\/div>\n\t\t\t\t<section class=\"elementor-section elementor-inner-section elementor-element elementor-element-a5c5463 elementor-section-boxed elementor-section-height-default elementor-section-height-default\" data-id=\"a5c5463\" data-element_type=\"section\" data-e-type=\"section\">\n\t\t\t\t\t\t<div class=\"elementor-container elementor-column-gap-default\">\n\t\t\t\t\t<div class=\"elementor-column elementor-col-50 elementor-inner-column elementor-element elementor-element-d38b35f\" data-id=\"d38b35f\" data-element_type=\"column\" data-e-type=\"column\">\n\t\t\t<div class=\"elementor-widget-wrap elementor-element-populated\">\n\t\t\t\t\t\t<div class=\"elementor-element elementor-element-7447978 elementor-widget elementor-widget-text-editor\" data-id=\"7447978\" data-element_type=\"widget\" data-e-type=\"widget\" data-widget_type=\"text-editor.default\">\n\t\t\t\t<div class=\"elementor-widget-container\">\n\t\t\t\t\t\t\t\t\t<p>Sanktuarium Matki Bo\u017cej Liche\u0144skiej nale\u017cy do grona najwi\u0119kszych i najbardziej znanych w Polsce.<\/p><p>Pocz\u0105tki sanktuarium si\u0119gaj\u0105 po\u0142owy XIX wieku i s\u0105 zwi\u0105zane z objawieniami Matki Bo\u017cej pasterzowi Miko\u0142ajowi Sikatce. Nadzwyczajne wydarzenia mia\u0142y miejsce w 1850 roku w Lesie Gr\u0105bli\u0144skim (2 km od Lichenia, obok drogi do Konina) przy obrazie Matki Bo\u017cej umieszczonym na so\u015bnie.<\/p><p>W czasie objawie\u0144 Maryja wzywa\u0142a do modlitwy, pokuty i przemiany \u017cycia oraz poleci\u0142a zbiera\u0107 ja\u0142mu\u017cny na Msze \u015bw. przeb\u0142agalne i przenie\u015b\u0107 obraz w godniejsze miejsce. Ostrzega\u0142a te\u017c przed zbli\u017caj\u0105c\u0105 si\u0119 epidemi\u0105 cholery, kt\u00f3ra w roku 1852 nawiedzi\u0142a Wielkopolsk\u0119. Dramatyczne wydarzenia przypomnia\u0142y miejscowej ludno\u015bci o przepowiadaniu pasterza Miko\u0142aja.<\/p><p>Pasterz Miko\u0142aj pod przysi\u0119g\u0105 zezna\u0142 o kilkakrotnych widzeniach ks. Florianowi Kosi\u0144skiemu, \u00f3wczesnemu proboszczowi liche\u0144skiemu. Raport proboszcza z 5 XI 1852 r. na temat nadzwyczajnych wydarze\u0144, sporz\u0105dzony dla w\u0142adz ko\u015bcielnych w Kaliszu, jest najstarszym \u017ar\u00f3d\u0142em historycznym potwierdzaj\u0105cym fakt objawie\u0144 i relacjonuj\u0105cym ich tre\u015b\u0107.<\/p><p>Proboszcz napisa\u0142:\u00a0<\/p>\t\t\t\t\t\t\t\t<\/div>\n\t\t\t\t<\/div>\n\t\t\t\t\t<\/div>\n\t\t<\/div>\n\t\t\t\t<div class=\"elementor-column elementor-col-50 elementor-inner-column elementor-element elementor-element-af3df9b\" data-id=\"af3df9b\" data-element_type=\"column\" data-e-type=\"column\">\n\t\t\t<div class=\"elementor-widget-wrap elementor-element-populated\">\n\t\t\t\t\t\t<div class=\"elementor-element elementor-element-849bcff elementor-widget elementor-widget-image\" data-id=\"849bcff\" data-element_type=\"widget\" data-e-type=\"widget\" data-widget_type=\"image.default\">\n\t\t\t\t<div class=\"elementor-widget-container\">\n\t\t\t\t\t\t\t\t\t\t\t\t<figure class=\"wp-caption\">\n\t\t\t\t\t\t\t\t\t\t<img fetchpriority=\"high\" decoding=\"async\" width=\"720\" height=\"960\" src=\"https:\/\/www.lichen.pl\/wp-content\/uploads\/2021\/07\/1-Kaplica-Sosny-w-Lesie-Grablinskim.jpg\" class=\"attachment-medium_large size-medium_large wp-image-18323\" alt=\"\" srcset=\"https:\/\/www.lichen.pl\/wp-content\/uploads\/2021\/07\/1-Kaplica-Sosny-w-Lesie-Grablinskim.jpg 720w, https:\/\/www.lichen.pl\/wp-content\/uploads\/2021\/07\/1-Kaplica-Sosny-w-Lesie-Grablinskim-225x300.jpg 225w\" sizes=\"(max-width: 720px) 100vw, 720px\" \/>\t\t\t\t\t\t\t\t\t\t\t<figcaption class=\"widget-image-caption wp-caption-text\">Kaplica Sony w Lesie Gr\u0105bli\u0144skim. Zachowana cz\u0119\u015b\u0107 sosny, przy kt\u00f3rej mia\u0142y miejsce objawienia<\/figcaption>\n\t\t\t\t\t\t\t\t\t\t<\/figure>\n\t\t\t\t\t\t\t\t\t<\/div>\n\t\t\t\t<\/div>\n\t\t\t\t\t<\/div>\n\t\t<\/div>\n\t\t\t\t\t<\/div>\n\t\t<\/section>\n\t\t\t\t<div class=\"elementor-element elementor-element-6c473ad elementor-blockquote--skin-boxed elementor-blockquote--align-center elementor-widget elementor-widget-blockquote\" data-id=\"6c473ad\" data-element_type=\"widget\" data-e-type=\"widget\" data-widget_type=\"blockquote.default\">\n\t\t\t\t<div class=\"elementor-widget-container\">\n\t\t\t\t\t\t\t<blockquote class=\"elementor-blockquote\">\n\t\t\t<p class=\"elementor-blockquote__content\">\n\t\t\t\tOd kilku lat w parafii Liche\u0144 znajdowa\u0142 si\u0119 w borze, pod wsi\u0105 Gr\u0105blin, obraz Matki Boskiej, na so\u015bnie przybity przez jednego z parafian tutejszych, ju\u017c zmar\u0142ego. W tym\u017ce boru, w blisko\u015bci obrazu, pasterz byd\u0142a z pomienionej wsi, od dw\u00f3ch lat mia\u0142 widywa\u0107 osob\u0119 nieznan\u0105, jakoby z innego \u015bwiata, kt\u00f3ra za po\u015brednictwem tego\u017c pasterza stara\u0142a si\u0119 zach\u0119ca\u0107 lud tutejszy do prawdziwej pokuty, odmiany dotychczasowego, z wielu miar nagannego \u017cycia, z poleceniem zebrania na trzy Msze \u015bw. ja\u0142mu\u017cny z ca\u0142ej parafii, na uproszenie od Boga odwr\u00f3cenia wisz\u0105cych kar i chor\u00f3b nad wyst\u0119pnymi - przestrzegaj\u0105c zarazem, aby obraz wspomniany z miejsca tego, na ustroniu, bo tylko nad \u015bcie\u017ck\u0105 po\u0142o\u017conego, zosta\u0142 przeniesiony na inne dla zabezpieczenia go od zniewag niewiernych, kt\u00f3re w boru przytrafi\u0107 si\u0119 mog\u0142y i spe\u0142nia\u0107 bez \u015bwiadk\u00f3w, a nast\u0119pnie bez obawy kary. Polecenie to i zach\u0119cenie mia\u0142a ponawia\u0107 po kilka razy. Badany p\u00f3\u017aniej ten\u017ce pasterz przez w\u00f3jta Gminy miejscowej zezna\u0142 to samo do protok\u00f3\u0142u. Nast\u0119pnie odes\u0142any przez tego\u017c do wojennego Naczelnika Powiatu [w Koninie] ponowi\u0142 takie zeznanie\t\t\t<\/p>\n\t\t\t\t\t<\/blockquote>\n\t\t\t\t\t\t<\/div>\n\t\t\t\t<\/div>\n\t\t\t\t<div class=\"elementor-element elementor-element-4a28d63 elementor-widget elementor-widget-image\" data-id=\"4a28d63\" data-element_type=\"widget\" data-e-type=\"widget\" data-widget_type=\"image.default\">\n\t\t\t\t<div class=\"elementor-widget-container\">\n\t\t\t\t\t\t\t\t\t\t\t\t<figure class=\"wp-caption\">\n\t\t\t\t\t\t\t\t\t\t<img decoding=\"async\" width=\"600\" height=\"403\" src=\"https:\/\/www.lichen.pl\/wp-content\/uploads\/2021\/07\/Scena-objawienia-Matki-Bozej-Lichenskiej-pasterzowi-Mkolajowi-Sikatce-1.jpg\" class=\"attachment-medium_large size-medium_large wp-image-18334\" alt=\"\" srcset=\"https:\/\/www.lichen.pl\/wp-content\/uploads\/2021\/07\/Scena-objawienia-Matki-Bozej-Lichenskiej-pasterzowi-Mkolajowi-Sikatce-1.jpg 600w, https:\/\/www.lichen.pl\/wp-content\/uploads\/2021\/07\/Scena-objawienia-Matki-Bozej-Lichenskiej-pasterzowi-Mkolajowi-Sikatce-1-300x202.jpg 300w\" sizes=\"(max-width: 600px) 100vw, 600px\" \/>\t\t\t\t\t\t\t\t\t\t\t<figcaption class=\"widget-image-caption wp-caption-text\">Scena objawienia Matki Bo\u017cej pasterzowi Miko\u0142ajowi Sikatce umieszczona na jednej z zas\u0142on cudownego obrazu w bazylice<\/figcaption>\n\t\t\t\t\t\t\t\t\t\t<\/figure>\n\t\t\t\t\t\t\t\t\t<\/div>\n\t\t\t\t<\/div>\n\t\t\t\t<div class=\"elementor-element elementor-element-6fc0e69 elementor-widget elementor-widget-text-editor\" data-id=\"6fc0e69\" data-element_type=\"widget\" data-e-type=\"widget\" data-widget_type=\"text-editor.default\">\n\t\t\t\t<div class=\"elementor-widget-container\">\n\t\t\t\t\t\t\t\t\t<p>Decyzj\u0105 konsystorza biskupiego w Kaliszu obraz zosta\u0142 przeniesiony 29 wrze\u015bnia 1852 r. z lasu do kaplicy cmentarnej w Licheniu, pe\u0142ni\u0105cej funkcj\u0119 \u015bwi\u0105tyni parafialnej. By\u0142a to bardzo du\u017ca uroczysto\u015b\u0107, kt\u00f3ra zgromadzi\u0142a wielu wiernych oraz z udzia\u0142em w\u0142adz duchowych, cywilnych i wojskowych. Wydarzenie to da\u0142o pocz\u0105tek liche\u0144skiemu sanktuarium i rozpocz\u0119\u0142o nowy etap \u017cycia parafii, odt\u0105d ju\u017c \u015bci\u015ble zwi\u0105zany ze czci\u0105 Matki Bo\u017cej Liche\u0144skiej.\u00a0<\/p>\t\t\t\t\t\t\t\t<\/div>\n\t\t\t\t<\/div>\n\t\t\t\t<div class=\"elementor-element elementor-element-ce2a9ed elementor-widget-divider--view-line elementor-widget elementor-widget-divider\" data-id=\"ce2a9ed\" data-element_type=\"widget\" data-e-type=\"widget\" data-widget_type=\"divider.default\">\n\t\t\t\t<div class=\"elementor-widget-container\">\n\t\t\t\t\t\t\t<div class=\"elementor-divider\">\n\t\t\t<span class=\"elementor-divider-separator\">\n\t\t\t\t\t\t<\/span>\n\t\t<\/div>\n\t\t\t\t\t\t<\/div>\n\t\t\t\t<\/div>\n\t\t\t\t\t<\/div>\n\t\t<\/div>\n\t\t\t\t\t<\/div>\n\t\t<\/section>\n\t\t\t\t<\/div>\n\t\t","protected":false},"excerpt":{"rendered":"<p>Sanktuarium Matki Bo\u017cej Liche\u0144skiej nale\u017cy do grona najwi\u0119kszych i najbardziej znanych w Polsce. Pocz\u0105tki sanktuarium si\u0119gaj\u0105 po\u0142owy XIX wieku i s\u0105 zwi\u0105zane z objawieniami Matki Bo\u017cej pasterzowi Miko\u0142ajowi Sikatce. Nadzwyczajne wydarzenia mia\u0142y miejsce w 1850 roku w Lesie Gr\u0105bli\u0144skim (2 km od Lichenia, obok drogi do Konina) przy obrazie Matki Bo\u017cej umieszczonym na so\u015bnie. W [&hellip;]<\/p>\n","protected":false},"author":1,"featured_media":0,"parent":745,"menu_order":0,"comment_status":"closed","ping_status":"closed","template":"elementor_header_footer","meta":{"footnotes":""},"class_list":["post-2284","page","type-page","status-publish","hentry","wpbf-post"],"yoast_head":"<!-- This site is optimized with the Yoast SEO plugin v27.4 - https:\/\/yoast.com\/product\/yoast-seo-wordpress\/ -->\n<title>Objawienia - SANKTUARIUM W LICHENIU<\/title>\n<meta name=\"robots\" content=\"index, follow, max-snippet:-1, max-image-preview:large, max-video-preview:-1\" \/>\n<link rel=\"canonical\" href=\"https:\/\/www.lichen.pl\/de\/o-sanktuarium\/objawienia\/\" \/>\n<meta property=\"og:locale\" content=\"de_DE\" \/>\n<meta property=\"og:type\" content=\"article\" \/>\n<meta property=\"og:title\" content=\"Objawienia - SANKTUARIUM W LICHENIU\" \/>\n<meta property=\"og:description\" content=\"Sanktuarium Matki Bo\u017cej Liche\u0144skiej nale\u017cy do grona najwi\u0119kszych i najbardziej znanych w Polsce. Pocz\u0105tki sanktuarium si\u0119gaj\u0105 po\u0142owy XIX wieku i s\u0105 zwi\u0105zane z objawieniami Matki Bo\u017cej pasterzowi Miko\u0142ajowi Sikatce. Nadzwyczajne wydarzenia mia\u0142y miejsce w 1850 roku w Lesie Gr\u0105bli\u0144skim (2 km od Lichenia, obok drogi do Konina) przy obrazie Matki Bo\u017cej umieszczonym na so\u015bnie. W [&hellip;]\" \/>\n<meta property=\"og:url\" content=\"https:\/\/www.lichen.pl\/de\/o-sanktuarium\/objawienia\/\" \/>\n<meta property=\"og:site_name\" content=\"SANKTUARIUM W LICHENIU\" \/>\n<meta property=\"article:modified_time\" content=\"2024-02-01T08:49:18+00:00\" \/>\n<meta property=\"og:image\" content=\"https:\/\/www.lichen.pl\/wp-content\/uploads\/2021\/07\/1-Kaplica-Sosny-w-Lesie-Grablinskim.jpg\" \/>\n<meta name=\"twitter:card\" content=\"summary_large_image\" \/>\n<meta name=\"twitter:label1\" content=\"Gesch\u00e4tzte Lesezeit\" \/>\n\t<meta name=\"twitter:data1\" content=\"2\u00a0Minuten\" \/>\n<script type=\"application\/ld+json\" class=\"yoast-schema-graph\">{\"@context\":\"https:\\\/\\\/schema.org\",\"@graph\":[{\"@type\":\"WebPage\",\"@id\":\"https:\\\/\\\/www.lichen.pl\\\/o-sanktuarium\\\/objawienia\\\/\",\"url\":\"https:\\\/\\\/www.lichen.pl\\\/o-sanktuarium\\\/objawienia\\\/\",\"name\":\"Objawienia - SANKTUARIUM W LICHENIU\",\"isPartOf\":{\"@id\":\"https:\\\/\\\/www.lichen.pl\\\/fr\\\/#website\"},\"primaryImageOfPage\":{\"@id\":\"https:\\\/\\\/www.lichen.pl\\\/o-sanktuarium\\\/objawienia\\\/#primaryimage\"},\"image\":{\"@id\":\"https:\\\/\\\/www.lichen.pl\\\/o-sanktuarium\\\/objawienia\\\/#primaryimage\"},\"thumbnailUrl\":\"https:\\\/\\\/www.lichen.pl\\\/wp-content\\\/uploads\\\/2021\\\/07\\\/1-Kaplica-Sosny-w-Lesie-Grablinskim.jpg\",\"datePublished\":\"2020-09-11T10:11:15+00:00\",\"dateModified\":\"2024-02-01T08:49:18+00:00\",\"breadcrumb\":{\"@id\":\"https:\\\/\\\/www.lichen.pl\\\/o-sanktuarium\\\/objawienia\\\/#breadcrumb\"},\"inLanguage\":\"de\",\"potentialAction\":[{\"@type\":\"ReadAction\",\"target\":[\"https:\\\/\\\/www.lichen.pl\\\/o-sanktuarium\\\/objawienia\\\/\"]}]},{\"@type\":\"ImageObject\",\"inLanguage\":\"de\",\"@id\":\"https:\\\/\\\/www.lichen.pl\\\/o-sanktuarium\\\/objawienia\\\/#primaryimage\",\"url\":\"https:\\\/\\\/www.lichen.pl\\\/wp-content\\\/uploads\\\/2021\\\/07\\\/1-Kaplica-Sosny-w-Lesie-Grablinskim.jpg\",\"contentUrl\":\"https:\\\/\\\/www.lichen.pl\\\/wp-content\\\/uploads\\\/2021\\\/07\\\/1-Kaplica-Sosny-w-Lesie-Grablinskim.jpg\"},{\"@type\":\"BreadcrumbList\",\"@id\":\"https:\\\/\\\/www.lichen.pl\\\/o-sanktuarium\\\/objawienia\\\/#breadcrumb\",\"itemListElement\":[{\"@type\":\"ListItem\",\"position\":1,\"name\":\"Strona g\u0142\u00f3wna\",\"item\":\"https:\\\/\\\/www.lichen.pl\\\/\"},{\"@type\":\"ListItem\",\"position\":2,\"name\":\"O Sanktuarium\",\"item\":\"https:\\\/\\\/www.lichen.pl\\\/o-sanktuarium\\\/\"},{\"@type\":\"ListItem\",\"position\":3,\"name\":\"Objawienia\"}]},{\"@type\":\"WebSite\",\"@id\":\"https:\\\/\\\/www.lichen.pl\\\/fr\\\/#website\",\"url\":\"https:\\\/\\\/www.lichen.pl\\\/fr\\\/\",\"name\":\"SANKTUARIUM W LICHENIU\",\"description\":\"MATKI BO\u017bEJ LICHE\u0143SKIEJ BOLESNEJ KR\u00d3LOWEJ POLSKI\",\"potentialAction\":[{\"@type\":\"SearchAction\",\"target\":{\"@type\":\"EntryPoint\",\"urlTemplate\":\"https:\\\/\\\/www.lichen.pl\\\/fr\\\/?s={search_term_string}\"},\"query-input\":{\"@type\":\"PropertyValueSpecification\",\"valueRequired\":true,\"valueName\":\"search_term_string\"}}],\"inLanguage\":\"de\"}]}<\/script>\n<!-- \/ Yoast SEO plugin. -->","yoast_head_json":{"title":"Objawienia - SANKTUARIUM W LICHENIU","robots":{"index":"index","follow":"follow","max-snippet":"max-snippet:-1","max-image-preview":"max-image-preview:large","max-video-preview":"max-video-preview:-1"},"canonical":"https:\/\/www.lichen.pl\/de\/o-sanktuarium\/objawienia\/","og_locale":"de_DE","og_type":"article","og_title":"Objawienia - SANKTUARIUM W LICHENIU","og_description":"Sanktuarium Matki Bo\u017cej Liche\u0144skiej nale\u017cy do grona najwi\u0119kszych i najbardziej znanych w Polsce. Pocz\u0105tki sanktuarium si\u0119gaj\u0105 po\u0142owy XIX wieku i s\u0105 zwi\u0105zane z objawieniami Matki Bo\u017cej pasterzowi Miko\u0142ajowi Sikatce. Nadzwyczajne wydarzenia mia\u0142y miejsce w 1850 roku w Lesie Gr\u0105bli\u0144skim (2 km od Lichenia, obok drogi do Konina) przy obrazie Matki Bo\u017cej umieszczonym na so\u015bnie. W [&hellip;]","og_url":"https:\/\/www.lichen.pl\/de\/o-sanktuarium\/objawienia\/","og_site_name":"SANKTUARIUM W LICHENIU","article_modified_time":"2024-02-01T08:49:18+00:00","og_image":[{"url":"https:\/\/www.lichen.pl\/wp-content\/uploads\/2021\/07\/1-Kaplica-Sosny-w-Lesie-Grablinskim.jpg","type":"","width":"","height":""}],"twitter_card":"summary_large_image","twitter_misc":{"Gesch\u00e4tzte Lesezeit":"2\u00a0Minuten"},"schema":{"@context":"https:\/\/schema.org","@graph":[{"@type":"WebPage","@id":"https:\/\/www.lichen.pl\/o-sanktuarium\/objawienia\/","url":"https:\/\/www.lichen.pl\/o-sanktuarium\/objawienia\/","name":"Objawienia - SANKTUARIUM W LICHENIU","isPartOf":{"@id":"https:\/\/www.lichen.pl\/fr\/#website"},"primaryImageOfPage":{"@id":"https:\/\/www.lichen.pl\/o-sanktuarium\/objawienia\/#primaryimage"},"image":{"@id":"https:\/\/www.lichen.pl\/o-sanktuarium\/objawienia\/#primaryimage"},"thumbnailUrl":"https:\/\/www.lichen.pl\/wp-content\/uploads\/2021\/07\/1-Kaplica-Sosny-w-Lesie-Grablinskim.jpg","datePublished":"2020-09-11T10:11:15+00:00","dateModified":"2024-02-01T08:49:18+00:00","breadcrumb":{"@id":"https:\/\/www.lichen.pl\/o-sanktuarium\/objawienia\/#breadcrumb"},"inLanguage":"de","potentialAction":[{"@type":"ReadAction","target":["https:\/\/www.lichen.pl\/o-sanktuarium\/objawienia\/"]}]},{"@type":"ImageObject","inLanguage":"de","@id":"https:\/\/www.lichen.pl\/o-sanktuarium\/objawienia\/#primaryimage","url":"https:\/\/www.lichen.pl\/wp-content\/uploads\/2021\/07\/1-Kaplica-Sosny-w-Lesie-Grablinskim.jpg","contentUrl":"https:\/\/www.lichen.pl\/wp-content\/uploads\/2021\/07\/1-Kaplica-Sosny-w-Lesie-Grablinskim.jpg"},{"@type":"BreadcrumbList","@id":"https:\/\/www.lichen.pl\/o-sanktuarium\/objawienia\/#breadcrumb","itemListElement":[{"@type":"ListItem","position":1,"name":"Strona g\u0142\u00f3wna","item":"https:\/\/www.lichen.pl\/"},{"@type":"ListItem","position":2,"name":"O Sanktuarium","item":"https:\/\/www.lichen.pl\/o-sanktuarium\/"},{"@type":"ListItem","position":3,"name":"Objawienia"}]},{"@type":"WebSite","@id":"https:\/\/www.lichen.pl\/fr\/#website","url":"https:\/\/www.lichen.pl\/fr\/","name":"HEILIGTUM IN LICHENIEN","description":"DIE TRAURIGE K\u00d6NIGIN UNSERER FLECHEN VON POLEN","potentialAction":[{"@type":"SearchAction","target":{"@type":"EntryPoint","urlTemplate":"https:\/\/www.lichen.pl\/fr\/?s={search_term_string}"},"query-input":{"@type":"PropertyValueSpecification","valueRequired":true,"valueName":"search_term_string"}}],"inLanguage":"de"}]}},"_links":{"self":[{"href":"https:\/\/www.lichen.pl\/de\/wp-json\/wp\/v2\/pages\/2284","targetHints":{"allow":["GET"]}}],"collection":[{"href":"https:\/\/www.lichen.pl\/de\/wp-json\/wp\/v2\/pages"}],"about":[{"href":"https:\/\/www.lichen.pl\/de\/wp-json\/wp\/v2\/types\/page"}],"author":[{"embeddable":true,"href":"https:\/\/www.lichen.pl\/de\/wp-json\/wp\/v2\/users\/1"}],"replies":[{"embeddable":true,"href":"https:\/\/www.lichen.pl\/de\/wp-json\/wp\/v2\/comments?post=2284"}],"version-history":[{"count":35,"href":"https:\/\/www.lichen.pl\/de\/wp-json\/wp\/v2\/pages\/2284\/revisions"}],"predecessor-version":[{"id":64159,"href":"https:\/\/www.lichen.pl\/de\/wp-json\/wp\/v2\/pages\/2284\/revisions\/64159"}],"up":[{"embeddable":true,"href":"https:\/\/www.lichen.pl\/de\/wp-json\/wp\/v2\/pages\/745"}],"wp:attachment":[{"href":"https:\/\/www.lichen.pl\/de\/wp-json\/wp\/v2\/media?parent=2284"}],"curies":[{"name":"wp","href":"https:\/\/api.w.org\/{rel}","templated":true}]}}