{"id":2287,"date":"2020-09-11T10:12:16","date_gmt":"2020-09-11T10:12:16","guid":{"rendered":"http:\/\/www.lichen.pl\/o-sanktuarium\/objawienia-copy\/"},"modified":"2023-11-29T14:47:29","modified_gmt":"2023-11-29T13:47:29","slug":"sw-o-stanislaw-papczynski","status":"publish","type":"page","link":"https:\/\/www.lichen.pl\/de\/o-sanktuarium\/sw-o-stanislaw-papczynski\/","title":{"rendered":"st. Pater Stanis\u0142aw Papczy\u0144ski"},"content":{"rendered":"<div data-elementor-type=\"wp-page\" data-elementor-id=\"2287\" class=\"elementor elementor-2287\" data-elementor-post-type=\"page\">\n\t\t\t\t\t\t<section class=\"elementor-section elementor-top-section elementor-element elementor-element-2a2842b3 elementor-section-boxed elementor-section-height-default elementor-section-height-default\" data-id=\"2a2842b3\" data-element_type=\"section\" data-e-type=\"section\" data-settings=\"{&quot;background_background&quot;:&quot;classic&quot;}\">\n\t\t\t\t\t\t\t<div class=\"elementor-background-overlay\"><\/div>\n\t\t\t\t\t\t\t<div class=\"elementor-container elementor-column-gap-default\">\n\t\t\t\t\t<div class=\"elementor-column elementor-col-66 elementor-top-column elementor-element elementor-element-6ceba8a\" data-id=\"6ceba8a\" data-element_type=\"column\" data-e-type=\"column\">\n\t\t\t<div class=\"elementor-widget-wrap elementor-element-populated\">\n\t\t\t\t\t\t<div class=\"elementor-element elementor-element-65364d8c elementor-widget-divider--view-line_text elementor-widget-divider--element-align-center elementor-widget elementor-widget-divider\" data-id=\"65364d8c\" data-element_type=\"widget\" data-e-type=\"widget\" data-widget_type=\"divider.default\">\n\t\t\t\t<div class=\"elementor-widget-container\">\n\t\t\t\t\t\t\t<div class=\"elementor-divider\">\n\t\t\t<span class=\"elementor-divider-separator\">\n\t\t\t\t\t\t\t<span class=\"elementor-divider__text elementor-divider__element\">\n\t\t\t\tst. Pater Stanis\u0142aw Papczy\u0144ski\t\t\t\t<\/span>\n\t\t\t\t\t\t<\/span>\n\t\t<\/div>\n\t\t\t\t\t\t<\/div>\n\t\t\t\t<\/div>\n\t\t\t\t<section class=\"elementor-section elementor-inner-section elementor-element elementor-element-890547b elementor-section-boxed elementor-section-height-default elementor-section-height-default\" data-id=\"890547b\" data-element_type=\"section\" data-e-type=\"section\">\n\t\t\t\t\t\t<div class=\"elementor-container elementor-column-gap-default\">\n\t\t\t\t\t<div class=\"elementor-column elementor-col-50 elementor-inner-column elementor-element elementor-element-bf16fbf\" data-id=\"bf16fbf\" data-element_type=\"column\" data-e-type=\"column\">\n\t\t\t<div class=\"elementor-widget-wrap elementor-element-populated\">\n\t\t\t\t\t\t<div class=\"elementor-element elementor-element-22e247b elementor-widget elementor-widget-image\" data-id=\"22e247b\" data-element_type=\"widget\" data-e-type=\"widget\" data-widget_type=\"image.default\">\n\t\t\t\t<div class=\"elementor-widget-container\">\n\t\t\t\t\t\t\t\t\t\t\t\t<figure class=\"wp-caption\">\n\t\t\t\t\t\t\t\t\t\t<img fetchpriority=\"high\" decoding=\"async\" width=\"418\" height=\"901\" src=\"https:\/\/www.lichen.pl\/wp-content\/uploads\/2021\/05\/o_papczynski.jpg\" class=\"attachment-large size-large wp-image-8745\" alt=\"\" srcset=\"https:\/\/www.lichen.pl\/wp-content\/uploads\/2021\/05\/o_papczynski.jpg 418w, https:\/\/www.lichen.pl\/wp-content\/uploads\/2021\/05\/o_papczynski-139x300.jpg 139w\" sizes=\"(max-width: 418px) 100vw, 418px\" \/>\t\t\t\t\t\t\t\t\t\t\t<figcaption class=\"widget-image-caption wp-caption-text\">st. Stanis\u0142aw Papczy\u0144ski, Gr\u00fcnder der Kongregation der Marienv\u00e4ter<\/figcaption>\n\t\t\t\t\t\t\t\t\t\t<\/figure>\n\t\t\t\t\t\t\t\t\t<\/div>\n\t\t\t\t<\/div>\n\t\t\t\t\t<\/div>\n\t\t<\/div>\n\t\t\t\t<div class=\"elementor-column elementor-col-50 elementor-inner-column elementor-element elementor-element-47eb6ee\" data-id=\"47eb6ee\" data-element_type=\"column\" data-e-type=\"column\">\n\t\t\t<div class=\"elementor-widget-wrap elementor-element-populated\">\n\t\t\t\t\t\t<div class=\"elementor-element elementor-element-2e98429 elementor-widget elementor-widget-text-editor\" data-id=\"2e98429\" data-element_type=\"widget\" data-e-type=\"widget\" data-widget_type=\"text-editor.default\">\n\t\t\t\t<div class=\"elementor-widget-container\">\n\t\t\t\t\t\t\t\t\t<p style=\"text-align: center;\">Er wurde am 18. Mai 1631 in Podegrodzie bei Stary S\u0105cz in einem Bauernhaus geboren. Er erhielt den Namen Johannes. Er weidete seine v\u00e4terlichen Herden auf den Wiesen in der N\u00e4he seines Elternhauses und zeichnete sich durch nichts Besonderes aus. Er hatte Schwierigkeiten, das Lesen und Schreiben zu beherrschen. Aber die St\u00e4rke und Gr\u00f6\u00dfe des Menschen liegt, wie schon oft gesagt, nicht in dem, was er nicht kann, sondern in dem, was er trotz vieler Widrigkeiten erreichen wird. Daher ist es erw\u00e4hnenswert, dass das Kind, dessen Lernen schwierig war, als junger Mann aufwuchs, der erfolgreich die Schulen, haupts\u00e4chlich Jesuitenkollegs in Nowy S\u0105cz, Jaros\u0142aw, Podoliniec, Lviv und Rawa Mazowiecka, absolvierte. Jan Papczy\u0144ski war mit 23 Jahren ein junger, gebildeter Mann mit gro\u00dfen Zukunftsperspektiven. Seine Eltern fanden in ihm einen sch\u00f6nen, wohlhabenden Kandidaten f\u00fcr eine Frau. Er tr\u00e4umte jedoch von etwas ganz anderem. Im Juli 1654 verlie\u00df er das Haus der Familie. Er nahm den Orden der Piaristen an und wurde nach Jesus Maria Stanis\u0142aw genannt. Nach einem Jahr ging er zum Theologiestudium in Warschau, wo er am 22. Juli 1656 seine Ordensgel\u00fcbde ablegte.<\/p>\t\t\t\t\t\t\t\t<\/div>\n\t\t\t\t<\/div>\n\t\t\t\t\t<\/div>\n\t\t<\/div>\n\t\t\t\t\t<\/div>\n\t\t<\/section>\n\t\t\t\t<div class=\"elementor-element elementor-element-ceebde3 elementor-widget elementor-widget-heading\" data-id=\"ceebde3\" data-element_type=\"widget\" data-e-type=\"widget\" data-widget_type=\"heading.default\">\n\t\t\t\t<div class=\"elementor-widget-container\">\n\t\t\t\t\t<h3 class=\"elementor-heading-title elementor-size-default\"><br><br>&quot;Sklavin Mariens&quot;<\/h3>\t\t\t\t<\/div>\n\t\t\t\t<\/div>\n\t\t\t\t<div class=\"elementor-element elementor-element-58ff486 elementor-widget elementor-widget-text-editor\" data-id=\"58ff486\" data-element_type=\"widget\" data-e-type=\"widget\" data-widget_type=\"text-editor.default\">\n\t\t\t\t<div class=\"elementor-widget-container\">\n\t\t\t\t\t\t\t\t\t<p>Im M\u00e4rz 1661 wurde er in Brzoz\u00f3w bei Krosno von Bischof Stanis\u0142aw Sarnowski zum Priester geweiht. Eine Zeitlang arbeitete er als Dozent f\u00fcr Rhetorik, aber er h\u00f6rte damit nicht auf. Er widmete sich der Predigt und dem Beichtdienst. Der ber\u00fchmteste seiner B\u00fc\u00dfer war der Apostolische Nuntius Antoni Pignatelli, der sp\u00e4tere Papst Innozenz XII.<\/p><p>Das Jahr 1670 war ein Wendepunkt im Leben von Stanis\u0142aw Papczy\u0144ski. W\u00e4hrend dieser Zeit verlie\u00df er den Piaristenorden. Warum gab er sein Leben unter den Br\u00fcdern auf, die seit 14 Jahren seine Familie waren? Der Gr\u00fcnder der Kongregation der Marienv\u00e4ter glaubte, dass einige Piaristen von ihrem urspr\u00fcnglichen Eifer abgewichen waren, ihre Gel\u00fcbde zu halten, dass sie zu viel Zeit weltlichen Freuden widmeten. Er selbst erneuerte sein Gel\u00fcbde, sich strikt an die evangelischen R\u00e4te zu halten. Im September 1670 nahm er eine wei\u00dfe Kutte an, um die makellose Reinheit der Gottesmutter zu symbolisieren. Er wollte ihr f\u00fcr den Rest seines Lebens folgen. Er wollte einen M\u00e4nnerorden gr\u00fcnden, der der Ehre der Unbefleckten Maria gewidmet ist. Er wird der erste Gr\u00fcnder in Polen. Er brauchte die n\u00e4chsten Dutzend Jahre, um diesen Wunsch zu erf\u00fcllen.<\/p>\t\t\t\t\t\t\t\t<\/div>\n\t\t\t\t<\/div>\n\t\t\t\t<div class=\"elementor-element elementor-element-02ca213 elementor-widget elementor-widget-heading\" data-id=\"02ca213\" data-element_type=\"widget\" data-e-type=\"widget\" data-widget_type=\"heading.default\">\n\t\t\t\t<div class=\"elementor-widget-container\">\n\t\t\t\t\t<h3 class=\"elementor-heading-title elementor-size-default\">&quot;Norma Vitae&quot;<\/h3>\t\t\t\t<\/div>\n\t\t\t\t<\/div>\n\t\t\t\t<div class=\"elementor-element elementor-element-d32bd54 elementor-widget elementor-widget-text-editor\" data-id=\"d32bd54\" data-element_type=\"widget\" data-e-type=\"widget\" data-widget_type=\"text-editor.default\">\n\t\t\t\t<div class=\"elementor-widget-container\">\n\t\t\t\t\t\t\t\t\t<p><span style=\"color: #333300;\">Auf der Suche nach Mitbr\u00fcdern und einem Platz f\u00fcr den Gemeindesitz beschloss der M\u00f6nch Stanis\u0142aw Papczy\u0144ski, sich mehreren Eremiten anzuschlie\u00dfen, die im Korabiewska-Wald bei Skierniewice lebten. Auf Wunsch des Inspektors, Bischof Jacek \u015awi\u0119cicki, wurde er ihr Vorgesetzter. Er bem\u00fchte sich, das Leben dieser Gemeinschaft auf der Grundlage der von ihm erstellten Regel &quot;Norma vitae&quot; und den Empfehlungen des Bischofs nach der Visitation zu organisieren.<\/span><\/p><p>In der von ihm erstellten Regel schrieb er: &quot;Ich glaube an alles, was die Heilige R\u00f6mische Kirche glaubt ... und vor allem bekenne ich, dass die Allerheiligste Mutter Gottes, Maria, ohne Erbs\u00fcnde gezeugt wurde&quot;, obwohl zu dieser Zeit diese Wahrheit war noch nicht feierlich als Glaubensdogma definiert. Der zweite wichtige Punkt des Regelentwurfs bezog sich auf die mystischen Erfahrungen des Gr\u00fcnders der Kongregation der Marienv\u00e4ter in Bezug auf die F\u00fcrbitte f\u00fcr die Toten. Er empfahl seinen Br\u00fcdern: &quot;Betet, Br\u00fcder, f\u00fcr die Seelen im Fegefeuer, denn sie leiden unertr\u00e4gliche Qualen.&quot; Er wusste, dass viele Soldaten sterben, ohne mit Gott vers\u00f6hnt zu sein. Er war sich auch der Tatsache bewusst, dass viele Menschen an den h\u00e4ufigen Epidemien starben. Er verk\u00fcndete, dass es die Pflicht eines Christen sei, ihnen im Gebet zu helfen. Er \u00fcbertrug seinen Mitbr\u00fcdern auch andere apostolische Aufgaben. Er wollte, dass sie die Pfarrer bei der Beichte unterst\u00fctzen und unter den religi\u00f6s am st\u00e4rksten vernachl\u00e4ssigten Gruppen predigen.<\/p><p>Am 24. Oktober 1673 genehmigte Bischof Jacek \u015awi\u0119cicki die Existenz einer jungen Gemeinde im Korabiewska-Wald auf der Grundlage der &quot;Regel des Lebens&quot; und seiner Empfehlungen nach dem Besuch. Eine sehr wichtige Rolle im Leben der sich entwickelnden Gemeinde spielte Bischof Stefan Wierzbowski, der ihr 1677 die Abendmahlskirche mit angrenzendem Kloster in G\u00f3ra bei Warschau anvertraute. Zwei Jahre sp\u00e4ter wurde das Institut von Pater Papczy\u0144ski von demselben Bischof mit Di\u00f6zesanrecht gegr\u00fcndet. Damals machte sich Pater Papczy\u0144ski zu Fu\u00df nach Rom auf, um auch die p\u00e4pstliche Zustimmung f\u00fcr seine Gemeinde einzuholen.<\/p>\t\t\t\t\t\t\t\t<\/div>\n\t\t\t\t<\/div>\n\t\t\t\t<div class=\"elementor-element elementor-element-a524d87 elementor-widget elementor-widget-heading\" data-id=\"a524d87\" data-element_type=\"widget\" data-e-type=\"widget\" data-widget_type=\"heading.default\">\n\t\t\t\t<div class=\"elementor-widget-container\">\n\t\t\t\t\t<h3 class=\"elementor-heading-title elementor-size-default\">Rom<\/h3>\t\t\t\t<\/div>\n\t\t\t\t<\/div>\n\t\t\t\t<div class=\"elementor-element elementor-element-5d974d00 elementor-widget elementor-widget-text-editor\" data-id=\"5d974d00\" data-element_type=\"widget\" data-e-type=\"widget\" data-widget_type=\"text-editor.default\">\n\t\t\t\t<div class=\"elementor-widget-container\">\n\t\t\t\t\t\t\t\t\t<p><span style=\"color: var( --e-global-color-text );\">Die Pilgerfahrt dauerte mehrere Monate. Der Aufenthalt in der Heiligen Stadt brachte nicht die erwarteten Ergebnisse, da zu dieser Zeit Papst Alexander VIII. starb und nach seinem Tod das l\u00e4ngste Konklave im 17. Jahrhundert stattfand. Nach einem sechsmonatigen Aufenthalt in Rom kehrte Pater Papczy\u0144ski, getrieben von gesundheitlichen Problemen, nach Polen zur\u00fcck und schickte einen der M\u00f6nche - Pater Joachim Koz\u0142owski - zum neuen Papst. Er war es, der nach \u00dcberwindung vieler Widrigkeiten die p\u00e4pstliche Zustimmung erhielt. Der Heilige Vater Innozenz XII. verk\u00fcndete 1699 mit dem Akt von &quot;Exponi nobis nuper&quot;, dass die Marianer die Regel der zehn Tugenden der seligen Jungfrau Maria erhalten und dem Orden der reformierten Franziskaner beigetreten sind. Die den Marianen angebotene Regel entsprach der von Pater Papczy\u0144ski und entsprach der Idee seines Ordens.<\/span><\/p><p>Im Fr\u00fchjahr 1701 kehrte Pater Joachim mit der freudigen Nachricht nach Polen zur\u00fcck. Am 6. Juni legte Pater Papczy\u0144ski dem Apostolischen Nuntius feierliche Gel\u00fcbde ab, die er einen Monat sp\u00e4ter von seinen Br\u00fcdern entgegennahm. Der heilige Stanislaus von Jesus Maria Papczy\u0144ski starb am 17. September 1701 in G\u00f3ra Kalwaria als Generaloberer des Marienordens.<\/p><p>Hervorzuheben ist, dass die von Pater Stanis\u0142aw Papczy\u0144ski gegr\u00fcndete Mariengemeinschaft der erste m\u00e4nnliche Orden polnischer Herkunft ist.<\/p>\t\t\t\t\t\t\t\t<\/div>\n\t\t\t\t<\/div>\n\t\t\t\t<div class=\"elementor-element elementor-element-decfbd8 elementor-widget-divider--view-line elementor-widget elementor-widget-divider\" data-id=\"decfbd8\" data-element_type=\"widget\" data-e-type=\"widget\" data-widget_type=\"divider.default\">\n\t\t\t\t<div class=\"elementor-widget-container\">\n\t\t\t\t\t\t\t<div class=\"elementor-divider\">\n\t\t\t<span class=\"elementor-divider-separator\">\n\t\t\t\t\t\t<\/span>\n\t\t<\/div>\n\t\t\t\t\t\t<\/div>\n\t\t\t\t<\/div>\n\t\t\t\t\t<\/div>\n\t\t<\/div>\n\t\t\t\t<div class=\"elementor-column elementor-col-33 elementor-top-column elementor-element elementor-element-451c45d1\" data-id=\"451c45d1\" data-element_type=\"column\" data-e-type=\"column\" data-settings=\"{&quot;background_background&quot;:&quot;classic&quot;}\">\n\t\t\t<div class=\"elementor-widget-wrap elementor-element-populated\">\n\t\t\t\t\t\t\t<\/div>\n\t\t<\/div>\n\t\t\t\t\t<\/div>\n\t\t<\/section>\n\t\t\t\t<\/div>","protected":false},"excerpt":{"rendered":"<p>\u015bw. Stanis\u0142aw Papczy\u0144ski, za\u0142o\u017cyciel Zgromadzenia Ksi\u0119\u017cy Marian\u00f3w Urodzi\u0142 si\u0119 w ch\u0142opskim domu 18 maja 1631 r. w Podegrodziu ko\u0142o Starego S\u0105cza. Nadano mu imi\u0119 Jan. Pasa\u0142 ojcowskie stada na \u0142\u0105kach nieopodal domu rodzinnego i nie wyr\u00f3\u017cnia\u0142 si\u0119 niczym szczeg\u00f3lnym. Mia\u0142 k\u0142opoty z opanowaniem czytania i pisania. Jednak, jak ju\u017c niejednokrotnie stwierdzono, si\u0142a i wielko\u015b\u0107 cz\u0142owieka [&hellip;]<\/p>\n","protected":false},"author":1,"featured_media":0,"parent":745,"menu_order":0,"comment_status":"closed","ping_status":"closed","template":"elementor_header_footer","meta":{"footnotes":""},"class_list":["post-2287","page","type-page","status-publish","hentry","wpbf-post"],"yoast_head":"<!-- This site is optimized with the Yoast SEO plugin v27.4 - https:\/\/yoast.com\/product\/yoast-seo-wordpress\/ -->\n<title>\u015bw. o. Stanis\u0142aw Papczy\u0144ski - SANKTUARIUM W LICHENIU<\/title>\n<meta name=\"robots\" content=\"index, follow, max-snippet:-1, max-image-preview:large, max-video-preview:-1\" \/>\n<link rel=\"canonical\" href=\"https:\/\/www.lichen.pl\/de\/o-sanktuarium\/sw-o-stanislaw-papczynski\/\" \/>\n<meta property=\"og:locale\" content=\"de_DE\" \/>\n<meta property=\"og:type\" content=\"article\" \/>\n<meta property=\"og:title\" content=\"\u015bw. o. Stanis\u0142aw Papczy\u0144ski - SANKTUARIUM W LICHENIU\" \/>\n<meta property=\"og:description\" content=\"\u015bw. Stanis\u0142aw Papczy\u0144ski, za\u0142o\u017cyciel Zgromadzenia Ksi\u0119\u017cy Marian\u00f3w Urodzi\u0142 si\u0119 w ch\u0142opskim domu 18 maja 1631 r. w Podegrodziu ko\u0142o Starego S\u0105cza. Nadano mu imi\u0119 Jan. Pasa\u0142 ojcowskie stada na \u0142\u0105kach nieopodal domu rodzinnego i nie wyr\u00f3\u017cnia\u0142 si\u0119 niczym szczeg\u00f3lnym. Mia\u0142 k\u0142opoty z opanowaniem czytania i pisania. Jednak, jak ju\u017c niejednokrotnie stwierdzono, si\u0142a i wielko\u015b\u0107 cz\u0142owieka [&hellip;]\" \/>\n<meta property=\"og:url\" content=\"https:\/\/www.lichen.pl\/de\/o-sanktuarium\/sw-o-stanislaw-papczynski\/\" \/>\n<meta property=\"og:site_name\" content=\"SANKTUARIUM W LICHENIU\" \/>\n<meta property=\"article:modified_time\" content=\"2023-11-29T13:47:29+00:00\" \/>\n<meta property=\"og:image\" content=\"http:\/\/www.lichen.pl\/wp-content\/uploads\/2021\/05\/o_papczynski.jpg\" \/>\n<meta name=\"twitter:card\" content=\"summary_large_image\" \/>\n<meta name=\"twitter:label1\" content=\"Gesch\u00e4tzte Lesezeit\" \/>\n\t<meta name=\"twitter:data1\" content=\"5\u00a0Minuten\" \/>\n<script type=\"application\/ld+json\" class=\"yoast-schema-graph\">{\"@context\":\"https:\\\/\\\/schema.org\",\"@graph\":[{\"@type\":\"WebPage\",\"@id\":\"https:\\\/\\\/www.lichen.pl\\\/o-sanktuarium\\\/sw-o-stanislaw-papczynski\\\/\",\"url\":\"https:\\\/\\\/www.lichen.pl\\\/o-sanktuarium\\\/sw-o-stanislaw-papczynski\\\/\",\"name\":\"\u015bw. o. Stanis\u0142aw Papczy\u0144ski - SANKTUARIUM W LICHENIU\",\"isPartOf\":{\"@id\":\"https:\\\/\\\/www.lichen.pl\\\/fr\\\/#website\"},\"primaryImageOfPage\":{\"@id\":\"https:\\\/\\\/www.lichen.pl\\\/o-sanktuarium\\\/sw-o-stanislaw-papczynski\\\/#primaryimage\"},\"image\":{\"@id\":\"https:\\\/\\\/www.lichen.pl\\\/o-sanktuarium\\\/sw-o-stanislaw-papczynski\\\/#primaryimage\"},\"thumbnailUrl\":\"http:\\\/\\\/www.lichen.pl\\\/wp-content\\\/uploads\\\/2021\\\/05\\\/o_papczynski.jpg\",\"datePublished\":\"2020-09-11T10:12:16+00:00\",\"dateModified\":\"2023-11-29T13:47:29+00:00\",\"breadcrumb\":{\"@id\":\"https:\\\/\\\/www.lichen.pl\\\/o-sanktuarium\\\/sw-o-stanislaw-papczynski\\\/#breadcrumb\"},\"inLanguage\":\"de\",\"potentialAction\":[{\"@type\":\"ReadAction\",\"target\":[\"https:\\\/\\\/www.lichen.pl\\\/o-sanktuarium\\\/sw-o-stanislaw-papczynski\\\/\"]}]},{\"@type\":\"ImageObject\",\"inLanguage\":\"de\",\"@id\":\"https:\\\/\\\/www.lichen.pl\\\/o-sanktuarium\\\/sw-o-stanislaw-papczynski\\\/#primaryimage\",\"url\":\"http:\\\/\\\/www.lichen.pl\\\/wp-content\\\/uploads\\\/2021\\\/05\\\/o_papczynski.jpg\",\"contentUrl\":\"http:\\\/\\\/www.lichen.pl\\\/wp-content\\\/uploads\\\/2021\\\/05\\\/o_papczynski.jpg\"},{\"@type\":\"BreadcrumbList\",\"@id\":\"https:\\\/\\\/www.lichen.pl\\\/o-sanktuarium\\\/sw-o-stanislaw-papczynski\\\/#breadcrumb\",\"itemListElement\":[{\"@type\":\"ListItem\",\"position\":1,\"name\":\"Strona g\u0142\u00f3wna\",\"item\":\"https:\\\/\\\/www.lichen.pl\\\/\"},{\"@type\":\"ListItem\",\"position\":2,\"name\":\"O Sanktuarium\",\"item\":\"https:\\\/\\\/www.lichen.pl\\\/o-sanktuarium\\\/\"},{\"@type\":\"ListItem\",\"position\":3,\"name\":\"\u015bw. o. Stanis\u0142aw Papczy\u0144ski\"}]},{\"@type\":\"WebSite\",\"@id\":\"https:\\\/\\\/www.lichen.pl\\\/fr\\\/#website\",\"url\":\"https:\\\/\\\/www.lichen.pl\\\/fr\\\/\",\"name\":\"SANKTUARIUM W LICHENIU\",\"description\":\"MATKI BO\u017bEJ LICHE\u0143SKIEJ BOLESNEJ KR\u00d3LOWEJ POLSKI\",\"potentialAction\":[{\"@type\":\"SearchAction\",\"target\":{\"@type\":\"EntryPoint\",\"urlTemplate\":\"https:\\\/\\\/www.lichen.pl\\\/fr\\\/?s={search_term_string}\"},\"query-input\":{\"@type\":\"PropertyValueSpecification\",\"valueRequired\":true,\"valueName\":\"search_term_string\"}}],\"inLanguage\":\"de\"}]}<\/script>\n<!-- \/ Yoast SEO plugin. -->","yoast_head_json":{"title":"\u015bw. o. Stanis\u0142aw Papczy\u0144ski - SANKTUARIUM W LICHENIU","robots":{"index":"index","follow":"follow","max-snippet":"max-snippet:-1","max-image-preview":"max-image-preview:large","max-video-preview":"max-video-preview:-1"},"canonical":"https:\/\/www.lichen.pl\/de\/o-sanktuarium\/sw-o-stanislaw-papczynski\/","og_locale":"de_DE","og_type":"article","og_title":"\u015bw. o. Stanis\u0142aw Papczy\u0144ski - SANKTUARIUM W LICHENIU","og_description":"\u015bw. Stanis\u0142aw Papczy\u0144ski, za\u0142o\u017cyciel Zgromadzenia Ksi\u0119\u017cy Marian\u00f3w Urodzi\u0142 si\u0119 w ch\u0142opskim domu 18 maja 1631 r. w Podegrodziu ko\u0142o Starego S\u0105cza. Nadano mu imi\u0119 Jan. Pasa\u0142 ojcowskie stada na \u0142\u0105kach nieopodal domu rodzinnego i nie wyr\u00f3\u017cnia\u0142 si\u0119 niczym szczeg\u00f3lnym. Mia\u0142 k\u0142opoty z opanowaniem czytania i pisania. Jednak, jak ju\u017c niejednokrotnie stwierdzono, si\u0142a i wielko\u015b\u0107 cz\u0142owieka [&hellip;]","og_url":"https:\/\/www.lichen.pl\/de\/o-sanktuarium\/sw-o-stanislaw-papczynski\/","og_site_name":"SANKTUARIUM W LICHENIU","article_modified_time":"2023-11-29T13:47:29+00:00","og_image":[{"url":"http:\/\/www.lichen.pl\/wp-content\/uploads\/2021\/05\/o_papczynski.jpg","type":"","width":"","height":""}],"twitter_card":"summary_large_image","twitter_misc":{"Gesch\u00e4tzte Lesezeit":"5\u00a0Minuten"},"schema":{"@context":"https:\/\/schema.org","@graph":[{"@type":"WebPage","@id":"https:\/\/www.lichen.pl\/o-sanktuarium\/sw-o-stanislaw-papczynski\/","url":"https:\/\/www.lichen.pl\/o-sanktuarium\/sw-o-stanislaw-papczynski\/","name":"\u015bw. o. Stanis\u0142aw Papczy\u0144ski - SANKTUARIUM W LICHENIU","isPartOf":{"@id":"https:\/\/www.lichen.pl\/fr\/#website"},"primaryImageOfPage":{"@id":"https:\/\/www.lichen.pl\/o-sanktuarium\/sw-o-stanislaw-papczynski\/#primaryimage"},"image":{"@id":"https:\/\/www.lichen.pl\/o-sanktuarium\/sw-o-stanislaw-papczynski\/#primaryimage"},"thumbnailUrl":"http:\/\/www.lichen.pl\/wp-content\/uploads\/2021\/05\/o_papczynski.jpg","datePublished":"2020-09-11T10:12:16+00:00","dateModified":"2023-11-29T13:47:29+00:00","breadcrumb":{"@id":"https:\/\/www.lichen.pl\/o-sanktuarium\/sw-o-stanislaw-papczynski\/#breadcrumb"},"inLanguage":"de","potentialAction":[{"@type":"ReadAction","target":["https:\/\/www.lichen.pl\/o-sanktuarium\/sw-o-stanislaw-papczynski\/"]}]},{"@type":"ImageObject","inLanguage":"de","@id":"https:\/\/www.lichen.pl\/o-sanktuarium\/sw-o-stanislaw-papczynski\/#primaryimage","url":"http:\/\/www.lichen.pl\/wp-content\/uploads\/2021\/05\/o_papczynski.jpg","contentUrl":"http:\/\/www.lichen.pl\/wp-content\/uploads\/2021\/05\/o_papczynski.jpg"},{"@type":"BreadcrumbList","@id":"https:\/\/www.lichen.pl\/o-sanktuarium\/sw-o-stanislaw-papczynski\/#breadcrumb","itemListElement":[{"@type":"ListItem","position":1,"name":"Strona g\u0142\u00f3wna","item":"https:\/\/www.lichen.pl\/"},{"@type":"ListItem","position":2,"name":"O Sanktuarium","item":"https:\/\/www.lichen.pl\/o-sanktuarium\/"},{"@type":"ListItem","position":3,"name":"\u015bw. o. Stanis\u0142aw Papczy\u0144ski"}]},{"@type":"WebSite","@id":"https:\/\/www.lichen.pl\/fr\/#website","url":"https:\/\/www.lichen.pl\/fr\/","name":"HEILIGTUM IN LICHENIEN","description":"DIE TRAURIGE K\u00d6NIGIN UNSERER FLECHEN VON POLEN","potentialAction":[{"@type":"SearchAction","target":{"@type":"EntryPoint","urlTemplate":"https:\/\/www.lichen.pl\/fr\/?s={search_term_string}"},"query-input":{"@type":"PropertyValueSpecification","valueRequired":true,"valueName":"search_term_string"}}],"inLanguage":"de"}]}},"_links":{"self":[{"href":"https:\/\/www.lichen.pl\/de\/wp-json\/wp\/v2\/pages\/2287","targetHints":{"allow":["GET"]}}],"collection":[{"href":"https:\/\/www.lichen.pl\/de\/wp-json\/wp\/v2\/pages"}],"about":[{"href":"https:\/\/www.lichen.pl\/de\/wp-json\/wp\/v2\/types\/page"}],"author":[{"embeddable":true,"href":"https:\/\/www.lichen.pl\/de\/wp-json\/wp\/v2\/users\/1"}],"replies":[{"embeddable":true,"href":"https:\/\/www.lichen.pl\/de\/wp-json\/wp\/v2\/comments?post=2287"}],"version-history":[{"count":18,"href":"https:\/\/www.lichen.pl\/de\/wp-json\/wp\/v2\/pages\/2287\/revisions"}],"predecessor-version":[{"id":62008,"href":"https:\/\/www.lichen.pl\/de\/wp-json\/wp\/v2\/pages\/2287\/revisions\/62008"}],"up":[{"embeddable":true,"href":"https:\/\/www.lichen.pl\/de\/wp-json\/wp\/v2\/pages\/745"}],"wp:attachment":[{"href":"https:\/\/www.lichen.pl\/de\/wp-json\/wp\/v2\/media?parent=2287"}],"curies":[{"name":"wp","href":"https:\/\/api.w.org\/{rel}","templated":true}]}}