{"id":39909,"date":"2022-05-06T13:17:13","date_gmt":"2022-05-06T11:17:13","guid":{"rendered":"https:\/\/www.lichen.pl\/nowenna-do-milosierdzia-bozego-copy\/"},"modified":"2023-04-30T23:33:18","modified_gmt":"2023-04-30T21:33:18","slug":"litania-loretanska-do-najswietszej-maryi-panny","status":"publish","type":"page","link":"https:\/\/www.lichen.pl\/de\/litania-loretanska-do-najswietszej-maryi-panny\/","title":{"rendered":"Litania Loreta\u0144ska do Naj\u015bwi\u0119tszej Maryi Panny"},"content":{"rendered":"<div data-elementor-type=\"wp-page\" data-elementor-id=\"39909\" class=\"elementor elementor-39909\" data-elementor-post-type=\"page\">\n\t\t\t\t\t\t<section class=\"elementor-section elementor-top-section elementor-element elementor-element-b79d8fb elementor-section-boxed elementor-section-height-default elementor-section-height-default\" data-id=\"b79d8fb\" data-element_type=\"section\" data-e-type=\"section\">\n\t\t\t\t\t\t<div class=\"elementor-container elementor-column-gap-default\">\n\t\t\t\t\t<div class=\"elementor-column elementor-col-100 elementor-top-column elementor-element elementor-element-164264a\" data-id=\"164264a\" data-element_type=\"column\" data-e-type=\"column\">\n\t\t\t<div class=\"elementor-widget-wrap elementor-element-populated\">\n\t\t\t\t\t\t<div class=\"elementor-element elementor-element-ca2204d elementor-widget elementor-widget-heading\" data-id=\"ca2204d\" data-element_type=\"widget\" data-e-type=\"widget\" data-widget_type=\"heading.default\">\n\t\t\t\t<div class=\"elementor-widget-container\">\n\t\t\t\t\t<p class=\"elementor-heading-title elementor-size-default\">Litania loreta\u0144ska do Naj\u015bwi\u0119tszej Maryi Panny<\/p>\t\t\t\t<\/div>\n\t\t\t\t<\/div>\n\t\t\t\t\t<\/div>\n\t\t<\/div>\n\t\t\t\t\t<\/div>\n\t\t<\/section>\n\t\t\t\t<section class=\"elementor-section elementor-top-section elementor-element elementor-element-5f53c6e elementor-section-boxed elementor-section-height-default elementor-section-height-default\" data-id=\"5f53c6e\" data-element_type=\"section\" data-e-type=\"section\">\n\t\t\t\t\t\t<div class=\"elementor-container elementor-column-gap-default\">\n\t\t\t\t\t<div class=\"elementor-column elementor-col-100 elementor-top-column elementor-element elementor-element-f1f5083\" data-id=\"f1f5083\" data-element_type=\"column\" data-e-type=\"column\">\n\t\t\t<div class=\"elementor-widget-wrap elementor-element-populated\">\n\t\t\t\t\t\t<div class=\"elementor-element elementor-element-eff57fc elementor-widget elementor-widget-text-editor\" data-id=\"eff57fc\" data-element_type=\"widget\" data-e-type=\"widget\" data-widget_type=\"text-editor.default\">\n\t\t\t\t<div class=\"elementor-widget-container\">\n\t\t\t\t\t\t\t\t\t<p>Kyrie eleison, Christe eleison, Kyrie eleison.<br \/>Chryste, us\u0142ysz nas. Chryste, wys\u0142uchaj nas.<br \/>Ojcze z nieba, Bo\u017ce, &#8211; zmi\u0142uj si\u0119 nad nami.<br \/>Synu, Odkupicielu \u015bwiata, Bo\u017ce,<br \/>Duchu \u015awi\u0119ty, Bo\u017ce,<br \/>\u015awi\u0119ta Tr\u00f3jco, Jedyny Bo\u017ce,<\/p><p>\u015awi\u0119ta Maryjo, &#8211; m\u00f3dl si\u0119 za nami.<br \/>\u015awi\u0119ta Bo\u017ca Rodzicielko,<br \/>\u015awi\u0119ta Panno nad pannami,<br \/>Matko Chrystusowa,<br \/>Matko Ko\u015bcio\u0142a,<br \/>Matko mi\u0142osierdzia,<br \/>Matko \u0142aski Bo\u017cej,<br \/>Matko nadziei,<br \/>Matko nieskalana,<br \/>Matko najczystsza,<br \/>Matko dziewicza,<br \/>Matko nienaruszona,<br \/>Matko najmilsza,<br \/>Matko przedziwna,<br \/>Matko dobrej rady,<br \/>Matko Stworzyciela,<br \/>Matko Zbawiciela,<br \/>Panno roztropna,<br \/>Panno czcigodna,<br \/>Panno ws\u0142awiona,<br \/>Panno mo\u017cna,<br \/>Panno \u0142askawa,<br \/>Panno wierna,<br \/>Zwierciad\u0142o sprawiedliwo\u015bci,<br \/>Stolico m\u0105dro\u015bci,<br \/>Przyczyno naszej rado\u015bci,<br \/>Przybytku Ducha \u015awi\u0119tego,<br \/>Przybytku chwalebny,<br \/>Przybytku s\u0142awny pobo\u017cno\u015bci,<br \/>R\u00f3\u017co duchowna,<br \/>Wie\u017co Dawidowa,<br \/>Wie\u017co z ko\u015bci s\u0142oniowej,<br \/>Domie z\u0142oty,<br \/>Arko przymierza,<br \/>Bramo niebieska,<br \/>Gwiazdo zaranna,<br \/>Uzdrowienie chorych,<br \/>Ucieczko grzesznych,<br \/>Pociecho migrant\u00f3w,<br \/>Pocieszycielko strapionych,<br \/>Wspomo\u017cenie wiernych,<br \/>Kr\u00f3lowo Anio\u0142\u00f3w,<br \/>Kr\u00f3lowo Patriarch\u00f3w,<br \/>Kr\u00f3lowo Prorok\u00f3w,<br \/>Kr\u00f3lowo Aposto\u0142\u00f3w,<br \/>Kr\u00f3lowo M\u0119czennik\u00f3w,<br \/>Kr\u00f3lowo Wyznawc\u00f3w,<br \/>Kr\u00f3lowo Dziewic,<br \/>Kr\u00f3lowo Wszystkich \u015awi\u0119tych,<br \/>Kr\u00f3lowo bez zmazy pierworodnej pocz\u0119ta,<br \/>Kr\u00f3lowo Wniebowzi\u0119ta,<br \/>Kr\u00f3lowo R\u00f3\u017ca\u0144ca \u015bwi\u0119tego,<br \/>Kr\u00f3lowo rodzin,<br \/>Kr\u00f3lowo pokoju,<br \/>Kr\u00f3lowo Polski,<\/p><p>Baranku Bo\u017cy, kt\u00f3ry g\u0142adzisz grzechy \u015bwiata,<br \/>&#8211; przepu\u015b\u0107 nam, Panie.<br \/>Baranku Bo\u017cy, kt\u00f3ry g\u0142adzisz grzechy \u015bwiata,<br \/>&#8211; wys\u0142uchaj nas, Panie.<br \/>Baranku Bo\u017cy, kt\u00f3ry g\u0142adzisz grzechy \u015bwiata,<br \/>&#8211; zmi\u0142uj si\u0119 nad nami.<\/p><p><b>W okresie wielkanocnym:<\/b><br \/><b>P.:<\/b>\u00a0Raduj si\u0119 i wesel, Panno Maryjo, Alleluja.<br \/><b>W.:<\/b>\u00a0Bo zmartwychwsta\u0142 Pan prawdziwie, Alleluja.<\/p><p><b>M\u00f3dlmy si\u0119:<\/b>\u00a0Bo\u017ce, kt\u00f3ry raczy\u0142e\u015b uweseli\u0107 \u015bwiat przez zmartwychwstanie Syna swego, Pana naszego Jezusa Chrystusa, daj prosimy, aby\u015bmy przez Jego Rodzicielk\u0119, Maryj\u0119 Pann\u0119, dost\u0105pili rado\u015bci \u017cycia wiecznego. Przez Chrystusa, Pana naszego.<\/p><p><b>W.:<\/b>\u00a0Amen.<\/p><p><b>W okresie zwyk\u0142ym:<\/b><\/p><p><b>P:\u00a0<\/b>M\u00f3dl si\u0119 za nami, \u015bwi\u0119ta Bo\u017ca Rodzicielko.<br \/><b>W:\u00a0<\/b>Aby\u015bmy si\u0119 stali godnymi obietnic Chrystusowych.<\/p><p><b>M\u00f3dlmy si\u0119:\u00a0<\/b>Panie, nasz Bo\u017ce, daj nam, s\u0142ugom swoim, cieszy\u0107 si\u0119 trwa\u0142ym zdrowiem duszy i cia\u0142a, i za wstawiennictwem Naj\u015bwi\u0119tszej Maryi, zawsze Dziewicy, uwolnij nas od doczesnych utrapie\u0144 i obdarz wieczn\u0105 rado\u015bci\u0105. Przez Chrystusa, Pana naszego.<\/p><p><b>W:<\/b>\u00a0Amen.<\/p><p>Pod Twoj\u0105 obron\u0119\u2026<\/p>\t\t\t\t\t\t\t\t<\/div>\n\t\t\t\t<\/div>\n\t\t\t\t\t<\/div>\n\t\t<\/div>\n\t\t\t\t\t<\/div>\n\t\t<\/section>\n\t\t\t\t<section class=\"elementor-section elementor-top-section elementor-element elementor-element-4399a94 elementor-section-boxed elementor-section-height-default elementor-section-height-default\" data-id=\"4399a94\" data-element_type=\"section\" data-e-type=\"section\">\n\t\t\t\t\t\t<div class=\"elementor-container elementor-column-gap-default\">\n\t\t\t\t\t<div class=\"elementor-column elementor-col-100 elementor-top-column elementor-element elementor-element-2d267a7\" data-id=\"2d267a7\" data-element_type=\"column\" data-e-type=\"column\">\n\t\t\t<div class=\"elementor-widget-wrap elementor-element-populated\">\n\t\t\t\t\t\t<div class=\"elementor-element elementor-element-303fbab elementor-widget-divider--view-line elementor-widget elementor-widget-divider\" data-id=\"303fbab\" data-element_type=\"widget\" data-e-type=\"widget\" data-widget_type=\"divider.default\">\n\t\t\t\t<div class=\"elementor-widget-container\">\n\t\t\t\t\t\t\t<div class=\"elementor-divider\">\n\t\t\t<span class=\"elementor-divider-separator\">\n\t\t\t\t\t\t<\/span>\n\t\t<\/div>\n\t\t\t\t\t\t<\/div>\n\t\t\t\t<\/div>\n\t\t\t\t\t<\/div>\n\t\t<\/div>\n\t\t\t\t\t<\/div>\n\t\t<\/section>\n\t\t\t\t<\/div>","protected":false},"excerpt":{"rendered":"<p>Litania loreta\u0144ska do Naj\u015bwi\u0119tszej Maryi Panny Kyrie eleison, Christe eleison, Kyrie eleison.Chryste, us\u0142ysz nas. Chryste, wys\u0142uchaj nas.Ojcze z nieba, Bo\u017ce, &#8211; zmi\u0142uj si\u0119 nad nami.Synu, Odkupicielu \u015bwiata, Bo\u017ce,Duchu \u015awi\u0119ty, Bo\u017ce,\u015awi\u0119ta Tr\u00f3jco, Jedyny Bo\u017ce, \u015awi\u0119ta Maryjo, &#8211; m\u00f3dl si\u0119 za nami.\u015awi\u0119ta Bo\u017ca Rodzicielko,\u015awi\u0119ta Panno nad pannami,Matko Chrystusowa,Matko Ko\u015bcio\u0142a,Matko mi\u0142osierdzia,Matko \u0142aski Bo\u017cej,Matko nadziei,Matko nieskalana,Matko najczystsza,Matko dziewicza,Matko nienaruszona,Matko [&hellip;]<\/p>\n","protected":false},"author":2,"featured_media":0,"parent":0,"menu_order":0,"comment_status":"closed","ping_status":"closed","template":"","meta":{"footnotes":""},"class_list":["post-39909","page","type-page","status-publish","hentry","wpbf-post"],"yoast_head":"<!-- This site is optimized with the Yoast SEO plugin v27.4 - https:\/\/yoast.com\/product\/yoast-seo-wordpress\/ -->\n<title>Litania Loreta\u0144ska do Naj\u015bwi\u0119tszej Maryi Panny - SANKTUARIUM W LICHENIU<\/title>\n<meta name=\"robots\" content=\"index, follow, max-snippet:-1, max-image-preview:large, max-video-preview:-1\" \/>\n<link rel=\"canonical\" href=\"https:\/\/www.lichen.pl\/de\/litania-loretanska-do-najswietszej-maryi-panny\/\" \/>\n<meta property=\"og:locale\" content=\"de_DE\" \/>\n<meta property=\"og:type\" content=\"article\" \/>\n<meta property=\"og:title\" content=\"Litania Loreta\u0144ska do Naj\u015bwi\u0119tszej Maryi Panny - SANKTUARIUM W LICHENIU\" \/>\n<meta property=\"og:description\" content=\"Litania loreta\u0144ska do Naj\u015bwi\u0119tszej Maryi Panny Kyrie eleison, Christe eleison, Kyrie eleison.Chryste, us\u0142ysz nas. Chryste, wys\u0142uchaj nas.Ojcze z nieba, Bo\u017ce, &#8211; zmi\u0142uj si\u0119 nad nami.Synu, Odkupicielu \u015bwiata, Bo\u017ce,Duchu \u015awi\u0119ty, Bo\u017ce,\u015awi\u0119ta Tr\u00f3jco, Jedyny Bo\u017ce, \u015awi\u0119ta Maryjo, &#8211; m\u00f3dl si\u0119 za nami.\u015awi\u0119ta Bo\u017ca Rodzicielko,\u015awi\u0119ta Panno nad pannami,Matko Chrystusowa,Matko Ko\u015bcio\u0142a,Matko mi\u0142osierdzia,Matko \u0142aski Bo\u017cej,Matko nadziei,Matko nieskalana,Matko najczystsza,Matko dziewicza,Matko nienaruszona,Matko [&hellip;]\" \/>\n<meta property=\"og:url\" content=\"https:\/\/www.lichen.pl\/de\/litania-loretanska-do-najswietszej-maryi-panny\/\" \/>\n<meta property=\"og:site_name\" content=\"SANKTUARIUM W LICHENIU\" \/>\n<meta property=\"article:modified_time\" content=\"2023-04-30T21:33:18+00:00\" \/>\n<meta name=\"twitter:card\" content=\"summary_large_image\" \/>\n<meta name=\"twitter:label1\" content=\"Gesch\u00e4tzte Lesezeit\" \/>\n\t<meta name=\"twitter:data1\" content=\"2\u00a0Minuten\" \/>\n<script type=\"application\/ld+json\" class=\"yoast-schema-graph\">{\"@context\":\"https:\\\/\\\/schema.org\",\"@graph\":[{\"@type\":\"WebPage\",\"@id\":\"https:\\\/\\\/www.lichen.pl\\\/litania-loretanska-do-najswietszej-maryi-panny\\\/\",\"url\":\"https:\\\/\\\/www.lichen.pl\\\/litania-loretanska-do-najswietszej-maryi-panny\\\/\",\"name\":\"Litania Loreta\u0144ska do Naj\u015bwi\u0119tszej Maryi Panny - SANKTUARIUM W LICHENIU\",\"isPartOf\":{\"@id\":\"https:\\\/\\\/www.lichen.pl\\\/fr\\\/#website\"},\"datePublished\":\"2022-05-06T11:17:13+00:00\",\"dateModified\":\"2023-04-30T21:33:18+00:00\",\"breadcrumb\":{\"@id\":\"https:\\\/\\\/www.lichen.pl\\\/litania-loretanska-do-najswietszej-maryi-panny\\\/#breadcrumb\"},\"inLanguage\":\"de\",\"potentialAction\":[{\"@type\":\"ReadAction\",\"target\":[\"https:\\\/\\\/www.lichen.pl\\\/litania-loretanska-do-najswietszej-maryi-panny\\\/\"]}]},{\"@type\":\"BreadcrumbList\",\"@id\":\"https:\\\/\\\/www.lichen.pl\\\/litania-loretanska-do-najswietszej-maryi-panny\\\/#breadcrumb\",\"itemListElement\":[{\"@type\":\"ListItem\",\"position\":1,\"name\":\"Strona g\u0142\u00f3wna\",\"item\":\"https:\\\/\\\/www.lichen.pl\\\/\"},{\"@type\":\"ListItem\",\"position\":2,\"name\":\"Litania Loreta\u0144ska do Naj\u015bwi\u0119tszej Maryi Panny\"}]},{\"@type\":\"WebSite\",\"@id\":\"https:\\\/\\\/www.lichen.pl\\\/fr\\\/#website\",\"url\":\"https:\\\/\\\/www.lichen.pl\\\/fr\\\/\",\"name\":\"SANKTUARIUM W LICHENIU\",\"description\":\"MATKI BO\u017bEJ LICHE\u0143SKIEJ BOLESNEJ KR\u00d3LOWEJ POLSKI\",\"potentialAction\":[{\"@type\":\"SearchAction\",\"target\":{\"@type\":\"EntryPoint\",\"urlTemplate\":\"https:\\\/\\\/www.lichen.pl\\\/fr\\\/?s={search_term_string}\"},\"query-input\":{\"@type\":\"PropertyValueSpecification\",\"valueRequired\":true,\"valueName\":\"search_term_string\"}}],\"inLanguage\":\"de\"}]}<\/script>\n<!-- \/ Yoast SEO plugin. -->","yoast_head_json":{"title":"Litania Loreta\u0144ska do Naj\u015bwi\u0119tszej Maryi Panny - SANKTUARIUM W LICHENIU","robots":{"index":"index","follow":"follow","max-snippet":"max-snippet:-1","max-image-preview":"max-image-preview:large","max-video-preview":"max-video-preview:-1"},"canonical":"https:\/\/www.lichen.pl\/de\/litania-loretanska-do-najswietszej-maryi-panny\/","og_locale":"de_DE","og_type":"article","og_title":"Litania Loreta\u0144ska do Naj\u015bwi\u0119tszej Maryi Panny - SANKTUARIUM W LICHENIU","og_description":"Litania loreta\u0144ska do Naj\u015bwi\u0119tszej Maryi Panny Kyrie eleison, Christe eleison, Kyrie eleison.Chryste, us\u0142ysz nas. Chryste, wys\u0142uchaj nas.Ojcze z nieba, Bo\u017ce, &#8211; zmi\u0142uj si\u0119 nad nami.Synu, Odkupicielu \u015bwiata, Bo\u017ce,Duchu \u015awi\u0119ty, Bo\u017ce,\u015awi\u0119ta Tr\u00f3jco, Jedyny Bo\u017ce, \u015awi\u0119ta Maryjo, &#8211; m\u00f3dl si\u0119 za nami.\u015awi\u0119ta Bo\u017ca Rodzicielko,\u015awi\u0119ta Panno nad pannami,Matko Chrystusowa,Matko Ko\u015bcio\u0142a,Matko mi\u0142osierdzia,Matko \u0142aski Bo\u017cej,Matko nadziei,Matko nieskalana,Matko najczystsza,Matko dziewicza,Matko nienaruszona,Matko [&hellip;]","og_url":"https:\/\/www.lichen.pl\/de\/litania-loretanska-do-najswietszej-maryi-panny\/","og_site_name":"SANKTUARIUM W LICHENIU","article_modified_time":"2023-04-30T21:33:18+00:00","twitter_card":"summary_large_image","twitter_misc":{"Gesch\u00e4tzte Lesezeit":"2\u00a0Minuten"},"schema":{"@context":"https:\/\/schema.org","@graph":[{"@type":"WebPage","@id":"https:\/\/www.lichen.pl\/litania-loretanska-do-najswietszej-maryi-panny\/","url":"https:\/\/www.lichen.pl\/litania-loretanska-do-najswietszej-maryi-panny\/","name":"Litania Loreta\u0144ska do Naj\u015bwi\u0119tszej Maryi Panny - SANKTUARIUM W LICHENIU","isPartOf":{"@id":"https:\/\/www.lichen.pl\/fr\/#website"},"datePublished":"2022-05-06T11:17:13+00:00","dateModified":"2023-04-30T21:33:18+00:00","breadcrumb":{"@id":"https:\/\/www.lichen.pl\/litania-loretanska-do-najswietszej-maryi-panny\/#breadcrumb"},"inLanguage":"de","potentialAction":[{"@type":"ReadAction","target":["https:\/\/www.lichen.pl\/litania-loretanska-do-najswietszej-maryi-panny\/"]}]},{"@type":"BreadcrumbList","@id":"https:\/\/www.lichen.pl\/litania-loretanska-do-najswietszej-maryi-panny\/#breadcrumb","itemListElement":[{"@type":"ListItem","position":1,"name":"Strona g\u0142\u00f3wna","item":"https:\/\/www.lichen.pl\/"},{"@type":"ListItem","position":2,"name":"Litania Loreta\u0144ska do Naj\u015bwi\u0119tszej Maryi Panny"}]},{"@type":"WebSite","@id":"https:\/\/www.lichen.pl\/fr\/#website","url":"https:\/\/www.lichen.pl\/fr\/","name":"HEILIGTUM IN LICHENIEN","description":"DIE TRAURIGE K\u00d6NIGIN UNSERER FLECHEN VON POLEN","potentialAction":[{"@type":"SearchAction","target":{"@type":"EntryPoint","urlTemplate":"https:\/\/www.lichen.pl\/fr\/?s={search_term_string}"},"query-input":{"@type":"PropertyValueSpecification","valueRequired":true,"valueName":"search_term_string"}}],"inLanguage":"de"}]}},"_links":{"self":[{"href":"https:\/\/www.lichen.pl\/de\/wp-json\/wp\/v2\/pages\/39909","targetHints":{"allow":["GET"]}}],"collection":[{"href":"https:\/\/www.lichen.pl\/de\/wp-json\/wp\/v2\/pages"}],"about":[{"href":"https:\/\/www.lichen.pl\/de\/wp-json\/wp\/v2\/types\/page"}],"author":[{"embeddable":true,"href":"https:\/\/www.lichen.pl\/de\/wp-json\/wp\/v2\/users\/2"}],"replies":[{"embeddable":true,"href":"https:\/\/www.lichen.pl\/de\/wp-json\/wp\/v2\/comments?post=39909"}],"version-history":[{"count":7,"href":"https:\/\/www.lichen.pl\/de\/wp-json\/wp\/v2\/pages\/39909\/revisions"}],"predecessor-version":[{"id":52699,"href":"https:\/\/www.lichen.pl\/de\/wp-json\/wp\/v2\/pages\/39909\/revisions\/52699"}],"wp:attachment":[{"href":"https:\/\/www.lichen.pl\/de\/wp-json\/wp\/v2\/media?parent=39909"}],"curies":[{"name":"wp","href":"https:\/\/api.w.org\/{rel}","templated":true}]}}