{"id":4593,"date":"2021-03-24T12:37:22","date_gmt":"2021-03-24T12:37:22","guid":{"rendered":"http:\/\/www.lichen.pl\/?page_id=4593"},"modified":"2023-10-29T11:56:55","modified_gmt":"2023-10-29T10:56:55","slug":"muzeum-im-ks-jarzebowskiego","status":"publish","type":"page","link":"https:\/\/www.lichen.pl\/de\/muzeum-im-ks-jarzebowskiego\/","title":{"rendered":"Museum von NS. J\u00f3zef Jarz\u0119bowski"},"content":{"rendered":"<div data-elementor-type=\"wp-page\" data-elementor-id=\"4593\" class=\"elementor elementor-4593\" data-elementor-post-type=\"page\">\n\t\t\t\t\t\t<section class=\"elementor-section elementor-top-section elementor-element elementor-element-6126e63 elementor-section-boxed elementor-section-height-default elementor-section-height-default\" data-id=\"6126e63\" data-element_type=\"section\" data-e-type=\"section\">\n\t\t\t\t\t\t<div class=\"elementor-container elementor-column-gap-default\">\n\t\t\t\t\t<div class=\"elementor-column elementor-col-100 elementor-top-column elementor-element elementor-element-d9e6641\" data-id=\"d9e6641\" data-element_type=\"column\" data-e-type=\"column\">\n\t\t\t<div class=\"elementor-widget-wrap elementor-element-populated\">\n\t\t\t\t\t\t<div class=\"elementor-element elementor-element-04740f7 elementor-widget elementor-widget-text-editor\" data-id=\"04740f7\" data-element_type=\"widget\" data-e-type=\"widget\" data-widget_type=\"text-editor.default\">\n\t\t\t\t<div class=\"elementor-widget-container\">\n\t\t\t\t\t\t\t\t\t<p>Es befindet sich hinter der Basilika. Es verf\u00fcgt \u00fcber eine reiche Polonica-Sammlung aus der ganzen Welt: k\u00f6nigliche Dokumente, alte Drucke, Manuskripte polnischer Schriftsteller, eine Sammlung wei\u00dfer Waffen von der Wende vom 16. zum 20. Jahrhundert, Erinnerungsst\u00fccke an Unabh\u00e4ngigkeitsk\u00e4mpfe und sowjetische Arbeitslager und Nazi-Lager. Die Sammlung umfasst \u00d6lgem\u00e4lde zu religi\u00f6sen Themen aus dem 17. bis 19. Jahrhundert sowie Drucke europ\u00e4ischer K\u00fcnstler und Zeichnungen von Matejko und Kossak. Es verf\u00fcgt \u00fcber eine der gr\u00f6\u00dften Sammlungen von Dokumenten zum Januaraufstand in Polen.<\/p>\t\t\t\t\t\t\t\t<\/div>\n\t\t\t\t<\/div>\n\t\t\t\t<section class=\"elementor-section elementor-inner-section elementor-element elementor-element-90dbb9b elementor-section-boxed elementor-section-height-default elementor-section-height-default\" data-id=\"90dbb9b\" data-element_type=\"section\" data-e-type=\"section\">\n\t\t\t\t\t\t<div class=\"elementor-container elementor-column-gap-default\">\n\t\t\t\t\t<div class=\"elementor-column elementor-col-50 elementor-inner-column elementor-element elementor-element-9a9bfb8\" data-id=\"9a9bfb8\" data-element_type=\"column\" data-e-type=\"column\">\n\t\t\t<div class=\"elementor-widget-wrap elementor-element-populated\">\n\t\t\t\t\t\t<div class=\"elementor-element elementor-element-34b9764 elementor-widget__width-inherit elementor-widget elementor-widget-facebook-page\" data-id=\"34b9764\" data-element_type=\"widget\" data-e-type=\"widget\" data-widget_type=\"facebook-page.default\">\n\t\t\t\t<div class=\"elementor-widget-container\">\n\t\t\t\t\t<div class=\"elementor-facebook-widget fb-page\" data-href=\"https:\/\/www.facebook.com\/MuzeumLichen\" data-tabs=\"\" data-height=\"134px\" data-width=\"500px\" data-small-header=\"false\" data-hide-cover=\"false\" data-show-facepile=\"true\" data-hide-cta=\"false\" style=\"min-height: 1px;height:134px\"><\/div>\t\t\t\t<\/div>\n\t\t\t\t<\/div>\n\t\t\t\t\t<\/div>\n\t\t<\/div>\n\t\t\t\t<div class=\"elementor-column elementor-col-50 elementor-inner-column elementor-element elementor-element-42ba129\" data-id=\"42ba129\" data-element_type=\"column\" data-e-type=\"column\">\n\t\t\t<div class=\"elementor-widget-wrap elementor-element-populated\">\n\t\t\t\t\t\t<div class=\"elementor-element elementor-element-8e1508e elementor-button-info elementor-align-left elementor-widget elementor-widget-button\" data-id=\"8e1508e\" data-element_type=\"widget\" data-e-type=\"widget\" data-widget_type=\"button.default\">\n\t\t\t\t<div class=\"elementor-widget-container\">\n\t\t\t\t\t\t\t\t\t<div class=\"elementor-button-wrapper\">\n\t\t\t\t\t<a class=\"elementor-button elementor-button-link elementor-size-sm elementor-animation-pulse-shrink\" href=\"https:\/\/www.lichen.pl\/de\/muzeum-5\/dla-zwiedzajacych\/godziny-otwarcia\/\">\n\t\t\t\t\t\t<span class=\"elementor-button-content-wrapper\">\n\t\t\t\t\t\t<span class=\"elementor-button-icon\">\n\t\t\t\t<i aria-hidden=\"true\" class=\"fas fa-info-circle\"><\/i>\t\t\t<\/span>\n\t\t\t\t\t\t\t\t\t<span class=\"elementor-button-text\">Mehr \u00fcber das Museum <\/span>\n\t\t\t\t\t<\/span>\n\t\t\t\t\t<\/a>\n\t\t\t\t<\/div>\n\t\t\t\t\t\t\t\t<\/div>\n\t\t\t\t<\/div>\n\t\t\t\t\t<\/div>\n\t\t<\/div>\n\t\t\t\t\t<\/div>\n\t\t<\/section>\n\t\t\t\t<div class=\"elementor-element elementor-element-60889dc elementor-widget-divider--view-line elementor-widget elementor-widget-divider\" data-id=\"60889dc\" data-element_type=\"widget\" data-e-type=\"widget\" data-widget_type=\"divider.default\">\n\t\t\t\t<div class=\"elementor-widget-container\">\n\t\t\t\t\t\t\t<div class=\"elementor-divider\">\n\t\t\t<span class=\"elementor-divider-separator\">\n\t\t\t\t\t\t<\/span>\n\t\t<\/div>\n\t\t\t\t\t\t<\/div>\n\t\t\t\t<\/div>\n\t\t\t\t\t<\/div>\n\t\t<\/div>\n\t\t\t\t\t<\/div>\n\t\t<\/section>\n\t\t\t\t<section class=\"elementor-section elementor-top-section elementor-element elementor-element-8e2c054 elementor-section-boxed elementor-section-height-default elementor-section-height-default\" data-id=\"8e2c054\" data-element_type=\"section\" data-e-type=\"section\">\n\t\t\t\t\t\t<div class=\"elementor-container elementor-column-gap-default\">\n\t\t\t\t\t<div class=\"elementor-column elementor-col-100 elementor-top-column elementor-element elementor-element-2556fb6\" data-id=\"2556fb6\" data-element_type=\"column\" data-e-type=\"column\">\n\t\t\t<div class=\"elementor-widget-wrap elementor-element-populated\">\n\t\t\t\t\t\t<div class=\"elementor-element elementor-element-75f741b elementor-widget elementor-widget-gallery\" data-id=\"75f741b\" data-element_type=\"widget\" data-e-type=\"widget\" data-settings=\"{&quot;columns&quot;:3,&quot;gap&quot;:{&quot;unit&quot;:&quot;px&quot;,&quot;size&quot;:2,&quot;sizes&quot;:[]},&quot;lazyload&quot;:&quot;yes&quot;,&quot;gallery_layout&quot;:&quot;grid&quot;,&quot;columns_tablet&quot;:2,&quot;columns_mobile&quot;:1,&quot;gap_tablet&quot;:{&quot;unit&quot;:&quot;px&quot;,&quot;size&quot;:10,&quot;sizes&quot;:[]},&quot;gap_mobile&quot;:{&quot;unit&quot;:&quot;px&quot;,&quot;size&quot;:10,&quot;sizes&quot;:[]},&quot;link_to&quot;:&quot;file&quot;,&quot;aspect_ratio&quot;:&quot;3:2&quot;,&quot;overlay_background&quot;:&quot;yes&quot;,&quot;content_hover_animation&quot;:&quot;fade-in&quot;}\" data-widget_type=\"gallery.default\">\n\t\t\t\t<div class=\"elementor-widget-container\">\n\t\t\t\t\t\t\t<div class=\"elementor-gallery__container\">\n\t\t\t\t\t\t\t<a class=\"e-gallery-item elementor-gallery-item elementor-animated-content\" href=\"https:\/\/www.lichen.pl\/wp-content\/uploads\/2021\/03\/kon.jpg\" data-elementor-open-lightbox=\"yes\" data-elementor-lightbox-slideshow=\"75f741b\" data-elementor-lightbox-title=\"ko\u0144\" data-e-action-hash=\"#elementor-action%3Aaction%3Dlightbox%26settings%3DeyJpZCI6NDc1MCwidXJsIjoiaHR0cHM6XC9cL3d3dy5saWNoZW4ucGxcL3dwLWNvbnRlbnRcL3VwbG9hZHNcLzIwMjFcLzAzXC9rb24uanBnIiwic2xpZGVzaG93IjoiNzVmNzQxYiJ9\">\n\t\t\t\t\t<div class=\"e-gallery-image elementor-gallery-item__image\" data-thumbnail=\"https:\/\/www.lichen.pl\/wp-content\/uploads\/2021\/03\/kon-300x200.jpg\" data-width=\"300\" data-height=\"200\" aria-label=\"\" role=\"img\" ><\/div>\n\t\t\t\t\t\t\t\t\t\t\t<div class=\"elementor-gallery-item__overlay\"><\/div>\n\t\t\t\t\t\t\t\t\t\t\t\t\t\t<\/a>\n\t\t\t\t\t\t\t<a class=\"e-gallery-item elementor-gallery-item elementor-animated-content\" href=\"https:\/\/www.lichen.pl\/wp-content\/uploads\/2021\/03\/muzeum-1-1.jpg\" data-elementor-open-lightbox=\"yes\" data-elementor-lightbox-slideshow=\"75f741b\" data-elementor-lightbox-title=\"muzeum 1\" data-e-action-hash=\"#elementor-action%3Aaction%3Dlightbox%26settings%3DeyJpZCI6NDc1NSwidXJsIjoiaHR0cHM6XC9cL3d3dy5saWNoZW4ucGxcL3dwLWNvbnRlbnRcL3VwbG9hZHNcLzIwMjFcLzAzXC9tdXpldW0tMS0xLmpwZyIsInNsaWRlc2hvdyI6Ijc1Zjc0MWIifQ%3D%3D\">\n\t\t\t\t\t<div class=\"e-gallery-image elementor-gallery-item__image\" data-thumbnail=\"https:\/\/www.lichen.pl\/wp-content\/uploads\/2021\/03\/muzeum-1-1-300x225.jpg\" data-width=\"300\" data-height=\"225\" aria-label=\"\" role=\"img\" ><\/div>\n\t\t\t\t\t\t\t\t\t\t\t<div class=\"elementor-gallery-item__overlay\"><\/div>\n\t\t\t\t\t\t\t\t\t\t\t\t\t\t<\/a>\n\t\t\t\t\t\t\t<a class=\"e-gallery-item elementor-gallery-item elementor-animated-content\" href=\"https:\/\/www.lichen.pl\/wp-content\/uploads\/2021\/03\/muzeum-2-1.jpg\" data-elementor-open-lightbox=\"yes\" data-elementor-lightbox-slideshow=\"75f741b\" data-elementor-lightbox-title=\"muzeum 2\" data-e-action-hash=\"#elementor-action%3Aaction%3Dlightbox%26settings%3DeyJpZCI6NDc2MCwidXJsIjoiaHR0cHM6XC9cL3d3dy5saWNoZW4ucGxcL3dwLWNvbnRlbnRcL3VwbG9hZHNcLzIwMjFcLzAzXC9tdXpldW0tMi0xLmpwZyIsInNsaWRlc2hvdyI6Ijc1Zjc0MWIifQ%3D%3D\">\n\t\t\t\t\t<div class=\"e-gallery-image elementor-gallery-item__image\" data-thumbnail=\"https:\/\/www.lichen.pl\/wp-content\/uploads\/2021\/03\/muzeum-2-1-300x225.jpg\" data-width=\"300\" data-height=\"225\" aria-label=\"\" role=\"img\" ><\/div>\n\t\t\t\t\t\t\t\t\t\t\t<div class=\"elementor-gallery-item__overlay\"><\/div>\n\t\t\t\t\t\t\t\t\t\t\t\t\t\t<\/a>\n\t\t\t\t\t<\/div>\n\t\t\t\t\t<\/div>\n\t\t\t\t<\/div>\n\t\t\t\t\t<\/div>\n\t\t<\/div>\n\t\t\t\t\t<\/div>\n\t\t<\/section>\n\t\t\t\t<section class=\"elementor-section elementor-top-section elementor-element elementor-element-9f1ab77 elementor-section-boxed elementor-section-height-default elementor-section-height-default\" data-id=\"9f1ab77\" data-element_type=\"section\" data-e-type=\"section\">\n\t\t\t\t\t\t<div class=\"elementor-container elementor-column-gap-default\">\n\t\t\t\t\t<div class=\"elementor-column elementor-col-100 elementor-top-column elementor-element elementor-element-698265e\" data-id=\"698265e\" data-element_type=\"column\" data-e-type=\"column\">\n\t\t\t<div class=\"elementor-widget-wrap elementor-element-populated\">\n\t\t\t\t\t\t<div class=\"elementor-element elementor-element-4e12463 elementor-widget-divider--view-line elementor-widget elementor-widget-divider\" data-id=\"4e12463\" data-element_type=\"widget\" data-e-type=\"widget\" data-widget_type=\"divider.default\">\n\t\t\t\t<div class=\"elementor-widget-container\">\n\t\t\t\t\t\t\t<div class=\"elementor-divider\">\n\t\t\t<span class=\"elementor-divider-separator\">\n\t\t\t\t\t\t<\/span>\n\t\t<\/div>\n\t\t\t\t\t\t<\/div>\n\t\t\t\t<\/div>\n\t\t\t\t\t<\/div>\n\t\t<\/div>\n\t\t\t\t\t<\/div>\n\t\t<\/section>\n\t\t\t\t<\/div>","protected":false},"excerpt":{"rendered":"<p>Znajduje si\u0119 w tylnej cz\u0119\u015bci bazyliki. Dysponuje bogat\u0105 kolekcj\u0105 zebranych z rozproszonych po \u015bwiecie polonik\u00f3w: dokumenty kr\u00f3lewskie, starodruki, r\u0119kopisy polskich pisarzy, zbi\u00f3r broni bia\u0142ej z prze\u0142omu XVI do XX w. , pami\u0105tki walk niepodleg\u0142o\u015bciowych oraz z sowieckich \u0142agr\u00f3w i oboz\u00f3w hitlerowskich. W kolekcji ma obrazy olejne o tematyce sakralnej od XVII po XIX w., jak [&hellip;]<\/p>\n","protected":false},"author":2,"featured_media":0,"parent":0,"menu_order":0,"comment_status":"closed","ping_status":"closed","template":"","meta":{"footnotes":""},"class_list":["post-4593","page","type-page","status-publish","hentry","wpbf-post"],"yoast_head":"<!-- This site is optimized with the Yoast SEO plugin v27.4 - https:\/\/yoast.com\/product\/yoast-seo-wordpress\/ -->\n<title>Muzeum im. ks. J\u00f3zefa Jarz\u0119bowskiego - SANKTUARIUM W LICHENIU<\/title>\n<meta name=\"robots\" content=\"index, follow, max-snippet:-1, max-image-preview:large, max-video-preview:-1\" \/>\n<link rel=\"canonical\" href=\"https:\/\/www.lichen.pl\/de\/muzeum-im-ks-jarzebowskiego\/\" \/>\n<meta property=\"og:locale\" content=\"de_DE\" \/>\n<meta property=\"og:type\" content=\"article\" \/>\n<meta property=\"og:title\" content=\"Muzeum im. ks. J\u00f3zefa Jarz\u0119bowskiego - SANKTUARIUM W LICHENIU\" \/>\n<meta property=\"og:description\" content=\"Znajduje si\u0119 w tylnej cz\u0119\u015bci bazyliki. Dysponuje bogat\u0105 kolekcj\u0105 zebranych z rozproszonych po \u015bwiecie polonik\u00f3w: dokumenty kr\u00f3lewskie, starodruki, r\u0119kopisy polskich pisarzy, zbi\u00f3r broni bia\u0142ej z prze\u0142omu XVI do XX w. , pami\u0105tki walk niepodleg\u0142o\u015bciowych oraz z sowieckich \u0142agr\u00f3w i oboz\u00f3w hitlerowskich. W kolekcji ma obrazy olejne o tematyce sakralnej od XVII po XIX w., jak [&hellip;]\" \/>\n<meta property=\"og:url\" content=\"https:\/\/www.lichen.pl\/de\/muzeum-im-ks-jarzebowskiego\/\" \/>\n<meta property=\"og:site_name\" content=\"SANKTUARIUM W LICHENIU\" \/>\n<meta property=\"article:modified_time\" content=\"2023-10-29T10:56:55+00:00\" \/>\n<meta name=\"twitter:card\" content=\"summary_large_image\" \/>\n<meta name=\"twitter:label1\" content=\"Gesch\u00e4tzte Lesezeit\" \/>\n\t<meta name=\"twitter:data1\" content=\"1\u00a0Minute\" \/>\n<script type=\"application\/ld+json\" class=\"yoast-schema-graph\">{\"@context\":\"https:\\\/\\\/schema.org\",\"@graph\":[{\"@type\":\"WebPage\",\"@id\":\"https:\\\/\\\/www.lichen.pl\\\/muzeum-im-ks-jarzebowskiego\\\/\",\"url\":\"https:\\\/\\\/www.lichen.pl\\\/muzeum-im-ks-jarzebowskiego\\\/\",\"name\":\"Muzeum im. ks. J\u00f3zefa Jarz\u0119bowskiego - SANKTUARIUM W LICHENIU\",\"isPartOf\":{\"@id\":\"https:\\\/\\\/www.lichen.pl\\\/fr\\\/#website\"},\"datePublished\":\"2021-03-24T12:37:22+00:00\",\"dateModified\":\"2023-10-29T10:56:55+00:00\",\"breadcrumb\":{\"@id\":\"https:\\\/\\\/www.lichen.pl\\\/muzeum-im-ks-jarzebowskiego\\\/#breadcrumb\"},\"inLanguage\":\"de\",\"potentialAction\":[{\"@type\":\"ReadAction\",\"target\":[\"https:\\\/\\\/www.lichen.pl\\\/muzeum-im-ks-jarzebowskiego\\\/\"]}]},{\"@type\":\"BreadcrumbList\",\"@id\":\"https:\\\/\\\/www.lichen.pl\\\/muzeum-im-ks-jarzebowskiego\\\/#breadcrumb\",\"itemListElement\":[{\"@type\":\"ListItem\",\"position\":1,\"name\":\"Strona g\u0142\u00f3wna\",\"item\":\"https:\\\/\\\/www.lichen.pl\\\/\"},{\"@type\":\"ListItem\",\"position\":2,\"name\":\"Muzeum im. ks. J\u00f3zefa Jarz\u0119bowskiego\"}]},{\"@type\":\"WebSite\",\"@id\":\"https:\\\/\\\/www.lichen.pl\\\/fr\\\/#website\",\"url\":\"https:\\\/\\\/www.lichen.pl\\\/fr\\\/\",\"name\":\"SANKTUARIUM W LICHENIU\",\"description\":\"MATKI BO\u017bEJ LICHE\u0143SKIEJ BOLESNEJ KR\u00d3LOWEJ POLSKI\",\"potentialAction\":[{\"@type\":\"SearchAction\",\"target\":{\"@type\":\"EntryPoint\",\"urlTemplate\":\"https:\\\/\\\/www.lichen.pl\\\/fr\\\/?s={search_term_string}\"},\"query-input\":{\"@type\":\"PropertyValueSpecification\",\"valueRequired\":true,\"valueName\":\"search_term_string\"}}],\"inLanguage\":\"de\"}]}<\/script>\n<!-- \/ Yoast SEO plugin. -->","yoast_head_json":{"title":"Muzeum im. ks. J\u00f3zefa Jarz\u0119bowskiego - SANKTUARIUM W LICHENIU","robots":{"index":"index","follow":"follow","max-snippet":"max-snippet:-1","max-image-preview":"max-image-preview:large","max-video-preview":"max-video-preview:-1"},"canonical":"https:\/\/www.lichen.pl\/de\/muzeum-im-ks-jarzebowskiego\/","og_locale":"de_DE","og_type":"article","og_title":"Muzeum im. ks. J\u00f3zefa Jarz\u0119bowskiego - SANKTUARIUM W LICHENIU","og_description":"Znajduje si\u0119 w tylnej cz\u0119\u015bci bazyliki. Dysponuje bogat\u0105 kolekcj\u0105 zebranych z rozproszonych po \u015bwiecie polonik\u00f3w: dokumenty kr\u00f3lewskie, starodruki, r\u0119kopisy polskich pisarzy, zbi\u00f3r broni bia\u0142ej z prze\u0142omu XVI do XX w. , pami\u0105tki walk niepodleg\u0142o\u015bciowych oraz z sowieckich \u0142agr\u00f3w i oboz\u00f3w hitlerowskich. W kolekcji ma obrazy olejne o tematyce sakralnej od XVII po XIX w., jak [&hellip;]","og_url":"https:\/\/www.lichen.pl\/de\/muzeum-im-ks-jarzebowskiego\/","og_site_name":"SANKTUARIUM W LICHENIU","article_modified_time":"2023-10-29T10:56:55+00:00","twitter_card":"summary_large_image","twitter_misc":{"Gesch\u00e4tzte Lesezeit":"1\u00a0Minute"},"schema":{"@context":"https:\/\/schema.org","@graph":[{"@type":"WebPage","@id":"https:\/\/www.lichen.pl\/muzeum-im-ks-jarzebowskiego\/","url":"https:\/\/www.lichen.pl\/muzeum-im-ks-jarzebowskiego\/","name":"Muzeum im. ks. J\u00f3zefa Jarz\u0119bowskiego - SANKTUARIUM W LICHENIU","isPartOf":{"@id":"https:\/\/www.lichen.pl\/fr\/#website"},"datePublished":"2021-03-24T12:37:22+00:00","dateModified":"2023-10-29T10:56:55+00:00","breadcrumb":{"@id":"https:\/\/www.lichen.pl\/muzeum-im-ks-jarzebowskiego\/#breadcrumb"},"inLanguage":"de","potentialAction":[{"@type":"ReadAction","target":["https:\/\/www.lichen.pl\/muzeum-im-ks-jarzebowskiego\/"]}]},{"@type":"BreadcrumbList","@id":"https:\/\/www.lichen.pl\/muzeum-im-ks-jarzebowskiego\/#breadcrumb","itemListElement":[{"@type":"ListItem","position":1,"name":"Strona g\u0142\u00f3wna","item":"https:\/\/www.lichen.pl\/"},{"@type":"ListItem","position":2,"name":"Muzeum im. ks. J\u00f3zefa Jarz\u0119bowskiego"}]},{"@type":"WebSite","@id":"https:\/\/www.lichen.pl\/fr\/#website","url":"https:\/\/www.lichen.pl\/fr\/","name":"HEILIGTUM IN LICHENIEN","description":"DIE TRAURIGE K\u00d6NIGIN UNSERER FLECHEN VON POLEN","potentialAction":[{"@type":"SearchAction","target":{"@type":"EntryPoint","urlTemplate":"https:\/\/www.lichen.pl\/fr\/?s={search_term_string}"},"query-input":{"@type":"PropertyValueSpecification","valueRequired":true,"valueName":"search_term_string"}}],"inLanguage":"de"}]}},"_links":{"self":[{"href":"https:\/\/www.lichen.pl\/de\/wp-json\/wp\/v2\/pages\/4593","targetHints":{"allow":["GET"]}}],"collection":[{"href":"https:\/\/www.lichen.pl\/de\/wp-json\/wp\/v2\/pages"}],"about":[{"href":"https:\/\/www.lichen.pl\/de\/wp-json\/wp\/v2\/types\/page"}],"author":[{"embeddable":true,"href":"https:\/\/www.lichen.pl\/de\/wp-json\/wp\/v2\/users\/2"}],"replies":[{"embeddable":true,"href":"https:\/\/www.lichen.pl\/de\/wp-json\/wp\/v2\/comments?post=4593"}],"version-history":[{"count":26,"href":"https:\/\/www.lichen.pl\/de\/wp-json\/wp\/v2\/pages\/4593\/revisions"}],"predecessor-version":[{"id":60367,"href":"https:\/\/www.lichen.pl\/de\/wp-json\/wp\/v2\/pages\/4593\/revisions\/60367"}],"wp:attachment":[{"href":"https:\/\/www.lichen.pl\/de\/wp-json\/wp\/v2\/media?parent=4593"}],"curies":[{"name":"wp","href":"https:\/\/api.w.org\/{rel}","templated":true}]}}