{"id":47744,"date":"2022-11-19T09:22:45","date_gmt":"2022-11-19T08:22:45","guid":{"rendered":"https:\/\/www.lichen.pl\/akt-poswiecenia-niepokalanemu-sercu-najswietszej-maryi-panny-copy\/"},"modified":"2022-11-19T09:39:10","modified_gmt":"2022-11-19T08:39:10","slug":"akt-poswiecenia-rodziny-ludzkiej-chrystusowi-krolowi-2","status":"publish","type":"page","link":"https:\/\/www.lichen.pl\/de\/akt-poswiecenia-rodziny-ludzkiej-chrystusowi-krolowi-2\/","title":{"rendered":"Der Akt der Hingabe der Menschheitsfamilie an Christus den K\u00f6nig"},"content":{"rendered":"<div data-elementor-type=\"wp-page\" data-elementor-id=\"47744\" class=\"elementor elementor-47744\" data-elementor-post-type=\"page\">\n\t\t\t\t\t\t<section class=\"elementor-section elementor-top-section elementor-element elementor-element-ac898f1 elementor-section-boxed elementor-section-height-default elementor-section-height-default\" data-id=\"ac898f1\" data-element_type=\"section\" data-e-type=\"section\">\n\t\t\t\t\t\t<div class=\"elementor-container elementor-column-gap-default\">\n\t\t\t\t\t<div class=\"elementor-column elementor-col-100 elementor-top-column elementor-element elementor-element-c6e245d\" data-id=\"c6e245d\" data-element_type=\"column\" data-e-type=\"column\">\n\t\t\t<div class=\"elementor-widget-wrap elementor-element-populated\">\n\t\t\t\t\t\t<div class=\"elementor-element elementor-element-ebd2750 elementor-widget elementor-widget-heading\" data-id=\"ebd2750\" data-element_type=\"widget\" data-e-type=\"widget\" data-widget_type=\"heading.default\">\n\t\t\t\t<div class=\"elementor-widget-container\">\n\t\t\t\t\t<h2 class=\"elementor-heading-title elementor-size-default\">Der Akt der Hingabe der Menschheitsfamilie an Christus den K\u00f6nig<\/h2>\t\t\t\t<\/div>\n\t\t\t\t<\/div>\n\t\t\t\t<div class=\"elementor-element elementor-element-bdf6a3f elementor-widget elementor-widget-spacer\" data-id=\"bdf6a3f\" data-element_type=\"widget\" data-e-type=\"widget\" data-widget_type=\"spacer.default\">\n\t\t\t\t<div class=\"elementor-widget-container\">\n\t\t\t\t\t\t\t<div class=\"elementor-spacer\">\n\t\t\t<div class=\"elementor-spacer-inner\"><\/div>\n\t\t<\/div>\n\t\t\t\t\t\t<\/div>\n\t\t\t\t<\/div>\n\t\t\t\t\t<\/div>\n\t\t<\/div>\n\t\t\t\t\t<\/div>\n\t\t<\/section>\n\t\t\t\t<section class=\"elementor-section elementor-top-section elementor-element elementor-element-3c77241 elementor-section-boxed elementor-section-height-default elementor-section-height-default\" data-id=\"3c77241\" data-element_type=\"section\" data-e-type=\"section\">\n\t\t\t\t\t\t<div class=\"elementor-container elementor-column-gap-default\">\n\t\t\t\t\t<div class=\"elementor-column elementor-col-33 elementor-top-column elementor-element elementor-element-f3872dd\" data-id=\"f3872dd\" data-element_type=\"column\" data-e-type=\"column\">\n\t\t\t<div class=\"elementor-widget-wrap elementor-element-populated\">\n\t\t\t\t\t\t<div class=\"elementor-element elementor-element-a41688e elementor-widget elementor-widget-image\" data-id=\"a41688e\" data-element_type=\"widget\" data-e-type=\"widget\" data-widget_type=\"image.default\">\n\t\t\t\t<div class=\"elementor-widget-container\">\n\t\t\t\t\t\t\t\t\t\t\t\t\t\t\t<img fetchpriority=\"high\" decoding=\"async\" width=\"369\" height=\"503\" src=\"https:\/\/www.lichen.pl\/wp-content\/uploads\/2022\/11\/Chrystus-Krol.jpg\" class=\"attachment-large size-large wp-image-47746\" alt=\"\" srcset=\"https:\/\/www.lichen.pl\/wp-content\/uploads\/2022\/11\/Chrystus-Krol.jpg 369w, https:\/\/www.lichen.pl\/wp-content\/uploads\/2022\/11\/Chrystus-Krol-220x300.jpg 220w, https:\/\/www.lichen.pl\/wp-content\/uploads\/2022\/11\/Chrystus-Krol-9x12.jpg 9w\" sizes=\"(max-width: 369px) 100vw, 369px\" \/>\t\t\t\t\t\t\t\t\t\t\t\t\t\t\t<\/div>\n\t\t\t\t<\/div>\n\t\t\t\t\t<\/div>\n\t\t<\/div>\n\t\t\t\t<div class=\"elementor-column elementor-col-66 elementor-top-column elementor-element elementor-element-e70ba25\" data-id=\"e70ba25\" data-element_type=\"column\" data-e-type=\"column\">\n\t\t\t<div class=\"elementor-widget-wrap elementor-element-populated\">\n\t\t\t\t\t\t<div class=\"elementor-element elementor-element-60a42cf elementor-drop-cap-yes elementor-drop-cap-view-default elementor-widget elementor-widget-text-editor\" data-id=\"60a42cf\" data-element_type=\"widget\" data-e-type=\"widget\" data-settings=\"{&quot;drop_cap&quot;:&quot;yes&quot;}\" data-widget_type=\"text-editor.default\">\n\t\t\t\t<div class=\"elementor-widget-container\">\n\t\t\t\t\t\t\t\t\t<p>O Jezu Najs\u0142odszy, Odkupicielu Rodzaju ludzkiego, wejrzyj na nas, korz\u0105cych si\u0119 u st\u00f3p Twego o\u0142tarza.<\/p><p>Twoj\u0105 jeste\u015bmy w\u0142asno\u015bci\u0105 i do Ciebie nale\u017ce\u0107 chcemy.<\/p><p>Oto dzisiaj ka\u017cdy z nas oddaje si\u0119 dobrowolnie Naj\u015bwi\u0119tszemu Sercu Twemu, aby jeszcze \u015bci\u015blej zjednoczy\u0107 si\u0119 z Tob\u0105 i ponownie przyj\u0105\u0107 Ciebie jako Kr\u00f3la ca\u0142ego \u015bwiata, jako naszego Kr\u00f3la. Wielu nie zna Ciebie wcale, wielu odwr\u00f3ci\u0142o si\u0119 od Ciebie, wzgardziwszy przykazaniami Twymi. Zlituj si\u0119 nad jednymi i drugimi, o Jezu Naj\u0142askawszy, i poci\u0105gnij wszystkich do Kr\u00f3lewskiego, \u015awi\u0119tego Serca Swego. Popatrz, o Jezu Dobry i Mi\u0142osierny, na wszystkie rodziny naszej wsp\u00f3lnoty parafialne, a tak\u017ce na ca\u0142y nasz Nar\u00f3d. Po\u015bwi\u0119camy dzisiaj Twojemu sercu ka\u017cd\u0105 wsp\u00f3lnot\u0119 rodzinn\u0105 w naszej Wsp\u00f3lnocie Wiary.<\/p><p>Znasz, o Jezu, wiar\u0119 rodzin naszych. Spraw, by moc Chrztu \u015bwi\u0119tego i \u0142aska sakramentalnego bierzmowania, sycone cz\u0119st\u0105 Komuni\u0105 \u015awi\u0119t\u0105, przynosi\u0142y w naszym \u017cyciu b\u0142ogos\u0142awione owoce wiary, odwa\u017cnie wyznawanej przez rodzic\u00f3w i przez coraz liczniejsze m\u0142ode pokolenie. Spraw, by Twoja Eucharystyczna Obecno\u015b\u0107 po\u015br\u00f3d nas, kt\u00f3r\u0105 wci\u0105\u017c na nowo rozpoznajemy nasz\u0105 Wiar\u0105, pozosta\u0142a dla nas o\u017cywczym \u017ar\u00f3d\u0142em Mi\u0142o\u015bci i Nadziei.<\/p>\t\t\t\t\t\t\t\t<\/div>\n\t\t\t\t<\/div>\n\t\t\t\t\t<\/div>\n\t\t<\/div>\n\t\t\t\t\t<\/div>\n\t\t<\/section>\n\t\t\t\t<section class=\"elementor-section elementor-top-section elementor-element elementor-element-791ac50 elementor-section-boxed elementor-section-height-default elementor-section-height-default\" data-id=\"791ac50\" data-element_type=\"section\" data-e-type=\"section\">\n\t\t\t\t\t\t<div class=\"elementor-container elementor-column-gap-default\">\n\t\t\t\t\t<div class=\"elementor-column elementor-col-100 elementor-top-column elementor-element elementor-element-64229ea\" data-id=\"64229ea\" data-element_type=\"column\" data-e-type=\"column\">\n\t\t\t<div class=\"elementor-widget-wrap elementor-element-populated\">\n\t\t\t\t\t\t<div class=\"elementor-element elementor-element-b25ea36 elementor-widget elementor-widget-text-editor\" data-id=\"b25ea36\" data-element_type=\"widget\" data-e-type=\"widget\" data-widget_type=\"text-editor.default\">\n\t\t\t\t<div class=\"elementor-widget-container\">\n\t\t\t\t\t\t\t\t\t<p>Chryste \u2013 Kr\u00f3lu! Tobie po\u015bwi\u0119camy wszystkie rodziny prze\u017cywaj\u0105ce kryzysy i zagro\u017cone rozpadem ma\u0142\u017ce\u0144stwa. Niech z Twojego Serca, przebitego za nasze grzechy, potrafi\u0105 zaczerpn\u0105\u0107 now\u0105 si\u0142\u0119 do wytrwania w wierno\u015bci \u0142asce sakramentalnego ma\u0142\u017ce\u0144stwa. Tobie po\u015bwi\u0119camy wszystkich ma\u0142\u017conk\u00f3w, z\u0142\u0105czonych sakramentalnym w\u0119z\u0142em, kt\u00f3rzy wzgardzili Twoj\u0105 Bo\u017c\u0105 Mi\u0142o\u015bci\u0105, umacniaj\u0105c\u0105 ich ma\u0142\u017ce\u0144sk\u0105 mi\u0142o\u015b\u0107. Niech zdroje krwi i wody, wylewaj\u0105ce si\u0119 z Twojego przebitego Serca, stan\u0105 si\u0119 tak\u017ce dla nich now\u0105 szans\u0105 na przebaczenie i powr\u00f3t do pe\u0142nej jedno\u015bci z Twoim Ko\u015bcio\u0142em.<\/p><p>Chryste \u2013 Kr\u00f3lu! Tobie po\u015bwi\u0119camy wszystkich nauczycieli i wychowawc\u00f3w, odpowiedzialnych za kszta\u0142towanie ducha m\u0142odego pokolenia polskiego Narodu, aby nauczyli to pokolenie s\u0142ucha\u0107 Twojej kr\u00f3lewskiej woli.<\/p><p>Po\u015bwi\u0119camy Tobie wszystkich wype\u0142niaj\u0105cych r\u00f3\u017cnorakie urz\u0119du spo\u0142eczne, samorz\u0105dowe i pa\u0144stwowe, w szczeg\u00f3lno\u015bci w\u0142adze naszego Pa\u0144stwa, Parlament i Rz\u0105d, aby -uznaj\u0105c Twoj\u0105 kr\u00f3lewsk\u0105 wol\u0119 -w ka\u017cdym swoim dzia\u0142aniu szukali prawdziwego dobra Polskiego Narodu.<\/p><p>Kr\u00f3lem b\u0105d\u017a nam, o Panie, nie tylko wiernym, kt\u00f3rzy nigdy nie odwr\u00f3cili si\u0119 od Ciebie, ale i synom marnotrawnym, kt\u00f3rzy Ci\u0119 opu\u015bcili.<\/p><p>Spraw, aby do domu rodzicielskiego wr\u00f3cili co pr\u0119dzej i nie zgin\u0119li z n\u0119dzy i g\u0142odu.<\/p><p>Kr\u00f3luj tym, kt\u00f3rych albo b\u0142\u0119dne mniemania uwiod\u0142y, albo niezgoda oddziela, przywied\u017a ich do przystani prawdy i jedno\u015bci wiary, aby rych\u0142o nasta\u0142a jedna owczarnia i jeden Pasterz. U\u017cycz Ko\u015bcio\u0142owi Twemu bezpiecznej wolno\u015bci. Narodowi Polskiemu, i wszystkim Narodom dzisiejszej Europy i \u015bwiata, u\u017cycz spokoju i \u0142adu. Spraw, aby ze wszystkiej ziemi, od ko\u0144ca do ko\u0144ca, jeden brzmia\u0142 g\u0142os:<\/p><p>Chwa\u0142a b\u0105d\u017a Bo\u017cemu Sercu, przez kt\u00f3re sta\u0142o si\u0119 nam zbawienie. Jemu cze\u015b\u0107 i chwa\u0142a na wieki. Amen.<\/p>\t\t\t\t\t\t\t\t<\/div>\n\t\t\t\t<\/div>\n\t\t\t\t\t<\/div>\n\t\t<\/div>\n\t\t\t\t\t<\/div>\n\t\t<\/section>\n\t\t\t\t<section class=\"elementor-section elementor-top-section elementor-element elementor-element-4b506b4 elementor-section-boxed elementor-section-height-default elementor-section-height-default\" data-id=\"4b506b4\" data-element_type=\"section\" data-e-type=\"section\">\n\t\t\t\t\t\t<div class=\"elementor-container elementor-column-gap-default\">\n\t\t\t\t\t<div class=\"elementor-column elementor-col-100 elementor-top-column elementor-element elementor-element-853d35e\" data-id=\"853d35e\" data-element_type=\"column\" data-e-type=\"column\">\n\t\t\t<div class=\"elementor-widget-wrap elementor-element-populated\">\n\t\t\t\t\t\t<div class=\"elementor-element elementor-element-502b053 elementor-widget-divider--view-line elementor-widget elementor-widget-divider\" data-id=\"502b053\" data-element_type=\"widget\" data-e-type=\"widget\" data-widget_type=\"divider.default\">\n\t\t\t\t<div class=\"elementor-widget-container\">\n\t\t\t\t\t\t\t<div class=\"elementor-divider\">\n\t\t\t<span class=\"elementor-divider-separator\">\n\t\t\t\t\t\t<\/span>\n\t\t<\/div>\n\t\t\t\t\t\t<\/div>\n\t\t\t\t<\/div>\n\t\t\t\t\t<\/div>\n\t\t<\/div>\n\t\t\t\t\t<\/div>\n\t\t<\/section>\n\t\t\t\t<\/div>","protected":false},"excerpt":{"rendered":"<p>Akt Po\u015bwi\u0119cenia Rodziny Ludzkiej Chrystusowi Kr\u00f3lowi O Jezu Najs\u0142odszy, Odkupicielu Rodzaju ludzkiego, wejrzyj na nas, korz\u0105cych si\u0119 u st\u00f3p Twego o\u0142tarza. Twoj\u0105 jeste\u015bmy w\u0142asno\u015bci\u0105 i do Ciebie nale\u017ce\u0107 chcemy. Oto dzisiaj ka\u017cdy z nas oddaje si\u0119 dobrowolnie Naj\u015bwi\u0119tszemu Sercu Twemu, aby jeszcze \u015bci\u015blej zjednoczy\u0107 si\u0119 z Tob\u0105 i ponownie przyj\u0105\u0107 Ciebie jako Kr\u00f3la ca\u0142ego \u015bwiata, [&hellip;]<\/p>\n","protected":false},"author":2,"featured_media":0,"parent":0,"menu_order":0,"comment_status":"closed","ping_status":"closed","template":"","meta":{"footnotes":""},"class_list":["post-47744","page","type-page","status-publish","hentry","wpbf-post"],"yoast_head":"<!-- This site is optimized with the Yoast SEO plugin v27.4 - https:\/\/yoast.com\/product\/yoast-seo-wordpress\/ -->\n<title>Akt Po\u015bwi\u0119cenia Rodziny Ludzkiej Chrystusowi Kr\u00f3lowi - SANKTUARIUM W LICHENIU<\/title>\n<meta name=\"robots\" content=\"index, follow, max-snippet:-1, max-image-preview:large, max-video-preview:-1\" \/>\n<link rel=\"canonical\" href=\"https:\/\/www.lichen.pl\/de\/akt-poswiecenia-rodziny-ludzkiej-chrystusowi-krolowi-2\/\" \/>\n<meta property=\"og:locale\" content=\"de_DE\" \/>\n<meta property=\"og:type\" content=\"article\" \/>\n<meta property=\"og:title\" content=\"Akt Po\u015bwi\u0119cenia Rodziny Ludzkiej Chrystusowi Kr\u00f3lowi - SANKTUARIUM W LICHENIU\" \/>\n<meta property=\"og:description\" content=\"Akt Po\u015bwi\u0119cenia Rodziny Ludzkiej Chrystusowi Kr\u00f3lowi O Jezu Najs\u0142odszy, Odkupicielu Rodzaju ludzkiego, wejrzyj na nas, korz\u0105cych si\u0119 u st\u00f3p Twego o\u0142tarza. Twoj\u0105 jeste\u015bmy w\u0142asno\u015bci\u0105 i do Ciebie nale\u017ce\u0107 chcemy. Oto dzisiaj ka\u017cdy z nas oddaje si\u0119 dobrowolnie Naj\u015bwi\u0119tszemu Sercu Twemu, aby jeszcze \u015bci\u015blej zjednoczy\u0107 si\u0119 z Tob\u0105 i ponownie przyj\u0105\u0107 Ciebie jako Kr\u00f3la ca\u0142ego \u015bwiata, [&hellip;]\" \/>\n<meta property=\"og:url\" content=\"https:\/\/www.lichen.pl\/de\/akt-poswiecenia-rodziny-ludzkiej-chrystusowi-krolowi-2\/\" \/>\n<meta property=\"og:site_name\" content=\"SANKTUARIUM W LICHENIU\" \/>\n<meta property=\"article:modified_time\" content=\"2022-11-19T08:39:10+00:00\" \/>\n<meta property=\"og:image\" content=\"https:\/\/www.lichen.pl\/wp-content\/uploads\/2022\/11\/Chrystus-Krol.jpg\" \/>\n<meta name=\"twitter:card\" content=\"summary_large_image\" \/>\n<meta name=\"twitter:label1\" content=\"Gesch\u00e4tzte Lesezeit\" \/>\n\t<meta name=\"twitter:data1\" content=\"3\u00a0Minuten\" \/>\n<script type=\"application\/ld+json\" class=\"yoast-schema-graph\">{\"@context\":\"https:\\\/\\\/schema.org\",\"@graph\":[{\"@type\":\"WebPage\",\"@id\":\"https:\\\/\\\/www.lichen.pl\\\/akt-poswiecenia-rodziny-ludzkiej-chrystusowi-krolowi-2\\\/\",\"url\":\"https:\\\/\\\/www.lichen.pl\\\/akt-poswiecenia-rodziny-ludzkiej-chrystusowi-krolowi-2\\\/\",\"name\":\"Akt Po\u015bwi\u0119cenia Rodziny Ludzkiej Chrystusowi Kr\u00f3lowi - SANKTUARIUM W LICHENIU\",\"isPartOf\":{\"@id\":\"https:\\\/\\\/www.lichen.pl\\\/fr\\\/#website\"},\"primaryImageOfPage\":{\"@id\":\"https:\\\/\\\/www.lichen.pl\\\/akt-poswiecenia-rodziny-ludzkiej-chrystusowi-krolowi-2\\\/#primaryimage\"},\"image\":{\"@id\":\"https:\\\/\\\/www.lichen.pl\\\/akt-poswiecenia-rodziny-ludzkiej-chrystusowi-krolowi-2\\\/#primaryimage\"},\"thumbnailUrl\":\"https:\\\/\\\/www.lichen.pl\\\/wp-content\\\/uploads\\\/2022\\\/11\\\/Chrystus-Krol.jpg\",\"datePublished\":\"2022-11-19T08:22:45+00:00\",\"dateModified\":\"2022-11-19T08:39:10+00:00\",\"breadcrumb\":{\"@id\":\"https:\\\/\\\/www.lichen.pl\\\/akt-poswiecenia-rodziny-ludzkiej-chrystusowi-krolowi-2\\\/#breadcrumb\"},\"inLanguage\":\"de\",\"potentialAction\":[{\"@type\":\"ReadAction\",\"target\":[\"https:\\\/\\\/www.lichen.pl\\\/akt-poswiecenia-rodziny-ludzkiej-chrystusowi-krolowi-2\\\/\"]}]},{\"@type\":\"ImageObject\",\"inLanguage\":\"de\",\"@id\":\"https:\\\/\\\/www.lichen.pl\\\/akt-poswiecenia-rodziny-ludzkiej-chrystusowi-krolowi-2\\\/#primaryimage\",\"url\":\"https:\\\/\\\/www.lichen.pl\\\/wp-content\\\/uploads\\\/2022\\\/11\\\/Chrystus-Krol.jpg\",\"contentUrl\":\"https:\\\/\\\/www.lichen.pl\\\/wp-content\\\/uploads\\\/2022\\\/11\\\/Chrystus-Krol.jpg\"},{\"@type\":\"BreadcrumbList\",\"@id\":\"https:\\\/\\\/www.lichen.pl\\\/akt-poswiecenia-rodziny-ludzkiej-chrystusowi-krolowi-2\\\/#breadcrumb\",\"itemListElement\":[{\"@type\":\"ListItem\",\"position\":1,\"name\":\"Strona g\u0142\u00f3wna\",\"item\":\"https:\\\/\\\/www.lichen.pl\\\/\"},{\"@type\":\"ListItem\",\"position\":2,\"name\":\"Akt Po\u015bwi\u0119cenia Rodziny Ludzkiej Chrystusowi Kr\u00f3lowi\"}]},{\"@type\":\"WebSite\",\"@id\":\"https:\\\/\\\/www.lichen.pl\\\/fr\\\/#website\",\"url\":\"https:\\\/\\\/www.lichen.pl\\\/fr\\\/\",\"name\":\"SANKTUARIUM W LICHENIU\",\"description\":\"MATKI BO\u017bEJ LICHE\u0143SKIEJ BOLESNEJ KR\u00d3LOWEJ POLSKI\",\"potentialAction\":[{\"@type\":\"SearchAction\",\"target\":{\"@type\":\"EntryPoint\",\"urlTemplate\":\"https:\\\/\\\/www.lichen.pl\\\/fr\\\/?s={search_term_string}\"},\"query-input\":{\"@type\":\"PropertyValueSpecification\",\"valueRequired\":true,\"valueName\":\"search_term_string\"}}],\"inLanguage\":\"de\"}]}<\/script>\n<!-- \/ Yoast SEO plugin. -->","yoast_head_json":{"title":"Akt Po\u015bwi\u0119cenia Rodziny Ludzkiej Chrystusowi Kr\u00f3lowi - SANKTUARIUM W LICHENIU","robots":{"index":"index","follow":"follow","max-snippet":"max-snippet:-1","max-image-preview":"max-image-preview:large","max-video-preview":"max-video-preview:-1"},"canonical":"https:\/\/www.lichen.pl\/de\/akt-poswiecenia-rodziny-ludzkiej-chrystusowi-krolowi-2\/","og_locale":"de_DE","og_type":"article","og_title":"Akt Po\u015bwi\u0119cenia Rodziny Ludzkiej Chrystusowi Kr\u00f3lowi - SANKTUARIUM W LICHENIU","og_description":"Akt Po\u015bwi\u0119cenia Rodziny Ludzkiej Chrystusowi Kr\u00f3lowi O Jezu Najs\u0142odszy, Odkupicielu Rodzaju ludzkiego, wejrzyj na nas, korz\u0105cych si\u0119 u st\u00f3p Twego o\u0142tarza. Twoj\u0105 jeste\u015bmy w\u0142asno\u015bci\u0105 i do Ciebie nale\u017ce\u0107 chcemy. Oto dzisiaj ka\u017cdy z nas oddaje si\u0119 dobrowolnie Naj\u015bwi\u0119tszemu Sercu Twemu, aby jeszcze \u015bci\u015blej zjednoczy\u0107 si\u0119 z Tob\u0105 i ponownie przyj\u0105\u0107 Ciebie jako Kr\u00f3la ca\u0142ego \u015bwiata, [&hellip;]","og_url":"https:\/\/www.lichen.pl\/de\/akt-poswiecenia-rodziny-ludzkiej-chrystusowi-krolowi-2\/","og_site_name":"SANKTUARIUM W LICHENIU","article_modified_time":"2022-11-19T08:39:10+00:00","og_image":[{"url":"https:\/\/www.lichen.pl\/wp-content\/uploads\/2022\/11\/Chrystus-Krol.jpg","type":"","width":"","height":""}],"twitter_card":"summary_large_image","twitter_misc":{"Gesch\u00e4tzte Lesezeit":"3\u00a0Minuten"},"schema":{"@context":"https:\/\/schema.org","@graph":[{"@type":"WebPage","@id":"https:\/\/www.lichen.pl\/akt-poswiecenia-rodziny-ludzkiej-chrystusowi-krolowi-2\/","url":"https:\/\/www.lichen.pl\/akt-poswiecenia-rodziny-ludzkiej-chrystusowi-krolowi-2\/","name":"Akt Po\u015bwi\u0119cenia Rodziny Ludzkiej Chrystusowi Kr\u00f3lowi - SANKTUARIUM W LICHENIU","isPartOf":{"@id":"https:\/\/www.lichen.pl\/fr\/#website"},"primaryImageOfPage":{"@id":"https:\/\/www.lichen.pl\/akt-poswiecenia-rodziny-ludzkiej-chrystusowi-krolowi-2\/#primaryimage"},"image":{"@id":"https:\/\/www.lichen.pl\/akt-poswiecenia-rodziny-ludzkiej-chrystusowi-krolowi-2\/#primaryimage"},"thumbnailUrl":"https:\/\/www.lichen.pl\/wp-content\/uploads\/2022\/11\/Chrystus-Krol.jpg","datePublished":"2022-11-19T08:22:45+00:00","dateModified":"2022-11-19T08:39:10+00:00","breadcrumb":{"@id":"https:\/\/www.lichen.pl\/akt-poswiecenia-rodziny-ludzkiej-chrystusowi-krolowi-2\/#breadcrumb"},"inLanguage":"de","potentialAction":[{"@type":"ReadAction","target":["https:\/\/www.lichen.pl\/akt-poswiecenia-rodziny-ludzkiej-chrystusowi-krolowi-2\/"]}]},{"@type":"ImageObject","inLanguage":"de","@id":"https:\/\/www.lichen.pl\/akt-poswiecenia-rodziny-ludzkiej-chrystusowi-krolowi-2\/#primaryimage","url":"https:\/\/www.lichen.pl\/wp-content\/uploads\/2022\/11\/Chrystus-Krol.jpg","contentUrl":"https:\/\/www.lichen.pl\/wp-content\/uploads\/2022\/11\/Chrystus-Krol.jpg"},{"@type":"BreadcrumbList","@id":"https:\/\/www.lichen.pl\/akt-poswiecenia-rodziny-ludzkiej-chrystusowi-krolowi-2\/#breadcrumb","itemListElement":[{"@type":"ListItem","position":1,"name":"Strona g\u0142\u00f3wna","item":"https:\/\/www.lichen.pl\/"},{"@type":"ListItem","position":2,"name":"Akt Po\u015bwi\u0119cenia Rodziny Ludzkiej Chrystusowi Kr\u00f3lowi"}]},{"@type":"WebSite","@id":"https:\/\/www.lichen.pl\/fr\/#website","url":"https:\/\/www.lichen.pl\/fr\/","name":"HEILIGTUM IN LICHENIEN","description":"DIE TRAURIGE K\u00d6NIGIN UNSERER FLECHEN VON POLEN","potentialAction":[{"@type":"SearchAction","target":{"@type":"EntryPoint","urlTemplate":"https:\/\/www.lichen.pl\/fr\/?s={search_term_string}"},"query-input":{"@type":"PropertyValueSpecification","valueRequired":true,"valueName":"search_term_string"}}],"inLanguage":"de"}]}},"_links":{"self":[{"href":"https:\/\/www.lichen.pl\/de\/wp-json\/wp\/v2\/pages\/47744","targetHints":{"allow":["GET"]}}],"collection":[{"href":"https:\/\/www.lichen.pl\/de\/wp-json\/wp\/v2\/pages"}],"about":[{"href":"https:\/\/www.lichen.pl\/de\/wp-json\/wp\/v2\/types\/page"}],"author":[{"embeddable":true,"href":"https:\/\/www.lichen.pl\/de\/wp-json\/wp\/v2\/users\/2"}],"replies":[{"embeddable":true,"href":"https:\/\/www.lichen.pl\/de\/wp-json\/wp\/v2\/comments?post=47744"}],"version-history":[{"count":7,"href":"https:\/\/www.lichen.pl\/de\/wp-json\/wp\/v2\/pages\/47744\/revisions"}],"predecessor-version":[{"id":47753,"href":"https:\/\/www.lichen.pl\/de\/wp-json\/wp\/v2\/pages\/47744\/revisions\/47753"}],"wp:attachment":[{"href":"https:\/\/www.lichen.pl\/de\/wp-json\/wp\/v2\/media?parent=47744"}],"curies":[{"name":"wp","href":"https:\/\/api.w.org\/{rel}","templated":true}]}}