{"id":97946,"date":"2026-03-13T12:45:38","date_gmt":"2026-03-13T11:45:38","guid":{"rendered":"https:\/\/www.lichen.pl\/?page_id=97946"},"modified":"2026-03-13T12:47:52","modified_gmt":"2026-03-13T11:47:52","slug":"rozancowe-rekolekcje-medytacyjne-rozaniec-modlitwa-z-maryja-matka-slowa","status":"publish","type":"page","link":"https:\/\/www.lichen.pl\/de\/rozancowe-rekolekcje-medytacyjne-rozaniec-modlitwa-z-maryja-matka-slowa\/","title":{"rendered":"R\u00f3\u017ca\u0144cowe rekolekcje medytacyjne &#8220;R\u00f3\u017caniec &#8211; modlitwa z Maryj\u0105, Matk\u0105 S\u0142owa&#8221;"},"content":{"rendered":"<div data-elementor-type=\"wp-page\" data-elementor-id=\"97946\" class=\"elementor elementor-97946\" data-elementor-post-type=\"page\">\n\t\t\t\t\t\t<section class=\"elementor-section elementor-top-section elementor-element elementor-element-11cf008 elementor-section-boxed elementor-section-height-default elementor-section-height-default\" data-id=\"11cf008\" data-element_type=\"section\" data-e-type=\"section\">\n\t\t\t\t\t\t<div class=\"elementor-container elementor-column-gap-default\">\n\t\t\t\t\t<div class=\"elementor-column elementor-col-100 elementor-top-column elementor-element elementor-element-e4327ef\" data-id=\"e4327ef\" data-element_type=\"column\" data-e-type=\"column\">\n\t\t\t<div class=\"elementor-widget-wrap elementor-element-populated\">\n\t\t\t\t\t\t<div class=\"elementor-element elementor-element-eb82da3 elementor-widget-divider--view-line_text elementor-widget-divider--element-align-center elementor-widget elementor-widget-divider\" data-id=\"eb82da3\" data-element_type=\"widget\" data-e-type=\"widget\" data-widget_type=\"divider.default\">\n\t\t\t\t<div class=\"elementor-widget-container\">\n\t\t\t\t\t\t\t<div class=\"elementor-divider\">\n\t\t\t<span class=\"elementor-divider-separator\">\n\t\t\t\t\t\t\t<span class=\"elementor-divider__text elementor-divider__element\">\n\t\t\t\tr\u00f3\u017ca\u0144cowe rekolekcje medytacyjne \"r\u00f3\u017caniec - modlitwa z maryj\u0105, matk\u0105 s\u0142owa\t\t\t\t<\/span>\n\t\t\t\t\t\t<\/span>\n\t\t<\/div>\n\t\t\t\t\t\t<\/div>\n\t\t\t\t<\/div>\n\t\t\t\t<div class=\"elementor-element elementor-element-62cfe8d elementor-widget elementor-widget-text-editor\" data-id=\"62cfe8d\" data-element_type=\"widget\" data-e-type=\"widget\" data-widget_type=\"text-editor.default\">\n\t\t\t\t<div class=\"elementor-widget-container\">\n\t\t\t\t\t\t\t\t\t<p>R\u00f3\u017caniec modlitwa prosta, i g\u0142\u0119boka zarazem.\u00a0 R\u00f3\u017caniec to modlitwa serca, kt\u00f3ra prowadzi do kontemplacji tajemnicy Chrystusa. Rekolekcje r\u00f3\u017ca\u0144cowe \u201eR\u00f3\u017caniec. Modlitwa z Maryj\u0105 Matk\u0105 S\u0142owa\u201d zapraszaj\u0105 do odkrycia r\u00f3\u017ca\u0144ca jako modlitwy medytacyjnej, zakorzenionej w S\u0142owie Bo\u017cym i prze\u017cywanej w jedno\u015bci z Maryj\u0105.<\/p><p>Maryja, Matka S\u0142owa, prowadzi przez tajemnice \u017cycia Jezusa, ucz\u0105c patrze\u0107, s\u0142ucha\u0107 i trwa\u0107. Wraz z Ni\u0105 pragniemy wej\u015b\u0107 w rytm r\u00f3\u017ca\u0144ca jako modlitwy, kt\u00f3ra porz\u0105dkuje serce, wycisza my\u015bli i pozwala, by Ewangelia przenika\u0142a codzienne \u017cycie. Powtarzane s\u0142owa modlitwy staj\u0105 si\u0119 przestrzeni\u0105 wewn\u0119trznego skupienia, w kt\u00f3rej S\u0142owo Bo\u017ce mo\u017ce by\u0107 przyj\u0119te i rozwa\u017cane.<\/p><p>Podczas rekolekcji spr\u00f3bujemy odkry\u0107 r\u00f3\u017caniec nie tylko jako modlitw\u0119 ustn\u0105, lecz jako drog\u0119 medytacji i kontemplacji. Ka\u017cda tajemnica staje si\u0119 bowiem zaproszeniem do zatrzymania si\u0119 przy wydarzeniach zbawczych, do wej\u015bcia w sceny Ewangelii i odnalezienia w nich w\u0142asnej historii. S\u0142owo Bo\u017ce, towarzysz\u0105ce ka\u017cdej tajemnicy, pomaga pog\u0142\u0119bi\u0107 rozumienie i otworzy\u0107 serce na dzia\u0142anie Boga.<\/p><p>Istotnym elementem rekolekcji jest cisza \u2013 pozwalaj\u0105ca, by rytm r\u00f3\u017ca\u0144ca prowadzi\u0142 do wewn\u0119trznego pokoju. W tej ciszy rodzi si\u0119 modlitwa serca, w kt\u00f3rej cz\u0142owiek uczy si\u0119 trwa\u0107 przed Bogiem bez po\u015bpiechu, bez nadmiaru s\u0142\u00f3w, w obecno\u015bci. Maryja uczy takiej modlitwy: cierpliwej, wiernej i zanurzonej w tajemnicy Chrystusa.<\/p><p>Rekolekcje r\u00f3\u017ca\u0144cowe s\u0105 propozycj\u0105 dla tych, kt\u00f3rzy pragn\u0105 odnowi\u0107 swoj\u0105 modlitw\u0119 r\u00f3\u017ca\u0144cow\u0105, odkry\u0107 jej biblijn\u0105 g\u0142\u0119bi\u0119 lub nauczy\u0107 si\u0119 modlitwy medytacyjnej w rytmie powtarzalno\u015bci i ciszy. R\u00f3\u017caniec staje si\u0119 tu drog\u0105 prowadz\u0105c\u0105 od s\u0142\u00f3w do milczenia, od rozwa\u017cania do kontemplacji, od modlitwy do \u017cycia przemienionego S\u0142owem.<\/p><p><span style=\"color: #000000;\">Rekolekcje prowadzi ks. Adam Stankiewicz MIC.<\/span><\/p>\t\t\t\t\t\t\t\t<\/div>\n\t\t\t\t<\/div>\n\t\t\t\t\t<\/div>\n\t\t<\/div>\n\t\t\t\t\t<\/div>\n\t\t<\/section>\n\t\t\t\t<section class=\"elementor-section elementor-top-section elementor-element elementor-element-2db574b elementor-section-boxed elementor-section-height-default elementor-section-height-default\" data-id=\"2db574b\" data-element_type=\"section\" data-e-type=\"section\">\n\t\t\t\t\t\t<div class=\"elementor-container elementor-column-gap-default\">\n\t\t\t\t\t<div class=\"elementor-column elementor-col-100 elementor-top-column elementor-element elementor-element-c18d098\" data-id=\"c18d098\" data-element_type=\"column\" data-e-type=\"column\">\n\t\t\t<div class=\"elementor-widget-wrap elementor-element-populated\">\n\t\t\t\t\t\t<section class=\"elementor-section elementor-inner-section elementor-element elementor-element-eb9d3c0 elementor-section-boxed elementor-section-height-default elementor-section-height-default\" data-id=\"eb9d3c0\" data-element_type=\"section\" data-e-type=\"section\">\n\t\t\t\t\t\t<div class=\"elementor-container elementor-column-gap-default\">\n\t\t\t\t\t<div class=\"elementor-column elementor-col-50 elementor-inner-column elementor-element elementor-element-85eb448\" data-id=\"85eb448\" data-element_type=\"column\" data-e-type=\"column\">\n\t\t\t<div class=\"elementor-widget-wrap elementor-element-populated\">\n\t\t\t\t\t\t<div class=\"elementor-element elementor-element-4fa3c64 elementor-widget elementor-widget-text-editor\" data-id=\"4fa3c64\" data-element_type=\"widget\" data-e-type=\"widget\" data-widget_type=\"text-editor.default\">\n\t\t\t\t<div class=\"elementor-widget-container\">\n\t\t\t\t\t\t\t\t\t<ul><li><span style=\"color: #000000;\">ofiara: <strong>od<\/strong> <strong>350 z\u0142 do 450 z\u0142<\/strong> od osoby w zale\u017cno\u015bci od rodzaju pokoju (w tym nocleg i wy\u017cywienie), z\u0142o\u017cona podczas rekolekcji\/po przyje\u017adzie<br \/><\/span><\/li><li><span style=\"color: #000000;\">die anzahl der pl\u00e4tze ist begrenzt<\/span><\/li><li><span style=\"color: #000000;\">die Reihenfolge der Bewerbungen entscheidet<\/span><\/li><\/ul>\t\t\t\t\t\t\t\t<\/div>\n\t\t\t\t<\/div>\n\t\t\t\t\t<\/div>\n\t\t<\/div>\n\t\t\t\t<div class=\"elementor-column elementor-col-50 elementor-inner-column elementor-element elementor-element-37c81df\" data-id=\"37c81df\" data-element_type=\"column\" data-e-type=\"column\">\n\t\t\t<div class=\"elementor-widget-wrap elementor-element-populated\">\n\t\t\t\t\t\t<div class=\"elementor-element elementor-element-9ec977c elementor-widget elementor-widget-text-editor\" data-id=\"9ec977c\" data-element_type=\"widget\" data-e-type=\"widget\" data-widget_type=\"text-editor.default\">\n\t\t\t\t<div class=\"elementor-widget-container\">\n\t\t\t\t\t\t\t\t\t<p style=\"text-align: center;\"><strong><span style=\"color: #800000;\">Anmeldung zum Retreat:<\/span><\/strong><\/p><ul><li><span style=\"color: #000000;\"><strong>pers\u00f6nlich<\/strong>, im Pilgerdienstb\u00fcro<\/span><\/li><li><span style=\"color: #000000;\"><strong>via Telefon<\/strong> (+48) 63 270 81 42, (+48) 63 270 81 63<\/span><\/li><li><span style=\"color: #000000;\"><strong>Email:<\/strong> lichen@lichen.pl<\/span><\/li><\/ul>\t\t\t\t\t\t\t\t<\/div>\n\t\t\t\t<\/div>\n\t\t\t\t\t<\/div>\n\t\t<\/div>\n\t\t\t\t\t<\/div>\n\t\t<\/section>\n\t\t\t\t\t<\/div>\n\t\t<\/div>\n\t\t\t\t\t<\/div>\n\t\t<\/section>\n\t\t\t\t<section class=\"elementor-section elementor-top-section elementor-element elementor-element-55228c8 elementor-section-boxed elementor-section-height-default elementor-section-height-default\" data-id=\"55228c8\" data-element_type=\"section\" data-e-type=\"section\">\n\t\t\t\t\t\t<div class=\"elementor-container elementor-column-gap-default\">\n\t\t\t\t\t<div class=\"elementor-column elementor-col-100 elementor-top-column elementor-element elementor-element-84a674b\" data-id=\"84a674b\" data-element_type=\"column\" data-e-type=\"column\">\n\t\t\t<div class=\"elementor-widget-wrap elementor-element-populated\">\n\t\t\t\t\t\t<section class=\"elementor-section elementor-inner-section elementor-element elementor-element-25c8f5b elementor-section-boxed elementor-section-height-default elementor-section-height-default\" data-id=\"25c8f5b\" data-element_type=\"section\" data-e-type=\"section\">\n\t\t\t\t\t\t<div class=\"elementor-container elementor-column-gap-default\">\n\t\t\t\t\t<div class=\"elementor-column elementor-col-50 elementor-inner-column elementor-element elementor-element-90ad964\" data-id=\"90ad964\" data-element_type=\"column\" data-e-type=\"column\">\n\t\t\t<div class=\"elementor-widget-wrap elementor-element-populated\">\n\t\t\t\t\t\t<div class=\"elementor-element elementor-element-61dba9a elementor-view-default elementor-widget elementor-widget-icon\" data-id=\"61dba9a\" data-element_type=\"widget\" data-e-type=\"widget\" data-widget_type=\"icon.default\">\n\t\t\t\t<div class=\"elementor-widget-container\">\n\t\t\t\t\t\t\t<div class=\"elementor-icon-wrapper\">\n\t\t\t<a class=\"elementor-icon\" href=\"https:\/\/www.lichen.pl\/de\/rekolekcje-rok-2026\/\">\n\t\t\t<i aria-hidden=\"true\" class=\"far fa-calendar-check\"><\/i>\t\t\t<\/a>\n\t\t<\/div>\n\t\t\t\t\t\t<\/div>\n\t\t\t\t<\/div>\n\t\t\t\t\t<\/div>\n\t\t<\/div>\n\t\t\t\t<div class=\"elementor-column elementor-col-50 elementor-inner-column elementor-element elementor-element-47818f6\" data-id=\"47818f6\" data-element_type=\"column\" data-e-type=\"column\">\n\t\t\t<div class=\"elementor-widget-wrap elementor-element-populated\">\n\t\t\t\t\t\t<div class=\"elementor-element elementor-element-53e622e elementor-widget elementor-widget-text-editor\" data-id=\"53e622e\" data-element_type=\"widget\" data-e-type=\"widget\" data-widget_type=\"text-editor.default\">\n\t\t\t\t<div class=\"elementor-widget-container\">\n\t\t\t\t\t\t\t\t\t<p><span style=\"color: #333399;\">Przejd\u017a do kalendarza rekolekcji 2026 r.<\/span><\/p>\t\t\t\t\t\t\t\t<\/div>\n\t\t\t\t<\/div>\n\t\t\t\t<div class=\"elementor-element elementor-element-44a294a elementor-widget-divider--view-line elementor-widget elementor-widget-divider\" data-id=\"44a294a\" data-element_type=\"widget\" data-e-type=\"widget\" data-widget_type=\"divider.default\">\n\t\t\t\t<div class=\"elementor-widget-container\">\n\t\t\t\t\t\t\t<div class=\"elementor-divider\">\n\t\t\t<span class=\"elementor-divider-separator\">\n\t\t\t\t\t\t<\/span>\n\t\t<\/div>\n\t\t\t\t\t\t<\/div>\n\t\t\t\t<\/div>\n\t\t\t\t\t<\/div>\n\t\t<\/div>\n\t\t\t\t\t<\/div>\n\t\t<\/section>\n\t\t\t\t\t<\/div>\n\t\t<\/div>\n\t\t\t\t\t<\/div>\n\t\t<\/section>\n\t\t\t\t<\/div>","protected":false},"excerpt":{"rendered":"<p>r\u00f3\u017ca\u0144cowe rekolekcje medytacyjne &#8220;r\u00f3\u017caniec &#8211; modlitwa z maryj\u0105, matk\u0105 s\u0142owa R\u00f3\u017caniec modlitwa prosta, i g\u0142\u0119boka zarazem.\u00a0 R\u00f3\u017caniec to modlitwa serca, kt\u00f3ra prowadzi do kontemplacji tajemnicy Chrystusa. Rekolekcje r\u00f3\u017ca\u0144cowe \u201eR\u00f3\u017caniec. Modlitwa z Maryj\u0105 Matk\u0105 S\u0142owa\u201d zapraszaj\u0105 do odkrycia r\u00f3\u017ca\u0144ca jako modlitwy medytacyjnej, zakorzenionej w S\u0142owie Bo\u017cym i prze\u017cywanej w jedno\u015bci z Maryj\u0105. Maryja, Matka S\u0142owa, prowadzi [&hellip;]<\/p>\n","protected":false},"author":7,"featured_media":0,"parent":0,"menu_order":0,"comment_status":"closed","ping_status":"closed","template":"","meta":{"footnotes":""},"class_list":["post-97946","page","type-page","status-publish","hentry","wpbf-post"],"yoast_head":"<!-- This site is optimized with the Yoast SEO plugin v27.4 - https:\/\/yoast.com\/product\/yoast-seo-wordpress\/ -->\n<title>R\u00f3\u017ca\u0144cowe rekolekcje medytacyjne &quot;R\u00f3\u017caniec - modlitwa z Maryj\u0105, Matk\u0105 S\u0142owa&quot; - SANKTUARIUM W LICHENIU<\/title>\n<meta name=\"robots\" content=\"index, follow, max-snippet:-1, max-image-preview:large, max-video-preview:-1\" \/>\n<link rel=\"canonical\" href=\"https:\/\/www.lichen.pl\/de\/rozancowe-rekolekcje-medytacyjne-rozaniec-modlitwa-z-maryja-matka-slowa\/\" \/>\n<meta property=\"og:locale\" content=\"de_DE\" \/>\n<meta property=\"og:type\" content=\"article\" \/>\n<meta property=\"og:title\" content=\"R\u00f3\u017ca\u0144cowe rekolekcje medytacyjne &quot;R\u00f3\u017caniec - modlitwa z Maryj\u0105, Matk\u0105 S\u0142owa&quot; - SANKTUARIUM W LICHENIU\" \/>\n<meta property=\"og:description\" content=\"r\u00f3\u017ca\u0144cowe rekolekcje medytacyjne &#8220;r\u00f3\u017caniec &#8211; modlitwa z maryj\u0105, matk\u0105 s\u0142owa R\u00f3\u017caniec modlitwa prosta, i g\u0142\u0119boka zarazem.\u00a0 R\u00f3\u017caniec to modlitwa serca, kt\u00f3ra prowadzi do kontemplacji tajemnicy Chrystusa. Rekolekcje r\u00f3\u017ca\u0144cowe \u201eR\u00f3\u017caniec. Modlitwa z Maryj\u0105 Matk\u0105 S\u0142owa\u201d zapraszaj\u0105 do odkrycia r\u00f3\u017ca\u0144ca jako modlitwy medytacyjnej, zakorzenionej w S\u0142owie Bo\u017cym i prze\u017cywanej w jedno\u015bci z Maryj\u0105. Maryja, Matka S\u0142owa, prowadzi [&hellip;]\" \/>\n<meta property=\"og:url\" content=\"https:\/\/www.lichen.pl\/de\/rozancowe-rekolekcje-medytacyjne-rozaniec-modlitwa-z-maryja-matka-slowa\/\" \/>\n<meta property=\"og:site_name\" content=\"SANKTUARIUM W LICHENIU\" \/>\n<meta property=\"article:modified_time\" content=\"2026-03-13T11:47:52+00:00\" \/>\n<meta name=\"twitter:card\" content=\"summary_large_image\" \/>\n<meta name=\"twitter:label1\" content=\"Gesch\u00e4tzte Lesezeit\" \/>\n\t<meta name=\"twitter:data1\" content=\"2\u00a0Minuten\" \/>\n<script type=\"application\/ld+json\" class=\"yoast-schema-graph\">{\"@context\":\"https:\\\/\\\/schema.org\",\"@graph\":[{\"@type\":\"WebPage\",\"@id\":\"https:\\\/\\\/www.lichen.pl\\\/rozancowe-rekolekcje-medytacyjne-rozaniec-modlitwa-z-maryja-matka-slowa\\\/\",\"url\":\"https:\\\/\\\/www.lichen.pl\\\/rozancowe-rekolekcje-medytacyjne-rozaniec-modlitwa-z-maryja-matka-slowa\\\/\",\"name\":\"R\u00f3\u017ca\u0144cowe rekolekcje medytacyjne \\\"R\u00f3\u017caniec - modlitwa z Maryj\u0105, Matk\u0105 S\u0142owa\\\" - SANKTUARIUM W LICHENIU\",\"isPartOf\":{\"@id\":\"https:\\\/\\\/www.lichen.pl\\\/fr\\\/#website\"},\"datePublished\":\"2026-03-13T11:45:38+00:00\",\"dateModified\":\"2026-03-13T11:47:52+00:00\",\"breadcrumb\":{\"@id\":\"https:\\\/\\\/www.lichen.pl\\\/rozancowe-rekolekcje-medytacyjne-rozaniec-modlitwa-z-maryja-matka-slowa\\\/#breadcrumb\"},\"inLanguage\":\"de\",\"potentialAction\":[{\"@type\":\"ReadAction\",\"target\":[\"https:\\\/\\\/www.lichen.pl\\\/rozancowe-rekolekcje-medytacyjne-rozaniec-modlitwa-z-maryja-matka-slowa\\\/\"]}]},{\"@type\":\"BreadcrumbList\",\"@id\":\"https:\\\/\\\/www.lichen.pl\\\/rozancowe-rekolekcje-medytacyjne-rozaniec-modlitwa-z-maryja-matka-slowa\\\/#breadcrumb\",\"itemListElement\":[{\"@type\":\"ListItem\",\"position\":1,\"name\":\"Strona g\u0142\u00f3wna\",\"item\":\"https:\\\/\\\/www.lichen.pl\\\/\"},{\"@type\":\"ListItem\",\"position\":2,\"name\":\"R\u00f3\u017ca\u0144cowe rekolekcje medytacyjne &#8220;R\u00f3\u017caniec &#8211; modlitwa z Maryj\u0105, Matk\u0105 S\u0142owa&#8221;\"}]},{\"@type\":\"WebSite\",\"@id\":\"https:\\\/\\\/www.lichen.pl\\\/fr\\\/#website\",\"url\":\"https:\\\/\\\/www.lichen.pl\\\/fr\\\/\",\"name\":\"SANKTUARIUM W LICHENIU\",\"description\":\"MATKI BO\u017bEJ LICHE\u0143SKIEJ BOLESNEJ KR\u00d3LOWEJ POLSKI\",\"potentialAction\":[{\"@type\":\"SearchAction\",\"target\":{\"@type\":\"EntryPoint\",\"urlTemplate\":\"https:\\\/\\\/www.lichen.pl\\\/fr\\\/?s={search_term_string}\"},\"query-input\":{\"@type\":\"PropertyValueSpecification\",\"valueRequired\":true,\"valueName\":\"search_term_string\"}}],\"inLanguage\":\"de\"}]}<\/script>\n<!-- \/ Yoast SEO plugin. -->","yoast_head_json":{"title":"R\u00f3\u017ca\u0144cowe rekolekcje medytacyjne \"R\u00f3\u017caniec - modlitwa z Maryj\u0105, Matk\u0105 S\u0142owa\" - SANKTUARIUM W LICHENIU","robots":{"index":"index","follow":"follow","max-snippet":"max-snippet:-1","max-image-preview":"max-image-preview:large","max-video-preview":"max-video-preview:-1"},"canonical":"https:\/\/www.lichen.pl\/de\/rozancowe-rekolekcje-medytacyjne-rozaniec-modlitwa-z-maryja-matka-slowa\/","og_locale":"de_DE","og_type":"article","og_title":"R\u00f3\u017ca\u0144cowe rekolekcje medytacyjne \"R\u00f3\u017caniec - modlitwa z Maryj\u0105, Matk\u0105 S\u0142owa\" - SANKTUARIUM W LICHENIU","og_description":"r\u00f3\u017ca\u0144cowe rekolekcje medytacyjne &#8220;r\u00f3\u017caniec &#8211; modlitwa z maryj\u0105, matk\u0105 s\u0142owa R\u00f3\u017caniec modlitwa prosta, i g\u0142\u0119boka zarazem.\u00a0 R\u00f3\u017caniec to modlitwa serca, kt\u00f3ra prowadzi do kontemplacji tajemnicy Chrystusa. Rekolekcje r\u00f3\u017ca\u0144cowe \u201eR\u00f3\u017caniec. Modlitwa z Maryj\u0105 Matk\u0105 S\u0142owa\u201d zapraszaj\u0105 do odkrycia r\u00f3\u017ca\u0144ca jako modlitwy medytacyjnej, zakorzenionej w S\u0142owie Bo\u017cym i prze\u017cywanej w jedno\u015bci z Maryj\u0105. Maryja, Matka S\u0142owa, prowadzi [&hellip;]","og_url":"https:\/\/www.lichen.pl\/de\/rozancowe-rekolekcje-medytacyjne-rozaniec-modlitwa-z-maryja-matka-slowa\/","og_site_name":"SANKTUARIUM W LICHENIU","article_modified_time":"2026-03-13T11:47:52+00:00","twitter_card":"summary_large_image","twitter_misc":{"Gesch\u00e4tzte Lesezeit":"2\u00a0Minuten"},"schema":{"@context":"https:\/\/schema.org","@graph":[{"@type":"WebPage","@id":"https:\/\/www.lichen.pl\/rozancowe-rekolekcje-medytacyjne-rozaniec-modlitwa-z-maryja-matka-slowa\/","url":"https:\/\/www.lichen.pl\/rozancowe-rekolekcje-medytacyjne-rozaniec-modlitwa-z-maryja-matka-slowa\/","name":"R\u00f3\u017ca\u0144cowe rekolekcje medytacyjne \"R\u00f3\u017caniec - modlitwa z Maryj\u0105, Matk\u0105 S\u0142owa\" - SANKTUARIUM W LICHENIU","isPartOf":{"@id":"https:\/\/www.lichen.pl\/fr\/#website"},"datePublished":"2026-03-13T11:45:38+00:00","dateModified":"2026-03-13T11:47:52+00:00","breadcrumb":{"@id":"https:\/\/www.lichen.pl\/rozancowe-rekolekcje-medytacyjne-rozaniec-modlitwa-z-maryja-matka-slowa\/#breadcrumb"},"inLanguage":"de","potentialAction":[{"@type":"ReadAction","target":["https:\/\/www.lichen.pl\/rozancowe-rekolekcje-medytacyjne-rozaniec-modlitwa-z-maryja-matka-slowa\/"]}]},{"@type":"BreadcrumbList","@id":"https:\/\/www.lichen.pl\/rozancowe-rekolekcje-medytacyjne-rozaniec-modlitwa-z-maryja-matka-slowa\/#breadcrumb","itemListElement":[{"@type":"ListItem","position":1,"name":"Strona g\u0142\u00f3wna","item":"https:\/\/www.lichen.pl\/"},{"@type":"ListItem","position":2,"name":"R\u00f3\u017ca\u0144cowe rekolekcje medytacyjne &#8220;R\u00f3\u017caniec &#8211; modlitwa z Maryj\u0105, Matk\u0105 S\u0142owa&#8221;"}]},{"@type":"WebSite","@id":"https:\/\/www.lichen.pl\/fr\/#website","url":"https:\/\/www.lichen.pl\/fr\/","name":"HEILIGTUM IN LICHENIEN","description":"DIE TRAURIGE K\u00d6NIGIN UNSERER FLECHEN VON POLEN","potentialAction":[{"@type":"SearchAction","target":{"@type":"EntryPoint","urlTemplate":"https:\/\/www.lichen.pl\/fr\/?s={search_term_string}"},"query-input":{"@type":"PropertyValueSpecification","valueRequired":true,"valueName":"search_term_string"}}],"inLanguage":"de"}]}},"_links":{"self":[{"href":"https:\/\/www.lichen.pl\/de\/wp-json\/wp\/v2\/pages\/97946","targetHints":{"allow":["GET"]}}],"collection":[{"href":"https:\/\/www.lichen.pl\/de\/wp-json\/wp\/v2\/pages"}],"about":[{"href":"https:\/\/www.lichen.pl\/de\/wp-json\/wp\/v2\/types\/page"}],"author":[{"embeddable":true,"href":"https:\/\/www.lichen.pl\/de\/wp-json\/wp\/v2\/users\/7"}],"replies":[{"embeddable":true,"href":"https:\/\/www.lichen.pl\/de\/wp-json\/wp\/v2\/comments?post=97946"}],"version-history":[{"count":4,"href":"https:\/\/www.lichen.pl\/de\/wp-json\/wp\/v2\/pages\/97946\/revisions"}],"predecessor-version":[{"id":97950,"href":"https:\/\/www.lichen.pl\/de\/wp-json\/wp\/v2\/pages\/97946\/revisions\/97950"}],"wp:attachment":[{"href":"https:\/\/www.lichen.pl\/de\/wp-json\/wp\/v2\/media?parent=97946"}],"curies":[{"name":"wp","href":"https:\/\/api.w.org\/{rel}","templated":true}]}}