{"id":98006,"date":"2026-03-14T15:14:26","date_gmt":"2026-03-14T14:14:26","guid":{"rendered":"https:\/\/www.lichen.pl\/?page_id=98006"},"modified":"2026-03-14T15:17:16","modified_gmt":"2026-03-14T14:17:16","slug":"rekolekcje-o-sluchaniu-slowa-bozego-mow-panie-bo-sluga-twoj-slucha","status":"publish","type":"page","link":"https:\/\/www.lichen.pl\/de\/rekolekcje-o-sluchaniu-slowa-bozego-mow-panie-bo-sluga-twoj-slucha\/","title":{"rendered":"Rekolekcje o s\u0142uchaniu s\u0142owa Bo\u017cego &#8220;M\u00f3w Panie bo s\u0142uga Tw\u00f3j s\u0142ucha&#8221;"},"content":{"rendered":"<div data-elementor-type=\"wp-page\" data-elementor-id=\"98006\" class=\"elementor elementor-98006\" data-elementor-post-type=\"page\">\n\t\t\t\t\t\t<section class=\"elementor-section elementor-top-section elementor-element elementor-element-11cf008 elementor-section-boxed elementor-section-height-default elementor-section-height-default\" data-id=\"11cf008\" data-element_type=\"section\" data-e-type=\"section\">\n\t\t\t\t\t\t<div class=\"elementor-container elementor-column-gap-default\">\n\t\t\t\t\t<div class=\"elementor-column elementor-col-100 elementor-top-column elementor-element elementor-element-e4327ef\" data-id=\"e4327ef\" data-element_type=\"column\" data-e-type=\"column\">\n\t\t\t<div class=\"elementor-widget-wrap elementor-element-populated\">\n\t\t\t\t\t\t<div class=\"elementor-element elementor-element-eb82da3 elementor-widget-divider--view-line_text elementor-widget-divider--element-align-center elementor-widget elementor-widget-divider\" data-id=\"eb82da3\" data-element_type=\"widget\" data-e-type=\"widget\" data-widget_type=\"divider.default\">\n\t\t\t\t<div class=\"elementor-widget-container\">\n\t\t\t\t\t\t\t<div class=\"elementor-divider\">\n\t\t\t<span class=\"elementor-divider-separator\">\n\t\t\t\t\t\t\t<span class=\"elementor-divider__text elementor-divider__element\">\n\t\t\t\tRekolekcje o s\u0142uchaniu s\u0142owa Bo\u017cego \"M\u00f3w Panie bo s\u0142uga Tw\u00f3j s\u0142ucha\"\t\t\t\t<\/span>\n\t\t\t\t\t\t<\/span>\n\t\t<\/div>\n\t\t\t\t\t\t<\/div>\n\t\t\t\t<\/div>\n\t\t\t\t<div class=\"elementor-element elementor-element-62cfe8d elementor-widget elementor-widget-text-editor\" data-id=\"62cfe8d\" data-element_type=\"widget\" data-e-type=\"widget\" data-widget_type=\"text-editor.default\">\n\t\t\t\t<div class=\"elementor-widget-container\">\n\t\t\t\t\t\t\t\t\t<p>Wiara rodzi si\u0119 ze s\u0142uchania S\u0142owa, dlatego Jezus ostrzega swoich uczni\u00f3w \u201euwa\u017cajcie na to, jak s\u0142uchacie\u201d, a w przypowie\u015bci o siewcy, kt\u00f3r\u0105 t\u0142umaczy uczniom podkre\u015bla, \u017ce S\u0142owo zasiane w nasze serca, je\u015bli jest niezrozumiane przez nas, porywa diabe\u0142 i ono nie wzrasta. Chodzi wi\u0119c o s\u0142uchanie ze zrozumieniem. Bo tylko us\u0142yszane przez nas S\u0142owo i przyj\u0119te ze zrozumieniem, posiada moc do naszego nawr\u00f3cenia.<\/p><p><span style=\"color: #000000;\">Rekolekcje prowadzi ks. Zbigniew Grygorcewicz MIC.<\/span><\/p>\t\t\t\t\t\t\t\t<\/div>\n\t\t\t\t<\/div>\n\t\t\t\t\t<\/div>\n\t\t<\/div>\n\t\t\t\t\t<\/div>\n\t\t<\/section>\n\t\t\t\t<section class=\"elementor-section elementor-top-section elementor-element elementor-element-2db574b elementor-section-boxed elementor-section-height-default elementor-section-height-default\" data-id=\"2db574b\" data-element_type=\"section\" data-e-type=\"section\">\n\t\t\t\t\t\t<div class=\"elementor-container elementor-column-gap-default\">\n\t\t\t\t\t<div class=\"elementor-column elementor-col-100 elementor-top-column elementor-element elementor-element-c18d098\" data-id=\"c18d098\" data-element_type=\"column\" data-e-type=\"column\">\n\t\t\t<div class=\"elementor-widget-wrap elementor-element-populated\">\n\t\t\t\t\t\t<section class=\"elementor-section elementor-inner-section elementor-element elementor-element-eb9d3c0 elementor-section-boxed elementor-section-height-default elementor-section-height-default\" data-id=\"eb9d3c0\" data-element_type=\"section\" data-e-type=\"section\">\n\t\t\t\t\t\t<div class=\"elementor-container elementor-column-gap-default\">\n\t\t\t\t\t<div class=\"elementor-column elementor-col-50 elementor-inner-column elementor-element elementor-element-85eb448\" data-id=\"85eb448\" data-element_type=\"column\" data-e-type=\"column\">\n\t\t\t<div class=\"elementor-widget-wrap elementor-element-populated\">\n\t\t\t\t\t\t<div class=\"elementor-element elementor-element-4fa3c64 elementor-widget elementor-widget-text-editor\" data-id=\"4fa3c64\" data-element_type=\"widget\" data-e-type=\"widget\" data-widget_type=\"text-editor.default\">\n\t\t\t\t<div class=\"elementor-widget-container\">\n\t\t\t\t\t\t\t\t\t<ul><li><span style=\"color: #000000;\">ofiara: <strong>od<\/strong> <strong>350 z\u0142 do 450 z\u0142<\/strong> od osoby w zale\u017cno\u015bci od rodzaju pokoju (w tym nocleg i wy\u017cywienie), z\u0142o\u017cona podczas rekolekcji\/po przyje\u017adzie<br \/><\/span><\/li><li><span style=\"color: #000000;\">die anzahl der pl\u00e4tze ist begrenzt<\/span><\/li><li><span style=\"color: #000000;\">die Reihenfolge der Bewerbungen entscheidet<\/span><\/li><\/ul>\t\t\t\t\t\t\t\t<\/div>\n\t\t\t\t<\/div>\n\t\t\t\t\t<\/div>\n\t\t<\/div>\n\t\t\t\t<div class=\"elementor-column elementor-col-50 elementor-inner-column elementor-element elementor-element-37c81df\" data-id=\"37c81df\" data-element_type=\"column\" data-e-type=\"column\">\n\t\t\t<div class=\"elementor-widget-wrap elementor-element-populated\">\n\t\t\t\t\t\t<div class=\"elementor-element elementor-element-9ec977c elementor-widget elementor-widget-text-editor\" data-id=\"9ec977c\" data-element_type=\"widget\" data-e-type=\"widget\" data-widget_type=\"text-editor.default\">\n\t\t\t\t<div class=\"elementor-widget-container\">\n\t\t\t\t\t\t\t\t\t<p style=\"text-align: center;\"><strong><span style=\"color: #800000;\">Anmeldung zum Retreat:<\/span><\/strong><\/p><ul><li><span style=\"color: #000000;\"><strong>pers\u00f6nlich<\/strong>, im Pilgerdienstb\u00fcro<\/span><\/li><li><span style=\"color: #000000;\"><strong>via Telefon<\/strong> (+48) 63 270 81 42, (+48) 63 270 81 63<\/span><\/li><li><span style=\"color: #000000;\"><strong>Email:<\/strong> lichen@lichen.pl<\/span><\/li><\/ul>\t\t\t\t\t\t\t\t<\/div>\n\t\t\t\t<\/div>\n\t\t\t\t\t<\/div>\n\t\t<\/div>\n\t\t\t\t\t<\/div>\n\t\t<\/section>\n\t\t\t\t\t<\/div>\n\t\t<\/div>\n\t\t\t\t\t<\/div>\n\t\t<\/section>\n\t\t\t\t<section class=\"elementor-section elementor-top-section elementor-element elementor-element-55228c8 elementor-section-boxed elementor-section-height-default elementor-section-height-default\" data-id=\"55228c8\" data-element_type=\"section\" data-e-type=\"section\">\n\t\t\t\t\t\t<div class=\"elementor-container elementor-column-gap-default\">\n\t\t\t\t\t<div class=\"elementor-column elementor-col-100 elementor-top-column elementor-element elementor-element-84a674b\" data-id=\"84a674b\" data-element_type=\"column\" data-e-type=\"column\">\n\t\t\t<div class=\"elementor-widget-wrap elementor-element-populated\">\n\t\t\t\t\t\t<section class=\"elementor-section elementor-inner-section elementor-element elementor-element-25c8f5b elementor-section-boxed elementor-section-height-default elementor-section-height-default\" data-id=\"25c8f5b\" data-element_type=\"section\" data-e-type=\"section\">\n\t\t\t\t\t\t<div class=\"elementor-container elementor-column-gap-default\">\n\t\t\t\t\t<div class=\"elementor-column elementor-col-50 elementor-inner-column elementor-element elementor-element-90ad964\" data-id=\"90ad964\" data-element_type=\"column\" data-e-type=\"column\">\n\t\t\t<div class=\"elementor-widget-wrap elementor-element-populated\">\n\t\t\t\t\t\t<div class=\"elementor-element elementor-element-61dba9a elementor-view-default elementor-widget elementor-widget-icon\" data-id=\"61dba9a\" data-element_type=\"widget\" data-e-type=\"widget\" data-widget_type=\"icon.default\">\n\t\t\t\t<div class=\"elementor-widget-container\">\n\t\t\t\t\t\t\t<div class=\"elementor-icon-wrapper\">\n\t\t\t<a class=\"elementor-icon\" href=\"https:\/\/www.lichen.pl\/de\/rekolekcje-rok-2026\/\">\n\t\t\t<i aria-hidden=\"true\" class=\"far fa-calendar-check\"><\/i>\t\t\t<\/a>\n\t\t<\/div>\n\t\t\t\t\t\t<\/div>\n\t\t\t\t<\/div>\n\t\t\t\t\t<\/div>\n\t\t<\/div>\n\t\t\t\t<div class=\"elementor-column elementor-col-50 elementor-inner-column elementor-element elementor-element-47818f6\" data-id=\"47818f6\" data-element_type=\"column\" data-e-type=\"column\">\n\t\t\t<div class=\"elementor-widget-wrap elementor-element-populated\">\n\t\t\t\t\t\t<div class=\"elementor-element elementor-element-53e622e elementor-widget elementor-widget-text-editor\" data-id=\"53e622e\" data-element_type=\"widget\" data-e-type=\"widget\" data-widget_type=\"text-editor.default\">\n\t\t\t\t<div class=\"elementor-widget-container\">\n\t\t\t\t\t\t\t\t\t<p><span style=\"color: #333399;\">Przejd\u017a do kalendarza rekolekcji 2026 r.<\/span><\/p>\t\t\t\t\t\t\t\t<\/div>\n\t\t\t\t<\/div>\n\t\t\t\t<div class=\"elementor-element elementor-element-44a294a elementor-widget-divider--view-line elementor-widget elementor-widget-divider\" data-id=\"44a294a\" data-element_type=\"widget\" data-e-type=\"widget\" data-widget_type=\"divider.default\">\n\t\t\t\t<div class=\"elementor-widget-container\">\n\t\t\t\t\t\t\t<div class=\"elementor-divider\">\n\t\t\t<span class=\"elementor-divider-separator\">\n\t\t\t\t\t\t<\/span>\n\t\t<\/div>\n\t\t\t\t\t\t<\/div>\n\t\t\t\t<\/div>\n\t\t\t\t\t<\/div>\n\t\t<\/div>\n\t\t\t\t\t<\/div>\n\t\t<\/section>\n\t\t\t\t\t<\/div>\n\t\t<\/div>\n\t\t\t\t\t<\/div>\n\t\t<\/section>\n\t\t\t\t<\/div>","protected":false},"excerpt":{"rendered":"<p>Rekolekcje o s\u0142uchaniu s\u0142owa Bo\u017cego &#8220;M\u00f3w Panie bo s\u0142uga Tw\u00f3j s\u0142ucha&#8221; Wiara rodzi si\u0119 ze s\u0142uchania S\u0142owa, dlatego Jezus ostrzega swoich uczni\u00f3w \u201euwa\u017cajcie na to, jak s\u0142uchacie\u201d, a w przypowie\u015bci o siewcy, kt\u00f3r\u0105 t\u0142umaczy uczniom podkre\u015bla, \u017ce S\u0142owo zasiane w nasze serca, je\u015bli jest niezrozumiane przez nas, porywa diabe\u0142 i ono nie wzrasta. Chodzi wi\u0119c [&hellip;]<\/p>\n","protected":false},"author":7,"featured_media":0,"parent":0,"menu_order":0,"comment_status":"closed","ping_status":"closed","template":"","meta":{"footnotes":""},"class_list":["post-98006","page","type-page","status-publish","hentry","wpbf-post"],"yoast_head":"<!-- This site is optimized with the Yoast SEO plugin v27.4 - https:\/\/yoast.com\/product\/yoast-seo-wordpress\/ -->\n<title>Rekolekcje o s\u0142uchaniu s\u0142owa Bo\u017cego &quot;M\u00f3w Panie bo s\u0142uga Tw\u00f3j s\u0142ucha&quot; - SANKTUARIUM W LICHENIU<\/title>\n<meta name=\"robots\" content=\"index, follow, max-snippet:-1, max-image-preview:large, max-video-preview:-1\" \/>\n<link rel=\"canonical\" href=\"https:\/\/www.lichen.pl\/de\/rekolekcje-o-sluchaniu-slowa-bozego-mow-panie-bo-sluga-twoj-slucha\/\" \/>\n<meta property=\"og:locale\" content=\"de_DE\" \/>\n<meta property=\"og:type\" content=\"article\" \/>\n<meta property=\"og:title\" content=\"Rekolekcje o s\u0142uchaniu s\u0142owa Bo\u017cego &quot;M\u00f3w Panie bo s\u0142uga Tw\u00f3j s\u0142ucha&quot; - SANKTUARIUM W LICHENIU\" \/>\n<meta property=\"og:description\" content=\"Rekolekcje o s\u0142uchaniu s\u0142owa Bo\u017cego &#8220;M\u00f3w Panie bo s\u0142uga Tw\u00f3j s\u0142ucha&#8221; Wiara rodzi si\u0119 ze s\u0142uchania S\u0142owa, dlatego Jezus ostrzega swoich uczni\u00f3w \u201euwa\u017cajcie na to, jak s\u0142uchacie\u201d, a w przypowie\u015bci o siewcy, kt\u00f3r\u0105 t\u0142umaczy uczniom podkre\u015bla, \u017ce S\u0142owo zasiane w nasze serca, je\u015bli jest niezrozumiane przez nas, porywa diabe\u0142 i ono nie wzrasta. Chodzi wi\u0119c [&hellip;]\" \/>\n<meta property=\"og:url\" content=\"https:\/\/www.lichen.pl\/de\/rekolekcje-o-sluchaniu-slowa-bozego-mow-panie-bo-sluga-twoj-slucha\/\" \/>\n<meta property=\"og:site_name\" content=\"SANKTUARIUM W LICHENIU\" \/>\n<meta property=\"article:modified_time\" content=\"2026-03-14T14:17:16+00:00\" \/>\n<meta name=\"twitter:card\" content=\"summary_large_image\" \/>\n<meta name=\"twitter:label1\" content=\"Gesch\u00e4tzte Lesezeit\" \/>\n\t<meta name=\"twitter:data1\" content=\"1\u00a0Minute\" \/>\n<script type=\"application\/ld+json\" class=\"yoast-schema-graph\">{\"@context\":\"https:\\\/\\\/schema.org\",\"@graph\":[{\"@type\":\"WebPage\",\"@id\":\"https:\\\/\\\/www.lichen.pl\\\/rekolekcje-o-sluchaniu-slowa-bozego-mow-panie-bo-sluga-twoj-slucha\\\/\",\"url\":\"https:\\\/\\\/www.lichen.pl\\\/rekolekcje-o-sluchaniu-slowa-bozego-mow-panie-bo-sluga-twoj-slucha\\\/\",\"name\":\"Rekolekcje o s\u0142uchaniu s\u0142owa Bo\u017cego \\\"M\u00f3w Panie bo s\u0142uga Tw\u00f3j s\u0142ucha\\\" - SANKTUARIUM W LICHENIU\",\"isPartOf\":{\"@id\":\"https:\\\/\\\/www.lichen.pl\\\/fr\\\/#website\"},\"datePublished\":\"2026-03-14T14:14:26+00:00\",\"dateModified\":\"2026-03-14T14:17:16+00:00\",\"breadcrumb\":{\"@id\":\"https:\\\/\\\/www.lichen.pl\\\/rekolekcje-o-sluchaniu-slowa-bozego-mow-panie-bo-sluga-twoj-slucha\\\/#breadcrumb\"},\"inLanguage\":\"de\",\"potentialAction\":[{\"@type\":\"ReadAction\",\"target\":[\"https:\\\/\\\/www.lichen.pl\\\/rekolekcje-o-sluchaniu-slowa-bozego-mow-panie-bo-sluga-twoj-slucha\\\/\"]}]},{\"@type\":\"BreadcrumbList\",\"@id\":\"https:\\\/\\\/www.lichen.pl\\\/rekolekcje-o-sluchaniu-slowa-bozego-mow-panie-bo-sluga-twoj-slucha\\\/#breadcrumb\",\"itemListElement\":[{\"@type\":\"ListItem\",\"position\":1,\"name\":\"Strona g\u0142\u00f3wna\",\"item\":\"https:\\\/\\\/www.lichen.pl\\\/\"},{\"@type\":\"ListItem\",\"position\":2,\"name\":\"Rekolekcje o s\u0142uchaniu s\u0142owa Bo\u017cego &#8220;M\u00f3w Panie bo s\u0142uga Tw\u00f3j s\u0142ucha&#8221;\"}]},{\"@type\":\"WebSite\",\"@id\":\"https:\\\/\\\/www.lichen.pl\\\/fr\\\/#website\",\"url\":\"https:\\\/\\\/www.lichen.pl\\\/fr\\\/\",\"name\":\"SANKTUARIUM W LICHENIU\",\"description\":\"MATKI BO\u017bEJ LICHE\u0143SKIEJ BOLESNEJ KR\u00d3LOWEJ POLSKI\",\"potentialAction\":[{\"@type\":\"SearchAction\",\"target\":{\"@type\":\"EntryPoint\",\"urlTemplate\":\"https:\\\/\\\/www.lichen.pl\\\/fr\\\/?s={search_term_string}\"},\"query-input\":{\"@type\":\"PropertyValueSpecification\",\"valueRequired\":true,\"valueName\":\"search_term_string\"}}],\"inLanguage\":\"de\"}]}<\/script>\n<!-- \/ Yoast SEO plugin. -->","yoast_head_json":{"title":"Rekolekcje o s\u0142uchaniu s\u0142owa Bo\u017cego \"M\u00f3w Panie bo s\u0142uga Tw\u00f3j s\u0142ucha\" - SANKTUARIUM W LICHENIU","robots":{"index":"index","follow":"follow","max-snippet":"max-snippet:-1","max-image-preview":"max-image-preview:large","max-video-preview":"max-video-preview:-1"},"canonical":"https:\/\/www.lichen.pl\/de\/rekolekcje-o-sluchaniu-slowa-bozego-mow-panie-bo-sluga-twoj-slucha\/","og_locale":"de_DE","og_type":"article","og_title":"Rekolekcje o s\u0142uchaniu s\u0142owa Bo\u017cego \"M\u00f3w Panie bo s\u0142uga Tw\u00f3j s\u0142ucha\" - SANKTUARIUM W LICHENIU","og_description":"Rekolekcje o s\u0142uchaniu s\u0142owa Bo\u017cego &#8220;M\u00f3w Panie bo s\u0142uga Tw\u00f3j s\u0142ucha&#8221; Wiara rodzi si\u0119 ze s\u0142uchania S\u0142owa, dlatego Jezus ostrzega swoich uczni\u00f3w \u201euwa\u017cajcie na to, jak s\u0142uchacie\u201d, a w przypowie\u015bci o siewcy, kt\u00f3r\u0105 t\u0142umaczy uczniom podkre\u015bla, \u017ce S\u0142owo zasiane w nasze serca, je\u015bli jest niezrozumiane przez nas, porywa diabe\u0142 i ono nie wzrasta. Chodzi wi\u0119c [&hellip;]","og_url":"https:\/\/www.lichen.pl\/de\/rekolekcje-o-sluchaniu-slowa-bozego-mow-panie-bo-sluga-twoj-slucha\/","og_site_name":"SANKTUARIUM W LICHENIU","article_modified_time":"2026-03-14T14:17:16+00:00","twitter_card":"summary_large_image","twitter_misc":{"Gesch\u00e4tzte Lesezeit":"1\u00a0Minute"},"schema":{"@context":"https:\/\/schema.org","@graph":[{"@type":"WebPage","@id":"https:\/\/www.lichen.pl\/rekolekcje-o-sluchaniu-slowa-bozego-mow-panie-bo-sluga-twoj-slucha\/","url":"https:\/\/www.lichen.pl\/rekolekcje-o-sluchaniu-slowa-bozego-mow-panie-bo-sluga-twoj-slucha\/","name":"Rekolekcje o s\u0142uchaniu s\u0142owa Bo\u017cego \"M\u00f3w Panie bo s\u0142uga Tw\u00f3j s\u0142ucha\" - SANKTUARIUM W LICHENIU","isPartOf":{"@id":"https:\/\/www.lichen.pl\/fr\/#website"},"datePublished":"2026-03-14T14:14:26+00:00","dateModified":"2026-03-14T14:17:16+00:00","breadcrumb":{"@id":"https:\/\/www.lichen.pl\/rekolekcje-o-sluchaniu-slowa-bozego-mow-panie-bo-sluga-twoj-slucha\/#breadcrumb"},"inLanguage":"de","potentialAction":[{"@type":"ReadAction","target":["https:\/\/www.lichen.pl\/rekolekcje-o-sluchaniu-slowa-bozego-mow-panie-bo-sluga-twoj-slucha\/"]}]},{"@type":"BreadcrumbList","@id":"https:\/\/www.lichen.pl\/rekolekcje-o-sluchaniu-slowa-bozego-mow-panie-bo-sluga-twoj-slucha\/#breadcrumb","itemListElement":[{"@type":"ListItem","position":1,"name":"Strona g\u0142\u00f3wna","item":"https:\/\/www.lichen.pl\/"},{"@type":"ListItem","position":2,"name":"Rekolekcje o s\u0142uchaniu s\u0142owa Bo\u017cego &#8220;M\u00f3w Panie bo s\u0142uga Tw\u00f3j s\u0142ucha&#8221;"}]},{"@type":"WebSite","@id":"https:\/\/www.lichen.pl\/fr\/#website","url":"https:\/\/www.lichen.pl\/fr\/","name":"HEILIGTUM IN LICHENIEN","description":"DIE TRAURIGE K\u00d6NIGIN UNSERER FLECHEN VON POLEN","potentialAction":[{"@type":"SearchAction","target":{"@type":"EntryPoint","urlTemplate":"https:\/\/www.lichen.pl\/fr\/?s={search_term_string}"},"query-input":{"@type":"PropertyValueSpecification","valueRequired":true,"valueName":"search_term_string"}}],"inLanguage":"de"}]}},"_links":{"self":[{"href":"https:\/\/www.lichen.pl\/de\/wp-json\/wp\/v2\/pages\/98006","targetHints":{"allow":["GET"]}}],"collection":[{"href":"https:\/\/www.lichen.pl\/de\/wp-json\/wp\/v2\/pages"}],"about":[{"href":"https:\/\/www.lichen.pl\/de\/wp-json\/wp\/v2\/types\/page"}],"author":[{"embeddable":true,"href":"https:\/\/www.lichen.pl\/de\/wp-json\/wp\/v2\/users\/7"}],"replies":[{"embeddable":true,"href":"https:\/\/www.lichen.pl\/de\/wp-json\/wp\/v2\/comments?post=98006"}],"version-history":[{"count":4,"href":"https:\/\/www.lichen.pl\/de\/wp-json\/wp\/v2\/pages\/98006\/revisions"}],"predecessor-version":[{"id":98010,"href":"https:\/\/www.lichen.pl\/de\/wp-json\/wp\/v2\/pages\/98006\/revisions\/98010"}],"wp:attachment":[{"href":"https:\/\/www.lichen.pl\/de\/wp-json\/wp\/v2\/media?parent=98006"}],"curies":[{"name":"wp","href":"https:\/\/api.w.org\/{rel}","templated":true}]}}