{"id":1446,"date":"2020-07-30T10:11:13","date_gmt":"2020-07-30T10:11:13","guid":{"rendered":"http:\/\/www.lichen.pl\/?page_id=1446"},"modified":"2021-11-09T13:01:02","modified_gmt":"2021-11-09T12:01:02","slug":"http-www-lichen-pl-muzeum-dla-zwiedzajacych-godziny-otwarcia","status":"publish","type":"page","link":"https:\/\/www.lichen.pl\/en\/http-www-lichen-pl-muzeum-dla-zwiedzajacych-godziny-otwarcia\/","title":{"rendered":"Museum of Fr. J\u00f3zef Jarz\u0119bowski"},"content":{"rendered":"<div data-elementor-type=\"wp-page\" data-elementor-id=\"1446\" class=\"elementor elementor-1446\" data-elementor-post-type=\"page\">\n\t\t\t\t\t\t<section class=\"elementor-section elementor-top-section elementor-element elementor-element-4cdfb62d elementor-section-boxed elementor-section-height-default elementor-section-height-default\" data-id=\"4cdfb62d\" data-element_type=\"section\" data-e-type=\"section\" data-settings=\"{&quot;background_background&quot;:&quot;classic&quot;}\">\n\t\t\t\t\t\t\t<div class=\"elementor-background-overlay\"><\/div>\n\t\t\t\t\t\t\t<div class=\"elementor-container elementor-column-gap-default\">\n\t\t\t\t\t<div class=\"elementor-column elementor-col-66 elementor-top-column elementor-element elementor-element-42026845\" data-id=\"42026845\" data-element_type=\"column\" data-e-type=\"column\">\n\t\t\t<div class=\"elementor-widget-wrap elementor-element-populated\">\n\t\t\t\t\t\t<div class=\"elementor-element elementor-element-7e4b6723 elementor-widget-divider--view-line_text elementor-widget-divider--element-align-center elementor-widget elementor-widget-divider\" data-id=\"7e4b6723\" data-element_type=\"widget\" data-e-type=\"widget\" data-widget_type=\"divider.default\">\n\t\t\t\t<div class=\"elementor-widget-container\">\n\t\t\t\t\t\t\t<div class=\"elementor-divider\">\n\t\t\t<span class=\"elementor-divider-separator\">\n\t\t\t\t\t\t\t<span class=\"elementor-divider__text elementor-divider__element\">\n\t\t\t\tTHE MUSEUM OF KS. J\u00d3ZEF JARZ\u0118BOWSKI\t\t\t\t<\/span>\n\t\t\t\t\t\t<\/span>\n\t\t<\/div>\n\t\t\t\t\t\t<\/div>\n\t\t\t\t<\/div>\n\t\t\t\t<div class=\"elementor-element elementor-element-cce6bb9 elementor-widget elementor-widget-text-editor\" data-id=\"cce6bb9\" data-element_type=\"widget\" data-e-type=\"widget\" data-widget_type=\"text-editor.default\">\n\t\t\t\t<div class=\"elementor-widget-container\">\n\t\t\t\t\t\t\t\t\t<p>Museum of Fr. J\u00f3zef Jarz\u0119bowski is located in the rear part of the basilica. The museum&#039;s collection includes, among others Polish and foreign old prints from the 16th to the 18th century, royal letters and autographs, manuscripts of Polish writers from the era of Romanticism, positivism and Young Poland. An important place in the museum collection is occupied by one of the largest collections in Poland concerning the January Uprising. Two collections of white weapons - European and Eastern ones, a collection of oil paintings of European masters of the 17th and 18th centuries, papal bulls, royal documents from W\u0142adys\u0142aw Jagie\u0142\u0142o to Stanis\u0142aw August Poniatowski, memorabilia of prisoners of Soviet labor camps and Nazi camps are especially valuable.<\/p>\t\t\t\t\t\t\t\t<\/div>\n\t\t\t\t<\/div>\n\t\t\t\t<div class=\"elementor-element elementor-element-efea47e elementor-widget elementor-widget-text-editor\" data-id=\"efea47e\" data-element_type=\"widget\" data-e-type=\"widget\" data-widget_type=\"text-editor.default\">\n\t\t\t\t<div class=\"elementor-widget-container\">\n\t\t\t\t\t\t\t\t\t<blockquote><p><span style=\"color: #008080;\"><b>Museum of Fr. J\u00f3zef Jarz\u0119bowski was transferred to Liche\u0144 from the Marian center in Fawley Cort in England in 2006. It started its activity on July 2, 2010. The museum is very modernly arranged and equipped with multimedia devices.<\/b><\/span><\/p><\/blockquote>\t\t\t\t\t\t\t\t<\/div>\n\t\t\t\t<\/div>\n\t\t\t\t<div class=\"elementor-element elementor-element-b3e015b elementor-widget elementor-widget-text-editor\" data-id=\"b3e015b\" data-element_type=\"widget\" data-e-type=\"widget\" data-widget_type=\"text-editor.default\">\n\t\t\t\t<div class=\"elementor-widget-container\">\n\t\t\t\t\t\t\t\t\t<p>The museum&#039;s collection includes one of the largest collections of memorabilia and documents from the January Uprising in Poland. They include, among others glasses of Romuald Traugutt - the last dictator of the January Uprising, photos of insurgents, memories of combatants, descriptions of battles and skirmishes, original orders and instructions of the Provisional National Government.<\/p>\t\t\t\t\t\t\t\t<\/div>\n\t\t\t\t<\/div>\n\t\t\t\t<div class=\"elementor-element elementor-element-06134d2 elementor-view-default elementor-widget elementor-widget-icon\" data-id=\"06134d2\" data-element_type=\"widget\" data-e-type=\"widget\" data-widget_type=\"icon.default\">\n\t\t\t\t<div class=\"elementor-widget-container\">\n\t\t\t\t\t\t\t<div class=\"elementor-icon-wrapper\">\n\t\t\t<div class=\"elementor-icon\">\n\t\t\t<i aria-hidden=\"true\" class=\"fas fa-info-circle\"><\/i>\t\t\t<\/div>\n\t\t<\/div>\n\t\t\t\t\t\t<\/div>\n\t\t\t\t<\/div>\n\t\t\t\t<div class=\"elementor-element elementor-element-2098907 elementor-widget elementor-widget-text-editor\" data-id=\"2098907\" data-element_type=\"widget\" data-e-type=\"widget\" data-widget_type=\"text-editor.default\">\n\t\t\t\t<div class=\"elementor-widget-container\">\n\t\t\t\t\t\t\t\t\t<p style=\"text-align: center;\">The museum can be visited individually or in groups.<\/p><p style=\"text-align: center;\">Visiting the museum with a guide is possible after booking a guide<br \/>In <span style=\"text-decoration: underline;\"><span style=\"color: #333399; text-decoration: underline;\"><a style=\"color: #333399; text-decoration: underline;\" href=\"https:\/\/www.lichen.pl\/en\/biuro-obslugi-pielgrzyma\/\">Pilgrim Service Office<\/a><\/span><\/span>.<\/p>\t\t\t\t\t\t\t\t<\/div>\n\t\t\t\t<\/div>\n\t\t\t\t<section class=\"elementor-section elementor-inner-section elementor-element elementor-element-f1f0185 elementor-section-boxed elementor-section-height-default elementor-section-height-default\" data-id=\"f1f0185\" data-element_type=\"section\" data-e-type=\"section\">\n\t\t\t\t\t\t<div class=\"elementor-container elementor-column-gap-default\">\n\t\t\t\t\t<div class=\"elementor-column elementor-col-33 elementor-inner-column elementor-element elementor-element-e94c64b\" data-id=\"e94c64b\" data-element_type=\"column\" data-e-type=\"column\">\n\t\t\t<div class=\"elementor-widget-wrap elementor-element-populated\">\n\t\t\t\t\t\t<div class=\"elementor-element elementor-element-afc7d8e elementor-view-default elementor-widget elementor-widget-icon\" data-id=\"afc7d8e\" data-element_type=\"widget\" data-e-type=\"widget\" data-widget_type=\"icon.default\">\n\t\t\t\t<div class=\"elementor-widget-container\">\n\t\t\t\t\t\t\t<div class=\"elementor-icon-wrapper\">\n\t\t\t<div class=\"elementor-icon\">\n\t\t\t<i aria-hidden=\"true\" class=\"far fa-clock\"><\/i>\t\t\t<\/div>\n\t\t<\/div>\n\t\t\t\t\t\t<\/div>\n\t\t\t\t<\/div>\n\t\t\t\t<div class=\"elementor-element elementor-element-6ffc3bf elementor-widget elementor-widget-text-editor\" data-id=\"6ffc3bf\" data-element_type=\"widget\" data-e-type=\"widget\" data-widget_type=\"text-editor.default\">\n\t\t\t\t<div class=\"elementor-widget-container\">\n\t\t\t\t\t\t\t\t\t<p>The museum is open:<br \/>Saturday Sunday<br \/>10.00-16.00<\/p>\t\t\t\t\t\t\t\t<\/div>\n\t\t\t\t<\/div>\n\t\t\t\t\t<\/div>\n\t\t<\/div>\n\t\t\t\t<div class=\"elementor-column elementor-col-33 elementor-inner-column elementor-element elementor-element-2390d5a\" data-id=\"2390d5a\" data-element_type=\"column\" data-e-type=\"column\">\n\t\t\t<div class=\"elementor-widget-wrap elementor-element-populated\">\n\t\t\t\t\t\t<div class=\"elementor-element elementor-element-a97a63f elementor-view-default elementor-widget elementor-widget-icon\" data-id=\"a97a63f\" data-element_type=\"widget\" data-e-type=\"widget\" data-widget_type=\"icon.default\">\n\t\t\t\t<div class=\"elementor-widget-container\">\n\t\t\t\t\t\t\t<div class=\"elementor-icon-wrapper\">\n\t\t\t<div class=\"elementor-icon\">\n\t\t\t<i aria-hidden=\"true\" class=\"fas fa-money-check\"><\/i>\t\t\t<\/div>\n\t\t<\/div>\n\t\t\t\t\t\t<\/div>\n\t\t\t\t<\/div>\n\t\t\t\t<div class=\"elementor-element elementor-element-655d08e elementor-widget elementor-widget-text-editor\" data-id=\"655d08e\" data-element_type=\"widget\" data-e-type=\"widget\" data-widget_type=\"text-editor.default\">\n\t\t\t\t<div class=\"elementor-widget-container\">\n\t\t\t\t\t\t\t\t\t<p style=\"text-align: center;\">On the second and third floors, there are money boxes where donations can be made for the maintenance of the Museum.<\/p><p style=\"text-align: center;\">\u00a0<\/p>\t\t\t\t\t\t\t\t<\/div>\n\t\t\t\t<\/div>\n\t\t\t\t\t<\/div>\n\t\t<\/div>\n\t\t\t\t<div class=\"elementor-column elementor-col-33 elementor-inner-column elementor-element elementor-element-61273af\" data-id=\"61273af\" data-element_type=\"column\" data-e-type=\"column\">\n\t\t\t<div class=\"elementor-widget-wrap elementor-element-populated\">\n\t\t\t\t\t\t<div class=\"elementor-element elementor-element-b58b1ce elementor-view-default elementor-widget elementor-widget-icon\" data-id=\"b58b1ce\" data-element_type=\"widget\" data-e-type=\"widget\" data-widget_type=\"icon.default\">\n\t\t\t\t<div class=\"elementor-widget-container\">\n\t\t\t\t\t\t\t<div class=\"elementor-icon-wrapper\">\n\t\t\t<div class=\"elementor-icon\">\n\t\t\t<i aria-hidden=\"true\" class=\"fas fa-phone-alt\"><\/i>\t\t\t<\/div>\n\t\t<\/div>\n\t\t\t\t\t\t<\/div>\n\t\t\t\t<\/div>\n\t\t\t\t<div class=\"elementor-element elementor-element-62ab808 elementor-widget elementor-widget-text-editor\" data-id=\"62ab808\" data-element_type=\"widget\" data-e-type=\"widget\" data-widget_type=\"text-editor.default\">\n\t\t\t\t<div class=\"elementor-widget-container\">\n\t\t\t\t\t\t\t\t\t<p style=\"text-align: center;\">Contact with the Museum office:<br \/>Tel .: (+48) 63 270 86 35<br \/>e-mail: <a href=\"mailto:muzeum@lichen.pl\"><span style=\"text-decoration: underline;\">muzeum@lichen.pl<\/span><\/a><\/p>\t\t\t\t\t\t\t\t<\/div>\n\t\t\t\t<\/div>\n\t\t\t\t<div class=\"elementor-element elementor-element-4e0eb78 elementor-align-center elementor-widget elementor-widget-button\" data-id=\"4e0eb78\" data-element_type=\"widget\" data-e-type=\"widget\" data-widget_type=\"button.default\">\n\t\t\t\t<div class=\"elementor-widget-container\">\n\t\t\t\t\t\t\t\t\t<div class=\"elementor-button-wrapper\">\n\t\t\t\t\t<a class=\"elementor-button elementor-button-link elementor-size-xs\" href=\"https:\/\/www.facebook.com\/MuzeumLichen\" target=\"_blank\">\n\t\t\t\t\t\t<span class=\"elementor-button-content-wrapper\">\n\t\t\t\t\t\t<span class=\"elementor-button-icon\">\n\t\t\t\t<i aria-hidden=\"true\" class=\"fab fa-facebook\"><\/i>\t\t\t<\/span>\n\t\t\t\t\t\t\t\t\t<span class=\"elementor-button-text\">facebook<\/span>\n\t\t\t\t\t<\/span>\n\t\t\t\t\t<\/a>\n\t\t\t\t<\/div>\n\t\t\t\t\t\t\t\t<\/div>\n\t\t\t\t<\/div>\n\t\t\t\t\t<\/div>\n\t\t<\/div>\n\t\t\t\t\t<\/div>\n\t\t<\/section>\n\t\t\t\t<div class=\"elementor-element elementor-element-b4473fb elementor-widget elementor-widget-spacer\" data-id=\"b4473fb\" data-element_type=\"widget\" data-e-type=\"widget\" data-widget_type=\"spacer.default\">\n\t\t\t\t<div class=\"elementor-widget-container\">\n\t\t\t\t\t\t\t<div class=\"elementor-spacer\">\n\t\t\t<div class=\"elementor-spacer-inner\"><\/div>\n\t\t<\/div>\n\t\t\t\t\t\t<\/div>\n\t\t\t\t<\/div>\n\t\t\t\t<div class=\"elementor-element elementor-element-7262071 elementor-align-right elementor-widget elementor-widget-button\" data-id=\"7262071\" data-element_type=\"widget\" data-e-type=\"widget\" data-widget_type=\"button.default\">\n\t\t\t\t<div class=\"elementor-widget-container\">\n\t\t\t\t\t\t\t\t\t<div class=\"elementor-button-wrapper\">\n\t\t\t\t\t<a class=\"elementor-button elementor-button-link elementor-size-xs elementor-animation-wobble-bottom\" href=\"https:\/\/www.lichen.pl\/en\/golgota\/\">\n\t\t\t\t\t\t<span class=\"elementor-button-content-wrapper\">\n\t\t\t\t\t\t<span class=\"elementor-button-icon\">\n\t\t\t\t<i aria-hidden=\"true\" class=\"fas fa-arrow-right\"><\/i>\t\t\t<\/span>\n\t\t\t\t\t\t\t\t\t<span class=\"elementor-button-text\">Important places - Golgotha &quot;Stone Mountain&quot;<\/span>\n\t\t\t\t\t<\/span>\n\t\t\t\t\t<\/a>\n\t\t\t\t<\/div>\n\t\t\t\t\t\t\t\t<\/div>\n\t\t\t\t<\/div>\n\t\t\t\t<div class=\"elementor-element elementor-element-027014f elementor-widget-divider--view-line elementor-widget elementor-widget-divider\" data-id=\"027014f\" data-element_type=\"widget\" data-e-type=\"widget\" data-widget_type=\"divider.default\">\n\t\t\t\t<div class=\"elementor-widget-container\">\n\t\t\t\t\t\t\t<div class=\"elementor-divider\">\n\t\t\t<span class=\"elementor-divider-separator\">\n\t\t\t\t\t\t<\/span>\n\t\t<\/div>\n\t\t\t\t\t\t<\/div>\n\t\t\t\t<\/div>\n\t\t\t\t<div class=\"elementor-element elementor-element-bfecbd3 elementor-widget elementor-widget-gallery\" data-id=\"bfecbd3\" data-element_type=\"widget\" data-e-type=\"widget\" data-settings=\"{&quot;columns&quot;:3,&quot;lazyload&quot;:&quot;yes&quot;,&quot;gallery_layout&quot;:&quot;grid&quot;,&quot;columns_tablet&quot;:2,&quot;columns_mobile&quot;:1,&quot;gap&quot;:{&quot;unit&quot;:&quot;px&quot;,&quot;size&quot;:10,&quot;sizes&quot;:[]},&quot;gap_tablet&quot;:{&quot;unit&quot;:&quot;px&quot;,&quot;size&quot;:10,&quot;sizes&quot;:[]},&quot;gap_mobile&quot;:{&quot;unit&quot;:&quot;px&quot;,&quot;size&quot;:10,&quot;sizes&quot;:[]},&quot;link_to&quot;:&quot;file&quot;,&quot;aspect_ratio&quot;:&quot;3:2&quot;,&quot;overlay_background&quot;:&quot;yes&quot;,&quot;content_hover_animation&quot;:&quot;fade-in&quot;}\" data-widget_type=\"gallery.default\">\n\t\t\t\t<div class=\"elementor-widget-container\">\n\t\t\t\t\t\t\t<div class=\"elementor-gallery__container\">\n\t\t\t\t\t\t\t<a class=\"e-gallery-item elementor-gallery-item elementor-animated-content\" href=\"https:\/\/www.lichen.pl\/wp-content\/uploads\/2021\/04\/Muzeum-im-ks.-Jozefa-Jarzebowksiego-w-Licheniu-1.jpg\" data-elementor-open-lightbox=\"yes\" data-elementor-lightbox-slideshow=\"bfecbd3\" data-elementor-lightbox-title=\"Muzeum im ks. J\u00f3zefa Jarz\u0119bowskiego w Licheniu\" data-e-action-hash=\"#elementor-action%3Aaction%3Dlightbox%26settings%3DeyJpZCI6NTU2NSwidXJsIjoiaHR0cHM6XC9cL3d3dy5saWNoZW4ucGxcL3dwLWNvbnRlbnRcL3VwbG9hZHNcLzIwMjFcLzA0XC9NdXpldW0taW0ta3MuLUpvemVmYS1KYXJ6ZWJvd2tzaWVnby13LUxpY2hlbml1LTEuanBnIiwic2xpZGVzaG93IjoiYmZlY2JkMyJ9\">\n\t\t\t\t\t<div class=\"e-gallery-image elementor-gallery-item__image\" data-thumbnail=\"https:\/\/www.lichen.pl\/wp-content\/uploads\/2021\/04\/Muzeum-im-ks.-Jozefa-Jarzebowksiego-w-Licheniu-1-300x200.jpg\" data-width=\"300\" data-height=\"200\" aria-label=\"\" role=\"img\" ><\/div>\n\t\t\t\t\t\t\t\t\t\t\t<div class=\"elementor-gallery-item__overlay\"><\/div>\n\t\t\t\t\t\t\t\t\t\t\t\t\t\t<\/a>\n\t\t\t\t\t\t\t<a class=\"e-gallery-item elementor-gallery-item elementor-animated-content\" href=\"https:\/\/www.lichen.pl\/wp-content\/uploads\/2021\/04\/Muzeum-im-ks.-Jozefa-Jarzebowksiego-w-Licheniu-2.jpg\" data-elementor-open-lightbox=\"yes\" data-elementor-lightbox-slideshow=\"bfecbd3\" data-elementor-lightbox-title=\"Muzeum im ks. J\u00f3zefa Jarz\u0119bowksiego w Licheniu\" data-e-action-hash=\"#elementor-action%3Aaction%3Dlightbox%26settings%3DeyJpZCI6NTU3MCwidXJsIjoiaHR0cHM6XC9cL3d3dy5saWNoZW4ucGxcL3dwLWNvbnRlbnRcL3VwbG9hZHNcLzIwMjFcLzA0XC9NdXpldW0taW0ta3MuLUpvemVmYS1KYXJ6ZWJvd2tzaWVnby13LUxpY2hlbml1LTIuanBnIiwic2xpZGVzaG93IjoiYmZlY2JkMyJ9\">\n\t\t\t\t\t<div class=\"e-gallery-image elementor-gallery-item__image\" data-thumbnail=\"https:\/\/www.lichen.pl\/wp-content\/uploads\/2021\/04\/Muzeum-im-ks.-Jozefa-Jarzebowksiego-w-Licheniu-2-300x225.jpg\" data-width=\"300\" data-height=\"225\" aria-label=\"\" role=\"img\" ><\/div>\n\t\t\t\t\t\t\t\t\t\t\t<div class=\"elementor-gallery-item__overlay\"><\/div>\n\t\t\t\t\t\t\t\t\t\t\t\t\t\t<\/a>\n\t\t\t\t\t\t\t<a class=\"e-gallery-item elementor-gallery-item elementor-animated-content\" href=\"https:\/\/www.lichen.pl\/wp-content\/uploads\/2021\/04\/Muzeum-im-ks.-Jozefa-Jarzebowksiego-w-Licheniu-3.jpg\" data-elementor-open-lightbox=\"yes\" data-elementor-lightbox-slideshow=\"bfecbd3\" data-elementor-lightbox-title=\"Muzeum im ks. J\u00f3zefa Jarz\u0119bowskiego w Licheniu\" data-e-action-hash=\"#elementor-action%3Aaction%3Dlightbox%26settings%3DeyJpZCI6NTU3NSwidXJsIjoiaHR0cHM6XC9cL3d3dy5saWNoZW4ucGxcL3dwLWNvbnRlbnRcL3VwbG9hZHNcLzIwMjFcLzA0XC9NdXpldW0taW0ta3MuLUpvemVmYS1KYXJ6ZWJvd2tzaWVnby13LUxpY2hlbml1LTMuanBnIiwic2xpZGVzaG93IjoiYmZlY2JkMyJ9\">\n\t\t\t\t\t<div class=\"e-gallery-image elementor-gallery-item__image\" data-thumbnail=\"https:\/\/www.lichen.pl\/wp-content\/uploads\/2021\/04\/Muzeum-im-ks.-Jozefa-Jarzebowksiego-w-Licheniu-3-300x200.jpg\" data-width=\"300\" data-height=\"200\" aria-label=\"\" role=\"img\" ><\/div>\n\t\t\t\t\t\t\t\t\t\t\t<div class=\"elementor-gallery-item__overlay\"><\/div>\n\t\t\t\t\t\t\t\t\t\t\t\t\t\t<\/a>\n\t\t\t\t\t<\/div>\n\t\t\t\t\t<\/div>\n\t\t\t\t<\/div>\n\t\t\t\t<div class=\"elementor-element elementor-element-64cb749 elementor-widget-divider--view-line elementor-widget elementor-widget-divider\" data-id=\"64cb749\" data-element_type=\"widget\" data-e-type=\"widget\" data-widget_type=\"divider.default\">\n\t\t\t\t<div class=\"elementor-widget-container\">\n\t\t\t\t\t\t\t<div class=\"elementor-divider\">\n\t\t\t<span class=\"elementor-divider-separator\">\n\t\t\t\t\t\t<\/span>\n\t\t<\/div>\n\t\t\t\t\t\t<\/div>\n\t\t\t\t<\/div>\n\t\t\t\t\t<\/div>\n\t\t<\/div>\n\t\t\t\t<div class=\"elementor-column elementor-col-33 elementor-top-column elementor-element elementor-element-283e4ff7\" data-id=\"283e4ff7\" data-element_type=\"column\" data-e-type=\"column\" data-settings=\"{&quot;background_background&quot;:&quot;classic&quot;}\">\n\t\t\t<div class=\"elementor-widget-wrap elementor-element-populated\">\n\t\t\t\t\t\t\t<\/div>\n\t\t<\/div>\n\t\t\t\t\t<\/div>\n\t\t<\/section>\n\t\t\t\t<\/div>","protected":false},"excerpt":{"rendered":"<p>MUZEUM IM. KS. J\u00d3ZEFA JARZ\u0118BOWSKIEGO Muzeum im. ks. J\u00f3zefa Jarz\u0119bowskiego znajduje si\u0119 w tylnej cz\u0119\u015bci bazyliki. W kolekcji muzeum znajduj\u0105 si\u0119 m.in. starodruki polskie i obce od XVI do XVIII wieku, listy i autografy kr\u00f3lewskie, r\u0119kopisy pisarzy polskich z epoki romantyzmu, pozytywizmu i M\u0142odej Polski. Wa\u017cne miejsce w kolekcji muzealnej zajmuje jeden z najwi\u0119kszych w [&hellip;]<\/p>\n","protected":false},"author":1,"featured_media":0,"parent":0,"menu_order":0,"comment_status":"closed","ping_status":"closed","template":"elementor_header_footer","meta":{"footnotes":""},"class_list":["post-1446","page","type-page","status-publish","hentry","wpbf-post"],"yoast_head":"<!-- This site is optimized with the Yoast SEO plugin v27.4 - https:\/\/yoast.com\/product\/yoast-seo-wordpress\/ -->\n<title>Muzeum im. ks. J\u00f3zefa Jarz\u0119bowskiego - SANKTUARIUM W LICHENIU<\/title>\n<meta name=\"robots\" content=\"index, follow, max-snippet:-1, max-image-preview:large, max-video-preview:-1\" \/>\n<link rel=\"canonical\" href=\"https:\/\/www.lichen.pl\/en\/http-www-lichen-pl-muzeum-dla-zwiedzajacych-godziny-otwarcia\/\" \/>\n<meta property=\"og:locale\" content=\"en_GB\" \/>\n<meta property=\"og:type\" content=\"article\" \/>\n<meta property=\"og:title\" content=\"Muzeum im. ks. J\u00f3zefa Jarz\u0119bowskiego - SANKTUARIUM W LICHENIU\" \/>\n<meta property=\"og:description\" content=\"MUZEUM IM. KS. J\u00d3ZEFA JARZ\u0118BOWSKIEGO Muzeum im. ks. J\u00f3zefa Jarz\u0119bowskiego znajduje si\u0119 w tylnej cz\u0119\u015bci bazyliki. W kolekcji muzeum znajduj\u0105 si\u0119 m.in. starodruki polskie i obce od XVI do XVIII wieku, listy i autografy kr\u00f3lewskie, r\u0119kopisy pisarzy polskich z epoki romantyzmu, pozytywizmu i M\u0142odej Polski. Wa\u017cne miejsce w kolekcji muzealnej zajmuje jeden z najwi\u0119kszych w [&hellip;]\" \/>\n<meta property=\"og:url\" content=\"https:\/\/www.lichen.pl\/en\/http-www-lichen-pl-muzeum-dla-zwiedzajacych-godziny-otwarcia\/\" \/>\n<meta property=\"og:site_name\" content=\"SANKTUARIUM W LICHENIU\" \/>\n<meta property=\"article:modified_time\" content=\"2021-11-09T12:01:02+00:00\" \/>\n<meta name=\"twitter:card\" content=\"summary_large_image\" \/>\n<meta name=\"twitter:label1\" content=\"Estimated reading time\" \/>\n\t<meta name=\"twitter:data1\" content=\"2 minutes\" \/>\n<script type=\"application\/ld+json\" class=\"yoast-schema-graph\">{\"@context\":\"https:\\\/\\\/schema.org\",\"@graph\":[{\"@type\":\"WebPage\",\"@id\":\"https:\\\/\\\/www.lichen.pl\\\/en\\\/http-www-lichen-pl-muzeum-dla-zwiedzajacych-godziny-otwarcia\\\/\",\"url\":\"https:\\\/\\\/www.lichen.pl\\\/en\\\/http-www-lichen-pl-muzeum-dla-zwiedzajacych-godziny-otwarcia\\\/\",\"name\":\"Muzeum im. ks. J\u00f3zefa Jarz\u0119bowskiego - SANKTUARIUM W LICHENIU\",\"isPartOf\":{\"@id\":\"https:\\\/\\\/www.lichen.pl\\\/fr\\\/#website\"},\"datePublished\":\"2020-07-30T10:11:13+00:00\",\"dateModified\":\"2021-11-09T12:01:02+00:00\",\"breadcrumb\":{\"@id\":\"https:\\\/\\\/www.lichen.pl\\\/en\\\/http-www-lichen-pl-muzeum-dla-zwiedzajacych-godziny-otwarcia\\\/#breadcrumb\"},\"inLanguage\":\"en-GB\",\"potentialAction\":[{\"@type\":\"ReadAction\",\"target\":[\"https:\\\/\\\/www.lichen.pl\\\/en\\\/http-www-lichen-pl-muzeum-dla-zwiedzajacych-godziny-otwarcia\\\/\"]}]},{\"@type\":\"BreadcrumbList\",\"@id\":\"https:\\\/\\\/www.lichen.pl\\\/en\\\/http-www-lichen-pl-muzeum-dla-zwiedzajacych-godziny-otwarcia\\\/#breadcrumb\",\"itemListElement\":[{\"@type\":\"ListItem\",\"position\":1,\"name\":\"Strona g\u0142\u00f3wna\",\"item\":\"https:\\\/\\\/www.lichen.pl\\\/\"},{\"@type\":\"ListItem\",\"position\":2,\"name\":\"Muzeum im. ks. J\u00f3zefa Jarz\u0119bowskiego\"}]},{\"@type\":\"WebSite\",\"@id\":\"https:\\\/\\\/www.lichen.pl\\\/fr\\\/#website\",\"url\":\"https:\\\/\\\/www.lichen.pl\\\/fr\\\/\",\"name\":\"SANKTUARIUM W LICHENIU\",\"description\":\"MATKI BO\u017bEJ LICHE\u0143SKIEJ BOLESNEJ KR\u00d3LOWEJ POLSKI\",\"potentialAction\":[{\"@type\":\"SearchAction\",\"target\":{\"@type\":\"EntryPoint\",\"urlTemplate\":\"https:\\\/\\\/www.lichen.pl\\\/fr\\\/?s={search_term_string}\"},\"query-input\":{\"@type\":\"PropertyValueSpecification\",\"valueRequired\":true,\"valueName\":\"search_term_string\"}}],\"inLanguage\":\"en-GB\"}]}<\/script>\n<!-- \/ Yoast SEO plugin. -->","yoast_head_json":{"title":"Muzeum im. ks. J\u00f3zefa Jarz\u0119bowskiego - SANKTUARIUM W LICHENIU","robots":{"index":"index","follow":"follow","max-snippet":"max-snippet:-1","max-image-preview":"max-image-preview:large","max-video-preview":"max-video-preview:-1"},"canonical":"https:\/\/www.lichen.pl\/en\/http-www-lichen-pl-muzeum-dla-zwiedzajacych-godziny-otwarcia\/","og_locale":"en_GB","og_type":"article","og_title":"Muzeum im. ks. J\u00f3zefa Jarz\u0119bowskiego - SANKTUARIUM W LICHENIU","og_description":"MUZEUM IM. KS. J\u00d3ZEFA JARZ\u0118BOWSKIEGO Muzeum im. ks. J\u00f3zefa Jarz\u0119bowskiego znajduje si\u0119 w tylnej cz\u0119\u015bci bazyliki. W kolekcji muzeum znajduj\u0105 si\u0119 m.in. starodruki polskie i obce od XVI do XVIII wieku, listy i autografy kr\u00f3lewskie, r\u0119kopisy pisarzy polskich z epoki romantyzmu, pozytywizmu i M\u0142odej Polski. Wa\u017cne miejsce w kolekcji muzealnej zajmuje jeden z najwi\u0119kszych w [&hellip;]","og_url":"https:\/\/www.lichen.pl\/en\/http-www-lichen-pl-muzeum-dla-zwiedzajacych-godziny-otwarcia\/","og_site_name":"SANKTUARIUM W LICHENIU","article_modified_time":"2021-11-09T12:01:02+00:00","twitter_card":"summary_large_image","twitter_misc":{"Estimated reading time":"2 minutes"},"schema":{"@context":"https:\/\/schema.org","@graph":[{"@type":"WebPage","@id":"https:\/\/www.lichen.pl\/en\/http-www-lichen-pl-muzeum-dla-zwiedzajacych-godziny-otwarcia\/","url":"https:\/\/www.lichen.pl\/en\/http-www-lichen-pl-muzeum-dla-zwiedzajacych-godziny-otwarcia\/","name":"Muzeum im. ks. J\u00f3zefa Jarz\u0119bowskiego - SANKTUARIUM W LICHENIU","isPartOf":{"@id":"https:\/\/www.lichen.pl\/fr\/#website"},"datePublished":"2020-07-30T10:11:13+00:00","dateModified":"2021-11-09T12:01:02+00:00","breadcrumb":{"@id":"https:\/\/www.lichen.pl\/en\/http-www-lichen-pl-muzeum-dla-zwiedzajacych-godziny-otwarcia\/#breadcrumb"},"inLanguage":"en-GB","potentialAction":[{"@type":"ReadAction","target":["https:\/\/www.lichen.pl\/en\/http-www-lichen-pl-muzeum-dla-zwiedzajacych-godziny-otwarcia\/"]}]},{"@type":"BreadcrumbList","@id":"https:\/\/www.lichen.pl\/en\/http-www-lichen-pl-muzeum-dla-zwiedzajacych-godziny-otwarcia\/#breadcrumb","itemListElement":[{"@type":"ListItem","position":1,"name":"Strona g\u0142\u00f3wna","item":"https:\/\/www.lichen.pl\/"},{"@type":"ListItem","position":2,"name":"Muzeum im. ks. J\u00f3zefa Jarz\u0119bowskiego"}]},{"@type":"WebSite","@id":"https:\/\/www.lichen.pl\/fr\/#website","url":"https:\/\/www.lichen.pl\/fr\/","name":"SANCTUARY IN LICHENIA","description":"OUR LICHEN&#039;S SORROWFUL QUEEN OF POLAND","potentialAction":[{"@type":"SearchAction","target":{"@type":"EntryPoint","urlTemplate":"https:\/\/www.lichen.pl\/fr\/?s={search_term_string}"},"query-input":{"@type":"PropertyValueSpecification","valueRequired":true,"valueName":"search_term_string"}}],"inLanguage":"en-GB"}]}},"_links":{"self":[{"href":"https:\/\/www.lichen.pl\/en\/wp-json\/wp\/v2\/pages\/1446","targetHints":{"allow":["GET"]}}],"collection":[{"href":"https:\/\/www.lichen.pl\/en\/wp-json\/wp\/v2\/pages"}],"about":[{"href":"https:\/\/www.lichen.pl\/en\/wp-json\/wp\/v2\/types\/page"}],"author":[{"embeddable":true,"href":"https:\/\/www.lichen.pl\/en\/wp-json\/wp\/v2\/users\/1"}],"replies":[{"embeddable":true,"href":"https:\/\/www.lichen.pl\/en\/wp-json\/wp\/v2\/comments?post=1446"}],"version-history":[{"count":68,"href":"https:\/\/www.lichen.pl\/en\/wp-json\/wp\/v2\/pages\/1446\/revisions"}],"predecessor-version":[{"id":33419,"href":"https:\/\/www.lichen.pl\/en\/wp-json\/wp\/v2\/pages\/1446\/revisions\/33419"}],"wp:attachment":[{"href":"https:\/\/www.lichen.pl\/en\/wp-json\/wp\/v2\/media?parent=1446"}],"curies":[{"name":"wp","href":"https:\/\/api.w.org\/{rel}","templated":true}]}}