{"id":2319,"date":"2020-09-15T10:29:50","date_gmt":"2020-09-15T10:29:50","guid":{"rendered":"http:\/\/www.lichen.pl\/muzeum\/o-muzeum\/poznaj-muzeum-copy\/"},"modified":"2025-03-21T12:16:18","modified_gmt":"2025-03-21T11:16:18","slug":"lekcje-muzealne","status":"publish","type":"page","link":"https:\/\/www.lichen.pl\/en\/muzeum-5\/oferta-edukacyjna\/lekcje-muzealne\/","title":{"rendered":"Museum lessons"},"content":{"rendered":"<div data-elementor-type=\"wp-page\" data-elementor-id=\"2319\" class=\"elementor elementor-2319\" data-elementor-post-type=\"page\">\n\t\t\t\t\t\t<section class=\"elementor-section elementor-top-section elementor-element elementor-element-3c4cb067 elementor-section-boxed elementor-section-height-default elementor-section-height-default\" data-id=\"3c4cb067\" data-element_type=\"section\" data-e-type=\"section\" data-settings=\"{&quot;background_background&quot;:&quot;classic&quot;}\">\n\t\t\t\t\t\t\t<div class=\"elementor-background-overlay\"><\/div>\n\t\t\t\t\t\t\t<div class=\"elementor-container elementor-column-gap-default\">\n\t\t\t\t\t<div class=\"elementor-column elementor-col-66 elementor-top-column elementor-element elementor-element-3a7fd4b7\" data-id=\"3a7fd4b7\" data-element_type=\"column\" data-e-type=\"column\">\n\t\t\t<div class=\"elementor-widget-wrap elementor-element-populated\">\n\t\t\t\t\t\t<div class=\"elementor-element elementor-element-5e94080a elementor-widget-divider--view-line_text elementor-widget-divider--element-align-center elementor-widget elementor-widget-divider\" data-id=\"5e94080a\" data-element_type=\"widget\" data-e-type=\"widget\" data-widget_type=\"divider.default\">\n\t\t\t\t<div class=\"elementor-widget-container\">\n\t\t\t\t\t\t\t<div class=\"elementor-divider\">\n\t\t\t<span class=\"elementor-divider-separator\">\n\t\t\t\t\t\t\t<span class=\"elementor-divider__text elementor-divider__element\">\n\t\t\t\tMuseum lessons\t\t\t\t<\/span>\n\t\t\t\t\t\t<\/span>\n\t\t<\/div>\n\t\t\t\t\t\t<\/div>\n\t\t\t\t<\/div>\n\t\t\t\t<div class=\"elementor-element elementor-element-93930cd elementor-widget elementor-widget-heading\" data-id=\"93930cd\" data-element_type=\"widget\" data-e-type=\"widget\" data-widget_type=\"heading.default\">\n\t\t\t\t<div class=\"elementor-widget-container\">\n\t\t\t\t\t<h1 class=\"elementor-heading-title elementor-size-large\">How to make children and young people interested in history?<\/h1>\t\t\t\t<\/div>\n\t\t\t\t<\/div>\n\t\t\t\t<div class=\"elementor-element elementor-element-d3c9636 elementor-widget elementor-widget-text-editor\" data-id=\"d3c9636\" data-element_type=\"widget\" data-e-type=\"widget\" data-widget_type=\"text-editor.default\">\n\t\t\t\t<div class=\"elementor-widget-container\">\n\t\t\t\t\t\t\t\t\t<p>A museum lesson is about going beyond the traditional framework of school education. By entering a museum with a little imagination, students can be transported to the heart of history. This form of communication arouses their natural curiosity, and the acquired knowledge is remembered for a long time.<\/p>\t\t\t\t\t\t\t\t<\/div>\n\t\t\t\t<\/div>\n\t\t\t\t<div class=\"elementor-element elementor-element-f9a4b90 elementor-widget elementor-widget-text-editor\" data-id=\"f9a4b90\" data-element_type=\"widget\" data-e-type=\"widget\" data-widget_type=\"text-editor.default\">\n\t\t\t\t<div class=\"elementor-widget-container\">\n\t\t\t\t\t\t\t\t\t<p><span style=\"text-decoration: underline;\">Who can take part?<\/span><\/p><p>Museum lessons are aimed at children of all primary school grades and high school students.<br \/>The class taking part in the classes cannot have more than 20 people. In the case of a larger number of students, division into groups is necessary.<\/p><p><span style=\"text-decoration: underline;\">How long is the lesson?<\/span><\/p><p>The duration of the lesson depends on the selected topic. Most often it is from 45 minutes. up to 1 hour<\/p><p>Lessons are held from Tuesday to Friday, from 10.00 a.m. - 3.00 p.m. If the group is more than 15 minutes late, the teacher has the right to cancel the classes.<\/p><p><span style=\"text-decoration: underline;\">How are the classes conducted?<\/span><\/p><p>All classes are conducted on the basis of museum exhibits, multimedia devices and film projections. Students have constant contact with the teacher. Learning the information is facilitated by educational games, quizzes and art classes.<\/p><p><span style=\"text-decoration: underline;\">What is the price?<\/span><br \/>Op\u0142ata za jedn\u0105 przeprowadzon\u0105 lekcj\u0119 uzale\u017cniona jest od ilo\u015bci uczni\u00f3w i wynosi 7 z\u0142 od osoby. <\/p><p style=\"text-align: center;\"><strong><span style=\"color: #800000;\">Enrollment:<\/span><\/strong><br \/><strong><span style=\"color: #800000;\">Museum of Fr. J. Jarz\u0119bowski<\/span><\/strong><br \/><strong><span style=\"color: #800000;\">ul. Klasztorna 4, 62-563 Lichen Stary<\/span><\/strong><br \/><strong><span style=\"color: #800000;\">tel. (+48) 63 270 86 35<\/span><\/strong><br \/><strong><span style=\"color: #800000;\">e-mail: muzeum@lichen.pl<\/span><\/strong><\/p><p style=\"text-align: center;\"><strong>or via our website:<\/strong><\/p><p style=\"text-align: center;\"><span style=\"color: #3366ff;\"><a style=\"color: #3366ff;\" href=\"https:\/\/www.facebook.com\/MuzeumLichen\"><span style=\"text-decoration: underline;\">Museum of Fr. J\u00f3zef Jarz\u0119bowski at the Marian Sanctuary in Liche\u0144 | Facebook<\/span><\/a><\/span><\/p><p style=\"text-align: left;\">When ordering, please provide: the topic of the lesson, date of classes, group size, school address, name and phone number of the group supervisor.<\/p><p style=\"text-align: left;\">\u2022 Lessons should be ordered at least two weeks in advance.<br \/>\u2022 The arrival must be confirmed by phone 2 days before the lesson.<br \/>\u2022 In the event of cancellation, please notify us as soon as possible.<\/p><p>Download folder: <a href=\"http:\/\/www.lichen.pl\/wp-content\/uploads\/2022\/01\/Lekcje-muzealne.pdf\" target=\"_blank\" rel=\"noopener\"><span style=\"text-decoration: underline; color: #800000;\">museum lessons<\/span><\/a><\/p>\t\t\t\t\t\t\t\t<\/div>\n\t\t\t\t<\/div>\n\t\t\t\t<div class=\"elementor-element elementor-element-4389823 elementor-widget-divider--view-line elementor-widget elementor-widget-divider\" data-id=\"4389823\" data-element_type=\"widget\" data-e-type=\"widget\" data-widget_type=\"divider.default\">\n\t\t\t\t<div class=\"elementor-widget-container\">\n\t\t\t\t\t\t\t<div class=\"elementor-divider\">\n\t\t\t<span class=\"elementor-divider-separator\">\n\t\t\t\t\t\t<\/span>\n\t\t<\/div>\n\t\t\t\t\t\t<\/div>\n\t\t\t\t<\/div>\n\t\t\t\t\t<\/div>\n\t\t<\/div>\n\t\t\t\t<div class=\"elementor-column elementor-col-33 elementor-top-column elementor-element elementor-element-5c11a501\" data-id=\"5c11a501\" data-element_type=\"column\" data-e-type=\"column\" data-settings=\"{&quot;background_background&quot;:&quot;classic&quot;}\">\n\t\t\t<div class=\"elementor-widget-wrap elementor-element-populated\">\n\t\t\t\t\t\t\t<\/div>\n\t\t<\/div>\n\t\t\t\t\t<\/div>\n\t\t<\/section>\n\t\t\t\t<\/div>","protected":false},"excerpt":{"rendered":"<p>Jak zainteresowa\u0107 dzieci i m\u0142odzie\u017c histori\u0105? Lekcja muzealna to wyj\u015bcie poza tradycyjne ramy szkolnego nauczania. Wchodz\u0105c do muzeum dzi\u0119ki odrobinie wyobra\u017ani, uczniowie mog\u0105 przenie\u015b\u0107 si\u0119 w samo serce historii. Taka forma przekazu rozbudza ich naturaln\u0105 ciekawo\u015b\u0107, a zdobyta wiedza zapada w pami\u0119ci na d\u0142ugo. Kto mo\u017ce wzi\u0105\u0107 udzia\u0142? Lekcje muzealne skierowane s\u0105 do dzieci wszystkich [&hellip;]<\/p>\n","protected":false},"author":1,"featured_media":0,"parent":2305,"menu_order":0,"comment_status":"closed","ping_status":"closed","template":"elementor_header_footer","meta":{"footnotes":""},"class_list":["post-2319","page","type-page","status-publish","hentry","wpbf-post"],"yoast_head":"<!-- This site is optimized with the Yoast SEO plugin v27.4 - https:\/\/yoast.com\/product\/yoast-seo-wordpress\/ -->\n<title>Lekcje muzealne - SANKTUARIUM W LICHENIU<\/title>\n<meta name=\"robots\" content=\"index, follow, max-snippet:-1, max-image-preview:large, max-video-preview:-1\" \/>\n<link rel=\"canonical\" href=\"https:\/\/www.lichen.pl\/en\/muzeum-5\/oferta-edukacyjna\/lekcje-muzealne\/\" \/>\n<meta property=\"og:locale\" content=\"en_GB\" \/>\n<meta property=\"og:type\" content=\"article\" \/>\n<meta property=\"og:title\" content=\"Lekcje muzealne - SANKTUARIUM W LICHENIU\" \/>\n<meta property=\"og:description\" content=\"Jak zainteresowa\u0107 dzieci i m\u0142odzie\u017c histori\u0105? Lekcja muzealna to wyj\u015bcie poza tradycyjne ramy szkolnego nauczania. Wchodz\u0105c do muzeum dzi\u0119ki odrobinie wyobra\u017ani, uczniowie mog\u0105 przenie\u015b\u0107 si\u0119 w samo serce historii. Taka forma przekazu rozbudza ich naturaln\u0105 ciekawo\u015b\u0107, a zdobyta wiedza zapada w pami\u0119ci na d\u0142ugo. Kto mo\u017ce wzi\u0105\u0107 udzia\u0142? Lekcje muzealne skierowane s\u0105 do dzieci wszystkich [&hellip;]\" \/>\n<meta property=\"og:url\" content=\"https:\/\/www.lichen.pl\/en\/muzeum-5\/oferta-edukacyjna\/lekcje-muzealne\/\" \/>\n<meta property=\"og:site_name\" content=\"SANKTUARIUM W LICHENIU\" \/>\n<meta property=\"article:modified_time\" content=\"2025-03-21T11:16:18+00:00\" \/>\n<meta name=\"twitter:card\" content=\"summary_large_image\" \/>\n<meta name=\"twitter:label1\" content=\"Estimated reading time\" \/>\n\t<meta name=\"twitter:data1\" content=\"2 minutes\" \/>\n<script type=\"application\/ld+json\" class=\"yoast-schema-graph\">{\"@context\":\"https:\\\/\\\/schema.org\",\"@graph\":[{\"@type\":\"WebPage\",\"@id\":\"https:\\\/\\\/www.lichen.pl\\\/muzeum-5\\\/oferta-edukacyjna\\\/lekcje-muzealne\\\/\",\"url\":\"https:\\\/\\\/www.lichen.pl\\\/muzeum-5\\\/oferta-edukacyjna\\\/lekcje-muzealne\\\/\",\"name\":\"Lekcje muzealne - SANKTUARIUM W LICHENIU\",\"isPartOf\":{\"@id\":\"https:\\\/\\\/www.lichen.pl\\\/fr\\\/#website\"},\"datePublished\":\"2020-09-15T10:29:50+00:00\",\"dateModified\":\"2025-03-21T11:16:18+00:00\",\"breadcrumb\":{\"@id\":\"https:\\\/\\\/www.lichen.pl\\\/muzeum-5\\\/oferta-edukacyjna\\\/lekcje-muzealne\\\/#breadcrumb\"},\"inLanguage\":\"en-GB\",\"potentialAction\":[{\"@type\":\"ReadAction\",\"target\":[\"https:\\\/\\\/www.lichen.pl\\\/muzeum-5\\\/oferta-edukacyjna\\\/lekcje-muzealne\\\/\"]}]},{\"@type\":\"BreadcrumbList\",\"@id\":\"https:\\\/\\\/www.lichen.pl\\\/muzeum-5\\\/oferta-edukacyjna\\\/lekcje-muzealne\\\/#breadcrumb\",\"itemListElement\":[{\"@type\":\"ListItem\",\"position\":1,\"name\":\"Strona g\u0142\u00f3wna\",\"item\":\"https:\\\/\\\/www.lichen.pl\\\/\"},{\"@type\":\"ListItem\",\"position\":2,\"name\":\"Muzeum\",\"item\":\"https:\\\/\\\/www.lichen.pl\\\/muzeum-5\\\/\"},{\"@type\":\"ListItem\",\"position\":3,\"name\":\"Oferta edukacyjna\",\"item\":\"https:\\\/\\\/www.lichen.pl\\\/muzeum-5\\\/oferta-edukacyjna\\\/\"},{\"@type\":\"ListItem\",\"position\":4,\"name\":\"Lekcje muzealne\"}]},{\"@type\":\"WebSite\",\"@id\":\"https:\\\/\\\/www.lichen.pl\\\/fr\\\/#website\",\"url\":\"https:\\\/\\\/www.lichen.pl\\\/fr\\\/\",\"name\":\"SANKTUARIUM W LICHENIU\",\"description\":\"MATKI BO\u017bEJ LICHE\u0143SKIEJ BOLESNEJ KR\u00d3LOWEJ POLSKI\",\"potentialAction\":[{\"@type\":\"SearchAction\",\"target\":{\"@type\":\"EntryPoint\",\"urlTemplate\":\"https:\\\/\\\/www.lichen.pl\\\/fr\\\/?s={search_term_string}\"},\"query-input\":{\"@type\":\"PropertyValueSpecification\",\"valueRequired\":true,\"valueName\":\"search_term_string\"}}],\"inLanguage\":\"en-GB\"}]}<\/script>\n<!-- \/ Yoast SEO plugin. -->","yoast_head_json":{"title":"Lekcje muzealne - SANKTUARIUM W LICHENIU","robots":{"index":"index","follow":"follow","max-snippet":"max-snippet:-1","max-image-preview":"max-image-preview:large","max-video-preview":"max-video-preview:-1"},"canonical":"https:\/\/www.lichen.pl\/en\/muzeum-5\/oferta-edukacyjna\/lekcje-muzealne\/","og_locale":"en_GB","og_type":"article","og_title":"Lekcje muzealne - SANKTUARIUM W LICHENIU","og_description":"Jak zainteresowa\u0107 dzieci i m\u0142odzie\u017c histori\u0105? Lekcja muzealna to wyj\u015bcie poza tradycyjne ramy szkolnego nauczania. Wchodz\u0105c do muzeum dzi\u0119ki odrobinie wyobra\u017ani, uczniowie mog\u0105 przenie\u015b\u0107 si\u0119 w samo serce historii. Taka forma przekazu rozbudza ich naturaln\u0105 ciekawo\u015b\u0107, a zdobyta wiedza zapada w pami\u0119ci na d\u0142ugo. Kto mo\u017ce wzi\u0105\u0107 udzia\u0142? Lekcje muzealne skierowane s\u0105 do dzieci wszystkich [&hellip;]","og_url":"https:\/\/www.lichen.pl\/en\/muzeum-5\/oferta-edukacyjna\/lekcje-muzealne\/","og_site_name":"SANKTUARIUM W LICHENIU","article_modified_time":"2025-03-21T11:16:18+00:00","twitter_card":"summary_large_image","twitter_misc":{"Estimated reading time":"2 minutes"},"schema":{"@context":"https:\/\/schema.org","@graph":[{"@type":"WebPage","@id":"https:\/\/www.lichen.pl\/muzeum-5\/oferta-edukacyjna\/lekcje-muzealne\/","url":"https:\/\/www.lichen.pl\/muzeum-5\/oferta-edukacyjna\/lekcje-muzealne\/","name":"Lekcje muzealne - SANKTUARIUM W LICHENIU","isPartOf":{"@id":"https:\/\/www.lichen.pl\/fr\/#website"},"datePublished":"2020-09-15T10:29:50+00:00","dateModified":"2025-03-21T11:16:18+00:00","breadcrumb":{"@id":"https:\/\/www.lichen.pl\/muzeum-5\/oferta-edukacyjna\/lekcje-muzealne\/#breadcrumb"},"inLanguage":"en-GB","potentialAction":[{"@type":"ReadAction","target":["https:\/\/www.lichen.pl\/muzeum-5\/oferta-edukacyjna\/lekcje-muzealne\/"]}]},{"@type":"BreadcrumbList","@id":"https:\/\/www.lichen.pl\/muzeum-5\/oferta-edukacyjna\/lekcje-muzealne\/#breadcrumb","itemListElement":[{"@type":"ListItem","position":1,"name":"Strona g\u0142\u00f3wna","item":"https:\/\/www.lichen.pl\/"},{"@type":"ListItem","position":2,"name":"Muzeum","item":"https:\/\/www.lichen.pl\/muzeum-5\/"},{"@type":"ListItem","position":3,"name":"Oferta edukacyjna","item":"https:\/\/www.lichen.pl\/muzeum-5\/oferta-edukacyjna\/"},{"@type":"ListItem","position":4,"name":"Lekcje muzealne"}]},{"@type":"WebSite","@id":"https:\/\/www.lichen.pl\/fr\/#website","url":"https:\/\/www.lichen.pl\/fr\/","name":"SANCTUARY IN LICHENIA","description":"OUR LICHEN&#039;S SORROWFUL QUEEN OF POLAND","potentialAction":[{"@type":"SearchAction","target":{"@type":"EntryPoint","urlTemplate":"https:\/\/www.lichen.pl\/fr\/?s={search_term_string}"},"query-input":{"@type":"PropertyValueSpecification","valueRequired":true,"valueName":"search_term_string"}}],"inLanguage":"en-GB"}]}},"_links":{"self":[{"href":"https:\/\/www.lichen.pl\/en\/wp-json\/wp\/v2\/pages\/2319","targetHints":{"allow":["GET"]}}],"collection":[{"href":"https:\/\/www.lichen.pl\/en\/wp-json\/wp\/v2\/pages"}],"about":[{"href":"https:\/\/www.lichen.pl\/en\/wp-json\/wp\/v2\/types\/page"}],"author":[{"embeddable":true,"href":"https:\/\/www.lichen.pl\/en\/wp-json\/wp\/v2\/users\/1"}],"replies":[{"embeddable":true,"href":"https:\/\/www.lichen.pl\/en\/wp-json\/wp\/v2\/comments?post=2319"}],"version-history":[{"count":50,"href":"https:\/\/www.lichen.pl\/en\/wp-json\/wp\/v2\/pages\/2319\/revisions"}],"predecessor-version":[{"id":81037,"href":"https:\/\/www.lichen.pl\/en\/wp-json\/wp\/v2\/pages\/2319\/revisions\/81037"}],"up":[{"embeddable":true,"href":"https:\/\/www.lichen.pl\/en\/wp-json\/wp\/v2\/pages\/2305"}],"wp:attachment":[{"href":"https:\/\/www.lichen.pl\/en\/wp-json\/wp\/v2\/media?parent=2319"}],"curies":[{"name":"wp","href":"https:\/\/api.w.org\/{rel}","templated":true}]}}