{"id":37826,"date":"2022-03-24T08:21:49","date_gmt":"2022-03-24T07:21:49","guid":{"rendered":"https:\/\/www.lichen.pl\/?page_id=37826"},"modified":"2022-03-24T09:00:01","modified_gmt":"2022-03-24T08:00:01","slug":"akt-poswiecenia-niepokalanemu-sercu-najswietszej-maryi-panny","status":"publish","type":"page","link":"https:\/\/www.lichen.pl\/en\/akt-poswiecenia-niepokalanemu-sercu-najswietszej-maryi-panny\/","title":{"rendered":"Akt po\u015bwi\u0119cenia Niepokalanemu Sercu Naj\u015bwi\u0119tszej Maryi Panny"},"content":{"rendered":"<div data-elementor-type=\"wp-page\" data-elementor-id=\"37826\" class=\"elementor elementor-37826\" data-elementor-post-type=\"page\">\n\t\t\t\t\t\t<section class=\"elementor-section elementor-top-section elementor-element elementor-element-ac898f1 elementor-section-boxed elementor-section-height-default elementor-section-height-default\" data-id=\"ac898f1\" data-element_type=\"section\" data-e-type=\"section\">\n\t\t\t\t\t\t<div class=\"elementor-container elementor-column-gap-default\">\n\t\t\t\t\t<div class=\"elementor-column elementor-col-100 elementor-top-column elementor-element elementor-element-c6e245d\" data-id=\"c6e245d\" data-element_type=\"column\" data-e-type=\"column\">\n\t\t\t<div class=\"elementor-widget-wrap elementor-element-populated\">\n\t\t\t\t\t\t<div class=\"elementor-element elementor-element-ebd2750 elementor-widget elementor-widget-heading\" data-id=\"ebd2750\" data-element_type=\"widget\" data-e-type=\"widget\" data-widget_type=\"heading.default\">\n\t\t\t\t<div class=\"elementor-widget-container\">\n\t\t\t\t\t<h2 class=\"elementor-heading-title elementor-size-default\">The text of the Act that Father Francis will pronounce on the feast of the Annunciation, on March 25, at 17.00 in the Vatican Basilica in communion with all the bishops of the world and with the whole universal Church.<\/h2>\t\t\t\t<\/div>\n\t\t\t\t<\/div>\n\t\t\t\t<div class=\"elementor-element elementor-element-bdf6a3f elementor-widget elementor-widget-spacer\" data-id=\"bdf6a3f\" data-element_type=\"widget\" data-e-type=\"widget\" data-widget_type=\"spacer.default\">\n\t\t\t\t<div class=\"elementor-widget-container\">\n\t\t\t\t\t\t\t<div class=\"elementor-spacer\">\n\t\t\t<div class=\"elementor-spacer-inner\"><\/div>\n\t\t<\/div>\n\t\t\t\t\t\t<\/div>\n\t\t\t\t<\/div>\n\t\t\t\t\t<\/div>\n\t\t<\/div>\n\t\t\t\t\t<\/div>\n\t\t<\/section>\n\t\t\t\t<section class=\"elementor-section elementor-top-section elementor-element elementor-element-3c77241 elementor-section-boxed elementor-section-height-default elementor-section-height-default\" data-id=\"3c77241\" data-element_type=\"section\" data-e-type=\"section\">\n\t\t\t\t\t\t<div class=\"elementor-container elementor-column-gap-default\">\n\t\t\t\t\t<div class=\"elementor-column elementor-col-33 elementor-top-column elementor-element elementor-element-f3872dd\" data-id=\"f3872dd\" data-element_type=\"column\" data-e-type=\"column\">\n\t\t\t<div class=\"elementor-widget-wrap elementor-element-populated\">\n\t\t\t\t\t\t<div class=\"elementor-element elementor-element-a41688e elementor-widget elementor-widget-image\" data-id=\"a41688e\" data-element_type=\"widget\" data-e-type=\"widget\" data-widget_type=\"image.default\">\n\t\t\t\t<div class=\"elementor-widget-container\">\n\t\t\t\t\t\t\t\t\t\t\t\t\t\t\t<img fetchpriority=\"high\" decoding=\"async\" width=\"687\" height=\"1024\" src=\"https:\/\/www.lichen.pl\/wp-content\/uploads\/2022\/03\/Matka-Boza-Lichenska--687x1024.jpg\" class=\"attachment-large size-large wp-image-37828\" alt=\"\" srcset=\"https:\/\/www.lichen.pl\/wp-content\/uploads\/2022\/03\/Matka-Boza-Lichenska--687x1024.jpg 687w, https:\/\/www.lichen.pl\/wp-content\/uploads\/2022\/03\/Matka-Boza-Lichenska--201x300.jpg 201w, https:\/\/www.lichen.pl\/wp-content\/uploads\/2022\/03\/Matka-Boza-Lichenska--8x12.jpg 8w, https:\/\/www.lichen.pl\/wp-content\/uploads\/2022\/03\/Matka-Boza-Lichenska-.jpg 712w\" sizes=\"(max-width: 687px) 100vw, 687px\" \/>\t\t\t\t\t\t\t\t\t\t\t\t\t\t\t<\/div>\n\t\t\t\t<\/div>\n\t\t\t\t\t<\/div>\n\t\t<\/div>\n\t\t\t\t<div class=\"elementor-column elementor-col-66 elementor-top-column elementor-element elementor-element-e70ba25\" data-id=\"e70ba25\" data-element_type=\"column\" data-e-type=\"column\">\n\t\t\t<div class=\"elementor-widget-wrap elementor-element-populated\">\n\t\t\t\t\t\t<div class=\"elementor-element elementor-element-60a42cf elementor-drop-cap-yes elementor-drop-cap-view-default elementor-widget elementor-widget-text-editor\" data-id=\"60a42cf\" data-element_type=\"widget\" data-e-type=\"widget\" data-settings=\"{&quot;drop_cap&quot;:&quot;yes&quot;}\" data-widget_type=\"text-editor.default\">\n\t\t\t\t<div class=\"elementor-widget-container\">\n\t\t\t\t\t\t\t\t\t<p>O Mary, Mother of God and our Mother, we turn to You in this hour of suffering. You are our Mother, you love us and you know us: nothing we carry in our hearts is hidden from you. Mother of mercy, we have experienced so many times your providential tenderness, your presence that restores our peace, because you always lead us to Jesus, the Prince of Peace.<\/p>\t\t\t\t\t\t\t\t<\/div>\n\t\t\t\t<\/div>\n\t\t\t\t<div class=\"elementor-element elementor-element-efcf9f3 elementor-widget elementor-widget-text-editor\" data-id=\"efcf9f3\" data-element_type=\"widget\" data-e-type=\"widget\" data-widget_type=\"text-editor.default\">\n\t\t\t\t<div class=\"elementor-widget-container\">\n\t\t\t\t\t\t\t\t\t<p>We, however, lost our way to peace. We forgot the lessons of the last century&#039;s tragedies, the sacrifice of the millions who died in world wars. We have disregarded the commitments made as the Commonwealth of Nations and we continue to betray the dreams of nations for peace and the hopes of young people. We have become sick with greed, shut ourselves up in nationalist interests, let ourselves be paralyzed by indifference and selfishness. We preferred to disregard God, live in our falsehood, fuel our aggression, destroy lives and stockpile weapons, forgetting that we are custodians of our neighbor and the common home we share. Through the war, we torn the earth&#039;s garden to pieces, we wounded the heart of our Father with sin, who wants us to be brothers and sisters. We have become indifferent to everyone and everything except ourselves. And now with shame we say: forgive us, Lord!\u00a0<\/p>\t\t\t\t\t\t\t\t<\/div>\n\t\t\t\t<\/div>\n\t\t\t\t\t<\/div>\n\t\t<\/div>\n\t\t\t\t\t<\/div>\n\t\t<\/section>\n\t\t\t\t<section class=\"elementor-section elementor-top-section elementor-element elementor-element-791ac50 elementor-section-boxed elementor-section-height-default elementor-section-height-default\" data-id=\"791ac50\" data-element_type=\"section\" data-e-type=\"section\">\n\t\t\t\t\t\t<div class=\"elementor-container elementor-column-gap-default\">\n\t\t\t\t\t<div class=\"elementor-column elementor-col-100 elementor-top-column elementor-element elementor-element-64229ea\" data-id=\"64229ea\" data-element_type=\"column\" data-e-type=\"column\">\n\t\t\t<div class=\"elementor-widget-wrap elementor-element-populated\">\n\t\t\t\t\t\t<div class=\"elementor-element elementor-element-b25ea36 elementor-widget elementor-widget-text-editor\" data-id=\"b25ea36\" data-element_type=\"widget\" data-e-type=\"widget\" data-widget_type=\"text-editor.default\">\n\t\t\t\t<div class=\"elementor-widget-container\">\n\t\t\t\t\t\t\t\t\t<p>\u00a0In the misery of sin, in our hardships and weaknesses, in the mystery of the iniquities of evil and war, you, Holy Mother, remind us that God does not abandon us, but still looks at us with love, desiring to forgive us and raise us up. It is He who gave you and made your Immaculate Heart a refuge for the Church and humanity. Because of God&#039;s goodness, you are with us and you lead us with tenderness even through the most complicated turns of history. So we resort to You, we knock on the door of Your Heart, we, Your beloved children, who you tirelessly visit at all times and encourage them to convert. In this dark hour, come to our aid and console us. Repeat to each of us: &quot;Am I, your Mother, not here?&quot; You know how to untangle our heart and the knots of our time. We trust in you. We are sure that you, especially in the time of trial, do not despise our prayers and come to our aid. This is what you did at Cana in Galilee, when you hastened the hour of Jesus&#039; action and announced His first sign in the world. When the feast turned to sorrow, you told him, &quot;They have no wine&quot; (Jn 2: 3). O Mother, repeat it to God, for today the guilt of hope is gone, joy has disappeared, brotherhood has blurred. We have lost our humanity, we have wasted peace. We have become capable of all violence and all destruction. How urgently we need your maternal intervention. So accept, O Mother, this plea.<\/p>\t\t\t\t\t\t\t\t<\/div>\n\t\t\t\t<\/div>\n\t\t\t\t\t<\/div>\n\t\t<\/div>\n\t\t\t\t\t<\/div>\n\t\t<\/section>\n\t\t\t\t<section class=\"elementor-section elementor-top-section elementor-element elementor-element-84df58f elementor-section-boxed elementor-section-height-default elementor-section-height-default\" data-id=\"84df58f\" data-element_type=\"section\" data-e-type=\"section\">\n\t\t\t\t\t\t<div class=\"elementor-container elementor-column-gap-default\">\n\t\t\t\t\t<div class=\"elementor-column elementor-col-66 elementor-top-column elementor-element elementor-element-9ffe775\" data-id=\"9ffe775\" data-element_type=\"column\" data-e-type=\"column\">\n\t\t\t<div class=\"elementor-widget-wrap elementor-element-populated\">\n\t\t\t\t\t\t<div class=\"elementor-element elementor-element-e16ec8a elementor-widget elementor-widget-text-editor\" data-id=\"e16ec8a\" data-element_type=\"widget\" data-e-type=\"widget\" data-widget_type=\"text-editor.default\">\n\t\t\t\t<div class=\"elementor-widget-container\">\n\t\t\t\t\t\t\t\t\t<p>You, Star of the Sea, do not let us become shipwrecked in a storm of war.<\/p><p>You, Ark of the New Covenant, inspire plans and paths of reconciliation.<\/p><p>You, &quot;Heaven Earth&quot;, bring God&#039;s consent to the world.<\/p><p>Quench hatred, remove revenge, teach us to forgive.<\/p><p>Free us from war, save the world from the nuclear threat.<\/p><p>Queen of the Holy Rosary, awaken in us the thirst for prayer and love.<\/p><p>Queen of the human family, show the nations the way of brotherhood.<\/p>\t\t\t\t\t\t\t\t<\/div>\n\t\t\t\t<\/div>\n\t\t\t\t\t<\/div>\n\t\t<\/div>\n\t\t\t\t<div class=\"elementor-column elementor-col-33 elementor-top-column elementor-element elementor-element-9c3e31c\" data-id=\"9c3e31c\" data-element_type=\"column\" data-e-type=\"column\">\n\t\t\t<div class=\"elementor-widget-wrap elementor-element-populated\">\n\t\t\t\t\t\t<div class=\"elementor-element elementor-element-9eee280 elementor-widget elementor-widget-image\" data-id=\"9eee280\" data-element_type=\"widget\" data-e-type=\"widget\" data-widget_type=\"image.default\">\n\t\t\t\t<div class=\"elementor-widget-container\">\n\t\t\t\t\t\t\t\t\t\t\t\t\t\t\t<img decoding=\"async\" width=\"768\" height=\"512\" src=\"https:\/\/www.lichen.pl\/wp-content\/uploads\/2022\/02\/Swieto-Ofiarowania-Panskiego-2-lutego-2022-4-768x512.jpg\" class=\"attachment-medium_large size-medium_large wp-image-36518\" alt=\"\" srcset=\"https:\/\/www.lichen.pl\/wp-content\/uploads\/2022\/02\/Swieto-Ofiarowania-Panskiego-2-lutego-2022-4-768x512.jpg 768w, https:\/\/www.lichen.pl\/wp-content\/uploads\/2022\/02\/Swieto-Ofiarowania-Panskiego-2-lutego-2022-4-800x533.jpg 800w, https:\/\/www.lichen.pl\/wp-content\/uploads\/2022\/02\/Swieto-Ofiarowania-Panskiego-2-lutego-2022-4-300x200.jpg 300w, https:\/\/www.lichen.pl\/wp-content\/uploads\/2022\/02\/Swieto-Ofiarowania-Panskiego-2-lutego-2022-4-1024x683.jpg 1024w, https:\/\/www.lichen.pl\/wp-content\/uploads\/2022\/02\/Swieto-Ofiarowania-Panskiego-2-lutego-2022-4-1536x1024.jpg 1536w, https:\/\/www.lichen.pl\/wp-content\/uploads\/2022\/02\/Swieto-Ofiarowania-Panskiego-2-lutego-2022-4-18x12.jpg 18w, https:\/\/www.lichen.pl\/wp-content\/uploads\/2022\/02\/Swieto-Ofiarowania-Panskiego-2-lutego-2022-4.jpg 1773w\" sizes=\"(max-width: 768px) 100vw, 768px\" \/>\t\t\t\t\t\t\t\t\t\t\t\t\t\t\t<\/div>\n\t\t\t\t<\/div>\n\t\t\t\t\t<\/div>\n\t\t<\/div>\n\t\t\t\t\t<\/div>\n\t\t<\/section>\n\t\t\t\t<section class=\"elementor-section elementor-top-section elementor-element elementor-element-93ca815 elementor-section-boxed elementor-section-height-default elementor-section-height-default\" data-id=\"93ca815\" data-element_type=\"section\" data-e-type=\"section\">\n\t\t\t\t\t\t<div class=\"elementor-container elementor-column-gap-default\">\n\t\t\t\t\t<div class=\"elementor-column elementor-col-100 elementor-top-column elementor-element elementor-element-82b45e2\" data-id=\"82b45e2\" data-element_type=\"column\" data-e-type=\"column\">\n\t\t\t<div class=\"elementor-widget-wrap elementor-element-populated\">\n\t\t\t\t\t\t<div class=\"elementor-element elementor-element-c7d1429 elementor-widget elementor-widget-text-editor\" data-id=\"c7d1429\" data-element_type=\"widget\" data-e-type=\"widget\" data-widget_type=\"text-editor.default\">\n\t\t\t\t<div class=\"elementor-widget-container\">\n\t\t\t\t\t\t\t\t\t<p>Queen of Peace, obtain peace for the world. May your crying, O Mother, touch our hardened hearts. May the tears you shed for us make that valley bloom again, which our hatred has dried up. And although the noise of weapons does not stop, your prayers may make us be at peace. May your maternal hands be a relief to those who suffer and flee under the weight of bombs. May your maternal embrace comfort those who have been forced to leave their homes and their homeland. Let your aching Heart move us to compassion and impel us to open the door and care for wounded and rejected humanity. Holy Mother of God, while you were standing under the cross, Jesus, pointing to the disciple next to you, said to you: &quot;Here is your son&quot; (Jn 19:26): thus he entrusted each one of us to you. Then to the disciple, to each of us, he said, &quot;Behold your mother&quot; (v. 27). Mother, we want to welcome you now in our lives and in our history. In this hour, exhausted and despairing, humanity stands with you at the cross. And I need to entrust myself to You, I need to consecrate myself to Christ through You. The Ukrainian people and the Russian people, who worship You with love, take refuge in You, and Your Heart beats for them and for all nations decimated by war, hunger, injustice and poverty. Therefore, we, Mother of God and our Mother, solemnly entrust and consecrate to Your Immaculate Heart ourselves, the Church and all humanity, especially Russia and Ukraine. Accept this act of ours, which we carry out with trust and love; make wars cease and bring peace to the world. Let the &quot;yes&quot; that flowed from your Heart open the gates of history for the Prince of Peace; we trust that through your heart there will still be peace. To you, then, we dedicate the future of the entire human family, the needs and expectations of nations, the anxieties and hopes of the world. Through you, let God&#039;s Mercy spread over the earth and let the sweet rhythm of peace shape our days anew. Woman who said &quot;yes&quot; to God and on whom the Holy Spirit descended, restore God&#039;s harmony among us. Revive our dry hearts, You who are &quot;the living fountain of hope&quot;. You, who weave the humanity of Jesus, make us builders of communion. You who have walked our paths, lead us along the paths of peace. Amen.<\/p>\t\t\t\t\t\t\t\t<\/div>\n\t\t\t\t<\/div>\n\t\t\t\t\t<\/div>\n\t\t<\/div>\n\t\t\t\t\t<\/div>\n\t\t<\/section>\n\t\t\t\t<section class=\"elementor-section elementor-top-section elementor-element elementor-element-4b506b4 elementor-section-boxed elementor-section-height-default elementor-section-height-default\" data-id=\"4b506b4\" data-element_type=\"section\" data-e-type=\"section\">\n\t\t\t\t\t\t<div class=\"elementor-container elementor-column-gap-default\">\n\t\t\t\t\t<div class=\"elementor-column elementor-col-100 elementor-top-column elementor-element elementor-element-853d35e\" data-id=\"853d35e\" data-element_type=\"column\" data-e-type=\"column\">\n\t\t\t<div class=\"elementor-widget-wrap elementor-element-populated\">\n\t\t\t\t\t\t<div class=\"elementor-element elementor-element-502b053 elementor-widget-divider--view-line elementor-widget elementor-widget-divider\" data-id=\"502b053\" data-element_type=\"widget\" data-e-type=\"widget\" data-widget_type=\"divider.default\">\n\t\t\t\t<div class=\"elementor-widget-container\">\n\t\t\t\t\t\t\t<div class=\"elementor-divider\">\n\t\t\t<span class=\"elementor-divider-separator\">\n\t\t\t\t\t\t<\/span>\n\t\t<\/div>\n\t\t\t\t\t\t<\/div>\n\t\t\t\t<\/div>\n\t\t\t\t\t<\/div>\n\t\t<\/div>\n\t\t\t\t\t<\/div>\n\t\t<\/section>\n\t\t\t\t<\/div>","protected":false},"excerpt":{"rendered":"<p>Tekst Aktu, kt\u00f3ry Ojciec Franciszek wypowie w uroczysto\u015b\u0107 Zwiastowania Pa\u0144skiego, 25 marca br., o godz. 17.00 w bazylice watyka\u0144skiej w \u0142\u0105czno\u015bci z wszystkimi biskupami \u015bwiata i ca\u0142ym Ko\u015bcio\u0142em powszechnym. O Maryjo, Matko Boga i nasza Matko, uciekamy si\u0119 do Ciebie w tej godzinie cierpienia. Jeste\u015b nasz\u0105 Matk\u0105, mi\u0142ujesz nas i znasz nas: nic, co nosimy [&hellip;]<\/p>\n","protected":false},"author":7,"featured_media":0,"parent":0,"menu_order":0,"comment_status":"closed","ping_status":"closed","template":"","meta":{"footnotes":""},"class_list":["post-37826","page","type-page","status-publish","hentry","wpbf-post"],"yoast_head":"<!-- This site is optimized with the Yoast SEO plugin v27.4 - https:\/\/yoast.com\/product\/yoast-seo-wordpress\/ -->\n<title>Akt po\u015bwi\u0119cenia Niepokalanemu Sercu Naj\u015bwi\u0119tszej Maryi Panny - SANKTUARIUM W LICHENIU<\/title>\n<meta name=\"robots\" content=\"index, follow, max-snippet:-1, max-image-preview:large, max-video-preview:-1\" \/>\n<link rel=\"canonical\" href=\"https:\/\/www.lichen.pl\/en\/akt-poswiecenia-niepokalanemu-sercu-najswietszej-maryi-panny\/\" \/>\n<meta property=\"og:locale\" content=\"en_GB\" \/>\n<meta property=\"og:type\" content=\"article\" \/>\n<meta property=\"og:title\" content=\"Akt po\u015bwi\u0119cenia Niepokalanemu Sercu Naj\u015bwi\u0119tszej Maryi Panny - SANKTUARIUM W LICHENIU\" \/>\n<meta property=\"og:description\" content=\"Tekst Aktu, kt\u00f3ry Ojciec Franciszek wypowie w uroczysto\u015b\u0107 Zwiastowania Pa\u0144skiego, 25 marca br., o godz. 17.00 w bazylice watyka\u0144skiej w \u0142\u0105czno\u015bci z wszystkimi biskupami \u015bwiata i ca\u0142ym Ko\u015bcio\u0142em powszechnym. O Maryjo, Matko Boga i nasza Matko, uciekamy si\u0119 do Ciebie w tej godzinie cierpienia. Jeste\u015b nasz\u0105 Matk\u0105, mi\u0142ujesz nas i znasz nas: nic, co nosimy [&hellip;]\" \/>\n<meta property=\"og:url\" content=\"https:\/\/www.lichen.pl\/en\/akt-poswiecenia-niepokalanemu-sercu-najswietszej-maryi-panny\/\" \/>\n<meta property=\"og:site_name\" content=\"SANKTUARIUM W LICHENIU\" \/>\n<meta property=\"article:modified_time\" content=\"2022-03-24T08:00:01+00:00\" \/>\n<meta property=\"og:image\" content=\"https:\/\/www.lichen.pl\/wp-content\/uploads\/2022\/03\/Matka-Boza-Lichenska--687x1024.jpg\" \/>\n<meta name=\"twitter:card\" content=\"summary_large_image\" \/>\n<meta name=\"twitter:label1\" content=\"Estimated reading time\" \/>\n\t<meta name=\"twitter:data1\" content=\"6 minutes\" \/>\n<script type=\"application\/ld+json\" class=\"yoast-schema-graph\">{\"@context\":\"https:\\\/\\\/schema.org\",\"@graph\":[{\"@type\":\"WebPage\",\"@id\":\"https:\\\/\\\/www.lichen.pl\\\/akt-poswiecenia-niepokalanemu-sercu-najswietszej-maryi-panny\\\/\",\"url\":\"https:\\\/\\\/www.lichen.pl\\\/akt-poswiecenia-niepokalanemu-sercu-najswietszej-maryi-panny\\\/\",\"name\":\"Akt po\u015bwi\u0119cenia Niepokalanemu Sercu Naj\u015bwi\u0119tszej Maryi Panny - SANKTUARIUM W LICHENIU\",\"isPartOf\":{\"@id\":\"https:\\\/\\\/www.lichen.pl\\\/fr\\\/#website\"},\"primaryImageOfPage\":{\"@id\":\"https:\\\/\\\/www.lichen.pl\\\/akt-poswiecenia-niepokalanemu-sercu-najswietszej-maryi-panny\\\/#primaryimage\"},\"image\":{\"@id\":\"https:\\\/\\\/www.lichen.pl\\\/akt-poswiecenia-niepokalanemu-sercu-najswietszej-maryi-panny\\\/#primaryimage\"},\"thumbnailUrl\":\"https:\\\/\\\/www.lichen.pl\\\/wp-content\\\/uploads\\\/2022\\\/03\\\/Matka-Boza-Lichenska--687x1024.jpg\",\"datePublished\":\"2022-03-24T07:21:49+00:00\",\"dateModified\":\"2022-03-24T08:00:01+00:00\",\"breadcrumb\":{\"@id\":\"https:\\\/\\\/www.lichen.pl\\\/akt-poswiecenia-niepokalanemu-sercu-najswietszej-maryi-panny\\\/#breadcrumb\"},\"inLanguage\":\"en-GB\",\"potentialAction\":[{\"@type\":\"ReadAction\",\"target\":[\"https:\\\/\\\/www.lichen.pl\\\/akt-poswiecenia-niepokalanemu-sercu-najswietszej-maryi-panny\\\/\"]}]},{\"@type\":\"ImageObject\",\"inLanguage\":\"en-GB\",\"@id\":\"https:\\\/\\\/www.lichen.pl\\\/akt-poswiecenia-niepokalanemu-sercu-najswietszej-maryi-panny\\\/#primaryimage\",\"url\":\"https:\\\/\\\/www.lichen.pl\\\/wp-content\\\/uploads\\\/2022\\\/03\\\/Matka-Boza-Lichenska--687x1024.jpg\",\"contentUrl\":\"https:\\\/\\\/www.lichen.pl\\\/wp-content\\\/uploads\\\/2022\\\/03\\\/Matka-Boza-Lichenska--687x1024.jpg\"},{\"@type\":\"BreadcrumbList\",\"@id\":\"https:\\\/\\\/www.lichen.pl\\\/akt-poswiecenia-niepokalanemu-sercu-najswietszej-maryi-panny\\\/#breadcrumb\",\"itemListElement\":[{\"@type\":\"ListItem\",\"position\":1,\"name\":\"Strona g\u0142\u00f3wna\",\"item\":\"https:\\\/\\\/www.lichen.pl\\\/\"},{\"@type\":\"ListItem\",\"position\":2,\"name\":\"Akt po\u015bwi\u0119cenia Niepokalanemu Sercu Naj\u015bwi\u0119tszej Maryi Panny\"}]},{\"@type\":\"WebSite\",\"@id\":\"https:\\\/\\\/www.lichen.pl\\\/fr\\\/#website\",\"url\":\"https:\\\/\\\/www.lichen.pl\\\/fr\\\/\",\"name\":\"SANKTUARIUM W LICHENIU\",\"description\":\"MATKI BO\u017bEJ LICHE\u0143SKIEJ BOLESNEJ KR\u00d3LOWEJ POLSKI\",\"potentialAction\":[{\"@type\":\"SearchAction\",\"target\":{\"@type\":\"EntryPoint\",\"urlTemplate\":\"https:\\\/\\\/www.lichen.pl\\\/fr\\\/?s={search_term_string}\"},\"query-input\":{\"@type\":\"PropertyValueSpecification\",\"valueRequired\":true,\"valueName\":\"search_term_string\"}}],\"inLanguage\":\"en-GB\"}]}<\/script>\n<!-- \/ Yoast SEO plugin. -->","yoast_head_json":{"title":"Akt po\u015bwi\u0119cenia Niepokalanemu Sercu Naj\u015bwi\u0119tszej Maryi Panny - SANKTUARIUM W LICHENIU","robots":{"index":"index","follow":"follow","max-snippet":"max-snippet:-1","max-image-preview":"max-image-preview:large","max-video-preview":"max-video-preview:-1"},"canonical":"https:\/\/www.lichen.pl\/en\/akt-poswiecenia-niepokalanemu-sercu-najswietszej-maryi-panny\/","og_locale":"en_GB","og_type":"article","og_title":"Akt po\u015bwi\u0119cenia Niepokalanemu Sercu Naj\u015bwi\u0119tszej Maryi Panny - SANKTUARIUM W LICHENIU","og_description":"Tekst Aktu, kt\u00f3ry Ojciec Franciszek wypowie w uroczysto\u015b\u0107 Zwiastowania Pa\u0144skiego, 25 marca br., o godz. 17.00 w bazylice watyka\u0144skiej w \u0142\u0105czno\u015bci z wszystkimi biskupami \u015bwiata i ca\u0142ym Ko\u015bcio\u0142em powszechnym. O Maryjo, Matko Boga i nasza Matko, uciekamy si\u0119 do Ciebie w tej godzinie cierpienia. Jeste\u015b nasz\u0105 Matk\u0105, mi\u0142ujesz nas i znasz nas: nic, co nosimy [&hellip;]","og_url":"https:\/\/www.lichen.pl\/en\/akt-poswiecenia-niepokalanemu-sercu-najswietszej-maryi-panny\/","og_site_name":"SANKTUARIUM W LICHENIU","article_modified_time":"2022-03-24T08:00:01+00:00","og_image":[{"url":"https:\/\/www.lichen.pl\/wp-content\/uploads\/2022\/03\/Matka-Boza-Lichenska--687x1024.jpg","type":"","width":"","height":""}],"twitter_card":"summary_large_image","twitter_misc":{"Estimated reading time":"6 minutes"},"schema":{"@context":"https:\/\/schema.org","@graph":[{"@type":"WebPage","@id":"https:\/\/www.lichen.pl\/akt-poswiecenia-niepokalanemu-sercu-najswietszej-maryi-panny\/","url":"https:\/\/www.lichen.pl\/akt-poswiecenia-niepokalanemu-sercu-najswietszej-maryi-panny\/","name":"Akt po\u015bwi\u0119cenia Niepokalanemu Sercu Naj\u015bwi\u0119tszej Maryi Panny - SANKTUARIUM W LICHENIU","isPartOf":{"@id":"https:\/\/www.lichen.pl\/fr\/#website"},"primaryImageOfPage":{"@id":"https:\/\/www.lichen.pl\/akt-poswiecenia-niepokalanemu-sercu-najswietszej-maryi-panny\/#primaryimage"},"image":{"@id":"https:\/\/www.lichen.pl\/akt-poswiecenia-niepokalanemu-sercu-najswietszej-maryi-panny\/#primaryimage"},"thumbnailUrl":"https:\/\/www.lichen.pl\/wp-content\/uploads\/2022\/03\/Matka-Boza-Lichenska--687x1024.jpg","datePublished":"2022-03-24T07:21:49+00:00","dateModified":"2022-03-24T08:00:01+00:00","breadcrumb":{"@id":"https:\/\/www.lichen.pl\/akt-poswiecenia-niepokalanemu-sercu-najswietszej-maryi-panny\/#breadcrumb"},"inLanguage":"en-GB","potentialAction":[{"@type":"ReadAction","target":["https:\/\/www.lichen.pl\/akt-poswiecenia-niepokalanemu-sercu-najswietszej-maryi-panny\/"]}]},{"@type":"ImageObject","inLanguage":"en-GB","@id":"https:\/\/www.lichen.pl\/akt-poswiecenia-niepokalanemu-sercu-najswietszej-maryi-panny\/#primaryimage","url":"https:\/\/www.lichen.pl\/wp-content\/uploads\/2022\/03\/Matka-Boza-Lichenska--687x1024.jpg","contentUrl":"https:\/\/www.lichen.pl\/wp-content\/uploads\/2022\/03\/Matka-Boza-Lichenska--687x1024.jpg"},{"@type":"BreadcrumbList","@id":"https:\/\/www.lichen.pl\/akt-poswiecenia-niepokalanemu-sercu-najswietszej-maryi-panny\/#breadcrumb","itemListElement":[{"@type":"ListItem","position":1,"name":"Strona g\u0142\u00f3wna","item":"https:\/\/www.lichen.pl\/"},{"@type":"ListItem","position":2,"name":"Akt po\u015bwi\u0119cenia Niepokalanemu Sercu Naj\u015bwi\u0119tszej Maryi Panny"}]},{"@type":"WebSite","@id":"https:\/\/www.lichen.pl\/fr\/#website","url":"https:\/\/www.lichen.pl\/fr\/","name":"SANCTUARY IN LICHENIA","description":"OUR LICHEN&#039;S SORROWFUL QUEEN OF POLAND","potentialAction":[{"@type":"SearchAction","target":{"@type":"EntryPoint","urlTemplate":"https:\/\/www.lichen.pl\/fr\/?s={search_term_string}"},"query-input":{"@type":"PropertyValueSpecification","valueRequired":true,"valueName":"search_term_string"}}],"inLanguage":"en-GB"}]}},"_links":{"self":[{"href":"https:\/\/www.lichen.pl\/en\/wp-json\/wp\/v2\/pages\/37826","targetHints":{"allow":["GET"]}}],"collection":[{"href":"https:\/\/www.lichen.pl\/en\/wp-json\/wp\/v2\/pages"}],"about":[{"href":"https:\/\/www.lichen.pl\/en\/wp-json\/wp\/v2\/types\/page"}],"author":[{"embeddable":true,"href":"https:\/\/www.lichen.pl\/en\/wp-json\/wp\/v2\/users\/7"}],"replies":[{"embeddable":true,"href":"https:\/\/www.lichen.pl\/en\/wp-json\/wp\/v2\/comments?post=37826"}],"version-history":[{"count":10,"href":"https:\/\/www.lichen.pl\/en\/wp-json\/wp\/v2\/pages\/37826\/revisions"}],"predecessor-version":[{"id":37847,"href":"https:\/\/www.lichen.pl\/en\/wp-json\/wp\/v2\/pages\/37826\/revisions\/37847"}],"wp:attachment":[{"href":"https:\/\/www.lichen.pl\/en\/wp-json\/wp\/v2\/media?parent=37826"}],"curies":[{"name":"wp","href":"https:\/\/api.w.org\/{rel}","templated":true}]}}