{"id":65087,"date":"2024-02-26T09:24:43","date_gmt":"2024-02-26T08:24:43","guid":{"rendered":"https:\/\/www.lichen.pl\/?page_id=65087"},"modified":"2026-03-05T10:36:04","modified_gmt":"2026-03-05T09:36:04","slug":"kalendarz-wydarzen-marzec-2024-luty-2025","status":"publish","type":"page","link":"https:\/\/www.lichen.pl\/en\/kalendarz-wydarzen-marzec-2024-luty-2025\/","title":{"rendered":"Kalendarz Wydarze\u0144 2026 &#8211; Biuletyn"},"content":{"rendered":"<p><code><div class=\"_df_book df-container df-loading\" id=\"df_97594\"  data-title=\"kalendarz-wydarzen-2026-biuletyn\" _slug=\"kalendarz-wydarzen-2026-biuletyn\" wpoptions=\"true\" thumbtype=\"bg\" ><\/div><script class=\"df-shortcode-script\" type=\"application\/javascript\">window.option_df_97594 = {\"outline\":[],\"forceFit\":\"true\",\"autoEnableOutline\":\"false\",\"autoEnableThumbnail\":\"false\",\"overwritePDFOutline\":\"false\",\"direction\":\"1\",\"pageSize\":\"0\",\"source\":\"https:\\\/\\\/www.lichen.pl\\\/wp-content\\\/uploads\\\/2026\\\/03\\\/Kalendarz-wydarzen-2026-dla-mediow.pdf\",\"wpOptions\":\"true\"}; if(window.DFLIP && window.DFLIP.parseBooks){window.DFLIP.parseBooks();}<\/script><\/code><\/p>\n<p>&nbsp;<\/p>\n<p>&nbsp;<\/p>","protected":false},"excerpt":{"rendered":"<p>&nbsp; &nbsp;<\/p>","protected":false},"author":2,"featured_media":0,"parent":0,"menu_order":0,"comment_status":"closed","ping_status":"closed","template":"","meta":{"footnotes":""},"class_list":["post-65087","page","type-page","status-publish","hentry","wpbf-post"],"yoast_head":"<!-- This site is optimized with the Yoast SEO plugin v27.4 - https:\/\/yoast.com\/product\/yoast-seo-wordpress\/ -->\n<title>Kalendarz Wydarze\u0144 2026 - Biuletyn - SANKTUARIUM W LICHENIU<\/title>\n<meta name=\"robots\" content=\"index, follow, max-snippet:-1, max-image-preview:large, max-video-preview:-1\" \/>\n<link rel=\"canonical\" href=\"https:\/\/www.lichen.pl\/en\/kalendarz-wydarzen-marzec-2024-luty-2025\/\" \/>\n<meta property=\"og:locale\" content=\"en_GB\" \/>\n<meta property=\"og:type\" content=\"article\" \/>\n<meta property=\"og:title\" content=\"Kalendarz Wydarze\u0144 2026 - Biuletyn - SANKTUARIUM W LICHENIU\" \/>\n<meta property=\"og:description\" content=\"&nbsp; &nbsp;\" \/>\n<meta property=\"og:url\" content=\"https:\/\/www.lichen.pl\/en\/kalendarz-wydarzen-marzec-2024-luty-2025\/\" \/>\n<meta property=\"og:site_name\" content=\"SANKTUARIUM W LICHENIU\" \/>\n<meta property=\"article:modified_time\" content=\"2026-03-05T09:36:04+00:00\" \/>\n<meta name=\"twitter:card\" content=\"summary_large_image\" \/>\n<script type=\"application\/ld+json\" class=\"yoast-schema-graph\">{\"@context\":\"https:\\\/\\\/schema.org\",\"@graph\":[{\"@type\":\"WebPage\",\"@id\":\"https:\\\/\\\/www.lichen.pl\\\/kalendarz-wydarzen-marzec-2024-luty-2025\\\/\",\"url\":\"https:\\\/\\\/www.lichen.pl\\\/kalendarz-wydarzen-marzec-2024-luty-2025\\\/\",\"name\":\"Kalendarz Wydarze\u0144 2026 - Biuletyn - SANKTUARIUM W LICHENIU\",\"isPartOf\":{\"@id\":\"https:\\\/\\\/www.lichen.pl\\\/fr\\\/#website\"},\"datePublished\":\"2024-02-26T08:24:43+00:00\",\"dateModified\":\"2026-03-05T09:36:04+00:00\",\"breadcrumb\":{\"@id\":\"https:\\\/\\\/www.lichen.pl\\\/kalendarz-wydarzen-marzec-2024-luty-2025\\\/#breadcrumb\"},\"inLanguage\":\"en-GB\",\"potentialAction\":[{\"@type\":\"ReadAction\",\"target\":[\"https:\\\/\\\/www.lichen.pl\\\/kalendarz-wydarzen-marzec-2024-luty-2025\\\/\"]}]},{\"@type\":\"BreadcrumbList\",\"@id\":\"https:\\\/\\\/www.lichen.pl\\\/kalendarz-wydarzen-marzec-2024-luty-2025\\\/#breadcrumb\",\"itemListElement\":[{\"@type\":\"ListItem\",\"position\":1,\"name\":\"Strona g\u0142\u00f3wna\",\"item\":\"https:\\\/\\\/www.lichen.pl\\\/\"},{\"@type\":\"ListItem\",\"position\":2,\"name\":\"Kalendarz Wydarze\u0144 2026 &#8211; Biuletyn\"}]},{\"@type\":\"WebSite\",\"@id\":\"https:\\\/\\\/www.lichen.pl\\\/fr\\\/#website\",\"url\":\"https:\\\/\\\/www.lichen.pl\\\/fr\\\/\",\"name\":\"SANKTUARIUM W LICHENIU\",\"description\":\"MATKI BO\u017bEJ LICHE\u0143SKIEJ BOLESNEJ KR\u00d3LOWEJ POLSKI\",\"potentialAction\":[{\"@type\":\"SearchAction\",\"target\":{\"@type\":\"EntryPoint\",\"urlTemplate\":\"https:\\\/\\\/www.lichen.pl\\\/fr\\\/?s={search_term_string}\"},\"query-input\":{\"@type\":\"PropertyValueSpecification\",\"valueRequired\":true,\"valueName\":\"search_term_string\"}}],\"inLanguage\":\"en-GB\"}]}<\/script>\n<!-- \/ Yoast SEO plugin. -->","yoast_head_json":{"title":"Kalendarz Wydarze\u0144 2026 - Biuletyn - SANKTUARIUM W LICHENIU","robots":{"index":"index","follow":"follow","max-snippet":"max-snippet:-1","max-image-preview":"max-image-preview:large","max-video-preview":"max-video-preview:-1"},"canonical":"https:\/\/www.lichen.pl\/en\/kalendarz-wydarzen-marzec-2024-luty-2025\/","og_locale":"en_GB","og_type":"article","og_title":"Kalendarz Wydarze\u0144 2026 - Biuletyn - SANKTUARIUM W LICHENIU","og_description":"&nbsp; &nbsp;","og_url":"https:\/\/www.lichen.pl\/en\/kalendarz-wydarzen-marzec-2024-luty-2025\/","og_site_name":"SANKTUARIUM W LICHENIU","article_modified_time":"2026-03-05T09:36:04+00:00","twitter_card":"summary_large_image","schema":{"@context":"https:\/\/schema.org","@graph":[{"@type":"WebPage","@id":"https:\/\/www.lichen.pl\/kalendarz-wydarzen-marzec-2024-luty-2025\/","url":"https:\/\/www.lichen.pl\/kalendarz-wydarzen-marzec-2024-luty-2025\/","name":"Kalendarz Wydarze\u0144 2026 - Biuletyn - SANKTUARIUM W LICHENIU","isPartOf":{"@id":"https:\/\/www.lichen.pl\/fr\/#website"},"datePublished":"2024-02-26T08:24:43+00:00","dateModified":"2026-03-05T09:36:04+00:00","breadcrumb":{"@id":"https:\/\/www.lichen.pl\/kalendarz-wydarzen-marzec-2024-luty-2025\/#breadcrumb"},"inLanguage":"en-GB","potentialAction":[{"@type":"ReadAction","target":["https:\/\/www.lichen.pl\/kalendarz-wydarzen-marzec-2024-luty-2025\/"]}]},{"@type":"BreadcrumbList","@id":"https:\/\/www.lichen.pl\/kalendarz-wydarzen-marzec-2024-luty-2025\/#breadcrumb","itemListElement":[{"@type":"ListItem","position":1,"name":"Strona g\u0142\u00f3wna","item":"https:\/\/www.lichen.pl\/"},{"@type":"ListItem","position":2,"name":"Kalendarz Wydarze\u0144 2026 &#8211; Biuletyn"}]},{"@type":"WebSite","@id":"https:\/\/www.lichen.pl\/fr\/#website","url":"https:\/\/www.lichen.pl\/fr\/","name":"SANCTUARY IN LICHENIA","description":"OUR LICHEN&#039;S SORROWFUL QUEEN OF POLAND","potentialAction":[{"@type":"SearchAction","target":{"@type":"EntryPoint","urlTemplate":"https:\/\/www.lichen.pl\/fr\/?s={search_term_string}"},"query-input":{"@type":"PropertyValueSpecification","valueRequired":true,"valueName":"search_term_string"}}],"inLanguage":"en-GB"}]}},"_links":{"self":[{"href":"https:\/\/www.lichen.pl\/en\/wp-json\/wp\/v2\/pages\/65087","targetHints":{"allow":["GET"]}}],"collection":[{"href":"https:\/\/www.lichen.pl\/en\/wp-json\/wp\/v2\/pages"}],"about":[{"href":"https:\/\/www.lichen.pl\/en\/wp-json\/wp\/v2\/types\/page"}],"author":[{"embeddable":true,"href":"https:\/\/www.lichen.pl\/en\/wp-json\/wp\/v2\/users\/2"}],"replies":[{"embeddable":true,"href":"https:\/\/www.lichen.pl\/en\/wp-json\/wp\/v2\/comments?post=65087"}],"version-history":[{"count":4,"href":"https:\/\/www.lichen.pl\/en\/wp-json\/wp\/v2\/pages\/65087\/revisions"}],"predecessor-version":[{"id":97595,"href":"https:\/\/www.lichen.pl\/en\/wp-json\/wp\/v2\/pages\/65087\/revisions\/97595"}],"wp:attachment":[{"href":"https:\/\/www.lichen.pl\/en\/wp-json\/wp\/v2\/media?parent=65087"}],"curies":[{"name":"wp","href":"https:\/\/api.w.org\/{rel}","templated":true}]}}