{"id":7370,"date":"2021-04-09T09:43:40","date_gmt":"2021-04-09T09:43:40","guid":{"rendered":"http:\/\/www.lichen.pl\/?page_id=7370"},"modified":"2026-03-10T13:21:28","modified_gmt":"2026-03-10T12:21:28","slug":"rekolekcje-przygotowujace-do-spowiedzi-generalnej","status":"publish","type":"page","link":"https:\/\/www.lichen.pl\/en\/rekolekcje-przygotowujace-do-spowiedzi-generalnej\/","title":{"rendered":"Retreats in preparation for general confession"},"content":{"rendered":"\t\t<div data-elementor-type=\"wp-page\" data-elementor-id=\"7370\" class=\"elementor elementor-7370\" data-elementor-post-type=\"page\">\n\t\t\t\t\t\t<section class=\"elementor-section elementor-top-section elementor-element elementor-element-9d7c68b elementor-section-boxed elementor-section-height-default elementor-section-height-default\" data-id=\"9d7c68b\" data-element_type=\"section\" data-e-type=\"section\">\n\t\t\t\t\t\t<div class=\"elementor-container elementor-column-gap-default\">\n\t\t\t\t\t<div class=\"elementor-column elementor-col-100 elementor-top-column elementor-element elementor-element-ea0043d\" data-id=\"ea0043d\" data-element_type=\"column\" data-e-type=\"column\">\n\t\t\t<div class=\"elementor-widget-wrap elementor-element-populated\">\n\t\t\t\t\t\t<div class=\"elementor-element elementor-element-b0044ff elementor-widget-divider--view-line_text elementor-widget-divider--element-align-center elementor-widget elementor-widget-divider\" data-id=\"b0044ff\" data-element_type=\"widget\" data-e-type=\"widget\" data-widget_type=\"divider.default\">\n\t\t\t\t<div class=\"elementor-widget-container\">\n\t\t\t\t\t\t\t<div class=\"elementor-divider\">\n\t\t\t<span class=\"elementor-divider-separator\">\n\t\t\t\t\t\t\t<span class=\"elementor-divider__text elementor-divider__element\">\n\t\t\t\tREKOLEKCJE PRZYGOTOWUJ\u0104CE DO SPOWIEDZI GENERALNEJ\t\t\t\t<\/span>\n\t\t\t\t\t\t<\/span>\n\t\t<\/div>\n\t\t\t\t\t\t<\/div>\n\t\t\t\t<\/div>\n\t\t\t\t<section class=\"elementor-section elementor-inner-section elementor-element elementor-element-86a3435 elementor-section-boxed elementor-section-height-default elementor-section-height-default\" data-id=\"86a3435\" data-element_type=\"section\" data-e-type=\"section\">\n\t\t\t\t\t\t<div class=\"elementor-container elementor-column-gap-default\">\n\t\t\t\t\t<div class=\"elementor-column elementor-col-100 elementor-inner-column elementor-element elementor-element-774b143\" data-id=\"774b143\" data-element_type=\"column\" data-e-type=\"column\">\n\t\t\t<div class=\"elementor-widget-wrap elementor-element-populated\">\n\t\t\t\t\t\t<div class=\"elementor-element elementor-element-f1f5cd8 elementor-blockquote--skin-boxed elementor-blockquote--align-left elementor-widget elementor-widget-blockquote\" data-id=\"f1f5cd8\" data-element_type=\"widget\" data-e-type=\"widget\" data-widget_type=\"blockquote.default\">\n\t\t\t\t<div class=\"elementor-widget-container\">\n\t\t\t\t\t\t\t<blockquote class=\"elementor-blockquote\">\n\t\t\t<p class=\"elementor-blockquote__content\">\n\t\t\t\t\u201eBo g\u00f3ry mog\u0105 si\u0119 poruszy\u0107 i pag\u00f3rki si\u0119 zachwia\u0107, ale mi\u0142o\u015b\u0107 moja nie odst\u0105pi ciebie [...] m\u00f3wi Pan, kt\u00f3ry ma lito\u015b\u0107 nad tob\u0105\u201d\n\n\t\t\t<\/p>\n\t\t\t\t\t\t\t<div class=\"e-q-footer\">\n\t\t\t\t\t\t\t\t\t\t\t<cite class=\"elementor-blockquote__author\">Iz 54,10<\/cite>\n\t\t\t\t\t\t\t\t\t\t\t\t\t\t<\/div>\n\t\t\t\t\t<\/blockquote>\n\t\t\t\t\t\t<\/div>\n\t\t\t\t<\/div>\n\t\t\t\t\t<\/div>\n\t\t<\/div>\n\t\t\t\t\t<\/div>\n\t\t<\/section>\n\t\t\t\t<section class=\"elementor-section elementor-inner-section elementor-element elementor-element-c183a59 elementor-section-boxed elementor-section-height-default elementor-section-height-default\" data-id=\"c183a59\" data-element_type=\"section\" data-e-type=\"section\">\n\t\t\t\t\t\t<div class=\"elementor-container elementor-column-gap-default\">\n\t\t\t\t\t<div class=\"elementor-column elementor-col-100 elementor-inner-column elementor-element elementor-element-4b153f9\" data-id=\"4b153f9\" data-element_type=\"column\" data-e-type=\"column\">\n\t\t\t<div class=\"elementor-widget-wrap elementor-element-populated\">\n\t\t\t\t\t\t<div class=\"elementor-element elementor-element-b9e3a13 elementor-widget elementor-widget-text-editor\" data-id=\"b9e3a13\" data-element_type=\"widget\" data-e-type=\"widget\" data-widget_type=\"text-editor.default\">\n\t\t\t\t<div class=\"elementor-widget-container\">\n\t\t\t\t\t\t\t\t\t<p>Przed Tob\u0105 wa\u017cna decyzja \u017cyciowa? Czujesz si\u0119 s\u0142aby i bezsilny? Dr\u0119czy Ci\u0119 grzech, kt\u00f3ry kiedy\u015b zatai\u0142e\u015b przy spowiedzi? A mo\u017ce po prostu chcesz jeszcze raz powiedzie\u0107 Chrystusowi: \u201ePrzepraszam Ci\u0119, Panie, za rany, kt\u00f3re Ci zada\u0142em. Szczerze \u017ca\u0142uj\u0119\u201d.<\/p>\n<p>Pojednanie z Bogiem w sakramencie spowiedzi generalnej wymaga rzetelnego przygotowania. W czasie rekolekcji znajdziesz czas na osobist\u0105 modlitw\u0119 i rozwa\u017cania Pisma \u015awi\u0119tego, kt\u00f3re poprowadz\u0105 Ci\u0119 drog\u0105 niesko\u0144czonej Bo\u017cej mi\u0142o\u015bci. Wys\u0142uchasz cyklu katechez wprowadzaj\u0105cych w tematyk\u0119 sakramentu spowiedzi, grzechu i Bo\u017cego mi\u0142osierdzia. I to, co najwa\u017cniejsze, otworzysz swoje serce na zdroje Bo\u017cej \u0142aski. Rekolekcje ko\u0144cz\u0105 si\u0119 spowiedzi\u0105 generaln\u0105. &nbsp; <br><\/p>\n<p>Prowadz\u0105cy: ks. Adam Stankiewicz MIC<\/p>\t\t\t\t\t\t\t\t<\/div>\n\t\t\t\t<\/div>\n\t\t\t\t\t<\/div>\n\t\t<\/div>\n\t\t\t\t\t<\/div>\n\t\t<\/section>\n\t\t\t\t<section class=\"elementor-section elementor-inner-section elementor-element elementor-element-8156297 elementor-section-boxed elementor-section-height-default elementor-section-height-default\" data-id=\"8156297\" data-element_type=\"section\" data-e-type=\"section\">\n\t\t\t\t\t\t<div class=\"elementor-container elementor-column-gap-default\">\n\t\t\t\t\t<div class=\"elementor-column elementor-col-50 elementor-inner-column elementor-element elementor-element-e7fbc80\" data-id=\"e7fbc80\" data-element_type=\"column\" data-e-type=\"column\">\n\t\t\t<div class=\"elementor-widget-wrap elementor-element-populated\">\n\t\t\t\t\t\t<div class=\"elementor-element elementor-element-edb9ee1 elementor-widget elementor-widget-text-editor\" data-id=\"edb9ee1\" data-element_type=\"widget\" data-e-type=\"widget\" data-widget_type=\"text-editor.default\">\n\t\t\t\t<div class=\"elementor-widget-container\">\n\t\t\t\t\t\t\t\t\t<ul><li><span style=\"color: #000000;\">ofiara: <strong>od 430 z\u0142 do 580 z\u0142<\/strong> od osoby w zale\u017cno\u015bci od rodzaju pokoju (w tym nocleg i wy\u017cywienie), z\u0142o\u017cona podczas rekolekcji\/po przyje\u017adzie<br \/><\/span><\/li><li><span style=\"color: #000000;\">liczba miejsc ograniczona<\/span><\/li><li><span style=\"color: #000000;\">decyduje kolejno\u015b\u0107 zg\u0142osze\u0144<\/span><\/li><\/ul>\t\t\t\t\t\t\t\t<\/div>\n\t\t\t\t<\/div>\n\t\t\t\t\t<\/div>\n\t\t<\/div>\n\t\t\t\t<div class=\"elementor-column elementor-col-50 elementor-inner-column elementor-element elementor-element-d9a6023\" data-id=\"d9a6023\" data-element_type=\"column\" data-e-type=\"column\">\n\t\t\t<div class=\"elementor-widget-wrap elementor-element-populated\">\n\t\t\t\t\t\t<div class=\"elementor-element elementor-element-b5f994a elementor-widget elementor-widget-text-editor\" data-id=\"b5f994a\" data-element_type=\"widget\" data-e-type=\"widget\" data-widget_type=\"text-editor.default\">\n\t\t\t\t<div class=\"elementor-widget-container\">\n\t\t\t\t\t\t\t\t\t<p style=\"text-align: center;\"><span style=\"color: #800000;\"><strong>Zapisy na rekolekcje:<\/strong><\/span><\/p><ul><li><span style=\"color: #000000;\"><strong>osobi\u015bcie<\/strong>, w Biurze Obs\u0142ugi Pielgrzyma<\/span><\/li><li><span style=\"color: #000000;\"><strong>telefonicznie<\/strong> (+48) 63 270 81 42, (+48) 63 270 81 63<\/span><\/li><li><span style=\"color: #000000;\"><strong>poczt\u0105 e-mail:<\/strong> lichen@lichen.pl<\/span><\/li><\/ul>\t\t\t\t\t\t\t\t<\/div>\n\t\t\t\t<\/div>\n\t\t\t\t\t<\/div>\n\t\t<\/div>\n\t\t\t\t\t<\/div>\n\t\t<\/section>\n\t\t\t\t<section class=\"elementor-section elementor-inner-section elementor-element elementor-element-43ff433 elementor-section-boxed elementor-section-height-default elementor-section-height-default\" data-id=\"43ff433\" data-element_type=\"section\" data-e-type=\"section\">\n\t\t\t\t\t\t<div class=\"elementor-container elementor-column-gap-default\">\n\t\t\t\t\t<div class=\"elementor-column elementor-col-50 elementor-inner-column elementor-element elementor-element-40840cd\" data-id=\"40840cd\" data-element_type=\"column\" data-e-type=\"column\">\n\t\t\t<div class=\"elementor-widget-wrap elementor-element-populated\">\n\t\t\t\t\t\t<div class=\"elementor-element elementor-element-20cd58a elementor-view-default elementor-widget elementor-widget-icon\" data-id=\"20cd58a\" data-element_type=\"widget\" data-e-type=\"widget\" data-widget_type=\"icon.default\">\n\t\t\t\t<div class=\"elementor-widget-container\">\n\t\t\t\t\t\t\t<div class=\"elementor-icon-wrapper\">\n\t\t\t<a class=\"elementor-icon\" href=\"https:\/\/www.lichen.pl\/rekolekcje-rok-2026\/\">\n\t\t\t<i aria-hidden=\"true\" class=\"far fa-calendar-check\"><\/i>\t\t\t<\/a>\n\t\t<\/div>\n\t\t\t\t\t\t<\/div>\n\t\t\t\t<\/div>\n\t\t\t\t\t<\/div>\n\t\t<\/div>\n\t\t\t\t<div class=\"elementor-column elementor-col-50 elementor-inner-column elementor-element elementor-element-32e7134\" data-id=\"32e7134\" data-element_type=\"column\" data-e-type=\"column\">\n\t\t\t<div class=\"elementor-widget-wrap elementor-element-populated\">\n\t\t\t\t\t\t<div class=\"elementor-element elementor-element-07d17f5 elementor-widget elementor-widget-text-editor\" data-id=\"07d17f5\" data-element_type=\"widget\" data-e-type=\"widget\" data-widget_type=\"text-editor.default\">\n\t\t\t\t<div class=\"elementor-widget-container\">\n\t\t\t\t\t\t\t\t\t<p><span style=\"color: #000080;\">Przejd\u017a do kalendarza rekolekcji 2026 r.<\/span><\/p>\t\t\t\t\t\t\t\t<\/div>\n\t\t\t\t<\/div>\n\t\t\t\t<div class=\"elementor-element elementor-element-68e030b elementor-widget-divider--view-line elementor-widget elementor-widget-divider\" data-id=\"68e030b\" data-element_type=\"widget\" data-e-type=\"widget\" data-widget_type=\"divider.default\">\n\t\t\t\t<div class=\"elementor-widget-container\">\n\t\t\t\t\t\t\t<div class=\"elementor-divider\">\n\t\t\t<span class=\"elementor-divider-separator\">\n\t\t\t\t\t\t<\/span>\n\t\t<\/div>\n\t\t\t\t\t\t<\/div>\n\t\t\t\t<\/div>\n\t\t\t\t\t<\/div>\n\t\t<\/div>\n\t\t\t\t\t<\/div>\n\t\t<\/section>\n\t\t\t\t\t<\/div>\n\t\t<\/div>\n\t\t\t\t\t<\/div>\n\t\t<\/section>\n\t\t\t\t<\/div>\n\t\t","protected":false},"excerpt":{"rendered":"<p>REKOLEKCJE PRZYGOTOWUJ\u0104CE DO SPOWIEDZI GENERALNEJ \u201eBo g\u00f3ry mog\u0105 si\u0119 poruszy\u0107 i pag\u00f3rki si\u0119 zachwia\u0107, ale mi\u0142o\u015b\u0107 moja nie odst\u0105pi ciebie [&#8230;] m\u00f3wi Pan, kt\u00f3ry ma lito\u015b\u0107 nad tob\u0105\u201d Iz 54,10 Przed Tob\u0105 wa\u017cna decyzja \u017cyciowa? Czujesz si\u0119 s\u0142aby i bezsilny? Dr\u0119czy Ci\u0119 grzech, kt\u00f3ry kiedy\u015b zatai\u0142e\u015b przy spowiedzi? A mo\u017ce po prostu chcesz jeszcze raz [&hellip;]<\/p>\n","protected":false},"author":2,"featured_media":0,"parent":0,"menu_order":0,"comment_status":"closed","ping_status":"closed","template":"elementor_header_footer","meta":{"footnotes":""},"class_list":["post-7370","page","type-page","status-publish","hentry","wpbf-post"],"yoast_head":"<!-- This site is optimized with the Yoast SEO plugin v27.4 - https:\/\/yoast.com\/product\/yoast-seo-wordpress\/ -->\n<title>Rekolekcje przygotowuj\u0105ce do spowiedzi generalnej - SANKTUARIUM W LICHENIU<\/title>\n<meta name=\"robots\" content=\"index, follow, max-snippet:-1, max-image-preview:large, max-video-preview:-1\" \/>\n<link rel=\"canonical\" href=\"https:\/\/www.lichen.pl\/en\/rekolekcje-przygotowujace-do-spowiedzi-generalnej\/\" \/>\n<meta property=\"og:locale\" content=\"en_GB\" \/>\n<meta property=\"og:type\" content=\"article\" \/>\n<meta property=\"og:title\" content=\"Rekolekcje przygotowuj\u0105ce do spowiedzi generalnej - SANKTUARIUM W LICHENIU\" \/>\n<meta property=\"og:description\" content=\"REKOLEKCJE PRZYGOTOWUJ\u0104CE DO SPOWIEDZI GENERALNEJ \u201eBo g\u00f3ry mog\u0105 si\u0119 poruszy\u0107 i pag\u00f3rki si\u0119 zachwia\u0107, ale mi\u0142o\u015b\u0107 moja nie odst\u0105pi ciebie [&#8230;] m\u00f3wi Pan, kt\u00f3ry ma lito\u015b\u0107 nad tob\u0105\u201d Iz 54,10 Przed Tob\u0105 wa\u017cna decyzja \u017cyciowa? Czujesz si\u0119 s\u0142aby i bezsilny? Dr\u0119czy Ci\u0119 grzech, kt\u00f3ry kiedy\u015b zatai\u0142e\u015b przy spowiedzi? A mo\u017ce po prostu chcesz jeszcze raz [&hellip;]\" \/>\n<meta property=\"og:url\" content=\"https:\/\/www.lichen.pl\/en\/rekolekcje-przygotowujace-do-spowiedzi-generalnej\/\" \/>\n<meta property=\"og:site_name\" content=\"SANKTUARIUM W LICHENIU\" \/>\n<meta property=\"article:modified_time\" content=\"2026-03-10T12:21:28+00:00\" \/>\n<meta name=\"twitter:card\" content=\"summary_large_image\" \/>\n<meta name=\"twitter:label1\" content=\"Estimated reading time\" \/>\n\t<meta name=\"twitter:data1\" content=\"1 minute\" \/>\n<script type=\"application\/ld+json\" class=\"yoast-schema-graph\">{\"@context\":\"https:\\\/\\\/schema.org\",\"@graph\":[{\"@type\":\"WebPage\",\"@id\":\"https:\\\/\\\/www.lichen.pl\\\/rekolekcje-przygotowujace-do-spowiedzi-generalnej\\\/\",\"url\":\"https:\\\/\\\/www.lichen.pl\\\/rekolekcje-przygotowujace-do-spowiedzi-generalnej\\\/\",\"name\":\"Rekolekcje przygotowuj\u0105ce do spowiedzi generalnej - SANKTUARIUM W LICHENIU\",\"isPartOf\":{\"@id\":\"https:\\\/\\\/www.lichen.pl\\\/fr\\\/#website\"},\"datePublished\":\"2021-04-09T09:43:40+00:00\",\"dateModified\":\"2026-03-10T12:21:28+00:00\",\"breadcrumb\":{\"@id\":\"https:\\\/\\\/www.lichen.pl\\\/rekolekcje-przygotowujace-do-spowiedzi-generalnej\\\/#breadcrumb\"},\"inLanguage\":\"en-GB\",\"potentialAction\":[{\"@type\":\"ReadAction\",\"target\":[\"https:\\\/\\\/www.lichen.pl\\\/rekolekcje-przygotowujace-do-spowiedzi-generalnej\\\/\"]}]},{\"@type\":\"BreadcrumbList\",\"@id\":\"https:\\\/\\\/www.lichen.pl\\\/rekolekcje-przygotowujace-do-spowiedzi-generalnej\\\/#breadcrumb\",\"itemListElement\":[{\"@type\":\"ListItem\",\"position\":1,\"name\":\"Strona g\u0142\u00f3wna\",\"item\":\"https:\\\/\\\/www.lichen.pl\\\/\"},{\"@type\":\"ListItem\",\"position\":2,\"name\":\"Rekolekcje przygotowuj\u0105ce do spowiedzi generalnej\"}]},{\"@type\":\"WebSite\",\"@id\":\"https:\\\/\\\/www.lichen.pl\\\/fr\\\/#website\",\"url\":\"https:\\\/\\\/www.lichen.pl\\\/fr\\\/\",\"name\":\"SANKTUARIUM W LICHENIU\",\"description\":\"MATKI BO\u017bEJ LICHE\u0143SKIEJ BOLESNEJ KR\u00d3LOWEJ POLSKI\",\"potentialAction\":[{\"@type\":\"SearchAction\",\"target\":{\"@type\":\"EntryPoint\",\"urlTemplate\":\"https:\\\/\\\/www.lichen.pl\\\/fr\\\/?s={search_term_string}\"},\"query-input\":{\"@type\":\"PropertyValueSpecification\",\"valueRequired\":true,\"valueName\":\"search_term_string\"}}],\"inLanguage\":\"en-GB\"}]}<\/script>\n<!-- \/ Yoast SEO plugin. -->","yoast_head_json":{"title":"Rekolekcje przygotowuj\u0105ce do spowiedzi generalnej - SANKTUARIUM W LICHENIU","robots":{"index":"index","follow":"follow","max-snippet":"max-snippet:-1","max-image-preview":"max-image-preview:large","max-video-preview":"max-video-preview:-1"},"canonical":"https:\/\/www.lichen.pl\/en\/rekolekcje-przygotowujace-do-spowiedzi-generalnej\/","og_locale":"en_GB","og_type":"article","og_title":"Rekolekcje przygotowuj\u0105ce do spowiedzi generalnej - SANKTUARIUM W LICHENIU","og_description":"REKOLEKCJE PRZYGOTOWUJ\u0104CE DO SPOWIEDZI GENERALNEJ \u201eBo g\u00f3ry mog\u0105 si\u0119 poruszy\u0107 i pag\u00f3rki si\u0119 zachwia\u0107, ale mi\u0142o\u015b\u0107 moja nie odst\u0105pi ciebie [&#8230;] m\u00f3wi Pan, kt\u00f3ry ma lito\u015b\u0107 nad tob\u0105\u201d Iz 54,10 Przed Tob\u0105 wa\u017cna decyzja \u017cyciowa? Czujesz si\u0119 s\u0142aby i bezsilny? Dr\u0119czy Ci\u0119 grzech, kt\u00f3ry kiedy\u015b zatai\u0142e\u015b przy spowiedzi? A mo\u017ce po prostu chcesz jeszcze raz [&hellip;]","og_url":"https:\/\/www.lichen.pl\/en\/rekolekcje-przygotowujace-do-spowiedzi-generalnej\/","og_site_name":"SANKTUARIUM W LICHENIU","article_modified_time":"2026-03-10T12:21:28+00:00","twitter_card":"summary_large_image","twitter_misc":{"Estimated reading time":"1 minute"},"schema":{"@context":"https:\/\/schema.org","@graph":[{"@type":"WebPage","@id":"https:\/\/www.lichen.pl\/rekolekcje-przygotowujace-do-spowiedzi-generalnej\/","url":"https:\/\/www.lichen.pl\/rekolekcje-przygotowujace-do-spowiedzi-generalnej\/","name":"Rekolekcje przygotowuj\u0105ce do spowiedzi generalnej - SANKTUARIUM W LICHENIU","isPartOf":{"@id":"https:\/\/www.lichen.pl\/fr\/#website"},"datePublished":"2021-04-09T09:43:40+00:00","dateModified":"2026-03-10T12:21:28+00:00","breadcrumb":{"@id":"https:\/\/www.lichen.pl\/rekolekcje-przygotowujace-do-spowiedzi-generalnej\/#breadcrumb"},"inLanguage":"en-GB","potentialAction":[{"@type":"ReadAction","target":["https:\/\/www.lichen.pl\/rekolekcje-przygotowujace-do-spowiedzi-generalnej\/"]}]},{"@type":"BreadcrumbList","@id":"https:\/\/www.lichen.pl\/rekolekcje-przygotowujace-do-spowiedzi-generalnej\/#breadcrumb","itemListElement":[{"@type":"ListItem","position":1,"name":"Strona g\u0142\u00f3wna","item":"https:\/\/www.lichen.pl\/"},{"@type":"ListItem","position":2,"name":"Rekolekcje przygotowuj\u0105ce do spowiedzi generalnej"}]},{"@type":"WebSite","@id":"https:\/\/www.lichen.pl\/fr\/#website","url":"https:\/\/www.lichen.pl\/fr\/","name":"SANCTUARY IN LICHENIA","description":"OUR LICHEN&#039;S SORROWFUL QUEEN OF POLAND","potentialAction":[{"@type":"SearchAction","target":{"@type":"EntryPoint","urlTemplate":"https:\/\/www.lichen.pl\/fr\/?s={search_term_string}"},"query-input":{"@type":"PropertyValueSpecification","valueRequired":true,"valueName":"search_term_string"}}],"inLanguage":"en-GB"}]}},"_links":{"self":[{"href":"https:\/\/www.lichen.pl\/en\/wp-json\/wp\/v2\/pages\/7370","targetHints":{"allow":["GET"]}}],"collection":[{"href":"https:\/\/www.lichen.pl\/en\/wp-json\/wp\/v2\/pages"}],"about":[{"href":"https:\/\/www.lichen.pl\/en\/wp-json\/wp\/v2\/types\/page"}],"author":[{"embeddable":true,"href":"https:\/\/www.lichen.pl\/en\/wp-json\/wp\/v2\/users\/2"}],"replies":[{"embeddable":true,"href":"https:\/\/www.lichen.pl\/en\/wp-json\/wp\/v2\/comments?post=7370"}],"version-history":[{"count":121,"href":"https:\/\/www.lichen.pl\/en\/wp-json\/wp\/v2\/pages\/7370\/revisions"}],"predecessor-version":[{"id":97826,"href":"https:\/\/www.lichen.pl\/en\/wp-json\/wp\/v2\/pages\/7370\/revisions\/97826"}],"wp:attachment":[{"href":"https:\/\/www.lichen.pl\/en\/wp-json\/wp\/v2\/media?parent=7370"}],"curies":[{"name":"wp","href":"https:\/\/api.w.org\/{rel}","templated":true}]}}