{"id":78515,"date":"2024-12-20T14:20:53","date_gmt":"2024-12-20T13:20:53","guid":{"rendered":"https:\/\/www.lichen.pl\/?page_id=78515"},"modified":"2026-03-10T13:23:35","modified_gmt":"2026-03-10T12:23:35","slug":"warsztaty-pisania-ikon-2","status":"publish","type":"page","link":"https:\/\/www.lichen.pl\/en\/warsztaty-pisania-ikon-2\/","title":{"rendered":"Icon writing workshop"},"content":{"rendered":"<div data-elementor-type=\"wp-page\" data-elementor-id=\"78515\" class=\"elementor elementor-78515\" data-elementor-post-type=\"page\">\n\t\t\t\t\t\t<section class=\"elementor-section elementor-top-section elementor-element elementor-element-9d7c68b elementor-section-boxed elementor-section-height-default elementor-section-height-default\" data-id=\"9d7c68b\" data-element_type=\"section\" data-e-type=\"section\">\n\t\t\t\t\t\t<div class=\"elementor-container elementor-column-gap-default\">\n\t\t\t\t\t<div class=\"elementor-column elementor-col-100 elementor-top-column elementor-element elementor-element-ea0043d\" data-id=\"ea0043d\" data-element_type=\"column\" data-e-type=\"column\">\n\t\t\t<div class=\"elementor-widget-wrap elementor-element-populated\">\n\t\t\t\t\t\t<div class=\"elementor-element elementor-element-b0044ff elementor-widget-divider--view-line_text elementor-widget-divider--element-align-center elementor-widget elementor-widget-divider\" data-id=\"b0044ff\" data-element_type=\"widget\" data-e-type=\"widget\" data-widget_type=\"divider.default\">\n\t\t\t\t<div class=\"elementor-widget-container\">\n\t\t\t\t\t\t\t<div class=\"elementor-divider\">\n\t\t\t<span class=\"elementor-divider-separator\">\n\t\t\t\t\t\t\t<span class=\"elementor-divider__text elementor-divider__element\">\n\t\t\t\tWORKSHOPS OF WRITING ICONS\t\t\t\t<\/span>\n\t\t\t\t\t\t<\/span>\n\t\t<\/div>\n\t\t\t\t\t\t<\/div>\n\t\t\t\t<\/div>\n\t\t\t\t\t<\/div>\n\t\t<\/div>\n\t\t\t\t\t<\/div>\n\t\t<\/section>\n\t\t\t\t<section class=\"elementor-section elementor-top-section elementor-element elementor-element-e6463e2 elementor-section-boxed elementor-section-height-default elementor-section-height-default\" data-id=\"e6463e2\" data-element_type=\"section\" data-e-type=\"section\">\n\t\t\t\t\t\t<div class=\"elementor-container elementor-column-gap-default\">\n\t\t\t\t\t<div class=\"elementor-column elementor-col-100 elementor-top-column elementor-element elementor-element-c2e52d5\" data-id=\"c2e52d5\" data-element_type=\"column\" data-e-type=\"column\">\n\t\t\t<div class=\"elementor-widget-wrap elementor-element-populated\">\n\t\t\t\t\t\t<div class=\"elementor-element elementor-element-b9e3a13 elementor-widget elementor-widget-text-editor\" data-id=\"b9e3a13\" data-element_type=\"widget\" data-e-type=\"widget\" data-widget_type=\"text-editor.default\">\n\t\t\t\t<div class=\"elementor-widget-container\">\n\t\t\t\t\t\t\t\t\t<p><span style=\"font-weight: 400;\">Are you attracted to the fascinating world of icons? Would you like to create your first icon, but you lack experience or maybe courage? Have you already tried your hand at writing an icon and would you like to improve your workshop? If so, then these workshops are just for you! We invite you on an exciting spiritual journey, the culmination of which will be the writing of your own icon, regardless of your artistic abilities.<\/span><\/p><p><span style=\"font-weight: 400;\">Warsztaty obejmuj\u0105 zaj\u0119cia teoretyczne \u2013 wyk\u0142ady wprowadzaj\u0105ce w \u015bwiat ikon oraz tematy podejmowane w czasie warsztat\u00f3w, medytacje przed ikon\u0105 oraz zaj\u0119cia warsztatowe. Ka\u017cde warsztaty podejmuj\u0105 inny temat z zakresu ikonografii.<\/span><\/p><p><span style=\"font-weight: 400;\">Warsztaty prowadzi Adam Zapora &#8211; historyk i krytyk sztuki, malarz, rysownik i grafik. Kustosz zbior\u00f3w sztuki i kurator wystaw w Muzeum Ziemi Kujawskiej i Dobrzy\u0144skiej we W\u0142oc\u0142awku.<\/span><span style=\"font-weight: 400;\"><br \/><\/span><\/p>\t\t\t\t\t\t\t\t<\/div>\n\t\t\t\t<\/div>\n\t\t\t\t<div class=\"elementor-element elementor-element-edb9ee1 elementor-widget elementor-widget-text-editor\" data-id=\"edb9ee1\" data-element_type=\"widget\" data-e-type=\"widget\" data-widget_type=\"text-editor.default\">\n\t\t\t\t<div class=\"elementor-widget-container\">\n\t\t\t\t\t\t\t\t\t<ul><li style=\"text-align: left;\"><span style=\"font-weight: 400;\">Ofiara: od 10<strong>00<\/strong><\/span><span style=\"font-weight: 400;\"> do <strong>1100<\/strong> z\u0142 od osoby. Ofiara obejmuje pobyt <\/span><span style=\"font-weight: 400;\">w pokojach<\/span><span style=\"font-weight: 400;\">, wy\u017cywienie oraz materia\u0142y dydaktyczne i wszystkie potrzebne przybory malarskie tzn. deska, p\u0119dzle, farby.<\/span><b><br \/><\/b><\/li><\/ul>\t\t\t\t\t\t\t\t<\/div>\n\t\t\t\t<\/div>\n\t\t\t\t\t<\/div>\n\t\t<\/div>\n\t\t\t\t\t<\/div>\n\t\t<\/section>\n\t\t\t\t<section class=\"elementor-section elementor-top-section elementor-element elementor-element-7515525 elementor-section-boxed elementor-section-height-default elementor-section-height-default\" data-id=\"7515525\" data-element_type=\"section\" data-e-type=\"section\">\n\t\t\t\t\t\t<div class=\"elementor-container elementor-column-gap-default\">\n\t\t\t\t\t<div class=\"elementor-column elementor-col-100 elementor-top-column elementor-element elementor-element-6de31d2\" data-id=\"6de31d2\" data-element_type=\"column\" data-e-type=\"column\">\n\t\t\t<div class=\"elementor-widget-wrap elementor-element-populated\">\n\t\t\t\t\t\t<div class=\"elementor-element elementor-element-b5f994a elementor-widget elementor-widget-text-editor\" data-id=\"b5f994a\" data-element_type=\"widget\" data-e-type=\"widget\" data-widget_type=\"text-editor.default\">\n\t\t\t\t<div class=\"elementor-widget-container\">\n\t\t\t\t\t\t\t\t\t<p style=\"text-align: left;\"><b>Registration for the workshops:<\/b><\/p><p style=\"text-align: left;\"><b>Kontakt: Biuro Obs\u0142ugi Pielgrzyma<br \/><\/b><\/p><p style=\"text-align: left;\"><b>telefon: <\/b><span style=\"font-weight: 400;\">63\/270 81 42 lub 697 959 083 <\/span><span style=\"font-weight: 400;\">(codziennie w godz. 8:00-16:00)<\/span><\/p><p style=\"text-align: left;\"><b>e-mail:<\/b><span style=\"text-decoration: underline;\"><span style=\"font-weight: 400; color: #000080; text-decoration: underline;\"> lichen@lichen.pl<\/span><\/span><\/p>\t\t\t\t\t\t\t\t<\/div>\n\t\t\t\t<\/div>\n\t\t\t\t\t<\/div>\n\t\t<\/div>\n\t\t\t\t\t<\/div>\n\t\t<\/section>\n\t\t\t\t<section class=\"elementor-section elementor-top-section elementor-element elementor-element-d1c7e40 elementor-section-boxed elementor-section-height-default elementor-section-height-default\" data-id=\"d1c7e40\" data-element_type=\"section\" data-e-type=\"section\">\n\t\t\t\t\t\t<div class=\"elementor-container elementor-column-gap-default\">\n\t\t\t\t\t<div class=\"elementor-column elementor-col-33 elementor-top-column elementor-element elementor-element-40840cd\" data-id=\"40840cd\" data-element_type=\"column\" data-e-type=\"column\">\n\t\t\t<div class=\"elementor-widget-wrap elementor-element-populated\">\n\t\t\t\t\t\t<div class=\"elementor-element elementor-element-20cd58a elementor-view-default elementor-widget elementor-widget-icon\" data-id=\"20cd58a\" data-element_type=\"widget\" data-e-type=\"widget\" data-widget_type=\"icon.default\">\n\t\t\t\t<div class=\"elementor-widget-container\">\n\t\t\t\t\t\t\t<div class=\"elementor-icon-wrapper\">\n\t\t\t<a class=\"elementor-icon\" href=\"https:\/\/www.lichen.pl\/en\/rekolekcje-rok-2026\/\" target=\"_blank\">\n\t\t\t<i aria-hidden=\"true\" class=\"far fa-calendar-check\"><\/i>\t\t\t<\/a>\n\t\t<\/div>\n\t\t\t\t\t\t<\/div>\n\t\t\t\t<\/div>\n\t\t\t\t\t<\/div>\n\t\t<\/div>\n\t\t\t\t<div class=\"elementor-column elementor-col-66 elementor-top-column elementor-element elementor-element-32e7134\" data-id=\"32e7134\" data-element_type=\"column\" data-e-type=\"column\">\n\t\t\t<div class=\"elementor-widget-wrap elementor-element-populated\">\n\t\t\t\t\t\t<div class=\"elementor-element elementor-element-7c79320 elementor-widget elementor-widget-text-editor\" data-id=\"7c79320\" data-element_type=\"widget\" data-e-type=\"widget\" data-widget_type=\"text-editor.default\">\n\t\t\t\t<div class=\"elementor-widget-container\">\n\t\t\t\t\t\t\t\t\t<p style=\"text-align: left;\"><span style=\"color: #000080;\"><strong>Przejd\u017a do kalendarza rekolekcji 2026 r.<\/strong><\/span><\/p>\t\t\t\t\t\t\t\t<\/div>\n\t\t\t\t<\/div>\n\t\t\t\t<div class=\"elementor-element elementor-element-bb89482 elementor-widget-divider--view-line elementor-widget elementor-widget-divider\" data-id=\"bb89482\" data-element_type=\"widget\" data-e-type=\"widget\" data-widget_type=\"divider.default\">\n\t\t\t\t<div class=\"elementor-widget-container\">\n\t\t\t\t\t\t\t<div class=\"elementor-divider\">\n\t\t\t<span class=\"elementor-divider-separator\">\n\t\t\t\t\t\t<\/span>\n\t\t<\/div>\n\t\t\t\t\t\t<\/div>\n\t\t\t\t<\/div>\n\t\t\t\t\t<\/div>\n\t\t<\/div>\n\t\t\t\t\t<\/div>\n\t\t<\/section>\n\t\t\t\t<\/div>","protected":false},"excerpt":{"rendered":"<p>WARSZTATY PISANIA IKON Poci\u0105ga Ci\u0119 fascynuj\u0105cy \u015bwiat ikon? Chcia\u0142by\u015b stworzy\u0107 swoj\u0105 pierwsz\u0105 ikon\u0119, ale brakuje Ci do\u015bwiadczenia, a mo\u017ce odwagi? Pr\u00f3bowa\u0142e\u015b ju\u017c swoich si\u0142 w pisaniu ikony i chcia\u0142by\u015b udoskonali\u0107 sw\u00f3j warsztat? Je\u015bli tak, to te warsztaty s\u0105 w\u0142a\u015bnie dla Ciebie! Zapraszamy Ci\u0119 w pe\u0142n\u0105 wra\u017ce\u0144 podr\u00f3\u017c duchow\u0105, kt\u00f3rej zwie\u0144czeniem b\u0119dzie napisanie przez Ciebie Twojej [&hellip;]<\/p>\n","protected":false},"author":7,"featured_media":0,"parent":0,"menu_order":0,"comment_status":"closed","ping_status":"closed","template":"","meta":{"footnotes":""},"class_list":["post-78515","page","type-page","status-publish","hentry","wpbf-post"],"yoast_head":"<!-- This site is optimized with the Yoast SEO plugin v27.4 - https:\/\/yoast.com\/product\/yoast-seo-wordpress\/ -->\n<title>Warsztaty pisania ikon - SANKTUARIUM W LICHENIU<\/title>\n<meta name=\"robots\" content=\"index, follow, max-snippet:-1, max-image-preview:large, max-video-preview:-1\" \/>\n<link rel=\"canonical\" href=\"https:\/\/www.lichen.pl\/en\/warsztaty-pisania-ikon-2\/\" \/>\n<meta property=\"og:locale\" content=\"en_GB\" \/>\n<meta property=\"og:type\" content=\"article\" \/>\n<meta property=\"og:title\" content=\"Warsztaty pisania ikon - SANKTUARIUM W LICHENIU\" \/>\n<meta property=\"og:description\" content=\"WARSZTATY PISANIA IKON Poci\u0105ga Ci\u0119 fascynuj\u0105cy \u015bwiat ikon? Chcia\u0142by\u015b stworzy\u0107 swoj\u0105 pierwsz\u0105 ikon\u0119, ale brakuje Ci do\u015bwiadczenia, a mo\u017ce odwagi? Pr\u00f3bowa\u0142e\u015b ju\u017c swoich si\u0142 w pisaniu ikony i chcia\u0142by\u015b udoskonali\u0107 sw\u00f3j warsztat? Je\u015bli tak, to te warsztaty s\u0105 w\u0142a\u015bnie dla Ciebie! Zapraszamy Ci\u0119 w pe\u0142n\u0105 wra\u017ce\u0144 podr\u00f3\u017c duchow\u0105, kt\u00f3rej zwie\u0144czeniem b\u0119dzie napisanie przez Ciebie Twojej [&hellip;]\" \/>\n<meta property=\"og:url\" content=\"https:\/\/www.lichen.pl\/en\/warsztaty-pisania-ikon-2\/\" \/>\n<meta property=\"og:site_name\" content=\"SANKTUARIUM W LICHENIU\" \/>\n<meta property=\"article:modified_time\" content=\"2026-03-10T12:23:35+00:00\" \/>\n<meta name=\"twitter:card\" content=\"summary_large_image\" \/>\n<meta name=\"twitter:label1\" content=\"Estimated reading time\" \/>\n\t<meta name=\"twitter:data1\" content=\"2 minutes\" \/>\n<script type=\"application\/ld+json\" class=\"yoast-schema-graph\">{\"@context\":\"https:\\\/\\\/schema.org\",\"@graph\":[{\"@type\":\"WebPage\",\"@id\":\"https:\\\/\\\/www.lichen.pl\\\/warsztaty-pisania-ikon-2\\\/\",\"url\":\"https:\\\/\\\/www.lichen.pl\\\/warsztaty-pisania-ikon-2\\\/\",\"name\":\"Warsztaty pisania ikon - SANKTUARIUM W LICHENIU\",\"isPartOf\":{\"@id\":\"https:\\\/\\\/www.lichen.pl\\\/fr\\\/#website\"},\"datePublished\":\"2024-12-20T13:20:53+00:00\",\"dateModified\":\"2026-03-10T12:23:35+00:00\",\"breadcrumb\":{\"@id\":\"https:\\\/\\\/www.lichen.pl\\\/warsztaty-pisania-ikon-2\\\/#breadcrumb\"},\"inLanguage\":\"en-GB\",\"potentialAction\":[{\"@type\":\"ReadAction\",\"target\":[\"https:\\\/\\\/www.lichen.pl\\\/warsztaty-pisania-ikon-2\\\/\"]}]},{\"@type\":\"BreadcrumbList\",\"@id\":\"https:\\\/\\\/www.lichen.pl\\\/warsztaty-pisania-ikon-2\\\/#breadcrumb\",\"itemListElement\":[{\"@type\":\"ListItem\",\"position\":1,\"name\":\"Strona g\u0142\u00f3wna\",\"item\":\"https:\\\/\\\/www.lichen.pl\\\/\"},{\"@type\":\"ListItem\",\"position\":2,\"name\":\"Warsztaty pisania ikon\"}]},{\"@type\":\"WebSite\",\"@id\":\"https:\\\/\\\/www.lichen.pl\\\/fr\\\/#website\",\"url\":\"https:\\\/\\\/www.lichen.pl\\\/fr\\\/\",\"name\":\"SANKTUARIUM W LICHENIU\",\"description\":\"MATKI BO\u017bEJ LICHE\u0143SKIEJ BOLESNEJ KR\u00d3LOWEJ POLSKI\",\"potentialAction\":[{\"@type\":\"SearchAction\",\"target\":{\"@type\":\"EntryPoint\",\"urlTemplate\":\"https:\\\/\\\/www.lichen.pl\\\/fr\\\/?s={search_term_string}\"},\"query-input\":{\"@type\":\"PropertyValueSpecification\",\"valueRequired\":true,\"valueName\":\"search_term_string\"}}],\"inLanguage\":\"en-GB\"}]}<\/script>\n<!-- \/ Yoast SEO plugin. -->","yoast_head_json":{"title":"Warsztaty pisania ikon - SANKTUARIUM W LICHENIU","robots":{"index":"index","follow":"follow","max-snippet":"max-snippet:-1","max-image-preview":"max-image-preview:large","max-video-preview":"max-video-preview:-1"},"canonical":"https:\/\/www.lichen.pl\/en\/warsztaty-pisania-ikon-2\/","og_locale":"en_GB","og_type":"article","og_title":"Warsztaty pisania ikon - SANKTUARIUM W LICHENIU","og_description":"WARSZTATY PISANIA IKON Poci\u0105ga Ci\u0119 fascynuj\u0105cy \u015bwiat ikon? Chcia\u0142by\u015b stworzy\u0107 swoj\u0105 pierwsz\u0105 ikon\u0119, ale brakuje Ci do\u015bwiadczenia, a mo\u017ce odwagi? Pr\u00f3bowa\u0142e\u015b ju\u017c swoich si\u0142 w pisaniu ikony i chcia\u0142by\u015b udoskonali\u0107 sw\u00f3j warsztat? Je\u015bli tak, to te warsztaty s\u0105 w\u0142a\u015bnie dla Ciebie! Zapraszamy Ci\u0119 w pe\u0142n\u0105 wra\u017ce\u0144 podr\u00f3\u017c duchow\u0105, kt\u00f3rej zwie\u0144czeniem b\u0119dzie napisanie przez Ciebie Twojej [&hellip;]","og_url":"https:\/\/www.lichen.pl\/en\/warsztaty-pisania-ikon-2\/","og_site_name":"SANKTUARIUM W LICHENIU","article_modified_time":"2026-03-10T12:23:35+00:00","twitter_card":"summary_large_image","twitter_misc":{"Estimated reading time":"2 minutes"},"schema":{"@context":"https:\/\/schema.org","@graph":[{"@type":"WebPage","@id":"https:\/\/www.lichen.pl\/warsztaty-pisania-ikon-2\/","url":"https:\/\/www.lichen.pl\/warsztaty-pisania-ikon-2\/","name":"Warsztaty pisania ikon - SANKTUARIUM W LICHENIU","isPartOf":{"@id":"https:\/\/www.lichen.pl\/fr\/#website"},"datePublished":"2024-12-20T13:20:53+00:00","dateModified":"2026-03-10T12:23:35+00:00","breadcrumb":{"@id":"https:\/\/www.lichen.pl\/warsztaty-pisania-ikon-2\/#breadcrumb"},"inLanguage":"en-GB","potentialAction":[{"@type":"ReadAction","target":["https:\/\/www.lichen.pl\/warsztaty-pisania-ikon-2\/"]}]},{"@type":"BreadcrumbList","@id":"https:\/\/www.lichen.pl\/warsztaty-pisania-ikon-2\/#breadcrumb","itemListElement":[{"@type":"ListItem","position":1,"name":"Strona g\u0142\u00f3wna","item":"https:\/\/www.lichen.pl\/"},{"@type":"ListItem","position":2,"name":"Warsztaty pisania ikon"}]},{"@type":"WebSite","@id":"https:\/\/www.lichen.pl\/fr\/#website","url":"https:\/\/www.lichen.pl\/fr\/","name":"SANCTUARY IN LICHENIA","description":"OUR LICHEN&#039;S SORROWFUL QUEEN OF POLAND","potentialAction":[{"@type":"SearchAction","target":{"@type":"EntryPoint","urlTemplate":"https:\/\/www.lichen.pl\/fr\/?s={search_term_string}"},"query-input":{"@type":"PropertyValueSpecification","valueRequired":true,"valueName":"search_term_string"}}],"inLanguage":"en-GB"}]}},"_links":{"self":[{"href":"https:\/\/www.lichen.pl\/en\/wp-json\/wp\/v2\/pages\/78515","targetHints":{"allow":["GET"]}}],"collection":[{"href":"https:\/\/www.lichen.pl\/en\/wp-json\/wp\/v2\/pages"}],"about":[{"href":"https:\/\/www.lichen.pl\/en\/wp-json\/wp\/v2\/types\/page"}],"author":[{"embeddable":true,"href":"https:\/\/www.lichen.pl\/en\/wp-json\/wp\/v2\/users\/7"}],"replies":[{"embeddable":true,"href":"https:\/\/www.lichen.pl\/en\/wp-json\/wp\/v2\/comments?post=78515"}],"version-history":[{"count":18,"href":"https:\/\/www.lichen.pl\/en\/wp-json\/wp\/v2\/pages\/78515\/revisions"}],"predecessor-version":[{"id":97832,"href":"https:\/\/www.lichen.pl\/en\/wp-json\/wp\/v2\/pages\/78515\/revisions\/97832"}],"wp:attachment":[{"href":"https:\/\/www.lichen.pl\/en\/wp-json\/wp\/v2\/media?parent=78515"}],"curies":[{"name":"wp","href":"https:\/\/api.w.org\/{rel}","templated":true}]}}