{"id":97965,"date":"2026-03-13T13:05:38","date_gmt":"2026-03-13T12:05:38","guid":{"rendered":"https:\/\/www.lichen.pl\/?page_id=97965"},"modified":"2026-03-24T12:42:42","modified_gmt":"2026-03-24T11:42:42","slug":"rekolekcje-maryjne-uzdrowienia-duchowego-2","status":"publish","type":"page","link":"https:\/\/www.lichen.pl\/en\/rekolekcje-maryjne-uzdrowienia-duchowego-2\/","title":{"rendered":"Rekolekcje maryjne uzdrowienia duchowego &#8220;Zr\u00f3bcie wszystko, cokolwiek Wam powie&#8221; (J2,5)"},"content":{"rendered":"<div data-elementor-type=\"wp-page\" data-elementor-id=\"97965\" class=\"elementor elementor-97965\" data-elementor-post-type=\"page\">\n\t\t\t\t\t\t<section class=\"elementor-section elementor-top-section elementor-element elementor-element-11cf008 elementor-section-boxed elementor-section-height-default elementor-section-height-default\" data-id=\"11cf008\" data-element_type=\"section\" data-e-type=\"section\">\n\t\t\t\t\t\t<div class=\"elementor-container elementor-column-gap-default\">\n\t\t\t\t\t<div class=\"elementor-column elementor-col-100 elementor-top-column elementor-element elementor-element-e4327ef\" data-id=\"e4327ef\" data-element_type=\"column\" data-e-type=\"column\">\n\t\t\t<div class=\"elementor-widget-wrap elementor-element-populated\">\n\t\t\t\t\t\t<div class=\"elementor-element elementor-element-eb82da3 elementor-widget-divider--view-line_text elementor-widget-divider--element-align-center elementor-widget elementor-widget-divider\" data-id=\"eb82da3\" data-element_type=\"widget\" data-e-type=\"widget\" data-widget_type=\"divider.default\">\n\t\t\t\t<div class=\"elementor-widget-container\">\n\t\t\t\t\t\t\t<div class=\"elementor-divider\">\n\t\t\t<span class=\"elementor-divider-separator\">\n\t\t\t\t\t\t\t<span class=\"elementor-divider__text elementor-divider__element\">\n\t\t\t\trekolekcje maryjne uzdrowienia duchowego \"Zr\u00f3bcie wszystko, cokolwiek wam powie\" (j2,5)\t\t\t\t<\/span>\n\t\t\t\t\t\t<\/span>\n\t\t<\/div>\n\t\t\t\t\t\t<\/div>\n\t\t\t\t<\/div>\n\t\t\t\t<div class=\"elementor-element elementor-element-62cfe8d elementor-widget elementor-widget-text-editor\" data-id=\"62cfe8d\" data-element_type=\"widget\" data-e-type=\"widget\" data-widget_type=\"text-editor.default\">\n\t\t\t\t<div class=\"elementor-widget-container\">\n\t\t\t\t\t\t\t\t\t<p>S\u0142owa Maryi wypowiedziane do s\u0142ug na weselu w Kanie Galilejskiej s\u0105 drogowskazem dla serca zranionego, zm\u0119czonego i spragnionego nowego \u017cycia. \u201eZr\u00f3bcie wszystko, cokolwiek wam powie\u201d to zaproszenie do zaufania Jezusowi zw\u0142aszcza tam, gdzie ko\u0144cz\u0105 si\u0119 ludzkie mo\u017cliwo\u015bci.<\/p><p>Maryja jest obecna w miejscu ludzkiego braku. Zauwa\u017ca to, czego inni nie widz\u0105, i wstawia si\u0119 za cz\u0142owiekiem bez os\u0105dzania i po\u015bpiechu. Jako Matka prowadzi do Jezusa, ucz\u0105c postawy pos\u0142usze\u0144stwa Jego s\u0142owu \u2013 nawet wtedy, gdy polecenia wydaj\u0105 si\u0119 niezrozumia\u0142e lub sprzeczne z do\u015bwiadczeniem. Uzdrowienie duchowe rodzi si\u0119 z decyzji, by pozwoli\u0107 Bogu dzia\u0142a\u0107 taj, jak On sam chce.<\/p><p>Rekolekcje s\u0105 drog\u0105 wewn\u0119trznego uzdrawiania: pami\u0119ci, relacji, obrazu Boga i samego siebie. W \u015bwietle S\u0142owa Bo\u017cego b\u0119dziemy starali si\u0119 nazwa\u0107 swoje braki, straty i rany oraz do odda\u0107 je Jezusowi. Maryja towarzyszy tej drodze jako Ta, kt\u00f3ra uczy ufno\u015bci i cierpliwego trwania, gdy proces uzdrowienia wymaga czasu.<\/p><p>Szczeg\u00f3lnym momentem rekolekcji jest odkrycie, \u017ce uzdrowienie nie zawsze polega na natychmiastowej zmianie sytuacji, lecz na przemianie serca. Pos\u0142usze\u0144stwo wezwaniu \u201eZr\u00f3bcie wszystko\u201d, staje si\u0119 aktem wiary, kt\u00f3ry otwiera przestrze\u0144 cudu: B\u00f3g przemienia wod\u0119 codzienno\u015bci w wino nowej rado\u015bci i sensu.<\/p><p>Czas modlitwy, ciszy, medytacji s\u0142owa oraz maryjnego wstawiennictwa pomo\u017ce nam wej\u015b\u0107 w proces uzdrowienia w rytmie Boga. Rekolekcje s\u0105 zaproszeniem dla tych, kt\u00f3rzy do\u015bwiadczaj\u0105 duchowego zm\u0119czenia, zranie\u0144 lub zagubienia i pragn\u0105 na nowo zaufa\u0107 Jezusowi, id\u0105c drog\u0105 wskazan\u0105 przez Maryj\u0119.<\/p><p><span style=\"color: #000000;\">Rekolekcje prowadzi ks. Adam Stankiewicz MIC.<\/span><\/p>\t\t\t\t\t\t\t\t<\/div>\n\t\t\t\t<\/div>\n\t\t\t\t\t<\/div>\n\t\t<\/div>\n\t\t\t\t\t<\/div>\n\t\t<\/section>\n\t\t\t\t<section class=\"elementor-section elementor-top-section elementor-element elementor-element-2db574b elementor-section-boxed elementor-section-height-default elementor-section-height-default\" data-id=\"2db574b\" data-element_type=\"section\" data-e-type=\"section\">\n\t\t\t\t\t\t<div class=\"elementor-container elementor-column-gap-default\">\n\t\t\t\t\t<div class=\"elementor-column elementor-col-100 elementor-top-column elementor-element elementor-element-c18d098\" data-id=\"c18d098\" data-element_type=\"column\" data-e-type=\"column\">\n\t\t\t<div class=\"elementor-widget-wrap elementor-element-populated\">\n\t\t\t\t\t\t<section class=\"elementor-section elementor-inner-section elementor-element elementor-element-eb9d3c0 elementor-section-boxed elementor-section-height-default elementor-section-height-default\" data-id=\"eb9d3c0\" data-element_type=\"section\" data-e-type=\"section\">\n\t\t\t\t\t\t<div class=\"elementor-container elementor-column-gap-default\">\n\t\t\t\t\t<div class=\"elementor-column elementor-col-50 elementor-inner-column elementor-element elementor-element-85eb448\" data-id=\"85eb448\" data-element_type=\"column\" data-e-type=\"column\">\n\t\t\t<div class=\"elementor-widget-wrap elementor-element-populated\">\n\t\t\t\t\t\t<div class=\"elementor-element elementor-element-4fa3c64 elementor-widget elementor-widget-text-editor\" data-id=\"4fa3c64\" data-element_type=\"widget\" data-e-type=\"widget\" data-widget_type=\"text-editor.default\">\n\t\t\t\t<div class=\"elementor-widget-container\">\n\t\t\t\t\t\t\t\t\t<ul><li><span style=\"color: #000000;\">ofiara: <strong>od<\/strong> <strong>350 z\u0142 do 450 z\u0142<\/strong> od osoby w zale\u017cno\u015bci od rodzaju pokoju (w tym nocleg i wy\u017cywienie), z\u0142o\u017cona podczas rekolekcji\/po przyje\u017adzie<br \/><\/span><\/li><li><span style=\"color: #000000;\">the number of places is limited<\/span><\/li><li><span style=\"color: #000000;\">the order of applications decides<\/span><\/li><\/ul>\t\t\t\t\t\t\t\t<\/div>\n\t\t\t\t<\/div>\n\t\t\t\t\t<\/div>\n\t\t<\/div>\n\t\t\t\t<div class=\"elementor-column elementor-col-50 elementor-inner-column elementor-element elementor-element-37c81df\" data-id=\"37c81df\" data-element_type=\"column\" data-e-type=\"column\">\n\t\t\t<div class=\"elementor-widget-wrap elementor-element-populated\">\n\t\t\t\t\t\t<div class=\"elementor-element elementor-element-9ec977c elementor-widget elementor-widget-text-editor\" data-id=\"9ec977c\" data-element_type=\"widget\" data-e-type=\"widget\" data-widget_type=\"text-editor.default\">\n\t\t\t\t<div class=\"elementor-widget-container\">\n\t\t\t\t\t\t\t\t\t<p style=\"text-align: center;\"><strong><span style=\"color: #800000;\">Registration for the retreat:<\/span><\/strong><\/p><ul><li><span style=\"color: #000000;\"><strong>personally<\/strong>, at the Pilgrim Service Office<\/span><\/li><li><span style=\"color: #000000;\"><strong>by phone<\/strong> (+48) 63 270 81 42, (+48) 63 270 81 63<\/span><\/li><li><span style=\"color: #000000;\"><strong>e mail:<\/strong> lichen@lichen.pl<\/span><\/li><\/ul>\t\t\t\t\t\t\t\t<\/div>\n\t\t\t\t<\/div>\n\t\t\t\t\t<\/div>\n\t\t<\/div>\n\t\t\t\t\t<\/div>\n\t\t<\/section>\n\t\t\t\t\t<\/div>\n\t\t<\/div>\n\t\t\t\t\t<\/div>\n\t\t<\/section>\n\t\t\t\t<section class=\"elementor-section elementor-top-section elementor-element elementor-element-55228c8 elementor-section-boxed elementor-section-height-default elementor-section-height-default\" data-id=\"55228c8\" data-element_type=\"section\" data-e-type=\"section\">\n\t\t\t\t\t\t<div class=\"elementor-container elementor-column-gap-default\">\n\t\t\t\t\t<div class=\"elementor-column elementor-col-100 elementor-top-column elementor-element elementor-element-84a674b\" data-id=\"84a674b\" data-element_type=\"column\" data-e-type=\"column\">\n\t\t\t<div class=\"elementor-widget-wrap elementor-element-populated\">\n\t\t\t\t\t\t<section class=\"elementor-section elementor-inner-section elementor-element elementor-element-25c8f5b elementor-section-boxed elementor-section-height-default elementor-section-height-default\" data-id=\"25c8f5b\" data-element_type=\"section\" data-e-type=\"section\">\n\t\t\t\t\t\t<div class=\"elementor-container elementor-column-gap-default\">\n\t\t\t\t\t<div class=\"elementor-column elementor-col-50 elementor-inner-column elementor-element elementor-element-90ad964\" data-id=\"90ad964\" data-element_type=\"column\" data-e-type=\"column\">\n\t\t\t<div class=\"elementor-widget-wrap elementor-element-populated\">\n\t\t\t\t\t\t<div class=\"elementor-element elementor-element-61dba9a elementor-view-default elementor-widget elementor-widget-icon\" data-id=\"61dba9a\" data-element_type=\"widget\" data-e-type=\"widget\" data-widget_type=\"icon.default\">\n\t\t\t\t<div class=\"elementor-widget-container\">\n\t\t\t\t\t\t\t<div class=\"elementor-icon-wrapper\">\n\t\t\t<a class=\"elementor-icon\" href=\"https:\/\/www.lichen.pl\/en\/rekolekcje-rok-2026\/\">\n\t\t\t<i aria-hidden=\"true\" class=\"far fa-calendar-check\"><\/i>\t\t\t<\/a>\n\t\t<\/div>\n\t\t\t\t\t\t<\/div>\n\t\t\t\t<\/div>\n\t\t\t\t\t<\/div>\n\t\t<\/div>\n\t\t\t\t<div class=\"elementor-column elementor-col-50 elementor-inner-column elementor-element elementor-element-47818f6\" data-id=\"47818f6\" data-element_type=\"column\" data-e-type=\"column\">\n\t\t\t<div class=\"elementor-widget-wrap elementor-element-populated\">\n\t\t\t\t\t\t<div class=\"elementor-element elementor-element-53e622e elementor-widget elementor-widget-text-editor\" data-id=\"53e622e\" data-element_type=\"widget\" data-e-type=\"widget\" data-widget_type=\"text-editor.default\">\n\t\t\t\t<div class=\"elementor-widget-container\">\n\t\t\t\t\t\t\t\t\t<p><span style=\"color: #333399;\">Przejd\u017a do kalendarza rekolekcji 2026 r.<\/span><\/p>\t\t\t\t\t\t\t\t<\/div>\n\t\t\t\t<\/div>\n\t\t\t\t<div class=\"elementor-element elementor-element-44a294a elementor-widget-divider--view-line elementor-widget elementor-widget-divider\" data-id=\"44a294a\" data-element_type=\"widget\" data-e-type=\"widget\" data-widget_type=\"divider.default\">\n\t\t\t\t<div class=\"elementor-widget-container\">\n\t\t\t\t\t\t\t<div class=\"elementor-divider\">\n\t\t\t<span class=\"elementor-divider-separator\">\n\t\t\t\t\t\t<\/span>\n\t\t<\/div>\n\t\t\t\t\t\t<\/div>\n\t\t\t\t<\/div>\n\t\t\t\t\t<\/div>\n\t\t<\/div>\n\t\t\t\t\t<\/div>\n\t\t<\/section>\n\t\t\t\t\t<\/div>\n\t\t<\/div>\n\t\t\t\t\t<\/div>\n\t\t<\/section>\n\t\t\t\t<\/div>","protected":false},"excerpt":{"rendered":"<p>rekolekcje maryjne uzdrowienia duchowego &#8220;Zr\u00f3bcie wszystko, cokolwiek wam powie&#8221; (j2,5) S\u0142owa Maryi wypowiedziane do s\u0142ug na weselu w Kanie Galilejskiej s\u0105 drogowskazem dla serca zranionego, zm\u0119czonego i spragnionego nowego \u017cycia. \u201eZr\u00f3bcie wszystko, cokolwiek wam powie\u201d to zaproszenie do zaufania Jezusowi zw\u0142aszcza tam, gdzie ko\u0144cz\u0105 si\u0119 ludzkie mo\u017cliwo\u015bci. Maryja jest obecna w miejscu ludzkiego braku. Zauwa\u017ca [&hellip;]<\/p>\n","protected":false},"author":7,"featured_media":0,"parent":0,"menu_order":0,"comment_status":"closed","ping_status":"closed","template":"","meta":{"footnotes":""},"class_list":["post-97965","page","type-page","status-publish","hentry","wpbf-post"],"yoast_head":"<!-- This site is optimized with the Yoast SEO plugin v27.4 - https:\/\/yoast.com\/product\/yoast-seo-wordpress\/ -->\n<title>Rekolekcje maryjne uzdrowienia duchowego &quot;Zr\u00f3bcie wszystko, cokolwiek Wam powie&quot; (J2,5) - SANKTUARIUM W LICHENIU<\/title>\n<meta name=\"robots\" content=\"index, follow, max-snippet:-1, max-image-preview:large, max-video-preview:-1\" \/>\n<link rel=\"canonical\" href=\"https:\/\/www.lichen.pl\/en\/rekolekcje-maryjne-uzdrowienia-duchowego-2\/\" \/>\n<meta property=\"og:locale\" content=\"en_GB\" \/>\n<meta property=\"og:type\" content=\"article\" \/>\n<meta property=\"og:title\" content=\"Rekolekcje maryjne uzdrowienia duchowego &quot;Zr\u00f3bcie wszystko, cokolwiek Wam powie&quot; (J2,5) - SANKTUARIUM W LICHENIU\" \/>\n<meta property=\"og:description\" content=\"rekolekcje maryjne uzdrowienia duchowego &#8220;Zr\u00f3bcie wszystko, cokolwiek wam powie&#8221; (j2,5) S\u0142owa Maryi wypowiedziane do s\u0142ug na weselu w Kanie Galilejskiej s\u0105 drogowskazem dla serca zranionego, zm\u0119czonego i spragnionego nowego \u017cycia. \u201eZr\u00f3bcie wszystko, cokolwiek wam powie\u201d to zaproszenie do zaufania Jezusowi zw\u0142aszcza tam, gdzie ko\u0144cz\u0105 si\u0119 ludzkie mo\u017cliwo\u015bci. Maryja jest obecna w miejscu ludzkiego braku. Zauwa\u017ca [&hellip;]\" \/>\n<meta property=\"og:url\" content=\"https:\/\/www.lichen.pl\/en\/rekolekcje-maryjne-uzdrowienia-duchowego-2\/\" \/>\n<meta property=\"og:site_name\" content=\"SANKTUARIUM W LICHENIU\" \/>\n<meta property=\"article:modified_time\" content=\"2026-03-24T11:42:42+00:00\" \/>\n<meta name=\"twitter:card\" content=\"summary_large_image\" \/>\n<meta name=\"twitter:label1\" content=\"Estimated reading time\" \/>\n\t<meta name=\"twitter:data1\" content=\"2 minutes\" \/>\n<script type=\"application\/ld+json\" class=\"yoast-schema-graph\">{\"@context\":\"https:\\\/\\\/schema.org\",\"@graph\":[{\"@type\":\"WebPage\",\"@id\":\"https:\\\/\\\/www.lichen.pl\\\/rekolekcje-maryjne-uzdrowienia-duchowego-2\\\/\",\"url\":\"https:\\\/\\\/www.lichen.pl\\\/rekolekcje-maryjne-uzdrowienia-duchowego-2\\\/\",\"name\":\"Rekolekcje maryjne uzdrowienia duchowego \\\"Zr\u00f3bcie wszystko, cokolwiek Wam powie\\\" (J2,5) - SANKTUARIUM W LICHENIU\",\"isPartOf\":{\"@id\":\"https:\\\/\\\/www.lichen.pl\\\/fr\\\/#website\"},\"datePublished\":\"2026-03-13T12:05:38+00:00\",\"dateModified\":\"2026-03-24T11:42:42+00:00\",\"breadcrumb\":{\"@id\":\"https:\\\/\\\/www.lichen.pl\\\/rekolekcje-maryjne-uzdrowienia-duchowego-2\\\/#breadcrumb\"},\"inLanguage\":\"en-GB\",\"potentialAction\":[{\"@type\":\"ReadAction\",\"target\":[\"https:\\\/\\\/www.lichen.pl\\\/rekolekcje-maryjne-uzdrowienia-duchowego-2\\\/\"]}]},{\"@type\":\"BreadcrumbList\",\"@id\":\"https:\\\/\\\/www.lichen.pl\\\/rekolekcje-maryjne-uzdrowienia-duchowego-2\\\/#breadcrumb\",\"itemListElement\":[{\"@type\":\"ListItem\",\"position\":1,\"name\":\"Strona g\u0142\u00f3wna\",\"item\":\"https:\\\/\\\/www.lichen.pl\\\/\"},{\"@type\":\"ListItem\",\"position\":2,\"name\":\"Rekolekcje maryjne uzdrowienia duchowego &#8220;Zr\u00f3bcie wszystko, cokolwiek Wam powie&#8221; (J2,5)\"}]},{\"@type\":\"WebSite\",\"@id\":\"https:\\\/\\\/www.lichen.pl\\\/fr\\\/#website\",\"url\":\"https:\\\/\\\/www.lichen.pl\\\/fr\\\/\",\"name\":\"SANKTUARIUM W LICHENIU\",\"description\":\"MATKI BO\u017bEJ LICHE\u0143SKIEJ BOLESNEJ KR\u00d3LOWEJ POLSKI\",\"potentialAction\":[{\"@type\":\"SearchAction\",\"target\":{\"@type\":\"EntryPoint\",\"urlTemplate\":\"https:\\\/\\\/www.lichen.pl\\\/fr\\\/?s={search_term_string}\"},\"query-input\":{\"@type\":\"PropertyValueSpecification\",\"valueRequired\":true,\"valueName\":\"search_term_string\"}}],\"inLanguage\":\"en-GB\"}]}<\/script>\n<!-- \/ Yoast SEO plugin. -->","yoast_head_json":{"title":"Rekolekcje maryjne uzdrowienia duchowego \"Zr\u00f3bcie wszystko, cokolwiek Wam powie\" (J2,5) - SANKTUARIUM W LICHENIU","robots":{"index":"index","follow":"follow","max-snippet":"max-snippet:-1","max-image-preview":"max-image-preview:large","max-video-preview":"max-video-preview:-1"},"canonical":"https:\/\/www.lichen.pl\/en\/rekolekcje-maryjne-uzdrowienia-duchowego-2\/","og_locale":"en_GB","og_type":"article","og_title":"Rekolekcje maryjne uzdrowienia duchowego \"Zr\u00f3bcie wszystko, cokolwiek Wam powie\" (J2,5) - SANKTUARIUM W LICHENIU","og_description":"rekolekcje maryjne uzdrowienia duchowego &#8220;Zr\u00f3bcie wszystko, cokolwiek wam powie&#8221; (j2,5) S\u0142owa Maryi wypowiedziane do s\u0142ug na weselu w Kanie Galilejskiej s\u0105 drogowskazem dla serca zranionego, zm\u0119czonego i spragnionego nowego \u017cycia. \u201eZr\u00f3bcie wszystko, cokolwiek wam powie\u201d to zaproszenie do zaufania Jezusowi zw\u0142aszcza tam, gdzie ko\u0144cz\u0105 si\u0119 ludzkie mo\u017cliwo\u015bci. Maryja jest obecna w miejscu ludzkiego braku. Zauwa\u017ca [&hellip;]","og_url":"https:\/\/www.lichen.pl\/en\/rekolekcje-maryjne-uzdrowienia-duchowego-2\/","og_site_name":"SANKTUARIUM W LICHENIU","article_modified_time":"2026-03-24T11:42:42+00:00","twitter_card":"summary_large_image","twitter_misc":{"Estimated reading time":"2 minutes"},"schema":{"@context":"https:\/\/schema.org","@graph":[{"@type":"WebPage","@id":"https:\/\/www.lichen.pl\/rekolekcje-maryjne-uzdrowienia-duchowego-2\/","url":"https:\/\/www.lichen.pl\/rekolekcje-maryjne-uzdrowienia-duchowego-2\/","name":"Rekolekcje maryjne uzdrowienia duchowego \"Zr\u00f3bcie wszystko, cokolwiek Wam powie\" (J2,5) - SANKTUARIUM W LICHENIU","isPartOf":{"@id":"https:\/\/www.lichen.pl\/fr\/#website"},"datePublished":"2026-03-13T12:05:38+00:00","dateModified":"2026-03-24T11:42:42+00:00","breadcrumb":{"@id":"https:\/\/www.lichen.pl\/rekolekcje-maryjne-uzdrowienia-duchowego-2\/#breadcrumb"},"inLanguage":"en-GB","potentialAction":[{"@type":"ReadAction","target":["https:\/\/www.lichen.pl\/rekolekcje-maryjne-uzdrowienia-duchowego-2\/"]}]},{"@type":"BreadcrumbList","@id":"https:\/\/www.lichen.pl\/rekolekcje-maryjne-uzdrowienia-duchowego-2\/#breadcrumb","itemListElement":[{"@type":"ListItem","position":1,"name":"Strona g\u0142\u00f3wna","item":"https:\/\/www.lichen.pl\/"},{"@type":"ListItem","position":2,"name":"Rekolekcje maryjne uzdrowienia duchowego &#8220;Zr\u00f3bcie wszystko, cokolwiek Wam powie&#8221; (J2,5)"}]},{"@type":"WebSite","@id":"https:\/\/www.lichen.pl\/fr\/#website","url":"https:\/\/www.lichen.pl\/fr\/","name":"SANCTUARY IN LICHENIA","description":"OUR LICHEN&#039;S SORROWFUL QUEEN OF POLAND","potentialAction":[{"@type":"SearchAction","target":{"@type":"EntryPoint","urlTemplate":"https:\/\/www.lichen.pl\/fr\/?s={search_term_string}"},"query-input":{"@type":"PropertyValueSpecification","valueRequired":true,"valueName":"search_term_string"}}],"inLanguage":"en-GB"}]}},"_links":{"self":[{"href":"https:\/\/www.lichen.pl\/en\/wp-json\/wp\/v2\/pages\/97965","targetHints":{"allow":["GET"]}}],"collection":[{"href":"https:\/\/www.lichen.pl\/en\/wp-json\/wp\/v2\/pages"}],"about":[{"href":"https:\/\/www.lichen.pl\/en\/wp-json\/wp\/v2\/types\/page"}],"author":[{"embeddable":true,"href":"https:\/\/www.lichen.pl\/en\/wp-json\/wp\/v2\/users\/7"}],"replies":[{"embeddable":true,"href":"https:\/\/www.lichen.pl\/en\/wp-json\/wp\/v2\/comments?post=97965"}],"version-history":[{"count":10,"href":"https:\/\/www.lichen.pl\/en\/wp-json\/wp\/v2\/pages\/97965\/revisions"}],"predecessor-version":[{"id":98342,"href":"https:\/\/www.lichen.pl\/en\/wp-json\/wp\/v2\/pages\/97965\/revisions\/98342"}],"wp:attachment":[{"href":"https:\/\/www.lichen.pl\/en\/wp-json\/wp\/v2\/media?parent=97965"}],"curies":[{"name":"wp","href":"https:\/\/api.w.org\/{rel}","templated":true}]}}