{"id":98720,"date":"2026-04-01T09:42:16","date_gmt":"2026-04-01T07:42:16","guid":{"rendered":"https:\/\/www.lichen.pl\/?page_id=98720"},"modified":"2026-04-01T09:53:12","modified_gmt":"2026-04-01T07:53:12","slug":"rekolekcje-o-modlitwie-za-zmarlych-podaruj-bliskim-milosc","status":"publish","type":"page","link":"https:\/\/www.lichen.pl\/en\/rekolekcje-o-modlitwie-za-zmarlych-podaruj-bliskim-milosc\/","title":{"rendered":"Rekolekcje o modlitwie za zmar\u0142ych &#8220;Podaruj bliskim mi\u0142o\u015b\u0107&#8221;"},"content":{"rendered":"<div data-elementor-type=\"wp-page\" data-elementor-id=\"98720\" class=\"elementor elementor-98720\" data-elementor-post-type=\"page\">\n\t\t\t\t\t\t<section class=\"elementor-section elementor-top-section elementor-element elementor-element-fa6006f elementor-section-boxed elementor-section-height-default elementor-section-height-default\" data-id=\"fa6006f\" data-element_type=\"section\" data-e-type=\"section\">\n\t\t\t\t\t\t<div class=\"elementor-container elementor-column-gap-default\">\n\t\t\t\t\t<div class=\"elementor-column elementor-col-100 elementor-top-column elementor-element elementor-element-3a72eb0\" data-id=\"3a72eb0\" data-element_type=\"column\" data-e-type=\"column\">\n\t\t\t<div class=\"elementor-widget-wrap elementor-element-populated\">\n\t\t\t\t\t\t<div class=\"elementor-element elementor-element-b0044ff elementor-widget-divider--view-line_text elementor-widget__width-initial elementor-widget-divider--element-align-center elementor-widget elementor-widget-divider\" data-id=\"b0044ff\" data-element_type=\"widget\" data-e-type=\"widget\" data-widget_type=\"divider.default\">\n\t\t\t\t<div class=\"elementor-widget-container\">\n\t\t\t\t\t\t\t<div class=\"elementor-divider\">\n\t\t\t<span class=\"elementor-divider-separator\">\n\t\t\t\t\t\t\t<span class=\"elementor-divider__text elementor-divider__element\">\n\t\t\t\trekolekcje o modlitwie za zmar\u0142ych \"podaruj bliskim mi\u0142o\u015b\u0107\"\t\t\t\t<\/span>\n\t\t\t\t\t\t<\/span>\n\t\t<\/div>\n\t\t\t\t\t\t<\/div>\n\t\t\t\t<\/div>\n\t\t\t\t<div class=\"elementor-element elementor-element-7dbac0b elementor-blockquote--skin-clean elementor-blockquote--align-left elementor-widget elementor-widget-blockquote\" data-id=\"7dbac0b\" data-element_type=\"widget\" data-e-type=\"widget\" data-widget_type=\"blockquote.default\">\n\t\t\t\t<div class=\"elementor-widget-container\">\n\t\t\t\t\t\t\t<blockquote class=\"elementor-blockquote\">\n\t\t\t<p class=\"elementor-blockquote__content\">\n\t\t\t\t \n\t\t\t<\/p>\n\t\t\t\t\t<\/blockquote>\n\t\t\t\t\t\t<\/div>\n\t\t\t\t<\/div>\n\t\t\t\t<div class=\"elementor-element elementor-element-b9e3a13 elementor-widget elementor-widget-text-editor\" data-id=\"b9e3a13\" data-element_type=\"widget\" data-e-type=\"widget\" data-widget_type=\"text-editor.default\">\n\t\t\t\t<div class=\"elementor-widget-container\">\n\t\t\t\t\t\t\t\t\t<p>Chyba ka\u017cdy z nas po\u017cegna\u0142 kogo\u015b z bliskich os\u00f3b, przyjaci\u00f3\u0142, znajomych. Zapisane w sercu wspomnienia, wsp\u00f3lnie prze\u017cyte chwile, obrazy podtrzymuj\u0105 wi\u0119\u017a, kt\u00f3r\u0105 Ko\u015bci\u00f3\u0142 nazywa \u201e\u015bwi\u0119tych obcowaniem\u201d. Po czasie \u017ca\u0142oby t\u0119 w\u0142a\u015bnie wi\u0119\u017a mo\u017cna ukierunkowa\u0107, uczyni\u0107 wi\u0119zi\u0105 g\u0142\u0119bszej mi\u0142o\u015bci z tymi kt\u00f3rzy odeszli. Mo\u017cna j\u0105 uczyni\u0107 przestrzeni\u0105 przebaczenia, pojednania i obdarowania mi\u0142osierdziem. W listopadowym czasie, kiedy w spos\u00f3b szczeg\u00f3lny jeste\u015bmy zaproszeni do modlitwy za zmar\u0142ych chcemy stworzy\u0107 przestrze\u0144 modlitewnego spotkania z tymi, kt\u00f3rzy przeszli ju\u017c na drug\u0105 stron\u0119. Te rekolekcje to r\u00f3wnie\u017c okazja do uporz\u0105dkowania w obecno\u015bci Jezusa i Matki Mi\u0142osierdzia trudnych, niekiedy bolesnych relacji ze zmar\u0142ymi. To tak\u017ce przestrze\u0144 do ofiarnego wspierania zmar\u0142ych w bardziej przemy\u015blany i duchowy spos\u00f3b.<\/p><p>Rekolekcje prowadzi ks. S\u0142awomir Homoncik<\/p>\t\t\t\t\t\t\t\t<\/div>\n\t\t\t\t<\/div>\n\t\t\t\t<section class=\"elementor-section elementor-inner-section elementor-element elementor-element-2bf3874 elementor-section-boxed elementor-section-height-default elementor-section-height-default\" data-id=\"2bf3874\" data-element_type=\"section\" data-e-type=\"section\">\n\t\t\t\t\t\t<div class=\"elementor-container elementor-column-gap-default\">\n\t\t\t\t\t<div class=\"elementor-column elementor-col-50 elementor-inner-column elementor-element elementor-element-2c1b676\" data-id=\"2c1b676\" data-element_type=\"column\" data-e-type=\"column\">\n\t\t\t<div class=\"elementor-widget-wrap elementor-element-populated\">\n\t\t\t\t\t\t<div class=\"elementor-element elementor-element-edb9ee1 elementor-widget elementor-widget-text-editor\" data-id=\"edb9ee1\" data-element_type=\"widget\" data-e-type=\"widget\" data-widget_type=\"text-editor.default\">\n\t\t\t\t<div class=\"elementor-widget-container\">\n\t\t\t\t\t\t\t\t\t<ul><li><span style=\"color: #000000;\">ofiara: <strong>od<\/strong> <strong>350 z\u0142 do 450 z\u0142<\/strong> od osoby w zale\u017cno\u015bci od rodzaju pokoju (w tym nocleg i wy\u017cywienie), z\u0142o\u017cona podczas rekolekcji\/po przyje\u017adzie<\/span><\/li><li><span style=\"color: #000000;\">the number of places is limited<\/span><\/li><li><span style=\"color: #000000;\">the order of applications decides<\/span><\/li><\/ul>\t\t\t\t\t\t\t\t<\/div>\n\t\t\t\t<\/div>\n\t\t\t\t\t<\/div>\n\t\t<\/div>\n\t\t\t\t<div class=\"elementor-column elementor-col-50 elementor-inner-column elementor-element elementor-element-6897f49\" data-id=\"6897f49\" data-element_type=\"column\" data-e-type=\"column\">\n\t\t\t<div class=\"elementor-widget-wrap elementor-element-populated\">\n\t\t\t\t\t\t<div class=\"elementor-element elementor-element-b5f994a elementor-widget elementor-widget-text-editor\" data-id=\"b5f994a\" data-element_type=\"widget\" data-e-type=\"widget\" data-widget_type=\"text-editor.default\">\n\t\t\t\t<div class=\"elementor-widget-container\">\n\t\t\t\t\t\t\t\t\t<p style=\"text-align: center;\"><strong><span style=\"color: #800000;\">Registration for the retreat:<\/span><\/strong><\/p><ul><li><span style=\"color: #000000;\"><strong>personally<\/strong>, at the Pilgrim Service Office<\/span><\/li><li><span style=\"color: #000000;\"><strong>by phone<\/strong> (+48) 63 270 81 42, (+48) 63 270 81 63<\/span><\/li><li><span style=\"color: #000000;\"><strong>e mail:<\/strong> lichen@lichen.pl<\/span><\/li><\/ul>\t\t\t\t\t\t\t\t<\/div>\n\t\t\t\t<\/div>\n\t\t\t\t\t<\/div>\n\t\t<\/div>\n\t\t\t\t\t<\/div>\n\t\t<\/section>\n\t\t\t\t<section class=\"elementor-section elementor-inner-section elementor-element elementor-element-81654a7 elementor-section-boxed elementor-section-height-default elementor-section-height-default\" data-id=\"81654a7\" data-element_type=\"section\" data-e-type=\"section\">\n\t\t\t\t\t\t<div class=\"elementor-container elementor-column-gap-default\">\n\t\t\t\t\t<div class=\"elementor-column elementor-col-50 elementor-inner-column elementor-element elementor-element-b5ed421\" data-id=\"b5ed421\" data-element_type=\"column\" data-e-type=\"column\">\n\t\t\t<div class=\"elementor-widget-wrap elementor-element-populated\">\n\t\t\t\t\t\t<div class=\"elementor-element elementor-element-20cd58a elementor-view-default elementor-widget elementor-widget-icon\" data-id=\"20cd58a\" data-element_type=\"widget\" data-e-type=\"widget\" data-widget_type=\"icon.default\">\n\t\t\t\t<div class=\"elementor-widget-container\">\n\t\t\t\t\t\t\t<div class=\"elementor-icon-wrapper\">\n\t\t\t<a class=\"elementor-icon\" href=\"https:\/\/www.lichen.pl\/en\/rekolekcje-rok-2026\/\" target=\"_blank\">\n\t\t\t<i aria-hidden=\"true\" class=\"far fa-calendar-check\"><\/i>\t\t\t<\/a>\n\t\t<\/div>\n\t\t\t\t\t\t<\/div>\n\t\t\t\t<\/div>\n\t\t\t\t\t<\/div>\n\t\t<\/div>\n\t\t\t\t<div class=\"elementor-column elementor-col-50 elementor-inner-column elementor-element elementor-element-ec64b77\" data-id=\"ec64b77\" data-element_type=\"column\" data-e-type=\"column\">\n\t\t\t<div class=\"elementor-widget-wrap elementor-element-populated\">\n\t\t\t\t\t\t<div class=\"elementor-element elementor-element-641a953 elementor-widget elementor-widget-text-editor\" data-id=\"641a953\" data-element_type=\"widget\" data-e-type=\"widget\" data-widget_type=\"text-editor.default\">\n\t\t\t\t<div class=\"elementor-widget-container\">\n\t\t\t\t\t\t\t\t\t<p style=\"text-align: left;\"><span style=\"color: #000080;\">Przejd\u017a do kalendarza rekolekcji 2026 r.<\/span><\/p>\t\t\t\t\t\t\t\t<\/div>\n\t\t\t\t<\/div>\n\t\t\t\t<div class=\"elementor-element elementor-element-0511655 elementor-widget-divider--view-line elementor-widget elementor-widget-divider\" data-id=\"0511655\" data-element_type=\"widget\" data-e-type=\"widget\" data-widget_type=\"divider.default\">\n\t\t\t\t<div class=\"elementor-widget-container\">\n\t\t\t\t\t\t\t<div class=\"elementor-divider\">\n\t\t\t<span class=\"elementor-divider-separator\">\n\t\t\t\t\t\t<\/span>\n\t\t<\/div>\n\t\t\t\t\t\t<\/div>\n\t\t\t\t<\/div>\n\t\t\t\t\t<\/div>\n\t\t<\/div>\n\t\t\t\t\t<\/div>\n\t\t<\/section>\n\t\t\t\t\t<\/div>\n\t\t<\/div>\n\t\t\t\t\t<\/div>\n\t\t<\/section>\n\t\t\t\t<\/div>","protected":false},"excerpt":{"rendered":"<p>rekolekcje o modlitwie za zmar\u0142ych &#8220;podaruj bliskim mi\u0142o\u015b\u0107&#8221; Chyba ka\u017cdy z nas po\u017cegna\u0142 kogo\u015b z bliskich os\u00f3b, przyjaci\u00f3\u0142, znajomych. Zapisane w sercu wspomnienia, wsp\u00f3lnie prze\u017cyte chwile, obrazy podtrzymuj\u0105 wi\u0119\u017a, kt\u00f3r\u0105 Ko\u015bci\u00f3\u0142 nazywa \u201e\u015bwi\u0119tych obcowaniem\u201d. Po czasie \u017ca\u0142oby t\u0119 w\u0142a\u015bnie wi\u0119\u017a mo\u017cna ukierunkowa\u0107, uczyni\u0107 wi\u0119zi\u0105 g\u0142\u0119bszej mi\u0142o\u015bci z tymi kt\u00f3rzy odeszli. Mo\u017cna j\u0105 uczyni\u0107 przestrzeni\u0105 przebaczenia, [&hellip;]<\/p>\n","protected":false},"author":7,"featured_media":0,"parent":0,"menu_order":0,"comment_status":"closed","ping_status":"closed","template":"elementor_header_footer","meta":{"footnotes":""},"class_list":["post-98720","page","type-page","status-publish","hentry","wpbf-post"],"yoast_head":"<!-- This site is optimized with the Yoast SEO plugin v27.4 - https:\/\/yoast.com\/product\/yoast-seo-wordpress\/ -->\n<title>Rekolekcje o modlitwie za zmar\u0142ych &quot;Podaruj bliskim mi\u0142o\u015b\u0107&quot; - SANKTUARIUM W LICHENIU<\/title>\n<meta name=\"robots\" content=\"index, follow, max-snippet:-1, max-image-preview:large, max-video-preview:-1\" \/>\n<link rel=\"canonical\" href=\"https:\/\/www.lichen.pl\/en\/rekolekcje-o-modlitwie-za-zmarlych-podaruj-bliskim-milosc\/\" \/>\n<meta property=\"og:locale\" content=\"en_GB\" \/>\n<meta property=\"og:type\" content=\"article\" \/>\n<meta property=\"og:title\" content=\"Rekolekcje o modlitwie za zmar\u0142ych &quot;Podaruj bliskim mi\u0142o\u015b\u0107&quot; - SANKTUARIUM W LICHENIU\" \/>\n<meta property=\"og:description\" content=\"rekolekcje o modlitwie za zmar\u0142ych &#8220;podaruj bliskim mi\u0142o\u015b\u0107&#8221; Chyba ka\u017cdy z nas po\u017cegna\u0142 kogo\u015b z bliskich os\u00f3b, przyjaci\u00f3\u0142, znajomych. Zapisane w sercu wspomnienia, wsp\u00f3lnie prze\u017cyte chwile, obrazy podtrzymuj\u0105 wi\u0119\u017a, kt\u00f3r\u0105 Ko\u015bci\u00f3\u0142 nazywa \u201e\u015bwi\u0119tych obcowaniem\u201d. Po czasie \u017ca\u0142oby t\u0119 w\u0142a\u015bnie wi\u0119\u017a mo\u017cna ukierunkowa\u0107, uczyni\u0107 wi\u0119zi\u0105 g\u0142\u0119bszej mi\u0142o\u015bci z tymi kt\u00f3rzy odeszli. Mo\u017cna j\u0105 uczyni\u0107 przestrzeni\u0105 przebaczenia, [&hellip;]\" \/>\n<meta property=\"og:url\" content=\"https:\/\/www.lichen.pl\/en\/rekolekcje-o-modlitwie-za-zmarlych-podaruj-bliskim-milosc\/\" \/>\n<meta property=\"og:site_name\" content=\"SANKTUARIUM W LICHENIU\" \/>\n<meta property=\"article:modified_time\" content=\"2026-04-01T07:53:12+00:00\" \/>\n<meta name=\"twitter:card\" content=\"summary_large_image\" \/>\n<meta name=\"twitter:label1\" content=\"Estimated reading time\" \/>\n\t<meta name=\"twitter:data1\" content=\"2 minutes\" \/>\n<script type=\"application\/ld+json\" class=\"yoast-schema-graph\">{\"@context\":\"https:\\\/\\\/schema.org\",\"@graph\":[{\"@type\":\"WebPage\",\"@id\":\"https:\\\/\\\/www.lichen.pl\\\/rekolekcje-o-modlitwie-za-zmarlych-podaruj-bliskim-milosc\\\/\",\"url\":\"https:\\\/\\\/www.lichen.pl\\\/rekolekcje-o-modlitwie-za-zmarlych-podaruj-bliskim-milosc\\\/\",\"name\":\"Rekolekcje o modlitwie za zmar\u0142ych \\\"Podaruj bliskim mi\u0142o\u015b\u0107\\\" - SANKTUARIUM W LICHENIU\",\"isPartOf\":{\"@id\":\"https:\\\/\\\/www.lichen.pl\\\/fr\\\/#website\"},\"datePublished\":\"2026-04-01T07:42:16+00:00\",\"dateModified\":\"2026-04-01T07:53:12+00:00\",\"breadcrumb\":{\"@id\":\"https:\\\/\\\/www.lichen.pl\\\/rekolekcje-o-modlitwie-za-zmarlych-podaruj-bliskim-milosc\\\/#breadcrumb\"},\"inLanguage\":\"en-GB\",\"potentialAction\":[{\"@type\":\"ReadAction\",\"target\":[\"https:\\\/\\\/www.lichen.pl\\\/rekolekcje-o-modlitwie-za-zmarlych-podaruj-bliskim-milosc\\\/\"]}]},{\"@type\":\"BreadcrumbList\",\"@id\":\"https:\\\/\\\/www.lichen.pl\\\/rekolekcje-o-modlitwie-za-zmarlych-podaruj-bliskim-milosc\\\/#breadcrumb\",\"itemListElement\":[{\"@type\":\"ListItem\",\"position\":1,\"name\":\"Strona g\u0142\u00f3wna\",\"item\":\"https:\\\/\\\/www.lichen.pl\\\/\"},{\"@type\":\"ListItem\",\"position\":2,\"name\":\"Rekolekcje o modlitwie za zmar\u0142ych &#8220;Podaruj bliskim mi\u0142o\u015b\u0107&#8221;\"}]},{\"@type\":\"WebSite\",\"@id\":\"https:\\\/\\\/www.lichen.pl\\\/fr\\\/#website\",\"url\":\"https:\\\/\\\/www.lichen.pl\\\/fr\\\/\",\"name\":\"SANKTUARIUM W LICHENIU\",\"description\":\"MATKI BO\u017bEJ LICHE\u0143SKIEJ BOLESNEJ KR\u00d3LOWEJ POLSKI\",\"potentialAction\":[{\"@type\":\"SearchAction\",\"target\":{\"@type\":\"EntryPoint\",\"urlTemplate\":\"https:\\\/\\\/www.lichen.pl\\\/fr\\\/?s={search_term_string}\"},\"query-input\":{\"@type\":\"PropertyValueSpecification\",\"valueRequired\":true,\"valueName\":\"search_term_string\"}}],\"inLanguage\":\"en-GB\"}]}<\/script>\n<!-- \/ Yoast SEO plugin. -->","yoast_head_json":{"title":"Rekolekcje o modlitwie za zmar\u0142ych \"Podaruj bliskim mi\u0142o\u015b\u0107\" - SANKTUARIUM W LICHENIU","robots":{"index":"index","follow":"follow","max-snippet":"max-snippet:-1","max-image-preview":"max-image-preview:large","max-video-preview":"max-video-preview:-1"},"canonical":"https:\/\/www.lichen.pl\/en\/rekolekcje-o-modlitwie-za-zmarlych-podaruj-bliskim-milosc\/","og_locale":"en_GB","og_type":"article","og_title":"Rekolekcje o modlitwie za zmar\u0142ych \"Podaruj bliskim mi\u0142o\u015b\u0107\" - SANKTUARIUM W LICHENIU","og_description":"rekolekcje o modlitwie za zmar\u0142ych &#8220;podaruj bliskim mi\u0142o\u015b\u0107&#8221; Chyba ka\u017cdy z nas po\u017cegna\u0142 kogo\u015b z bliskich os\u00f3b, przyjaci\u00f3\u0142, znajomych. Zapisane w sercu wspomnienia, wsp\u00f3lnie prze\u017cyte chwile, obrazy podtrzymuj\u0105 wi\u0119\u017a, kt\u00f3r\u0105 Ko\u015bci\u00f3\u0142 nazywa \u201e\u015bwi\u0119tych obcowaniem\u201d. Po czasie \u017ca\u0142oby t\u0119 w\u0142a\u015bnie wi\u0119\u017a mo\u017cna ukierunkowa\u0107, uczyni\u0107 wi\u0119zi\u0105 g\u0142\u0119bszej mi\u0142o\u015bci z tymi kt\u00f3rzy odeszli. Mo\u017cna j\u0105 uczyni\u0107 przestrzeni\u0105 przebaczenia, [&hellip;]","og_url":"https:\/\/www.lichen.pl\/en\/rekolekcje-o-modlitwie-za-zmarlych-podaruj-bliskim-milosc\/","og_site_name":"SANKTUARIUM W LICHENIU","article_modified_time":"2026-04-01T07:53:12+00:00","twitter_card":"summary_large_image","twitter_misc":{"Estimated reading time":"2 minutes"},"schema":{"@context":"https:\/\/schema.org","@graph":[{"@type":"WebPage","@id":"https:\/\/www.lichen.pl\/rekolekcje-o-modlitwie-za-zmarlych-podaruj-bliskim-milosc\/","url":"https:\/\/www.lichen.pl\/rekolekcje-o-modlitwie-za-zmarlych-podaruj-bliskim-milosc\/","name":"Rekolekcje o modlitwie za zmar\u0142ych \"Podaruj bliskim mi\u0142o\u015b\u0107\" - SANKTUARIUM W LICHENIU","isPartOf":{"@id":"https:\/\/www.lichen.pl\/fr\/#website"},"datePublished":"2026-04-01T07:42:16+00:00","dateModified":"2026-04-01T07:53:12+00:00","breadcrumb":{"@id":"https:\/\/www.lichen.pl\/rekolekcje-o-modlitwie-za-zmarlych-podaruj-bliskim-milosc\/#breadcrumb"},"inLanguage":"en-GB","potentialAction":[{"@type":"ReadAction","target":["https:\/\/www.lichen.pl\/rekolekcje-o-modlitwie-za-zmarlych-podaruj-bliskim-milosc\/"]}]},{"@type":"BreadcrumbList","@id":"https:\/\/www.lichen.pl\/rekolekcje-o-modlitwie-za-zmarlych-podaruj-bliskim-milosc\/#breadcrumb","itemListElement":[{"@type":"ListItem","position":1,"name":"Strona g\u0142\u00f3wna","item":"https:\/\/www.lichen.pl\/"},{"@type":"ListItem","position":2,"name":"Rekolekcje o modlitwie za zmar\u0142ych &#8220;Podaruj bliskim mi\u0142o\u015b\u0107&#8221;"}]},{"@type":"WebSite","@id":"https:\/\/www.lichen.pl\/fr\/#website","url":"https:\/\/www.lichen.pl\/fr\/","name":"SANCTUARY IN LICHENIA","description":"OUR LICHEN&#039;S SORROWFUL QUEEN OF POLAND","potentialAction":[{"@type":"SearchAction","target":{"@type":"EntryPoint","urlTemplate":"https:\/\/www.lichen.pl\/fr\/?s={search_term_string}"},"query-input":{"@type":"PropertyValueSpecification","valueRequired":true,"valueName":"search_term_string"}}],"inLanguage":"en-GB"}]}},"_links":{"self":[{"href":"https:\/\/www.lichen.pl\/en\/wp-json\/wp\/v2\/pages\/98720","targetHints":{"allow":["GET"]}}],"collection":[{"href":"https:\/\/www.lichen.pl\/en\/wp-json\/wp\/v2\/pages"}],"about":[{"href":"https:\/\/www.lichen.pl\/en\/wp-json\/wp\/v2\/types\/page"}],"author":[{"embeddable":true,"href":"https:\/\/www.lichen.pl\/en\/wp-json\/wp\/v2\/users\/7"}],"replies":[{"embeddable":true,"href":"https:\/\/www.lichen.pl\/en\/wp-json\/wp\/v2\/comments?post=98720"}],"version-history":[{"count":10,"href":"https:\/\/www.lichen.pl\/en\/wp-json\/wp\/v2\/pages\/98720\/revisions"}],"predecessor-version":[{"id":98736,"href":"https:\/\/www.lichen.pl\/en\/wp-json\/wp\/v2\/pages\/98720\/revisions\/98736"}],"wp:attachment":[{"href":"https:\/\/www.lichen.pl\/en\/wp-json\/wp\/v2\/media?parent=98720"}],"curies":[{"name":"wp","href":"https:\/\/api.w.org\/{rel}","templated":true}]}}