{"id":18181,"date":"2021-07-09T09:11:51","date_gmt":"2021-07-09T09:11:51","guid":{"rendered":"http:\/\/www.lichen.pl\/?page_id=18181"},"modified":"2022-08-11T10:55:23","modified_gmt":"2022-08-11T08:55:23","slug":"koronacja-obrazu-matki-bozej-lichenskiej","status":"publish","type":"page","link":"https:\/\/www.lichen.pl\/es\/koronacja-obrazu-matki-bozej-lichenskiej\/","title":{"rendered":"Coronaci\u00f3n de la imagen de Nuestra Se\u00f1ora de Liquen"},"content":{"rendered":"<div data-elementor-type=\"wp-page\" data-elementor-id=\"18181\" class=\"elementor elementor-18181\" data-elementor-post-type=\"page\">\n\t\t\t\t\t\t<section class=\"elementor-section elementor-top-section elementor-element elementor-element-5945095 elementor-section-boxed elementor-section-height-default elementor-section-height-default\" data-id=\"5945095\" data-element_type=\"section\" data-e-type=\"section\">\n\t\t\t\t\t\t<div class=\"elementor-container elementor-column-gap-default\">\n\t\t\t\t\t<div class=\"elementor-column elementor-col-100 elementor-top-column elementor-element elementor-element-6f5d876\" data-id=\"6f5d876\" data-element_type=\"column\" data-e-type=\"column\">\n\t\t\t<div class=\"elementor-widget-wrap elementor-element-populated\">\n\t\t\t\t\t\t<div class=\"elementor-element elementor-element-691334b elementor-widget elementor-widget-text-editor\" data-id=\"691334b\" data-element_type=\"widget\" data-e-type=\"widget\" data-widget_type=\"text-editor.default\">\n\t\t\t\t<div class=\"elementor-widget-container\">\n\t\t\t\t\t\t\t\t\t<p>En relaci\u00f3n con la celebraci\u00f3n nacional del jubileo del milenio del Bautismo de Polonia en 1966, el Episcopado polaco envi\u00f3 una solicitud al Papa Pablo VI para un decreto de coronaci\u00f3n de la Imagen Milagrosa de Nuestra Se\u00f1ora de Liche\u0144. El Papa emiti\u00f3 tal decreto, y la coronaci\u00f3n fue realizada el 15 de agosto de 1967 por el Venerable Siervo de Dios, Cardenal Stefan Wyszy\u0144ski, Primado de Polonia. La corona concedida por decreto del Papa se llama corona papal. A la coronaci\u00f3n asistieron m\u00e1s de 20 obispos, numerosos cl\u00e9rigos, religiosos y un gran n\u00famero de fieles. Frente a la iglesia de St. Dorothy, a la derecha, hay un altar de coronaci\u00f3n conmemorativo con vista a la plaza, donde se reunieron unas 100,000 personas en ese momento. La decisi\u00f3n de coronar la Imagen de la Virgen Liquen se tom\u00f3 por el culto a la imagen de los fieles.<\/p>\t\t\t\t\t\t\t\t<\/div>\n\t\t\t\t<\/div>\n\t\t\t\t<section class=\"elementor-section elementor-inner-section elementor-element elementor-element-c9d4aa8 elementor-section-boxed elementor-section-height-default elementor-section-height-default\" data-id=\"c9d4aa8\" data-element_type=\"section\" data-e-type=\"section\">\n\t\t\t\t\t\t<div class=\"elementor-container elementor-column-gap-default\">\n\t\t\t\t\t<div class=\"elementor-column elementor-col-50 elementor-inner-column elementor-element elementor-element-a494a72\" data-id=\"a494a72\" data-element_type=\"column\" data-e-type=\"column\">\n\t\t\t<div class=\"elementor-widget-wrap elementor-element-populated\">\n\t\t\t\t\t\t<div class=\"elementor-element elementor-element-95ba751 elementor-widget elementor-widget-image\" data-id=\"95ba751\" data-element_type=\"widget\" data-e-type=\"widget\" data-widget_type=\"image.default\">\n\t\t\t\t<div class=\"elementor-widget-container\">\n\t\t\t\t\t\t\t\t\t\t\t\t\t\t\t<img fetchpriority=\"high\" decoding=\"async\" width=\"320\" height=\"479\" src=\"https:\/\/www.lichen.pl\/wp-content\/uploads\/2021\/07\/2-Koronacja-1967.jpg\" class=\"attachment-medium_large size-medium_large wp-image-18285\" alt=\"\" srcset=\"https:\/\/www.lichen.pl\/wp-content\/uploads\/2021\/07\/2-Koronacja-1967.jpg 320w, https:\/\/www.lichen.pl\/wp-content\/uploads\/2021\/07\/2-Koronacja-1967-200x300.jpg 200w\" sizes=\"(max-width: 320px) 100vw, 320px\" \/>\t\t\t\t\t\t\t\t\t\t\t\t\t\t\t<\/div>\n\t\t\t\t<\/div>\n\t\t\t\t\t<\/div>\n\t\t<\/div>\n\t\t\t\t<div class=\"elementor-column elementor-col-50 elementor-inner-column elementor-element elementor-element-ba3a81a\" data-id=\"ba3a81a\" data-element_type=\"column\" data-e-type=\"column\">\n\t\t\t<div class=\"elementor-widget-wrap elementor-element-populated\">\n\t\t\t\t\t\t<div class=\"elementor-element elementor-element-33dda78 elementor-blockquote--align-center elementor-blockquote--skin-border elementor-widget elementor-widget-blockquote\" data-id=\"33dda78\" data-element_type=\"widget\" data-e-type=\"widget\" data-widget_type=\"blockquote.default\">\n\t\t\t\t<div class=\"elementor-widget-container\">\n\t\t\t\t\t\t\t<blockquote class=\"elementor-blockquote\">\n\t\t\t<p class=\"elementor-blockquote__content\">\n\t\t\t\t\u00a1El mundo necesita una Madre! La madre de Jesucristo previ\u00f3 el anhelo de la familia humana y por eso cant\u00f3 en el Magn\u00edficat: Desde ahora me llamar\u00e1n bienaventurada todas las naciones. Es significativo que cuanto m\u00e1s parece desviarse ahora la gente de Dios, m\u00e1s aparece Mar\u00eda en el horizonte del siglo XX.\t\t\t<\/p>\n\t\t\t\t\t\t\t<div class=\"e-q-footer\">\n\t\t\t\t\t\t\t\t\t\t\t<cite class=\"elementor-blockquote__author\">Padre Cardenal Stefan Wyszy\u0144ski, Primado de Polonia, extracto de la homil\u00eda pronunciada durante la Santa Misa. coronaci\u00f3n, 15 de agosto de 1967  <\/cite>\n\t\t\t\t\t\t\t\t\t\t\t\t\t\t<\/div>\n\t\t\t\t\t<\/blockquote>\n\t\t\t\t\t\t<\/div>\n\t\t\t\t<\/div>\n\t\t\t\t\t<\/div>\n\t\t<\/div>\n\t\t\t\t\t<\/div>\n\t\t<\/section>\n\t\t\t\t<div class=\"elementor-element elementor-element-6f9008b elementor-widget elementor-widget-text-editor\" data-id=\"6f9008b\" data-element_type=\"widget\" data-e-type=\"widget\" data-widget_type=\"text-editor.default\">\n\t\t\t\t<div class=\"elementor-widget-container\">\n\t\t\t\t\t\t\t\t\t<p>Las ceremonias de coronaci\u00f3n comenzaron a las 11.30 horas. Despu\u00e9s de colocar la pintura en la mensa del altar, el p. Antoni Paw\u0142owski, obispo ordinario de la di\u00f3cesis de W\u0142oc\u0142awek, dando la bienvenida a los distinguidos invitados, luego el p. el can\u00f3nigo de \u0141asa ley\u00f3 el decreto de coronaci\u00f3n del Santo Padre. Pablo VI. Con el coro cantando &quot;Al\u00e9grate, Reina, bonita&quot;, los cuatro coronadores, a saber: el P. el cardenal Stefan Wyszy\u0144ski, primado de Polonia, el p. el obispo Antoni Paw\u0142owski, el p. el arzobispo Antoni Baraniak y el p. El obispo Wilhelm Pluta, ataviado con capa dorada, mitra y b\u00e1culo en mano, procedi\u00f3 a consagrar e inciensar la corona papal. Cuando se coloc\u00f3 la corona a la sagrada Imagen, el solemne silencio fue roto por el gran toque de corneta de la orquesta, y una campana triunfante son\u00f3 desde la torre de la iglesia.<\/p><p>El d\u00eda de la coronaci\u00f3n de la Imagen Milagrosa de Nuestra Se\u00f1ora de Liche\u0144, Primado de Polonia, el Card. Stefan Wyszy\u0144ski pronunci\u00f3 dos sermones. El primero en la Misa. con la participaci\u00f3n de los j\u00f3venes a las 10.00 horas, presidida por el P. el obispo Bogdan Sikorski de P\u0142ock y el otro durante la Santa Misa. a las 12.00 horas con la participaci\u00f3n de todos los fieles.<\/p>\t\t\t\t\t\t\t\t<\/div>\n\t\t\t\t<\/div>\n\t\t\t\t<section class=\"elementor-section elementor-inner-section elementor-element elementor-element-d972dd6 elementor-section-boxed elementor-section-height-default elementor-section-height-default\" data-id=\"d972dd6\" data-element_type=\"section\" data-e-type=\"section\">\n\t\t\t\t\t\t<div class=\"elementor-container elementor-column-gap-default\">\n\t\t\t\t\t<div class=\"elementor-column elementor-col-50 elementor-inner-column elementor-element elementor-element-2a58cf1\" data-id=\"2a58cf1\" data-element_type=\"column\" data-e-type=\"column\">\n\t\t\t<div class=\"elementor-widget-wrap elementor-element-populated\">\n\t\t\t\t\t\t<div class=\"elementor-element elementor-element-054a232 elementor-widget elementor-widget-text-editor\" data-id=\"054a232\" data-element_type=\"widget\" data-e-type=\"widget\" data-widget_type=\"text-editor.default\">\n\t\t\t\t<div class=\"elementor-widget-container\">\n\t\t\t\t\t\t\t\t\t<p>La Coronaci\u00f3n de Liche\u0144 fue un gran encuentro religioso que super\u00f3 a todos los anteriores e hizo famoso al Santuario m\u00e1s all\u00e1 de las inmediaciones. Los preparativos de la ceremonia de coronaci\u00f3n contribuyeron a la organizaci\u00f3n del entorno de la iglesia y su adecuaci\u00f3n a la acogida de peregrinos. En ese momento, hab\u00eda una iglesia muy da\u00f1ada en una colina baja, con un peque\u00f1o presbiterio en ruinas. Tambi\u00e9n hab\u00eda una capilla completamente deteriorada en el cementerio, montones de \u00e1rboles en descomposici\u00f3n, una valla podrida. Hasta la coronaci\u00f3n, Lichen solo se conoc\u00eda en la di\u00f3cesis de W\u0142oc\u0142awek. Tan pronto como la Imagen Milagrosa fue coronada, peregrinos de toda Polonia y del extranjero comenzaron a llegar al Santuario de Liche\u0144.<\/p>\t\t\t\t\t\t\t\t<\/div>\n\t\t\t\t<\/div>\n\t\t\t\t<div class=\"elementor-element elementor-element-b01a8c4 elementor-widget elementor-widget-text-editor\" data-id=\"b01a8c4\" data-element_type=\"widget\" data-e-type=\"widget\" data-widget_type=\"text-editor.default\">\n\t\t\t\t<div class=\"elementor-widget-container\">\n\t\t\t\t\t\t\t\t\t<p>Antes de la coronaci\u00f3n, la pintura se puso en conservaci\u00f3n en Varsovia. El vestido plateado que hab\u00eda estado escondiendo los elementos nacionales -el \u00e1guila y la inscripci\u00f3n- qued\u00f3 oculto a los ojos de las potencias divisorias desde la ca\u00edda del Alzamiento de Enero. Nuestra Se\u00f1ora recibi\u00f3 una t\u00fanica y una corona nuevas. La imagen se coloc\u00f3 en un marco dorado con ocho \u00e1guilas polacas talladas. Hay escudos de armas: papal, primado, mariano y liquen. El fondo est\u00e1 forrado con p\u00farpura real.<\/p><p>En preparaci\u00f3n para la ceremonia, se compil\u00f3 y difundi\u00f3 entre muchos fieles la historia de la Imagen famosa por sus gracias. La distinci\u00f3n de la imagen con coronas papales era una especie de sello de la autoridad eclesi\u00e1stica para el culto existente en Liche\u0144. Este hecho puede considerarse como un reconocimiento indirecto por parte de las autoridades eclesi\u00e1sticas de las apariciones relacionadas con la pintura local. La coronaci\u00f3n abri\u00f3 una nueva etapa en la historia del Santuario.<\/p>\t\t\t\t\t\t\t\t<\/div>\n\t\t\t\t<\/div>\n\t\t\t\t\t<\/div>\n\t\t<\/div>\n\t\t\t\t<div class=\"elementor-column elementor-col-50 elementor-inner-column elementor-element elementor-element-4e278d7\" data-id=\"4e278d7\" data-element_type=\"column\" data-e-type=\"column\">\n\t\t\t<div class=\"elementor-widget-wrap elementor-element-populated\">\n\t\t\t\t\t\t<div class=\"elementor-element elementor-element-94728da elementor-widget elementor-widget-image\" data-id=\"94728da\" data-element_type=\"widget\" data-e-type=\"widget\" data-widget_type=\"image.default\">\n\t\t\t\t<div class=\"elementor-widget-container\">\n\t\t\t\t\t\t\t\t\t\t\t\t\t\t\t<img decoding=\"async\" width=\"768\" height=\"1153\" src=\"https:\/\/www.lichen.pl\/wp-content\/uploads\/2021\/07\/1-Koronacja-1967-768x1153.jpg\" class=\"attachment-medium_large size-medium_large wp-image-18290\" alt=\"\" srcset=\"https:\/\/www.lichen.pl\/wp-content\/uploads\/2021\/07\/1-Koronacja-1967-768x1153.jpg 768w, https:\/\/www.lichen.pl\/wp-content\/uploads\/2021\/07\/1-Koronacja-1967-200x300.jpg 200w, https:\/\/www.lichen.pl\/wp-content\/uploads\/2021\/07\/1-Koronacja-1967-682x1024.jpg 682w, https:\/\/www.lichen.pl\/wp-content\/uploads\/2021\/07\/1-Koronacja-1967.jpg 799w\" sizes=\"(max-width: 768px) 100vw, 768px\" \/>\t\t\t\t\t\t\t\t\t\t\t\t\t\t\t<\/div>\n\t\t\t\t<\/div>\n\t\t\t\t\t<\/div>\n\t\t<\/div>\n\t\t\t\t\t<\/div>\n\t\t<\/section>\n\t\t\t\t\t<\/div>\n\t\t<\/div>\n\t\t\t\t\t<\/div>\n\t\t<\/section>\n\t\t\t\t<section class=\"elementor-section elementor-top-section elementor-element elementor-element-d9f887f elementor-section-boxed elementor-section-height-default elementor-section-height-default\" data-id=\"d9f887f\" data-element_type=\"section\" data-e-type=\"section\">\n\t\t\t\t\t\t<div class=\"elementor-container elementor-column-gap-default\">\n\t\t\t\t\t<div class=\"elementor-column elementor-col-100 elementor-top-column elementor-element elementor-element-488ddde\" data-id=\"488ddde\" data-element_type=\"column\" data-e-type=\"column\">\n\t\t\t<div class=\"elementor-widget-wrap elementor-element-populated\">\n\t\t\t\t\t\t<div class=\"elementor-element elementor-element-55857b8 elementor-widget-divider--view-line elementor-widget elementor-widget-divider\" data-id=\"55857b8\" data-element_type=\"widget\" data-e-type=\"widget\" data-widget_type=\"divider.default\">\n\t\t\t\t<div class=\"elementor-widget-container\">\n\t\t\t\t\t\t\t<div class=\"elementor-divider\">\n\t\t\t<span class=\"elementor-divider-separator\">\n\t\t\t\t\t\t<\/span>\n\t\t<\/div>\n\t\t\t\t\t\t<\/div>\n\t\t\t\t<\/div>\n\t\t\t\t\t<\/div>\n\t\t<\/div>\n\t\t\t\t\t<\/div>\n\t\t<\/section>\n\t\t\t\t<\/div>","protected":false},"excerpt":{"rendered":"<p>W zwi\u0105zku z og\u00f3lnopolskimi obchodami jubileuszu Tysi\u0105clecia Chrztu Polski w 1966 roku Episkopat Polski skierowa\u0142 wniosek do papie\u017ca Paw\u0142a VI o wydanie dekretu koronacyjnego dla Cudownego Wizerunku Matki Bo\u017cej Liche\u0144skiej. Papie\u017c taki dekret wyda\u0142, a koronacji dokona\u0142 15 sierpnia 1967 roku Czcigodny S\u0142uga Bo\u017cy, kardyna\u0142 Stefan Wyszy\u0144ski, prymas Polski. Korona nadana na mocy dekretu papie\u017ca [&hellip;]<\/p>\n","protected":false},"author":2,"featured_media":0,"parent":0,"menu_order":0,"comment_status":"closed","ping_status":"closed","template":"","meta":{"footnotes":""},"class_list":["post-18181","page","type-page","status-publish","hentry","wpbf-post"],"yoast_head":"<!-- This site is optimized with the Yoast SEO plugin v27.4 - https:\/\/yoast.com\/product\/yoast-seo-wordpress\/ -->\n<title>Koronacja obrazu Matki Bo\u017cej Liche\u0144skiej - SANKTUARIUM W LICHENIU<\/title>\n<meta name=\"robots\" content=\"index, follow, max-snippet:-1, max-image-preview:large, max-video-preview:-1\" \/>\n<link rel=\"canonical\" href=\"https:\/\/www.lichen.pl\/es\/koronacja-obrazu-matki-bozej-lichenskiej\/\" \/>\n<meta property=\"og:locale\" content=\"es_ES\" \/>\n<meta property=\"og:type\" content=\"article\" \/>\n<meta property=\"og:title\" content=\"Koronacja obrazu Matki Bo\u017cej Liche\u0144skiej - SANKTUARIUM W LICHENIU\" \/>\n<meta property=\"og:description\" content=\"W zwi\u0105zku z og\u00f3lnopolskimi obchodami jubileuszu Tysi\u0105clecia Chrztu Polski w 1966 roku Episkopat Polski skierowa\u0142 wniosek do papie\u017ca Paw\u0142a VI o wydanie dekretu koronacyjnego dla Cudownego Wizerunku Matki Bo\u017cej Liche\u0144skiej. Papie\u017c taki dekret wyda\u0142, a koronacji dokona\u0142 15 sierpnia 1967 roku Czcigodny S\u0142uga Bo\u017cy, kardyna\u0142 Stefan Wyszy\u0144ski, prymas Polski. Korona nadana na mocy dekretu papie\u017ca [&hellip;]\" \/>\n<meta property=\"og:url\" content=\"https:\/\/www.lichen.pl\/es\/koronacja-obrazu-matki-bozej-lichenskiej\/\" \/>\n<meta property=\"og:site_name\" content=\"SANKTUARIUM W LICHENIU\" \/>\n<meta property=\"article:modified_time\" content=\"2022-08-11T08:55:23+00:00\" \/>\n<meta property=\"og:image\" content=\"https:\/\/www.lichen.pl\/wp-content\/uploads\/2021\/07\/2-Koronacja-1967.jpg\" \/>\n<meta name=\"twitter:card\" content=\"summary_large_image\" \/>\n<meta name=\"twitter:label1\" content=\"Tiempo de lectura\" \/>\n\t<meta name=\"twitter:data1\" content=\"4 minutos\" \/>\n<script type=\"application\/ld+json\" class=\"yoast-schema-graph\">{\"@context\":\"https:\\\/\\\/schema.org\",\"@graph\":[{\"@type\":\"WebPage\",\"@id\":\"https:\\\/\\\/www.lichen.pl\\\/koronacja-obrazu-matki-bozej-lichenskiej\\\/\",\"url\":\"https:\\\/\\\/www.lichen.pl\\\/koronacja-obrazu-matki-bozej-lichenskiej\\\/\",\"name\":\"Koronacja obrazu Matki Bo\u017cej Liche\u0144skiej - SANKTUARIUM W LICHENIU\",\"isPartOf\":{\"@id\":\"https:\\\/\\\/www.lichen.pl\\\/fr\\\/#website\"},\"primaryImageOfPage\":{\"@id\":\"https:\\\/\\\/www.lichen.pl\\\/koronacja-obrazu-matki-bozej-lichenskiej\\\/#primaryimage\"},\"image\":{\"@id\":\"https:\\\/\\\/www.lichen.pl\\\/koronacja-obrazu-matki-bozej-lichenskiej\\\/#primaryimage\"},\"thumbnailUrl\":\"https:\\\/\\\/www.lichen.pl\\\/wp-content\\\/uploads\\\/2021\\\/07\\\/2-Koronacja-1967.jpg\",\"datePublished\":\"2021-07-09T09:11:51+00:00\",\"dateModified\":\"2022-08-11T08:55:23+00:00\",\"breadcrumb\":{\"@id\":\"https:\\\/\\\/www.lichen.pl\\\/koronacja-obrazu-matki-bozej-lichenskiej\\\/#breadcrumb\"},\"inLanguage\":\"es\",\"potentialAction\":[{\"@type\":\"ReadAction\",\"target\":[\"https:\\\/\\\/www.lichen.pl\\\/koronacja-obrazu-matki-bozej-lichenskiej\\\/\"]}]},{\"@type\":\"ImageObject\",\"inLanguage\":\"es\",\"@id\":\"https:\\\/\\\/www.lichen.pl\\\/koronacja-obrazu-matki-bozej-lichenskiej\\\/#primaryimage\",\"url\":\"https:\\\/\\\/www.lichen.pl\\\/wp-content\\\/uploads\\\/2021\\\/07\\\/2-Koronacja-1967.jpg\",\"contentUrl\":\"https:\\\/\\\/www.lichen.pl\\\/wp-content\\\/uploads\\\/2021\\\/07\\\/2-Koronacja-1967.jpg\"},{\"@type\":\"BreadcrumbList\",\"@id\":\"https:\\\/\\\/www.lichen.pl\\\/koronacja-obrazu-matki-bozej-lichenskiej\\\/#breadcrumb\",\"itemListElement\":[{\"@type\":\"ListItem\",\"position\":1,\"name\":\"Strona g\u0142\u00f3wna\",\"item\":\"https:\\\/\\\/www.lichen.pl\\\/\"},{\"@type\":\"ListItem\",\"position\":2,\"name\":\"Koronacja obrazu Matki Bo\u017cej Liche\u0144skiej\"}]},{\"@type\":\"WebSite\",\"@id\":\"https:\\\/\\\/www.lichen.pl\\\/fr\\\/#website\",\"url\":\"https:\\\/\\\/www.lichen.pl\\\/fr\\\/\",\"name\":\"SANKTUARIUM W LICHENIU\",\"description\":\"MATKI BO\u017bEJ LICHE\u0143SKIEJ BOLESNEJ KR\u00d3LOWEJ POLSKI\",\"potentialAction\":[{\"@type\":\"SearchAction\",\"target\":{\"@type\":\"EntryPoint\",\"urlTemplate\":\"https:\\\/\\\/www.lichen.pl\\\/fr\\\/?s={search_term_string}\"},\"query-input\":{\"@type\":\"PropertyValueSpecification\",\"valueRequired\":true,\"valueName\":\"search_term_string\"}}],\"inLanguage\":\"es\"}]}<\/script>\n<!-- \/ Yoast SEO plugin. -->","yoast_head_json":{"title":"Koronacja obrazu Matki Bo\u017cej Liche\u0144skiej - SANKTUARIUM W LICHENIU","robots":{"index":"index","follow":"follow","max-snippet":"max-snippet:-1","max-image-preview":"max-image-preview:large","max-video-preview":"max-video-preview:-1"},"canonical":"https:\/\/www.lichen.pl\/es\/koronacja-obrazu-matki-bozej-lichenskiej\/","og_locale":"es_ES","og_type":"article","og_title":"Koronacja obrazu Matki Bo\u017cej Liche\u0144skiej - SANKTUARIUM W LICHENIU","og_description":"W zwi\u0105zku z og\u00f3lnopolskimi obchodami jubileuszu Tysi\u0105clecia Chrztu Polski w 1966 roku Episkopat Polski skierowa\u0142 wniosek do papie\u017ca Paw\u0142a VI o wydanie dekretu koronacyjnego dla Cudownego Wizerunku Matki Bo\u017cej Liche\u0144skiej. Papie\u017c taki dekret wyda\u0142, a koronacji dokona\u0142 15 sierpnia 1967 roku Czcigodny S\u0142uga Bo\u017cy, kardyna\u0142 Stefan Wyszy\u0144ski, prymas Polski. Korona nadana na mocy dekretu papie\u017ca [&hellip;]","og_url":"https:\/\/www.lichen.pl\/es\/koronacja-obrazu-matki-bozej-lichenskiej\/","og_site_name":"SANKTUARIUM W LICHENIU","article_modified_time":"2022-08-11T08:55:23+00:00","og_image":[{"url":"https:\/\/www.lichen.pl\/wp-content\/uploads\/2021\/07\/2-Koronacja-1967.jpg","type":"","width":"","height":""}],"twitter_card":"summary_large_image","twitter_misc":{"Tiempo de lectura":"4 minutos"},"schema":{"@context":"https:\/\/schema.org","@graph":[{"@type":"WebPage","@id":"https:\/\/www.lichen.pl\/koronacja-obrazu-matki-bozej-lichenskiej\/","url":"https:\/\/www.lichen.pl\/koronacja-obrazu-matki-bozej-lichenskiej\/","name":"Koronacja obrazu Matki Bo\u017cej Liche\u0144skiej - SANKTUARIUM W LICHENIU","isPartOf":{"@id":"https:\/\/www.lichen.pl\/fr\/#website"},"primaryImageOfPage":{"@id":"https:\/\/www.lichen.pl\/koronacja-obrazu-matki-bozej-lichenskiej\/#primaryimage"},"image":{"@id":"https:\/\/www.lichen.pl\/koronacja-obrazu-matki-bozej-lichenskiej\/#primaryimage"},"thumbnailUrl":"https:\/\/www.lichen.pl\/wp-content\/uploads\/2021\/07\/2-Koronacja-1967.jpg","datePublished":"2021-07-09T09:11:51+00:00","dateModified":"2022-08-11T08:55:23+00:00","breadcrumb":{"@id":"https:\/\/www.lichen.pl\/koronacja-obrazu-matki-bozej-lichenskiej\/#breadcrumb"},"inLanguage":"es","potentialAction":[{"@type":"ReadAction","target":["https:\/\/www.lichen.pl\/koronacja-obrazu-matki-bozej-lichenskiej\/"]}]},{"@type":"ImageObject","inLanguage":"es","@id":"https:\/\/www.lichen.pl\/koronacja-obrazu-matki-bozej-lichenskiej\/#primaryimage","url":"https:\/\/www.lichen.pl\/wp-content\/uploads\/2021\/07\/2-Koronacja-1967.jpg","contentUrl":"https:\/\/www.lichen.pl\/wp-content\/uploads\/2021\/07\/2-Koronacja-1967.jpg"},{"@type":"BreadcrumbList","@id":"https:\/\/www.lichen.pl\/koronacja-obrazu-matki-bozej-lichenskiej\/#breadcrumb","itemListElement":[{"@type":"ListItem","position":1,"name":"Strona g\u0142\u00f3wna","item":"https:\/\/www.lichen.pl\/"},{"@type":"ListItem","position":2,"name":"Koronacja obrazu Matki Bo\u017cej Liche\u0144skiej"}]},{"@type":"WebSite","@id":"https:\/\/www.lichen.pl\/fr\/#website","url":"https:\/\/www.lichen.pl\/fr\/","name":"SANTUARIO EN LICHENIA","description":"LA DOLOROSA REINA DE POLONIA DE NUESTRO LICHEN","potentialAction":[{"@type":"SearchAction","target":{"@type":"EntryPoint","urlTemplate":"https:\/\/www.lichen.pl\/fr\/?s={search_term_string}"},"query-input":{"@type":"PropertyValueSpecification","valueRequired":true,"valueName":"search_term_string"}}],"inLanguage":"es"}]}},"_links":{"self":[{"href":"https:\/\/www.lichen.pl\/es\/wp-json\/wp\/v2\/pages\/18181","targetHints":{"allow":["GET"]}}],"collection":[{"href":"https:\/\/www.lichen.pl\/es\/wp-json\/wp\/v2\/pages"}],"about":[{"href":"https:\/\/www.lichen.pl\/es\/wp-json\/wp\/v2\/types\/page"}],"author":[{"embeddable":true,"href":"https:\/\/www.lichen.pl\/es\/wp-json\/wp\/v2\/users\/2"}],"replies":[{"embeddable":true,"href":"https:\/\/www.lichen.pl\/es\/wp-json\/wp\/v2\/comments?post=18181"}],"version-history":[{"count":14,"href":"https:\/\/www.lichen.pl\/es\/wp-json\/wp\/v2\/pages\/18181\/revisions"}],"predecessor-version":[{"id":44041,"href":"https:\/\/www.lichen.pl\/es\/wp-json\/wp\/v2\/pages\/18181\/revisions\/44041"}],"wp:attachment":[{"href":"https:\/\/www.lichen.pl\/es\/wp-json\/wp\/v2\/media?parent=18181"}],"curies":[{"name":"wp","href":"https:\/\/api.w.org\/{rel}","templated":true}]}}