{"id":40667,"date":"2022-05-26T15:19:17","date_gmt":"2022-05-26T13:19:17","guid":{"rendered":"https:\/\/www.lichen.pl\/nowenna-do-milosierdzia-bozego-copy\/"},"modified":"2022-05-27T08:33:37","modified_gmt":"2022-05-27T06:33:37","slug":"nowenna-przed-uroczystoscia-zeslania-ducha-swietego","status":"publish","type":"page","link":"https:\/\/www.lichen.pl\/es\/nowenna-przed-uroczystoscia-zeslania-ducha-swietego\/","title":{"rendered":"Nowenna przed Uroczysto\u015bci\u0105 Zes\u0142ania Ducha \u015awi\u0119tego"},"content":{"rendered":"<div data-elementor-type=\"wp-page\" data-elementor-id=\"40667\" class=\"elementor elementor-40667\" data-elementor-post-type=\"page\">\n\t\t\t\t\t\t<section class=\"elementor-section elementor-top-section elementor-element elementor-element-b79d8fb elementor-section-boxed elementor-section-height-default elementor-section-height-default\" data-id=\"b79d8fb\" data-element_type=\"section\" data-e-type=\"section\">\n\t\t\t\t\t\t<div class=\"elementor-container elementor-column-gap-default\">\n\t\t\t\t\t<div class=\"elementor-column elementor-col-100 elementor-top-column elementor-element elementor-element-164264a\" data-id=\"164264a\" data-element_type=\"column\" data-e-type=\"column\">\n\t\t\t<div class=\"elementor-widget-wrap elementor-element-populated\">\n\t\t\t\t\t\t<div class=\"elementor-element elementor-element-ca2204d elementor-widget elementor-widget-heading\" data-id=\"ca2204d\" data-element_type=\"widget\" data-e-type=\"widget\" data-widget_type=\"heading.default\">\n\t\t\t\t<div class=\"elementor-widget-container\">\n\t\t\t\t\t<p class=\"elementor-heading-title elementor-size-default\">Nowenna do Ducha \u015awi\u0119tego przypada w maju i czerwcu, dlatego mo\u017cna po\u0142\u0105czy\u0107 j\u0105 z nabo\u017ce\u0144stwem majowym i czerwcowym<\/p>\t\t\t\t<\/div>\n\t\t\t\t<\/div>\n\t\t\t\t<div class=\"elementor-element elementor-element-d534868 elementor-widget elementor-widget-spacer\" data-id=\"d534868\" data-element_type=\"widget\" data-e-type=\"widget\" data-widget_type=\"spacer.default\">\n\t\t\t\t<div class=\"elementor-widget-container\">\n\t\t\t\t\t\t\t<div class=\"elementor-spacer\">\n\t\t\t<div class=\"elementor-spacer-inner\"><\/div>\n\t\t<\/div>\n\t\t\t\t\t\t<\/div>\n\t\t\t\t<\/div>\n\t\t\t\t<div class=\"elementor-element elementor-element-116e0c7 elementor-widget elementor-widget-text-editor\" data-id=\"116e0c7\" data-element_type=\"widget\" data-e-type=\"widget\" data-widget_type=\"text-editor.default\">\n\t\t\t\t<div class=\"elementor-widget-container\">\n\t\t\t\t\t\t\t\t\t<p style=\"text-align: center;\">Duchu \u015awi\u0119ty, Bo\u017ce, kt\u00f3ry w dniu narodzin Ko\u015bcio\u0142a raczy\u0142e\u015b zst\u0105pi\u0107 widomie na aposto\u0142\u00f3w, aby o\u015bwieci\u0107 ich rozum, zapali\u0107 serca, utwierdzi\u0107 w wierze i \u017cycie ich u\u015bwi\u0119ci\u0107, b\u0142agamy Ci\u0119 najgor\u0119cej w czasie tej nowenny, aby\u015b r\u00f3wnie\u017c nam raczy\u0142 udzieli\u0107 tych samych dar\u00f3w dla naszego u\u015bwi\u0119cenia i wzrostu chwa\u0142y Bo\u017cej. Przez Chrystusa, Pana naszego. Amen.<\/p>\t\t\t\t\t\t\t\t<\/div>\n\t\t\t\t<\/div>\n\t\t\t\t<div class=\"elementor-element elementor-element-e8dd5cd elementor-widget elementor-widget-spacer\" data-id=\"e8dd5cd\" data-element_type=\"widget\" data-e-type=\"widget\" data-widget_type=\"spacer.default\">\n\t\t\t\t<div class=\"elementor-widget-container\">\n\t\t\t\t\t\t\t<div class=\"elementor-spacer\">\n\t\t\t<div class=\"elementor-spacer-inner\"><\/div>\n\t\t<\/div>\n\t\t\t\t\t\t<\/div>\n\t\t\t\t<\/div>\n\t\t\t\t\t<\/div>\n\t\t<\/div>\n\t\t\t\t\t<\/div>\n\t\t<\/section>\n\t\t\t\t<section class=\"elementor-section elementor-top-section elementor-element elementor-element-5f53c6e elementor-section-boxed elementor-section-height-default elementor-section-height-default\" data-id=\"5f53c6e\" data-element_type=\"section\" data-e-type=\"section\">\n\t\t\t\t\t\t<div class=\"elementor-container elementor-column-gap-default\">\n\t\t\t\t\t<div class=\"elementor-column elementor-col-50 elementor-top-column elementor-element elementor-element-f1f5083\" data-id=\"f1f5083\" data-element_type=\"column\" data-e-type=\"column\">\n\t\t\t<div class=\"elementor-widget-wrap elementor-element-populated\">\n\t\t\t\t\t\t<div class=\"elementor-element elementor-element-eff57fc elementor-widget elementor-widget-text-editor\" data-id=\"eff57fc\" data-element_type=\"widget\" data-e-type=\"widget\" data-widget_type=\"text-editor.default\">\n\t\t\t\t<div class=\"elementor-widget-container\">\n\t\t\t\t\t\t\t\t\t<p><span style=\"color: #ff0000;\"><strong>El primer d\u00eda<\/strong><\/span><\/p><p>W ostatnim dniu oktawy \u015awi\u0119ta Namiot\u00f3w, Jezus &#8220;zawo\u0142a\u0142 dono\u015bnym g\u0142osem: Je\u015bli kto\u015b jest spragniony, a wierzy we Mnie, niech przyjdzie do Mnie i pije! A powiedzia\u0142 to o Duchu, kt\u00f3rego mieli otrzyma\u0107 wierz\u0105cy w Niego&#8221; (J 7,37.39).<\/p><p><strong>M\u00f3dlmy si\u0119:<\/strong><\/p><p>Panie Jezu Chryste, jak drzewo po przyj\u0119ciu wody rozwija si\u0119 i przynosi owoce, r\u00f3wnie\u017c i my pragniemy przyj\u0105\u0107 \u0142ask\u0119 Ducha \u015awi\u0119tego i przynosi\u0107 owoce cn\u00f3t. Amen.<\/p><p>Ojcze Nasz&#8230;<\/p><p>M\u00f3dlmy si\u0119:<\/p><p>Bo\u017ce, Ty otworzy\u0142e\u015b nam bramy \u017cycia wiecznego, wywy\u017cszaj\u0105c Chrystusa i zsy\u0142aj\u0105c nam Ducha \u015awi\u0119tego, spraw, aby tak wielkie dary umocni\u0142y nasze oddanie si\u0119 Tobie i pomno\u017cy\u0142y nasz\u0105 wiar\u0119. Przez Chrystusa, Pana naszego. Amen.<\/p>\t\t\t\t\t\t\t\t<\/div>\n\t\t\t\t<\/div>\n\t\t\t\t<div class=\"elementor-element elementor-element-2ad8eea elementor-widget elementor-widget-text-editor\" data-id=\"2ad8eea\" data-element_type=\"widget\" data-e-type=\"widget\" data-widget_type=\"text-editor.default\">\n\t\t\t\t<div class=\"elementor-widget-container\">\n\t\t\t\t\t\t\t\t\t<p><span style=\"color: #ff0000;\"><strong>D\u00eda dos<\/strong><\/span><\/p><p>Pismo \u015awi\u0119te poucza:<\/p><p>&#8220;B\u00f3g zbawi\u0142 nas przez obmycie odradzaj\u0105ce w Duchu \u015awi\u0119tym, kt\u00f3rego wyla\u0142 na nas obficie przez Jezusa Chrystusa, Zbawiciela naszego, aby\u015bmy usprawiedliwieni Jego \u0142ask\u0105, stali si\u0119 w nadziei dziedzicami \u017cycia wiecznego&#8221; (Tt 3,5-7).<\/p><p><strong>M\u00f3dlmy si\u0119:<\/strong><\/p><p>Bo\u017ce, kt\u00f3ry w Chrzcie \u015awi\u0119tym obficie wyla\u0142e\u015b na nas Ducha \u015awi\u0119tego, spraw \u0142askawie, aby wspiera\u0142 On nasze pragnienie nieba, aby nas zach\u0119ca\u0142, uczy\u0142, o\u015bwieca\u0142, pociesza\u0142, umacnia\u0142, leczy\u0142, usprawiedliwia\u0142 i zbawia\u0142. Amen.<\/p><p>Ojcze Nasz&#8230;<\/p><p>M\u00f3dlmy si\u0119:<\/p><p>Bo\u017ce, Ty otworzy\u0142e\u015b nam&#8230;<\/p>\t\t\t\t\t\t\t\t<\/div>\n\t\t\t\t<\/div>\n\t\t\t\t<div class=\"elementor-element elementor-element-4695fc3 elementor-widget elementor-widget-text-editor\" data-id=\"4695fc3\" data-element_type=\"widget\" data-e-type=\"widget\" data-widget_type=\"text-editor.default\">\n\t\t\t\t<div class=\"elementor-widget-container\">\n\t\t\t\t\t\t\t\t\t<p><span style=\"color: #ff0000;\"><strong>d\u00eda tercero<\/strong><\/span><\/p><p>Pismo \u015awi\u0119te poucza:<\/p><p>&#8220;Wszyscy\u015bmy w jednym Duchu zostali ochrzczeni, aby stanowi\u0107 jedno cia\u0142o: czy to \u017bydzi, czy Grecy, czy to niewolnicy, czy wolni. Wszyscy\u015bmy te\u017c zostali napojeni jednym Duchem&#8221; ( 1 Kor 12,13).<\/p><p><strong>M\u00f3dlmy si\u0119:<\/strong><\/p><p>Duchu Przenaj\u015bwi\u0119tszy, Bo\u017ce jedno\u015bci, zgody i pokoju, b\u0142agamy Ci\u0119 pokornie, aby\u015b zawsze jednoczy\u0142 wszystkich wierz\u0105cych w Chrystusa w Jego \u015bwi\u0119tym Ko\u015bciele. Amen.<\/p><p>Ojcze Nasz&#8230;<\/p><p>M\u00f3dlmy si\u0119:<\/p><p>Bo\u017ce, Ty otworzy\u0142e\u015b nam&#8230;<\/p>\t\t\t\t\t\t\t\t<\/div>\n\t\t\t\t<\/div>\n\t\t\t\t<div class=\"elementor-element elementor-element-1a74028 elementor-widget elementor-widget-text-editor\" data-id=\"1a74028\" data-element_type=\"widget\" data-e-type=\"widget\" data-widget_type=\"text-editor.default\">\n\t\t\t\t<div class=\"elementor-widget-container\">\n\t\t\t\t\t\t\t\t\t<p><span style=\"color: #ff0000;\"><strong>Cuarto d\u00eda<\/strong><\/span><\/p><p>Pismo \u015awi\u0119te poucza:<\/p><p>&#8220;B\u00f3g jest tym, kt\u00f3ry umacnia nas wesp\u00f3\u0142 z wami w Chrystusie i kt\u00f3ry nas nama\u015bci\u0142. On te\u017c wycisn\u0105\u0142 na nas piecz\u0119\u0107 i zostawi\u0142 zadatek Ducha w sercach naszych&#8221; (2 Kor 1,21-22).<\/p><p><strong>M\u00f3dlmy si\u0119:<\/strong><\/p><p>Duchu \u015awi\u0119ty, dzi\u0119kujemy Ci za to, \u017ce nas opiecz\u0119towa\u0142e\u015b Bo\u017cym podobie\u0144stwem, kt\u00f3re jest zadatkiem szcz\u0119\u015bcia wiecznego i wezwaniem do \u015bwi\u0119to\u015bci. Amen.<\/p><p>Ojcze Nasz&#8230;<\/p><p>M\u00f3dlmy si\u0119:<\/p><p>Bo\u017ce, Ty otworzy\u0142e\u015b nam&#8230;<\/p>\t\t\t\t\t\t\t\t<\/div>\n\t\t\t\t<\/div>\n\t\t\t\t<div class=\"elementor-element elementor-element-055cf00 elementor-widget elementor-widget-text-editor\" data-id=\"055cf00\" data-element_type=\"widget\" data-e-type=\"widget\" data-widget_type=\"text-editor.default\">\n\t\t\t\t<div class=\"elementor-widget-container\">\n\t\t\t\t\t\t\t\t\t<p><span style=\"color: #ff0000;\"><strong>Quinto d\u00eda<\/strong><\/span><\/p><p>Pismo \u015awi\u0119te poucza:<\/p><p>&#8220;Duch przychodzi z pomoc\u0105 naszej s\u0142abo\u015bci. Gdy bowiem nie umiemy si\u0119 modli\u0107 tak, jak trzeba, sam Duch przyczynia si\u0119 za nami w b\u0142aganiach, kt\u00f3rych nie mo\u017cna wyrazi\u0107 s\u0142owami. Ten za\u015b, kt\u00f3ry przenika serca, zna zamiar Ducha, wie, \u017ce przyczynia si\u0119 za \u015bwi\u0119tymi zgodnie z wol\u0105 Bo\u017c\u0105&#8221; (Rz 8,26-27).<\/p><p><strong>M\u00f3dlmy si\u0119:<\/strong><\/p><p>Panie Jezu Chryste, dzi\u0119ki mieszkaj\u0105cemu w nas Duchowi \u015awi\u0119temu, modlitwa nasza zdolna jest ujarzmi\u0107 szatana i pokusy \u015bwiata, a tak\u017ce zdolna jest wielbi\u0107 Ciebie wraz z Ojcem i Duchem \u015awi\u0119tym. Amen.<\/p><p>Ojcze Nasz&#8230;<\/p><p>M\u00f3dlmy si\u0119:<\/p><p>Bo\u017ce, Ty otworzy\u0142e\u015b nam&#8230;<\/p>\t\t\t\t\t\t\t\t<\/div>\n\t\t\t\t<\/div>\n\t\t\t\t\t<\/div>\n\t\t<\/div>\n\t\t\t\t<div class=\"elementor-column elementor-col-50 elementor-top-column elementor-element elementor-element-716519b\" data-id=\"716519b\" data-element_type=\"column\" data-e-type=\"column\">\n\t\t\t<div class=\"elementor-widget-wrap elementor-element-populated\">\n\t\t\t\t\t\t<div class=\"elementor-element elementor-element-5ea0b98 elementor-widget elementor-widget-text-editor\" data-id=\"5ea0b98\" data-element_type=\"widget\" data-e-type=\"widget\" data-widget_type=\"text-editor.default\">\n\t\t\t\t<div class=\"elementor-widget-container\">\n\t\t\t\t\t\t\t\t\t<p><span style=\"color: #ff0000;\"><strong>Sexto d\u00eda<\/strong><\/span><\/p><p>Pismo \u015awi\u0119te poucza:<\/p><p>&#8220;Post\u0119pujcie wed\u0142ug ducha, a nie spe\u0142nicie po\u017c\u0105dania cia\u0142a. Owocem ducha jest: mi\u0142o\u015b\u0107, rado\u015b\u0107, pok\u00f3j, cierpliwo\u015b\u0107, uprzejmo\u015b\u0107, dobro\u0107, wierno\u015b\u0107, \u0142agodno\u015b\u0107, opanowanie. Maj\u0105c \u017cycie od Ducha, do Ducha si\u0119 te\u017c stosujmy&#8221; (Ga 5,16.22.25).<\/p><p><strong>M\u00f3dlmy si\u0119:<\/strong><\/p><p>Panie, pomn\u00f3\u017c w nas wiar\u0119 w Ciebie i zawsze nas o\u015bwiecaj \u015bwiat\u0142em Ducha \u015awi\u0119tego, aby\u015bmy post\u0119powali wed\u0142ug ducha i cieszyli si\u0119 jego owocami. Amen.<\/p><p>Ojcze Nasz&#8230;<\/p><p>M\u00f3dlmy si\u0119:<\/p><p>Bo\u017ce, Ty otworzy\u0142e\u015b nam&#8230;<\/p>\t\t\t\t\t\t\t\t<\/div>\n\t\t\t\t<\/div>\n\t\t\t\t<div class=\"elementor-element elementor-element-fc179c1 elementor-widget elementor-widget-text-editor\" data-id=\"fc179c1\" data-element_type=\"widget\" data-e-type=\"widget\" data-widget_type=\"text-editor.default\">\n\t\t\t\t<div class=\"elementor-widget-container\">\n\t\t\t\t\t\t\t\t\t<p><span style=\"color: #ff0000;\"><strong>S\u00e9ptimo d\u00eda<\/strong><\/span><\/p><p>Pismo \u015awi\u0119te poucza:<\/p><p>&#8220;Czy\u017c nie wiecie, \u017ce cia\u0142o wasze jest \u015bwi\u0105tyni\u0105 Ducha \u015awi\u0119tego, kt\u00f3ry w was jest, a kt\u00f3rego macie od Boga, i \u017ce ju\u017c nie nale\u017cycie do samych siebie? Za wielk\u0105 bowiem cen\u0119 zostali\u015bcie nabyci. Chwalcie wi\u0119c Boga w waszym ciele&#8221; (1 Kor 6,19-20).<\/p><p><strong>M\u00f3dlmy si\u0119:<\/strong><\/p><p>Bo\u017ce, dop\u00f3ki \u017cyjemy w ciele, walczymy ze z\u0142em, spraw przeto, aby\u015bmy umieli opanowa\u0107 wszelkie pokusy i pop\u0119dy przy pomocy mieszkaj\u0105cego w nas Ducha \u015awi\u0119tego, aby\u015bmy \u017cyli wiecznie. Amen.<\/p><p>Ojcze Nasz&#8230;<\/p><p>M\u00f3dlmy si\u0119:<\/p><p>Bo\u017ce, Ty otworzy\u0142e\u015b nam&#8230;<\/p>\t\t\t\t\t\t\t\t<\/div>\n\t\t\t\t<\/div>\n\t\t\t\t<div class=\"elementor-element elementor-element-545fa68 elementor-widget elementor-widget-text-editor\" data-id=\"545fa68\" data-element_type=\"widget\" data-e-type=\"widget\" data-widget_type=\"text-editor.default\">\n\t\t\t\t<div class=\"elementor-widget-container\">\n\t\t\t\t\t\t\t\t\t<p><strong><span style=\"color: #ff0000;\">octavo d\u00eda<\/span><\/strong><\/p><p>Pismo \u015awi\u0119te poucza:<\/p><p>&#8220;Ani oko nie widzia\u0142o, ani ucho nie s\u0142ysza\u0142o, ani serce cz\u0142owieka nie zdo\u0142a\u0142o poj\u0105\u0107, jak wielkie rzeczy przygotowa\u0142 B\u00f3g tym, kt\u00f3rzy Go mi\u0142uj\u0105. Nam za\u015b objawi\u0142 to B\u00f3g przez Ducha &#8211; Duch przenika wszystko, nawet g\u0142\u0119boko\u015bci Boga samego&#8221; (1 Kor 2, 1 ).<\/p><p><strong>M\u00f3dlmy si\u0119:<\/strong><\/p><p>Przyb\u0105d\u017a, Duchu \u015awi\u0119ty, nape\u0142nij serca Twoich wiernych i zapal w nich ogie\u0144 Twojej mi\u0142o\u015bci, aby\u015bmy mi\u0142owali Boga ca\u0142ym sercem i otrzymali wieczne szcz\u0119\u015bcie. Amen.<\/p><p>Ojcze Nasz&#8230;<\/p><p>M\u00f3dlmy si\u0119:<\/p><p>Bo\u017ce, Ty otworzy\u0142e\u015b nam&#8230;<\/p>\t\t\t\t\t\t\t\t<\/div>\n\t\t\t\t<\/div>\n\t\t\t\t<div class=\"elementor-element elementor-element-2ce7d5d elementor-widget elementor-widget-text-editor\" data-id=\"2ce7d5d\" data-element_type=\"widget\" data-e-type=\"widget\" data-widget_type=\"text-editor.default\">\n\t\t\t\t<div class=\"elementor-widget-container\">\n\t\t\t\t\t\t\t\t\t<p><strong><span style=\"color: #ff0000;\">El quinto d\u00eda<\/span><\/strong><\/p><p>Pismo \u015awi\u0119te poucza:<\/p><p>&#8220;Kiedy nadszed\u0142 dzie\u0144 Pi\u0119\u0107dziesi\u0105tnicy, znajdowali si\u0119 wszyscy razem na tym samym miejscu. Nagle da\u0142 si\u0119 s\u0142ysze\u0107 z nieba szum, jakby uderzenie gwa\u0142townego wichru, i nape\u0142ni\u0142 ca\u0142y dom, w kt\u00f3rym przebywali. Ukaza\u0142y si\u0119 im te\u017c j\u0119zyki jakby z ognia, kt\u00f3re si\u0119 rozdzieli\u0142y, i na ka\u017cdym z nich spocz\u0105\u0142 jeden. I wszyscy zostali nape\u0142nieni Duchem \u015awi\u0119tym, i zacz\u0119li m\u00f3wi\u0107 obcymi j\u0119zykami, tak jak im Duch pozwala\u0142 m\u00f3wi\u0107 (Dz 2,1-4).<\/p><p><strong>M\u00f3dlmy si\u0119:<\/strong><\/p><p>Duchu \u015awi\u0119ty, kt\u00f3ry sprawi\u0142e\u015b, \u017ce aposto\u0142owie m\u00f3wili r\u00f3\u017cnymi j\u0119zykami, spraw aby\u015bmy w \u017cyciu chrze\u015bcija\u0144skim potrafili m\u00f3wi\u0107 j\u0119zykiem s\u0142\u00f3w, j\u0119zykiem czyn\u00f3w, j\u0119zykiem przyk\u0142adu i wszystkimi mo\u017cliwymi j\u0119zykami dla pomno\u017cenia chwa\u0142y Bo\u017cej. Amen.<\/p><p>Ojcze Nasz&#8230;<\/p><p>M\u00f3dlmy si\u0119:<\/p><p>Bo\u017ce, Ty otworzy\u0142e\u015b nam&#8230;<\/p>\t\t\t\t\t\t\t\t<\/div>\n\t\t\t\t<\/div>\n\t\t\t\t<div class=\"elementor-element elementor-element-31025d6 elementor-widget elementor-widget-text-editor\" data-id=\"31025d6\" data-element_type=\"widget\" data-e-type=\"widget\" data-widget_type=\"text-editor.default\">\n\t\t\t\t<div class=\"elementor-widget-container\">\n\t\t\t\t\t\t\t\t\t<p style=\"text-align: center;\"><strong>Hymn do Ducha \u015awi\u0119tego<\/strong><\/p><p style=\"text-align: center;\">O Stworzycielu, Duchu, przyjd\u017a,<br \/>Nawiedz dusz wiernych Tobie kr\u0105g.<br \/>Niebiesk\u0105 \u0142ask\u0119 zes\u0142a\u0107 racz<br \/>Sercom, co dzie\u0142em s\u0105 Twych r\u0105k.<\/p><p style=\"text-align: center;\">Pocieszycielem jeste\u015b zwan<br \/>I najwy\u017cszego Boga dar.<br \/>Ty\u015b namaszczeniem naszych dusz,<br \/>Zdr\u00f3j \u017cywy, mi\u0142o\u015b\u0107, ognia \u017car.<\/p><p style=\"text-align: center;\">Ty darzysz \u0142ask\u0105 siedemkro\u0107,<br \/>Bo moc z prawicy Ojca masz,<br \/>Przez Boga obiecany nam,<br \/>Mow\u0105 wzbogacasz j\u0119zyk nasz.<\/p><p style=\"text-align: center;\">\u015awiat\u0142em rozja\u015bnij nasz\u0105 my\u015bl,<br \/>W serca nam mi\u0142o\u015b\u0107 \u015bwi\u0119t\u0105 wlej<br \/>I w\u0105t\u0142\u0105 s\u0142abo\u015b\u0107 naszych cia\u0142<br \/>Pokrzep sta\u0142o\u015bci\u0105 mocy Twej.<\/p><p style=\"text-align: center;\">Nieprzyjaciela odp\u0119d\u017a w dal<br \/>I Twym pokojem obdarz wraz.<br \/>Niech w drodze za przewodem Twym<br \/>Miniemy z\u0142o, co kusi nas.<\/p><p style=\"text-align: center;\">Daj nam przez Ciebie Ojca zna\u0107,<br \/>Daj, by i Syn poznany by\u0142.<br \/>I Ciebie, jedno tchnienie Dw\u00f3ch,<br \/>Niech wyznajemy z wszystkich si\u0142.<\/p><p style=\"text-align: center;\">Niech Bogu Ojcu chwa\u0142a brzmi,<br \/>Synowi, kt\u00f3ry zmartwychwsta\u0142,<br \/>I Temu, co pociesza nas,<br \/>Niech ho\u0142d wieczystych p\u0142ynie chwa\u0142.<br \/>Am\u00e9n.<\/p>\t\t\t\t\t\t\t\t<\/div>\n\t\t\t\t<\/div>\n\t\t\t\t\t<\/div>\n\t\t<\/div>\n\t\t\t\t\t<\/div>\n\t\t<\/section>\n\t\t\t\t<section class=\"elementor-section elementor-top-section elementor-element elementor-element-4399a94 elementor-section-boxed elementor-section-height-default elementor-section-height-default\" data-id=\"4399a94\" data-element_type=\"section\" data-e-type=\"section\">\n\t\t\t\t\t\t<div class=\"elementor-container elementor-column-gap-default\">\n\t\t\t\t\t<div class=\"elementor-column elementor-col-100 elementor-top-column elementor-element elementor-element-2d267a7\" data-id=\"2d267a7\" data-element_type=\"column\" data-e-type=\"column\">\n\t\t\t<div class=\"elementor-widget-wrap elementor-element-populated\">\n\t\t\t\t\t\t<div class=\"elementor-element elementor-element-303fbab elementor-widget-divider--view-line elementor-widget elementor-widget-divider\" data-id=\"303fbab\" data-element_type=\"widget\" data-e-type=\"widget\" data-widget_type=\"divider.default\">\n\t\t\t\t<div class=\"elementor-widget-container\">\n\t\t\t\t\t\t\t<div class=\"elementor-divider\">\n\t\t\t<span class=\"elementor-divider-separator\">\n\t\t\t\t\t\t<\/span>\n\t\t<\/div>\n\t\t\t\t\t\t<\/div>\n\t\t\t\t<\/div>\n\t\t\t\t\t<\/div>\n\t\t<\/div>\n\t\t\t\t\t<\/div>\n\t\t<\/section>\n\t\t\t\t<\/div>","protected":false},"excerpt":{"rendered":"<p>Nowenna do Ducha \u015awi\u0119tego przypada w maju i czerwcu, dlatego mo\u017cna po\u0142\u0105czy\u0107 j\u0105 z nabo\u017ce\u0144stwem majowym i czerwcowym Duchu \u015awi\u0119ty, Bo\u017ce, kt\u00f3ry w dniu narodzin Ko\u015bcio\u0142a raczy\u0142e\u015b zst\u0105pi\u0107 widomie na aposto\u0142\u00f3w, aby o\u015bwieci\u0107 ich rozum, zapali\u0107 serca, utwierdzi\u0107 w wierze i \u017cycie ich u\u015bwi\u0119ci\u0107, b\u0142agamy Ci\u0119 najgor\u0119cej w czasie tej nowenny, aby\u015b r\u00f3wnie\u017c nam raczy\u0142 [&hellip;]<\/p>\n","protected":false},"author":2,"featured_media":0,"parent":0,"menu_order":0,"comment_status":"closed","ping_status":"closed","template":"","meta":{"footnotes":""},"class_list":["post-40667","page","type-page","status-publish","hentry","wpbf-post"],"yoast_head":"<!-- This site is optimized with the Yoast SEO plugin v27.4 - https:\/\/yoast.com\/product\/yoast-seo-wordpress\/ -->\n<title>Nowenna przed Uroczysto\u015bci\u0105 Zes\u0142ania Ducha \u015awi\u0119tego - SANKTUARIUM W LICHENIU<\/title>\n<meta name=\"robots\" content=\"index, follow, max-snippet:-1, max-image-preview:large, max-video-preview:-1\" \/>\n<link rel=\"canonical\" href=\"https:\/\/www.lichen.pl\/es\/nowenna-przed-uroczystoscia-zeslania-ducha-swietego\/\" \/>\n<meta property=\"og:locale\" content=\"es_ES\" \/>\n<meta property=\"og:type\" content=\"article\" \/>\n<meta property=\"og:title\" content=\"Nowenna przed Uroczysto\u015bci\u0105 Zes\u0142ania Ducha \u015awi\u0119tego - SANKTUARIUM W LICHENIU\" \/>\n<meta property=\"og:description\" content=\"Nowenna do Ducha \u015awi\u0119tego przypada w maju i czerwcu, dlatego mo\u017cna po\u0142\u0105czy\u0107 j\u0105 z nabo\u017ce\u0144stwem majowym i czerwcowym Duchu \u015awi\u0119ty, Bo\u017ce, kt\u00f3ry w dniu narodzin Ko\u015bcio\u0142a raczy\u0142e\u015b zst\u0105pi\u0107 widomie na aposto\u0142\u00f3w, aby o\u015bwieci\u0107 ich rozum, zapali\u0107 serca, utwierdzi\u0107 w wierze i \u017cycie ich u\u015bwi\u0119ci\u0107, b\u0142agamy Ci\u0119 najgor\u0119cej w czasie tej nowenny, aby\u015b r\u00f3wnie\u017c nam raczy\u0142 [&hellip;]\" \/>\n<meta property=\"og:url\" content=\"https:\/\/www.lichen.pl\/es\/nowenna-przed-uroczystoscia-zeslania-ducha-swietego\/\" \/>\n<meta property=\"og:site_name\" content=\"SANKTUARIUM W LICHENIU\" \/>\n<meta property=\"article:modified_time\" content=\"2022-05-27T06:33:37+00:00\" \/>\n<meta name=\"twitter:card\" content=\"summary_large_image\" \/>\n<meta name=\"twitter:label1\" content=\"Tiempo de lectura\" \/>\n\t<meta name=\"twitter:data1\" content=\"6 minutos\" \/>\n<script type=\"application\/ld+json\" class=\"yoast-schema-graph\">{\"@context\":\"https:\\\/\\\/schema.org\",\"@graph\":[{\"@type\":\"WebPage\",\"@id\":\"https:\\\/\\\/www.lichen.pl\\\/nowenna-przed-uroczystoscia-zeslania-ducha-swietego\\\/\",\"url\":\"https:\\\/\\\/www.lichen.pl\\\/nowenna-przed-uroczystoscia-zeslania-ducha-swietego\\\/\",\"name\":\"Nowenna przed Uroczysto\u015bci\u0105 Zes\u0142ania Ducha \u015awi\u0119tego - SANKTUARIUM W LICHENIU\",\"isPartOf\":{\"@id\":\"https:\\\/\\\/www.lichen.pl\\\/fr\\\/#website\"},\"datePublished\":\"2022-05-26T13:19:17+00:00\",\"dateModified\":\"2022-05-27T06:33:37+00:00\",\"breadcrumb\":{\"@id\":\"https:\\\/\\\/www.lichen.pl\\\/nowenna-przed-uroczystoscia-zeslania-ducha-swietego\\\/#breadcrumb\"},\"inLanguage\":\"es\",\"potentialAction\":[{\"@type\":\"ReadAction\",\"target\":[\"https:\\\/\\\/www.lichen.pl\\\/nowenna-przed-uroczystoscia-zeslania-ducha-swietego\\\/\"]}]},{\"@type\":\"BreadcrumbList\",\"@id\":\"https:\\\/\\\/www.lichen.pl\\\/nowenna-przed-uroczystoscia-zeslania-ducha-swietego\\\/#breadcrumb\",\"itemListElement\":[{\"@type\":\"ListItem\",\"position\":1,\"name\":\"Strona g\u0142\u00f3wna\",\"item\":\"https:\\\/\\\/www.lichen.pl\\\/\"},{\"@type\":\"ListItem\",\"position\":2,\"name\":\"Nowenna przed Uroczysto\u015bci\u0105 Zes\u0142ania Ducha \u015awi\u0119tego\"}]},{\"@type\":\"WebSite\",\"@id\":\"https:\\\/\\\/www.lichen.pl\\\/fr\\\/#website\",\"url\":\"https:\\\/\\\/www.lichen.pl\\\/fr\\\/\",\"name\":\"SANKTUARIUM W LICHENIU\",\"description\":\"MATKI BO\u017bEJ LICHE\u0143SKIEJ BOLESNEJ KR\u00d3LOWEJ POLSKI\",\"potentialAction\":[{\"@type\":\"SearchAction\",\"target\":{\"@type\":\"EntryPoint\",\"urlTemplate\":\"https:\\\/\\\/www.lichen.pl\\\/fr\\\/?s={search_term_string}\"},\"query-input\":{\"@type\":\"PropertyValueSpecification\",\"valueRequired\":true,\"valueName\":\"search_term_string\"}}],\"inLanguage\":\"es\"}]}<\/script>\n<!-- \/ Yoast SEO plugin. -->","yoast_head_json":{"title":"Nowenna przed Uroczysto\u015bci\u0105 Zes\u0142ania Ducha \u015awi\u0119tego - SANKTUARIUM W LICHENIU","robots":{"index":"index","follow":"follow","max-snippet":"max-snippet:-1","max-image-preview":"max-image-preview:large","max-video-preview":"max-video-preview:-1"},"canonical":"https:\/\/www.lichen.pl\/es\/nowenna-przed-uroczystoscia-zeslania-ducha-swietego\/","og_locale":"es_ES","og_type":"article","og_title":"Nowenna przed Uroczysto\u015bci\u0105 Zes\u0142ania Ducha \u015awi\u0119tego - SANKTUARIUM W LICHENIU","og_description":"Nowenna do Ducha \u015awi\u0119tego przypada w maju i czerwcu, dlatego mo\u017cna po\u0142\u0105czy\u0107 j\u0105 z nabo\u017ce\u0144stwem majowym i czerwcowym Duchu \u015awi\u0119ty, Bo\u017ce, kt\u00f3ry w dniu narodzin Ko\u015bcio\u0142a raczy\u0142e\u015b zst\u0105pi\u0107 widomie na aposto\u0142\u00f3w, aby o\u015bwieci\u0107 ich rozum, zapali\u0107 serca, utwierdzi\u0107 w wierze i \u017cycie ich u\u015bwi\u0119ci\u0107, b\u0142agamy Ci\u0119 najgor\u0119cej w czasie tej nowenny, aby\u015b r\u00f3wnie\u017c nam raczy\u0142 [&hellip;]","og_url":"https:\/\/www.lichen.pl\/es\/nowenna-przed-uroczystoscia-zeslania-ducha-swietego\/","og_site_name":"SANKTUARIUM W LICHENIU","article_modified_time":"2022-05-27T06:33:37+00:00","twitter_card":"summary_large_image","twitter_misc":{"Tiempo de lectura":"6 minutos"},"schema":{"@context":"https:\/\/schema.org","@graph":[{"@type":"WebPage","@id":"https:\/\/www.lichen.pl\/nowenna-przed-uroczystoscia-zeslania-ducha-swietego\/","url":"https:\/\/www.lichen.pl\/nowenna-przed-uroczystoscia-zeslania-ducha-swietego\/","name":"Nowenna przed Uroczysto\u015bci\u0105 Zes\u0142ania Ducha \u015awi\u0119tego - SANKTUARIUM W LICHENIU","isPartOf":{"@id":"https:\/\/www.lichen.pl\/fr\/#website"},"datePublished":"2022-05-26T13:19:17+00:00","dateModified":"2022-05-27T06:33:37+00:00","breadcrumb":{"@id":"https:\/\/www.lichen.pl\/nowenna-przed-uroczystoscia-zeslania-ducha-swietego\/#breadcrumb"},"inLanguage":"es","potentialAction":[{"@type":"ReadAction","target":["https:\/\/www.lichen.pl\/nowenna-przed-uroczystoscia-zeslania-ducha-swietego\/"]}]},{"@type":"BreadcrumbList","@id":"https:\/\/www.lichen.pl\/nowenna-przed-uroczystoscia-zeslania-ducha-swietego\/#breadcrumb","itemListElement":[{"@type":"ListItem","position":1,"name":"Strona g\u0142\u00f3wna","item":"https:\/\/www.lichen.pl\/"},{"@type":"ListItem","position":2,"name":"Nowenna przed Uroczysto\u015bci\u0105 Zes\u0142ania Ducha \u015awi\u0119tego"}]},{"@type":"WebSite","@id":"https:\/\/www.lichen.pl\/fr\/#website","url":"https:\/\/www.lichen.pl\/fr\/","name":"SANTUARIO EN LICHENIA","description":"LA DOLOROSA REINA DE POLONIA DE NUESTRO LICHEN","potentialAction":[{"@type":"SearchAction","target":{"@type":"EntryPoint","urlTemplate":"https:\/\/www.lichen.pl\/fr\/?s={search_term_string}"},"query-input":{"@type":"PropertyValueSpecification","valueRequired":true,"valueName":"search_term_string"}}],"inLanguage":"es"}]}},"_links":{"self":[{"href":"https:\/\/www.lichen.pl\/es\/wp-json\/wp\/v2\/pages\/40667","targetHints":{"allow":["GET"]}}],"collection":[{"href":"https:\/\/www.lichen.pl\/es\/wp-json\/wp\/v2\/pages"}],"about":[{"href":"https:\/\/www.lichen.pl\/es\/wp-json\/wp\/v2\/types\/page"}],"author":[{"embeddable":true,"href":"https:\/\/www.lichen.pl\/es\/wp-json\/wp\/v2\/users\/2"}],"replies":[{"embeddable":true,"href":"https:\/\/www.lichen.pl\/es\/wp-json\/wp\/v2\/comments?post=40667"}],"version-history":[{"count":7,"href":"https:\/\/www.lichen.pl\/es\/wp-json\/wp\/v2\/pages\/40667\/revisions"}],"predecessor-version":[{"id":40679,"href":"https:\/\/www.lichen.pl\/es\/wp-json\/wp\/v2\/pages\/40667\/revisions\/40679"}],"wp:attachment":[{"href":"https:\/\/www.lichen.pl\/es\/wp-json\/wp\/v2\/media?parent=40667"}],"curies":[{"name":"wp","href":"https:\/\/api.w.org\/{rel}","templated":true}]}}