{"id":51551,"date":"2023-03-29T13:41:58","date_gmt":"2023-03-29T11:41:58","guid":{"rendered":"https:\/\/www.lichen.pl\/zeszyty-maryjne-copy\/"},"modified":"2024-02-29T12:40:39","modified_gmt":"2024-02-29T11:40:39","slug":"matka-pokoju","status":"publish","type":"page","link":"https:\/\/www.lichen.pl\/es\/matka-pokoju\/","title":{"rendered":"Matka Pokoju"},"content":{"rendered":"<div data-elementor-type=\"wp-page\" data-elementor-id=\"51551\" class=\"elementor elementor-51551\" data-elementor-post-type=\"page\">\n\t\t\t\t\t\t<section class=\"elementor-section elementor-top-section elementor-element elementor-element-dc55ef0 elementor-section-boxed elementor-section-height-default elementor-section-height-default\" data-id=\"dc55ef0\" data-element_type=\"section\" data-e-type=\"section\">\n\t\t\t\t\t\t<div class=\"elementor-container elementor-column-gap-default\">\n\t\t\t\t\t<div class=\"elementor-column elementor-col-100 elementor-top-column elementor-element elementor-element-0151f29\" data-id=\"0151f29\" data-element_type=\"column\" data-e-type=\"column\">\n\t\t\t<div class=\"elementor-widget-wrap elementor-element-populated\">\n\t\t\t\t\t\t<div class=\"elementor-element elementor-element-abfa815 elementor-widget elementor-widget-heading\" data-id=\"abfa815\" data-element_type=\"widget\" data-e-type=\"widget\" data-widget_type=\"heading.default\">\n\t\t\t\t<div class=\"elementor-widget-container\">\n\t\t\t\t\t<h2 class=\"elementor-heading-title elementor-size-default\">Kliknij, aby przeczyta\u0107 wybrany numer \"Matki Pokoju\"<\/h2>\t\t\t\t<\/div>\n\t\t\t\t<\/div>\n\t\t\t\t\t<\/div>\n\t\t<\/div>\n\t\t\t\t\t<\/div>\n\t\t<\/section>\n\t\t\t\t<section class=\"elementor-section elementor-top-section elementor-element elementor-element-74c7e4a elementor-section-boxed elementor-section-height-default elementor-section-height-default\" data-id=\"74c7e4a\" data-element_type=\"section\" data-e-type=\"section\">\n\t\t\t\t\t\t<div class=\"elementor-container elementor-column-gap-default\">\n\t\t\t\t\t<div class=\"elementor-column elementor-col-100 elementor-top-column elementor-element elementor-element-ef28603\" data-id=\"ef28603\" data-element_type=\"column\" data-e-type=\"column\">\n\t\t\t<div class=\"elementor-widget-wrap elementor-element-populated\">\n\t\t\t\t\t\t<section class=\"elementor-section elementor-inner-section elementor-element elementor-element-d7599d5 elementor-section-boxed elementor-section-height-default elementor-section-height-default\" data-id=\"d7599d5\" data-element_type=\"section\" data-e-type=\"section\">\n\t\t\t\t\t\t<div class=\"elementor-container elementor-column-gap-default\">\n\t\t\t\t\t<div class=\"elementor-column elementor-col-33 elementor-inner-column elementor-element elementor-element-a4ee43c\" data-id=\"a4ee43c\" data-element_type=\"column\" data-e-type=\"column\">\n\t\t\t<div class=\"elementor-widget-wrap elementor-element-populated\">\n\t\t\t\t\t\t<div class=\"elementor-element elementor-element-3d27e1a elementor-widget elementor-widget-image\" data-id=\"3d27e1a\" data-element_type=\"widget\" data-e-type=\"widget\" data-widget_type=\"image.default\">\n\t\t\t\t<div class=\"elementor-widget-container\">\n\t\t\t\t\t\t\t\t\t\t\t\t<figure class=\"wp-caption\">\n\t\t\t\t\t\t\t\t\t\t\t<a href=\"https:\/\/www.lichen.pl\/es\/matka-pokoju-1-2024\/\">\n\t\t\t\t\t\t\t<img fetchpriority=\"high\" decoding=\"async\" width=\"768\" height=\"1089\" src=\"https:\/\/www.lichen.pl\/wp-content\/uploads\/2024\/02\/MP-1-2024-okladka-768x1089.jpg\" class=\"attachment-medium_large size-medium_large wp-image-65233\" alt=\"\" srcset=\"https:\/\/www.lichen.pl\/wp-content\/uploads\/2024\/02\/MP-1-2024-okladka-768x1089.jpg 768w, https:\/\/www.lichen.pl\/wp-content\/uploads\/2024\/02\/MP-1-2024-okladka-800x1134.jpg 800w, https:\/\/www.lichen.pl\/wp-content\/uploads\/2024\/02\/MP-1-2024-okladka-212x300.jpg 212w, https:\/\/www.lichen.pl\/wp-content\/uploads\/2024\/02\/MP-1-2024-okladka-722x1024.jpg 722w, https:\/\/www.lichen.pl\/wp-content\/uploads\/2024\/02\/MP-1-2024-okladka-1084x1536.jpg 1084w, https:\/\/www.lichen.pl\/wp-content\/uploads\/2024\/02\/MP-1-2024-okladka-1445x2048.jpg 1445w, https:\/\/www.lichen.pl\/wp-content\/uploads\/2024\/02\/MP-1-2024-okladka-8x12.jpg 8w, https:\/\/www.lichen.pl\/wp-content\/uploads\/2024\/02\/MP-1-2024-okladka.jpg 903w\" sizes=\"(max-width: 768px) 100vw, 768px\" \/>\t\t\t\t\t\t\t\t<\/a>\n\t\t\t\t\t\t\t\t\t\t\t<figcaption class=\"widget-image-caption wp-caption-text\">Matka Pokoju, rok XXVII nr 1(103)  <\/figcaption>\n\t\t\t\t\t\t\t\t\t\t<\/figure>\n\t\t\t\t\t\t\t\t\t<\/div>\n\t\t\t\t<\/div>\n\t\t\t\t\t<\/div>\n\t\t<\/div>\n\t\t\t\t<div class=\"elementor-column elementor-col-33 elementor-inner-column elementor-element elementor-element-bf7fc82\" data-id=\"bf7fc82\" data-element_type=\"column\" data-e-type=\"column\">\n\t\t\t<div class=\"elementor-widget-wrap elementor-element-populated\">\n\t\t\t\t\t\t<div class=\"elementor-element elementor-element-e2b6280 elementor-widget elementor-widget-image\" data-id=\"e2b6280\" data-element_type=\"widget\" data-e-type=\"widget\" data-widget_type=\"image.default\">\n\t\t\t\t<div class=\"elementor-widget-container\">\n\t\t\t\t\t\t\t\t\t\t\t\t<figure class=\"wp-caption\">\n\t\t\t\t\t\t\t\t\t\t\t<a href=\"https:\/\/www.lichen.pl\/es\/matka-pokoju-2-2023\/\">\n\t\t\t\t\t\t\t<img decoding=\"async\" width=\"768\" height=\"1058\" src=\"https:\/\/www.lichen.pl\/wp-content\/uploads\/2023\/03\/MATKA-POKOJU_02_2023-okladka-768x1058.jpg\" class=\"attachment-medium_large size-medium_large wp-image-51543\" alt=\"\" srcset=\"https:\/\/www.lichen.pl\/wp-content\/uploads\/2023\/03\/MATKA-POKOJU_02_2023-okladka-768x1058.jpg 768w, https:\/\/www.lichen.pl\/wp-content\/uploads\/2023\/03\/MATKA-POKOJU_02_2023-okladka-800x1102.jpg 800w, https:\/\/www.lichen.pl\/wp-content\/uploads\/2023\/03\/MATKA-POKOJU_02_2023-okladka-218x300.jpg 218w, https:\/\/www.lichen.pl\/wp-content\/uploads\/2023\/03\/MATKA-POKOJU_02_2023-okladka-743x1024.jpg 743w, https:\/\/www.lichen.pl\/wp-content\/uploads\/2023\/03\/MATKA-POKOJU_02_2023-okladka-1115x1536.jpg 1115w, https:\/\/www.lichen.pl\/wp-content\/uploads\/2023\/03\/MATKA-POKOJU_02_2023-okladka-9x12.jpg 9w, https:\/\/www.lichen.pl\/wp-content\/uploads\/2023\/03\/MATKA-POKOJU_02_2023-okladka.jpg 929w\" sizes=\"(max-width: 768px) 100vw, 768px\" \/>\t\t\t\t\t\t\t\t<\/a>\n\t\t\t\t\t\t\t\t\t\t\t<figcaption class=\"widget-image-caption wp-caption-text\">Matka Pokoju, rok XXVI nr 2(100)  <\/figcaption>\n\t\t\t\t\t\t\t\t\t\t<\/figure>\n\t\t\t\t\t\t\t\t\t<\/div>\n\t\t\t\t<\/div>\n\t\t\t\t\t<\/div>\n\t\t<\/div>\n\t\t\t\t<div class=\"elementor-column elementor-col-33 elementor-inner-column elementor-element elementor-element-8251653\" data-id=\"8251653\" data-element_type=\"column\" data-e-type=\"column\">\n\t\t\t<div class=\"elementor-widget-wrap\">\n\t\t\t\t\t\t\t<\/div>\n\t\t<\/div>\n\t\t\t\t\t<\/div>\n\t\t<\/section>\n\t\t\t\t\t<\/div>\n\t\t<\/div>\n\t\t\t\t\t<\/div>\n\t\t<\/section>\n\t\t\t\t<section class=\"elementor-section elementor-top-section elementor-element elementor-element-54cb171 elementor-section-boxed elementor-section-height-default elementor-section-height-default\" data-id=\"54cb171\" data-element_type=\"section\" data-e-type=\"section\">\n\t\t\t\t\t\t<div class=\"elementor-container elementor-column-gap-default\">\n\t\t\t\t\t<div class=\"elementor-column elementor-col-100 elementor-top-column elementor-element elementor-element-1618377\" data-id=\"1618377\" data-element_type=\"column\" data-e-type=\"column\">\n\t\t\t<div class=\"elementor-widget-wrap elementor-element-populated\">\n\t\t\t\t\t\t<div class=\"elementor-element elementor-element-a57dda1 elementor-button-info elementor-align-right elementor-widget elementor-widget-button\" data-id=\"a57dda1\" data-element_type=\"widget\" data-e-type=\"widget\" data-widget_type=\"button.default\">\n\t\t\t\t<div class=\"elementor-widget-container\">\n\t\t\t\t\t\t\t\t\t<div class=\"elementor-button-wrapper\">\n\t\t\t\t\t<a class=\"elementor-button elementor-button-link elementor-size-sm\" href=\"https:\/\/lichen.maryja.pl\/pl\/c\/Matka-Pokoju\/47\" target=\"_blank\">\n\t\t\t\t\t\t<span class=\"elementor-button-content-wrapper\">\n\t\t\t\t\t\t\t\t\t<span class=\"elementor-button-text\">Zam\u00f3w prenumerat\u0119<\/span>\n\t\t\t\t\t<\/span>\n\t\t\t\t\t<\/a>\n\t\t\t\t<\/div>\n\t\t\t\t\t\t\t\t<\/div>\n\t\t\t\t<\/div>\n\t\t\t\t\t<\/div>\n\t\t<\/div>\n\t\t\t\t\t<\/div>\n\t\t<\/section>\n\t\t\t\t<\/div>","protected":false},"excerpt":{"rendered":"<p>Kliknij, aby przeczyta\u0107 wybrany numer &#8220;Matki Pokoju&#8221; Matka Pokoju, rok XXVII nr 1(103) Matka Pokoju, rok XXVI nr 2(100) Zam\u00f3w prenumerat\u0119<\/p>","protected":false},"author":2,"featured_media":0,"parent":0,"menu_order":0,"comment_status":"closed","ping_status":"closed","template":"","meta":{"footnotes":""},"class_list":["post-51551","page","type-page","status-publish","hentry","wpbf-post"],"yoast_head":"<!-- This site is optimized with the Yoast SEO plugin v27.4 - https:\/\/yoast.com\/product\/yoast-seo-wordpress\/ -->\n<title>Matka Pokoju - SANKTUARIUM W LICHENIU<\/title>\n<meta name=\"robots\" content=\"index, follow, max-snippet:-1, max-image-preview:large, max-video-preview:-1\" \/>\n<link rel=\"canonical\" href=\"https:\/\/www.lichen.pl\/es\/matka-pokoju\/\" \/>\n<meta property=\"og:locale\" content=\"es_ES\" \/>\n<meta property=\"og:type\" content=\"article\" \/>\n<meta property=\"og:title\" content=\"Matka Pokoju - SANKTUARIUM W LICHENIU\" \/>\n<meta property=\"og:description\" content=\"Kliknij, aby przeczyta\u0107 wybrany numer &#8220;Matki Pokoju&#8221; Matka Pokoju, rok XXVII nr 1(103) Matka Pokoju, rok XXVI nr 2(100) Zam\u00f3w prenumerat\u0119\" \/>\n<meta property=\"og:url\" content=\"https:\/\/www.lichen.pl\/es\/matka-pokoju\/\" \/>\n<meta property=\"og:site_name\" content=\"SANKTUARIUM W LICHENIU\" \/>\n<meta property=\"article:modified_time\" content=\"2024-02-29T11:40:39+00:00\" \/>\n<meta property=\"og:image\" content=\"https:\/\/www.lichen.pl\/wp-content\/uploads\/2024\/02\/MP-1-2024-okladka-768x1089.jpg\" \/>\n<meta name=\"twitter:card\" content=\"summary_large_image\" \/>\n<meta name=\"twitter:label1\" content=\"Tiempo de lectura\" \/>\n\t<meta name=\"twitter:data1\" content=\"1 minuto\" \/>\n<script type=\"application\/ld+json\" class=\"yoast-schema-graph\">{\"@context\":\"https:\\\/\\\/schema.org\",\"@graph\":[{\"@type\":\"WebPage\",\"@id\":\"https:\\\/\\\/www.lichen.pl\\\/matka-pokoju\\\/\",\"url\":\"https:\\\/\\\/www.lichen.pl\\\/matka-pokoju\\\/\",\"name\":\"Matka Pokoju - SANKTUARIUM W LICHENIU\",\"isPartOf\":{\"@id\":\"https:\\\/\\\/www.lichen.pl\\\/fr\\\/#website\"},\"primaryImageOfPage\":{\"@id\":\"https:\\\/\\\/www.lichen.pl\\\/matka-pokoju\\\/#primaryimage\"},\"image\":{\"@id\":\"https:\\\/\\\/www.lichen.pl\\\/matka-pokoju\\\/#primaryimage\"},\"thumbnailUrl\":\"https:\\\/\\\/www.lichen.pl\\\/wp-content\\\/uploads\\\/2024\\\/02\\\/MP-1-2024-okladka-768x1089.jpg\",\"datePublished\":\"2023-03-29T11:41:58+00:00\",\"dateModified\":\"2024-02-29T11:40:39+00:00\",\"breadcrumb\":{\"@id\":\"https:\\\/\\\/www.lichen.pl\\\/matka-pokoju\\\/#breadcrumb\"},\"inLanguage\":\"es\",\"potentialAction\":[{\"@type\":\"ReadAction\",\"target\":[\"https:\\\/\\\/www.lichen.pl\\\/matka-pokoju\\\/\"]}]},{\"@type\":\"ImageObject\",\"inLanguage\":\"es\",\"@id\":\"https:\\\/\\\/www.lichen.pl\\\/matka-pokoju\\\/#primaryimage\",\"url\":\"https:\\\/\\\/www.lichen.pl\\\/wp-content\\\/uploads\\\/2024\\\/02\\\/MP-1-2024-okladka-768x1089.jpg\",\"contentUrl\":\"https:\\\/\\\/www.lichen.pl\\\/wp-content\\\/uploads\\\/2024\\\/02\\\/MP-1-2024-okladka-768x1089.jpg\"},{\"@type\":\"BreadcrumbList\",\"@id\":\"https:\\\/\\\/www.lichen.pl\\\/matka-pokoju\\\/#breadcrumb\",\"itemListElement\":[{\"@type\":\"ListItem\",\"position\":1,\"name\":\"Strona g\u0142\u00f3wna\",\"item\":\"https:\\\/\\\/www.lichen.pl\\\/\"},{\"@type\":\"ListItem\",\"position\":2,\"name\":\"Matka Pokoju\"}]},{\"@type\":\"WebSite\",\"@id\":\"https:\\\/\\\/www.lichen.pl\\\/fr\\\/#website\",\"url\":\"https:\\\/\\\/www.lichen.pl\\\/fr\\\/\",\"name\":\"SANKTUARIUM W LICHENIU\",\"description\":\"MATKI BO\u017bEJ LICHE\u0143SKIEJ BOLESNEJ KR\u00d3LOWEJ POLSKI\",\"potentialAction\":[{\"@type\":\"SearchAction\",\"target\":{\"@type\":\"EntryPoint\",\"urlTemplate\":\"https:\\\/\\\/www.lichen.pl\\\/fr\\\/?s={search_term_string}\"},\"query-input\":{\"@type\":\"PropertyValueSpecification\",\"valueRequired\":true,\"valueName\":\"search_term_string\"}}],\"inLanguage\":\"es\"}]}<\/script>\n<!-- \/ Yoast SEO plugin. -->","yoast_head_json":{"title":"Matka Pokoju - SANKTUARIUM W LICHENIU","robots":{"index":"index","follow":"follow","max-snippet":"max-snippet:-1","max-image-preview":"max-image-preview:large","max-video-preview":"max-video-preview:-1"},"canonical":"https:\/\/www.lichen.pl\/es\/matka-pokoju\/","og_locale":"es_ES","og_type":"article","og_title":"Matka Pokoju - SANKTUARIUM W LICHENIU","og_description":"Kliknij, aby przeczyta\u0107 wybrany numer &#8220;Matki Pokoju&#8221; Matka Pokoju, rok XXVII nr 1(103) Matka Pokoju, rok XXVI nr 2(100) Zam\u00f3w prenumerat\u0119","og_url":"https:\/\/www.lichen.pl\/es\/matka-pokoju\/","og_site_name":"SANKTUARIUM W LICHENIU","article_modified_time":"2024-02-29T11:40:39+00:00","og_image":[{"url":"https:\/\/www.lichen.pl\/wp-content\/uploads\/2024\/02\/MP-1-2024-okladka-768x1089.jpg","type":"","width":"","height":""}],"twitter_card":"summary_large_image","twitter_misc":{"Tiempo de lectura":"1 minuto"},"schema":{"@context":"https:\/\/schema.org","@graph":[{"@type":"WebPage","@id":"https:\/\/www.lichen.pl\/matka-pokoju\/","url":"https:\/\/www.lichen.pl\/matka-pokoju\/","name":"Matka Pokoju - SANKTUARIUM W LICHENIU","isPartOf":{"@id":"https:\/\/www.lichen.pl\/fr\/#website"},"primaryImageOfPage":{"@id":"https:\/\/www.lichen.pl\/matka-pokoju\/#primaryimage"},"image":{"@id":"https:\/\/www.lichen.pl\/matka-pokoju\/#primaryimage"},"thumbnailUrl":"https:\/\/www.lichen.pl\/wp-content\/uploads\/2024\/02\/MP-1-2024-okladka-768x1089.jpg","datePublished":"2023-03-29T11:41:58+00:00","dateModified":"2024-02-29T11:40:39+00:00","breadcrumb":{"@id":"https:\/\/www.lichen.pl\/matka-pokoju\/#breadcrumb"},"inLanguage":"es","potentialAction":[{"@type":"ReadAction","target":["https:\/\/www.lichen.pl\/matka-pokoju\/"]}]},{"@type":"ImageObject","inLanguage":"es","@id":"https:\/\/www.lichen.pl\/matka-pokoju\/#primaryimage","url":"https:\/\/www.lichen.pl\/wp-content\/uploads\/2024\/02\/MP-1-2024-okladka-768x1089.jpg","contentUrl":"https:\/\/www.lichen.pl\/wp-content\/uploads\/2024\/02\/MP-1-2024-okladka-768x1089.jpg"},{"@type":"BreadcrumbList","@id":"https:\/\/www.lichen.pl\/matka-pokoju\/#breadcrumb","itemListElement":[{"@type":"ListItem","position":1,"name":"Strona g\u0142\u00f3wna","item":"https:\/\/www.lichen.pl\/"},{"@type":"ListItem","position":2,"name":"Matka Pokoju"}]},{"@type":"WebSite","@id":"https:\/\/www.lichen.pl\/fr\/#website","url":"https:\/\/www.lichen.pl\/fr\/","name":"SANTUARIO EN LICHENIA","description":"LA DOLOROSA REINA DE POLONIA DE NUESTRO LICHEN","potentialAction":[{"@type":"SearchAction","target":{"@type":"EntryPoint","urlTemplate":"https:\/\/www.lichen.pl\/fr\/?s={search_term_string}"},"query-input":{"@type":"PropertyValueSpecification","valueRequired":true,"valueName":"search_term_string"}}],"inLanguage":"es"}]}},"_links":{"self":[{"href":"https:\/\/www.lichen.pl\/es\/wp-json\/wp\/v2\/pages\/51551","targetHints":{"allow":["GET"]}}],"collection":[{"href":"https:\/\/www.lichen.pl\/es\/wp-json\/wp\/v2\/pages"}],"about":[{"href":"https:\/\/www.lichen.pl\/es\/wp-json\/wp\/v2\/types\/page"}],"author":[{"embeddable":true,"href":"https:\/\/www.lichen.pl\/es\/wp-json\/wp\/v2\/users\/2"}],"replies":[{"embeddable":true,"href":"https:\/\/www.lichen.pl\/es\/wp-json\/wp\/v2\/comments?post=51551"}],"version-history":[{"count":22,"href":"https:\/\/www.lichen.pl\/es\/wp-json\/wp\/v2\/pages\/51551\/revisions"}],"predecessor-version":[{"id":65245,"href":"https:\/\/www.lichen.pl\/es\/wp-json\/wp\/v2\/pages\/51551\/revisions\/65245"}],"wp:attachment":[{"href":"https:\/\/www.lichen.pl\/es\/wp-json\/wp\/v2\/media?parent=51551"}],"curies":[{"name":"wp","href":"https:\/\/api.w.org\/{rel}","templated":true}]}}