{"id":54925,"date":"2023-07-05T13:20:01","date_gmt":"2023-07-05T11:20:01","guid":{"rendered":"https:\/\/www.lichen.pl\/?page_id=54925"},"modified":"2023-07-05T13:20:01","modified_gmt":"2023-07-05T11:20:01","slug":"pielgrzym-lichenski-jesien-zima-2018","status":"publish","type":"page","link":"https:\/\/www.lichen.pl\/es\/pielgrzym-lichenski-jesien-zima-2018\/","title":{"rendered":"Pielgrzym liche\u0144ski jesie\u0144-zima 2018"},"content":{"rendered":"<div class=\"_df_book df-container df-loading\" id=\"df_54923\"  data-title=\"pielgrzym-lichenski-jesien-zima-2018\" _slug=\"pielgrzym-lichenski-jesien-zima-2018\" wpoptions=\"true\" thumbtype=\"bg\" ><\/div><script class=\"df-shortcode-script\" type=\"application\/javascript\">window.option_df_54923 = {\"outline\":[],\"forceFit\":\"true\",\"autoEnableOutline\":\"false\",\"autoEnableThumbnail\":\"false\",\"overwritePDFOutline\":\"false\",\"direction\":\"1\",\"pageSize\":\"0\",\"source\":\"https:\\\/\\\/www.lichen.pl\\\/wp-content\\\/uploads\\\/2023\\\/07\\\/PIELGRZYM-2018-28.pdf\",\"wpOptions\":\"true\"}; if(window.DFLIP && window.DFLIP.parseBooks){window.DFLIP.parseBooks();}<\/script>","protected":false},"excerpt":{"rendered":"","protected":false},"author":2,"featured_media":0,"parent":0,"menu_order":0,"comment_status":"closed","ping_status":"closed","template":"","meta":{"footnotes":""},"class_list":["post-54925","page","type-page","status-publish","hentry","wpbf-post"],"yoast_head":"<!-- This site is optimized with the Yoast SEO plugin v27.4 - https:\/\/yoast.com\/product\/yoast-seo-wordpress\/ -->\n<title>Pielgrzym liche\u0144ski jesie\u0144-zima 2018 - SANKTUARIUM W LICHENIU<\/title>\n<meta name=\"robots\" content=\"index, follow, max-snippet:-1, max-image-preview:large, max-video-preview:-1\" \/>\n<link rel=\"canonical\" href=\"https:\/\/www.lichen.pl\/es\/pielgrzym-lichenski-jesien-zima-2018\/\" \/>\n<meta property=\"og:locale\" content=\"es_ES\" \/>\n<meta property=\"og:type\" content=\"article\" \/>\n<meta property=\"og:title\" content=\"Pielgrzym liche\u0144ski jesie\u0144-zima 2018 - SANKTUARIUM W LICHENIU\" \/>\n<meta property=\"og:url\" content=\"https:\/\/www.lichen.pl\/es\/pielgrzym-lichenski-jesien-zima-2018\/\" \/>\n<meta property=\"og:site_name\" content=\"SANKTUARIUM W LICHENIU\" \/>\n<meta name=\"twitter:card\" content=\"summary_large_image\" \/>\n<script type=\"application\/ld+json\" class=\"yoast-schema-graph\">{\"@context\":\"https:\\\/\\\/schema.org\",\"@graph\":[{\"@type\":\"WebPage\",\"@id\":\"https:\\\/\\\/www.lichen.pl\\\/pielgrzym-lichenski-jesien-zima-2018\\\/\",\"url\":\"https:\\\/\\\/www.lichen.pl\\\/pielgrzym-lichenski-jesien-zima-2018\\\/\",\"name\":\"Pielgrzym liche\u0144ski jesie\u0144-zima 2018 - SANKTUARIUM W LICHENIU\",\"isPartOf\":{\"@id\":\"https:\\\/\\\/www.lichen.pl\\\/fr\\\/#website\"},\"datePublished\":\"2023-07-05T11:20:01+00:00\",\"breadcrumb\":{\"@id\":\"https:\\\/\\\/www.lichen.pl\\\/pielgrzym-lichenski-jesien-zima-2018\\\/#breadcrumb\"},\"inLanguage\":\"es\",\"potentialAction\":[{\"@type\":\"ReadAction\",\"target\":[\"https:\\\/\\\/www.lichen.pl\\\/pielgrzym-lichenski-jesien-zima-2018\\\/\"]}]},{\"@type\":\"BreadcrumbList\",\"@id\":\"https:\\\/\\\/www.lichen.pl\\\/pielgrzym-lichenski-jesien-zima-2018\\\/#breadcrumb\",\"itemListElement\":[{\"@type\":\"ListItem\",\"position\":1,\"name\":\"Strona g\u0142\u00f3wna\",\"item\":\"https:\\\/\\\/www.lichen.pl\\\/\"},{\"@type\":\"ListItem\",\"position\":2,\"name\":\"Pielgrzym liche\u0144ski jesie\u0144-zima 2018\"}]},{\"@type\":\"WebSite\",\"@id\":\"https:\\\/\\\/www.lichen.pl\\\/fr\\\/#website\",\"url\":\"https:\\\/\\\/www.lichen.pl\\\/fr\\\/\",\"name\":\"SANKTUARIUM W LICHENIU\",\"description\":\"MATKI BO\u017bEJ LICHE\u0143SKIEJ BOLESNEJ KR\u00d3LOWEJ POLSKI\",\"potentialAction\":[{\"@type\":\"SearchAction\",\"target\":{\"@type\":\"EntryPoint\",\"urlTemplate\":\"https:\\\/\\\/www.lichen.pl\\\/fr\\\/?s={search_term_string}\"},\"query-input\":{\"@type\":\"PropertyValueSpecification\",\"valueRequired\":true,\"valueName\":\"search_term_string\"}}],\"inLanguage\":\"es\"}]}<\/script>\n<!-- \/ Yoast SEO plugin. -->","yoast_head_json":{"title":"Pielgrzym liche\u0144ski jesie\u0144-zima 2018 - SANKTUARIUM W LICHENIU","robots":{"index":"index","follow":"follow","max-snippet":"max-snippet:-1","max-image-preview":"max-image-preview:large","max-video-preview":"max-video-preview:-1"},"canonical":"https:\/\/www.lichen.pl\/es\/pielgrzym-lichenski-jesien-zima-2018\/","og_locale":"es_ES","og_type":"article","og_title":"Pielgrzym liche\u0144ski jesie\u0144-zima 2018 - SANKTUARIUM W LICHENIU","og_url":"https:\/\/www.lichen.pl\/es\/pielgrzym-lichenski-jesien-zima-2018\/","og_site_name":"SANKTUARIUM W LICHENIU","twitter_card":"summary_large_image","schema":{"@context":"https:\/\/schema.org","@graph":[{"@type":"WebPage","@id":"https:\/\/www.lichen.pl\/pielgrzym-lichenski-jesien-zima-2018\/","url":"https:\/\/www.lichen.pl\/pielgrzym-lichenski-jesien-zima-2018\/","name":"Pielgrzym liche\u0144ski jesie\u0144-zima 2018 - SANKTUARIUM W LICHENIU","isPartOf":{"@id":"https:\/\/www.lichen.pl\/fr\/#website"},"datePublished":"2023-07-05T11:20:01+00:00","breadcrumb":{"@id":"https:\/\/www.lichen.pl\/pielgrzym-lichenski-jesien-zima-2018\/#breadcrumb"},"inLanguage":"es","potentialAction":[{"@type":"ReadAction","target":["https:\/\/www.lichen.pl\/pielgrzym-lichenski-jesien-zima-2018\/"]}]},{"@type":"BreadcrumbList","@id":"https:\/\/www.lichen.pl\/pielgrzym-lichenski-jesien-zima-2018\/#breadcrumb","itemListElement":[{"@type":"ListItem","position":1,"name":"Strona g\u0142\u00f3wna","item":"https:\/\/www.lichen.pl\/"},{"@type":"ListItem","position":2,"name":"Pielgrzym liche\u0144ski jesie\u0144-zima 2018"}]},{"@type":"WebSite","@id":"https:\/\/www.lichen.pl\/fr\/#website","url":"https:\/\/www.lichen.pl\/fr\/","name":"SANTUARIO EN LICHENIA","description":"LA DOLOROSA REINA DE POLONIA DE NUESTRO LICHEN","potentialAction":[{"@type":"SearchAction","target":{"@type":"EntryPoint","urlTemplate":"https:\/\/www.lichen.pl\/fr\/?s={search_term_string}"},"query-input":{"@type":"PropertyValueSpecification","valueRequired":true,"valueName":"search_term_string"}}],"inLanguage":"es"}]}},"_links":{"self":[{"href":"https:\/\/www.lichen.pl\/es\/wp-json\/wp\/v2\/pages\/54925","targetHints":{"allow":["GET"]}}],"collection":[{"href":"https:\/\/www.lichen.pl\/es\/wp-json\/wp\/v2\/pages"}],"about":[{"href":"https:\/\/www.lichen.pl\/es\/wp-json\/wp\/v2\/types\/page"}],"author":[{"embeddable":true,"href":"https:\/\/www.lichen.pl\/es\/wp-json\/wp\/v2\/users\/2"}],"replies":[{"embeddable":true,"href":"https:\/\/www.lichen.pl\/es\/wp-json\/wp\/v2\/comments?post=54925"}],"version-history":[{"count":1,"href":"https:\/\/www.lichen.pl\/es\/wp-json\/wp\/v2\/pages\/54925\/revisions"}],"predecessor-version":[{"id":54926,"href":"https:\/\/www.lichen.pl\/es\/wp-json\/wp\/v2\/pages\/54925\/revisions\/54926"}],"wp:attachment":[{"href":"https:\/\/www.lichen.pl\/es\/wp-json\/wp\/v2\/media?parent=54925"}],"curies":[{"name":"wp","href":"https:\/\/api.w.org\/{rel}","templated":true}]}}