{"id":7388,"date":"2021-04-09T10:52:42","date_gmt":"2021-04-09T10:52:42","guid":{"rendered":"http:\/\/www.lichen.pl\/rekolekcje-przygotowujace-do-spowiedzi-generalnej-copy\/"},"modified":"2026-03-10T13:25:03","modified_gmt":"2026-03-10T12:25:03","slug":"rekolekcje-eucharystia","status":"publish","type":"page","link":"https:\/\/www.lichen.pl\/es\/rekolekcje-eucharystia\/","title":{"rendered":"Rekolekcje &#8220;Eucharystia &#8211; studnia bez dna i przepis na \u017cycie&#8221; cz\u0119\u015b\u0107 I"},"content":{"rendered":"<div data-elementor-type=\"wp-page\" data-elementor-id=\"7388\" class=\"elementor elementor-7388\" data-elementor-post-type=\"page\">\n\t\t\t\t\t\t<section class=\"elementor-section elementor-top-section elementor-element elementor-element-fa6006f elementor-section-boxed elementor-section-height-default elementor-section-height-default\" data-id=\"fa6006f\" data-element_type=\"section\" data-e-type=\"section\">\n\t\t\t\t\t\t<div class=\"elementor-container elementor-column-gap-default\">\n\t\t\t\t\t<div class=\"elementor-column elementor-col-100 elementor-top-column elementor-element elementor-element-3a72eb0\" data-id=\"3a72eb0\" data-element_type=\"column\" data-e-type=\"column\">\n\t\t\t<div class=\"elementor-widget-wrap elementor-element-populated\">\n\t\t\t\t\t\t<div class=\"elementor-element elementor-element-b0044ff elementor-widget-divider--view-line_text elementor-widget-divider--element-align-center elementor-widget elementor-widget-divider\" data-id=\"b0044ff\" data-element_type=\"widget\" data-e-type=\"widget\" data-widget_type=\"divider.default\">\n\t\t\t\t<div class=\"elementor-widget-container\">\n\t\t\t\t\t\t\t<div class=\"elementor-divider\">\n\t\t\t<span class=\"elementor-divider-separator\">\n\t\t\t\t\t\t\t<span class=\"elementor-divider__text elementor-divider__element\">\n\t\t\t\tREKOLEKCJE \"EUCHARYSTIA, STUDNIA BEZ DNA I PRZEPIS NA \u017bYCIE\" CZ\u0118\u015a\u0106 I\t\t\t\t<\/span>\n\t\t\t\t\t\t<\/span>\n\t\t<\/div>\n\t\t\t\t\t\t<\/div>\n\t\t\t\t<\/div>\n\t\t\t\t<div class=\"elementor-element elementor-element-7dbac0b elementor-blockquote--skin-boxed elementor-blockquote--align-left elementor-widget elementor-widget-blockquote\" data-id=\"7dbac0b\" data-element_type=\"widget\" data-e-type=\"widget\" data-widget_type=\"blockquote.default\">\n\t\t\t\t<div class=\"elementor-widget-container\">\n\t\t\t\t\t\t\t<blockquote class=\"elementor-blockquote\">\n\t\t\t<p class=\"elementor-blockquote__content\">\n\t\t\t\tY mientras com\u00edan, Jes\u00fas tom\u00f3 el pan, dijo la oraci\u00f3n de alabanza, lo parti\u00f3 y se lo dio a los disc\u00edpulos, diciendo: \u201cTomad y comed. Este es mi cuerpo. Luego tom\u00f3 la copa, dijo una oraci\u00f3n de acci\u00f3n de gracias y dijo: \u201cBebed de ella todos. Porque esto es mi sangre del pacto que ser\u00e1 derramada por muchos para remisi\u00f3n de los pecados. Y os digo que de ahora en adelante ya no beber\u00e9 m\u00e1s la bebida del fruto de la vid hasta el d\u00eda en que la beba nueva con vosotros, en el reino de mi Padre&quot;. Y despu\u00e9s de cantar un himno, salieron al Monte de los Olivos.  \n\t\t\t<\/p>\n\t\t\t\t\t\t\t<div class=\"e-q-footer\">\n\t\t\t\t\t\t\t\t\t\t\t<cite class=\"elementor-blockquote__author\">Mt 26, 26-30<\/cite>\n\t\t\t\t\t\t\t\t\t\t\t\t\t\t<\/div>\n\t\t\t\t\t<\/blockquote>\n\t\t\t\t\t\t<\/div>\n\t\t\t\t<\/div>\n\t\t\t\t<div class=\"elementor-element elementor-element-b9e3a13 elementor-widget elementor-widget-text-editor\" data-id=\"b9e3a13\" data-element_type=\"widget\" data-e-type=\"widget\" data-widget_type=\"text-editor.default\">\n\t\t\t\t<div class=\"elementor-widget-container\">\n\t\t\t\t\t\t\t\t\t<ul><li>Rezygnujesz cz\u0119sto z Mszy \u015awi\u0119tej nie widz\u0105c sensu uczestniczenia w niej?<\/li><li>Przychodzisz na Eucharysti\u0119 tylko po to, aby wype\u0142ni\u0107 niedzielny obowi\u0105zek?<\/li><li>Jeste\u015b pogubiony w meandrach codzienno\u015bci i borykasz si\u0119 z problemami, kt\u00f3rych nie potrafisz uporz\u0105dkowa\u0107?<\/li><\/ul><p>A mo\u017ce Msza jest dla Ciebie wa\u017cnym wydarzeniem, ale chcia\u0142by\u015b pog\u0142\u0119bi\u0107 jej rozumienie i wydoby\u0107 tre\u015bci przydatne w codziennym \u017cyciu?<\/p><p>Ofiara Jezusa Chrystusa sk\u0142adana na wielu o\u0142tarzach, w\u0142a\u015bciwie rozumiana i prze\u017cywana stanowi swoist\u0105 studni\u0119, z kt\u00f3rej tryska \u017ar\u00f3d\u0142o wody \u017cywej zaspokajaj\u0105ce wiele ludzkich pragnie\u0144. Uczestniczenie w niej sercem rzuca \u015bwiat\u0142o na codzienne \u017cycie i pomaga podejmowa\u0107 w\u0142a\u015bciwe wybory. Pozw\u00f3l wprowadzi\u0107 si\u0119 w tajemnic\u0119 wiary tak wa\u017cn\u0105 dla Ciebie i ka\u017cdego cz\u0142owieka.<\/p><p><span style=\"color: #000000;\">El retiro est\u00e1 dirigido a personas que quieran profundizar en su relaci\u00f3n con Dios. Dispuestos a conocer de nuevo el valor de la Eucarist\u00eda ya comprender bien el orden seg\u00fan el cual se celebra la Santa Misa.<\/span><\/p><p><span style=\"color: #000000; font-family: var( --e-global-typography-text-font-family ), montserrat;\">Rekolekcje prowadzi ks. S\u0142awomir Homoncik MIC.<\/span><\/p>\t\t\t\t\t\t\t\t<\/div>\n\t\t\t\t<\/div>\n\t\t\t\t<section class=\"elementor-section elementor-inner-section elementor-element elementor-element-2bf3874 elementor-section-boxed elementor-section-height-default elementor-section-height-default\" data-id=\"2bf3874\" data-element_type=\"section\" data-e-type=\"section\">\n\t\t\t\t\t\t<div class=\"elementor-container elementor-column-gap-default\">\n\t\t\t\t\t<div class=\"elementor-column elementor-col-50 elementor-inner-column elementor-element elementor-element-2c1b676\" data-id=\"2c1b676\" data-element_type=\"column\" data-e-type=\"column\">\n\t\t\t<div class=\"elementor-widget-wrap elementor-element-populated\">\n\t\t\t\t\t\t<div class=\"elementor-element elementor-element-edb9ee1 elementor-widget elementor-widget-text-editor\" data-id=\"edb9ee1\" data-element_type=\"widget\" data-e-type=\"widget\" data-widget_type=\"text-editor.default\">\n\t\t\t\t<div class=\"elementor-widget-container\">\n\t\t\t\t\t\t\t\t\t<ul><li><span style=\"color: #000000;\">ofiara: <strong>od<\/strong> <strong>350 z\u0142 do 450 z\u0142<\/strong> od osoby w zale\u017cno\u015bci od rodzaju pokoju (w tym nocleg i wy\u017cywienie), z\u0142o\u017cona podczas rekolekcji\/po przyje\u017adzie<\/span><\/li><li><span style=\"color: #000000;\">el n\u00famero de plazas es limitado<\/span><\/li><li><span style=\"color: #000000;\">el orden de las aplicaciones decide<\/span><\/li><\/ul>\t\t\t\t\t\t\t\t<\/div>\n\t\t\t\t<\/div>\n\t\t\t\t\t<\/div>\n\t\t<\/div>\n\t\t\t\t<div class=\"elementor-column elementor-col-50 elementor-inner-column elementor-element elementor-element-6897f49\" data-id=\"6897f49\" data-element_type=\"column\" data-e-type=\"column\">\n\t\t\t<div class=\"elementor-widget-wrap elementor-element-populated\">\n\t\t\t\t\t\t<div class=\"elementor-element elementor-element-b5f994a elementor-widget elementor-widget-text-editor\" data-id=\"b5f994a\" data-element_type=\"widget\" data-e-type=\"widget\" data-widget_type=\"text-editor.default\">\n\t\t\t\t<div class=\"elementor-widget-container\">\n\t\t\t\t\t\t\t\t\t<p style=\"text-align: center;\"><strong><span style=\"color: #800000;\">Inscripci\u00f3n para el retiro:<\/span><\/strong><\/p><ul><li><span style=\"color: #000000;\"><strong>personalmente<\/strong>, en la Oficina de Atenci\u00f3n al Peregrino<\/span><\/li><li><span style=\"color: #000000;\"><strong>por telefono<\/strong> (+48) 63 270 81 42, (+48) 63 270 81 63<\/span><\/li><li><span style=\"color: #000000;\"><strong>Email:<\/strong> lichen@lichen.pl<\/span><\/li><\/ul>\t\t\t\t\t\t\t\t<\/div>\n\t\t\t\t<\/div>\n\t\t\t\t\t<\/div>\n\t\t<\/div>\n\t\t\t\t\t<\/div>\n\t\t<\/section>\n\t\t\t\t<section class=\"elementor-section elementor-inner-section elementor-element elementor-element-81654a7 elementor-section-boxed elementor-section-height-default elementor-section-height-default\" data-id=\"81654a7\" data-element_type=\"section\" data-e-type=\"section\">\n\t\t\t\t\t\t<div class=\"elementor-container elementor-column-gap-default\">\n\t\t\t\t\t<div class=\"elementor-column elementor-col-50 elementor-inner-column elementor-element elementor-element-b5ed421\" data-id=\"b5ed421\" data-element_type=\"column\" data-e-type=\"column\">\n\t\t\t<div class=\"elementor-widget-wrap elementor-element-populated\">\n\t\t\t\t\t\t<div class=\"elementor-element elementor-element-20cd58a elementor-view-default elementor-widget elementor-widget-icon\" data-id=\"20cd58a\" data-element_type=\"widget\" data-e-type=\"widget\" data-widget_type=\"icon.default\">\n\t\t\t\t<div class=\"elementor-widget-container\">\n\t\t\t\t\t\t\t<div class=\"elementor-icon-wrapper\">\n\t\t\t<a class=\"elementor-icon\" href=\"https:\/\/www.lichen.pl\/es\/rekolekcje-rok-2026\/\" target=\"_blank\">\n\t\t\t<i aria-hidden=\"true\" class=\"far fa-calendar-check\"><\/i>\t\t\t<\/a>\n\t\t<\/div>\n\t\t\t\t\t\t<\/div>\n\t\t\t\t<\/div>\n\t\t\t\t\t<\/div>\n\t\t<\/div>\n\t\t\t\t<div class=\"elementor-column elementor-col-50 elementor-inner-column elementor-element elementor-element-ec64b77\" data-id=\"ec64b77\" data-element_type=\"column\" data-e-type=\"column\">\n\t\t\t<div class=\"elementor-widget-wrap elementor-element-populated\">\n\t\t\t\t\t\t<div class=\"elementor-element elementor-element-641a953 elementor-widget elementor-widget-text-editor\" data-id=\"641a953\" data-element_type=\"widget\" data-e-type=\"widget\" data-widget_type=\"text-editor.default\">\n\t\t\t\t<div class=\"elementor-widget-container\">\n\t\t\t\t\t\t\t\t\t<p style=\"text-align: left;\"><span style=\"color: #000080;\">Przejd\u017a do kalendarza rekolekcji 2026 r.<\/span><\/p>\t\t\t\t\t\t\t\t<\/div>\n\t\t\t\t<\/div>\n\t\t\t\t<div class=\"elementor-element elementor-element-0511655 elementor-widget-divider--view-line elementor-widget elementor-widget-divider\" data-id=\"0511655\" data-element_type=\"widget\" data-e-type=\"widget\" data-widget_type=\"divider.default\">\n\t\t\t\t<div class=\"elementor-widget-container\">\n\t\t\t\t\t\t\t<div class=\"elementor-divider\">\n\t\t\t<span class=\"elementor-divider-separator\">\n\t\t\t\t\t\t<\/span>\n\t\t<\/div>\n\t\t\t\t\t\t<\/div>\n\t\t\t\t<\/div>\n\t\t\t\t\t<\/div>\n\t\t<\/div>\n\t\t\t\t\t<\/div>\n\t\t<\/section>\n\t\t\t\t\t<\/div>\n\t\t<\/div>\n\t\t\t\t\t<\/div>\n\t\t<\/section>\n\t\t\t\t<\/div>","protected":false},"excerpt":{"rendered":"<p>REKOLEKCJE &#8220;EUCHARYSTIA, STUDNIA BEZ DNA I PRZEPIS NA \u017bYCIE&#8221; CZ\u0118\u015a\u0106 I A gdy jedli, Jezus wzi\u0105\u0142 chleb, odm\u00f3wi\u0142 modlitw\u0119 uwielbienia, po\u0142ama\u0142 i da\u0142 uczniom, m\u00f3wi\u0105c: \u201eBierzcie i jedzcie. To jest cia\u0142o moje\u201d. Nast\u0119pnie wzi\u0105\u0142 kielich, odm\u00f3wi\u0142 modlitw\u0119 dzi\u0119kczynn\u0105 i powiedzia\u0142: \u201ePijcie z niego wszyscy. To jest bowiem moja krew przymierza, kt\u00f3ra za wielu b\u0119dzie wylewana [&hellip;]<\/p>\n","protected":false},"author":2,"featured_media":0,"parent":0,"menu_order":0,"comment_status":"closed","ping_status":"closed","template":"elementor_header_footer","meta":{"footnotes":""},"class_list":["post-7388","page","type-page","status-publish","hentry","wpbf-post"],"yoast_head":"<!-- This site is optimized with the Yoast SEO plugin v27.4 - https:\/\/yoast.com\/product\/yoast-seo-wordpress\/ -->\n<title>Rekolekcje &quot;Eucharystia - studnia bez dna i przepis na \u017cycie&quot; cz\u0119\u015b\u0107 I - SANKTUARIUM W LICHENIU<\/title>\n<meta name=\"robots\" content=\"index, follow, max-snippet:-1, max-image-preview:large, max-video-preview:-1\" \/>\n<link rel=\"canonical\" href=\"https:\/\/www.lichen.pl\/es\/rekolekcje-eucharystia\/\" \/>\n<meta property=\"og:locale\" content=\"es_ES\" \/>\n<meta property=\"og:type\" content=\"article\" \/>\n<meta property=\"og:title\" content=\"Rekolekcje &quot;Eucharystia - studnia bez dna i przepis na \u017cycie&quot; cz\u0119\u015b\u0107 I - SANKTUARIUM W LICHENIU\" \/>\n<meta property=\"og:description\" content=\"REKOLEKCJE &#8220;EUCHARYSTIA, STUDNIA BEZ DNA I PRZEPIS NA \u017bYCIE&#8221; CZ\u0118\u015a\u0106 I A gdy jedli, Jezus wzi\u0105\u0142 chleb, odm\u00f3wi\u0142 modlitw\u0119 uwielbienia, po\u0142ama\u0142 i da\u0142 uczniom, m\u00f3wi\u0105c: \u201eBierzcie i jedzcie. To jest cia\u0142o moje\u201d. Nast\u0119pnie wzi\u0105\u0142 kielich, odm\u00f3wi\u0142 modlitw\u0119 dzi\u0119kczynn\u0105 i powiedzia\u0142: \u201ePijcie z niego wszyscy. To jest bowiem moja krew przymierza, kt\u00f3ra za wielu b\u0119dzie wylewana [&hellip;]\" \/>\n<meta property=\"og:url\" content=\"https:\/\/www.lichen.pl\/es\/rekolekcje-eucharystia\/\" \/>\n<meta property=\"og:site_name\" content=\"SANKTUARIUM W LICHENIU\" \/>\n<meta property=\"article:modified_time\" content=\"2026-03-10T12:25:03+00:00\" \/>\n<meta name=\"twitter:card\" content=\"summary_large_image\" \/>\n<meta name=\"twitter:label1\" content=\"Tiempo de lectura\" \/>\n\t<meta name=\"twitter:data1\" content=\"2 minutos\" \/>\n<script type=\"application\/ld+json\" class=\"yoast-schema-graph\">{\"@context\":\"https:\\\/\\\/schema.org\",\"@graph\":[{\"@type\":\"WebPage\",\"@id\":\"https:\\\/\\\/www.lichen.pl\\\/rekolekcje-eucharystia\\\/\",\"url\":\"https:\\\/\\\/www.lichen.pl\\\/rekolekcje-eucharystia\\\/\",\"name\":\"Rekolekcje \\\"Eucharystia - studnia bez dna i przepis na \u017cycie\\\" cz\u0119\u015b\u0107 I - SANKTUARIUM W LICHENIU\",\"isPartOf\":{\"@id\":\"https:\\\/\\\/www.lichen.pl\\\/fr\\\/#website\"},\"datePublished\":\"2021-04-09T10:52:42+00:00\",\"dateModified\":\"2026-03-10T12:25:03+00:00\",\"breadcrumb\":{\"@id\":\"https:\\\/\\\/www.lichen.pl\\\/rekolekcje-eucharystia\\\/#breadcrumb\"},\"inLanguage\":\"es\",\"potentialAction\":[{\"@type\":\"ReadAction\",\"target\":[\"https:\\\/\\\/www.lichen.pl\\\/rekolekcje-eucharystia\\\/\"]}]},{\"@type\":\"BreadcrumbList\",\"@id\":\"https:\\\/\\\/www.lichen.pl\\\/rekolekcje-eucharystia\\\/#breadcrumb\",\"itemListElement\":[{\"@type\":\"ListItem\",\"position\":1,\"name\":\"Strona g\u0142\u00f3wna\",\"item\":\"https:\\\/\\\/www.lichen.pl\\\/\"},{\"@type\":\"ListItem\",\"position\":2,\"name\":\"Rekolekcje &#8220;Eucharystia &#8211; studnia bez dna i przepis na \u017cycie&#8221; cz\u0119\u015b\u0107 I\"}]},{\"@type\":\"WebSite\",\"@id\":\"https:\\\/\\\/www.lichen.pl\\\/fr\\\/#website\",\"url\":\"https:\\\/\\\/www.lichen.pl\\\/fr\\\/\",\"name\":\"SANKTUARIUM W LICHENIU\",\"description\":\"MATKI BO\u017bEJ LICHE\u0143SKIEJ BOLESNEJ KR\u00d3LOWEJ POLSKI\",\"potentialAction\":[{\"@type\":\"SearchAction\",\"target\":{\"@type\":\"EntryPoint\",\"urlTemplate\":\"https:\\\/\\\/www.lichen.pl\\\/fr\\\/?s={search_term_string}\"},\"query-input\":{\"@type\":\"PropertyValueSpecification\",\"valueRequired\":true,\"valueName\":\"search_term_string\"}}],\"inLanguage\":\"es\"}]}<\/script>\n<!-- \/ Yoast SEO plugin. -->","yoast_head_json":{"title":"Rekolekcje \"Eucharystia - studnia bez dna i przepis na \u017cycie\" cz\u0119\u015b\u0107 I - SANKTUARIUM W LICHENIU","robots":{"index":"index","follow":"follow","max-snippet":"max-snippet:-1","max-image-preview":"max-image-preview:large","max-video-preview":"max-video-preview:-1"},"canonical":"https:\/\/www.lichen.pl\/es\/rekolekcje-eucharystia\/","og_locale":"es_ES","og_type":"article","og_title":"Rekolekcje \"Eucharystia - studnia bez dna i przepis na \u017cycie\" cz\u0119\u015b\u0107 I - SANKTUARIUM W LICHENIU","og_description":"REKOLEKCJE &#8220;EUCHARYSTIA, STUDNIA BEZ DNA I PRZEPIS NA \u017bYCIE&#8221; CZ\u0118\u015a\u0106 I A gdy jedli, Jezus wzi\u0105\u0142 chleb, odm\u00f3wi\u0142 modlitw\u0119 uwielbienia, po\u0142ama\u0142 i da\u0142 uczniom, m\u00f3wi\u0105c: \u201eBierzcie i jedzcie. To jest cia\u0142o moje\u201d. Nast\u0119pnie wzi\u0105\u0142 kielich, odm\u00f3wi\u0142 modlitw\u0119 dzi\u0119kczynn\u0105 i powiedzia\u0142: \u201ePijcie z niego wszyscy. To jest bowiem moja krew przymierza, kt\u00f3ra za wielu b\u0119dzie wylewana [&hellip;]","og_url":"https:\/\/www.lichen.pl\/es\/rekolekcje-eucharystia\/","og_site_name":"SANKTUARIUM W LICHENIU","article_modified_time":"2026-03-10T12:25:03+00:00","twitter_card":"summary_large_image","twitter_misc":{"Tiempo de lectura":"2 minutos"},"schema":{"@context":"https:\/\/schema.org","@graph":[{"@type":"WebPage","@id":"https:\/\/www.lichen.pl\/rekolekcje-eucharystia\/","url":"https:\/\/www.lichen.pl\/rekolekcje-eucharystia\/","name":"Rekolekcje \"Eucharystia - studnia bez dna i przepis na \u017cycie\" cz\u0119\u015b\u0107 I - SANKTUARIUM W LICHENIU","isPartOf":{"@id":"https:\/\/www.lichen.pl\/fr\/#website"},"datePublished":"2021-04-09T10:52:42+00:00","dateModified":"2026-03-10T12:25:03+00:00","breadcrumb":{"@id":"https:\/\/www.lichen.pl\/rekolekcje-eucharystia\/#breadcrumb"},"inLanguage":"es","potentialAction":[{"@type":"ReadAction","target":["https:\/\/www.lichen.pl\/rekolekcje-eucharystia\/"]}]},{"@type":"BreadcrumbList","@id":"https:\/\/www.lichen.pl\/rekolekcje-eucharystia\/#breadcrumb","itemListElement":[{"@type":"ListItem","position":1,"name":"Strona g\u0142\u00f3wna","item":"https:\/\/www.lichen.pl\/"},{"@type":"ListItem","position":2,"name":"Rekolekcje &#8220;Eucharystia &#8211; studnia bez dna i przepis na \u017cycie&#8221; cz\u0119\u015b\u0107 I"}]},{"@type":"WebSite","@id":"https:\/\/www.lichen.pl\/fr\/#website","url":"https:\/\/www.lichen.pl\/fr\/","name":"SANTUARIO EN LICHENIA","description":"LA DOLOROSA REINA DE POLONIA DE NUESTRO LICHEN","potentialAction":[{"@type":"SearchAction","target":{"@type":"EntryPoint","urlTemplate":"https:\/\/www.lichen.pl\/fr\/?s={search_term_string}"},"query-input":{"@type":"PropertyValueSpecification","valueRequired":true,"valueName":"search_term_string"}}],"inLanguage":"es"}]}},"_links":{"self":[{"href":"https:\/\/www.lichen.pl\/es\/wp-json\/wp\/v2\/pages\/7388","targetHints":{"allow":["GET"]}}],"collection":[{"href":"https:\/\/www.lichen.pl\/es\/wp-json\/wp\/v2\/pages"}],"about":[{"href":"https:\/\/www.lichen.pl\/es\/wp-json\/wp\/v2\/types\/page"}],"author":[{"embeddable":true,"href":"https:\/\/www.lichen.pl\/es\/wp-json\/wp\/v2\/users\/2"}],"replies":[{"embeddable":true,"href":"https:\/\/www.lichen.pl\/es\/wp-json\/wp\/v2\/comments?post=7388"}],"version-history":[{"count":112,"href":"https:\/\/www.lichen.pl\/es\/wp-json\/wp\/v2\/pages\/7388\/revisions"}],"predecessor-version":[{"id":97838,"href":"https:\/\/www.lichen.pl\/es\/wp-json\/wp\/v2\/pages\/7388\/revisions\/97838"}],"wp:attachment":[{"href":"https:\/\/www.lichen.pl\/es\/wp-json\/wp\/v2\/media?parent=7388"}],"curies":[{"name":"wp","href":"https:\/\/api.w.org\/{rel}","templated":true}]}}