{"id":8039,"date":"2021-04-30T13:06:46","date_gmt":"2021-04-30T13:06:46","guid":{"rendered":"http:\/\/www.lichen.pl\/rekolekcje-szkola-jozefa-copy\/"},"modified":"2023-11-12T21:53:23","modified_gmt":"2023-11-12T20:53:23","slug":"rekolekcje-zacheusz","status":"publish","type":"page","link":"https:\/\/www.lichen.pl\/es\/rekolekcje-zacheusz\/","title":{"rendered":"Rekolekcje &#8220;Zacheusz &#8211; chc\u0119 ujrze\u0107 Jezusa&#8221;"},"content":{"rendered":"<div data-elementor-type=\"wp-page\" data-elementor-id=\"8039\" class=\"elementor elementor-8039\" data-elementor-post-type=\"page\">\n\t\t\t\t\t\t<section class=\"elementor-section elementor-top-section elementor-element elementor-element-ba99d19 elementor-section-boxed elementor-section-height-default elementor-section-height-default\" data-id=\"ba99d19\" data-element_type=\"section\" data-e-type=\"section\">\n\t\t\t\t\t\t<div class=\"elementor-container elementor-column-gap-default\">\n\t\t\t\t\t<div class=\"elementor-column elementor-col-100 elementor-top-column elementor-element elementor-element-5213545\" data-id=\"5213545\" data-element_type=\"column\" data-e-type=\"column\">\n\t\t\t<div class=\"elementor-widget-wrap elementor-element-populated\">\n\t\t\t\t\t\t<div class=\"elementor-element elementor-element-b0044ff elementor-widget-divider--view-line_text elementor-widget-divider--element-align-center elementor-widget elementor-widget-divider\" data-id=\"b0044ff\" data-element_type=\"widget\" data-e-type=\"widget\" data-widget_type=\"divider.default\">\n\t\t\t\t<div class=\"elementor-widget-container\">\n\t\t\t\t\t\t\t<div class=\"elementor-divider\">\n\t\t\t<span class=\"elementor-divider-separator\">\n\t\t\t\t\t\t\t<span class=\"elementor-divider__text elementor-divider__element\">\n\t\t\t\tRekolekcje biblijne \"Zacheusz - chc\u0119 ujrze\u0107 Jezusa\"\t\t\t\t<\/span>\n\t\t\t\t\t\t<\/span>\n\t\t<\/div>\n\t\t\t\t\t\t<\/div>\n\t\t\t\t<\/div>\n\t\t\t\t<div class=\"elementor-element elementor-element-e868947 elementor-blockquote--skin-boxed elementor-widget elementor-widget-blockquote\" data-id=\"e868947\" data-element_type=\"widget\" data-e-type=\"widget\" data-widget_type=\"blockquote.default\">\n\t\t\t\t<div class=\"elementor-widget-container\">\n\t\t\t\t\t\t\t<blockquote class=\"elementor-blockquote\">\n\t\t\t<p class=\"elementor-blockquote__content\">\n\t\t\t\tY cuando Jes\u00fas lleg\u00f3 a ese lugar, lo vio y le dijo: Zaqueo, baja pronto, porque debo estar en tu casa hoy. As\u00ed que baj\u00f3 r\u00e1pidamente y lo recibi\u00f3 con alegr\u00eda.\t\t\t<\/p>\n\t\t\t\t\t\t\t<div class=\"e-q-footer\">\n\t\t\t\t\t\t\t\t\t\t\t<cite class=\"elementor-blockquote__author\">Lucas 19: 5-6<\/cite>\n\t\t\t\t\t\t\t\t\t\t\t\t\t\t<\/div>\n\t\t\t\t\t<\/blockquote>\n\t\t\t\t\t\t<\/div>\n\t\t\t\t<\/div>\n\t\t\t\t<div class=\"elementor-element elementor-element-b9e3a13 elementor-widget elementor-widget-text-editor\" data-id=\"b9e3a13\" data-element_type=\"widget\" data-e-type=\"widget\" data-widget_type=\"text-editor.default\">\n\t\t\t\t<div class=\"elementor-widget-container\">\n\t\t\t\t\t\t\t\t\t<p><span style=\"color: #000000;\">Jeric\u00f3 - geogr\u00e1ficamente la ciudad m\u00e1s baja del mundo. La ciudad donde vive Zaqueo. El gran deseo de Zaqueo era ver a Jes\u00fas, y como era peque\u00f1o tuvo que subirse a un sic\u00f3moro para hacerlo.<\/span><\/p><p><span style=\"color: #000000;\">Jes\u00fas entra en Jeric\u00f3, a este punto m\u00e1s bajo, no solo en un sentido geogr\u00e1fico. Jes\u00fas desciende a los lugares m\u00e1s bajos tambi\u00e9n en un sentido espiritual. En la misma ciudad, Jes\u00fas sana a un ciego, y luego saca a Zaqueo de las tinieblas y cura su coraz\u00f3n cerrado a la gente.<\/span><\/p><p><span style=\"color: #000000;\">Dzi\u015b na \u015bwiecie jest du\u017co miast pe\u0142nych ludzi, kt\u00f3rych serca choruj\u0105 podobnie jak serce Zacheusza. Nie brakuje ich tak\u017ce w naszych domach rodzinnych\u00a0 i wsp\u00f3lnotach. W ka\u017cdym z nas jest co\u015b z Zacheusza. Cierpimy z powodu odrzucenia za w\u0142asne z\u0142e czyny. Ka\u017cdego dnia z ut\u0119sknieniem wygl\u0105damy Kogo\u015b, kto spojrzy na nas z mi\u0142o\u015bci\u0105, uporz\u0105dkuje nasze pogmatwane \u017cycie i nada mu nowy sens. Tak jak Zacheusz potrzebujemy ocalenia z ciemno\u015bci\u00a0 i wyzwolenia od grzech\u00f3w, kt\u00f3re da\u0107 mo\u017ce tylko Jezus. Jedynie On potrafi zamieni\u0107 nasze rany w per\u0142y, ze \u015bmierci wydoby\u0107 do \u017cycia, nape\u0142ni\u0107 serca nadziej\u0105 oraz rozpali\u0107 mi\u0142o\u015b\u0107 tam, gdzie jej brak.<\/span><\/p><p><span style=\"color: #000000;\">Este retiro es una invitaci\u00f3n a encontrar a Jes\u00fas en una historia de vida personal desde la perspectiva de la historia de Zaqueo. Es una oportunidad de cumplir grandes anhelos a la luz de la Palabra de Dios en tu vida.<\/span><\/p><p><span style=\"color: #000000;\">Los retiros son conferencias y consideraciones basadas en los fragmentos indicados de las Sagradas Escrituras. Tambi\u00e9n es una oportunidad para la Eucarist\u00eda diaria, la adoraci\u00f3n del Sant\u00edsimo Sacramento y la oraci\u00f3n personal.<\/span><\/p><p><span style=\"color: #000000;\">Rekolekcje prowadzi ks. Jaros\u0142aw Hybza MIC.<\/span><\/p>\t\t\t\t\t\t\t\t<\/div>\n\t\t\t\t<\/div>\n\t\t\t\t<section class=\"elementor-section elementor-inner-section elementor-element elementor-element-ff98ee6 elementor-section-boxed elementor-section-height-default elementor-section-height-default\" data-id=\"ff98ee6\" data-element_type=\"section\" data-e-type=\"section\">\n\t\t\t\t\t\t<div class=\"elementor-container elementor-column-gap-default\">\n\t\t\t\t\t<div class=\"elementor-column elementor-col-50 elementor-inner-column elementor-element elementor-element-36ba179\" data-id=\"36ba179\" data-element_type=\"column\" data-e-type=\"column\">\n\t\t\t<div class=\"elementor-widget-wrap elementor-element-populated\">\n\t\t\t\t\t\t<div class=\"elementor-element elementor-element-edb9ee1 elementor-widget elementor-widget-text-editor\" data-id=\"edb9ee1\" data-element_type=\"widget\" data-e-type=\"widget\" data-widget_type=\"text-editor.default\">\n\t\t\t\t<div class=\"elementor-widget-container\">\n\t\t\t\t\t\t\t\t\t<ul><li><span style=\"color: #000000;\">costo: <strong>od 210 z\u0142 do 330 z\u0142<\/strong> por persona (incluido alojamiento y comidas), a pagar en efectivo en el momento del check-in<\/span><\/li><li><span style=\"color: #000000;\">el n\u00famero de plazas es limitado<\/span><\/li><li><span style=\"color: #000000;\">el orden de las aplicaciones decide<\/span><\/li><\/ul>\t\t\t\t\t\t\t\t<\/div>\n\t\t\t\t<\/div>\n\t\t\t\t\t<\/div>\n\t\t<\/div>\n\t\t\t\t<div class=\"elementor-column elementor-col-50 elementor-inner-column elementor-element elementor-element-28863e1\" data-id=\"28863e1\" data-element_type=\"column\" data-e-type=\"column\">\n\t\t\t<div class=\"elementor-widget-wrap elementor-element-populated\">\n\t\t\t\t\t\t<div class=\"elementor-element elementor-element-b5f994a elementor-widget elementor-widget-text-editor\" data-id=\"b5f994a\" data-element_type=\"widget\" data-e-type=\"widget\" data-widget_type=\"text-editor.default\">\n\t\t\t\t<div class=\"elementor-widget-container\">\n\t\t\t\t\t\t\t\t\t<p style=\"text-align: center;\"><strong><span style=\"color: #800000;\">Inscripci\u00f3n para el retiro:<\/span><\/strong><\/p><ul><li><span style=\"color: #000000;\"><strong>personalmente<\/strong>, en la Oficina de Atenci\u00f3n al Peregrino<\/span><\/li><li><span style=\"color: #000000;\"><strong>por telefono<\/strong> (+48) 63 270 81 42, (+48) 63 270 81 63<\/span><\/li><li><span style=\"color: #000000;\"><strong>Email:<\/strong> lichen@lichen.pl<\/span><\/li><\/ul>\t\t\t\t\t\t\t\t<\/div>\n\t\t\t\t<\/div>\n\t\t\t\t\t<\/div>\n\t\t<\/div>\n\t\t\t\t\t<\/div>\n\t\t<\/section>\n\t\t\t\t<section class=\"elementor-section elementor-inner-section elementor-element elementor-element-a6e3746 elementor-section-boxed elementor-section-height-default elementor-section-height-default\" data-id=\"a6e3746\" data-element_type=\"section\" data-e-type=\"section\">\n\t\t\t\t\t\t<div class=\"elementor-container elementor-column-gap-default\">\n\t\t\t\t\t<div class=\"elementor-column elementor-col-50 elementor-inner-column elementor-element elementor-element-20c576a\" data-id=\"20c576a\" data-element_type=\"column\" data-e-type=\"column\">\n\t\t\t<div class=\"elementor-widget-wrap elementor-element-populated\">\n\t\t\t\t\t\t<div class=\"elementor-element elementor-element-20cd58a elementor-view-default elementor-widget elementor-widget-icon\" data-id=\"20cd58a\" data-element_type=\"widget\" data-e-type=\"widget\" data-widget_type=\"icon.default\">\n\t\t\t\t<div class=\"elementor-widget-container\">\n\t\t\t\t\t\t\t<div class=\"elementor-icon-wrapper\">\n\t\t\t<a class=\"elementor-icon\" href=\"https:\/\/www.lichen.pl\/es\/rekolekcje-rok-2024\/\">\n\t\t\t<i aria-hidden=\"true\" class=\"far fa-calendar-check\"><\/i>\t\t\t<\/a>\n\t\t<\/div>\n\t\t\t\t\t\t<\/div>\n\t\t\t\t<\/div>\n\t\t\t\t\t<\/div>\n\t\t<\/div>\n\t\t\t\t<div class=\"elementor-column elementor-col-50 elementor-inner-column elementor-element elementor-element-ef55257\" data-id=\"ef55257\" data-element_type=\"column\" data-e-type=\"column\">\n\t\t\t<div class=\"elementor-widget-wrap elementor-element-populated\">\n\t\t\t\t\t\t<div class=\"elementor-element elementor-element-e3f9e13 elementor-widget elementor-widget-text-editor\" data-id=\"e3f9e13\" data-element_type=\"widget\" data-e-type=\"widget\" data-widget_type=\"text-editor.default\">\n\t\t\t\t<div class=\"elementor-widget-container\">\n\t\t\t\t\t\t\t\t\t<p><span style=\"color: #333399;\">Przejd\u017a do kalendarza rekolekcji 2024 r.<\/span><\/p><p>\u00a0<\/p>\t\t\t\t\t\t\t\t<\/div>\n\t\t\t\t<\/div>\n\t\t\t\t<div class=\"elementor-element elementor-element-8d8cb7a elementor-widget-divider--view-line elementor-widget elementor-widget-divider\" data-id=\"8d8cb7a\" data-element_type=\"widget\" data-e-type=\"widget\" data-widget_type=\"divider.default\">\n\t\t\t\t<div class=\"elementor-widget-container\">\n\t\t\t\t\t\t\t<div class=\"elementor-divider\">\n\t\t\t<span class=\"elementor-divider-separator\">\n\t\t\t\t\t\t<\/span>\n\t\t<\/div>\n\t\t\t\t\t\t<\/div>\n\t\t\t\t<\/div>\n\t\t\t\t\t<\/div>\n\t\t<\/div>\n\t\t\t\t\t<\/div>\n\t\t<\/section>\n\t\t\t\t\t<\/div>\n\t\t<\/div>\n\t\t\t\t\t<\/div>\n\t\t<\/section>\n\t\t\t\t<\/div>","protected":false},"excerpt":{"rendered":"<p>Rekolekcje biblijne &#8220;Zacheusz &#8211; chc\u0119 ujrze\u0107 Jezusa&#8221; A kiedy Jezus przyszed\u0142 na to miejsce, zobaczy\u0142 go i powiedzia\u0142: Zacheuszu, zejd\u017a szybko, bo musz\u0119 dzi\u015b znale\u017a\u0107 si\u0119 w twoim domu. Zszed\u0142 wi\u0119c szybko i przyj\u0105\u0142 Go z rado\u015bci\u0105. \u0141k 19, 5-6 Jerycho &#8211; pod wzgl\u0119dem geograficznym najni\u017cej po\u0142o\u017cone miasto na \u015bwiecie. Miasto, w kt\u00f3rym \u017cyje Zacheusz. [&hellip;]<\/p>\n","protected":false},"author":2,"featured_media":0,"parent":0,"menu_order":0,"comment_status":"closed","ping_status":"closed","template":"elementor_header_footer","meta":{"footnotes":""},"class_list":["post-8039","page","type-page","status-publish","hentry","wpbf-post"],"yoast_head":"<!-- This site is optimized with the Yoast SEO plugin v27.4 - https:\/\/yoast.com\/product\/yoast-seo-wordpress\/ -->\n<title>Rekolekcje &quot;Zacheusz - chc\u0119 ujrze\u0107 Jezusa&quot; - SANKTUARIUM W LICHENIU<\/title>\n<meta name=\"robots\" content=\"index, follow, max-snippet:-1, max-image-preview:large, max-video-preview:-1\" \/>\n<link rel=\"canonical\" href=\"https:\/\/www.lichen.pl\/es\/rekolekcje-zacheusz\/\" \/>\n<meta property=\"og:locale\" content=\"es_ES\" \/>\n<meta property=\"og:type\" content=\"article\" \/>\n<meta property=\"og:title\" content=\"Rekolekcje &quot;Zacheusz - chc\u0119 ujrze\u0107 Jezusa&quot; - SANKTUARIUM W LICHENIU\" \/>\n<meta property=\"og:description\" content=\"Rekolekcje biblijne &#8220;Zacheusz &#8211; chc\u0119 ujrze\u0107 Jezusa&#8221; A kiedy Jezus przyszed\u0142 na to miejsce, zobaczy\u0142 go i powiedzia\u0142: Zacheuszu, zejd\u017a szybko, bo musz\u0119 dzi\u015b znale\u017a\u0107 si\u0119 w twoim domu. Zszed\u0142 wi\u0119c szybko i przyj\u0105\u0142 Go z rado\u015bci\u0105. \u0141k 19, 5-6 Jerycho &#8211; pod wzgl\u0119dem geograficznym najni\u017cej po\u0142o\u017cone miasto na \u015bwiecie. Miasto, w kt\u00f3rym \u017cyje Zacheusz. [&hellip;]\" \/>\n<meta property=\"og:url\" content=\"https:\/\/www.lichen.pl\/es\/rekolekcje-zacheusz\/\" \/>\n<meta property=\"og:site_name\" content=\"SANKTUARIUM W LICHENIU\" \/>\n<meta property=\"article:modified_time\" content=\"2023-11-12T20:53:23+00:00\" \/>\n<meta name=\"twitter:card\" content=\"summary_large_image\" \/>\n<meta name=\"twitter:label1\" content=\"Tiempo de lectura\" \/>\n\t<meta name=\"twitter:data1\" content=\"2 minutos\" \/>\n<script type=\"application\/ld+json\" class=\"yoast-schema-graph\">{\"@context\":\"https:\\\/\\\/schema.org\",\"@graph\":[{\"@type\":\"WebPage\",\"@id\":\"https:\\\/\\\/www.lichen.pl\\\/rekolekcje-zacheusz\\\/\",\"url\":\"https:\\\/\\\/www.lichen.pl\\\/rekolekcje-zacheusz\\\/\",\"name\":\"Rekolekcje \\\"Zacheusz - chc\u0119 ujrze\u0107 Jezusa\\\" - SANKTUARIUM W LICHENIU\",\"isPartOf\":{\"@id\":\"https:\\\/\\\/www.lichen.pl\\\/fr\\\/#website\"},\"datePublished\":\"2021-04-30T13:06:46+00:00\",\"dateModified\":\"2023-11-12T20:53:23+00:00\",\"breadcrumb\":{\"@id\":\"https:\\\/\\\/www.lichen.pl\\\/rekolekcje-zacheusz\\\/#breadcrumb\"},\"inLanguage\":\"es\",\"potentialAction\":[{\"@type\":\"ReadAction\",\"target\":[\"https:\\\/\\\/www.lichen.pl\\\/rekolekcje-zacheusz\\\/\"]}]},{\"@type\":\"BreadcrumbList\",\"@id\":\"https:\\\/\\\/www.lichen.pl\\\/rekolekcje-zacheusz\\\/#breadcrumb\",\"itemListElement\":[{\"@type\":\"ListItem\",\"position\":1,\"name\":\"Strona g\u0142\u00f3wna\",\"item\":\"https:\\\/\\\/www.lichen.pl\\\/\"},{\"@type\":\"ListItem\",\"position\":2,\"name\":\"Rekolekcje &#8220;Zacheusz &#8211; chc\u0119 ujrze\u0107 Jezusa&#8221;\"}]},{\"@type\":\"WebSite\",\"@id\":\"https:\\\/\\\/www.lichen.pl\\\/fr\\\/#website\",\"url\":\"https:\\\/\\\/www.lichen.pl\\\/fr\\\/\",\"name\":\"SANKTUARIUM W LICHENIU\",\"description\":\"MATKI BO\u017bEJ LICHE\u0143SKIEJ BOLESNEJ KR\u00d3LOWEJ POLSKI\",\"potentialAction\":[{\"@type\":\"SearchAction\",\"target\":{\"@type\":\"EntryPoint\",\"urlTemplate\":\"https:\\\/\\\/www.lichen.pl\\\/fr\\\/?s={search_term_string}\"},\"query-input\":{\"@type\":\"PropertyValueSpecification\",\"valueRequired\":true,\"valueName\":\"search_term_string\"}}],\"inLanguage\":\"es\"}]}<\/script>\n<!-- \/ Yoast SEO plugin. -->","yoast_head_json":{"title":"Rekolekcje \"Zacheusz - chc\u0119 ujrze\u0107 Jezusa\" - SANKTUARIUM W LICHENIU","robots":{"index":"index","follow":"follow","max-snippet":"max-snippet:-1","max-image-preview":"max-image-preview:large","max-video-preview":"max-video-preview:-1"},"canonical":"https:\/\/www.lichen.pl\/es\/rekolekcje-zacheusz\/","og_locale":"es_ES","og_type":"article","og_title":"Rekolekcje \"Zacheusz - chc\u0119 ujrze\u0107 Jezusa\" - SANKTUARIUM W LICHENIU","og_description":"Rekolekcje biblijne &#8220;Zacheusz &#8211; chc\u0119 ujrze\u0107 Jezusa&#8221; A kiedy Jezus przyszed\u0142 na to miejsce, zobaczy\u0142 go i powiedzia\u0142: Zacheuszu, zejd\u017a szybko, bo musz\u0119 dzi\u015b znale\u017a\u0107 si\u0119 w twoim domu. Zszed\u0142 wi\u0119c szybko i przyj\u0105\u0142 Go z rado\u015bci\u0105. \u0141k 19, 5-6 Jerycho &#8211; pod wzgl\u0119dem geograficznym najni\u017cej po\u0142o\u017cone miasto na \u015bwiecie. Miasto, w kt\u00f3rym \u017cyje Zacheusz. [&hellip;]","og_url":"https:\/\/www.lichen.pl\/es\/rekolekcje-zacheusz\/","og_site_name":"SANKTUARIUM W LICHENIU","article_modified_time":"2023-11-12T20:53:23+00:00","twitter_card":"summary_large_image","twitter_misc":{"Tiempo de lectura":"2 minutos"},"schema":{"@context":"https:\/\/schema.org","@graph":[{"@type":"WebPage","@id":"https:\/\/www.lichen.pl\/rekolekcje-zacheusz\/","url":"https:\/\/www.lichen.pl\/rekolekcje-zacheusz\/","name":"Rekolekcje \"Zacheusz - chc\u0119 ujrze\u0107 Jezusa\" - SANKTUARIUM W LICHENIU","isPartOf":{"@id":"https:\/\/www.lichen.pl\/fr\/#website"},"datePublished":"2021-04-30T13:06:46+00:00","dateModified":"2023-11-12T20:53:23+00:00","breadcrumb":{"@id":"https:\/\/www.lichen.pl\/rekolekcje-zacheusz\/#breadcrumb"},"inLanguage":"es","potentialAction":[{"@type":"ReadAction","target":["https:\/\/www.lichen.pl\/rekolekcje-zacheusz\/"]}]},{"@type":"BreadcrumbList","@id":"https:\/\/www.lichen.pl\/rekolekcje-zacheusz\/#breadcrumb","itemListElement":[{"@type":"ListItem","position":1,"name":"Strona g\u0142\u00f3wna","item":"https:\/\/www.lichen.pl\/"},{"@type":"ListItem","position":2,"name":"Rekolekcje &#8220;Zacheusz &#8211; chc\u0119 ujrze\u0107 Jezusa&#8221;"}]},{"@type":"WebSite","@id":"https:\/\/www.lichen.pl\/fr\/#website","url":"https:\/\/www.lichen.pl\/fr\/","name":"SANTUARIO EN LICHENIA","description":"LA DOLOROSA REINA DE POLONIA DE NUESTRO LICHEN","potentialAction":[{"@type":"SearchAction","target":{"@type":"EntryPoint","urlTemplate":"https:\/\/www.lichen.pl\/fr\/?s={search_term_string}"},"query-input":{"@type":"PropertyValueSpecification","valueRequired":true,"valueName":"search_term_string"}}],"inLanguage":"es"}]}},"_links":{"self":[{"href":"https:\/\/www.lichen.pl\/es\/wp-json\/wp\/v2\/pages\/8039","targetHints":{"allow":["GET"]}}],"collection":[{"href":"https:\/\/www.lichen.pl\/es\/wp-json\/wp\/v2\/pages"}],"about":[{"href":"https:\/\/www.lichen.pl\/es\/wp-json\/wp\/v2\/types\/page"}],"author":[{"embeddable":true,"href":"https:\/\/www.lichen.pl\/es\/wp-json\/wp\/v2\/users\/2"}],"replies":[{"embeddable":true,"href":"https:\/\/www.lichen.pl\/es\/wp-json\/wp\/v2\/comments?post=8039"}],"version-history":[{"count":52,"href":"https:\/\/www.lichen.pl\/es\/wp-json\/wp\/v2\/pages\/8039\/revisions"}],"predecessor-version":[{"id":61058,"href":"https:\/\/www.lichen.pl\/es\/wp-json\/wp\/v2\/pages\/8039\/revisions\/61058"}],"wp:attachment":[{"href":"https:\/\/www.lichen.pl\/es\/wp-json\/wp\/v2\/media?parent=8039"}],"curies":[{"name":"wp","href":"https:\/\/api.w.org\/{rel}","templated":true}]}}