{"id":97920,"date":"2026-03-13T12:00:20","date_gmt":"2026-03-13T11:00:20","guid":{"rendered":"https:\/\/www.lichen.pl\/?page_id=97920"},"modified":"2026-03-13T12:02:55","modified_gmt":"2026-03-13T11:02:55","slug":"rekolekcje-maryjne-o-rozpoznawaniu-woli-bozej-i-podejmowaniu-decyzji-jakze-sie-to-stanie-lk-134-3","status":"publish","type":"page","link":"https:\/\/www.lichen.pl\/es\/rekolekcje-maryjne-o-rozpoznawaniu-woli-bozej-i-podejmowaniu-decyzji-jakze-sie-to-stanie-lk-134-3\/","title":{"rendered":"Rekolekcje maryjne o rozpoznawaniu woli Bo\u017cej i podejmowaniu decyzji &#8220;Jak\u017ce si\u0119 to stanie&#8221;"},"content":{"rendered":"<div data-elementor-type=\"wp-page\" data-elementor-id=\"97920\" class=\"elementor elementor-97920\" data-elementor-post-type=\"page\">\n\t\t\t\t\t\t<section class=\"elementor-section elementor-top-section elementor-element elementor-element-11cf008 elementor-section-boxed elementor-section-height-default elementor-section-height-default\" data-id=\"11cf008\" data-element_type=\"section\" data-e-type=\"section\">\n\t\t\t\t\t\t<div class=\"elementor-container elementor-column-gap-default\">\n\t\t\t\t\t<div class=\"elementor-column elementor-col-100 elementor-top-column elementor-element elementor-element-e4327ef\" data-id=\"e4327ef\" data-element_type=\"column\" data-e-type=\"column\">\n\t\t\t<div class=\"elementor-widget-wrap elementor-element-populated\">\n\t\t\t\t\t\t<div class=\"elementor-element elementor-element-eb82da3 elementor-widget-divider--view-line_text elementor-widget-divider--element-align-center elementor-widget elementor-widget-divider\" data-id=\"eb82da3\" data-element_type=\"widget\" data-e-type=\"widget\" data-widget_type=\"divider.default\">\n\t\t\t\t<div class=\"elementor-widget-container\">\n\t\t\t\t\t\t\t<div class=\"elementor-divider\">\n\t\t\t<span class=\"elementor-divider-separator\">\n\t\t\t\t\t\t\t<span class=\"elementor-divider__text elementor-divider__element\">\n\t\t\t\trekolekcje maryjne o rozpoznawaniu woli bo\u017cej i podejmowaniu decyzji \"jak\u017ce si\u0119 to stanie\"\t\t\t\t<\/span>\n\t\t\t\t\t\t<\/span>\n\t\t<\/div>\n\t\t\t\t\t\t<\/div>\n\t\t\t\t<\/div>\n\t\t\t\t<div class=\"elementor-element elementor-element-62cfe8d elementor-widget elementor-widget-text-editor\" data-id=\"62cfe8d\" data-element_type=\"widget\" data-e-type=\"widget\" data-widget_type=\"text-editor.default\">\n\t\t\t\t<div class=\"elementor-widget-container\">\n\t\t\t\t\t\t\t\t\t<p>Pytanie Maryi postawione anio\u0142owi podczas zwiastowania: \u201eJak si\u0119 to stanie?\u201d nie rodzi si\u0119 z braku wiary, lecz z pragnienia zrozumienia drogi, kt\u00f3r\u0105 B\u00f3g przed Ni\u0105 otwiera. To pytanie serca, kt\u00f3re s\u0142ucha, ale jeszcze nie zna ca\u0142ej drogi. Rekolekcje \u201eJak si\u0119 to stanie?\u201d zapraszaj\u0105 do wej\u015bcia w przestrze\u0144 rozeznawania woli Bo\u017cej, czyli tam, gdzie spotykaj\u0105 si\u0119 Bo\u017ca obietnica i ludzka wolno\u015b\u0107.<\/p><p>Wpatruj\u0105c si\u0119 w scen\u0119 Zwiastowania, b\u0119dziemy uczy\u0107 si\u0119 postawy Maryi: uwa\u017cnego s\u0142uchania, stawiania pyta\u0144, konfrontowania Bo\u017cego s\u0142owa z w\u0142asnym \u017cyciem oraz dojrzewania do decyzji. Maryja, jak zauwa\u017cymy, nie otrzymuje gotowych odpowiedzi ani szczeg\u00f3\u0142owego planu, ale otrzymuje s\u0142owo i zaproszenie do zaufania. Jej droga pokazuje, \u017ce rozeznawanie nie polega na usuni\u0119ciu wszelkiej niepewno\u015bci, lecz na zgodzie, by to B\u00f3g nas prowadzi\u0142 krok po kroku.<\/p><p>Rekolekcje poprowadz\u0105 nas przez wewn\u0119trzny proces rozeznawania: od rozpoznania pragnie\u0144 i l\u0119k\u00f3w, przez odkrywanie porusze\u0144 serca, a\u017c po decyzj\u0119, kt\u00f3ra rodzi si\u0119 w pokoju. B\u0119dziemy uczy\u0107 si\u0119 odr\u00f3\u017cnia\u0107 to, co pochodzi od Boga, od tego, co jest jedynie projekcj\u0105 w\u0142asnych oczekiwa\u0144 lub naciskiem z zewn\u0105trz. Maryja uczy, \u017ce pytanie \u201ejak?\u201d nie oddala od Boga, lecz mo\u017ce sta\u0107 si\u0119 drog\u0105 g\u0142\u0119bszej relacji i zaufania Duchowi \u015awi\u0119temu.<\/p><p><span style=\"color: #000000;\">Rekolekcje prowadzi ks. Adam Stankiewicz MIC.<\/span><\/p>\t\t\t\t\t\t\t\t<\/div>\n\t\t\t\t<\/div>\n\t\t\t\t\t<\/div>\n\t\t<\/div>\n\t\t\t\t\t<\/div>\n\t\t<\/section>\n\t\t\t\t<section class=\"elementor-section elementor-top-section elementor-element elementor-element-2db574b elementor-section-boxed elementor-section-height-default elementor-section-height-default\" data-id=\"2db574b\" data-element_type=\"section\" data-e-type=\"section\">\n\t\t\t\t\t\t<div class=\"elementor-container elementor-column-gap-default\">\n\t\t\t\t\t<div class=\"elementor-column elementor-col-100 elementor-top-column elementor-element elementor-element-c18d098\" data-id=\"c18d098\" data-element_type=\"column\" data-e-type=\"column\">\n\t\t\t<div class=\"elementor-widget-wrap elementor-element-populated\">\n\t\t\t\t\t\t<section class=\"elementor-section elementor-inner-section elementor-element elementor-element-eb9d3c0 elementor-section-boxed elementor-section-height-default elementor-section-height-default\" data-id=\"eb9d3c0\" data-element_type=\"section\" data-e-type=\"section\">\n\t\t\t\t\t\t<div class=\"elementor-container elementor-column-gap-default\">\n\t\t\t\t\t<div class=\"elementor-column elementor-col-50 elementor-inner-column elementor-element elementor-element-85eb448\" data-id=\"85eb448\" data-element_type=\"column\" data-e-type=\"column\">\n\t\t\t<div class=\"elementor-widget-wrap elementor-element-populated\">\n\t\t\t\t\t\t<div class=\"elementor-element elementor-element-4fa3c64 elementor-widget elementor-widget-text-editor\" data-id=\"4fa3c64\" data-element_type=\"widget\" data-e-type=\"widget\" data-widget_type=\"text-editor.default\">\n\t\t\t\t<div class=\"elementor-widget-container\">\n\t\t\t\t\t\t\t\t\t<ul><li><span style=\"color: #000000;\">ofiara: <strong>od<\/strong> <strong>350 z\u0142 do 450 z\u0142<\/strong> od osoby w zale\u017cno\u015bci od rodzaju pokoju (w tym nocleg i wy\u017cywienie), z\u0142o\u017cona podczas rekolekcji\/po przyje\u017adzie<br \/><\/span><\/li><li><span style=\"color: #000000;\">el n\u00famero de plazas es limitado<\/span><\/li><li><span style=\"color: #000000;\">el orden de las aplicaciones decide<\/span><\/li><\/ul>\t\t\t\t\t\t\t\t<\/div>\n\t\t\t\t<\/div>\n\t\t\t\t\t<\/div>\n\t\t<\/div>\n\t\t\t\t<div class=\"elementor-column elementor-col-50 elementor-inner-column elementor-element elementor-element-37c81df\" data-id=\"37c81df\" data-element_type=\"column\" data-e-type=\"column\">\n\t\t\t<div class=\"elementor-widget-wrap elementor-element-populated\">\n\t\t\t\t\t\t<div class=\"elementor-element elementor-element-9ec977c elementor-widget elementor-widget-text-editor\" data-id=\"9ec977c\" data-element_type=\"widget\" data-e-type=\"widget\" data-widget_type=\"text-editor.default\">\n\t\t\t\t<div class=\"elementor-widget-container\">\n\t\t\t\t\t\t\t\t\t<p style=\"text-align: center;\"><strong><span style=\"color: #800000;\">Inscripci\u00f3n para el retiro:<\/span><\/strong><\/p><ul><li><span style=\"color: #000000;\"><strong>personalmente<\/strong>, en la Oficina de Atenci\u00f3n al Peregrino<\/span><\/li><li><span style=\"color: #000000;\"><strong>por telefono<\/strong> (+48) 63 270 81 42, (+48) 63 270 81 63<\/span><\/li><li><span style=\"color: #000000;\"><strong>Email:<\/strong> lichen@lichen.pl<\/span><\/li><\/ul>\t\t\t\t\t\t\t\t<\/div>\n\t\t\t\t<\/div>\n\t\t\t\t\t<\/div>\n\t\t<\/div>\n\t\t\t\t\t<\/div>\n\t\t<\/section>\n\t\t\t\t\t<\/div>\n\t\t<\/div>\n\t\t\t\t\t<\/div>\n\t\t<\/section>\n\t\t\t\t<section class=\"elementor-section elementor-top-section elementor-element elementor-element-55228c8 elementor-section-boxed elementor-section-height-default elementor-section-height-default\" data-id=\"55228c8\" data-element_type=\"section\" data-e-type=\"section\">\n\t\t\t\t\t\t<div class=\"elementor-container elementor-column-gap-default\">\n\t\t\t\t\t<div class=\"elementor-column elementor-col-100 elementor-top-column elementor-element elementor-element-84a674b\" data-id=\"84a674b\" data-element_type=\"column\" data-e-type=\"column\">\n\t\t\t<div class=\"elementor-widget-wrap elementor-element-populated\">\n\t\t\t\t\t\t<section class=\"elementor-section elementor-inner-section elementor-element elementor-element-25c8f5b elementor-section-boxed elementor-section-height-default elementor-section-height-default\" data-id=\"25c8f5b\" data-element_type=\"section\" data-e-type=\"section\">\n\t\t\t\t\t\t<div class=\"elementor-container elementor-column-gap-default\">\n\t\t\t\t\t<div class=\"elementor-column elementor-col-50 elementor-inner-column elementor-element elementor-element-90ad964\" data-id=\"90ad964\" data-element_type=\"column\" data-e-type=\"column\">\n\t\t\t<div class=\"elementor-widget-wrap elementor-element-populated\">\n\t\t\t\t\t\t<div class=\"elementor-element elementor-element-61dba9a elementor-view-default elementor-widget elementor-widget-icon\" data-id=\"61dba9a\" data-element_type=\"widget\" data-e-type=\"widget\" data-widget_type=\"icon.default\">\n\t\t\t\t<div class=\"elementor-widget-container\">\n\t\t\t\t\t\t\t<div class=\"elementor-icon-wrapper\">\n\t\t\t<a class=\"elementor-icon\" href=\"https:\/\/www.lichen.pl\/es\/rekolekcje-rok-2026\/\">\n\t\t\t<i aria-hidden=\"true\" class=\"far fa-calendar-check\"><\/i>\t\t\t<\/a>\n\t\t<\/div>\n\t\t\t\t\t\t<\/div>\n\t\t\t\t<\/div>\n\t\t\t\t\t<\/div>\n\t\t<\/div>\n\t\t\t\t<div class=\"elementor-column elementor-col-50 elementor-inner-column elementor-element elementor-element-47818f6\" data-id=\"47818f6\" data-element_type=\"column\" data-e-type=\"column\">\n\t\t\t<div class=\"elementor-widget-wrap elementor-element-populated\">\n\t\t\t\t\t\t<div class=\"elementor-element elementor-element-53e622e elementor-widget elementor-widget-text-editor\" data-id=\"53e622e\" data-element_type=\"widget\" data-e-type=\"widget\" data-widget_type=\"text-editor.default\">\n\t\t\t\t<div class=\"elementor-widget-container\">\n\t\t\t\t\t\t\t\t\t<p><span style=\"color: #333399;\">Przejd\u017a do kalendarza rekolekcji 2026 r.<\/span><\/p>\t\t\t\t\t\t\t\t<\/div>\n\t\t\t\t<\/div>\n\t\t\t\t<div class=\"elementor-element elementor-element-44a294a elementor-widget-divider--view-line elementor-widget elementor-widget-divider\" data-id=\"44a294a\" data-element_type=\"widget\" data-e-type=\"widget\" data-widget_type=\"divider.default\">\n\t\t\t\t<div class=\"elementor-widget-container\">\n\t\t\t\t\t\t\t<div class=\"elementor-divider\">\n\t\t\t<span class=\"elementor-divider-separator\">\n\t\t\t\t\t\t<\/span>\n\t\t<\/div>\n\t\t\t\t\t\t<\/div>\n\t\t\t\t<\/div>\n\t\t\t\t\t<\/div>\n\t\t<\/div>\n\t\t\t\t\t<\/div>\n\t\t<\/section>\n\t\t\t\t\t<\/div>\n\t\t<\/div>\n\t\t\t\t\t<\/div>\n\t\t<\/section>\n\t\t\t\t<\/div>","protected":false},"excerpt":{"rendered":"<p>rekolekcje maryjne o rozpoznawaniu woli bo\u017cej i podejmowaniu decyzji &#8220;jak\u017ce si\u0119 to stanie&#8221; Pytanie Maryi postawione anio\u0142owi podczas zwiastowania: \u201eJak si\u0119 to stanie?\u201d nie rodzi si\u0119 z braku wiary, lecz z pragnienia zrozumienia drogi, kt\u00f3r\u0105 B\u00f3g przed Ni\u0105 otwiera. To pytanie serca, kt\u00f3re s\u0142ucha, ale jeszcze nie zna ca\u0142ej drogi. Rekolekcje \u201eJak si\u0119 to stanie?\u201d [&hellip;]<\/p>\n","protected":false},"author":7,"featured_media":0,"parent":0,"menu_order":0,"comment_status":"closed","ping_status":"closed","template":"","meta":{"footnotes":""},"class_list":["post-97920","page","type-page","status-publish","hentry","wpbf-post"],"yoast_head":"<!-- This site is optimized with the Yoast SEO plugin v27.4 - https:\/\/yoast.com\/product\/yoast-seo-wordpress\/ -->\n<title>Rekolekcje maryjne o rozpoznawaniu woli Bo\u017cej i podejmowaniu decyzji &quot;Jak\u017ce si\u0119 to stanie&quot; - SANKTUARIUM W LICHENIU<\/title>\n<meta name=\"robots\" content=\"index, follow, max-snippet:-1, max-image-preview:large, max-video-preview:-1\" \/>\n<link rel=\"canonical\" href=\"https:\/\/www.lichen.pl\/es\/rekolekcje-maryjne-o-rozpoznawaniu-woli-bozej-i-podejmowaniu-decyzji-jakze-sie-to-stanie-lk-134-3\/\" \/>\n<meta property=\"og:locale\" content=\"es_ES\" \/>\n<meta property=\"og:type\" content=\"article\" \/>\n<meta property=\"og:title\" content=\"Rekolekcje maryjne o rozpoznawaniu woli Bo\u017cej i podejmowaniu decyzji &quot;Jak\u017ce si\u0119 to stanie&quot; - SANKTUARIUM W LICHENIU\" \/>\n<meta property=\"og:description\" content=\"rekolekcje maryjne o rozpoznawaniu woli bo\u017cej i podejmowaniu decyzji &#8220;jak\u017ce si\u0119 to stanie&#8221; Pytanie Maryi postawione anio\u0142owi podczas zwiastowania: \u201eJak si\u0119 to stanie?\u201d nie rodzi si\u0119 z braku wiary, lecz z pragnienia zrozumienia drogi, kt\u00f3r\u0105 B\u00f3g przed Ni\u0105 otwiera. To pytanie serca, kt\u00f3re s\u0142ucha, ale jeszcze nie zna ca\u0142ej drogi. Rekolekcje \u201eJak si\u0119 to stanie?\u201d [&hellip;]\" \/>\n<meta property=\"og:url\" content=\"https:\/\/www.lichen.pl\/es\/rekolekcje-maryjne-o-rozpoznawaniu-woli-bozej-i-podejmowaniu-decyzji-jakze-sie-to-stanie-lk-134-3\/\" \/>\n<meta property=\"og:site_name\" content=\"SANKTUARIUM W LICHENIU\" \/>\n<meta property=\"article:modified_time\" content=\"2026-03-13T11:02:55+00:00\" \/>\n<meta name=\"twitter:card\" content=\"summary_large_image\" \/>\n<meta name=\"twitter:label1\" content=\"Tiempo de lectura\" \/>\n\t<meta name=\"twitter:data1\" content=\"2 minutos\" \/>\n<script type=\"application\/ld+json\" class=\"yoast-schema-graph\">{\"@context\":\"https:\\\/\\\/schema.org\",\"@graph\":[{\"@type\":\"WebPage\",\"@id\":\"https:\\\/\\\/www.lichen.pl\\\/rekolekcje-maryjne-o-rozpoznawaniu-woli-bozej-i-podejmowaniu-decyzji-jakze-sie-to-stanie-lk-134-3\\\/\",\"url\":\"https:\\\/\\\/www.lichen.pl\\\/rekolekcje-maryjne-o-rozpoznawaniu-woli-bozej-i-podejmowaniu-decyzji-jakze-sie-to-stanie-lk-134-3\\\/\",\"name\":\"Rekolekcje maryjne o rozpoznawaniu woli Bo\u017cej i podejmowaniu decyzji \\\"Jak\u017ce si\u0119 to stanie\\\" - SANKTUARIUM W LICHENIU\",\"isPartOf\":{\"@id\":\"https:\\\/\\\/www.lichen.pl\\\/fr\\\/#website\"},\"datePublished\":\"2026-03-13T11:00:20+00:00\",\"dateModified\":\"2026-03-13T11:02:55+00:00\",\"breadcrumb\":{\"@id\":\"https:\\\/\\\/www.lichen.pl\\\/rekolekcje-maryjne-o-rozpoznawaniu-woli-bozej-i-podejmowaniu-decyzji-jakze-sie-to-stanie-lk-134-3\\\/#breadcrumb\"},\"inLanguage\":\"es\",\"potentialAction\":[{\"@type\":\"ReadAction\",\"target\":[\"https:\\\/\\\/www.lichen.pl\\\/rekolekcje-maryjne-o-rozpoznawaniu-woli-bozej-i-podejmowaniu-decyzji-jakze-sie-to-stanie-lk-134-3\\\/\"]}]},{\"@type\":\"BreadcrumbList\",\"@id\":\"https:\\\/\\\/www.lichen.pl\\\/rekolekcje-maryjne-o-rozpoznawaniu-woli-bozej-i-podejmowaniu-decyzji-jakze-sie-to-stanie-lk-134-3\\\/#breadcrumb\",\"itemListElement\":[{\"@type\":\"ListItem\",\"position\":1,\"name\":\"Strona g\u0142\u00f3wna\",\"item\":\"https:\\\/\\\/www.lichen.pl\\\/\"},{\"@type\":\"ListItem\",\"position\":2,\"name\":\"Rekolekcje maryjne o rozpoznawaniu woli Bo\u017cej i podejmowaniu decyzji &#8220;Jak\u017ce si\u0119 to stanie&#8221;\"}]},{\"@type\":\"WebSite\",\"@id\":\"https:\\\/\\\/www.lichen.pl\\\/fr\\\/#website\",\"url\":\"https:\\\/\\\/www.lichen.pl\\\/fr\\\/\",\"name\":\"SANKTUARIUM W LICHENIU\",\"description\":\"MATKI BO\u017bEJ LICHE\u0143SKIEJ BOLESNEJ KR\u00d3LOWEJ POLSKI\",\"potentialAction\":[{\"@type\":\"SearchAction\",\"target\":{\"@type\":\"EntryPoint\",\"urlTemplate\":\"https:\\\/\\\/www.lichen.pl\\\/fr\\\/?s={search_term_string}\"},\"query-input\":{\"@type\":\"PropertyValueSpecification\",\"valueRequired\":true,\"valueName\":\"search_term_string\"}}],\"inLanguage\":\"es\"}]}<\/script>\n<!-- \/ Yoast SEO plugin. -->","yoast_head_json":{"title":"Rekolekcje maryjne o rozpoznawaniu woli Bo\u017cej i podejmowaniu decyzji \"Jak\u017ce si\u0119 to stanie\" - SANKTUARIUM W LICHENIU","robots":{"index":"index","follow":"follow","max-snippet":"max-snippet:-1","max-image-preview":"max-image-preview:large","max-video-preview":"max-video-preview:-1"},"canonical":"https:\/\/www.lichen.pl\/es\/rekolekcje-maryjne-o-rozpoznawaniu-woli-bozej-i-podejmowaniu-decyzji-jakze-sie-to-stanie-lk-134-3\/","og_locale":"es_ES","og_type":"article","og_title":"Rekolekcje maryjne o rozpoznawaniu woli Bo\u017cej i podejmowaniu decyzji \"Jak\u017ce si\u0119 to stanie\" - SANKTUARIUM W LICHENIU","og_description":"rekolekcje maryjne o rozpoznawaniu woli bo\u017cej i podejmowaniu decyzji &#8220;jak\u017ce si\u0119 to stanie&#8221; Pytanie Maryi postawione anio\u0142owi podczas zwiastowania: \u201eJak si\u0119 to stanie?\u201d nie rodzi si\u0119 z braku wiary, lecz z pragnienia zrozumienia drogi, kt\u00f3r\u0105 B\u00f3g przed Ni\u0105 otwiera. To pytanie serca, kt\u00f3re s\u0142ucha, ale jeszcze nie zna ca\u0142ej drogi. Rekolekcje \u201eJak si\u0119 to stanie?\u201d [&hellip;]","og_url":"https:\/\/www.lichen.pl\/es\/rekolekcje-maryjne-o-rozpoznawaniu-woli-bozej-i-podejmowaniu-decyzji-jakze-sie-to-stanie-lk-134-3\/","og_site_name":"SANKTUARIUM W LICHENIU","article_modified_time":"2026-03-13T11:02:55+00:00","twitter_card":"summary_large_image","twitter_misc":{"Tiempo de lectura":"2 minutos"},"schema":{"@context":"https:\/\/schema.org","@graph":[{"@type":"WebPage","@id":"https:\/\/www.lichen.pl\/rekolekcje-maryjne-o-rozpoznawaniu-woli-bozej-i-podejmowaniu-decyzji-jakze-sie-to-stanie-lk-134-3\/","url":"https:\/\/www.lichen.pl\/rekolekcje-maryjne-o-rozpoznawaniu-woli-bozej-i-podejmowaniu-decyzji-jakze-sie-to-stanie-lk-134-3\/","name":"Rekolekcje maryjne o rozpoznawaniu woli Bo\u017cej i podejmowaniu decyzji \"Jak\u017ce si\u0119 to stanie\" - SANKTUARIUM W LICHENIU","isPartOf":{"@id":"https:\/\/www.lichen.pl\/fr\/#website"},"datePublished":"2026-03-13T11:00:20+00:00","dateModified":"2026-03-13T11:02:55+00:00","breadcrumb":{"@id":"https:\/\/www.lichen.pl\/rekolekcje-maryjne-o-rozpoznawaniu-woli-bozej-i-podejmowaniu-decyzji-jakze-sie-to-stanie-lk-134-3\/#breadcrumb"},"inLanguage":"es","potentialAction":[{"@type":"ReadAction","target":["https:\/\/www.lichen.pl\/rekolekcje-maryjne-o-rozpoznawaniu-woli-bozej-i-podejmowaniu-decyzji-jakze-sie-to-stanie-lk-134-3\/"]}]},{"@type":"BreadcrumbList","@id":"https:\/\/www.lichen.pl\/rekolekcje-maryjne-o-rozpoznawaniu-woli-bozej-i-podejmowaniu-decyzji-jakze-sie-to-stanie-lk-134-3\/#breadcrumb","itemListElement":[{"@type":"ListItem","position":1,"name":"Strona g\u0142\u00f3wna","item":"https:\/\/www.lichen.pl\/"},{"@type":"ListItem","position":2,"name":"Rekolekcje maryjne o rozpoznawaniu woli Bo\u017cej i podejmowaniu decyzji &#8220;Jak\u017ce si\u0119 to stanie&#8221;"}]},{"@type":"WebSite","@id":"https:\/\/www.lichen.pl\/fr\/#website","url":"https:\/\/www.lichen.pl\/fr\/","name":"SANTUARIO EN LICHENIA","description":"LA DOLOROSA REINA DE POLONIA DE NUESTRO LICHEN","potentialAction":[{"@type":"SearchAction","target":{"@type":"EntryPoint","urlTemplate":"https:\/\/www.lichen.pl\/fr\/?s={search_term_string}"},"query-input":{"@type":"PropertyValueSpecification","valueRequired":true,"valueName":"search_term_string"}}],"inLanguage":"es"}]}},"_links":{"self":[{"href":"https:\/\/www.lichen.pl\/es\/wp-json\/wp\/v2\/pages\/97920","targetHints":{"allow":["GET"]}}],"collection":[{"href":"https:\/\/www.lichen.pl\/es\/wp-json\/wp\/v2\/pages"}],"about":[{"href":"https:\/\/www.lichen.pl\/es\/wp-json\/wp\/v2\/types\/page"}],"author":[{"embeddable":true,"href":"https:\/\/www.lichen.pl\/es\/wp-json\/wp\/v2\/users\/7"}],"replies":[{"embeddable":true,"href":"https:\/\/www.lichen.pl\/es\/wp-json\/wp\/v2\/comments?post=97920"}],"version-history":[{"count":4,"href":"https:\/\/www.lichen.pl\/es\/wp-json\/wp\/v2\/pages\/97920\/revisions"}],"predecessor-version":[{"id":97925,"href":"https:\/\/www.lichen.pl\/es\/wp-json\/wp\/v2\/pages\/97920\/revisions\/97925"}],"wp:attachment":[{"href":"https:\/\/www.lichen.pl\/es\/wp-json\/wp\/v2\/media?parent=97920"}],"curies":[{"name":"wp","href":"https:\/\/api.w.org\/{rel}","templated":true}]}}