{"id":97956,"date":"2026-03-13T12:53:53","date_gmt":"2026-03-13T11:53:53","guid":{"rendered":"https:\/\/www.lichen.pl\/?page_id=97956"},"modified":"2026-03-13T12:55:42","modified_gmt":"2026-03-13T11:55:42","slug":"rekolekcje-maryjne-byc-dla-innych-jak-maryja-2","status":"publish","type":"page","link":"https:\/\/www.lichen.pl\/es\/rekolekcje-maryjne-byc-dla-innych-jak-maryja-2\/","title":{"rendered":"Rekolekcje maryjne &#8220;By\u0107 dla innych jak Maryja. Posz\u0142a z po\u015bpiechem&#8221;"},"content":{"rendered":"<div data-elementor-type=\"wp-page\" data-elementor-id=\"97956\" class=\"elementor elementor-97956\" data-elementor-post-type=\"page\">\n\t\t\t\t\t\t<section class=\"elementor-section elementor-top-section elementor-element elementor-element-11cf008 elementor-section-boxed elementor-section-height-default elementor-section-height-default\" data-id=\"11cf008\" data-element_type=\"section\" data-e-type=\"section\">\n\t\t\t\t\t\t<div class=\"elementor-container elementor-column-gap-default\">\n\t\t\t\t\t<div class=\"elementor-column elementor-col-100 elementor-top-column elementor-element elementor-element-e4327ef\" data-id=\"e4327ef\" data-element_type=\"column\" data-e-type=\"column\">\n\t\t\t<div class=\"elementor-widget-wrap elementor-element-populated\">\n\t\t\t\t\t\t<div class=\"elementor-element elementor-element-eb82da3 elementor-widget-divider--view-line_text elementor-widget-divider--element-align-center elementor-widget elementor-widget-divider\" data-id=\"eb82da3\" data-element_type=\"widget\" data-e-type=\"widget\" data-widget_type=\"divider.default\">\n\t\t\t\t<div class=\"elementor-widget-container\">\n\t\t\t\t\t\t\t<div class=\"elementor-divider\">\n\t\t\t<span class=\"elementor-divider-separator\">\n\t\t\t\t\t\t\t<span class=\"elementor-divider__text elementor-divider__element\">\n\t\t\t\trekolekcje maryjne \"by\u0107 dla innych jak maryja. posz\u0142a z po\u015bpiechem\"\t\t\t\t<\/span>\n\t\t\t\t\t\t<\/span>\n\t\t<\/div>\n\t\t\t\t\t\t<\/div>\n\t\t\t\t<\/div>\n\t\t\t\t<div class=\"elementor-element elementor-element-62cfe8d elementor-widget elementor-widget-text-editor\" data-id=\"62cfe8d\" data-element_type=\"widget\" data-e-type=\"widget\" data-widget_type=\"text-editor.default\">\n\t\t\t\t<div class=\"elementor-widget-container\">\n\t\t\t\t\t\t\t\t\t<p>S\u0142owa Ewangelii: \u201eMaryja wybra\u0142a si\u0119 i posz\u0142a z po\u015bpiechem\u201d ods\u0142aniaj\u0105 serce, kt\u00f3re po spotkaniu z Bogiem nie zatrzymuje daru dla siebie. Rekolekcje \u201ePosz\u0142a z po\u015bpiechem\u201d s\u0105 zaproszeniem do odkrycia na nowo duchowo\u015bci Maryi, kt\u00f3ra prowadzi od wewn\u0119trznego s\u0142uchania do konkretnej, czu\u0142ej obecno\u015bci wobec drugiego cz\u0142owieka.<\/p><p>Maryja nie idzie do domu El\u017cbiety, by naucza\u0107 ani poucza\u0107, Ona niesie obecno\u015b\u0107. Jej po\u015bpiech nie jest nerwowy ani chaotyczny, lecz rodzi si\u0119 z mi\u0142o\u015bci, kt\u00f3ra rozpoznaje potrzeb\u0119 drugiego. Rekolekcje, do udzia\u0142u w kt\u00f3rych serdecznie zapraszamy, prowadz\u0105 do refleksji nad tym, jak spotkanie z Bogiem przemienia spos\u00f3b bycia dla innych: uwra\u017cliwia na potrzeby i otwiera na s\u0142u\u017cb\u0119, kt\u00f3ra nie szuka siebie.<\/p><p>Wpatruj\u0105c si\u0119 w scen\u0119 Nawiedzenia, pragniemy po raz kolejny odkry\u0107, \u017ce prawdziwa misja rodzi si\u0119 z ciszy i modlitwy. Tylko ten, kto pozwoli\u0142 Bogu dzia\u0142a\u0107 w swoim sercu, mo\u017ce i\u015b\u0107 do innych z pokojem. Maryja pokazuje, \u017ce bycie dla innych nie polega na aktywizmie, lecz na niesieniu Chrystusa w codziennych gestach, s\u0142owach i obecno\u015bci.<\/p><p>Rekolekcje \u201ePosz\u0142a z po\u015bpiechem\u201d s\u0105 propozycj\u0105 dla tych, kt\u00f3rzy pragn\u0105 \u0142\u0105czy\u0107 modlitw\u0119 z dzia\u0142aniem, kontemplacj\u0119 z mi\u0142o\u015bci\u0105 czynn\u0105, wiar\u0119 z odpowiedzialno\u015bci\u0105 za drugiego cz\u0142owieka. To droga uczenia si\u0119 stylu Maryi: cichego, wiernego i pe\u0142nego mi\u0142o\u015bci.<\/p><p><span style=\"color: #000000;\">Rekolekcje prowadzi ks. Adam Stankiewicz MIC.<\/span><\/p>\t\t\t\t\t\t\t\t<\/div>\n\t\t\t\t<\/div>\n\t\t\t\t\t<\/div>\n\t\t<\/div>\n\t\t\t\t\t<\/div>\n\t\t<\/section>\n\t\t\t\t<section class=\"elementor-section elementor-top-section elementor-element elementor-element-2db574b elementor-section-boxed elementor-section-height-default elementor-section-height-default\" data-id=\"2db574b\" data-element_type=\"section\" data-e-type=\"section\">\n\t\t\t\t\t\t<div class=\"elementor-container elementor-column-gap-default\">\n\t\t\t\t\t<div class=\"elementor-column elementor-col-100 elementor-top-column elementor-element elementor-element-c18d098\" data-id=\"c18d098\" data-element_type=\"column\" data-e-type=\"column\">\n\t\t\t<div class=\"elementor-widget-wrap elementor-element-populated\">\n\t\t\t\t\t\t<section class=\"elementor-section elementor-inner-section elementor-element elementor-element-eb9d3c0 elementor-section-boxed elementor-section-height-default elementor-section-height-default\" data-id=\"eb9d3c0\" data-element_type=\"section\" data-e-type=\"section\">\n\t\t\t\t\t\t<div class=\"elementor-container elementor-column-gap-default\">\n\t\t\t\t\t<div class=\"elementor-column elementor-col-50 elementor-inner-column elementor-element elementor-element-85eb448\" data-id=\"85eb448\" data-element_type=\"column\" data-e-type=\"column\">\n\t\t\t<div class=\"elementor-widget-wrap elementor-element-populated\">\n\t\t\t\t\t\t<div class=\"elementor-element elementor-element-4fa3c64 elementor-widget elementor-widget-text-editor\" data-id=\"4fa3c64\" data-element_type=\"widget\" data-e-type=\"widget\" data-widget_type=\"text-editor.default\">\n\t\t\t\t<div class=\"elementor-widget-container\">\n\t\t\t\t\t\t\t\t\t<ul><li><span style=\"color: #000000;\">ofiara: <strong>od<\/strong> <strong>350 z\u0142 do 450 z\u0142<\/strong> od osoby w zale\u017cno\u015bci od rodzaju pokoju (w tym nocleg i wy\u017cywienie), z\u0142o\u017cona podczas rekolekcji\/po przyje\u017adzie<br \/><\/span><\/li><li><span style=\"color: #000000;\">el n\u00famero de plazas es limitado<\/span><\/li><li><span style=\"color: #000000;\">el orden de las aplicaciones decide<\/span><\/li><\/ul>\t\t\t\t\t\t\t\t<\/div>\n\t\t\t\t<\/div>\n\t\t\t\t\t<\/div>\n\t\t<\/div>\n\t\t\t\t<div class=\"elementor-column elementor-col-50 elementor-inner-column elementor-element elementor-element-37c81df\" data-id=\"37c81df\" data-element_type=\"column\" data-e-type=\"column\">\n\t\t\t<div class=\"elementor-widget-wrap elementor-element-populated\">\n\t\t\t\t\t\t<div class=\"elementor-element elementor-element-9ec977c elementor-widget elementor-widget-text-editor\" data-id=\"9ec977c\" data-element_type=\"widget\" data-e-type=\"widget\" data-widget_type=\"text-editor.default\">\n\t\t\t\t<div class=\"elementor-widget-container\">\n\t\t\t\t\t\t\t\t\t<p style=\"text-align: center;\"><strong><span style=\"color: #800000;\">Inscripci\u00f3n para el retiro:<\/span><\/strong><\/p><ul><li><span style=\"color: #000000;\"><strong>personalmente<\/strong>, en la Oficina de Atenci\u00f3n al Peregrino<\/span><\/li><li><span style=\"color: #000000;\"><strong>por telefono<\/strong> (+48) 63 270 81 42, (+48) 63 270 81 63<\/span><\/li><li><span style=\"color: #000000;\"><strong>Email:<\/strong> lichen@lichen.pl<\/span><\/li><\/ul>\t\t\t\t\t\t\t\t<\/div>\n\t\t\t\t<\/div>\n\t\t\t\t\t<\/div>\n\t\t<\/div>\n\t\t\t\t\t<\/div>\n\t\t<\/section>\n\t\t\t\t\t<\/div>\n\t\t<\/div>\n\t\t\t\t\t<\/div>\n\t\t<\/section>\n\t\t\t\t<section class=\"elementor-section elementor-top-section elementor-element elementor-element-55228c8 elementor-section-boxed elementor-section-height-default elementor-section-height-default\" data-id=\"55228c8\" data-element_type=\"section\" data-e-type=\"section\">\n\t\t\t\t\t\t<div class=\"elementor-container elementor-column-gap-default\">\n\t\t\t\t\t<div class=\"elementor-column elementor-col-100 elementor-top-column elementor-element elementor-element-84a674b\" data-id=\"84a674b\" data-element_type=\"column\" data-e-type=\"column\">\n\t\t\t<div class=\"elementor-widget-wrap elementor-element-populated\">\n\t\t\t\t\t\t<section class=\"elementor-section elementor-inner-section elementor-element elementor-element-25c8f5b elementor-section-boxed elementor-section-height-default elementor-section-height-default\" data-id=\"25c8f5b\" data-element_type=\"section\" data-e-type=\"section\">\n\t\t\t\t\t\t<div class=\"elementor-container elementor-column-gap-default\">\n\t\t\t\t\t<div class=\"elementor-column elementor-col-50 elementor-inner-column elementor-element elementor-element-90ad964\" data-id=\"90ad964\" data-element_type=\"column\" data-e-type=\"column\">\n\t\t\t<div class=\"elementor-widget-wrap elementor-element-populated\">\n\t\t\t\t\t\t<div class=\"elementor-element elementor-element-61dba9a elementor-view-default elementor-widget elementor-widget-icon\" data-id=\"61dba9a\" data-element_type=\"widget\" data-e-type=\"widget\" data-widget_type=\"icon.default\">\n\t\t\t\t<div class=\"elementor-widget-container\">\n\t\t\t\t\t\t\t<div class=\"elementor-icon-wrapper\">\n\t\t\t<a class=\"elementor-icon\" href=\"https:\/\/www.lichen.pl\/es\/rekolekcje-rok-2026\/\">\n\t\t\t<i aria-hidden=\"true\" class=\"far fa-calendar-check\"><\/i>\t\t\t<\/a>\n\t\t<\/div>\n\t\t\t\t\t\t<\/div>\n\t\t\t\t<\/div>\n\t\t\t\t\t<\/div>\n\t\t<\/div>\n\t\t\t\t<div class=\"elementor-column elementor-col-50 elementor-inner-column elementor-element elementor-element-47818f6\" data-id=\"47818f6\" data-element_type=\"column\" data-e-type=\"column\">\n\t\t\t<div class=\"elementor-widget-wrap elementor-element-populated\">\n\t\t\t\t\t\t<div class=\"elementor-element elementor-element-53e622e elementor-widget elementor-widget-text-editor\" data-id=\"53e622e\" data-element_type=\"widget\" data-e-type=\"widget\" data-widget_type=\"text-editor.default\">\n\t\t\t\t<div class=\"elementor-widget-container\">\n\t\t\t\t\t\t\t\t\t<p><span style=\"color: #333399;\">Przejd\u017a do kalendarza rekolekcji 2026 r.<\/span><\/p>\t\t\t\t\t\t\t\t<\/div>\n\t\t\t\t<\/div>\n\t\t\t\t<div class=\"elementor-element elementor-element-44a294a elementor-widget-divider--view-line elementor-widget elementor-widget-divider\" data-id=\"44a294a\" data-element_type=\"widget\" data-e-type=\"widget\" data-widget_type=\"divider.default\">\n\t\t\t\t<div class=\"elementor-widget-container\">\n\t\t\t\t\t\t\t<div class=\"elementor-divider\">\n\t\t\t<span class=\"elementor-divider-separator\">\n\t\t\t\t\t\t<\/span>\n\t\t<\/div>\n\t\t\t\t\t\t<\/div>\n\t\t\t\t<\/div>\n\t\t\t\t\t<\/div>\n\t\t<\/div>\n\t\t\t\t\t<\/div>\n\t\t<\/section>\n\t\t\t\t\t<\/div>\n\t\t<\/div>\n\t\t\t\t\t<\/div>\n\t\t<\/section>\n\t\t\t\t<\/div>","protected":false},"excerpt":{"rendered":"<p>rekolekcje maryjne &#8220;by\u0107 dla innych jak maryja. posz\u0142a z po\u015bpiechem&#8221; S\u0142owa Ewangelii: \u201eMaryja wybra\u0142a si\u0119 i posz\u0142a z po\u015bpiechem\u201d ods\u0142aniaj\u0105 serce, kt\u00f3re po spotkaniu z Bogiem nie zatrzymuje daru dla siebie. Rekolekcje \u201ePosz\u0142a z po\u015bpiechem\u201d s\u0105 zaproszeniem do odkrycia na nowo duchowo\u015bci Maryi, kt\u00f3ra prowadzi od wewn\u0119trznego s\u0142uchania do konkretnej, czu\u0142ej obecno\u015bci wobec drugiego cz\u0142owieka. [&hellip;]<\/p>\n","protected":false},"author":7,"featured_media":0,"parent":0,"menu_order":0,"comment_status":"closed","ping_status":"closed","template":"","meta":{"footnotes":""},"class_list":["post-97956","page","type-page","status-publish","hentry","wpbf-post"],"yoast_head":"<!-- This site is optimized with the Yoast SEO plugin v27.4 - https:\/\/yoast.com\/product\/yoast-seo-wordpress\/ -->\n<title>Rekolekcje maryjne &quot;By\u0107 dla innych jak Maryja. Posz\u0142a z po\u015bpiechem&quot; - SANKTUARIUM W LICHENIU<\/title>\n<meta name=\"robots\" content=\"index, follow, max-snippet:-1, max-image-preview:large, max-video-preview:-1\" \/>\n<link rel=\"canonical\" href=\"https:\/\/www.lichen.pl\/es\/rekolekcje-maryjne-byc-dla-innych-jak-maryja-2\/\" \/>\n<meta property=\"og:locale\" content=\"es_ES\" \/>\n<meta property=\"og:type\" content=\"article\" \/>\n<meta property=\"og:title\" content=\"Rekolekcje maryjne &quot;By\u0107 dla innych jak Maryja. Posz\u0142a z po\u015bpiechem&quot; - SANKTUARIUM W LICHENIU\" \/>\n<meta property=\"og:description\" content=\"rekolekcje maryjne &#8220;by\u0107 dla innych jak maryja. posz\u0142a z po\u015bpiechem&#8221; S\u0142owa Ewangelii: \u201eMaryja wybra\u0142a si\u0119 i posz\u0142a z po\u015bpiechem\u201d ods\u0142aniaj\u0105 serce, kt\u00f3re po spotkaniu z Bogiem nie zatrzymuje daru dla siebie. Rekolekcje \u201ePosz\u0142a z po\u015bpiechem\u201d s\u0105 zaproszeniem do odkrycia na nowo duchowo\u015bci Maryi, kt\u00f3ra prowadzi od wewn\u0119trznego s\u0142uchania do konkretnej, czu\u0142ej obecno\u015bci wobec drugiego cz\u0142owieka. [&hellip;]\" \/>\n<meta property=\"og:url\" content=\"https:\/\/www.lichen.pl\/es\/rekolekcje-maryjne-byc-dla-innych-jak-maryja-2\/\" \/>\n<meta property=\"og:site_name\" content=\"SANKTUARIUM W LICHENIU\" \/>\n<meta property=\"article:modified_time\" content=\"2026-03-13T11:55:42+00:00\" \/>\n<meta name=\"twitter:card\" content=\"summary_large_image\" \/>\n<meta name=\"twitter:label1\" content=\"Tiempo de lectura\" \/>\n\t<meta name=\"twitter:data1\" content=\"2 minutos\" \/>\n<script type=\"application\/ld+json\" class=\"yoast-schema-graph\">{\"@context\":\"https:\\\/\\\/schema.org\",\"@graph\":[{\"@type\":\"WebPage\",\"@id\":\"https:\\\/\\\/www.lichen.pl\\\/rekolekcje-maryjne-byc-dla-innych-jak-maryja-2\\\/\",\"url\":\"https:\\\/\\\/www.lichen.pl\\\/rekolekcje-maryjne-byc-dla-innych-jak-maryja-2\\\/\",\"name\":\"Rekolekcje maryjne \\\"By\u0107 dla innych jak Maryja. Posz\u0142a z po\u015bpiechem\\\" - SANKTUARIUM W LICHENIU\",\"isPartOf\":{\"@id\":\"https:\\\/\\\/www.lichen.pl\\\/fr\\\/#website\"},\"datePublished\":\"2026-03-13T11:53:53+00:00\",\"dateModified\":\"2026-03-13T11:55:42+00:00\",\"breadcrumb\":{\"@id\":\"https:\\\/\\\/www.lichen.pl\\\/rekolekcje-maryjne-byc-dla-innych-jak-maryja-2\\\/#breadcrumb\"},\"inLanguage\":\"es\",\"potentialAction\":[{\"@type\":\"ReadAction\",\"target\":[\"https:\\\/\\\/www.lichen.pl\\\/rekolekcje-maryjne-byc-dla-innych-jak-maryja-2\\\/\"]}]},{\"@type\":\"BreadcrumbList\",\"@id\":\"https:\\\/\\\/www.lichen.pl\\\/rekolekcje-maryjne-byc-dla-innych-jak-maryja-2\\\/#breadcrumb\",\"itemListElement\":[{\"@type\":\"ListItem\",\"position\":1,\"name\":\"Strona g\u0142\u00f3wna\",\"item\":\"https:\\\/\\\/www.lichen.pl\\\/\"},{\"@type\":\"ListItem\",\"position\":2,\"name\":\"Rekolekcje maryjne &#8220;By\u0107 dla innych jak Maryja. Posz\u0142a z po\u015bpiechem&#8221;\"}]},{\"@type\":\"WebSite\",\"@id\":\"https:\\\/\\\/www.lichen.pl\\\/fr\\\/#website\",\"url\":\"https:\\\/\\\/www.lichen.pl\\\/fr\\\/\",\"name\":\"SANKTUARIUM W LICHENIU\",\"description\":\"MATKI BO\u017bEJ LICHE\u0143SKIEJ BOLESNEJ KR\u00d3LOWEJ POLSKI\",\"potentialAction\":[{\"@type\":\"SearchAction\",\"target\":{\"@type\":\"EntryPoint\",\"urlTemplate\":\"https:\\\/\\\/www.lichen.pl\\\/fr\\\/?s={search_term_string}\"},\"query-input\":{\"@type\":\"PropertyValueSpecification\",\"valueRequired\":true,\"valueName\":\"search_term_string\"}}],\"inLanguage\":\"es\"}]}<\/script>\n<!-- \/ Yoast SEO plugin. -->","yoast_head_json":{"title":"Rekolekcje maryjne \"By\u0107 dla innych jak Maryja. Posz\u0142a z po\u015bpiechem\" - SANKTUARIUM W LICHENIU","robots":{"index":"index","follow":"follow","max-snippet":"max-snippet:-1","max-image-preview":"max-image-preview:large","max-video-preview":"max-video-preview:-1"},"canonical":"https:\/\/www.lichen.pl\/es\/rekolekcje-maryjne-byc-dla-innych-jak-maryja-2\/","og_locale":"es_ES","og_type":"article","og_title":"Rekolekcje maryjne \"By\u0107 dla innych jak Maryja. Posz\u0142a z po\u015bpiechem\" - SANKTUARIUM W LICHENIU","og_description":"rekolekcje maryjne &#8220;by\u0107 dla innych jak maryja. posz\u0142a z po\u015bpiechem&#8221; S\u0142owa Ewangelii: \u201eMaryja wybra\u0142a si\u0119 i posz\u0142a z po\u015bpiechem\u201d ods\u0142aniaj\u0105 serce, kt\u00f3re po spotkaniu z Bogiem nie zatrzymuje daru dla siebie. Rekolekcje \u201ePosz\u0142a z po\u015bpiechem\u201d s\u0105 zaproszeniem do odkrycia na nowo duchowo\u015bci Maryi, kt\u00f3ra prowadzi od wewn\u0119trznego s\u0142uchania do konkretnej, czu\u0142ej obecno\u015bci wobec drugiego cz\u0142owieka. [&hellip;]","og_url":"https:\/\/www.lichen.pl\/es\/rekolekcje-maryjne-byc-dla-innych-jak-maryja-2\/","og_site_name":"SANKTUARIUM W LICHENIU","article_modified_time":"2026-03-13T11:55:42+00:00","twitter_card":"summary_large_image","twitter_misc":{"Tiempo de lectura":"2 minutos"},"schema":{"@context":"https:\/\/schema.org","@graph":[{"@type":"WebPage","@id":"https:\/\/www.lichen.pl\/rekolekcje-maryjne-byc-dla-innych-jak-maryja-2\/","url":"https:\/\/www.lichen.pl\/rekolekcje-maryjne-byc-dla-innych-jak-maryja-2\/","name":"Rekolekcje maryjne \"By\u0107 dla innych jak Maryja. Posz\u0142a z po\u015bpiechem\" - SANKTUARIUM W LICHENIU","isPartOf":{"@id":"https:\/\/www.lichen.pl\/fr\/#website"},"datePublished":"2026-03-13T11:53:53+00:00","dateModified":"2026-03-13T11:55:42+00:00","breadcrumb":{"@id":"https:\/\/www.lichen.pl\/rekolekcje-maryjne-byc-dla-innych-jak-maryja-2\/#breadcrumb"},"inLanguage":"es","potentialAction":[{"@type":"ReadAction","target":["https:\/\/www.lichen.pl\/rekolekcje-maryjne-byc-dla-innych-jak-maryja-2\/"]}]},{"@type":"BreadcrumbList","@id":"https:\/\/www.lichen.pl\/rekolekcje-maryjne-byc-dla-innych-jak-maryja-2\/#breadcrumb","itemListElement":[{"@type":"ListItem","position":1,"name":"Strona g\u0142\u00f3wna","item":"https:\/\/www.lichen.pl\/"},{"@type":"ListItem","position":2,"name":"Rekolekcje maryjne &#8220;By\u0107 dla innych jak Maryja. Posz\u0142a z po\u015bpiechem&#8221;"}]},{"@type":"WebSite","@id":"https:\/\/www.lichen.pl\/fr\/#website","url":"https:\/\/www.lichen.pl\/fr\/","name":"SANTUARIO EN LICHENIA","description":"LA DOLOROSA REINA DE POLONIA DE NUESTRO LICHEN","potentialAction":[{"@type":"SearchAction","target":{"@type":"EntryPoint","urlTemplate":"https:\/\/www.lichen.pl\/fr\/?s={search_term_string}"},"query-input":{"@type":"PropertyValueSpecification","valueRequired":true,"valueName":"search_term_string"}}],"inLanguage":"es"}]}},"_links":{"self":[{"href":"https:\/\/www.lichen.pl\/es\/wp-json\/wp\/v2\/pages\/97956","targetHints":{"allow":["GET"]}}],"collection":[{"href":"https:\/\/www.lichen.pl\/es\/wp-json\/wp\/v2\/pages"}],"about":[{"href":"https:\/\/www.lichen.pl\/es\/wp-json\/wp\/v2\/types\/page"}],"author":[{"embeddable":true,"href":"https:\/\/www.lichen.pl\/es\/wp-json\/wp\/v2\/users\/7"}],"replies":[{"embeddable":true,"href":"https:\/\/www.lichen.pl\/es\/wp-json\/wp\/v2\/comments?post=97956"}],"version-history":[{"count":4,"href":"https:\/\/www.lichen.pl\/es\/wp-json\/wp\/v2\/pages\/97956\/revisions"}],"predecessor-version":[{"id":97960,"href":"https:\/\/www.lichen.pl\/es\/wp-json\/wp\/v2\/pages\/97956\/revisions\/97960"}],"wp:attachment":[{"href":"https:\/\/www.lichen.pl\/es\/wp-json\/wp\/v2\/media?parent=97956"}],"curies":[{"name":"wp","href":"https:\/\/api.w.org\/{rel}","templated":true}]}}