{"id":98745,"date":"2026-04-01T11:39:20","date_gmt":"2026-04-01T09:39:20","guid":{"rendered":"https:\/\/www.lichen.pl\/?page_id=98745"},"modified":"2026-04-01T11:43:13","modified_gmt":"2026-04-01T09:43:13","slug":"panie-naucz-nas-sie-modlic","status":"publish","type":"page","link":"https:\/\/www.lichen.pl\/es\/panie-naucz-nas-sie-modlic\/","title":{"rendered":"&#8220;Panie naucz nas si\u0119 modli\u0107&#8221; &#8211; wprowadzenie do modlitwy brewiarzowej"},"content":{"rendered":"<div data-elementor-type=\"wp-page\" data-elementor-id=\"98745\" class=\"elementor elementor-98745\" data-elementor-post-type=\"page\">\n\t\t\t\t\t\t<section class=\"elementor-section elementor-top-section elementor-element elementor-element-fa6006f elementor-section-boxed elementor-section-height-default elementor-section-height-default\" data-id=\"fa6006f\" data-element_type=\"section\" data-e-type=\"section\">\n\t\t\t\t\t\t<div class=\"elementor-container elementor-column-gap-default\">\n\t\t\t\t\t<div class=\"elementor-column elementor-col-100 elementor-top-column elementor-element elementor-element-3a72eb0\" data-id=\"3a72eb0\" data-element_type=\"column\" data-e-type=\"column\">\n\t\t\t<div class=\"elementor-widget-wrap elementor-element-populated\">\n\t\t\t\t\t\t<div class=\"elementor-element elementor-element-b0044ff elementor-widget-divider--view-line_text elementor-widget__width-initial elementor-widget-divider--element-align-center elementor-widget elementor-widget-divider\" data-id=\"b0044ff\" data-element_type=\"widget\" data-e-type=\"widget\" data-widget_type=\"divider.default\">\n\t\t\t\t<div class=\"elementor-widget-container\">\n\t\t\t\t\t\t\t<div class=\"elementor-divider\">\n\t\t\t<span class=\"elementor-divider-separator\">\n\t\t\t\t\t\t\t<span class=\"elementor-divider__text elementor-divider__element\">\n\t\t\t\t\"Panie naucz nas si\u0119 modli\u0107\" - wprowadzenie do modlitwy brewiarzowej\t\t\t\t<\/span>\n\t\t\t\t\t\t<\/span>\n\t\t<\/div>\n\t\t\t\t\t\t<\/div>\n\t\t\t\t<\/div>\n\t\t\t\t<div class=\"elementor-element elementor-element-7dbac0b elementor-blockquote--skin-clean elementor-blockquote--align-left elementor-widget elementor-widget-blockquote\" data-id=\"7dbac0b\" data-element_type=\"widget\" data-e-type=\"widget\" data-widget_type=\"blockquote.default\">\n\t\t\t\t<div class=\"elementor-widget-container\">\n\t\t\t\t\t\t\t<blockquote class=\"elementor-blockquote\">\n\t\t\t<p class=\"elementor-blockquote__content\">\n\t\t\t\t \n\t\t\t<\/p>\n\t\t\t\t\t<\/blockquote>\n\t\t\t\t\t\t<\/div>\n\t\t\t\t<\/div>\n\t\t\t\t<div class=\"elementor-element elementor-element-b9e3a13 elementor-widget elementor-widget-text-editor\" data-id=\"b9e3a13\" data-element_type=\"widget\" data-e-type=\"widget\" data-widget_type=\"text-editor.default\">\n\t\t\t\t<div class=\"elementor-widget-container\">\n\t\t\t\t\t\t\t\t\t<p>Jak wygl\u0105da moja modlitwa? Jak si\u0119 modl\u0119? Czym jest dla mnie modlitwa? Kto mnie uczy\u0142, jak si\u0119 modli\u0107? Te i podobne pytania mog\u0105 pom\u00f3c przyjrze\u0107 si\u0119 g\u0142\u0119biej mojej modlitwie. Mo\u017cna by powiedzie\u0107: poka\u017c, jak si\u0119 modlisz a powiem ci jaka jest twoja wiara.<\/p>\n<p>Zapewne pierwszymi nauczycielami modlitwy w naszym \u017cyciu byli nasi bliscy, rodzice, mo\u017ce dziadkowie. Uczyli nas mo\u017ce tzw. \u201epacierza\u201d i innych modlitw. M\u00f3wili, \u017ce trzeba si\u0119 modli\u0107 rano wiecz\u00f3r, no i przy jakiej\u015b szczeg\u00f3lnej okazji czy w potrzebie. Niestety wielu z nas, cho\u0107 ju\u017c dawno jeste\u015bmy doro\u015bli, ci\u0105gle pozostaje na poziomie \u201epacierza\u201d.&nbsp; Rano w po\u015bpiechu znak krzy\u017ca, Ojcze nasz\u2026 i biegniemy dalej. Wieczorem ju\u017c zm\u0119czeni, wi\u0119c podobnie znak krzy\u017ca, Ojcze nasz \u2026 i idziemy spa\u0107. Czujemy gdzie\u015b wg\u0142\u0119bi serca, \u017ce modlitwa to co\u015b wi\u0119cej. &nbsp;Mamy pragnienie pog\u0142\u0119bi\u0107 nasze \u017cycie modlitwy, ale jak do tego si\u0119 zabra\u0107? Co mo\u017cemy uczyni\u0107, by lepiej si\u0119 modli\u0107? Szukamy dobrych ksi\u0105\u017cek o modlitwie, uczestniczymy w rekolekcjach i grupach modlitewnych, by coraz bardziej poznawa\u0107 i praktykowa\u0107 modlitw\u0119.<\/p>\n<p><\/p>\n<p>Czytamy w Ewangelii, jak uczniowie prosz\u0105 Jezusa: <em>Panie, naucz nas modli\u0107 si\u0119\u2026<\/em> (\u0141k 11,1)<\/p>\n<p>Jezus uczy swoich uczni\u00f3w czym jest modlitwa, jak si\u0119 modli\u0107. On nie tylko uczy s\u0142owami, lecz tak\u017ce w\u0142asnym przyk\u0142adem. Uczniowie widz\u0105c Jezusa modl\u0105cego si\u0119, s\u0105 \u015bwiadkami czym jest modlitwa w Jego \u017cyciu.<\/p>\n<p>Pierwsi chrze\u015bcijanie byli uczeni nie tylko s\u0142\u00f3w modlitwy ale r\u00f3wnie\u017c wprowadzani, jak si\u0119 modli\u0107, czym jest modlitwa w \u017cyciu wierz\u0105cego, modlitwa osobista i modlitwa wsp\u00f3lnoty ca\u0142ego Ko\u015bcio\u0142a.<\/p>\n<p><\/p>\n<p>Je\u015bli odkrywasz w swoim sercu pragnienie g\u0142\u0119bszej modlitwy, zapraszamy na nasze rekolekcje.<\/p>\n<p>B\u0119dziemy prosi\u0107 Jezusa razem z uczniami, by uczy\u0142 nas modlitwy, by stawa\u0142a si\u0119 ona modlitw\u0105 serca. Zobaczymy jak wsp\u00f3lnota Ko\u015bcio\u0142a modli\u0142a si\u0119 przez wieki. &nbsp;B\u0119dziemy poznawa\u0107 modlitw\u0119 Ko\u015bcio\u0142a \u2013 Liturgi\u0119 Godzin, czyli tzw. brewiarz. W praktyczny spos\u00f3b nauczymy si\u0119 pos\u0142ugiwa\u0107 brewiarzem, by by\u0142 on nasz\u0105 codzienn\u0105 modlitw\u0105.<\/p>\n<p><\/p>\n<p>Rekolekcje prowadzi ks. Andrzej Gowkielewicz<\/p>\t\t\t\t\t\t\t\t<\/div>\n\t\t\t\t<\/div>\n\t\t\t\t<section class=\"elementor-section elementor-inner-section elementor-element elementor-element-2bf3874 elementor-section-boxed elementor-section-height-default elementor-section-height-default\" data-id=\"2bf3874\" data-element_type=\"section\" data-e-type=\"section\">\n\t\t\t\t\t\t<div class=\"elementor-container elementor-column-gap-default\">\n\t\t\t\t\t<div class=\"elementor-column elementor-col-50 elementor-inner-column elementor-element elementor-element-2c1b676\" data-id=\"2c1b676\" data-element_type=\"column\" data-e-type=\"column\">\n\t\t\t<div class=\"elementor-widget-wrap elementor-element-populated\">\n\t\t\t\t\t\t<div class=\"elementor-element elementor-element-edb9ee1 elementor-widget elementor-widget-text-editor\" data-id=\"edb9ee1\" data-element_type=\"widget\" data-e-type=\"widget\" data-widget_type=\"text-editor.default\">\n\t\t\t\t<div class=\"elementor-widget-container\">\n\t\t\t\t\t\t\t\t\t<ul><li><span style=\"color: #000000;\">ofiara: <strong>od<\/strong> <strong>350 z\u0142 do 450 z\u0142<\/strong> od osoby w zale\u017cno\u015bci od rodzaju pokoju (w tym nocleg i wy\u017cywienie), z\u0142o\u017cona podczas rekolekcji\/po przyje\u017adzie<\/span><\/li><li><span style=\"color: #000000;\">el n\u00famero de plazas es limitado<\/span><\/li><li><span style=\"color: #000000;\">el orden de las aplicaciones decide<\/span><\/li><\/ul>\t\t\t\t\t\t\t\t<\/div>\n\t\t\t\t<\/div>\n\t\t\t\t\t<\/div>\n\t\t<\/div>\n\t\t\t\t<div class=\"elementor-column elementor-col-50 elementor-inner-column elementor-element elementor-element-6897f49\" data-id=\"6897f49\" data-element_type=\"column\" data-e-type=\"column\">\n\t\t\t<div class=\"elementor-widget-wrap elementor-element-populated\">\n\t\t\t\t\t\t<div class=\"elementor-element elementor-element-b5f994a elementor-widget elementor-widget-text-editor\" data-id=\"b5f994a\" data-element_type=\"widget\" data-e-type=\"widget\" data-widget_type=\"text-editor.default\">\n\t\t\t\t<div class=\"elementor-widget-container\">\n\t\t\t\t\t\t\t\t\t<p style=\"text-align: center;\"><strong><span style=\"color: #800000;\">Inscripci\u00f3n para el retiro:<\/span><\/strong><\/p><ul><li><span style=\"color: #000000;\"><strong>personalmente<\/strong>, en la Oficina de Atenci\u00f3n al Peregrino<\/span><\/li><li><span style=\"color: #000000;\"><strong>por telefono<\/strong> (+48) 63 270 81 42, (+48) 63 270 81 63<\/span><\/li><li><span style=\"color: #000000;\"><strong>Email:<\/strong> lichen@lichen.pl<\/span><\/li><\/ul>\t\t\t\t\t\t\t\t<\/div>\n\t\t\t\t<\/div>\n\t\t\t\t\t<\/div>\n\t\t<\/div>\n\t\t\t\t\t<\/div>\n\t\t<\/section>\n\t\t\t\t<section class=\"elementor-section elementor-inner-section elementor-element elementor-element-81654a7 elementor-section-boxed elementor-section-height-default elementor-section-height-default\" data-id=\"81654a7\" data-element_type=\"section\" data-e-type=\"section\">\n\t\t\t\t\t\t<div class=\"elementor-container elementor-column-gap-default\">\n\t\t\t\t\t<div class=\"elementor-column elementor-col-50 elementor-inner-column elementor-element elementor-element-b5ed421\" data-id=\"b5ed421\" data-element_type=\"column\" data-e-type=\"column\">\n\t\t\t<div class=\"elementor-widget-wrap elementor-element-populated\">\n\t\t\t\t\t\t<div class=\"elementor-element elementor-element-20cd58a elementor-view-default elementor-widget elementor-widget-icon\" data-id=\"20cd58a\" data-element_type=\"widget\" data-e-type=\"widget\" data-widget_type=\"icon.default\">\n\t\t\t\t<div class=\"elementor-widget-container\">\n\t\t\t\t\t\t\t<div class=\"elementor-icon-wrapper\">\n\t\t\t<a class=\"elementor-icon\" href=\"https:\/\/www.lichen.pl\/es\/rekolekcje-rok-2026\/\" target=\"_blank\">\n\t\t\t<i aria-hidden=\"true\" class=\"far fa-calendar-check\"><\/i>\t\t\t<\/a>\n\t\t<\/div>\n\t\t\t\t\t\t<\/div>\n\t\t\t\t<\/div>\n\t\t\t\t\t<\/div>\n\t\t<\/div>\n\t\t\t\t<div class=\"elementor-column elementor-col-50 elementor-inner-column elementor-element elementor-element-ec64b77\" data-id=\"ec64b77\" data-element_type=\"column\" data-e-type=\"column\">\n\t\t\t<div class=\"elementor-widget-wrap elementor-element-populated\">\n\t\t\t\t\t\t<div class=\"elementor-element elementor-element-641a953 elementor-widget elementor-widget-text-editor\" data-id=\"641a953\" data-element_type=\"widget\" data-e-type=\"widget\" data-widget_type=\"text-editor.default\">\n\t\t\t\t<div class=\"elementor-widget-container\">\n\t\t\t\t\t\t\t\t\t<p style=\"text-align: left;\"><span style=\"color: #000080;\">Przejd\u017a do kalendarza rekolekcji 2026 r.<\/span><\/p>\t\t\t\t\t\t\t\t<\/div>\n\t\t\t\t<\/div>\n\t\t\t\t<div class=\"elementor-element elementor-element-0511655 elementor-widget-divider--view-line elementor-widget elementor-widget-divider\" data-id=\"0511655\" data-element_type=\"widget\" data-e-type=\"widget\" data-widget_type=\"divider.default\">\n\t\t\t\t<div class=\"elementor-widget-container\">\n\t\t\t\t\t\t\t<div class=\"elementor-divider\">\n\t\t\t<span class=\"elementor-divider-separator\">\n\t\t\t\t\t\t<\/span>\n\t\t<\/div>\n\t\t\t\t\t\t<\/div>\n\t\t\t\t<\/div>\n\t\t\t\t\t<\/div>\n\t\t<\/div>\n\t\t\t\t\t<\/div>\n\t\t<\/section>\n\t\t\t\t\t<\/div>\n\t\t<\/div>\n\t\t\t\t\t<\/div>\n\t\t<\/section>\n\t\t\t\t<\/div>","protected":false},"excerpt":{"rendered":"<p>&#8220;Panie naucz nas si\u0119 modli\u0107&#8221; &#8211; wprowadzenie do modlitwy brewiarzowej Jak wygl\u0105da moja modlitwa? Jak si\u0119 modl\u0119? Czym jest dla mnie modlitwa? Kto mnie uczy\u0142, jak si\u0119 modli\u0107? Te i podobne pytania mog\u0105 pom\u00f3c przyjrze\u0107 si\u0119 g\u0142\u0119biej mojej modlitwie. Mo\u017cna by powiedzie\u0107: poka\u017c, jak si\u0119 modlisz a powiem ci jaka jest twoja wiara. Zapewne pierwszymi [&hellip;]<\/p>\n","protected":false},"author":7,"featured_media":0,"parent":0,"menu_order":0,"comment_status":"closed","ping_status":"closed","template":"elementor_header_footer","meta":{"footnotes":""},"class_list":["post-98745","page","type-page","status-publish","hentry","wpbf-post"],"yoast_head":"<!-- This site is optimized with the Yoast SEO plugin v27.4 - https:\/\/yoast.com\/product\/yoast-seo-wordpress\/ -->\n<title>&quot;Panie naucz nas si\u0119 modli\u0107&quot; - wprowadzenie do modlitwy brewiarzowej - SANKTUARIUM W LICHENIU<\/title>\n<meta name=\"robots\" content=\"index, follow, max-snippet:-1, max-image-preview:large, max-video-preview:-1\" \/>\n<link rel=\"canonical\" href=\"https:\/\/www.lichen.pl\/es\/panie-naucz-nas-sie-modlic\/\" \/>\n<meta property=\"og:locale\" content=\"es_ES\" \/>\n<meta property=\"og:type\" content=\"article\" \/>\n<meta property=\"og:title\" content=\"&quot;Panie naucz nas si\u0119 modli\u0107&quot; - wprowadzenie do modlitwy brewiarzowej - SANKTUARIUM W LICHENIU\" \/>\n<meta property=\"og:description\" content=\"&#8220;Panie naucz nas si\u0119 modli\u0107&#8221; &#8211; wprowadzenie do modlitwy brewiarzowej Jak wygl\u0105da moja modlitwa? Jak si\u0119 modl\u0119? Czym jest dla mnie modlitwa? Kto mnie uczy\u0142, jak si\u0119 modli\u0107? Te i podobne pytania mog\u0105 pom\u00f3c przyjrze\u0107 si\u0119 g\u0142\u0119biej mojej modlitwie. Mo\u017cna by powiedzie\u0107: poka\u017c, jak si\u0119 modlisz a powiem ci jaka jest twoja wiara. Zapewne pierwszymi [&hellip;]\" \/>\n<meta property=\"og:url\" content=\"https:\/\/www.lichen.pl\/es\/panie-naucz-nas-sie-modlic\/\" \/>\n<meta property=\"og:site_name\" content=\"SANKTUARIUM W LICHENIU\" \/>\n<meta property=\"article:modified_time\" content=\"2026-04-01T09:43:13+00:00\" \/>\n<meta name=\"twitter:card\" content=\"summary_large_image\" \/>\n<meta name=\"twitter:label1\" content=\"Tiempo de lectura\" \/>\n\t<meta name=\"twitter:data1\" content=\"3 minutos\" \/>\n<script type=\"application\/ld+json\" class=\"yoast-schema-graph\">{\"@context\":\"https:\\\/\\\/schema.org\",\"@graph\":[{\"@type\":\"WebPage\",\"@id\":\"https:\\\/\\\/www.lichen.pl\\\/panie-naucz-nas-sie-modlic\\\/\",\"url\":\"https:\\\/\\\/www.lichen.pl\\\/panie-naucz-nas-sie-modlic\\\/\",\"name\":\"\\\"Panie naucz nas si\u0119 modli\u0107\\\" - wprowadzenie do modlitwy brewiarzowej - SANKTUARIUM W LICHENIU\",\"isPartOf\":{\"@id\":\"https:\\\/\\\/www.lichen.pl\\\/fr\\\/#website\"},\"datePublished\":\"2026-04-01T09:39:20+00:00\",\"dateModified\":\"2026-04-01T09:43:13+00:00\",\"breadcrumb\":{\"@id\":\"https:\\\/\\\/www.lichen.pl\\\/panie-naucz-nas-sie-modlic\\\/#breadcrumb\"},\"inLanguage\":\"es\",\"potentialAction\":[{\"@type\":\"ReadAction\",\"target\":[\"https:\\\/\\\/www.lichen.pl\\\/panie-naucz-nas-sie-modlic\\\/\"]}]},{\"@type\":\"BreadcrumbList\",\"@id\":\"https:\\\/\\\/www.lichen.pl\\\/panie-naucz-nas-sie-modlic\\\/#breadcrumb\",\"itemListElement\":[{\"@type\":\"ListItem\",\"position\":1,\"name\":\"Strona g\u0142\u00f3wna\",\"item\":\"https:\\\/\\\/www.lichen.pl\\\/\"},{\"@type\":\"ListItem\",\"position\":2,\"name\":\"&#8220;Panie naucz nas si\u0119 modli\u0107&#8221; &#8211; wprowadzenie do modlitwy brewiarzowej\"}]},{\"@type\":\"WebSite\",\"@id\":\"https:\\\/\\\/www.lichen.pl\\\/fr\\\/#website\",\"url\":\"https:\\\/\\\/www.lichen.pl\\\/fr\\\/\",\"name\":\"SANKTUARIUM W LICHENIU\",\"description\":\"MATKI BO\u017bEJ LICHE\u0143SKIEJ BOLESNEJ KR\u00d3LOWEJ POLSKI\",\"potentialAction\":[{\"@type\":\"SearchAction\",\"target\":{\"@type\":\"EntryPoint\",\"urlTemplate\":\"https:\\\/\\\/www.lichen.pl\\\/fr\\\/?s={search_term_string}\"},\"query-input\":{\"@type\":\"PropertyValueSpecification\",\"valueRequired\":true,\"valueName\":\"search_term_string\"}}],\"inLanguage\":\"es\"}]}<\/script>\n<!-- \/ Yoast SEO plugin. -->","yoast_head_json":{"title":"\"Panie naucz nas si\u0119 modli\u0107\" - wprowadzenie do modlitwy brewiarzowej - SANKTUARIUM W LICHENIU","robots":{"index":"index","follow":"follow","max-snippet":"max-snippet:-1","max-image-preview":"max-image-preview:large","max-video-preview":"max-video-preview:-1"},"canonical":"https:\/\/www.lichen.pl\/es\/panie-naucz-nas-sie-modlic\/","og_locale":"es_ES","og_type":"article","og_title":"\"Panie naucz nas si\u0119 modli\u0107\" - wprowadzenie do modlitwy brewiarzowej - SANKTUARIUM W LICHENIU","og_description":"&#8220;Panie naucz nas si\u0119 modli\u0107&#8221; &#8211; wprowadzenie do modlitwy brewiarzowej Jak wygl\u0105da moja modlitwa? Jak si\u0119 modl\u0119? Czym jest dla mnie modlitwa? Kto mnie uczy\u0142, jak si\u0119 modli\u0107? Te i podobne pytania mog\u0105 pom\u00f3c przyjrze\u0107 si\u0119 g\u0142\u0119biej mojej modlitwie. Mo\u017cna by powiedzie\u0107: poka\u017c, jak si\u0119 modlisz a powiem ci jaka jest twoja wiara. Zapewne pierwszymi [&hellip;]","og_url":"https:\/\/www.lichen.pl\/es\/panie-naucz-nas-sie-modlic\/","og_site_name":"SANKTUARIUM W LICHENIU","article_modified_time":"2026-04-01T09:43:13+00:00","twitter_card":"summary_large_image","twitter_misc":{"Tiempo de lectura":"3 minutos"},"schema":{"@context":"https:\/\/schema.org","@graph":[{"@type":"WebPage","@id":"https:\/\/www.lichen.pl\/panie-naucz-nas-sie-modlic\/","url":"https:\/\/www.lichen.pl\/panie-naucz-nas-sie-modlic\/","name":"\"Panie naucz nas si\u0119 modli\u0107\" - wprowadzenie do modlitwy brewiarzowej - SANKTUARIUM W LICHENIU","isPartOf":{"@id":"https:\/\/www.lichen.pl\/fr\/#website"},"datePublished":"2026-04-01T09:39:20+00:00","dateModified":"2026-04-01T09:43:13+00:00","breadcrumb":{"@id":"https:\/\/www.lichen.pl\/panie-naucz-nas-sie-modlic\/#breadcrumb"},"inLanguage":"es","potentialAction":[{"@type":"ReadAction","target":["https:\/\/www.lichen.pl\/panie-naucz-nas-sie-modlic\/"]}]},{"@type":"BreadcrumbList","@id":"https:\/\/www.lichen.pl\/panie-naucz-nas-sie-modlic\/#breadcrumb","itemListElement":[{"@type":"ListItem","position":1,"name":"Strona g\u0142\u00f3wna","item":"https:\/\/www.lichen.pl\/"},{"@type":"ListItem","position":2,"name":"&#8220;Panie naucz nas si\u0119 modli\u0107&#8221; &#8211; wprowadzenie do modlitwy brewiarzowej"}]},{"@type":"WebSite","@id":"https:\/\/www.lichen.pl\/fr\/#website","url":"https:\/\/www.lichen.pl\/fr\/","name":"SANTUARIO EN LICHENIA","description":"LA DOLOROSA REINA DE POLONIA DE NUESTRO LICHEN","potentialAction":[{"@type":"SearchAction","target":{"@type":"EntryPoint","urlTemplate":"https:\/\/www.lichen.pl\/fr\/?s={search_term_string}"},"query-input":{"@type":"PropertyValueSpecification","valueRequired":true,"valueName":"search_term_string"}}],"inLanguage":"es"}]}},"_links":{"self":[{"href":"https:\/\/www.lichen.pl\/es\/wp-json\/wp\/v2\/pages\/98745","targetHints":{"allow":["GET"]}}],"collection":[{"href":"https:\/\/www.lichen.pl\/es\/wp-json\/wp\/v2\/pages"}],"about":[{"href":"https:\/\/www.lichen.pl\/es\/wp-json\/wp\/v2\/types\/page"}],"author":[{"embeddable":true,"href":"https:\/\/www.lichen.pl\/es\/wp-json\/wp\/v2\/users\/7"}],"replies":[{"embeddable":true,"href":"https:\/\/www.lichen.pl\/es\/wp-json\/wp\/v2\/comments?post=98745"}],"version-history":[{"count":4,"href":"https:\/\/www.lichen.pl\/es\/wp-json\/wp\/v2\/pages\/98745\/revisions"}],"predecessor-version":[{"id":98749,"href":"https:\/\/www.lichen.pl\/es\/wp-json\/wp\/v2\/pages\/98745\/revisions\/98749"}],"wp:attachment":[{"href":"https:\/\/www.lichen.pl\/es\/wp-json\/wp\/v2\/media?parent=98745"}],"curies":[{"name":"wp","href":"https:\/\/api.w.org\/{rel}","templated":true}]}}