{"id":18181,"date":"2021-07-09T09:11:51","date_gmt":"2021-07-09T09:11:51","guid":{"rendered":"http:\/\/www.lichen.pl\/?page_id=18181"},"modified":"2022-08-11T10:55:23","modified_gmt":"2022-08-11T08:55:23","slug":"koronacja-obrazu-matki-bozej-lichenskiej","status":"publish","type":"page","link":"https:\/\/www.lichen.pl\/fr\/koronacja-obrazu-matki-bozej-lichenskiej\/","title":{"rendered":"Couronnement de l&#039;image de Notre-Dame de Lichen"},"content":{"rendered":"<div data-elementor-type=\"wp-page\" data-elementor-id=\"18181\" class=\"elementor elementor-18181\" data-elementor-post-type=\"page\">\n\t\t\t\t\t\t<section class=\"elementor-section elementor-top-section elementor-element elementor-element-5945095 elementor-section-boxed elementor-section-height-default elementor-section-height-default\" data-id=\"5945095\" data-element_type=\"section\" data-e-type=\"section\">\n\t\t\t\t\t\t<div class=\"elementor-container elementor-column-gap-default\">\n\t\t\t\t\t<div class=\"elementor-column elementor-col-100 elementor-top-column elementor-element elementor-element-6f5d876\" data-id=\"6f5d876\" data-element_type=\"column\" data-e-type=\"column\">\n\t\t\t<div class=\"elementor-widget-wrap elementor-element-populated\">\n\t\t\t\t\t\t<div class=\"elementor-element elementor-element-691334b elementor-widget elementor-widget-text-editor\" data-id=\"691334b\" data-element_type=\"widget\" data-e-type=\"widget\" data-widget_type=\"text-editor.default\">\n\t\t\t\t<div class=\"elementor-widget-container\">\n\t\t\t\t\t\t\t\t\t<p>Dans le cadre de la c\u00e9l\u00e9bration nationale du jubil\u00e9 du mill\u00e9naire du bapt\u00eame de la Pologne en 1966, l&#039;\u00e9piscopat polonais a envoy\u00e9 une demande au pape Paul VI pour un d\u00e9cret de couronnement de l&#039;image miraculeuse de Notre-Dame de Liche\u0144. Le pape a publi\u00e9 un tel d\u00e9cret et le couronnement a \u00e9t\u00e9 fait le 15 ao\u00fbt 1967 par le v\u00e9n\u00e9rable serviteur de Dieu, le cardinal Stefan Wyszy\u0144ski, primat de Pologne. La couronne accord\u00e9e par d\u00e9cret du pape est appel\u00e9e couronne papale. Le couronnement a r\u00e9uni plus de 20 \u00e9v\u00eaques, de nombreux membres du clerg\u00e9, des religieux et un grand nombre de fid\u00e8les. Devant l&#039;\u00e9glise St. Dorothy, sur la droite, il y a un autel de couronnement comm\u00e9moratif surplombant la place, o\u00f9 environ 100 000 personnes se sont rassembl\u00e9es \u00e0 ce moment-l\u00e0. La d\u00e9cision de couronner l&#039;Image de la Vierge Lichen a \u00e9t\u00e9 prise en raison du culte de l&#039;image des fid\u00e8les.<\/p>\t\t\t\t\t\t\t\t<\/div>\n\t\t\t\t<\/div>\n\t\t\t\t<section class=\"elementor-section elementor-inner-section elementor-element elementor-element-c9d4aa8 elementor-section-boxed elementor-section-height-default elementor-section-height-default\" data-id=\"c9d4aa8\" data-element_type=\"section\" data-e-type=\"section\">\n\t\t\t\t\t\t<div class=\"elementor-container elementor-column-gap-default\">\n\t\t\t\t\t<div class=\"elementor-column elementor-col-50 elementor-inner-column elementor-element elementor-element-a494a72\" data-id=\"a494a72\" data-element_type=\"column\" data-e-type=\"column\">\n\t\t\t<div class=\"elementor-widget-wrap elementor-element-populated\">\n\t\t\t\t\t\t<div class=\"elementor-element elementor-element-95ba751 elementor-widget elementor-widget-image\" data-id=\"95ba751\" data-element_type=\"widget\" data-e-type=\"widget\" data-widget_type=\"image.default\">\n\t\t\t\t<div class=\"elementor-widget-container\">\n\t\t\t\t\t\t\t\t\t\t\t\t\t\t\t<img fetchpriority=\"high\" decoding=\"async\" width=\"320\" height=\"479\" src=\"https:\/\/www.lichen.pl\/wp-content\/uploads\/2021\/07\/2-Koronacja-1967.jpg\" class=\"attachment-medium_large size-medium_large wp-image-18285\" alt=\"\" srcset=\"https:\/\/www.lichen.pl\/wp-content\/uploads\/2021\/07\/2-Koronacja-1967.jpg 320w, https:\/\/www.lichen.pl\/wp-content\/uploads\/2021\/07\/2-Koronacja-1967-200x300.jpg 200w\" sizes=\"(max-width: 320px) 100vw, 320px\" \/>\t\t\t\t\t\t\t\t\t\t\t\t\t\t\t<\/div>\n\t\t\t\t<\/div>\n\t\t\t\t\t<\/div>\n\t\t<\/div>\n\t\t\t\t<div class=\"elementor-column elementor-col-50 elementor-inner-column elementor-element elementor-element-ba3a81a\" data-id=\"ba3a81a\" data-element_type=\"column\" data-e-type=\"column\">\n\t\t\t<div class=\"elementor-widget-wrap elementor-element-populated\">\n\t\t\t\t\t\t<div class=\"elementor-element elementor-element-33dda78 elementor-blockquote--align-center elementor-blockquote--skin-border elementor-widget elementor-widget-blockquote\" data-id=\"33dda78\" data-element_type=\"widget\" data-e-type=\"widget\" data-widget_type=\"blockquote.default\">\n\t\t\t\t<div class=\"elementor-widget-container\">\n\t\t\t\t\t\t\t<blockquote class=\"elementor-blockquote\">\n\t\t\t<p class=\"elementor-blockquote__content\">\n\t\t\t\tLe monde a besoin d&#039;une M\u00e8re ! La m\u00e8re de J\u00e9sus-Christ a pr\u00e9vu le d\u00e9sir de la famille humaine et a donc chant\u00e9 dans le Magnificat : D\u00e9sormais, toutes les nations me diront bienheureuse. Il est significatif que plus les gens semblent maintenant s&#039;\u00e9carter de Dieu, plus Marie se montre \u00e0 l&#039;horizon du vingti\u00e8me si\u00e8cle.\t\t\t<\/p>\n\t\t\t\t\t\t\t<div class=\"e-q-footer\">\n\t\t\t\t\t\t\t\t\t\t\t<cite class=\"elementor-blockquote__author\">Fr. Le Cardinal Stefan Wyszy\u0144ski, Primat de Pologne, extrait de l&#039;hom\u00e9lie prononc\u00e9e lors de la Sainte Messe. couronnement, 15 ao\u00fbt 1967  <\/cite>\n\t\t\t\t\t\t\t\t\t\t\t\t\t\t<\/div>\n\t\t\t\t\t<\/blockquote>\n\t\t\t\t\t\t<\/div>\n\t\t\t\t<\/div>\n\t\t\t\t\t<\/div>\n\t\t<\/div>\n\t\t\t\t\t<\/div>\n\t\t<\/section>\n\t\t\t\t<div class=\"elementor-element elementor-element-6f9008b elementor-widget elementor-widget-text-editor\" data-id=\"6f9008b\" data-element_type=\"widget\" data-e-type=\"widget\" data-widget_type=\"text-editor.default\">\n\t\t\t\t<div class=\"elementor-widget-container\">\n\t\t\t\t\t\t\t\t\t<p>Les c\u00e9r\u00e9monies de couronnement ont commenc\u00e9 \u00e0 11h30. Apr\u00e8s que le tableau ait \u00e9t\u00e9 plac\u00e9 sur la mensa de l&#039;autel, le P. Antoni Paw\u0142owski, \u00e9v\u00eaque ordinaire du dioc\u00e8se de W\u0142oc\u0142awek, souhaitant la bienvenue aux invit\u00e9s de marque, puis le P. le chanoine de asa a lu le d\u00e9cret de couronnement du Saint-P\u00e8re. Paul VI. Les quatre couronneurs, \u00e0 savoir : le P. Le Cardinal Stefan Wyszy\u0144ski, Primat de Pologne, le P. Mgr Antoni Paw\u0142owski, P. Mgr Antoni Baraniak et le P. L&#039;\u00e9v\u00eaque Wilhelm Pluta, portant une cape d&#039;or, une mitre et une crosse \u00e0 la main, a proc\u00e9d\u00e9 \u00e0 la cons\u00e9cration et \u00e0 l&#039;encensement de la couronne papale. Lorsque la couronne fut mise sur la sainte Image, le silence solennel fut rompu par le magnifique clairon de l&#039;orchestre, et une cloche triomphante sonna du clocher de l&#039;\u00e9glise.<\/p><p>Le jour du couronnement de l&#039;Image miraculeuse de Notre-Dame de Liche\u0144, Primat de Pologne, le Card. Stefan Wyszy\u0144ski a prononc\u00e9 deux sermons. Le premier \u00e0 la messe. avec la participation des jeunes \u00e0 10h00, pr\u00e9sid\u00e9e par le P. Mgr Bogdan Sikorski de P\u0142ock, et l&#039;autre pendant la Sainte Messe. \u00e0 12h00 avec la participation de tous les fid\u00e8les.<\/p>\t\t\t\t\t\t\t\t<\/div>\n\t\t\t\t<\/div>\n\t\t\t\t<section class=\"elementor-section elementor-inner-section elementor-element elementor-element-d972dd6 elementor-section-boxed elementor-section-height-default elementor-section-height-default\" data-id=\"d972dd6\" data-element_type=\"section\" data-e-type=\"section\">\n\t\t\t\t\t\t<div class=\"elementor-container elementor-column-gap-default\">\n\t\t\t\t\t<div class=\"elementor-column elementor-col-50 elementor-inner-column elementor-element elementor-element-2a58cf1\" data-id=\"2a58cf1\" data-element_type=\"column\" data-e-type=\"column\">\n\t\t\t<div class=\"elementor-widget-wrap elementor-element-populated\">\n\t\t\t\t\t\t<div class=\"elementor-element elementor-element-054a232 elementor-widget elementor-widget-text-editor\" data-id=\"054a232\" data-element_type=\"widget\" data-e-type=\"widget\" data-widget_type=\"text-editor.default\">\n\t\t\t\t<div class=\"elementor-widget-container\">\n\t\t\t\t\t\t\t\t\t<p>Le couronnement de Liche\u0144 fut une grande rencontre religieuse qui surpassa toutes les pr\u00e9c\u00e9dentes et rendit le Sanctuaire c\u00e9l\u00e8bre au-del\u00e0 des environs imm\u00e9diats. Les pr\u00e9paratifs de la c\u00e9r\u00e9monie du sacre ont contribu\u00e9 \u00e0 ordonner les abords de l&#039;\u00e9glise et \u00e0 l&#039;adapter \u00e0 l&#039;accueil des p\u00e8lerins. A cette \u00e9poque, il y avait une \u00e9glise gravement endommag\u00e9e sur une colline basse, avec un petit presbyt\u00e8re d\u00e9labr\u00e9. Il y avait aussi une chapelle compl\u00e8tement d\u00e9labr\u00e9e dans le cimeti\u00e8re, des tas d&#039;arbres en d\u00e9composition, une cl\u00f4ture pourrie. Jusqu&#039;au couronnement, Lichen n&#039;\u00e9tait connu que dans le dioc\u00e8se de W\u0142oc\u0142awek. D\u00e8s que l&#039;image miraculeuse a \u00e9t\u00e9 couronn\u00e9e, des p\u00e8lerins de toute la Pologne et de l&#039;\u00e9tranger ont commenc\u00e9 \u00e0 venir au sanctuaire de Liche\u0144.<\/p>\t\t\t\t\t\t\t\t<\/div>\n\t\t\t\t<\/div>\n\t\t\t\t<div class=\"elementor-element elementor-element-b01a8c4 elementor-widget elementor-widget-text-editor\" data-id=\"b01a8c4\" data-element_type=\"widget\" data-e-type=\"widget\" data-widget_type=\"text-editor.default\">\n\t\t\t\t<div class=\"elementor-widget-container\">\n\t\t\t\t\t\t\t\t\t<p>Avant le couronnement, le tableau a \u00e9t\u00e9 mis en conservation \u00e0 Varsovie. La robe d&#039;argent qui cachait les \u00e9l\u00e9ments nationaux - l&#039;aigle et l&#039;inscription - a \u00e9t\u00e9 cach\u00e9e aux yeux des pouvoirs de partition depuis la chute du soul\u00e8vement de janvier. Notre-Dame a re\u00e7u une nouvelle robe et une nouvelle couronne. L&#039;image a \u00e9t\u00e9 plac\u00e9e dans des cadres dor\u00e9s avec 8 aigles polonais sculpt\u00e9s. Il existe des armoiries : papale, primate, mariale et lichen. Le fond est bord\u00e9 de violet royal.<\/p><p>En pr\u00e9paration de la c\u00e9r\u00e9monie, l&#039;histoire de l&#039;Image c\u00e9l\u00e8bre pour ses gr\u00e2ces a \u00e9t\u00e9 compil\u00e9e et propag\u00e9e parmi de nombreux croyants. La distinction de l&#039;image avec les couronnes papales \u00e9tait une sorte de sceau de l&#039;autorit\u00e9 eccl\u00e9siastique pour le culte existant \u00e0 Liche\u0144. Ce fait peut \u00eatre consid\u00e9r\u00e9 comme une reconnaissance indirecte par les autorit\u00e9s eccl\u00e9siastiques des apparitions li\u00e9es \u00e0 la peinture locale. Le couronnement a ouvert une nouvelle \u00e9tape dans l&#039;histoire du Sanctuaire.<\/p>\t\t\t\t\t\t\t\t<\/div>\n\t\t\t\t<\/div>\n\t\t\t\t\t<\/div>\n\t\t<\/div>\n\t\t\t\t<div class=\"elementor-column elementor-col-50 elementor-inner-column elementor-element elementor-element-4e278d7\" data-id=\"4e278d7\" data-element_type=\"column\" data-e-type=\"column\">\n\t\t\t<div class=\"elementor-widget-wrap elementor-element-populated\">\n\t\t\t\t\t\t<div class=\"elementor-element elementor-element-94728da elementor-widget elementor-widget-image\" data-id=\"94728da\" data-element_type=\"widget\" data-e-type=\"widget\" data-widget_type=\"image.default\">\n\t\t\t\t<div class=\"elementor-widget-container\">\n\t\t\t\t\t\t\t\t\t\t\t\t\t\t\t<img decoding=\"async\" width=\"768\" height=\"1153\" src=\"https:\/\/www.lichen.pl\/wp-content\/uploads\/2021\/07\/1-Koronacja-1967-768x1153.jpg\" class=\"attachment-medium_large size-medium_large wp-image-18290\" alt=\"\" srcset=\"https:\/\/www.lichen.pl\/wp-content\/uploads\/2021\/07\/1-Koronacja-1967-768x1153.jpg 768w, https:\/\/www.lichen.pl\/wp-content\/uploads\/2021\/07\/1-Koronacja-1967-200x300.jpg 200w, https:\/\/www.lichen.pl\/wp-content\/uploads\/2021\/07\/1-Koronacja-1967-682x1024.jpg 682w, https:\/\/www.lichen.pl\/wp-content\/uploads\/2021\/07\/1-Koronacja-1967.jpg 799w\" sizes=\"(max-width: 768px) 100vw, 768px\" \/>\t\t\t\t\t\t\t\t\t\t\t\t\t\t\t<\/div>\n\t\t\t\t<\/div>\n\t\t\t\t\t<\/div>\n\t\t<\/div>\n\t\t\t\t\t<\/div>\n\t\t<\/section>\n\t\t\t\t\t<\/div>\n\t\t<\/div>\n\t\t\t\t\t<\/div>\n\t\t<\/section>\n\t\t\t\t<section class=\"elementor-section elementor-top-section elementor-element elementor-element-d9f887f elementor-section-boxed elementor-section-height-default elementor-section-height-default\" data-id=\"d9f887f\" data-element_type=\"section\" data-e-type=\"section\">\n\t\t\t\t\t\t<div class=\"elementor-container elementor-column-gap-default\">\n\t\t\t\t\t<div class=\"elementor-column elementor-col-100 elementor-top-column elementor-element elementor-element-488ddde\" data-id=\"488ddde\" data-element_type=\"column\" data-e-type=\"column\">\n\t\t\t<div class=\"elementor-widget-wrap elementor-element-populated\">\n\t\t\t\t\t\t<div class=\"elementor-element elementor-element-55857b8 elementor-widget-divider--view-line elementor-widget elementor-widget-divider\" data-id=\"55857b8\" data-element_type=\"widget\" data-e-type=\"widget\" data-widget_type=\"divider.default\">\n\t\t\t\t<div class=\"elementor-widget-container\">\n\t\t\t\t\t\t\t<div class=\"elementor-divider\">\n\t\t\t<span class=\"elementor-divider-separator\">\n\t\t\t\t\t\t<\/span>\n\t\t<\/div>\n\t\t\t\t\t\t<\/div>\n\t\t\t\t<\/div>\n\t\t\t\t\t<\/div>\n\t\t<\/div>\n\t\t\t\t\t<\/div>\n\t\t<\/section>\n\t\t\t\t<\/div>","protected":false},"excerpt":{"rendered":"<p>W zwi\u0105zku z og\u00f3lnopolskimi obchodami jubileuszu Tysi\u0105clecia Chrztu Polski w 1966 roku Episkopat Polski skierowa\u0142 wniosek do papie\u017ca Paw\u0142a VI o wydanie dekretu koronacyjnego dla Cudownego Wizerunku Matki Bo\u017cej Liche\u0144skiej. Papie\u017c taki dekret wyda\u0142, a koronacji dokona\u0142 15 sierpnia 1967 roku Czcigodny S\u0142uga Bo\u017cy, kardyna\u0142 Stefan Wyszy\u0144ski, prymas Polski. Korona nadana na mocy dekretu papie\u017ca [&hellip;]<\/p>\n","protected":false},"author":2,"featured_media":0,"parent":0,"menu_order":0,"comment_status":"closed","ping_status":"closed","template":"","meta":{"footnotes":""},"class_list":["post-18181","page","type-page","status-publish","hentry","wpbf-post"],"yoast_head":"<!-- This site is optimized with the Yoast SEO plugin v27.4 - https:\/\/yoast.com\/product\/yoast-seo-wordpress\/ -->\n<title>Koronacja obrazu Matki Bo\u017cej Liche\u0144skiej - SANKTUARIUM W LICHENIU<\/title>\n<meta name=\"robots\" content=\"index, follow, max-snippet:-1, max-image-preview:large, max-video-preview:-1\" \/>\n<link rel=\"canonical\" href=\"https:\/\/www.lichen.pl\/fr\/koronacja-obrazu-matki-bozej-lichenskiej\/\" \/>\n<meta property=\"og:locale\" content=\"fr_FR\" \/>\n<meta property=\"og:type\" content=\"article\" \/>\n<meta property=\"og:title\" content=\"Koronacja obrazu Matki Bo\u017cej Liche\u0144skiej - SANKTUARIUM W LICHENIU\" \/>\n<meta property=\"og:description\" content=\"W zwi\u0105zku z og\u00f3lnopolskimi obchodami jubileuszu Tysi\u0105clecia Chrztu Polski w 1966 roku Episkopat Polski skierowa\u0142 wniosek do papie\u017ca Paw\u0142a VI o wydanie dekretu koronacyjnego dla Cudownego Wizerunku Matki Bo\u017cej Liche\u0144skiej. Papie\u017c taki dekret wyda\u0142, a koronacji dokona\u0142 15 sierpnia 1967 roku Czcigodny S\u0142uga Bo\u017cy, kardyna\u0142 Stefan Wyszy\u0144ski, prymas Polski. Korona nadana na mocy dekretu papie\u017ca [&hellip;]\" \/>\n<meta property=\"og:url\" content=\"https:\/\/www.lichen.pl\/fr\/koronacja-obrazu-matki-bozej-lichenskiej\/\" \/>\n<meta property=\"og:site_name\" content=\"SANKTUARIUM W LICHENIU\" \/>\n<meta property=\"article:modified_time\" content=\"2022-08-11T08:55:23+00:00\" \/>\n<meta property=\"og:image\" content=\"https:\/\/www.lichen.pl\/wp-content\/uploads\/2021\/07\/2-Koronacja-1967.jpg\" \/>\n<meta name=\"twitter:card\" content=\"summary_large_image\" \/>\n<meta name=\"twitter:label1\" content=\"Dur\u00e9e de lecture estim\u00e9e\" \/>\n\t<meta name=\"twitter:data1\" content=\"4 minutes\" \/>\n<script type=\"application\/ld+json\" class=\"yoast-schema-graph\">{\"@context\":\"https:\\\/\\\/schema.org\",\"@graph\":[{\"@type\":\"WebPage\",\"@id\":\"https:\\\/\\\/www.lichen.pl\\\/koronacja-obrazu-matki-bozej-lichenskiej\\\/\",\"url\":\"https:\\\/\\\/www.lichen.pl\\\/koronacja-obrazu-matki-bozej-lichenskiej\\\/\",\"name\":\"Koronacja obrazu Matki Bo\u017cej Liche\u0144skiej - SANKTUARIUM W LICHENIU\",\"isPartOf\":{\"@id\":\"https:\\\/\\\/www.lichen.pl\\\/fr\\\/#website\"},\"primaryImageOfPage\":{\"@id\":\"https:\\\/\\\/www.lichen.pl\\\/koronacja-obrazu-matki-bozej-lichenskiej\\\/#primaryimage\"},\"image\":{\"@id\":\"https:\\\/\\\/www.lichen.pl\\\/koronacja-obrazu-matki-bozej-lichenskiej\\\/#primaryimage\"},\"thumbnailUrl\":\"https:\\\/\\\/www.lichen.pl\\\/wp-content\\\/uploads\\\/2021\\\/07\\\/2-Koronacja-1967.jpg\",\"datePublished\":\"2021-07-09T09:11:51+00:00\",\"dateModified\":\"2022-08-11T08:55:23+00:00\",\"breadcrumb\":{\"@id\":\"https:\\\/\\\/www.lichen.pl\\\/koronacja-obrazu-matki-bozej-lichenskiej\\\/#breadcrumb\"},\"inLanguage\":\"fr-FR\",\"potentialAction\":[{\"@type\":\"ReadAction\",\"target\":[\"https:\\\/\\\/www.lichen.pl\\\/koronacja-obrazu-matki-bozej-lichenskiej\\\/\"]}]},{\"@type\":\"ImageObject\",\"inLanguage\":\"fr-FR\",\"@id\":\"https:\\\/\\\/www.lichen.pl\\\/koronacja-obrazu-matki-bozej-lichenskiej\\\/#primaryimage\",\"url\":\"https:\\\/\\\/www.lichen.pl\\\/wp-content\\\/uploads\\\/2021\\\/07\\\/2-Koronacja-1967.jpg\",\"contentUrl\":\"https:\\\/\\\/www.lichen.pl\\\/wp-content\\\/uploads\\\/2021\\\/07\\\/2-Koronacja-1967.jpg\"},{\"@type\":\"BreadcrumbList\",\"@id\":\"https:\\\/\\\/www.lichen.pl\\\/koronacja-obrazu-matki-bozej-lichenskiej\\\/#breadcrumb\",\"itemListElement\":[{\"@type\":\"ListItem\",\"position\":1,\"name\":\"Strona g\u0142\u00f3wna\",\"item\":\"https:\\\/\\\/www.lichen.pl\\\/\"},{\"@type\":\"ListItem\",\"position\":2,\"name\":\"Koronacja obrazu Matki Bo\u017cej Liche\u0144skiej\"}]},{\"@type\":\"WebSite\",\"@id\":\"https:\\\/\\\/www.lichen.pl\\\/fr\\\/#website\",\"url\":\"https:\\\/\\\/www.lichen.pl\\\/fr\\\/\",\"name\":\"SANKTUARIUM W LICHENIU\",\"description\":\"MATKI BO\u017bEJ LICHE\u0143SKIEJ BOLESNEJ KR\u00d3LOWEJ POLSKI\",\"potentialAction\":[{\"@type\":\"SearchAction\",\"target\":{\"@type\":\"EntryPoint\",\"urlTemplate\":\"https:\\\/\\\/www.lichen.pl\\\/fr\\\/?s={search_term_string}\"},\"query-input\":{\"@type\":\"PropertyValueSpecification\",\"valueRequired\":true,\"valueName\":\"search_term_string\"}}],\"inLanguage\":\"fr-FR\"}]}<\/script>\n<!-- \/ Yoast SEO plugin. -->","yoast_head_json":{"title":"Koronacja obrazu Matki Bo\u017cej Liche\u0144skiej - SANKTUARIUM W LICHENIU","robots":{"index":"index","follow":"follow","max-snippet":"max-snippet:-1","max-image-preview":"max-image-preview:large","max-video-preview":"max-video-preview:-1"},"canonical":"https:\/\/www.lichen.pl\/fr\/koronacja-obrazu-matki-bozej-lichenskiej\/","og_locale":"fr_FR","og_type":"article","og_title":"Koronacja obrazu Matki Bo\u017cej Liche\u0144skiej - SANKTUARIUM W LICHENIU","og_description":"W zwi\u0105zku z og\u00f3lnopolskimi obchodami jubileuszu Tysi\u0105clecia Chrztu Polski w 1966 roku Episkopat Polski skierowa\u0142 wniosek do papie\u017ca Paw\u0142a VI o wydanie dekretu koronacyjnego dla Cudownego Wizerunku Matki Bo\u017cej Liche\u0144skiej. Papie\u017c taki dekret wyda\u0142, a koronacji dokona\u0142 15 sierpnia 1967 roku Czcigodny S\u0142uga Bo\u017cy, kardyna\u0142 Stefan Wyszy\u0144ski, prymas Polski. Korona nadana na mocy dekretu papie\u017ca [&hellip;]","og_url":"https:\/\/www.lichen.pl\/fr\/koronacja-obrazu-matki-bozej-lichenskiej\/","og_site_name":"SANKTUARIUM W LICHENIU","article_modified_time":"2022-08-11T08:55:23+00:00","og_image":[{"url":"https:\/\/www.lichen.pl\/wp-content\/uploads\/2021\/07\/2-Koronacja-1967.jpg","type":"","width":"","height":""}],"twitter_card":"summary_large_image","twitter_misc":{"Dur\u00e9e de lecture estim\u00e9e":"4 minutes"},"schema":{"@context":"https:\/\/schema.org","@graph":[{"@type":"WebPage","@id":"https:\/\/www.lichen.pl\/koronacja-obrazu-matki-bozej-lichenskiej\/","url":"https:\/\/www.lichen.pl\/koronacja-obrazu-matki-bozej-lichenskiej\/","name":"Koronacja obrazu Matki Bo\u017cej Liche\u0144skiej - SANKTUARIUM W LICHENIU","isPartOf":{"@id":"https:\/\/www.lichen.pl\/fr\/#website"},"primaryImageOfPage":{"@id":"https:\/\/www.lichen.pl\/koronacja-obrazu-matki-bozej-lichenskiej\/#primaryimage"},"image":{"@id":"https:\/\/www.lichen.pl\/koronacja-obrazu-matki-bozej-lichenskiej\/#primaryimage"},"thumbnailUrl":"https:\/\/www.lichen.pl\/wp-content\/uploads\/2021\/07\/2-Koronacja-1967.jpg","datePublished":"2021-07-09T09:11:51+00:00","dateModified":"2022-08-11T08:55:23+00:00","breadcrumb":{"@id":"https:\/\/www.lichen.pl\/koronacja-obrazu-matki-bozej-lichenskiej\/#breadcrumb"},"inLanguage":"fr-FR","potentialAction":[{"@type":"ReadAction","target":["https:\/\/www.lichen.pl\/koronacja-obrazu-matki-bozej-lichenskiej\/"]}]},{"@type":"ImageObject","inLanguage":"fr-FR","@id":"https:\/\/www.lichen.pl\/koronacja-obrazu-matki-bozej-lichenskiej\/#primaryimage","url":"https:\/\/www.lichen.pl\/wp-content\/uploads\/2021\/07\/2-Koronacja-1967.jpg","contentUrl":"https:\/\/www.lichen.pl\/wp-content\/uploads\/2021\/07\/2-Koronacja-1967.jpg"},{"@type":"BreadcrumbList","@id":"https:\/\/www.lichen.pl\/koronacja-obrazu-matki-bozej-lichenskiej\/#breadcrumb","itemListElement":[{"@type":"ListItem","position":1,"name":"Strona g\u0142\u00f3wna","item":"https:\/\/www.lichen.pl\/"},{"@type":"ListItem","position":2,"name":"Koronacja obrazu Matki Bo\u017cej Liche\u0144skiej"}]},{"@type":"WebSite","@id":"https:\/\/www.lichen.pl\/fr\/#website","url":"https:\/\/www.lichen.pl\/fr\/","name":"SANCTUAIRE EN LICHENIE","description":"LA MAUVAISE REINE DE POLOGNE DE NOTRE LICHEN","potentialAction":[{"@type":"SearchAction","target":{"@type":"EntryPoint","urlTemplate":"https:\/\/www.lichen.pl\/fr\/?s={search_term_string}"},"query-input":{"@type":"PropertyValueSpecification","valueRequired":true,"valueName":"search_term_string"}}],"inLanguage":"fr-FR"}]}},"_links":{"self":[{"href":"https:\/\/www.lichen.pl\/fr\/wp-json\/wp\/v2\/pages\/18181","targetHints":{"allow":["GET"]}}],"collection":[{"href":"https:\/\/www.lichen.pl\/fr\/wp-json\/wp\/v2\/pages"}],"about":[{"href":"https:\/\/www.lichen.pl\/fr\/wp-json\/wp\/v2\/types\/page"}],"author":[{"embeddable":true,"href":"https:\/\/www.lichen.pl\/fr\/wp-json\/wp\/v2\/users\/2"}],"replies":[{"embeddable":true,"href":"https:\/\/www.lichen.pl\/fr\/wp-json\/wp\/v2\/comments?post=18181"}],"version-history":[{"count":14,"href":"https:\/\/www.lichen.pl\/fr\/wp-json\/wp\/v2\/pages\/18181\/revisions"}],"predecessor-version":[{"id":44041,"href":"https:\/\/www.lichen.pl\/fr\/wp-json\/wp\/v2\/pages\/18181\/revisions\/44041"}],"wp:attachment":[{"href":"https:\/\/www.lichen.pl\/fr\/wp-json\/wp\/v2\/media?parent=18181"}],"curies":[{"name":"wp","href":"https:\/\/api.w.org\/{rel}","templated":true}]}}