{"id":2411,"date":"2020-10-22T07:42:02","date_gmt":"2020-10-22T07:42:02","guid":{"rendered":"http:\/\/www.lichen.pl\/parafia-copy\/"},"modified":"2025-05-13T10:44:01","modified_gmt":"2025-05-13T08:44:01","slug":"wspolnoty","status":"publish","type":"page","link":"https:\/\/www.lichen.pl\/fr\/wspolnoty\/","title":{"rendered":"Wsp\u00f3lnoty"},"content":{"rendered":"<div data-elementor-type=\"wp-page\" data-elementor-id=\"2411\" class=\"elementor elementor-2411\" data-elementor-post-type=\"page\">\n\t\t\t\t\t\t<section class=\"elementor-section elementor-top-section elementor-element elementor-element-6232e5cc elementor-section-boxed elementor-section-height-default elementor-section-height-default\" data-id=\"6232e5cc\" data-element_type=\"section\" data-e-type=\"section\" data-settings=\"{&quot;background_background&quot;:&quot;classic&quot;}\">\n\t\t\t\t\t\t<div class=\"elementor-container elementor-column-gap-default\">\n\t\t\t\t\t<div class=\"elementor-column elementor-col-100 elementor-top-column elementor-element elementor-element-1bbbd593\" data-id=\"1bbbd593\" data-element_type=\"column\" data-e-type=\"column\">\n\t\t\t<div class=\"elementor-widget-wrap elementor-element-populated\">\n\t\t\t\t\t\t<div class=\"elementor-element elementor-element-160b881d elementor-view-default elementor-widget elementor-widget-icon\" data-id=\"160b881d\" data-element_type=\"widget\" data-e-type=\"widget\" data-widget_type=\"icon.default\">\n\t\t\t\t<div class=\"elementor-widget-container\">\n\t\t\t\t\t\t\t<div class=\"elementor-icon-wrapper\">\n\t\t\t<div class=\"elementor-icon\">\n\t\t\t<svg xmlns=\"http:\/\/www.w3.org\/2000\/svg\" height=\"512pt\" viewbox=\"-105 0 512 512.00002\" width=\"512pt\"><path d=\"m150.601562 0c-83.042968 0-150.601562 67.558594-150.601562 150.601562v210.796876c0 83.042968 67.558594 150.601562 150.601562 150.601562 83.042969 0 150.601563-67.558594 150.601563-150.601562v-210.796876c0-83.042968-67.558594-150.601562-150.601563-150.601562zm119.882813 361.398438c0 66.101562-53.78125 119.882812-119.882813 119.882812-66.101562 0-119.882812-53.78125-119.882812-119.882812v-210.796876c0-66.101562 53.78125-119.882812 119.882812-119.882812 66.101563 0 119.882813 53.78125 119.882813 119.882812zm0 0\"><\/path><path d=\"m150.605469 101.851562c-8.484375 0-15.359375 6.875-15.359375 15.359376v70.695312c0 8.480469 6.875 15.359375 15.359375 15.359375 8.480469 0 15.359375-6.878906 15.359375-15.359375v-70.695312c0-8.484376-6.875-15.359376-15.359375-15.359376zm0 0\"><\/path><\/svg>\t\t\t<\/div>\n\t\t<\/div>\n\t\t\t\t\t\t<\/div>\n\t\t\t\t<\/div>\n\t\t\t\t<div class=\"elementor-element elementor-element-a2be497 elementor-widget elementor-widget-text-editor\" data-id=\"a2be497\" data-element_type=\"widget\" data-e-type=\"widget\" data-widget_type=\"text-editor.default\">\n\t\t\t\t<div class=\"elementor-widget-container\">\n\t\t\t\t\t\t\t\t\t<p>D\u00c9FILER VERS LE BAS<\/p>\t\t\t\t\t\t\t\t<\/div>\n\t\t\t\t<\/div>\n\t\t\t\t\t<\/div>\n\t\t<\/div>\n\t\t\t\t\t<\/div>\n\t\t<\/section>\n\t\t\t\t<section class=\"elementor-section elementor-top-section elementor-element elementor-element-4192295c elementor-section-boxed elementor-section-height-default elementor-section-height-default\" data-id=\"4192295c\" data-element_type=\"section\" data-e-type=\"section\" data-settings=\"{&quot;background_background&quot;:&quot;classic&quot;}\">\n\t\t\t\t\t\t\t<div class=\"elementor-background-overlay\"><\/div>\n\t\t\t\t\t\t\t<div class=\"elementor-container elementor-column-gap-default\">\n\t\t\t\t\t<div class=\"elementor-column elementor-col-66 elementor-top-column elementor-element elementor-element-50e97f52\" data-id=\"50e97f52\" data-element_type=\"column\" data-e-type=\"column\">\n\t\t\t<div class=\"elementor-widget-wrap elementor-element-populated\">\n\t\t\t\t\t\t<div class=\"elementor-element elementor-element-692d31f0 elementor-widget-divider--view-line_text elementor-widget-divider--element-align-center elementor-widget elementor-widget-divider\" data-id=\"692d31f0\" data-element_type=\"widget\" data-e-type=\"widget\" data-widget_type=\"divider.default\">\n\t\t\t\t<div class=\"elementor-widget-container\">\n\t\t\t\t\t\t\t<div class=\"elementor-divider\">\n\t\t\t<span class=\"elementor-divider-separator\">\n\t\t\t\t\t\t<\/span>\n\t\t<\/div>\n\t\t\t\t\t\t<\/div>\n\t\t\t\t<\/div>\n\t\t\t\t<section class=\"elementor-section elementor-inner-section elementor-element elementor-element-c8038ab elementor-section-boxed elementor-section-height-default elementor-section-height-default\" data-id=\"c8038ab\" data-element_type=\"section\" data-e-type=\"section\">\n\t\t\t\t\t\t<div class=\"elementor-container elementor-column-gap-default\">\n\t\t\t\t\t<div class=\"elementor-column elementor-col-100 elementor-inner-column elementor-element elementor-element-9c5fa39\" data-id=\"9c5fa39\" data-element_type=\"column\" data-e-type=\"column\">\n\t\t\t<div class=\"elementor-widget-wrap elementor-element-populated\">\n\t\t\t\t\t\t<div class=\"elementor-element elementor-element-06862bb elementor-position-left elementor-vertical-align-middle elementor-widget elementor-widget-image-box\" data-id=\"06862bb\" data-element_type=\"widget\" data-e-type=\"widget\" data-widget_type=\"image-box.default\">\n\t\t\t\t<div class=\"elementor-widget-container\">\n\t\t\t\t\t<div class=\"elementor-image-box-wrapper\"><figure class=\"elementor-image-box-img\"><a href=\"https:\/\/www.lichen.pl\/fr\/zgromadzenie-ksiezy-i-braci-marianow\/\" target=\"_blank\" tabindex=\"-1\"><img fetchpriority=\"high\" decoding=\"async\" width=\"1200\" height=\"1188\" src=\"https:\/\/www.lichen.pl\/wp-content\/uploads\/2021\/05\/1200px-MIC_COA_2009.png\" class=\"attachment-full size-full wp-image-10537\" alt=\"\" srcset=\"https:\/\/www.lichen.pl\/wp-content\/uploads\/2021\/05\/1200px-MIC_COA_2009.png 1200w, https:\/\/www.lichen.pl\/wp-content\/uploads\/2021\/05\/1200px-MIC_COA_2009-800x792.png 800w, https:\/\/www.lichen.pl\/wp-content\/uploads\/2021\/05\/1200px-MIC_COA_2009-300x297.png 300w, https:\/\/www.lichen.pl\/wp-content\/uploads\/2021\/05\/1200px-MIC_COA_2009-1024x1014.png 1024w, https:\/\/www.lichen.pl\/wp-content\/uploads\/2021\/05\/1200px-MIC_COA_2009-150x150.png 150w, https:\/\/www.lichen.pl\/wp-content\/uploads\/2021\/05\/1200px-MIC_COA_2009-768x760.png 768w\" sizes=\"(max-width: 1200px) 100vw, 1200px\" \/><\/a><\/figure><div class=\"elementor-image-box-content\"><h4 class=\"elementor-image-box-title\"><a href=\"https:\/\/www.lichen.pl\/fr\/zgromadzenie-ksiezy-i-braci-marianow\/\" target=\"_blank\">Zgromadzenie Ksi\u0119\u017cy i Braci Marian\u00f3w<\/a><\/h4><p class=\"elementor-image-box-description\">Marianie to wsp\u00f3lnota zakonna za\u0142o\u017cona w XVII w. przez \u015bw. Ojca Stanis\u0142awa Papczy\u0144skiego. Pocz\u0105tkowo marianie zajmowali si\u0119 g\u0142oszeniem rekolekcji, prowadzeniem misji ludowych, prowadzeniem szk\u00f3\u0142 przyklasztornych. Obecnie pracuj\u0105 w 19 krajach \u015bwiata, w liczbie ponad 450 ksi\u0119\u017cy i braci zgromadzonych w 80 wsp\u00f3lnotach. \n\n<\/p><\/div><\/div>\t\t\t\t<\/div>\n\t\t\t\t<\/div>\n\t\t\t\t<div class=\"elementor-element elementor-element-3447a66 elementor-position-left elementor-vertical-align-middle elementor-widget elementor-widget-image-box\" data-id=\"3447a66\" data-element_type=\"widget\" data-e-type=\"widget\" data-widget_type=\"image-box.default\">\n\t\t\t\t<div class=\"elementor-widget-container\">\n\t\t\t\t\t<div class=\"elementor-image-box-wrapper\"><figure class=\"elementor-image-box-img\"><a href=\"https:\/\/www.lichen.pl\/fr\/zgromadzenie-siostr-imienia-jezus\/\" target=\"_blank\" tabindex=\"-1\"><img decoding=\"async\" width=\"225\" height=\"225\" src=\"https:\/\/www.lichen.pl\/wp-content\/uploads\/2021\/05\/pobrane.png\" class=\"attachment-full size-full wp-image-10136\" alt=\"\" srcset=\"https:\/\/www.lichen.pl\/wp-content\/uploads\/2021\/05\/pobrane.png 225w, https:\/\/www.lichen.pl\/wp-content\/uploads\/2021\/05\/pobrane-150x150.png 150w\" sizes=\"(max-width: 225px) 100vw, 225px\" \/><\/a><\/figure><div class=\"elementor-image-box-content\"><h4 class=\"elementor-image-box-title\"><a href=\"https:\/\/www.lichen.pl\/fr\/zgromadzenie-siostr-imienia-jezus\/\" target=\"_blank\">Zgromadzenie Si\u00f3str Naj\u015bwi\u0119tszego Imienia Jezus <\/a><\/h4><p class=\"elementor-image-box-description\">Siostry Imienia Jezus na\u015bladuj\u0105 ciche i ukryte \u017cycie eucharystyczne, kt\u00f3re Pan upodoba\u0142 sobie zamieszkuj\u0105c w\u015br\u00f3d ludzi w spos\u00f3b sakramentalny. Wsp\u00f3\u0142za\u0142o\u017cycielk\u0105 Zgromadzenia jest S\u0142uga Bo\u017ca Franciszka Maria Witkowska. Maj\u0105c dwadzie\u015bcia jeden lat na polecenie b\u0142. Honorata, zorganizowa\u0142a \u017cycie i dzia\u0142alno\u015b\u0107 rodz\u0105cego si\u0119 zgromadzenia.<\/p><\/div><\/div>\t\t\t\t<\/div>\n\t\t\t\t<\/div>\n\t\t\t\t<div class=\"elementor-element elementor-element-c4f1202 elementor-position-left elementor-vertical-align-middle elementor-widget elementor-widget-image-box\" data-id=\"c4f1202\" data-element_type=\"widget\" data-e-type=\"widget\" data-widget_type=\"image-box.default\">\n\t\t\t\t<div class=\"elementor-widget-container\">\n\t\t\t\t\t<div class=\"elementor-image-box-wrapper\"><figure class=\"elementor-image-box-img\"><a href=\"https:\/\/www.lichen.pl\/fr\/anuncjatki-zakon-najswietszej-maryi-panny\/\" target=\"_blank\" tabindex=\"-1\"><img decoding=\"async\" width=\"400\" height=\"400\" src=\"https:\/\/www.lichen.pl\/wp-content\/uploads\/2021\/07\/logoanun.png\" class=\"attachment-full size-full wp-image-24870\" alt=\"\" srcset=\"https:\/\/www.lichen.pl\/wp-content\/uploads\/2021\/07\/logoanun.png 400w, https:\/\/www.lichen.pl\/wp-content\/uploads\/2021\/07\/logoanun-300x300.png 300w, https:\/\/www.lichen.pl\/wp-content\/uploads\/2021\/07\/logoanun-150x150.png 150w\" sizes=\"(max-width: 400px) 100vw, 400px\" \/><\/a><\/figure><div class=\"elementor-image-box-content\"><h4 class=\"elementor-image-box-title\"><a href=\"https:\/\/www.lichen.pl\/fr\/anuncjatki-zakon-najswietszej-maryi-panny\/\" target=\"_blank\">Anuncjatki Zakon Naj\u015bwi\u0119tszej Maryi Panny<\/a><\/h4><p class=\"elementor-image-box-description\">Zakon Naj\u015bwi\u0119tszej Maryi Panny, znany tak\u017ce pod nazw\u0105 Annonciade (w polskim t\u0142umaczeniu Anuncjatki), zosta\u0142 za\u0142o\u017cony w 1501 roku przez \u015bw. Joann\u0119 Francusk\u0105 (nazwisko rodowe de Valois) przy aktywnym wsparciu i za rad\u0105 franciszkanina o. Gilberta Nicolasa znanego r\u00f3wnie\u017c pod imieniem b\u0142. Gabriela Marii.\n\n<\/p><\/div><\/div>\t\t\t\t<\/div>\n\t\t\t\t<\/div>\n\t\t\t\t<div class=\"elementor-element elementor-element-eb2323c elementor-position-left elementor-vertical-align-middle elementor-widget elementor-widget-image-box\" data-id=\"eb2323c\" data-element_type=\"widget\" data-e-type=\"widget\" data-widget_type=\"image-box.default\">\n\t\t\t\t<div class=\"elementor-widget-container\">\n\t\t\t\t\t<div class=\"elementor-image-box-wrapper\"><figure class=\"elementor-image-box-img\"><a href=\"https:\/\/www.lichen.pl\/fr\/wspolnota-modlitewna\/\" target=\"_blank\" tabindex=\"-1\"><img loading=\"lazy\" decoding=\"async\" width=\"1920\" height=\"1280\" src=\"https:\/\/www.lichen.pl\/wp-content\/uploads\/2020\/02\/z-i-2JIuIIQO6Ek-unsplash-scaled.jpg\" class=\"attachment-full size-full wp-image-550\" alt=\"\" srcset=\"https:\/\/www.lichen.pl\/wp-content\/uploads\/2020\/02\/z-i-2JIuIIQO6Ek-unsplash-scaled.jpg 1920w, https:\/\/www.lichen.pl\/wp-content\/uploads\/2020\/02\/z-i-2JIuIIQO6Ek-unsplash-scaled-800x533.jpg 800w, https:\/\/www.lichen.pl\/wp-content\/uploads\/2020\/02\/z-i-2JIuIIQO6Ek-unsplash-300x200.jpg 300w, https:\/\/www.lichen.pl\/wp-content\/uploads\/2020\/02\/z-i-2JIuIIQO6Ek-unsplash-1024x683.jpg 1024w, https:\/\/www.lichen.pl\/wp-content\/uploads\/2020\/02\/z-i-2JIuIIQO6Ek-unsplash-768x512.jpg 768w, https:\/\/www.lichen.pl\/wp-content\/uploads\/2020\/02\/z-i-2JIuIIQO6Ek-unsplash-1536x1024.jpg 1536w, https:\/\/www.lichen.pl\/wp-content\/uploads\/2020\/02\/z-i-2JIuIIQO6Ek-unsplash-2048x1365.jpg 2048w\" sizes=\"(max-width: 1920px) 100vw, 1920px\" \/><\/a><\/figure><div class=\"elementor-image-box-content\"><h4 class=\"elementor-image-box-title\"><a href=\"https:\/\/www.lichen.pl\/fr\/wspolnota-modlitewna\/\" target=\"_blank\">Wsp\u00f3lnota modlitwy<\/a><\/h4><p class=\"elementor-image-box-description\">La pri\u00e8re que tous les membres de la Communaut\u00e9 disent chaque jour est le Chapelet des Dix Vertus de la Bienheureuse Vierge Marie. Il montre et souligne les vertus de Marie, et en m\u00eame temps nous invite \u00e0 les suivre dans la vie de tous les jours. Les intentions qui paraissent tr\u00e8s actuelles ont \u00e9t\u00e9 r\u00e9parties en sept groupes.<\/p><\/div><\/div>\t\t\t\t<\/div>\n\t\t\t\t<\/div>\n\t\t\t\t<div class=\"elementor-element elementor-element-19e5132 elementor-position-left elementor-vertical-align-middle elementor-widget elementor-widget-image-box\" data-id=\"19e5132\" data-element_type=\"widget\" data-e-type=\"widget\" data-widget_type=\"image-box.default\">\n\t\t\t\t<div class=\"elementor-widget-container\">\n\t\t\t\t\t<div class=\"elementor-image-box-wrapper\"><figure class=\"elementor-image-box-img\"><a href=\"https:\/\/www.lichen.pl\/fr\/lichenska-wspolnota-rozancowa\/\" target=\"_blank\" tabindex=\"-1\"><img loading=\"lazy\" decoding=\"async\" width=\"200\" height=\"140\" src=\"https:\/\/www.lichen.pl\/wp-content\/uploads\/2021\/05\/pobrane.jpg\" class=\"attachment-full size-full wp-image-10026\" alt=\"Liche\u0144ska Wsp\u00f3lnota R\u00f3\u017ca\u0144cowa\" \/><\/a><\/figure><div class=\"elementor-image-box-content\"><h4 class=\"elementor-image-box-title\"><a href=\"https:\/\/www.lichen.pl\/fr\/lichenska-wspolnota-rozancowa\/\" target=\"_blank\">Liche\u0144ska Wsp\u00f3lnota R\u00f3\u017ca\u0144cowa<\/a><\/h4><p class=\"elementor-image-box-description\">Odmawiaj\u0105c r\u00f3\u017caniec, sercem trwamy przy Matce Bo\u017cej Liche\u0144skiej. Dbamy te\u017c o podtrzymywanie, w miar\u0119 mo\u017cliwo\u015bci,  wi\u0119zi z liche\u0144skim sanktuarium m.in. poprzez lektur\u0119 liche\u0144skich czasopism, takich jak: \"Pielgrzym Liche\u0144ski\", \"Zeszyty Maryjne\", \"Matka Pokoju\", a tak\u017ce poprzez uczestnictwo w rekolekcjach r\u00f3\u017ca\u0144cowych oraz coroczne pielgrzymowanie do sanktuarium liche\u0144skiego.<\/p><\/div><\/div>\t\t\t\t<\/div>\n\t\t\t\t<\/div>\n\t\t\t\t\t<\/div>\n\t\t<\/div>\n\t\t\t\t\t<\/div>\n\t\t<\/section>\n\t\t\t\t\t<\/div>\n\t\t<\/div>\n\t\t\t\t<div class=\"elementor-column elementor-col-33 elementor-top-column elementor-element elementor-element-4e79d96\" data-id=\"4e79d96\" data-element_type=\"column\" data-e-type=\"column\" data-settings=\"{&quot;background_background&quot;:&quot;classic&quot;}\">\n\t\t\t<div class=\"elementor-widget-wrap elementor-element-populated\">\n\t\t\t\t\t\t\t<\/div>\n\t\t<\/div>\n\t\t\t\t\t<\/div>\n\t\t<\/section>\n\t\t\t\t<section class=\"elementor-section elementor-top-section elementor-element elementor-element-ed97b12 elementor-section-boxed elementor-section-height-default elementor-section-height-default\" data-id=\"ed97b12\" data-element_type=\"section\" data-e-type=\"section\">\n\t\t\t\t\t\t<div class=\"elementor-container elementor-column-gap-default\">\n\t\t\t\t\t<div class=\"elementor-column elementor-col-100 elementor-top-column elementor-element elementor-element-7ec8932\" data-id=\"7ec8932\" data-element_type=\"column\" data-e-type=\"column\">\n\t\t\t<div class=\"elementor-widget-wrap elementor-element-populated\">\n\t\t\t\t\t\t<div class=\"elementor-element elementor-element-d0bfbc8 elementor-widget-divider--view-line elementor-widget elementor-widget-divider\" data-id=\"d0bfbc8\" data-element_type=\"widget\" data-e-type=\"widget\" data-widget_type=\"divider.default\">\n\t\t\t\t<div class=\"elementor-widget-container\">\n\t\t\t\t\t\t\t<div class=\"elementor-divider\">\n\t\t\t<span class=\"elementor-divider-separator\">\n\t\t\t\t\t\t<\/span>\n\t\t<\/div>\n\t\t\t\t\t\t<\/div>\n\t\t\t\t<\/div>\n\t\t\t\t\t<\/div>\n\t\t<\/div>\n\t\t\t\t\t<\/div>\n\t\t<\/section>\n\t\t\t\t<\/div>","protected":false},"excerpt":{"rendered":"<p>PRZEWI\u0143 W D\u00d3\u0141 Zgromadzenie Ksi\u0119\u017cy i Braci Marian\u00f3w Marianie to wsp\u00f3lnota zakonna za\u0142o\u017cona w XVII w. przez \u015bw. Ojca Stanis\u0142awa Papczy\u0144skiego. Pocz\u0105tkowo marianie zajmowali si\u0119 g\u0142oszeniem rekolekcji, prowadzeniem misji ludowych, prowadzeniem szk\u00f3\u0142 przyklasztornych. Obecnie pracuj\u0105 w 19 krajach \u015bwiata, w liczbie ponad 450 ksi\u0119\u017cy i braci zgromadzonych w 80 wsp\u00f3lnotach. Zgromadzenie Si\u00f3str Naj\u015bwi\u0119tszego Imienia Jezus [&hellip;]<\/p>\n","protected":false},"author":1,"featured_media":0,"parent":0,"menu_order":0,"comment_status":"closed","ping_status":"closed","template":"elementor_header_footer","meta":{"footnotes":""},"class_list":["post-2411","page","type-page","status-publish","hentry","wpbf-post"],"yoast_head":"<!-- This site is optimized with the Yoast SEO plugin v27.4 - https:\/\/yoast.com\/product\/yoast-seo-wordpress\/ -->\n<title>Wsp\u00f3lnoty - SANKTUARIUM W LICHENIU<\/title>\n<meta name=\"robots\" content=\"index, follow, max-snippet:-1, max-image-preview:large, max-video-preview:-1\" \/>\n<link rel=\"canonical\" href=\"https:\/\/www.lichen.pl\/fr\/wspolnoty\/\" \/>\n<meta property=\"og:locale\" content=\"fr_FR\" \/>\n<meta property=\"og:type\" content=\"article\" \/>\n<meta property=\"og:title\" content=\"Wsp\u00f3lnoty - SANKTUARIUM W LICHENIU\" \/>\n<meta property=\"og:description\" content=\"PRZEWI\u0143 W D\u00d3\u0141 Zgromadzenie Ksi\u0119\u017cy i Braci Marian\u00f3w Marianie to wsp\u00f3lnota zakonna za\u0142o\u017cona w XVII w. przez \u015bw. Ojca Stanis\u0142awa Papczy\u0144skiego. Pocz\u0105tkowo marianie zajmowali si\u0119 g\u0142oszeniem rekolekcji, prowadzeniem misji ludowych, prowadzeniem szk\u00f3\u0142 przyklasztornych. Obecnie pracuj\u0105 w 19 krajach \u015bwiata, w liczbie ponad 450 ksi\u0119\u017cy i braci zgromadzonych w 80 wsp\u00f3lnotach. Zgromadzenie Si\u00f3str Naj\u015bwi\u0119tszego Imienia Jezus [&hellip;]\" \/>\n<meta property=\"og:url\" content=\"https:\/\/www.lichen.pl\/fr\/wspolnoty\/\" \/>\n<meta property=\"og:site_name\" content=\"SANKTUARIUM W LICHENIU\" \/>\n<meta property=\"article:modified_time\" content=\"2025-05-13T08:44:01+00:00\" \/>\n<meta property=\"og:image\" content=\"https:\/\/www.lichen.pl\/wp-content\/uploads\/2021\/05\/1200px-MIC_COA_2009.png\" \/>\n\t<meta property=\"og:image:width\" content=\"1200\" \/>\n\t<meta property=\"og:image:height\" content=\"1188\" \/>\n\t<meta property=\"og:image:type\" content=\"image\/png\" \/>\n<meta name=\"twitter:card\" content=\"summary_large_image\" \/>\n<meta name=\"twitter:label1\" content=\"Dur\u00e9e de lecture estim\u00e9e\" \/>\n\t<meta name=\"twitter:data1\" content=\"3 minutes\" \/>\n<script type=\"application\/ld+json\" class=\"yoast-schema-graph\">{\"@context\":\"https:\\\/\\\/schema.org\",\"@graph\":[{\"@type\":\"WebPage\",\"@id\":\"https:\\\/\\\/www.lichen.pl\\\/wspolnoty\\\/\",\"url\":\"https:\\\/\\\/www.lichen.pl\\\/wspolnoty\\\/\",\"name\":\"Wsp\u00f3lnoty - SANKTUARIUM W LICHENIU\",\"isPartOf\":{\"@id\":\"https:\\\/\\\/www.lichen.pl\\\/fr\\\/#website\"},\"primaryImageOfPage\":{\"@id\":\"https:\\\/\\\/www.lichen.pl\\\/wspolnoty\\\/#primaryimage\"},\"image\":{\"@id\":\"https:\\\/\\\/www.lichen.pl\\\/wspolnoty\\\/#primaryimage\"},\"thumbnailUrl\":\"https:\\\/\\\/www.lichen.pl\\\/wp-content\\\/uploads\\\/2021\\\/05\\\/1200px-MIC_COA_2009.png\",\"datePublished\":\"2020-10-22T07:42:02+00:00\",\"dateModified\":\"2025-05-13T08:44:01+00:00\",\"breadcrumb\":{\"@id\":\"https:\\\/\\\/www.lichen.pl\\\/wspolnoty\\\/#breadcrumb\"},\"inLanguage\":\"fr-FR\",\"potentialAction\":[{\"@type\":\"ReadAction\",\"target\":[\"https:\\\/\\\/www.lichen.pl\\\/wspolnoty\\\/\"]}]},{\"@type\":\"ImageObject\",\"inLanguage\":\"fr-FR\",\"@id\":\"https:\\\/\\\/www.lichen.pl\\\/wspolnoty\\\/#primaryimage\",\"url\":\"https:\\\/\\\/www.lichen.pl\\\/wp-content\\\/uploads\\\/2021\\\/05\\\/1200px-MIC_COA_2009.png\",\"contentUrl\":\"https:\\\/\\\/www.lichen.pl\\\/wp-content\\\/uploads\\\/2021\\\/05\\\/1200px-MIC_COA_2009.png\"},{\"@type\":\"BreadcrumbList\",\"@id\":\"https:\\\/\\\/www.lichen.pl\\\/wspolnoty\\\/#breadcrumb\",\"itemListElement\":[{\"@type\":\"ListItem\",\"position\":1,\"name\":\"Strona g\u0142\u00f3wna\",\"item\":\"https:\\\/\\\/www.lichen.pl\\\/\"},{\"@type\":\"ListItem\",\"position\":2,\"name\":\"Wsp\u00f3lnoty\"}]},{\"@type\":\"WebSite\",\"@id\":\"https:\\\/\\\/www.lichen.pl\\\/fr\\\/#website\",\"url\":\"https:\\\/\\\/www.lichen.pl\\\/fr\\\/\",\"name\":\"SANKTUARIUM W LICHENIU\",\"description\":\"MATKI BO\u017bEJ LICHE\u0143SKIEJ BOLESNEJ KR\u00d3LOWEJ POLSKI\",\"potentialAction\":[{\"@type\":\"SearchAction\",\"target\":{\"@type\":\"EntryPoint\",\"urlTemplate\":\"https:\\\/\\\/www.lichen.pl\\\/fr\\\/?s={search_term_string}\"},\"query-input\":{\"@type\":\"PropertyValueSpecification\",\"valueRequired\":true,\"valueName\":\"search_term_string\"}}],\"inLanguage\":\"fr-FR\"}]}<\/script>\n<!-- \/ Yoast SEO plugin. -->","yoast_head_json":{"title":"Wsp\u00f3lnoty - SANKTUARIUM W LICHENIU","robots":{"index":"index","follow":"follow","max-snippet":"max-snippet:-1","max-image-preview":"max-image-preview:large","max-video-preview":"max-video-preview:-1"},"canonical":"https:\/\/www.lichen.pl\/fr\/wspolnoty\/","og_locale":"fr_FR","og_type":"article","og_title":"Wsp\u00f3lnoty - SANKTUARIUM W LICHENIU","og_description":"PRZEWI\u0143 W D\u00d3\u0141 Zgromadzenie Ksi\u0119\u017cy i Braci Marian\u00f3w Marianie to wsp\u00f3lnota zakonna za\u0142o\u017cona w XVII w. przez \u015bw. Ojca Stanis\u0142awa Papczy\u0144skiego. Pocz\u0105tkowo marianie zajmowali si\u0119 g\u0142oszeniem rekolekcji, prowadzeniem misji ludowych, prowadzeniem szk\u00f3\u0142 przyklasztornych. Obecnie pracuj\u0105 w 19 krajach \u015bwiata, w liczbie ponad 450 ksi\u0119\u017cy i braci zgromadzonych w 80 wsp\u00f3lnotach. Zgromadzenie Si\u00f3str Naj\u015bwi\u0119tszego Imienia Jezus [&hellip;]","og_url":"https:\/\/www.lichen.pl\/fr\/wspolnoty\/","og_site_name":"SANKTUARIUM W LICHENIU","article_modified_time":"2025-05-13T08:44:01+00:00","og_image":[{"width":1200,"height":1188,"url":"https:\/\/www.lichen.pl\/wp-content\/uploads\/2021\/05\/1200px-MIC_COA_2009.png","type":"image\/png"}],"twitter_card":"summary_large_image","twitter_misc":{"Dur\u00e9e de lecture estim\u00e9e":"3 minutes"},"schema":{"@context":"https:\/\/schema.org","@graph":[{"@type":"WebPage","@id":"https:\/\/www.lichen.pl\/wspolnoty\/","url":"https:\/\/www.lichen.pl\/wspolnoty\/","name":"Wsp\u00f3lnoty - SANKTUARIUM W LICHENIU","isPartOf":{"@id":"https:\/\/www.lichen.pl\/fr\/#website"},"primaryImageOfPage":{"@id":"https:\/\/www.lichen.pl\/wspolnoty\/#primaryimage"},"image":{"@id":"https:\/\/www.lichen.pl\/wspolnoty\/#primaryimage"},"thumbnailUrl":"https:\/\/www.lichen.pl\/wp-content\/uploads\/2021\/05\/1200px-MIC_COA_2009.png","datePublished":"2020-10-22T07:42:02+00:00","dateModified":"2025-05-13T08:44:01+00:00","breadcrumb":{"@id":"https:\/\/www.lichen.pl\/wspolnoty\/#breadcrumb"},"inLanguage":"fr-FR","potentialAction":[{"@type":"ReadAction","target":["https:\/\/www.lichen.pl\/wspolnoty\/"]}]},{"@type":"ImageObject","inLanguage":"fr-FR","@id":"https:\/\/www.lichen.pl\/wspolnoty\/#primaryimage","url":"https:\/\/www.lichen.pl\/wp-content\/uploads\/2021\/05\/1200px-MIC_COA_2009.png","contentUrl":"https:\/\/www.lichen.pl\/wp-content\/uploads\/2021\/05\/1200px-MIC_COA_2009.png"},{"@type":"BreadcrumbList","@id":"https:\/\/www.lichen.pl\/wspolnoty\/#breadcrumb","itemListElement":[{"@type":"ListItem","position":1,"name":"Strona g\u0142\u00f3wna","item":"https:\/\/www.lichen.pl\/"},{"@type":"ListItem","position":2,"name":"Wsp\u00f3lnoty"}]},{"@type":"WebSite","@id":"https:\/\/www.lichen.pl\/fr\/#website","url":"https:\/\/www.lichen.pl\/fr\/","name":"SANCTUAIRE EN LICHENIE","description":"LA MAUVAISE REINE DE POLOGNE DE NOTRE LICHEN","potentialAction":[{"@type":"SearchAction","target":{"@type":"EntryPoint","urlTemplate":"https:\/\/www.lichen.pl\/fr\/?s={search_term_string}"},"query-input":{"@type":"PropertyValueSpecification","valueRequired":true,"valueName":"search_term_string"}}],"inLanguage":"fr-FR"}]}},"_links":{"self":[{"href":"https:\/\/www.lichen.pl\/fr\/wp-json\/wp\/v2\/pages\/2411","targetHints":{"allow":["GET"]}}],"collection":[{"href":"https:\/\/www.lichen.pl\/fr\/wp-json\/wp\/v2\/pages"}],"about":[{"href":"https:\/\/www.lichen.pl\/fr\/wp-json\/wp\/v2\/types\/page"}],"author":[{"embeddable":true,"href":"https:\/\/www.lichen.pl\/fr\/wp-json\/wp\/v2\/users\/1"}],"replies":[{"embeddable":true,"href":"https:\/\/www.lichen.pl\/fr\/wp-json\/wp\/v2\/comments?post=2411"}],"version-history":[{"count":77,"href":"https:\/\/www.lichen.pl\/fr\/wp-json\/wp\/v2\/pages\/2411\/revisions"}],"predecessor-version":[{"id":83968,"href":"https:\/\/www.lichen.pl\/fr\/wp-json\/wp\/v2\/pages\/2411\/revisions\/83968"}],"wp:attachment":[{"href":"https:\/\/www.lichen.pl\/fr\/wp-json\/wp\/v2\/media?parent=2411"}],"curies":[{"name":"wp","href":"https:\/\/api.w.org\/{rel}","templated":true}]}}