{"id":4794,"date":"2021-03-24T21:39:27","date_gmt":"2021-03-24T21:39:27","guid":{"rendered":"http:\/\/www.lichen.pl\/?page_id=4794"},"modified":"2022-11-09T15:33:43","modified_gmt":"2022-11-09T14:33:43","slug":"centrum-salvatoris-mater","status":"publish","type":"page","link":"https:\/\/www.lichen.pl\/fr\/centrum-salvatoris-mater\/","title":{"rendered":"Centre de formation mariale &quot;Salvatoris Mater&quot;"},"content":{"rendered":"<div data-elementor-type=\"wp-page\" data-elementor-id=\"4794\" class=\"elementor elementor-4794\" data-elementor-post-type=\"page\">\n\t\t\t\t\t\t<section class=\"elementor-section elementor-top-section elementor-element elementor-element-7f2d9da elementor-section-boxed elementor-section-height-default elementor-section-height-default\" data-id=\"7f2d9da\" data-element_type=\"section\" data-e-type=\"section\">\n\t\t\t\t\t\t<div class=\"elementor-container elementor-column-gap-default\">\n\t\t\t\t\t<div class=\"elementor-column elementor-col-100 elementor-top-column elementor-element elementor-element-3d4f860\" data-id=\"3d4f860\" data-element_type=\"column\" data-e-type=\"column\">\n\t\t\t<div class=\"elementor-widget-wrap elementor-element-populated\">\n\t\t\t\t\t\t<div class=\"elementor-element elementor-element-3d83d0f elementor-widget elementor-widget-text-editor\" data-id=\"3d83d0f\" data-element_type=\"widget\" data-e-type=\"widget\" data-widget_type=\"text-editor.default\">\n\t\t\t\t<div class=\"elementor-widget-container\">\n\t\t\t\t\t\t\t\t\t<p>Le centre de formation de la Congr\u00e9gation des P\u00e8res Mariaux, dont la t\u00e2che est de prendre soin du visage marial de l&#039;\u00c9glise. Il d\u00e9veloppe et vulgarise une th\u00e9ologie mariale approfondie conforme \u00e0 l&#039;enseignement de l&#039;\u00c9glise et promeut la culture mariale, c&#039;est-\u00e0-dire un style de vie inspir\u00e9 par la personne de la Vierge Immacul\u00e9e. Il soutient la pastorale mariale et fa\u00e7onne la pi\u00e9t\u00e9 populaire mariale, la consid\u00e9rant comme l&#039;une des voies de la nouvelle \u00e9vang\u00e9lisation.<\/p><p>Nous organisons \u00e9galement des retraites pour divers groupes \u00e9tatiques et professionnels, nous publions des livres sur des sujets mariaux et des revues populaires, &quot;Zeszyty Maryjne&quot; et &quot;M\u00e8re de la paix&quot;, et le trimestriel &quot;Salvatoris Mater&quot; destin\u00e9 principalement aux th\u00e9ologiens.<\/p>\t\t\t\t\t\t\t\t<\/div>\n\t\t\t\t<\/div>\n\t\t\t\t<section class=\"elementor-section elementor-inner-section elementor-element elementor-element-8068818 elementor-section-boxed elementor-section-height-default elementor-section-height-default\" data-id=\"8068818\" data-element_type=\"section\" data-e-type=\"section\">\n\t\t\t\t\t\t<div class=\"elementor-container elementor-column-gap-default\">\n\t\t\t\t\t<div class=\"elementor-column elementor-col-50 elementor-inner-column elementor-element elementor-element-ac9d879\" data-id=\"ac9d879\" data-element_type=\"column\" data-e-type=\"column\">\n\t\t\t<div class=\"elementor-widget-wrap elementor-element-populated\">\n\t\t\t\t\t\t<div class=\"elementor-element elementor-element-835a95d elementor-widget__width-inherit elementor-widget elementor-widget-facebook-page\" data-id=\"835a95d\" data-element_type=\"widget\" data-e-type=\"widget\" data-widget_type=\"facebook-page.default\">\n\t\t\t\t<div class=\"elementor-widget-container\">\n\t\t\t\t\t<div class=\"elementor-facebook-widget fb-page\" data-href=\"https:\/\/www.facebook.com\/CentrumFormacjiMaryjnej\" data-tabs=\"\" data-height=\"134px\" data-width=\"500px\" data-small-header=\"false\" data-hide-cover=\"false\" data-show-facepile=\"true\" data-hide-cta=\"false\" style=\"min-height: 1px;height:134px\"><\/div>\t\t\t\t<\/div>\n\t\t\t\t<\/div>\n\t\t\t\t\t<\/div>\n\t\t<\/div>\n\t\t\t\t<div class=\"elementor-column elementor-col-50 elementor-inner-column elementor-element elementor-element-8e80c34\" data-id=\"8e80c34\" data-element_type=\"column\" data-e-type=\"column\">\n\t\t\t<div class=\"elementor-widget-wrap elementor-element-populated\">\n\t\t\t\t\t\t<div class=\"elementor-element elementor-element-e0039bf elementor-widget elementor-widget-button\" data-id=\"e0039bf\" data-element_type=\"widget\" data-e-type=\"widget\" data-widget_type=\"button.default\">\n\t\t\t\t<div class=\"elementor-widget-container\">\n\t\t\t\t\t\t\t\t\t<div class=\"elementor-button-wrapper\">\n\t\t\t\t\t<a class=\"elementor-button elementor-button-link elementor-size-sm elementor-animation-pulse-shrink\" href=\"http:\/\/cfm.maryja.pl\/index.php?option=com_content&#038;view=featured&#038;Itemid=464\">\n\t\t\t\t\t\t<span class=\"elementor-button-content-wrapper\">\n\t\t\t\t\t\t<span class=\"elementor-button-icon\">\n\t\t\t\t<i aria-hidden=\"true\" class=\"fab fa-internet-explorer\"><\/i>\t\t\t<\/span>\n\t\t\t\t\t\t\t\t\t<span class=\"elementor-button-text\">Nasza strona<\/span>\n\t\t\t\t\t<\/span>\n\t\t\t\t\t<\/a>\n\t\t\t\t<\/div>\n\t\t\t\t\t\t\t\t<\/div>\n\t\t\t\t<\/div>\n\t\t\t\t\t<\/div>\n\t\t<\/div>\n\t\t\t\t\t<\/div>\n\t\t<\/section>\n\t\t\t\t\t<\/div>\n\t\t<\/div>\n\t\t\t\t\t<\/div>\n\t\t<\/section>\n\t\t\t\t<section class=\"elementor-section elementor-top-section elementor-element elementor-element-dfae41c elementor-section-boxed elementor-section-height-default elementor-section-height-default\" data-id=\"dfae41c\" data-element_type=\"section\" data-e-type=\"section\">\n\t\t\t\t\t\t<div class=\"elementor-container elementor-column-gap-default\">\n\t\t\t\t\t<div class=\"elementor-column elementor-col-100 elementor-top-column elementor-element elementor-element-ea94529\" data-id=\"ea94529\" data-element_type=\"column\" data-e-type=\"column\">\n\t\t\t<div class=\"elementor-widget-wrap elementor-element-populated\">\n\t\t\t\t\t\t<div class=\"elementor-element elementor-element-d07735c elementor-widget elementor-widget-button\" data-id=\"d07735c\" data-element_type=\"widget\" data-e-type=\"widget\" data-widget_type=\"button.default\">\n\t\t\t\t<div class=\"elementor-widget-container\">\n\t\t\t\t\t\t\t\t\t<div class=\"elementor-button-wrapper\">\n\t\t\t\t\t<a class=\"elementor-button elementor-button-link elementor-size-sm elementor-animation-pulse-shrink\" href=\"https:\/\/lichen.maryja.pl\/\">\n\t\t\t\t\t\t<span class=\"elementor-button-content-wrapper\">\n\t\t\t\t\t\t<span class=\"elementor-button-icon\">\n\t\t\t\t<i aria-hidden=\"true\" class=\"fas fa-shopping-cart\"><\/i>\t\t\t<\/span>\n\t\t\t\t\t\t\t\t\t<span class=\"elementor-button-text\">Visitez le magasin<\/span>\n\t\t\t\t\t<\/span>\n\t\t\t\t\t<\/a>\n\t\t\t\t<\/div>\n\t\t\t\t\t\t\t\t<\/div>\n\t\t\t\t<\/div>\n\t\t\t\t\t<\/div>\n\t\t<\/div>\n\t\t\t\t\t<\/div>\n\t\t<\/section>\n\t\t\t\t<section class=\"elementor-section elementor-top-section elementor-element elementor-element-3678de1 elementor-section-boxed elementor-section-height-default elementor-section-height-default\" data-id=\"3678de1\" data-element_type=\"section\" data-e-type=\"section\">\n\t\t\t\t\t\t<div class=\"elementor-container elementor-column-gap-default\">\n\t\t\t\t\t<div class=\"elementor-column elementor-col-100 elementor-top-column elementor-element elementor-element-4faf6d5\" data-id=\"4faf6d5\" data-element_type=\"column\" data-e-type=\"column\">\n\t\t\t<div class=\"elementor-widget-wrap elementor-element-populated\">\n\t\t\t\t\t\t<div class=\"elementor-element elementor-element-fae7df0 elementor-widget elementor-widget-button\" data-id=\"fae7df0\" data-element_type=\"widget\" data-e-type=\"widget\" data-widget_type=\"button.default\">\n\t\t\t\t<div class=\"elementor-widget-container\">\n\t\t\t\t\t\t\t\t\t<div class=\"elementor-button-wrapper\">\n\t\t\t\t\t<a class=\"elementor-button elementor-button-link elementor-size-sm elementor-animation-pulse-shrink\" href=\"http:\/\/cfm.maryja.pl\/index.php?option=com_content&#038;view=article&#038;id=105&#038;Itemid=576\">\n\t\t\t\t\t\t<span class=\"elementor-button-content-wrapper\">\n\t\t\t\t\t\t<span class=\"elementor-button-icon\">\n\t\t\t\t<i aria-hidden=\"true\" class=\"far fa-calendar\"><\/i>\t\t\t<\/span>\n\t\t\t\t\t\t\t\t\t<span class=\"elementor-button-text\">Planifiez une retraite<\/span>\n\t\t\t\t\t<\/span>\n\t\t\t\t\t<\/a>\n\t\t\t\t<\/div>\n\t\t\t\t\t\t\t\t<\/div>\n\t\t\t\t<\/div>\n\t\t\t\t<div class=\"elementor-element elementor-element-59d47a5 elementor-widget-divider--view-line elementor-widget elementor-widget-divider\" data-id=\"59d47a5\" data-element_type=\"widget\" data-e-type=\"widget\" data-widget_type=\"divider.default\">\n\t\t\t\t<div class=\"elementor-widget-container\">\n\t\t\t\t\t\t\t<div class=\"elementor-divider\">\n\t\t\t<span class=\"elementor-divider-separator\">\n\t\t\t\t\t\t<\/span>\n\t\t<\/div>\n\t\t\t\t\t\t<\/div>\n\t\t\t\t<\/div>\n\t\t\t\t\t<\/div>\n\t\t<\/div>\n\t\t\t\t\t<\/div>\n\t\t<\/section>\n\t\t\t\t<section class=\"elementor-section elementor-top-section elementor-element elementor-element-8f44ccc elementor-section-boxed elementor-section-height-default elementor-section-height-default\" data-id=\"8f44ccc\" data-element_type=\"section\" data-e-type=\"section\">\n\t\t\t\t\t\t<div class=\"elementor-container elementor-column-gap-default\">\n\t\t\t\t\t<div class=\"elementor-column elementor-col-100 elementor-top-column elementor-element elementor-element-460bd72\" data-id=\"460bd72\" data-element_type=\"column\" data-e-type=\"column\">\n\t\t\t<div class=\"elementor-widget-wrap elementor-element-populated\">\n\t\t\t\t\t\t<div class=\"elementor-element elementor-element-0073ab7 elementor-widget elementor-widget-gallery\" data-id=\"0073ab7\" data-element_type=\"widget\" data-e-type=\"widget\" data-settings=\"{&quot;columns&quot;:3,&quot;gap&quot;:{&quot;unit&quot;:&quot;px&quot;,&quot;size&quot;:2,&quot;sizes&quot;:[]},&quot;lazyload&quot;:&quot;yes&quot;,&quot;gallery_layout&quot;:&quot;grid&quot;,&quot;columns_tablet&quot;:2,&quot;columns_mobile&quot;:1,&quot;gap_tablet&quot;:{&quot;unit&quot;:&quot;px&quot;,&quot;size&quot;:10,&quot;sizes&quot;:[]},&quot;gap_mobile&quot;:{&quot;unit&quot;:&quot;px&quot;,&quot;size&quot;:10,&quot;sizes&quot;:[]},&quot;link_to&quot;:&quot;file&quot;,&quot;aspect_ratio&quot;:&quot;3:2&quot;,&quot;overlay_background&quot;:&quot;yes&quot;,&quot;content_hover_animation&quot;:&quot;fade-in&quot;}\" data-widget_type=\"gallery.default\">\n\t\t\t\t<div class=\"elementor-widget-container\">\n\t\t\t\t\t\t\t<div class=\"elementor-gallery__container\">\n\t\t\t\t\t\t\t<a class=\"e-gallery-item elementor-gallery-item elementor-animated-content\" href=\"https:\/\/www.lichen.pl\/wp-content\/uploads\/2021\/03\/cfm-2.jpg\" data-elementor-open-lightbox=\"yes\" data-elementor-lightbox-slideshow=\"0073ab7\" data-elementor-lightbox-title=\"cfm 2\" data-e-action-hash=\"#elementor-action%3Aaction%3Dlightbox%26settings%3DeyJpZCI6NDc5OSwidXJsIjoiaHR0cHM6XC9cL3d3dy5saWNoZW4ucGxcL3dwLWNvbnRlbnRcL3VwbG9hZHNcLzIwMjFcLzAzXC9jZm0tMi5qcGciLCJzbGlkZXNob3ciOiIwMDczYWI3In0%3D\">\n\t\t\t\t\t<div class=\"e-gallery-image elementor-gallery-item__image\" data-thumbnail=\"https:\/\/www.lichen.pl\/wp-content\/uploads\/2021\/03\/cfm-2-300x141.jpg\" data-width=\"300\" data-height=\"141\" aria-label=\"\" role=\"img\" ><\/div>\n\t\t\t\t\t\t\t\t\t\t\t<div class=\"elementor-gallery-item__overlay\"><\/div>\n\t\t\t\t\t\t\t\t\t\t\t\t\t\t<\/a>\n\t\t\t\t\t\t\t<a class=\"e-gallery-item elementor-gallery-item elementor-animated-content\" href=\"https:\/\/www.lichen.pl\/wp-content\/uploads\/2021\/03\/cfm1.jpg\" data-elementor-open-lightbox=\"yes\" data-elementor-lightbox-slideshow=\"0073ab7\" data-elementor-lightbox-title=\"cfm1\" data-e-action-hash=\"#elementor-action%3Aaction%3Dlightbox%26settings%3DeyJpZCI6NDgwOSwidXJsIjoiaHR0cHM6XC9cL3d3dy5saWNoZW4ucGxcL3dwLWNvbnRlbnRcL3VwbG9hZHNcLzIwMjFcLzAzXC9jZm0xLmpwZyIsInNsaWRlc2hvdyI6IjAwNzNhYjcifQ%3D%3D\">\n\t\t\t\t\t<div class=\"e-gallery-image elementor-gallery-item__image\" data-thumbnail=\"https:\/\/www.lichen.pl\/wp-content\/uploads\/2021\/03\/cfm1-212x300.jpg\" data-width=\"212\" data-height=\"300\" aria-label=\"\" role=\"img\" ><\/div>\n\t\t\t\t\t\t\t\t\t\t\t<div class=\"elementor-gallery-item__overlay\"><\/div>\n\t\t\t\t\t\t\t\t\t\t\t\t\t\t<\/a>\n\t\t\t\t\t\t\t<a class=\"e-gallery-item elementor-gallery-item elementor-animated-content\" href=\"https:\/\/www.lichen.pl\/wp-content\/uploads\/2021\/03\/cfm-3.jpg\" data-elementor-open-lightbox=\"yes\" data-elementor-lightbox-slideshow=\"0073ab7\" data-elementor-lightbox-title=\"cfm 3\" data-e-action-hash=\"#elementor-action%3Aaction%3Dlightbox%26settings%3DeyJpZCI6NDgwNCwidXJsIjoiaHR0cHM6XC9cL3d3dy5saWNoZW4ucGxcL3dwLWNvbnRlbnRcL3VwbG9hZHNcLzIwMjFcLzAzXC9jZm0tMy5qcGciLCJzbGlkZXNob3ciOiIwMDczYWI3In0%3D\">\n\t\t\t\t\t<div class=\"e-gallery-image elementor-gallery-item__image\" data-thumbnail=\"https:\/\/www.lichen.pl\/wp-content\/uploads\/2021\/03\/cfm-3-210x300.jpg\" data-width=\"210\" data-height=\"300\" aria-label=\"\" role=\"img\" ><\/div>\n\t\t\t\t\t\t\t\t\t\t\t<div class=\"elementor-gallery-item__overlay\"><\/div>\n\t\t\t\t\t\t\t\t\t\t\t\t\t\t<\/a>\n\t\t\t\t\t<\/div>\n\t\t\t\t\t<\/div>\n\t\t\t\t<\/div>\n\t\t\t\t<div class=\"elementor-element elementor-element-7907fa0 elementor-widget-divider--view-line elementor-widget elementor-widget-divider\" data-id=\"7907fa0\" data-element_type=\"widget\" data-e-type=\"widget\" data-widget_type=\"divider.default\">\n\t\t\t\t<div class=\"elementor-widget-container\">\n\t\t\t\t\t\t\t<div class=\"elementor-divider\">\n\t\t\t<span class=\"elementor-divider-separator\">\n\t\t\t\t\t\t<\/span>\n\t\t<\/div>\n\t\t\t\t\t\t<\/div>\n\t\t\t\t<\/div>\n\t\t\t\t\t<\/div>\n\t\t<\/div>\n\t\t\t\t\t<\/div>\n\t\t<\/section>\n\t\t\t\t<\/div>","protected":false},"excerpt":{"rendered":"<p>O\u015brodek formacyjny Zgromadzenia Ksi\u0119\u017cy Marian\u00f3w, kt\u00f3rego zadaniem jest troska o maryjne oblicze Ko\u015bcio\u0142a. Rozwija i popularyzuje pog\u0142\u0119bion\u0105 i zgodn\u0105 z nauczaniem Ko\u015bcio\u0142a teologi\u0119 maryjn\u0105 oraz promuje kultur\u0119 maryjn\u0105, czyli styl \u017cycia inspirowanego osob\u0105 Niepokalanej. Wspiera duszpasterstwo maryjne i kszta\u0142tuje maryjn\u0105 pobo\u017cno\u015b\u0107 ludow\u0105, widz\u0105c w niej jedn\u0105 z dr\u00f3g nowej ewangelizacji. Organizujemy tak\u017ce rekolekcje dla r\u00f3\u017cnych [&hellip;]<\/p>\n","protected":false},"author":2,"featured_media":0,"parent":0,"menu_order":0,"comment_status":"closed","ping_status":"closed","template":"","meta":{"footnotes":""},"class_list":["post-4794","page","type-page","status-publish","hentry","wpbf-post"],"yoast_head":"<!-- This site is optimized with the Yoast SEO plugin v27.4 - https:\/\/yoast.com\/product\/yoast-seo-wordpress\/ -->\n<title>Centrum Formacji Maryjnej &quot;Salvatoris Mater&quot; - SANKTUARIUM W LICHENIU<\/title>\n<meta name=\"robots\" content=\"index, follow, max-snippet:-1, max-image-preview:large, max-video-preview:-1\" \/>\n<link rel=\"canonical\" href=\"https:\/\/www.lichen.pl\/fr\/centrum-salvatoris-mater\/\" \/>\n<meta property=\"og:locale\" content=\"fr_FR\" \/>\n<meta property=\"og:type\" content=\"article\" \/>\n<meta property=\"og:title\" content=\"Centrum Formacji Maryjnej &quot;Salvatoris Mater&quot; - SANKTUARIUM W LICHENIU\" \/>\n<meta property=\"og:description\" content=\"O\u015brodek formacyjny Zgromadzenia Ksi\u0119\u017cy Marian\u00f3w, kt\u00f3rego zadaniem jest troska o maryjne oblicze Ko\u015bcio\u0142a. Rozwija i popularyzuje pog\u0142\u0119bion\u0105 i zgodn\u0105 z nauczaniem Ko\u015bcio\u0142a teologi\u0119 maryjn\u0105 oraz promuje kultur\u0119 maryjn\u0105, czyli styl \u017cycia inspirowanego osob\u0105 Niepokalanej. Wspiera duszpasterstwo maryjne i kszta\u0142tuje maryjn\u0105 pobo\u017cno\u015b\u0107 ludow\u0105, widz\u0105c w niej jedn\u0105 z dr\u00f3g nowej ewangelizacji. Organizujemy tak\u017ce rekolekcje dla r\u00f3\u017cnych [&hellip;]\" \/>\n<meta property=\"og:url\" content=\"https:\/\/www.lichen.pl\/fr\/centrum-salvatoris-mater\/\" \/>\n<meta property=\"og:site_name\" content=\"SANKTUARIUM W LICHENIU\" \/>\n<meta property=\"article:modified_time\" content=\"2022-11-09T14:33:43+00:00\" \/>\n<meta name=\"twitter:card\" content=\"summary_large_image\" \/>\n<meta name=\"twitter:label1\" content=\"Dur\u00e9e de lecture estim\u00e9e\" \/>\n\t<meta name=\"twitter:data1\" content=\"1 minute\" \/>\n<script type=\"application\/ld+json\" class=\"yoast-schema-graph\">{\"@context\":\"https:\\\/\\\/schema.org\",\"@graph\":[{\"@type\":\"WebPage\",\"@id\":\"https:\\\/\\\/www.lichen.pl\\\/centrum-salvatoris-mater\\\/\",\"url\":\"https:\\\/\\\/www.lichen.pl\\\/centrum-salvatoris-mater\\\/\",\"name\":\"Centrum Formacji Maryjnej \\\"Salvatoris Mater\\\" - SANKTUARIUM W LICHENIU\",\"isPartOf\":{\"@id\":\"https:\\\/\\\/www.lichen.pl\\\/fr\\\/#website\"},\"datePublished\":\"2021-03-24T21:39:27+00:00\",\"dateModified\":\"2022-11-09T14:33:43+00:00\",\"breadcrumb\":{\"@id\":\"https:\\\/\\\/www.lichen.pl\\\/centrum-salvatoris-mater\\\/#breadcrumb\"},\"inLanguage\":\"fr-FR\",\"potentialAction\":[{\"@type\":\"ReadAction\",\"target\":[\"https:\\\/\\\/www.lichen.pl\\\/centrum-salvatoris-mater\\\/\"]}]},{\"@type\":\"BreadcrumbList\",\"@id\":\"https:\\\/\\\/www.lichen.pl\\\/centrum-salvatoris-mater\\\/#breadcrumb\",\"itemListElement\":[{\"@type\":\"ListItem\",\"position\":1,\"name\":\"Strona g\u0142\u00f3wna\",\"item\":\"https:\\\/\\\/www.lichen.pl\\\/\"},{\"@type\":\"ListItem\",\"position\":2,\"name\":\"Centrum Formacji Maryjnej &#8220;Salvatoris Mater&#8221;\"}]},{\"@type\":\"WebSite\",\"@id\":\"https:\\\/\\\/www.lichen.pl\\\/fr\\\/#website\",\"url\":\"https:\\\/\\\/www.lichen.pl\\\/fr\\\/\",\"name\":\"SANKTUARIUM W LICHENIU\",\"description\":\"MATKI BO\u017bEJ LICHE\u0143SKIEJ BOLESNEJ KR\u00d3LOWEJ POLSKI\",\"potentialAction\":[{\"@type\":\"SearchAction\",\"target\":{\"@type\":\"EntryPoint\",\"urlTemplate\":\"https:\\\/\\\/www.lichen.pl\\\/fr\\\/?s={search_term_string}\"},\"query-input\":{\"@type\":\"PropertyValueSpecification\",\"valueRequired\":true,\"valueName\":\"search_term_string\"}}],\"inLanguage\":\"fr-FR\"}]}<\/script>\n<!-- \/ Yoast SEO plugin. -->","yoast_head_json":{"title":"Centrum Formacji Maryjnej \"Salvatoris Mater\" - SANKTUARIUM W LICHENIU","robots":{"index":"index","follow":"follow","max-snippet":"max-snippet:-1","max-image-preview":"max-image-preview:large","max-video-preview":"max-video-preview:-1"},"canonical":"https:\/\/www.lichen.pl\/fr\/centrum-salvatoris-mater\/","og_locale":"fr_FR","og_type":"article","og_title":"Centrum Formacji Maryjnej \"Salvatoris Mater\" - SANKTUARIUM W LICHENIU","og_description":"O\u015brodek formacyjny Zgromadzenia Ksi\u0119\u017cy Marian\u00f3w, kt\u00f3rego zadaniem jest troska o maryjne oblicze Ko\u015bcio\u0142a. Rozwija i popularyzuje pog\u0142\u0119bion\u0105 i zgodn\u0105 z nauczaniem Ko\u015bcio\u0142a teologi\u0119 maryjn\u0105 oraz promuje kultur\u0119 maryjn\u0105, czyli styl \u017cycia inspirowanego osob\u0105 Niepokalanej. Wspiera duszpasterstwo maryjne i kszta\u0142tuje maryjn\u0105 pobo\u017cno\u015b\u0107 ludow\u0105, widz\u0105c w niej jedn\u0105 z dr\u00f3g nowej ewangelizacji. Organizujemy tak\u017ce rekolekcje dla r\u00f3\u017cnych [&hellip;]","og_url":"https:\/\/www.lichen.pl\/fr\/centrum-salvatoris-mater\/","og_site_name":"SANKTUARIUM W LICHENIU","article_modified_time":"2022-11-09T14:33:43+00:00","twitter_card":"summary_large_image","twitter_misc":{"Dur\u00e9e de lecture estim\u00e9e":"1 minute"},"schema":{"@context":"https:\/\/schema.org","@graph":[{"@type":"WebPage","@id":"https:\/\/www.lichen.pl\/centrum-salvatoris-mater\/","url":"https:\/\/www.lichen.pl\/centrum-salvatoris-mater\/","name":"Centrum Formacji Maryjnej \"Salvatoris Mater\" - SANKTUARIUM W LICHENIU","isPartOf":{"@id":"https:\/\/www.lichen.pl\/fr\/#website"},"datePublished":"2021-03-24T21:39:27+00:00","dateModified":"2022-11-09T14:33:43+00:00","breadcrumb":{"@id":"https:\/\/www.lichen.pl\/centrum-salvatoris-mater\/#breadcrumb"},"inLanguage":"fr-FR","potentialAction":[{"@type":"ReadAction","target":["https:\/\/www.lichen.pl\/centrum-salvatoris-mater\/"]}]},{"@type":"BreadcrumbList","@id":"https:\/\/www.lichen.pl\/centrum-salvatoris-mater\/#breadcrumb","itemListElement":[{"@type":"ListItem","position":1,"name":"Strona g\u0142\u00f3wna","item":"https:\/\/www.lichen.pl\/"},{"@type":"ListItem","position":2,"name":"Centrum Formacji Maryjnej &#8220;Salvatoris Mater&#8221;"}]},{"@type":"WebSite","@id":"https:\/\/www.lichen.pl\/fr\/#website","url":"https:\/\/www.lichen.pl\/fr\/","name":"SANCTUAIRE EN LICHENIE","description":"LA MAUVAISE REINE DE POLOGNE DE NOTRE LICHEN","potentialAction":[{"@type":"SearchAction","target":{"@type":"EntryPoint","urlTemplate":"https:\/\/www.lichen.pl\/fr\/?s={search_term_string}"},"query-input":{"@type":"PropertyValueSpecification","valueRequired":true,"valueName":"search_term_string"}}],"inLanguage":"fr-FR"}]}},"_links":{"self":[{"href":"https:\/\/www.lichen.pl\/fr\/wp-json\/wp\/v2\/pages\/4794","targetHints":{"allow":["GET"]}}],"collection":[{"href":"https:\/\/www.lichen.pl\/fr\/wp-json\/wp\/v2\/pages"}],"about":[{"href":"https:\/\/www.lichen.pl\/fr\/wp-json\/wp\/v2\/types\/page"}],"author":[{"embeddable":true,"href":"https:\/\/www.lichen.pl\/fr\/wp-json\/wp\/v2\/users\/2"}],"replies":[{"embeddable":true,"href":"https:\/\/www.lichen.pl\/fr\/wp-json\/wp\/v2\/comments?post=4794"}],"version-history":[{"count":13,"href":"https:\/\/www.lichen.pl\/fr\/wp-json\/wp\/v2\/pages\/4794\/revisions"}],"predecessor-version":[{"id":47634,"href":"https:\/\/www.lichen.pl\/fr\/wp-json\/wp\/v2\/pages\/4794\/revisions\/47634"}],"wp:attachment":[{"href":"https:\/\/www.lichen.pl\/fr\/wp-json\/wp\/v2\/media?parent=4794"}],"curies":[{"name":"wp","href":"https:\/\/api.w.org\/{rel}","templated":true}]}}