{"id":4830,"date":"2021-03-24T22:12:15","date_gmt":"2021-03-24T22:12:15","guid":{"rendered":"http:\/\/www.lichen.pl\/?page_id=4830"},"modified":"2022-11-09T15:50:28","modified_gmt":"2022-11-09T14:50:28","slug":"osrodek-wsparcia-plodnosci","status":"publish","type":"page","link":"https:\/\/www.lichen.pl\/fr\/osrodek-wsparcia-plodnosci\/","title":{"rendered":"Centre de soutien \u00e0 la fertilit\u00e9 &quot;Naprotechnologia&quot;"},"content":{"rendered":"<div data-elementor-type=\"wp-page\" data-elementor-id=\"4830\" class=\"elementor elementor-4830\" data-elementor-post-type=\"page\">\n\t\t\t\t\t\t<section class=\"elementor-section elementor-top-section elementor-element elementor-element-6a8438c elementor-section-boxed elementor-section-height-default elementor-section-height-default\" data-id=\"6a8438c\" data-element_type=\"section\" data-e-type=\"section\">\n\t\t\t\t\t\t<div class=\"elementor-container elementor-column-gap-default\">\n\t\t\t\t\t<div class=\"elementor-column elementor-col-100 elementor-top-column elementor-element elementor-element-e526279\" data-id=\"e526279\" data-element_type=\"column\" data-e-type=\"column\">\n\t\t\t<div class=\"elementor-widget-wrap elementor-element-populated\">\n\t\t\t\t\t\t<div class=\"elementor-element elementor-element-dd92aca elementor-widget elementor-widget-text-editor\" data-id=\"dd92aca\" data-element_type=\"widget\" data-e-type=\"widget\" data-widget_type=\"text-editor.default\">\n\t\t\t\t<div class=\"elementor-widget-container\">\n\t\t\t\t\t\t\t\t\t<p>L&#039;objectif principal de l&#039;activit\u00e9 est d&#039;aider les couples mari\u00e9s qui ont des difficult\u00e9s \u00e0 concevoir un enfant. L&#039;\u00e9quipe du Centre est compos\u00e9e d&#039;instructeurs qualifi\u00e9s qui enseignent les m\u00e9thodes d&#039;observation et d&#039;enregistrement des indicateurs de fertilit\u00e9, ainsi que de sp\u00e9cialistes en gyn\u00e9cologie et obst\u00e9trique, endocrinologie, andrologie et consultants m\u00e9dicaux de Naprotechnology.<\/p>\t\t\t\t\t\t\t\t<\/div>\n\t\t\t\t<\/div>\n\t\t\t\t\t<\/div>\n\t\t<\/div>\n\t\t\t\t\t<\/div>\n\t\t<\/section>\n\t\t\t\t<section class=\"elementor-section elementor-top-section elementor-element elementor-element-3b1c1c7 elementor-section-boxed elementor-section-height-default elementor-section-height-default\" data-id=\"3b1c1c7\" data-element_type=\"section\" data-e-type=\"section\">\n\t\t\t\t\t\t<div class=\"elementor-container elementor-column-gap-default\">\n\t\t\t\t\t<div class=\"elementor-column elementor-col-100 elementor-top-column elementor-element elementor-element-58eb977\" data-id=\"58eb977\" data-element_type=\"column\" data-e-type=\"column\">\n\t\t\t<div class=\"elementor-widget-wrap elementor-element-populated\">\n\t\t\t\t\t\t<div class=\"elementor-element elementor-element-d2f3b96 elementor-widget elementor-widget-button\" data-id=\"d2f3b96\" data-element_type=\"widget\" data-e-type=\"widget\" data-widget_type=\"button.default\">\n\t\t\t\t<div class=\"elementor-widget-container\">\n\t\t\t\t\t\t\t\t\t<div class=\"elementor-button-wrapper\">\n\t\t\t\t\t<a class=\"elementor-button elementor-button-link elementor-size-sm elementor-animation-pulse-shrink\" href=\"http:\/\/www.fundacja.lichen.pl\/index.php\/naprotechnologia\/osrodek-wsparcia-plodnosci\">\n\t\t\t\t\t\t<span class=\"elementor-button-content-wrapper\">\n\t\t\t\t\t\t<span class=\"elementor-button-icon\">\n\t\t\t\t<i aria-hidden=\"true\" class=\"fas fa-home\"><\/i>\t\t\t<\/span>\n\t\t\t\t\t\t\t\t\t<span class=\"elementor-button-text\">Page Naprotechnologie<\/span>\n\t\t\t\t\t<\/span>\n\t\t\t\t\t<\/a>\n\t\t\t\t<\/div>\n\t\t\t\t\t\t\t\t<\/div>\n\t\t\t\t<\/div>\n\t\t\t\t<div class=\"elementor-element elementor-element-d944fbc elementor-widget-divider--view-line elementor-widget elementor-widget-divider\" data-id=\"d944fbc\" data-element_type=\"widget\" data-e-type=\"widget\" data-widget_type=\"divider.default\">\n\t\t\t\t<div class=\"elementor-widget-container\">\n\t\t\t\t\t\t\t<div class=\"elementor-divider\">\n\t\t\t<span class=\"elementor-divider-separator\">\n\t\t\t\t\t\t<\/span>\n\t\t<\/div>\n\t\t\t\t\t\t<\/div>\n\t\t\t\t<\/div>\n\t\t\t\t\t<\/div>\n\t\t<\/div>\n\t\t\t\t\t<\/div>\n\t\t<\/section>\n\t\t\t\t<\/div>","protected":false},"excerpt":{"rendered":"<p>Nadrz\u0119dnym celem dzia\u0142alno\u015bci jest pomoc ma\u0142\u017ce\u0144stwom maj\u0105cym problem z pocz\u0119ciem dziecka. Zesp\u00f3\u0142 O\u015brodka tworz\u0105 wykwalifikowani instruktorzy, kt\u00f3rzy ucz\u0105 metody obserwacji i zapisu wska\u017anik\u00f3w p\u0142odno\u015bci oraz lekarze specjali\u015bci z zakresu ginekologii i po\u0142o\u017cnictwa, endokrynologii, andrologii, konsultanci medyczni Naprotechnologii. Strona Naprotechnologia<\/p>","protected":false},"author":2,"featured_media":0,"parent":0,"menu_order":0,"comment_status":"closed","ping_status":"closed","template":"","meta":{"footnotes":""},"class_list":["post-4830","page","type-page","status-publish","hentry","wpbf-post"],"yoast_head":"<!-- This site is optimized with the Yoast SEO plugin v27.4 - https:\/\/yoast.com\/product\/yoast-seo-wordpress\/ -->\n<title>O\u015brodek Wsparcia P\u0142odno\u015bci &quot;Naprotechnologia&quot; - SANKTUARIUM W LICHENIU<\/title>\n<meta name=\"robots\" content=\"index, follow, max-snippet:-1, max-image-preview:large, max-video-preview:-1\" \/>\n<link rel=\"canonical\" href=\"https:\/\/www.lichen.pl\/fr\/osrodek-wsparcia-plodnosci\/\" \/>\n<meta property=\"og:locale\" content=\"fr_FR\" \/>\n<meta property=\"og:type\" content=\"article\" \/>\n<meta property=\"og:title\" content=\"O\u015brodek Wsparcia P\u0142odno\u015bci &quot;Naprotechnologia&quot; - SANKTUARIUM W LICHENIU\" \/>\n<meta property=\"og:description\" content=\"Nadrz\u0119dnym celem dzia\u0142alno\u015bci jest pomoc ma\u0142\u017ce\u0144stwom maj\u0105cym problem z pocz\u0119ciem dziecka. Zesp\u00f3\u0142 O\u015brodka tworz\u0105 wykwalifikowani instruktorzy, kt\u00f3rzy ucz\u0105 metody obserwacji i zapisu wska\u017anik\u00f3w p\u0142odno\u015bci oraz lekarze specjali\u015bci z zakresu ginekologii i po\u0142o\u017cnictwa, endokrynologii, andrologii, konsultanci medyczni Naprotechnologii. Strona Naprotechnologia\" \/>\n<meta property=\"og:url\" content=\"https:\/\/www.lichen.pl\/fr\/osrodek-wsparcia-plodnosci\/\" \/>\n<meta property=\"og:site_name\" content=\"SANKTUARIUM W LICHENIU\" \/>\n<meta property=\"article:modified_time\" content=\"2022-11-09T14:50:28+00:00\" \/>\n<meta name=\"twitter:card\" content=\"summary_large_image\" \/>\n<meta name=\"twitter:label1\" content=\"Dur\u00e9e de lecture estim\u00e9e\" \/>\n\t<meta name=\"twitter:data1\" content=\"1 minute\" \/>\n<script type=\"application\/ld+json\" class=\"yoast-schema-graph\">{\"@context\":\"https:\\\/\\\/schema.org\",\"@graph\":[{\"@type\":\"WebPage\",\"@id\":\"https:\\\/\\\/www.lichen.pl\\\/osrodek-wsparcia-plodnosci\\\/\",\"url\":\"https:\\\/\\\/www.lichen.pl\\\/osrodek-wsparcia-plodnosci\\\/\",\"name\":\"O\u015brodek Wsparcia P\u0142odno\u015bci \\\"Naprotechnologia\\\" - SANKTUARIUM W LICHENIU\",\"isPartOf\":{\"@id\":\"https:\\\/\\\/www.lichen.pl\\\/fr\\\/#website\"},\"datePublished\":\"2021-03-24T22:12:15+00:00\",\"dateModified\":\"2022-11-09T14:50:28+00:00\",\"breadcrumb\":{\"@id\":\"https:\\\/\\\/www.lichen.pl\\\/osrodek-wsparcia-plodnosci\\\/#breadcrumb\"},\"inLanguage\":\"fr-FR\",\"potentialAction\":[{\"@type\":\"ReadAction\",\"target\":[\"https:\\\/\\\/www.lichen.pl\\\/osrodek-wsparcia-plodnosci\\\/\"]}]},{\"@type\":\"BreadcrumbList\",\"@id\":\"https:\\\/\\\/www.lichen.pl\\\/osrodek-wsparcia-plodnosci\\\/#breadcrumb\",\"itemListElement\":[{\"@type\":\"ListItem\",\"position\":1,\"name\":\"Strona g\u0142\u00f3wna\",\"item\":\"https:\\\/\\\/www.lichen.pl\\\/\"},{\"@type\":\"ListItem\",\"position\":2,\"name\":\"O\u015brodek Wsparcia P\u0142odno\u015bci &#8220;Naprotechnologia&#8221;\"}]},{\"@type\":\"WebSite\",\"@id\":\"https:\\\/\\\/www.lichen.pl\\\/fr\\\/#website\",\"url\":\"https:\\\/\\\/www.lichen.pl\\\/fr\\\/\",\"name\":\"SANKTUARIUM W LICHENIU\",\"description\":\"MATKI BO\u017bEJ LICHE\u0143SKIEJ BOLESNEJ KR\u00d3LOWEJ POLSKI\",\"potentialAction\":[{\"@type\":\"SearchAction\",\"target\":{\"@type\":\"EntryPoint\",\"urlTemplate\":\"https:\\\/\\\/www.lichen.pl\\\/fr\\\/?s={search_term_string}\"},\"query-input\":{\"@type\":\"PropertyValueSpecification\",\"valueRequired\":true,\"valueName\":\"search_term_string\"}}],\"inLanguage\":\"fr-FR\"}]}<\/script>\n<!-- \/ Yoast SEO plugin. -->","yoast_head_json":{"title":"O\u015brodek Wsparcia P\u0142odno\u015bci \"Naprotechnologia\" - SANKTUARIUM W LICHENIU","robots":{"index":"index","follow":"follow","max-snippet":"max-snippet:-1","max-image-preview":"max-image-preview:large","max-video-preview":"max-video-preview:-1"},"canonical":"https:\/\/www.lichen.pl\/fr\/osrodek-wsparcia-plodnosci\/","og_locale":"fr_FR","og_type":"article","og_title":"O\u015brodek Wsparcia P\u0142odno\u015bci \"Naprotechnologia\" - SANKTUARIUM W LICHENIU","og_description":"Nadrz\u0119dnym celem dzia\u0142alno\u015bci jest pomoc ma\u0142\u017ce\u0144stwom maj\u0105cym problem z pocz\u0119ciem dziecka. Zesp\u00f3\u0142 O\u015brodka tworz\u0105 wykwalifikowani instruktorzy, kt\u00f3rzy ucz\u0105 metody obserwacji i zapisu wska\u017anik\u00f3w p\u0142odno\u015bci oraz lekarze specjali\u015bci z zakresu ginekologii i po\u0142o\u017cnictwa, endokrynologii, andrologii, konsultanci medyczni Naprotechnologii. Strona Naprotechnologia","og_url":"https:\/\/www.lichen.pl\/fr\/osrodek-wsparcia-plodnosci\/","og_site_name":"SANKTUARIUM W LICHENIU","article_modified_time":"2022-11-09T14:50:28+00:00","twitter_card":"summary_large_image","twitter_misc":{"Dur\u00e9e de lecture estim\u00e9e":"1 minute"},"schema":{"@context":"https:\/\/schema.org","@graph":[{"@type":"WebPage","@id":"https:\/\/www.lichen.pl\/osrodek-wsparcia-plodnosci\/","url":"https:\/\/www.lichen.pl\/osrodek-wsparcia-plodnosci\/","name":"O\u015brodek Wsparcia P\u0142odno\u015bci \"Naprotechnologia\" - SANKTUARIUM W LICHENIU","isPartOf":{"@id":"https:\/\/www.lichen.pl\/fr\/#website"},"datePublished":"2021-03-24T22:12:15+00:00","dateModified":"2022-11-09T14:50:28+00:00","breadcrumb":{"@id":"https:\/\/www.lichen.pl\/osrodek-wsparcia-plodnosci\/#breadcrumb"},"inLanguage":"fr-FR","potentialAction":[{"@type":"ReadAction","target":["https:\/\/www.lichen.pl\/osrodek-wsparcia-plodnosci\/"]}]},{"@type":"BreadcrumbList","@id":"https:\/\/www.lichen.pl\/osrodek-wsparcia-plodnosci\/#breadcrumb","itemListElement":[{"@type":"ListItem","position":1,"name":"Strona g\u0142\u00f3wna","item":"https:\/\/www.lichen.pl\/"},{"@type":"ListItem","position":2,"name":"O\u015brodek Wsparcia P\u0142odno\u015bci &#8220;Naprotechnologia&#8221;"}]},{"@type":"WebSite","@id":"https:\/\/www.lichen.pl\/fr\/#website","url":"https:\/\/www.lichen.pl\/fr\/","name":"SANCTUAIRE EN LICHENIE","description":"LA MAUVAISE REINE DE POLOGNE DE NOTRE LICHEN","potentialAction":[{"@type":"SearchAction","target":{"@type":"EntryPoint","urlTemplate":"https:\/\/www.lichen.pl\/fr\/?s={search_term_string}"},"query-input":{"@type":"PropertyValueSpecification","valueRequired":true,"valueName":"search_term_string"}}],"inLanguage":"fr-FR"}]}},"_links":{"self":[{"href":"https:\/\/www.lichen.pl\/fr\/wp-json\/wp\/v2\/pages\/4830","targetHints":{"allow":["GET"]}}],"collection":[{"href":"https:\/\/www.lichen.pl\/fr\/wp-json\/wp\/v2\/pages"}],"about":[{"href":"https:\/\/www.lichen.pl\/fr\/wp-json\/wp\/v2\/types\/page"}],"author":[{"embeddable":true,"href":"https:\/\/www.lichen.pl\/fr\/wp-json\/wp\/v2\/users\/2"}],"replies":[{"embeddable":true,"href":"https:\/\/www.lichen.pl\/fr\/wp-json\/wp\/v2\/comments?post=4830"}],"version-history":[{"count":7,"href":"https:\/\/www.lichen.pl\/fr\/wp-json\/wp\/v2\/pages\/4830\/revisions"}],"predecessor-version":[{"id":47650,"href":"https:\/\/www.lichen.pl\/fr\/wp-json\/wp\/v2\/pages\/4830\/revisions\/47650"}],"wp:attachment":[{"href":"https:\/\/www.lichen.pl\/fr\/wp-json\/wp\/v2\/media?parent=4830"}],"curies":[{"name":"wp","href":"https:\/\/api.w.org\/{rel}","templated":true}]}}