{"id":49462,"date":"2023-01-26T08:59:10","date_gmt":"2023-01-26T07:59:10","guid":{"rendered":"https:\/\/www.lichen.pl\/pielgrzym-lichenski-wiosna-lato-2022-copy\/"},"modified":"2023-01-26T11:54:17","modified_gmt":"2023-01-26T10:54:17","slug":"pielgrzym-lichenski-jesien-zima-2022","status":"publish","type":"page","link":"https:\/\/www.lichen.pl\/fr\/pielgrzym-lichenski-jesien-zima-2022\/","title":{"rendered":"Pielgrzym Liche\u0144ski jesie\u0144-zima 2022"},"content":{"rendered":"<div class=\"_df_book df-container df-loading\" id=\"df_49456\"  data-title=\"pielgrzym-lichenski-jesien-zima-2022\" _slug=\"pielgrzym-lichenski-jesien-zima-2022\" wpoptions=\"true\" thumb=\"https:\/\/www.lichen.pl\/wp-content\/uploads\/2023\/01\/PIELGRZYM-jesien-zima-2022-okladka.jpg\" thumbtype=\"bg\" ><\/div><script class=\"df-shortcode-script\" type=\"application\/javascript\">window.option_df_49456 = {\"outline\":[],\"forceFit\":\"true\",\"autoEnableOutline\":\"false\",\"autoEnableThumbnail\":\"false\",\"overwritePDFOutline\":\"false\",\"direction\":\"1\",\"pageSize\":\"0\",\"source\":\"https:\\\/\\\/www.lichen.pl\\\/wp-content\\\/uploads\\\/2023\\\/01\\\/PIELGRZYM-jesien-zima-2022-ar.pdf\",\"wpOptions\":\"true\"}; if(window.DFLIP && window.DFLIP.parseBooks){window.DFLIP.parseBooks();}<\/script>","protected":false},"excerpt":{"rendered":"","protected":false},"author":2,"featured_media":0,"parent":0,"menu_order":0,"comment_status":"closed","ping_status":"closed","template":"","meta":{"footnotes":""},"class_list":["post-49462","page","type-page","status-publish","hentry","wpbf-post"],"yoast_head":"<!-- This site is optimized with the Yoast SEO plugin v27.4 - https:\/\/yoast.com\/product\/yoast-seo-wordpress\/ -->\n<title>Pielgrzym Liche\u0144ski jesie\u0144-zima 2022 - SANKTUARIUM W LICHENIU<\/title>\n<meta name=\"robots\" content=\"index, follow, max-snippet:-1, max-image-preview:large, max-video-preview:-1\" \/>\n<link rel=\"canonical\" href=\"https:\/\/www.lichen.pl\/fr\/pielgrzym-lichenski-jesien-zima-2022\/\" \/>\n<meta property=\"og:locale\" content=\"fr_FR\" \/>\n<meta property=\"og:type\" content=\"article\" \/>\n<meta property=\"og:title\" content=\"Pielgrzym Liche\u0144ski jesie\u0144-zima 2022 - SANKTUARIUM W LICHENIU\" \/>\n<meta property=\"og:url\" content=\"https:\/\/www.lichen.pl\/fr\/pielgrzym-lichenski-jesien-zima-2022\/\" \/>\n<meta property=\"og:site_name\" content=\"SANKTUARIUM W LICHENIU\" \/>\n<meta property=\"article:modified_time\" content=\"2023-01-26T10:54:17+00:00\" \/>\n<meta name=\"twitter:card\" content=\"summary_large_image\" \/>\n<meta name=\"twitter:label1\" content=\"Dur\u00e9e de lecture estim\u00e9e\" \/>\n\t<meta name=\"twitter:data1\" content=\"1 minute\" \/>\n<script type=\"application\/ld+json\" class=\"yoast-schema-graph\">{\"@context\":\"https:\\\/\\\/schema.org\",\"@graph\":[{\"@type\":\"WebPage\",\"@id\":\"https:\\\/\\\/www.lichen.pl\\\/pielgrzym-lichenski-jesien-zima-2022\\\/\",\"url\":\"https:\\\/\\\/www.lichen.pl\\\/pielgrzym-lichenski-jesien-zima-2022\\\/\",\"name\":\"Pielgrzym Liche\u0144ski jesie\u0144-zima 2022 - SANKTUARIUM W LICHENIU\",\"isPartOf\":{\"@id\":\"https:\\\/\\\/www.lichen.pl\\\/fr\\\/#website\"},\"datePublished\":\"2023-01-26T07:59:10+00:00\",\"dateModified\":\"2023-01-26T10:54:17+00:00\",\"breadcrumb\":{\"@id\":\"https:\\\/\\\/www.lichen.pl\\\/pielgrzym-lichenski-jesien-zima-2022\\\/#breadcrumb\"},\"inLanguage\":\"fr-FR\",\"potentialAction\":[{\"@type\":\"ReadAction\",\"target\":[\"https:\\\/\\\/www.lichen.pl\\\/pielgrzym-lichenski-jesien-zima-2022\\\/\"]}]},{\"@type\":\"BreadcrumbList\",\"@id\":\"https:\\\/\\\/www.lichen.pl\\\/pielgrzym-lichenski-jesien-zima-2022\\\/#breadcrumb\",\"itemListElement\":[{\"@type\":\"ListItem\",\"position\":1,\"name\":\"Strona g\u0142\u00f3wna\",\"item\":\"https:\\\/\\\/www.lichen.pl\\\/\"},{\"@type\":\"ListItem\",\"position\":2,\"name\":\"Pielgrzym Liche\u0144ski jesie\u0144-zima 2022\"}]},{\"@type\":\"WebSite\",\"@id\":\"https:\\\/\\\/www.lichen.pl\\\/fr\\\/#website\",\"url\":\"https:\\\/\\\/www.lichen.pl\\\/fr\\\/\",\"name\":\"SANKTUARIUM W LICHENIU\",\"description\":\"MATKI BO\u017bEJ LICHE\u0143SKIEJ BOLESNEJ KR\u00d3LOWEJ POLSKI\",\"potentialAction\":[{\"@type\":\"SearchAction\",\"target\":{\"@type\":\"EntryPoint\",\"urlTemplate\":\"https:\\\/\\\/www.lichen.pl\\\/fr\\\/?s={search_term_string}\"},\"query-input\":{\"@type\":\"PropertyValueSpecification\",\"valueRequired\":true,\"valueName\":\"search_term_string\"}}],\"inLanguage\":\"fr-FR\"}]}<\/script>\n<!-- \/ Yoast SEO plugin. -->","yoast_head_json":{"title":"Pielgrzym Liche\u0144ski jesie\u0144-zima 2022 - SANKTUARIUM W LICHENIU","robots":{"index":"index","follow":"follow","max-snippet":"max-snippet:-1","max-image-preview":"max-image-preview:large","max-video-preview":"max-video-preview:-1"},"canonical":"https:\/\/www.lichen.pl\/fr\/pielgrzym-lichenski-jesien-zima-2022\/","og_locale":"fr_FR","og_type":"article","og_title":"Pielgrzym Liche\u0144ski jesie\u0144-zima 2022 - SANKTUARIUM W LICHENIU","og_url":"https:\/\/www.lichen.pl\/fr\/pielgrzym-lichenski-jesien-zima-2022\/","og_site_name":"SANKTUARIUM W LICHENIU","article_modified_time":"2023-01-26T10:54:17+00:00","twitter_card":"summary_large_image","twitter_misc":{"Dur\u00e9e de lecture estim\u00e9e":"1 minute"},"schema":{"@context":"https:\/\/schema.org","@graph":[{"@type":"WebPage","@id":"https:\/\/www.lichen.pl\/pielgrzym-lichenski-jesien-zima-2022\/","url":"https:\/\/www.lichen.pl\/pielgrzym-lichenski-jesien-zima-2022\/","name":"Pielgrzym Liche\u0144ski jesie\u0144-zima 2022 - SANKTUARIUM W LICHENIU","isPartOf":{"@id":"https:\/\/www.lichen.pl\/fr\/#website"},"datePublished":"2023-01-26T07:59:10+00:00","dateModified":"2023-01-26T10:54:17+00:00","breadcrumb":{"@id":"https:\/\/www.lichen.pl\/pielgrzym-lichenski-jesien-zima-2022\/#breadcrumb"},"inLanguage":"fr-FR","potentialAction":[{"@type":"ReadAction","target":["https:\/\/www.lichen.pl\/pielgrzym-lichenski-jesien-zima-2022\/"]}]},{"@type":"BreadcrumbList","@id":"https:\/\/www.lichen.pl\/pielgrzym-lichenski-jesien-zima-2022\/#breadcrumb","itemListElement":[{"@type":"ListItem","position":1,"name":"Strona g\u0142\u00f3wna","item":"https:\/\/www.lichen.pl\/"},{"@type":"ListItem","position":2,"name":"Pielgrzym Liche\u0144ski jesie\u0144-zima 2022"}]},{"@type":"WebSite","@id":"https:\/\/www.lichen.pl\/fr\/#website","url":"https:\/\/www.lichen.pl\/fr\/","name":"SANCTUAIRE EN LICHENIE","description":"LA MAUVAISE REINE DE POLOGNE DE NOTRE LICHEN","potentialAction":[{"@type":"SearchAction","target":{"@type":"EntryPoint","urlTemplate":"https:\/\/www.lichen.pl\/fr\/?s={search_term_string}"},"query-input":{"@type":"PropertyValueSpecification","valueRequired":true,"valueName":"search_term_string"}}],"inLanguage":"fr-FR"}]}},"_links":{"self":[{"href":"https:\/\/www.lichen.pl\/fr\/wp-json\/wp\/v2\/pages\/49462","targetHints":{"allow":["GET"]}}],"collection":[{"href":"https:\/\/www.lichen.pl\/fr\/wp-json\/wp\/v2\/pages"}],"about":[{"href":"https:\/\/www.lichen.pl\/fr\/wp-json\/wp\/v2\/types\/page"}],"author":[{"embeddable":true,"href":"https:\/\/www.lichen.pl\/fr\/wp-json\/wp\/v2\/users\/2"}],"replies":[{"embeddable":true,"href":"https:\/\/www.lichen.pl\/fr\/wp-json\/wp\/v2\/comments?post=49462"}],"version-history":[{"count":1,"href":"https:\/\/www.lichen.pl\/fr\/wp-json\/wp\/v2\/pages\/49462\/revisions"}],"predecessor-version":[{"id":49463,"href":"https:\/\/www.lichen.pl\/fr\/wp-json\/wp\/v2\/pages\/49462\/revisions\/49463"}],"wp:attachment":[{"href":"https:\/\/www.lichen.pl\/fr\/wp-json\/wp\/v2\/media?parent=49462"}],"curies":[{"name":"wp","href":"https:\/\/api.w.org\/{rel}","templated":true}]}}