{"id":60877,"date":"2023-11-12T12:43:50","date_gmt":"2023-11-12T11:43:50","guid":{"rendered":"https:\/\/www.lichen.pl\/?page_id=60877"},"modified":"2023-12-22T13:59:33","modified_gmt":"2023-12-22T12:59:33","slug":"5-spotkan-z-jezusem-milosiernym","status":"publish","type":"page","link":"https:\/\/www.lichen.pl\/fr\/5-spotkan-z-jezusem-milosiernym\/","title":{"rendered":"Rekolekcje biblijne &#8220;5 spotka\u0144 z Jezusem Mi\u0142osiernym&#8221;"},"content":{"rendered":"\t\t<div data-elementor-type=\"wp-page\" data-elementor-id=\"60877\" class=\"elementor elementor-60877\" data-elementor-post-type=\"page\">\n\t\t\t\t\t\t<section class=\"elementor-section elementor-top-section elementor-element elementor-element-6a1c628f elementor-section-boxed elementor-section-height-default elementor-section-height-default\" data-id=\"6a1c628f\" data-element_type=\"section\" data-e-type=\"section\">\n\t\t\t\t\t\t<div class=\"elementor-container elementor-column-gap-default\">\n\t\t\t\t\t<div class=\"elementor-column elementor-col-100 elementor-top-column elementor-element elementor-element-58d80a20\" data-id=\"58d80a20\" data-element_type=\"column\" data-e-type=\"column\">\n\t\t\t<div class=\"elementor-widget-wrap elementor-element-populated\">\n\t\t\t\t\t\t<div class=\"elementor-element elementor-element-39fcbed3 elementor-widget elementor-widget-text-editor\" data-id=\"39fcbed3\" data-element_type=\"widget\" data-e-type=\"widget\" data-widget_type=\"text-editor.default\">\n\t\t\t\t<div class=\"elementor-widget-container\">\n\t\t\t\t\t\t\t\t\t&nbsp;\r\n\r\n&nbsp;\t\t\t\t\t\t\t\t<\/div>\n\t\t\t\t<\/div>\n\t\t\t\t\t<\/div>\n\t\t<\/div>\n\t\t\t\t\t<\/div>\n\t\t<\/section>\n\t\t\t\t<section class=\"elementor-section elementor-top-section elementor-element elementor-element-73a6a6a elementor-section-boxed elementor-section-height-default elementor-section-height-default\" data-id=\"73a6a6a\" data-element_type=\"section\" data-e-type=\"section\">\n\t\t\t\t\t\t<div class=\"elementor-container elementor-column-gap-default\">\n\t\t\t\t\t<div class=\"elementor-column elementor-col-100 elementor-top-column elementor-element elementor-element-79ab67c\" data-id=\"79ab67c\" data-element_type=\"column\" data-e-type=\"column\">\n\t\t\t<div class=\"elementor-widget-wrap elementor-element-populated\">\n\t\t\t\t\t\t<div class=\"elementor-element elementor-element-ce04c1d elementor-widget-divider--view-line_text elementor-widget-divider--element-align-center elementor-widget elementor-widget-divider\" data-id=\"ce04c1d\" data-element_type=\"widget\" data-e-type=\"widget\" data-widget_type=\"divider.default\">\n\t\t\t\t<div class=\"elementor-widget-container\">\n\t\t\t\t\t\t\t<div class=\"elementor-divider\">\n\t\t\t<span class=\"elementor-divider-separator\">\n\t\t\t\t\t\t\t<span class=\"elementor-divider__text elementor-divider__element\">\n\t\t\t\tRekolekcje biblijne \"5 spotka\u0144 z Jezusem Mi\u0142osiernym\"\t\t\t\t<\/span>\n\t\t\t\t\t\t<\/span>\n\t\t<\/div>\n\t\t\t\t\t\t<\/div>\n\t\t\t\t<\/div>\n\t\t\t\t\t<\/div>\n\t\t<\/div>\n\t\t\t\t\t<\/div>\n\t\t<\/section>\n\t\t\t\t<section class=\"elementor-section elementor-top-section elementor-element elementor-element-40c6625 elementor-section-boxed elementor-section-height-default elementor-section-height-default\" data-id=\"40c6625\" data-element_type=\"section\" data-e-type=\"section\">\n\t\t\t\t\t\t<div class=\"elementor-container elementor-column-gap-default\">\n\t\t\t\t\t<div class=\"elementor-column elementor-col-100 elementor-top-column elementor-element elementor-element-27a7ef5\" data-id=\"27a7ef5\" data-element_type=\"column\" data-e-type=\"column\">\n\t\t\t<div class=\"elementor-widget-wrap elementor-element-populated\">\n\t\t\t\t\t\t<div class=\"elementor-element elementor-element-bb3dd81 elementor-widget elementor-widget-text-editor\" data-id=\"bb3dd81\" data-element_type=\"widget\" data-e-type=\"widget\" data-widget_type=\"text-editor.default\">\n\t\t\t\t<div class=\"elementor-widget-container\">\n\t\t\t\t\t\t\t\t\t<p>Zapewne wiele razy zastanawia\u0142e\u015b si\u0119 na czym polega Mi\u0142osierdzie Boga objawione na kartach Ewangelii oraz w \u017cyciu r\u00f3\u017cnych bohater\u00f3w biblijnych.<\/p><p>\u015awiat, w kt\u00f3rym \u017cyjesz wci\u0105\u017c si\u0119 zmienia &#8211; przemijaj\u0105 epoki, mocarstwa, pa\u0144stwa i ludzie, ale Bo\u017ce Mi\u0142osierdzie nie przemija. Jak zatem to, co nie jest sporadyczne ani chwilowe wyra\u017ca si\u0119 w twoim \u017cyciu? Z jak\u0105 postaw\u0105 przyjmujesz Mi\u0142osierdzie Boga wiedz\u0105c, \u017ce zderza si\u0119 ono z ka\u017cdym twym zniech\u0119ceniem, z ka\u017cd\u0105 pokus\u0105 wyros\u0142\u0105 z kolejnego upadku, kolejnego z\u0142a i kolejnej bezsilno\u015bci?<\/p><p>Uczestnicz\u0105c w rekolekcjach \u201e5 spotka\u0144 z Jezusem Mi\u0142osiernym\u201d ujrzysz siebie przez pryzmat w\u0142asnych reakcji na ten wielki dar Boga \u2013 tych pozytywnych jak i te\u017c negatywnych. B\u0105d\u017a jednym z tych bohater\u00f3w biblijnych, kt\u00f3rych dotyka Bo\u017ce Mi\u0142osierdzie. By\u0107 mo\u017ce z niejednym z nich b\u0119dziesz m\u00f3g\u0142 si\u0119 uto\u017csami\u0107 i zrozumie\u0107, co oznaczaj\u0105 s\u0142owa wypowiedziane przez Jezusa \u201e [&#8230;] nie przyszed\u0142em powo\u0142a\u0107 sprawiedliwych, ale grzesznik\u00f3w.\u201d (Mt 9,13).<\/p><p>Rekolekcje prowadzi ks. Jaros\u0142aw Hybza MIC.<\/p><p>\u00a0<\/p>\t\t\t\t\t\t\t\t<\/div>\n\t\t\t\t<\/div>\n\t\t\t\t\t<\/div>\n\t\t<\/div>\n\t\t\t\t\t<\/div>\n\t\t<\/section>\n\t\t\t\t<section class=\"elementor-section elementor-top-section elementor-element elementor-element-0e8f298 elementor-section-boxed elementor-section-height-default elementor-section-height-default\" data-id=\"0e8f298\" data-element_type=\"section\" data-e-type=\"section\">\n\t\t\t\t\t\t<div class=\"elementor-container elementor-column-gap-default\">\n\t\t\t\t\t<div class=\"elementor-column elementor-col-100 elementor-top-column elementor-element elementor-element-46b5dfe\" data-id=\"46b5dfe\" data-element_type=\"column\" data-e-type=\"column\">\n\t\t\t<div class=\"elementor-widget-wrap elementor-element-populated\">\n\t\t\t\t\t\t<section class=\"elementor-section elementor-inner-section elementor-element elementor-element-6352738 elementor-section-boxed elementor-section-height-default elementor-section-height-default\" data-id=\"6352738\" data-element_type=\"section\" data-e-type=\"section\">\n\t\t\t\t\t\t<div class=\"elementor-container elementor-column-gap-default\">\n\t\t\t\t\t<div class=\"elementor-column elementor-col-50 elementor-inner-column elementor-element elementor-element-6579597\" data-id=\"6579597\" data-element_type=\"column\" data-e-type=\"column\">\n\t\t\t<div class=\"elementor-widget-wrap elementor-element-populated\">\n\t\t\t\t\t\t<div class=\"elementor-element elementor-element-8d4d611 elementor-widget elementor-widget-text-editor\" data-id=\"8d4d611\" data-element_type=\"widget\" data-e-type=\"widget\" data-widget_type=\"text-editor.default\">\n\t\t\t\t<div class=\"elementor-widget-container\">\n\t\t\t\t\t\t\t\t\t<ul><li><span style=\"color: #000000;\">koszt: <strong>od<\/strong> <strong>250 z\u0142 do 360 z\u0142 <\/strong>od osoby (w tym nocleg i wy\u017cywienie), p\u0142atne got\u00f3wk\u0105 w chwili zakwaterowania<\/span><\/li><li><span style=\"color: #000000;\">liczba miejsc ograniczona<\/span><\/li><li><span style=\"color: #000000;\">decyduje kolejno\u015b\u0107 zg\u0142osze\u0144<\/span><\/li><\/ul><p>\u00a0<\/p>\t\t\t\t\t\t\t\t<\/div>\n\t\t\t\t<\/div>\n\t\t\t\t\t<\/div>\n\t\t<\/div>\n\t\t\t\t<div class=\"elementor-column elementor-col-50 elementor-inner-column elementor-element elementor-element-9b5574e\" data-id=\"9b5574e\" data-element_type=\"column\" data-e-type=\"column\">\n\t\t\t<div class=\"elementor-widget-wrap elementor-element-populated\">\n\t\t\t\t\t\t<div class=\"elementor-element elementor-element-417f76a elementor-widget elementor-widget-text-editor\" data-id=\"417f76a\" data-element_type=\"widget\" data-e-type=\"widget\" data-widget_type=\"text-editor.default\">\n\t\t\t\t<div class=\"elementor-widget-container\">\n\t\t\t\t\t\t\t\t\t<p style=\"text-align: center;\"><strong><span style=\"color: #800000;\">Zapisy na rekolekcje:<\/span><\/strong><\/p><ul><li><span style=\"color: #000000;\"><strong>osobi\u015bcie<\/strong>, w Biurze Obs\u0142ugi Pielgrzyma<\/span><\/li><li><span style=\"color: #000000;\"><strong>telefonicznie<\/strong> (+48) 63 270 81 42, (+48) 63 270 81 63<\/span><\/li><li><span style=\"color: #000000;\"><strong>poczt\u0105 e-mail:<\/strong> lichen@lichen.pl<\/span><\/li><\/ul>\t\t\t\t\t\t\t\t<\/div>\n\t\t\t\t<\/div>\n\t\t\t\t\t<\/div>\n\t\t<\/div>\n\t\t\t\t\t<\/div>\n\t\t<\/section>\n\t\t\t\t\t<\/div>\n\t\t<\/div>\n\t\t\t\t\t<\/div>\n\t\t<\/section>\n\t\t\t\t<section class=\"elementor-section elementor-top-section elementor-element elementor-element-48026a2 elementor-section-boxed elementor-section-height-default elementor-section-height-default\" data-id=\"48026a2\" data-element_type=\"section\" data-e-type=\"section\">\n\t\t\t\t\t\t<div class=\"elementor-container elementor-column-gap-default\">\n\t\t\t\t\t<div class=\"elementor-column elementor-col-100 elementor-top-column elementor-element elementor-element-7065f93\" data-id=\"7065f93\" data-element_type=\"column\" data-e-type=\"column\">\n\t\t\t<div class=\"elementor-widget-wrap elementor-element-populated\">\n\t\t\t\t\t\t<section class=\"elementor-section elementor-inner-section elementor-element elementor-element-3cb4fe0 elementor-section-boxed elementor-section-height-default elementor-section-height-default\" data-id=\"3cb4fe0\" data-element_type=\"section\" data-e-type=\"section\">\n\t\t\t\t\t\t<div class=\"elementor-container elementor-column-gap-default\">\n\t\t\t\t\t<div class=\"elementor-column elementor-col-50 elementor-inner-column elementor-element elementor-element-0c1f708\" data-id=\"0c1f708\" data-element_type=\"column\" data-e-type=\"column\">\n\t\t\t<div class=\"elementor-widget-wrap elementor-element-populated\">\n\t\t\t\t\t\t<div class=\"elementor-element elementor-element-fb522f9 elementor-view-default elementor-widget elementor-widget-icon\" data-id=\"fb522f9\" data-element_type=\"widget\" data-e-type=\"widget\" data-widget_type=\"icon.default\">\n\t\t\t\t<div class=\"elementor-widget-container\">\n\t\t\t\t\t\t\t<div class=\"elementor-icon-wrapper\">\n\t\t\t<a class=\"elementor-icon\" href=\"https:\/\/www.lichen.pl\/rekolekcje-rok-2024\/\">\n\t\t\t<i aria-hidden=\"true\" class=\"far fa-calendar-check\"><\/i>\t\t\t<\/a>\n\t\t<\/div>\n\t\t\t\t\t\t<\/div>\n\t\t\t\t<\/div>\n\t\t\t\t\t<\/div>\n\t\t<\/div>\n\t\t\t\t<div class=\"elementor-column elementor-col-50 elementor-inner-column elementor-element elementor-element-c273aa6\" data-id=\"c273aa6\" data-element_type=\"column\" data-e-type=\"column\">\n\t\t\t<div class=\"elementor-widget-wrap elementor-element-populated\">\n\t\t\t\t\t\t<div class=\"elementor-element elementor-element-5c04ccc elementor-widget elementor-widget-text-editor\" data-id=\"5c04ccc\" data-element_type=\"widget\" data-e-type=\"widget\" data-widget_type=\"text-editor.default\">\n\t\t\t\t<div class=\"elementor-widget-container\">\n\t\t\t\t\t\t\t\t\t<p><span style=\"color: #333399;\">Przejd\u017a do kalendarza rekolekcji 2024 r.<\/span><\/p><p>\u00a0<\/p>\t\t\t\t\t\t\t\t<\/div>\n\t\t\t\t<\/div>\n\t\t\t\t<div class=\"elementor-element elementor-element-b92a884 elementor-widget-divider--view-line elementor-widget elementor-widget-divider\" data-id=\"b92a884\" data-element_type=\"widget\" data-e-type=\"widget\" data-widget_type=\"divider.default\">\n\t\t\t\t<div class=\"elementor-widget-container\">\n\t\t\t\t\t\t\t<div class=\"elementor-divider\">\n\t\t\t<span class=\"elementor-divider-separator\">\n\t\t\t\t\t\t<\/span>\n\t\t<\/div>\n\t\t\t\t\t\t<\/div>\n\t\t\t\t<\/div>\n\t\t\t\t\t<\/div>\n\t\t<\/div>\n\t\t\t\t\t<\/div>\n\t\t<\/section>\n\t\t\t\t\t<\/div>\n\t\t<\/div>\n\t\t\t\t\t<\/div>\n\t\t<\/section>\n\t\t\t\t<\/div>\n\t\t","protected":false},"excerpt":{"rendered":"<p>&nbsp; &nbsp; Rekolekcje biblijne &#8220;5 spotka\u0144 z Jezusem Mi\u0142osiernym&#8221; Zapewne wiele razy zastanawia\u0142e\u015b si\u0119 na czym polega Mi\u0142osierdzie Boga objawione na kartach Ewangelii oraz w \u017cyciu r\u00f3\u017cnych bohater\u00f3w biblijnych. \u015awiat, w kt\u00f3rym \u017cyjesz wci\u0105\u017c si\u0119 zmienia &#8211; przemijaj\u0105 epoki, mocarstwa, pa\u0144stwa i ludzie, ale Bo\u017ce Mi\u0142osierdzie nie przemija. Jak zatem to, co nie jest sporadyczne [&hellip;]<\/p>\n","protected":false},"author":2,"featured_media":0,"parent":0,"menu_order":0,"comment_status":"closed","ping_status":"closed","template":"","meta":{"footnotes":""},"class_list":["post-60877","page","type-page","status-publish","hentry","wpbf-post"],"yoast_head":"<!-- This site is optimized with the Yoast SEO plugin v27.4 - https:\/\/yoast.com\/product\/yoast-seo-wordpress\/ -->\n<title>Rekolekcje biblijne &quot;5 spotka\u0144 z Jezusem Mi\u0142osiernym&quot; - SANKTUARIUM W LICHENIU<\/title>\n<meta name=\"robots\" content=\"index, follow, max-snippet:-1, max-image-preview:large, max-video-preview:-1\" \/>\n<link rel=\"canonical\" href=\"https:\/\/www.lichen.pl\/fr\/5-spotkan-z-jezusem-milosiernym\/\" \/>\n<meta property=\"og:locale\" content=\"fr_FR\" \/>\n<meta property=\"og:type\" content=\"article\" \/>\n<meta property=\"og:title\" content=\"Rekolekcje biblijne &quot;5 spotka\u0144 z Jezusem Mi\u0142osiernym&quot; - SANKTUARIUM W LICHENIU\" \/>\n<meta property=\"og:description\" content=\"&nbsp; &nbsp; Rekolekcje biblijne &#8220;5 spotka\u0144 z Jezusem Mi\u0142osiernym&#8221; Zapewne wiele razy zastanawia\u0142e\u015b si\u0119 na czym polega Mi\u0142osierdzie Boga objawione na kartach Ewangelii oraz w \u017cyciu r\u00f3\u017cnych bohater\u00f3w biblijnych. \u015awiat, w kt\u00f3rym \u017cyjesz wci\u0105\u017c si\u0119 zmienia &#8211; przemijaj\u0105 epoki, mocarstwa, pa\u0144stwa i ludzie, ale Bo\u017ce Mi\u0142osierdzie nie przemija. Jak zatem to, co nie jest sporadyczne [&hellip;]\" \/>\n<meta property=\"og:url\" content=\"https:\/\/www.lichen.pl\/fr\/5-spotkan-z-jezusem-milosiernym\/\" \/>\n<meta property=\"og:site_name\" content=\"SANKTUARIUM W LICHENIU\" \/>\n<meta property=\"article:modified_time\" content=\"2023-12-22T12:59:33+00:00\" \/>\n<meta name=\"twitter:card\" content=\"summary_large_image\" \/>\n<meta name=\"twitter:label1\" content=\"Dur\u00e9e de lecture estim\u00e9e\" \/>\n\t<meta name=\"twitter:data1\" content=\"2 minutes\" \/>\n<script type=\"application\/ld+json\" class=\"yoast-schema-graph\">{\"@context\":\"https:\\\/\\\/schema.org\",\"@graph\":[{\"@type\":\"WebPage\",\"@id\":\"https:\\\/\\\/www.lichen.pl\\\/5-spotkan-z-jezusem-milosiernym\\\/\",\"url\":\"https:\\\/\\\/www.lichen.pl\\\/5-spotkan-z-jezusem-milosiernym\\\/\",\"name\":\"Rekolekcje biblijne \\\"5 spotka\u0144 z Jezusem Mi\u0142osiernym\\\" - SANKTUARIUM W LICHENIU\",\"isPartOf\":{\"@id\":\"https:\\\/\\\/www.lichen.pl\\\/fr\\\/#website\"},\"datePublished\":\"2023-11-12T11:43:50+00:00\",\"dateModified\":\"2023-12-22T12:59:33+00:00\",\"breadcrumb\":{\"@id\":\"https:\\\/\\\/www.lichen.pl\\\/5-spotkan-z-jezusem-milosiernym\\\/#breadcrumb\"},\"inLanguage\":\"fr-FR\",\"potentialAction\":[{\"@type\":\"ReadAction\",\"target\":[\"https:\\\/\\\/www.lichen.pl\\\/5-spotkan-z-jezusem-milosiernym\\\/\"]}]},{\"@type\":\"BreadcrumbList\",\"@id\":\"https:\\\/\\\/www.lichen.pl\\\/5-spotkan-z-jezusem-milosiernym\\\/#breadcrumb\",\"itemListElement\":[{\"@type\":\"ListItem\",\"position\":1,\"name\":\"Strona g\u0142\u00f3wna\",\"item\":\"https:\\\/\\\/www.lichen.pl\\\/\"},{\"@type\":\"ListItem\",\"position\":2,\"name\":\"Rekolekcje biblijne &#8220;5 spotka\u0144 z Jezusem Mi\u0142osiernym&#8221;\"}]},{\"@type\":\"WebSite\",\"@id\":\"https:\\\/\\\/www.lichen.pl\\\/fr\\\/#website\",\"url\":\"https:\\\/\\\/www.lichen.pl\\\/fr\\\/\",\"name\":\"SANKTUARIUM W LICHENIU\",\"description\":\"MATKI BO\u017bEJ LICHE\u0143SKIEJ BOLESNEJ KR\u00d3LOWEJ POLSKI\",\"potentialAction\":[{\"@type\":\"SearchAction\",\"target\":{\"@type\":\"EntryPoint\",\"urlTemplate\":\"https:\\\/\\\/www.lichen.pl\\\/fr\\\/?s={search_term_string}\"},\"query-input\":{\"@type\":\"PropertyValueSpecification\",\"valueRequired\":true,\"valueName\":\"search_term_string\"}}],\"inLanguage\":\"fr-FR\"}]}<\/script>\n<!-- \/ Yoast SEO plugin. -->","yoast_head_json":{"title":"Rekolekcje biblijne \"5 spotka\u0144 z Jezusem Mi\u0142osiernym\" - SANKTUARIUM W LICHENIU","robots":{"index":"index","follow":"follow","max-snippet":"max-snippet:-1","max-image-preview":"max-image-preview:large","max-video-preview":"max-video-preview:-1"},"canonical":"https:\/\/www.lichen.pl\/fr\/5-spotkan-z-jezusem-milosiernym\/","og_locale":"fr_FR","og_type":"article","og_title":"Rekolekcje biblijne \"5 spotka\u0144 z Jezusem Mi\u0142osiernym\" - SANKTUARIUM W LICHENIU","og_description":"&nbsp; &nbsp; Rekolekcje biblijne &#8220;5 spotka\u0144 z Jezusem Mi\u0142osiernym&#8221; Zapewne wiele razy zastanawia\u0142e\u015b si\u0119 na czym polega Mi\u0142osierdzie Boga objawione na kartach Ewangelii oraz w \u017cyciu r\u00f3\u017cnych bohater\u00f3w biblijnych. \u015awiat, w kt\u00f3rym \u017cyjesz wci\u0105\u017c si\u0119 zmienia &#8211; przemijaj\u0105 epoki, mocarstwa, pa\u0144stwa i ludzie, ale Bo\u017ce Mi\u0142osierdzie nie przemija. Jak zatem to, co nie jest sporadyczne [&hellip;]","og_url":"https:\/\/www.lichen.pl\/fr\/5-spotkan-z-jezusem-milosiernym\/","og_site_name":"SANKTUARIUM W LICHENIU","article_modified_time":"2023-12-22T12:59:33+00:00","twitter_card":"summary_large_image","twitter_misc":{"Dur\u00e9e de lecture estim\u00e9e":"2 minutes"},"schema":{"@context":"https:\/\/schema.org","@graph":[{"@type":"WebPage","@id":"https:\/\/www.lichen.pl\/5-spotkan-z-jezusem-milosiernym\/","url":"https:\/\/www.lichen.pl\/5-spotkan-z-jezusem-milosiernym\/","name":"Rekolekcje biblijne \"5 spotka\u0144 z Jezusem Mi\u0142osiernym\" - SANKTUARIUM W LICHENIU","isPartOf":{"@id":"https:\/\/www.lichen.pl\/fr\/#website"},"datePublished":"2023-11-12T11:43:50+00:00","dateModified":"2023-12-22T12:59:33+00:00","breadcrumb":{"@id":"https:\/\/www.lichen.pl\/5-spotkan-z-jezusem-milosiernym\/#breadcrumb"},"inLanguage":"fr-FR","potentialAction":[{"@type":"ReadAction","target":["https:\/\/www.lichen.pl\/5-spotkan-z-jezusem-milosiernym\/"]}]},{"@type":"BreadcrumbList","@id":"https:\/\/www.lichen.pl\/5-spotkan-z-jezusem-milosiernym\/#breadcrumb","itemListElement":[{"@type":"ListItem","position":1,"name":"Strona g\u0142\u00f3wna","item":"https:\/\/www.lichen.pl\/"},{"@type":"ListItem","position":2,"name":"Rekolekcje biblijne &#8220;5 spotka\u0144 z Jezusem Mi\u0142osiernym&#8221;"}]},{"@type":"WebSite","@id":"https:\/\/www.lichen.pl\/fr\/#website","url":"https:\/\/www.lichen.pl\/fr\/","name":"SANCTUAIRE EN LICHENIE","description":"LA MAUVAISE REINE DE POLOGNE DE NOTRE LICHEN","potentialAction":[{"@type":"SearchAction","target":{"@type":"EntryPoint","urlTemplate":"https:\/\/www.lichen.pl\/fr\/?s={search_term_string}"},"query-input":{"@type":"PropertyValueSpecification","valueRequired":true,"valueName":"search_term_string"}}],"inLanguage":"fr-FR"}]}},"_links":{"self":[{"href":"https:\/\/www.lichen.pl\/fr\/wp-json\/wp\/v2\/pages\/60877","targetHints":{"allow":["GET"]}}],"collection":[{"href":"https:\/\/www.lichen.pl\/fr\/wp-json\/wp\/v2\/pages"}],"about":[{"href":"https:\/\/www.lichen.pl\/fr\/wp-json\/wp\/v2\/types\/page"}],"author":[{"embeddable":true,"href":"https:\/\/www.lichen.pl\/fr\/wp-json\/wp\/v2\/users\/2"}],"replies":[{"embeddable":true,"href":"https:\/\/www.lichen.pl\/fr\/wp-json\/wp\/v2\/comments?post=60877"}],"version-history":[{"count":20,"href":"https:\/\/www.lichen.pl\/fr\/wp-json\/wp\/v2\/pages\/60877\/revisions"}],"predecessor-version":[{"id":62643,"href":"https:\/\/www.lichen.pl\/fr\/wp-json\/wp\/v2\/pages\/60877\/revisions\/62643"}],"wp:attachment":[{"href":"https:\/\/www.lichen.pl\/fr\/wp-json\/wp\/v2\/media?parent=60877"}],"curies":[{"name":"wp","href":"https:\/\/api.w.org\/{rel}","templated":true}]}}