{"id":6112,"date":"2021-04-03T11:32:39","date_gmt":"2021-04-03T11:32:39","guid":{"rendered":"http:\/\/www.lichen.pl\/?page_id=6112"},"modified":"2024-08-22T14:01:51","modified_gmt":"2024-08-22T12:01:51","slug":"pokoj-dla-mamy-i-dziecka","status":"publish","type":"page","link":"https:\/\/www.lichen.pl\/fr\/pokoj-dla-mamy-i-dziecka\/","title":{"rendered":"Chambre pour m\u00e8re et enfant"},"content":{"rendered":"<div data-elementor-type=\"wp-page\" data-elementor-id=\"6112\" class=\"elementor elementor-6112\" data-elementor-post-type=\"page\">\n\t\t\t\t\t\t<section class=\"elementor-section elementor-top-section elementor-element elementor-element-1446f76 elementor-section-boxed elementor-section-height-default elementor-section-height-default\" data-id=\"1446f76\" data-element_type=\"section\" data-e-type=\"section\">\n\t\t\t\t\t\t<div class=\"elementor-container elementor-column-gap-default\">\n\t\t\t\t\t<div class=\"elementor-column elementor-col-100 elementor-top-column elementor-element elementor-element-88324df\" data-id=\"88324df\" data-element_type=\"column\" data-e-type=\"column\">\n\t\t\t<div class=\"elementor-widget-wrap elementor-element-populated\">\n\t\t\t\t\t\t<div class=\"elementor-element elementor-element-31315e7 elementor-widget-divider--view-line_text elementor-widget-divider--element-align-center elementor-widget elementor-widget-divider\" data-id=\"31315e7\" data-element_type=\"widget\" data-e-type=\"widget\" data-widget_type=\"divider.default\">\n\t\t\t\t<div class=\"elementor-widget-container\">\n\t\t\t\t\t\t\t<div class=\"elementor-divider\">\n\t\t\t<span class=\"elementor-divider-separator\">\n\t\t\t\t\t\t\t<span class=\"elementor-divider__text elementor-divider__element\">\n\t\t\t\tCHAMBRE POUR LA M\u00c8RE ET L&#039;ENFANT\t\t\t\t<\/span>\n\t\t\t\t\t\t<\/span>\n\t\t<\/div>\n\t\t\t\t\t\t<\/div>\n\t\t\t\t<\/div>\n\t\t\t\t<div class=\"elementor-element elementor-element-9702f86 elementor-view-default elementor-widget elementor-widget-icon\" data-id=\"9702f86\" data-element_type=\"widget\" data-e-type=\"widget\" data-widget_type=\"icon.default\">\n\t\t\t\t<div class=\"elementor-widget-container\">\n\t\t\t\t\t\t\t<div class=\"elementor-icon-wrapper\">\n\t\t\t<div class=\"elementor-icon\">\n\t\t\t<i aria-hidden=\"true\" class=\"fas fa-info-circle\"><\/i>\t\t\t<\/div>\n\t\t<\/div>\n\t\t\t\t\t\t<\/div>\n\t\t\t\t<\/div>\n\t\t\t\t<div class=\"elementor-element elementor-element-67fa4df elementor-widget elementor-widget-text-editor\" data-id=\"67fa4df\" data-element_type=\"widget\" data-e-type=\"widget\" data-widget_type=\"text-editor.default\">\n\t\t\t\t<div class=\"elementor-widget-container\">\n\t\t\t\t\t\t\t\t\t<div class=\"o9v6fnle cxmmr5t8 oygrvhab hcukyx3x c1et5uql ii04i59q\"><div dir=\"auto\" style=\"text-align: center;\"><span style=\"color: #000000;\">En pensant aux plus jeunes p\u00e8lerins et \u00e0 leurs parents venant au sanctuaire de Lichen, nous avons pr\u00e9par\u00e9 un coin sp\u00e9cial dans la basilique inf\u00e9rieure - un endroit o\u00f9 le b\u00e9b\u00e9 peut \u00eatre chang\u00e9 ou nourri en toute s\u00e9curit\u00e9 et calmement.<\/span><\/div><div dir=\"auto\" style=\"text-align: center;\">\u00a0<\/div><\/div><div class=\"o9v6fnle cxmmr5t8 oygrvhab hcukyx3x c1et5uql ii04i59q\"><div dir=\"auto\" style=\"text-align: center;\"><span style=\"color: #000000;\">La chambre est situ\u00e9e dans la partie inf\u00e9rieure de la basilique - sous les escaliers, \u00e0 c\u00f4t\u00e9 de la chancellerie des p\u00e8lerins, d&#039;o\u00f9 vous pouvez obtenir la cl\u00e9 de la chambre.<\/span><\/div><\/div>\t\t\t\t\t\t\t\t<\/div>\n\t\t\t\t<\/div>\n\t\t\t\t<div class=\"elementor-element elementor-element-5d1d075 elementor-view-default elementor-widget elementor-widget-icon\" data-id=\"5d1d075\" data-element_type=\"widget\" data-e-type=\"widget\" data-widget_type=\"icon.default\">\n\t\t\t\t<div class=\"elementor-widget-container\">\n\t\t\t\t\t\t\t<div class=\"elementor-icon-wrapper\">\n\t\t\t<div class=\"elementor-icon\">\n\t\t\t<i aria-hidden=\"true\" class=\"fas fa-baby\"><\/i>\t\t\t<\/div>\n\t\t<\/div>\n\t\t\t\t\t\t<\/div>\n\t\t\t\t<\/div>\n\t\t\t\t<div class=\"elementor-element elementor-element-572ff08 elementor-widget elementor-widget-text-editor\" data-id=\"572ff08\" data-element_type=\"widget\" data-e-type=\"widget\" data-widget_type=\"text-editor.default\">\n\t\t\t\t<div class=\"elementor-widget-container\">\n\t\t\t\t\t\t\t\t\t<p style=\"text-align: center;\"><span style=\"color: #000000;\">Derri\u00e8re le mur d&#039;intimit\u00e9 se trouvent une table \u00e0 langer et un fauteuil confortable pour une m\u00e8re qui allaite. Il y a aussi des toilettes \u00e0 la disposition des parents.\u00a0<\/span><\/p>\t\t\t\t\t\t\t\t<\/div>\n\t\t\t\t<\/div>\n\t\t\t\t<div class=\"elementor-element elementor-element-fa6072f elementor-widget-divider--view-line elementor-widget elementor-widget-divider\" data-id=\"fa6072f\" data-element_type=\"widget\" data-e-type=\"widget\" data-widget_type=\"divider.default\">\n\t\t\t\t<div class=\"elementor-widget-container\">\n\t\t\t\t\t\t\t<div class=\"elementor-divider\">\n\t\t\t<span class=\"elementor-divider-separator\">\n\t\t\t\t\t\t<\/span>\n\t\t<\/div>\n\t\t\t\t\t\t<\/div>\n\t\t\t\t<\/div>\n\t\t\t\t\t<\/div>\n\t\t<\/div>\n\t\t\t\t\t<\/div>\n\t\t<\/section>\n\t\t\t\t<section class=\"elementor-section elementor-top-section elementor-element elementor-element-6e96904 elementor-section-boxed elementor-section-height-default elementor-section-height-default\" data-id=\"6e96904\" data-element_type=\"section\" data-e-type=\"section\">\n\t\t\t\t\t\t<div class=\"elementor-container elementor-column-gap-default\">\n\t\t\t\t\t<div class=\"elementor-column elementor-col-100 elementor-top-column elementor-element elementor-element-9a23f94\" data-id=\"9a23f94\" data-element_type=\"column\" data-e-type=\"column\">\n\t\t\t<div class=\"elementor-widget-wrap elementor-element-populated\">\n\t\t\t\t\t\t<div class=\"elementor-element elementor-element-272ba1a elementor-widget elementor-widget-gallery\" data-id=\"272ba1a\" data-element_type=\"widget\" data-e-type=\"widget\" data-settings=\"{&quot;columns&quot;:2,&quot;gap&quot;:{&quot;unit&quot;:&quot;px&quot;,&quot;size&quot;:2,&quot;sizes&quot;:[]},&quot;lazyload&quot;:&quot;yes&quot;,&quot;gallery_layout&quot;:&quot;grid&quot;,&quot;columns_tablet&quot;:2,&quot;columns_mobile&quot;:1,&quot;gap_tablet&quot;:{&quot;unit&quot;:&quot;px&quot;,&quot;size&quot;:10,&quot;sizes&quot;:[]},&quot;gap_mobile&quot;:{&quot;unit&quot;:&quot;px&quot;,&quot;size&quot;:10,&quot;sizes&quot;:[]},&quot;link_to&quot;:&quot;file&quot;,&quot;aspect_ratio&quot;:&quot;3:2&quot;,&quot;overlay_background&quot;:&quot;yes&quot;,&quot;content_hover_animation&quot;:&quot;fade-in&quot;}\" data-widget_type=\"gallery.default\">\n\t\t\t\t<div class=\"elementor-widget-container\">\n\t\t\t\t\t\t\t<div class=\"elementor-gallery__container\">\n\t\t\t\t\t\t\t<a class=\"e-gallery-item elementor-gallery-item elementor-animated-content\" href=\"https:\/\/www.lichen.pl\/wp-content\/uploads\/2021\/04\/Pokoj-dla-mamy-i-dziecka-Lichen-1.jpg\" data-elementor-open-lightbox=\"yes\" data-elementor-lightbox-slideshow=\"272ba1a\" data-elementor-lightbox-title=\"Pok\u00f3j dla mamy i dziecka Liche\u0144\" data-e-action-hash=\"#elementor-action%3Aaction%3Dlightbox%26settings%3DeyJpZCI6NjEzMCwidXJsIjoiaHR0cHM6XC9cL3d3dy5saWNoZW4ucGxcL3dwLWNvbnRlbnRcL3VwbG9hZHNcLzIwMjFcLzA0XC9Qb2tvai1kbGEtbWFteS1pLWR6aWVja2EtTGljaGVuLTEuanBnIiwic2xpZGVzaG93IjoiMjcyYmExYSJ9\">\n\t\t\t\t\t<div class=\"e-gallery-image elementor-gallery-item__image\" data-thumbnail=\"https:\/\/www.lichen.pl\/wp-content\/uploads\/2021\/04\/Pokoj-dla-mamy-i-dziecka-Lichen-1-300x200.jpg\" data-width=\"300\" data-height=\"200\" aria-label=\"\" role=\"img\" ><\/div>\n\t\t\t\t\t\t\t\t\t\t\t<div class=\"elementor-gallery-item__overlay\"><\/div>\n\t\t\t\t\t\t\t\t\t\t\t\t\t\t<\/a>\n\t\t\t\t\t\t\t<a class=\"e-gallery-item elementor-gallery-item elementor-animated-content\" href=\"https:\/\/www.lichen.pl\/wp-content\/uploads\/2021\/04\/Pokoj-dla-mamy-i-dziecka-Lichen-2-1.jpg\" data-elementor-open-lightbox=\"yes\" data-elementor-lightbox-slideshow=\"272ba1a\" data-elementor-lightbox-title=\"Pok\u00f3j dla mamy i dziecka Liche\u0144 2\" data-e-action-hash=\"#elementor-action%3Aaction%3Dlightbox%26settings%3DeyJpZCI6NjEyNSwidXJsIjoiaHR0cHM6XC9cL3d3dy5saWNoZW4ucGxcL3dwLWNvbnRlbnRcL3VwbG9hZHNcLzIwMjFcLzA0XC9Qb2tvai1kbGEtbWFteS1pLWR6aWVja2EtTGljaGVuLTItMS5qcGciLCJzbGlkZXNob3ciOiIyNzJiYTFhIn0%3D\">\n\t\t\t\t\t<div class=\"e-gallery-image elementor-gallery-item__image\" data-thumbnail=\"https:\/\/www.lichen.pl\/wp-content\/uploads\/2021\/04\/Pokoj-dla-mamy-i-dziecka-Lichen-2-1-300x200.jpg\" data-width=\"300\" data-height=\"200\" aria-label=\"\" role=\"img\" ><\/div>\n\t\t\t\t\t\t\t\t\t\t\t<div class=\"elementor-gallery-item__overlay\"><\/div>\n\t\t\t\t\t\t\t\t\t\t\t\t\t\t<\/a>\n\t\t\t\t\t<\/div>\n\t\t\t\t\t<\/div>\n\t\t\t\t<\/div>\n\t\t\t\t\t<\/div>\n\t\t<\/div>\n\t\t\t\t\t<\/div>\n\t\t<\/section>\n\t\t\t\t<section class=\"elementor-section elementor-top-section elementor-element elementor-element-0760d57 elementor-section-boxed elementor-section-height-default elementor-section-height-default\" data-id=\"0760d57\" data-element_type=\"section\" data-e-type=\"section\">\n\t\t\t\t\t\t<div class=\"elementor-container elementor-column-gap-default\">\n\t\t\t\t\t<div class=\"elementor-column elementor-col-100 elementor-top-column elementor-element elementor-element-fd2fe52\" data-id=\"fd2fe52\" data-element_type=\"column\" data-e-type=\"column\">\n\t\t\t<div class=\"elementor-widget-wrap elementor-element-populated\">\n\t\t\t\t\t\t<div class=\"elementor-element elementor-element-e598823 elementor-widget-divider--view-line elementor-widget elementor-widget-divider\" data-id=\"e598823\" data-element_type=\"widget\" data-e-type=\"widget\" data-widget_type=\"divider.default\">\n\t\t\t\t<div class=\"elementor-widget-container\">\n\t\t\t\t\t\t\t<div class=\"elementor-divider\">\n\t\t\t<span class=\"elementor-divider-separator\">\n\t\t\t\t\t\t<\/span>\n\t\t<\/div>\n\t\t\t\t\t\t<\/div>\n\t\t\t\t<\/div>\n\t\t\t\t\t<\/div>\n\t\t<\/div>\n\t\t\t\t\t<\/div>\n\t\t<\/section>\n\t\t\t\t<\/div>","protected":false},"excerpt":{"rendered":"<p>POK\u00d3J DLA MAMY I DZIECKA Z my\u015bl\u0105 o najm\u0142odszych pielgrzymach i ich rodzicach przybywaj\u0105cych do liche\u0144skiego sanktuarium, przygotowali\u015bmy w dolnej bazylice specjalny k\u0105cik &#8211; miejsce, w kt\u00f3rym maluszek mo\u017ce zosta\u0107 bezpiecznie i spokojnie przewini\u0119ty czy nakarmiony.\u00a0Pomieszczenie znajduje si\u0119 w dolnej cz\u0119\u015bci bazyliki &#8211; pod schodami, obok Kancelarii dla Pielgrzym\u00f3w, sk\u0105d mo\u017cna pobra\u0107 \u00a0klucz do pomieszczenia. [&hellip;]<\/p>\n","protected":false},"author":2,"featured_media":0,"parent":0,"menu_order":0,"comment_status":"closed","ping_status":"closed","template":"","meta":{"footnotes":""},"class_list":["post-6112","page","type-page","status-publish","hentry","wpbf-post"],"yoast_head":"<!-- This site is optimized with the Yoast SEO plugin v27.4 - https:\/\/yoast.com\/product\/yoast-seo-wordpress\/ -->\n<title>Pok\u00f3j dla mamy i dziecka - SANKTUARIUM W LICHENIU<\/title>\n<meta name=\"robots\" content=\"index, follow, max-snippet:-1, max-image-preview:large, max-video-preview:-1\" \/>\n<link rel=\"canonical\" href=\"https:\/\/www.lichen.pl\/fr\/pokoj-dla-mamy-i-dziecka\/\" \/>\n<meta property=\"og:locale\" content=\"fr_FR\" \/>\n<meta property=\"og:type\" content=\"article\" \/>\n<meta property=\"og:title\" content=\"Pok\u00f3j dla mamy i dziecka - SANKTUARIUM W LICHENIU\" \/>\n<meta property=\"og:description\" content=\"POK\u00d3J DLA MAMY I DZIECKA Z my\u015bl\u0105 o najm\u0142odszych pielgrzymach i ich rodzicach przybywaj\u0105cych do liche\u0144skiego sanktuarium, przygotowali\u015bmy w dolnej bazylice specjalny k\u0105cik &#8211; miejsce, w kt\u00f3rym maluszek mo\u017ce zosta\u0107 bezpiecznie i spokojnie przewini\u0119ty czy nakarmiony.\u00a0Pomieszczenie znajduje si\u0119 w dolnej cz\u0119\u015bci bazyliki &#8211; pod schodami, obok Kancelarii dla Pielgrzym\u00f3w, sk\u0105d mo\u017cna pobra\u0107 \u00a0klucz do pomieszczenia. [&hellip;]\" \/>\n<meta property=\"og:url\" content=\"https:\/\/www.lichen.pl\/fr\/pokoj-dla-mamy-i-dziecka\/\" \/>\n<meta property=\"og:site_name\" content=\"SANKTUARIUM W LICHENIU\" \/>\n<meta property=\"article:modified_time\" content=\"2024-08-22T12:01:51+00:00\" \/>\n<meta name=\"twitter:card\" content=\"summary_large_image\" \/>\n<meta name=\"twitter:label1\" content=\"Dur\u00e9e de lecture estim\u00e9e\" \/>\n\t<meta name=\"twitter:data1\" content=\"1 minute\" \/>\n<script type=\"application\/ld+json\" class=\"yoast-schema-graph\">{\"@context\":\"https:\\\/\\\/schema.org\",\"@graph\":[{\"@type\":\"WebPage\",\"@id\":\"https:\\\/\\\/www.lichen.pl\\\/pokoj-dla-mamy-i-dziecka\\\/\",\"url\":\"https:\\\/\\\/www.lichen.pl\\\/pokoj-dla-mamy-i-dziecka\\\/\",\"name\":\"Pok\u00f3j dla mamy i dziecka - SANKTUARIUM W LICHENIU\",\"isPartOf\":{\"@id\":\"https:\\\/\\\/www.lichen.pl\\\/fr\\\/#website\"},\"datePublished\":\"2021-04-03T11:32:39+00:00\",\"dateModified\":\"2024-08-22T12:01:51+00:00\",\"breadcrumb\":{\"@id\":\"https:\\\/\\\/www.lichen.pl\\\/pokoj-dla-mamy-i-dziecka\\\/#breadcrumb\"},\"inLanguage\":\"fr-FR\",\"potentialAction\":[{\"@type\":\"ReadAction\",\"target\":[\"https:\\\/\\\/www.lichen.pl\\\/pokoj-dla-mamy-i-dziecka\\\/\"]}]},{\"@type\":\"BreadcrumbList\",\"@id\":\"https:\\\/\\\/www.lichen.pl\\\/pokoj-dla-mamy-i-dziecka\\\/#breadcrumb\",\"itemListElement\":[{\"@type\":\"ListItem\",\"position\":1,\"name\":\"Strona g\u0142\u00f3wna\",\"item\":\"https:\\\/\\\/www.lichen.pl\\\/\"},{\"@type\":\"ListItem\",\"position\":2,\"name\":\"Pok\u00f3j dla mamy i dziecka\"}]},{\"@type\":\"WebSite\",\"@id\":\"https:\\\/\\\/www.lichen.pl\\\/fr\\\/#website\",\"url\":\"https:\\\/\\\/www.lichen.pl\\\/fr\\\/\",\"name\":\"SANKTUARIUM W LICHENIU\",\"description\":\"MATKI BO\u017bEJ LICHE\u0143SKIEJ BOLESNEJ KR\u00d3LOWEJ POLSKI\",\"potentialAction\":[{\"@type\":\"SearchAction\",\"target\":{\"@type\":\"EntryPoint\",\"urlTemplate\":\"https:\\\/\\\/www.lichen.pl\\\/fr\\\/?s={search_term_string}\"},\"query-input\":{\"@type\":\"PropertyValueSpecification\",\"valueRequired\":true,\"valueName\":\"search_term_string\"}}],\"inLanguage\":\"fr-FR\"}]}<\/script>\n<!-- \/ Yoast SEO plugin. -->","yoast_head_json":{"title":"Pok\u00f3j dla mamy i dziecka - SANKTUARIUM W LICHENIU","robots":{"index":"index","follow":"follow","max-snippet":"max-snippet:-1","max-image-preview":"max-image-preview:large","max-video-preview":"max-video-preview:-1"},"canonical":"https:\/\/www.lichen.pl\/fr\/pokoj-dla-mamy-i-dziecka\/","og_locale":"fr_FR","og_type":"article","og_title":"Pok\u00f3j dla mamy i dziecka - SANKTUARIUM W LICHENIU","og_description":"POK\u00d3J DLA MAMY I DZIECKA Z my\u015bl\u0105 o najm\u0142odszych pielgrzymach i ich rodzicach przybywaj\u0105cych do liche\u0144skiego sanktuarium, przygotowali\u015bmy w dolnej bazylice specjalny k\u0105cik &#8211; miejsce, w kt\u00f3rym maluszek mo\u017ce zosta\u0107 bezpiecznie i spokojnie przewini\u0119ty czy nakarmiony.\u00a0Pomieszczenie znajduje si\u0119 w dolnej cz\u0119\u015bci bazyliki &#8211; pod schodami, obok Kancelarii dla Pielgrzym\u00f3w, sk\u0105d mo\u017cna pobra\u0107 \u00a0klucz do pomieszczenia. [&hellip;]","og_url":"https:\/\/www.lichen.pl\/fr\/pokoj-dla-mamy-i-dziecka\/","og_site_name":"SANKTUARIUM W LICHENIU","article_modified_time":"2024-08-22T12:01:51+00:00","twitter_card":"summary_large_image","twitter_misc":{"Dur\u00e9e de lecture estim\u00e9e":"1 minute"},"schema":{"@context":"https:\/\/schema.org","@graph":[{"@type":"WebPage","@id":"https:\/\/www.lichen.pl\/pokoj-dla-mamy-i-dziecka\/","url":"https:\/\/www.lichen.pl\/pokoj-dla-mamy-i-dziecka\/","name":"Pok\u00f3j dla mamy i dziecka - SANKTUARIUM W LICHENIU","isPartOf":{"@id":"https:\/\/www.lichen.pl\/fr\/#website"},"datePublished":"2021-04-03T11:32:39+00:00","dateModified":"2024-08-22T12:01:51+00:00","breadcrumb":{"@id":"https:\/\/www.lichen.pl\/pokoj-dla-mamy-i-dziecka\/#breadcrumb"},"inLanguage":"fr-FR","potentialAction":[{"@type":"ReadAction","target":["https:\/\/www.lichen.pl\/pokoj-dla-mamy-i-dziecka\/"]}]},{"@type":"BreadcrumbList","@id":"https:\/\/www.lichen.pl\/pokoj-dla-mamy-i-dziecka\/#breadcrumb","itemListElement":[{"@type":"ListItem","position":1,"name":"Strona g\u0142\u00f3wna","item":"https:\/\/www.lichen.pl\/"},{"@type":"ListItem","position":2,"name":"Pok\u00f3j dla mamy i dziecka"}]},{"@type":"WebSite","@id":"https:\/\/www.lichen.pl\/fr\/#website","url":"https:\/\/www.lichen.pl\/fr\/","name":"SANCTUAIRE EN LICHENIE","description":"LA MAUVAISE REINE DE POLOGNE DE NOTRE LICHEN","potentialAction":[{"@type":"SearchAction","target":{"@type":"EntryPoint","urlTemplate":"https:\/\/www.lichen.pl\/fr\/?s={search_term_string}"},"query-input":{"@type":"PropertyValueSpecification","valueRequired":true,"valueName":"search_term_string"}}],"inLanguage":"fr-FR"}]}},"_links":{"self":[{"href":"https:\/\/www.lichen.pl\/fr\/wp-json\/wp\/v2\/pages\/6112","targetHints":{"allow":["GET"]}}],"collection":[{"href":"https:\/\/www.lichen.pl\/fr\/wp-json\/wp\/v2\/pages"}],"about":[{"href":"https:\/\/www.lichen.pl\/fr\/wp-json\/wp\/v2\/types\/page"}],"author":[{"embeddable":true,"href":"https:\/\/www.lichen.pl\/fr\/wp-json\/wp\/v2\/users\/2"}],"replies":[{"embeddable":true,"href":"https:\/\/www.lichen.pl\/fr\/wp-json\/wp\/v2\/comments?post=6112"}],"version-history":[{"count":37,"href":"https:\/\/www.lichen.pl\/fr\/wp-json\/wp\/v2\/pages\/6112\/revisions"}],"predecessor-version":[{"id":47409,"href":"https:\/\/www.lichen.pl\/fr\/wp-json\/wp\/v2\/pages\/6112\/revisions\/47409"}],"wp:attachment":[{"href":"https:\/\/www.lichen.pl\/fr\/wp-json\/wp\/v2\/media?parent=6112"}],"curies":[{"name":"wp","href":"https:\/\/api.w.org\/{rel}","templated":true}]}}