{"id":7412,"date":"2021-04-09T11:36:03","date_gmt":"2021-04-09T11:36:03","guid":{"rendered":"http:\/\/www.lichen.pl\/rekolekcje-eucharystia-copy\/"},"modified":"2026-01-17T13:38:35","modified_gmt":"2026-01-17T12:38:35","slug":"rekolekcje-eucharystia-dwa","status":"publish","type":"page","link":"https:\/\/www.lichen.pl\/fr\/rekolekcje-eucharystia-dwa\/","title":{"rendered":"Rekolekcje &#8220;Eucharystia &#8211; studnia bez dna i przepis na \u017cycie&#8221; cz\u0119\u015b\u0107 II"},"content":{"rendered":"<div data-elementor-type=\"wp-page\" data-elementor-id=\"7412\" class=\"elementor elementor-7412\" data-elementor-post-type=\"page\">\n\t\t\t\t\t\t<section class=\"elementor-section elementor-top-section elementor-element elementor-element-93e5bb3 elementor-section-boxed elementor-section-height-default elementor-section-height-default\" data-id=\"93e5bb3\" data-element_type=\"section\" data-e-type=\"section\">\n\t\t\t\t\t\t<div class=\"elementor-container elementor-column-gap-default\">\n\t\t\t\t\t<div class=\"elementor-column elementor-col-100 elementor-top-column elementor-element elementor-element-c4c17de\" data-id=\"c4c17de\" data-element_type=\"column\" data-e-type=\"column\">\n\t\t\t<div class=\"elementor-widget-wrap elementor-element-populated\">\n\t\t\t\t\t\t<div class=\"elementor-element elementor-element-b0044ff elementor-widget-divider--view-line_text elementor-widget-divider--element-align-center elementor-widget elementor-widget-divider\" data-id=\"b0044ff\" data-element_type=\"widget\" data-e-type=\"widget\" data-widget_type=\"divider.default\">\n\t\t\t\t<div class=\"elementor-widget-container\">\n\t\t\t\t\t\t\t<div class=\"elementor-divider\">\n\t\t\t<span class=\"elementor-divider-separator\">\n\t\t\t\t\t\t\t<span class=\"elementor-divider__text elementor-divider__element\">\n\t\t\t\tREKOLEKCJE \"EUCHARYSTIA , STUDNIA BEZ DNA I PRZEPIS NA \u017bYCIE\" CZ\u0118\u015a\u0106 II\t\t\t\t<\/span>\n\t\t\t\t\t\t<\/span>\n\t\t<\/div>\n\t\t\t\t\t\t<\/div>\n\t\t\t\t<\/div>\n\t\t\t\t<div class=\"elementor-element elementor-element-58bbbd9 elementor-blockquote--skin-boxed elementor-blockquote--align-left elementor-widget elementor-widget-blockquote\" data-id=\"58bbbd9\" data-element_type=\"widget\" data-e-type=\"widget\" data-widget_type=\"blockquote.default\">\n\t\t\t\t<div class=\"elementor-widget-container\">\n\t\t\t\t\t\t\t<blockquote class=\"elementor-blockquote\">\n\t\t\t<p class=\"elementor-blockquote__content\">\n\t\t\t\tMaintenant, ce n&#039;est plus moi qui vis, mais le Christ qui vit en moi. Bien que je vive encore dans la chair, ma vie pr\u00e9sente est une vie de foi dans le Fils de Dieu qui m&#039;a aim\u00e9 et s&#039;est donn\u00e9 pour moi.\n\t\t\t<\/p>\n\t\t\t\t\t\t\t<div class=\"e-q-footer\">\n\t\t\t\t\t\t\t\t\t\t\t<cite class=\"elementor-blockquote__author\">Gal 2:20<\/cite>\n\t\t\t\t\t\t\t\t\t\t\t\t\t\t<\/div>\n\t\t\t\t\t<\/blockquote>\n\t\t\t\t\t\t<\/div>\n\t\t\t\t<\/div>\n\t\t\t\t<div class=\"elementor-element elementor-element-b9e3a13 elementor-widget elementor-widget-text-editor\" data-id=\"b9e3a13\" data-element_type=\"widget\" data-e-type=\"widget\" data-widget_type=\"text-editor.default\">\n\t\t\t\t<div class=\"elementor-widget-container\">\n\t\t\t\t\t\t\t\t\t<p><span style=\"color: #000000;\">Pierwsza cz\u0119\u015b\u0107 rekolekcji &#8220;Eucharystia, studnia bez dna i przepis na \u017cycie\u201d, wyja\u015bniaj\u0105c znaki i symbole obecne w ka\u017cdej Mszy \u015awi\u0119tej rozpocz\u0119\u0142a niezwyk\u0142\u0105 podr\u00f3\u017c chrze\u015bcijanina ku spotkaniu z Chrystusem eucharystycznym. Mia\u0142a na celu pom\u00f3c wydobywa\u0107 z uczestnictwa w Pami\u0105tce Pana tre\u015bci rzucaj\u0105ce \u015bwiat\u0142o na codzienne \u017cycie cz\u0142owieka.<\/span><\/p><p><span style=\"color: #000000;\">La deuxi\u00e8me partie de cette retraite conduira le chr\u00e9tien dans l&#039;espace de contemplation de la Personne de J\u00e9sus qui, dans le sacrement de l&#039;autel, r\u00e9affirme son amour pour tout \u00eatre humain. Cela doit aboutir \u00e0 une vie pleine de foi en J\u00e9sus-Christ.<\/span><\/p><p><span style=\"color: #000000;\">Rekolekcje prowadzi ks. S\u0142awomir Homoncik MIC.<\/span><\/p><p><span style=\"color: #000000;\">W rekolekcjach mog\u0105 wzi\u0105\u0107 udzia\u0142 te osoby, kt\u00f3re uczestniczy\u0142y w pierwszej cz\u0119\u015bci rekolekcji &#8220;Eucharystia, studnia bez dna i przepis na \u017cycie&#8221;.<\/span><span style=\"color: #000000;\"><br \/><\/span><\/p><p>\u00a0<\/p>\t\t\t\t\t\t\t\t<\/div>\n\t\t\t\t<\/div>\n\t\t\t\t<section class=\"elementor-section elementor-inner-section elementor-element elementor-element-8f68370 elementor-section-boxed elementor-section-height-default elementor-section-height-default\" data-id=\"8f68370\" data-element_type=\"section\" data-e-type=\"section\">\n\t\t\t\t\t\t<div class=\"elementor-container elementor-column-gap-default\">\n\t\t\t\t\t<div class=\"elementor-column elementor-col-50 elementor-inner-column elementor-element elementor-element-feb1338\" data-id=\"feb1338\" data-element_type=\"column\" data-e-type=\"column\">\n\t\t\t<div class=\"elementor-widget-wrap elementor-element-populated\">\n\t\t\t\t\t\t<div class=\"elementor-element elementor-element-edb9ee1 elementor-widget elementor-widget-text-editor\" data-id=\"edb9ee1\" data-element_type=\"widget\" data-e-type=\"widget\" data-widget_type=\"text-editor.default\">\n\t\t\t\t<div class=\"elementor-widget-container\">\n\t\t\t\t\t\t\t\t\t<ul><li><span style=\"color: #000000;\">ofiara: <strong>od 360 z\u0142 do 450 z\u0142<\/strong> od osoby w zale\u017cno\u015bci od rodzaju pokoju (w tym nocleg i wy\u017cywienie), p\u0142atne got\u00f3wk\u0105 podczas rekolekcji\/po przyje\u017adzie<\/span><\/li><li><span style=\"color: #000000;\">le nombre de place est limit\u00e9<\/span><\/li><li><span style=\"color: #000000;\">l&#039;ordre des demandes d\u00e9cide<\/span><\/li><\/ul>\t\t\t\t\t\t\t\t<\/div>\n\t\t\t\t<\/div>\n\t\t\t\t\t<\/div>\n\t\t<\/div>\n\t\t\t\t<div class=\"elementor-column elementor-col-50 elementor-inner-column elementor-element elementor-element-3e77b09\" data-id=\"3e77b09\" data-element_type=\"column\" data-e-type=\"column\">\n\t\t\t<div class=\"elementor-widget-wrap elementor-element-populated\">\n\t\t\t\t\t\t<div class=\"elementor-element elementor-element-b5f994a elementor-widget elementor-widget-text-editor\" data-id=\"b5f994a\" data-element_type=\"widget\" data-e-type=\"widget\" data-widget_type=\"text-editor.default\">\n\t\t\t\t<div class=\"elementor-widget-container\">\n\t\t\t\t\t\t\t\t\t<p style=\"text-align: center;\"><strong><span style=\"color: #800000;\">Inscription \u00e0 la retraite :<\/span><\/strong><\/p><ul><li><span style=\"color: #000000;\"><strong>personnellement<\/strong>, au bureau du service des p\u00e8lerins<\/span><\/li><li><span style=\"color: #000000;\"><strong>par t\u00e9l\u00e9phone<\/strong> (+48) 63 270 81 42, (+48) 63 270 81 63<\/span><\/li><li><span style=\"color: #000000;\"><strong>e-mail:<\/strong> lichen@lichen.pl<\/span><\/li><\/ul>\t\t\t\t\t\t\t\t<\/div>\n\t\t\t\t<\/div>\n\t\t\t\t\t<\/div>\n\t\t<\/div>\n\t\t\t\t\t<\/div>\n\t\t<\/section>\n\t\t\t\t<section class=\"elementor-section elementor-inner-section elementor-element elementor-element-721b11d elementor-section-boxed elementor-section-height-default elementor-section-height-default\" data-id=\"721b11d\" data-element_type=\"section\" data-e-type=\"section\">\n\t\t\t\t\t\t<div class=\"elementor-container elementor-column-gap-default\">\n\t\t\t\t\t<div class=\"elementor-column elementor-col-50 elementor-inner-column elementor-element elementor-element-adf1a86\" data-id=\"adf1a86\" data-element_type=\"column\" data-e-type=\"column\">\n\t\t\t<div class=\"elementor-widget-wrap elementor-element-populated\">\n\t\t\t\t\t\t<div class=\"elementor-element elementor-element-20cd58a elementor-view-default elementor-widget elementor-widget-icon\" data-id=\"20cd58a\" data-element_type=\"widget\" data-e-type=\"widget\" data-widget_type=\"icon.default\">\n\t\t\t\t<div class=\"elementor-widget-container\">\n\t\t\t\t\t\t\t<div class=\"elementor-icon-wrapper\">\n\t\t\t<a class=\"elementor-icon\" href=\"https:\/\/www.lichen.pl\/fr\/rekolekcje-rok-2024\/\">\n\t\t\t<i aria-hidden=\"true\" class=\"far fa-calendar-check\"><\/i>\t\t\t<\/a>\n\t\t<\/div>\n\t\t\t\t\t\t<\/div>\n\t\t\t\t<\/div>\n\t\t\t\t\t<\/div>\n\t\t<\/div>\n\t\t\t\t<div class=\"elementor-column elementor-col-50 elementor-inner-column elementor-element elementor-element-d99238a\" data-id=\"d99238a\" data-element_type=\"column\" data-e-type=\"column\">\n\t\t\t<div class=\"elementor-widget-wrap elementor-element-populated\">\n\t\t\t\t\t\t<div class=\"elementor-element elementor-element-7f80e8f elementor-widget elementor-widget-text-editor\" data-id=\"7f80e8f\" data-element_type=\"widget\" data-e-type=\"widget\" data-widget_type=\"text-editor.default\">\n\t\t\t\t<div class=\"elementor-widget-container\">\n\t\t\t\t\t\t\t\t\t<p style=\"text-align: left;\"><span style=\"color: #000080;\">Przejd\u017a do kalendarza rekolekcji 2026 r.<\/span><\/p>\t\t\t\t\t\t\t\t<\/div>\n\t\t\t\t<\/div>\n\t\t\t\t<div class=\"elementor-element elementor-element-ec70ecf elementor-widget-divider--view-line elementor-widget elementor-widget-divider\" data-id=\"ec70ecf\" data-element_type=\"widget\" data-e-type=\"widget\" data-widget_type=\"divider.default\">\n\t\t\t\t<div class=\"elementor-widget-container\">\n\t\t\t\t\t\t\t<div class=\"elementor-divider\">\n\t\t\t<span class=\"elementor-divider-separator\">\n\t\t\t\t\t\t<\/span>\n\t\t<\/div>\n\t\t\t\t\t\t<\/div>\n\t\t\t\t<\/div>\n\t\t\t\t\t<\/div>\n\t\t<\/div>\n\t\t\t\t\t<\/div>\n\t\t<\/section>\n\t\t\t\t\t<\/div>\n\t\t<\/div>\n\t\t\t\t\t<\/div>\n\t\t<\/section>\n\t\t\t\t<\/div>","protected":false},"excerpt":{"rendered":"<p>REKOLEKCJE &#8220;EUCHARYSTIA , STUDNIA BEZ DNA I PRZEPIS NA \u017bYCIE&#8221; CZ\u0118\u015a\u0106 II Teraz za\u015b ju\u017c nie ja \u017cyj\u0119, lecz \u017cyje we mnie Chrystus. Cho\u0107 nadal prowadz\u0119 \u017cycie w ciele, jednak obecne \u017cycie moje jest \u017cyciem wiary w Syna Bo\u017cego, kt\u00f3ry umi\u0142owa\u0142 mnie i samego siebie wyda\u0142 za mnie. Ga 2, 20 Pierwsza cz\u0119\u015b\u0107 rekolekcji &#8220;Eucharystia, [&hellip;]<\/p>\n","protected":false},"author":2,"featured_media":0,"parent":0,"menu_order":0,"comment_status":"closed","ping_status":"closed","template":"elementor_header_footer","meta":{"footnotes":""},"class_list":["post-7412","page","type-page","status-publish","hentry","wpbf-post"],"yoast_head":"<!-- This site is optimized with the Yoast SEO plugin v27.4 - https:\/\/yoast.com\/product\/yoast-seo-wordpress\/ -->\n<title>Rekolekcje &quot;Eucharystia - studnia bez dna i przepis na \u017cycie&quot; cz\u0119\u015b\u0107 II - SANKTUARIUM W LICHENIU<\/title>\n<meta name=\"robots\" content=\"index, follow, max-snippet:-1, max-image-preview:large, max-video-preview:-1\" \/>\n<link rel=\"canonical\" href=\"https:\/\/www.lichen.pl\/fr\/rekolekcje-eucharystia-dwa\/\" \/>\n<meta property=\"og:locale\" content=\"fr_FR\" \/>\n<meta property=\"og:type\" content=\"article\" \/>\n<meta property=\"og:title\" content=\"Rekolekcje &quot;Eucharystia - studnia bez dna i przepis na \u017cycie&quot; cz\u0119\u015b\u0107 II - SANKTUARIUM W LICHENIU\" \/>\n<meta property=\"og:description\" content=\"REKOLEKCJE &#8220;EUCHARYSTIA , STUDNIA BEZ DNA I PRZEPIS NA \u017bYCIE&#8221; CZ\u0118\u015a\u0106 II Teraz za\u015b ju\u017c nie ja \u017cyj\u0119, lecz \u017cyje we mnie Chrystus. Cho\u0107 nadal prowadz\u0119 \u017cycie w ciele, jednak obecne \u017cycie moje jest \u017cyciem wiary w Syna Bo\u017cego, kt\u00f3ry umi\u0142owa\u0142 mnie i samego siebie wyda\u0142 za mnie. Ga 2, 20 Pierwsza cz\u0119\u015b\u0107 rekolekcji &#8220;Eucharystia, [&hellip;]\" \/>\n<meta property=\"og:url\" content=\"https:\/\/www.lichen.pl\/fr\/rekolekcje-eucharystia-dwa\/\" \/>\n<meta property=\"og:site_name\" content=\"SANKTUARIUM W LICHENIU\" \/>\n<meta property=\"article:modified_time\" content=\"2026-01-17T12:38:35+00:00\" \/>\n<meta name=\"twitter:card\" content=\"summary_large_image\" \/>\n<meta name=\"twitter:label1\" content=\"Dur\u00e9e de lecture estim\u00e9e\" \/>\n\t<meta name=\"twitter:data1\" content=\"1 minute\" \/>\n<script type=\"application\/ld+json\" class=\"yoast-schema-graph\">{\"@context\":\"https:\\\/\\\/schema.org\",\"@graph\":[{\"@type\":\"WebPage\",\"@id\":\"https:\\\/\\\/www.lichen.pl\\\/rekolekcje-eucharystia-dwa\\\/\",\"url\":\"https:\\\/\\\/www.lichen.pl\\\/rekolekcje-eucharystia-dwa\\\/\",\"name\":\"Rekolekcje \\\"Eucharystia - studnia bez dna i przepis na \u017cycie\\\" cz\u0119\u015b\u0107 II - SANKTUARIUM W LICHENIU\",\"isPartOf\":{\"@id\":\"https:\\\/\\\/www.lichen.pl\\\/fr\\\/#website\"},\"datePublished\":\"2021-04-09T11:36:03+00:00\",\"dateModified\":\"2026-01-17T12:38:35+00:00\",\"breadcrumb\":{\"@id\":\"https:\\\/\\\/www.lichen.pl\\\/rekolekcje-eucharystia-dwa\\\/#breadcrumb\"},\"inLanguage\":\"fr-FR\",\"potentialAction\":[{\"@type\":\"ReadAction\",\"target\":[\"https:\\\/\\\/www.lichen.pl\\\/rekolekcje-eucharystia-dwa\\\/\"]}]},{\"@type\":\"BreadcrumbList\",\"@id\":\"https:\\\/\\\/www.lichen.pl\\\/rekolekcje-eucharystia-dwa\\\/#breadcrumb\",\"itemListElement\":[{\"@type\":\"ListItem\",\"position\":1,\"name\":\"Strona g\u0142\u00f3wna\",\"item\":\"https:\\\/\\\/www.lichen.pl\\\/\"},{\"@type\":\"ListItem\",\"position\":2,\"name\":\"Rekolekcje &#8220;Eucharystia &#8211; studnia bez dna i przepis na \u017cycie&#8221; cz\u0119\u015b\u0107 II\"}]},{\"@type\":\"WebSite\",\"@id\":\"https:\\\/\\\/www.lichen.pl\\\/fr\\\/#website\",\"url\":\"https:\\\/\\\/www.lichen.pl\\\/fr\\\/\",\"name\":\"SANKTUARIUM W LICHENIU\",\"description\":\"MATKI BO\u017bEJ LICHE\u0143SKIEJ BOLESNEJ KR\u00d3LOWEJ POLSKI\",\"potentialAction\":[{\"@type\":\"SearchAction\",\"target\":{\"@type\":\"EntryPoint\",\"urlTemplate\":\"https:\\\/\\\/www.lichen.pl\\\/fr\\\/?s={search_term_string}\"},\"query-input\":{\"@type\":\"PropertyValueSpecification\",\"valueRequired\":true,\"valueName\":\"search_term_string\"}}],\"inLanguage\":\"fr-FR\"}]}<\/script>\n<!-- \/ Yoast SEO plugin. -->","yoast_head_json":{"title":"Rekolekcje \"Eucharystia - studnia bez dna i przepis na \u017cycie\" cz\u0119\u015b\u0107 II - SANKTUARIUM W LICHENIU","robots":{"index":"index","follow":"follow","max-snippet":"max-snippet:-1","max-image-preview":"max-image-preview:large","max-video-preview":"max-video-preview:-1"},"canonical":"https:\/\/www.lichen.pl\/fr\/rekolekcje-eucharystia-dwa\/","og_locale":"fr_FR","og_type":"article","og_title":"Rekolekcje \"Eucharystia - studnia bez dna i przepis na \u017cycie\" cz\u0119\u015b\u0107 II - SANKTUARIUM W LICHENIU","og_description":"REKOLEKCJE &#8220;EUCHARYSTIA , STUDNIA BEZ DNA I PRZEPIS NA \u017bYCIE&#8221; CZ\u0118\u015a\u0106 II Teraz za\u015b ju\u017c nie ja \u017cyj\u0119, lecz \u017cyje we mnie Chrystus. Cho\u0107 nadal prowadz\u0119 \u017cycie w ciele, jednak obecne \u017cycie moje jest \u017cyciem wiary w Syna Bo\u017cego, kt\u00f3ry umi\u0142owa\u0142 mnie i samego siebie wyda\u0142 za mnie. Ga 2, 20 Pierwsza cz\u0119\u015b\u0107 rekolekcji &#8220;Eucharystia, [&hellip;]","og_url":"https:\/\/www.lichen.pl\/fr\/rekolekcje-eucharystia-dwa\/","og_site_name":"SANKTUARIUM W LICHENIU","article_modified_time":"2026-01-17T12:38:35+00:00","twitter_card":"summary_large_image","twitter_misc":{"Dur\u00e9e de lecture estim\u00e9e":"1 minute"},"schema":{"@context":"https:\/\/schema.org","@graph":[{"@type":"WebPage","@id":"https:\/\/www.lichen.pl\/rekolekcje-eucharystia-dwa\/","url":"https:\/\/www.lichen.pl\/rekolekcje-eucharystia-dwa\/","name":"Rekolekcje \"Eucharystia - studnia bez dna i przepis na \u017cycie\" cz\u0119\u015b\u0107 II - SANKTUARIUM W LICHENIU","isPartOf":{"@id":"https:\/\/www.lichen.pl\/fr\/#website"},"datePublished":"2021-04-09T11:36:03+00:00","dateModified":"2026-01-17T12:38:35+00:00","breadcrumb":{"@id":"https:\/\/www.lichen.pl\/rekolekcje-eucharystia-dwa\/#breadcrumb"},"inLanguage":"fr-FR","potentialAction":[{"@type":"ReadAction","target":["https:\/\/www.lichen.pl\/rekolekcje-eucharystia-dwa\/"]}]},{"@type":"BreadcrumbList","@id":"https:\/\/www.lichen.pl\/rekolekcje-eucharystia-dwa\/#breadcrumb","itemListElement":[{"@type":"ListItem","position":1,"name":"Strona g\u0142\u00f3wna","item":"https:\/\/www.lichen.pl\/"},{"@type":"ListItem","position":2,"name":"Rekolekcje &#8220;Eucharystia &#8211; studnia bez dna i przepis na \u017cycie&#8221; cz\u0119\u015b\u0107 II"}]},{"@type":"WebSite","@id":"https:\/\/www.lichen.pl\/fr\/#website","url":"https:\/\/www.lichen.pl\/fr\/","name":"SANCTUAIRE EN LICHENIE","description":"LA MAUVAISE REINE DE POLOGNE DE NOTRE LICHEN","potentialAction":[{"@type":"SearchAction","target":{"@type":"EntryPoint","urlTemplate":"https:\/\/www.lichen.pl\/fr\/?s={search_term_string}"},"query-input":{"@type":"PropertyValueSpecification","valueRequired":true,"valueName":"search_term_string"}}],"inLanguage":"fr-FR"}]}},"_links":{"self":[{"href":"https:\/\/www.lichen.pl\/fr\/wp-json\/wp\/v2\/pages\/7412","targetHints":{"allow":["GET"]}}],"collection":[{"href":"https:\/\/www.lichen.pl\/fr\/wp-json\/wp\/v2\/pages"}],"about":[{"href":"https:\/\/www.lichen.pl\/fr\/wp-json\/wp\/v2\/types\/page"}],"author":[{"embeddable":true,"href":"https:\/\/www.lichen.pl\/fr\/wp-json\/wp\/v2\/users\/2"}],"replies":[{"embeddable":true,"href":"https:\/\/www.lichen.pl\/fr\/wp-json\/wp\/v2\/comments?post=7412"}],"version-history":[{"count":61,"href":"https:\/\/www.lichen.pl\/fr\/wp-json\/wp\/v2\/pages\/7412\/revisions"}],"predecessor-version":[{"id":95836,"href":"https:\/\/www.lichen.pl\/fr\/wp-json\/wp\/v2\/pages\/7412\/revisions\/95836"}],"wp:attachment":[{"href":"https:\/\/www.lichen.pl\/fr\/wp-json\/wp\/v2\/media?parent=7412"}],"curies":[{"name":"wp","href":"https:\/\/api.w.org\/{rel}","templated":true}]}}