{"id":7454,"date":"2021-04-09T12:34:59","date_gmt":"2021-04-09T12:34:59","guid":{"rendered":"http:\/\/www.lichen.pl\/rekolekcje-przygotowujace-do-spowiedzi-generalnej-copy\/"},"modified":"2024-07-20T06:27:22","modified_gmt":"2024-07-20T04:27:22","slug":"rekolekcje-szkola-jozefa","status":"publish","type":"page","link":"https:\/\/www.lichen.pl\/fr\/rekolekcje-szkola-jozefa\/","title":{"rendered":"Rekolekcje &#8220;W szkole \u015bw. J\u00f3zefa&#8221;"},"content":{"rendered":"<div data-elementor-type=\"wp-page\" data-elementor-id=\"7454\" class=\"elementor elementor-7454\" data-elementor-post-type=\"page\">\n\t\t\t\t\t\t<section class=\"elementor-section elementor-top-section elementor-element elementor-element-3427aba elementor-section-boxed elementor-section-height-default elementor-section-height-default\" data-id=\"3427aba\" data-element_type=\"section\" data-e-type=\"section\">\n\t\t\t\t\t\t<div class=\"elementor-container elementor-column-gap-default\">\n\t\t\t\t\t<div class=\"elementor-column elementor-col-100 elementor-top-column elementor-element elementor-element-539c983\" data-id=\"539c983\" data-element_type=\"column\" data-e-type=\"column\">\n\t\t\t<div class=\"elementor-widget-wrap elementor-element-populated\">\n\t\t\t\t\t\t<div class=\"elementor-element elementor-element-b0044ff elementor-widget-divider--view-line_text elementor-widget-divider--element-align-center elementor-widget elementor-widget-divider\" data-id=\"b0044ff\" data-element_type=\"widget\" data-e-type=\"widget\" data-widget_type=\"divider.default\">\n\t\t\t\t<div class=\"elementor-widget-container\">\n\t\t\t\t\t\t\t<div class=\"elementor-divider\">\n\t\t\t<span class=\"elementor-divider-separator\">\n\t\t\t\t\t\t\t<span class=\"elementor-divider__text elementor-divider__element\">\n\t\t\t\tREKOLEKCJE \"W SZKOLE \u015aWI\u0118TEGO J\u00d3ZEFA\"\t\t\t\t<\/span>\n\t\t\t\t\t\t<\/span>\n\t\t<\/div>\n\t\t\t\t\t\t<\/div>\n\t\t\t\t<\/div>\n\t\t\t\t<div class=\"elementor-element elementor-element-17953b1 elementor-blockquote--skin-boxed elementor-blockquote--align-left elementor-widget elementor-widget-blockquote\" data-id=\"17953b1\" data-element_type=\"widget\" data-e-type=\"widget\" data-widget_type=\"blockquote.default\">\n\t\t\t\t<div class=\"elementor-widget-container\">\n\t\t\t\t\t\t\t<blockquote class=\"elementor-blockquote\">\n\t\t\t<p class=\"elementor-blockquote__content\">\n\t\t\t\tJoseph, fils de David, ne crains pas de prendre Marie ta femme; car du Saint-Esprit ce qui est con\u00e7u en elle. Elle enfantera un fils, et tu l&#039;appelleras J\u00e9sus, car il sauvera son peuple de ses p\u00e9ch\u00e9s \u00bb. Tout cela arriva pour que s&#039;accompl\u00eet la parole du Seigneur prononc\u00e9e par le proph\u00e8te : Voici, une vierge concevra et enfantera un fils, et il sera appel\u00e9 Emmanuel, c&#039;est-\u00e0-dire \u00ab Dieu avec nous \u00bb. Se r\u00e9veillant de son sommeil, Joseph fit ce que l&#039;ange du Seigneur lui avait command\u00e9 : il prit sa femme avec lui... Mt 1\u00a0: 20-24\t\t\t<\/p>\n\t\t\t\t\t\t\t<div class=\"e-q-footer\">\n\t\t\t\t\t\t\t\t\t\t\t<cite class=\"elementor-blockquote__author\">Mt 1\u00a0: 20-24<\/cite>\n\t\t\t\t\t\t\t\t\t\t\t\t\t\t<\/div>\n\t\t\t\t\t<\/blockquote>\n\t\t\t\t\t\t<\/div>\n\t\t\t\t<\/div>\n\t\t\t\t<div class=\"elementor-element elementor-element-b9e3a13 elementor-widget elementor-widget-text-editor\" data-id=\"b9e3a13\" data-element_type=\"widget\" data-e-type=\"widget\" data-widget_type=\"text-editor.default\">\n\t\t\t\t<div class=\"elementor-widget-container\">\n\t\t\t\t\t\t\t\t\t<p><span style=\"color: #000000;\">\u015aw. J\u00f3zef by\u0142 cz\u0142owiekiem, kt\u00f3ry ca\u0142kowicie zawierzy\u0142 Bogu i dlatego m\u00f3g\u0142 z ufno\u015bci\u0105 i odwag\u0105 spogl\u0105da\u0107 w przysz\u0142o\u015b\u0107. Jako m\u0142ody ma\u0142\u017conek z pewno\u015bci\u0105 mia\u0142 swoje plany \u017cyciowe i pragnienia. Jednak w obliczu nieoczekiwanych okoliczno\u015bci, kiedy po\u015blubiona mu Maryja sta\u0142a si\u0119 brzemienn\u0105 za spraw\u0105 Ducha \u015awi\u0119tego, potrafi\u0142 z nich zrezygnowa\u0107 i w g\u0142\u0119bokim zaufaniu, bez \u017cadnego s\u0142owa sprzeciwu, przyj\u0105\u0107 to, co Pan B\u00f3g przeznaczy\u0142 dla niego w swoim planie. <\/span><\/p><p><span style=\"color: #000000;\">\u015aw. J\u00f3zef to cz\u0142owiek czynu. Ewangelie nie zanotowa\u0142y \u017cadnego jego s\u0142owa, podkre\u015blaj\u0105 natomiast, \u017ce w ca\u0142kowitym pos\u0142usze\u0144stwie wype\u0142ni\u0142 to, co poleci\u0142 mu Anio\u0142. Jego przyk\u0142ad pokazuje, \u017ce gdy zawierzymy nasze \u017cycie Bogu, to B\u00f3g zapewnia nam \u015brodki niezb\u0119dne do wype\u0142nienia Jego woli. \u015awiadomo\u015b\u0107 tego daje poczucie bezpiecze\u0144stwa, dodaje odwagi i w konsekwencji czyni nas szcz\u0119\u015bliwymi. \u015aw. J\u00f3zef uczy szukania i przyjmowania woli Bo\u017cej. Pokazuje r\u00f3wnie\u017c, \u017ce decyduj\u0105c si\u0119 na porzucenie w\u0142asnych plan\u00f3w i pragnie\u0144, i anga\u017cuj\u0105c w s\u0142u\u017cb\u0119 Bo\u017cego planu, cz\u0142owiek otrzymuje o wiele wi\u0119cej ni\u017c to, z czego zrezygnowa\u0142.<\/span><\/p><p><span style=\"color: #000000;\">Si vous voulez, comme St. Joseph avec une paix profonde pour accepter diverses circonstances impr\u00e9vues, les discerner ou affronter courageusement diverses adversit\u00e9s, nous vous invitons \u00e0 l&#039;\u00e9cole ! Vous d\u00e9couvrirez le secret d&#039;une telle attitude qui donne des ailes \u00e0 l&#039;action.<\/span><\/p><p><span style=\"color: #000000;\">Rekolekcje prowadzi ks. Jaros\u0142aw Hybza MIC.<\/span><\/p><p>\u00a0<\/p>\t\t\t\t\t\t\t\t<\/div>\n\t\t\t\t<\/div>\n\t\t\t\t<section class=\"elementor-section elementor-inner-section elementor-element elementor-element-856775d elementor-section-boxed elementor-section-height-default elementor-section-height-default\" data-id=\"856775d\" data-element_type=\"section\" data-e-type=\"section\">\n\t\t\t\t\t\t<div class=\"elementor-container elementor-column-gap-default\">\n\t\t\t\t\t<div class=\"elementor-column elementor-col-50 elementor-inner-column elementor-element elementor-element-f97ae15\" data-id=\"f97ae15\" data-element_type=\"column\" data-e-type=\"column\">\n\t\t\t<div class=\"elementor-widget-wrap elementor-element-populated\">\n\t\t\t\t\t\t<div class=\"elementor-element elementor-element-edb9ee1 elementor-widget elementor-widget-text-editor\" data-id=\"edb9ee1\" data-element_type=\"widget\" data-e-type=\"widget\" data-widget_type=\"text-editor.default\">\n\t\t\t\t<div class=\"elementor-widget-container\">\n\t\t\t\t\t\t\t\t\t<ul><li><span style=\"color: #000000;\">Co\u00fbt: <strong>od 250 z\u0142 do 360 z\u0142<\/strong> par personne (h\u00e9bergement et repas compris), payable en esp\u00e8ces au moment de l&#039;enregistrement<\/span><\/li><li><span style=\"color: #000000;\">le nombre de place est limit\u00e9<\/span><\/li><li><span style=\"color: #000000;\">l&#039;ordre des demandes d\u00e9cide<\/span><\/li><\/ul><p>\u00a0<\/p>\t\t\t\t\t\t\t\t<\/div>\n\t\t\t\t<\/div>\n\t\t\t\t\t<\/div>\n\t\t<\/div>\n\t\t\t\t<div class=\"elementor-column elementor-col-50 elementor-inner-column elementor-element elementor-element-1b039c0\" data-id=\"1b039c0\" data-element_type=\"column\" data-e-type=\"column\">\n\t\t\t<div class=\"elementor-widget-wrap elementor-element-populated\">\n\t\t\t\t\t\t<div class=\"elementor-element elementor-element-b5f994a elementor-widget elementor-widget-text-editor\" data-id=\"b5f994a\" data-element_type=\"widget\" data-e-type=\"widget\" data-widget_type=\"text-editor.default\">\n\t\t\t\t<div class=\"elementor-widget-container\">\n\t\t\t\t\t\t\t\t\t<p style=\"text-align: center;\"><strong><span style=\"color: #800000;\">Inscription \u00e0 la retraite :<\/span><\/strong><\/p><ul><li><span style=\"color: #000000;\"><strong>personnellement<\/strong>, au bureau du service des p\u00e8lerins<\/span><\/li><li><span style=\"color: #000000;\"><strong>par t\u00e9l\u00e9phone<\/strong> (+48) 63 270 81 42, (+48) 63 270 81 63<\/span><\/li><li><span style=\"color: #000000;\"><strong>e-mail:<\/strong> lichen@lichen.pl<\/span><\/li><\/ul>\t\t\t\t\t\t\t\t<\/div>\n\t\t\t\t<\/div>\n\t\t\t\t\t<\/div>\n\t\t<\/div>\n\t\t\t\t\t<\/div>\n\t\t<\/section>\n\t\t\t\t<section class=\"elementor-section elementor-inner-section elementor-element elementor-element-4bf4ade elementor-section-boxed elementor-section-height-default elementor-section-height-default\" data-id=\"4bf4ade\" data-element_type=\"section\" data-e-type=\"section\">\n\t\t\t\t\t\t<div class=\"elementor-container elementor-column-gap-default\">\n\t\t\t\t\t<div class=\"elementor-column elementor-col-50 elementor-inner-column elementor-element elementor-element-16f68cc\" data-id=\"16f68cc\" data-element_type=\"column\" data-e-type=\"column\">\n\t\t\t<div class=\"elementor-widget-wrap elementor-element-populated\">\n\t\t\t\t\t\t<div class=\"elementor-element elementor-element-20cd58a elementor-view-default elementor-widget elementor-widget-icon\" data-id=\"20cd58a\" data-element_type=\"widget\" data-e-type=\"widget\" data-widget_type=\"icon.default\">\n\t\t\t\t<div class=\"elementor-widget-container\">\n\t\t\t\t\t\t\t<div class=\"elementor-icon-wrapper\">\n\t\t\t<a class=\"elementor-icon\" href=\"https:\/\/www.lichen.pl\/fr\/rekolekcje-rok-2024\/\">\n\t\t\t<i aria-hidden=\"true\" class=\"far fa-calendar-check\"><\/i>\t\t\t<\/a>\n\t\t<\/div>\n\t\t\t\t\t\t<\/div>\n\t\t\t\t<\/div>\n\t\t\t\t\t<\/div>\n\t\t<\/div>\n\t\t\t\t<div class=\"elementor-column elementor-col-50 elementor-inner-column elementor-element elementor-element-4ea64d5\" data-id=\"4ea64d5\" data-element_type=\"column\" data-e-type=\"column\">\n\t\t\t<div class=\"elementor-widget-wrap elementor-element-populated\">\n\t\t\t\t\t\t<div class=\"elementor-element elementor-element-3b116a3 elementor-widget elementor-widget-text-editor\" data-id=\"3b116a3\" data-element_type=\"widget\" data-e-type=\"widget\" data-widget_type=\"text-editor.default\">\n\t\t\t\t<div class=\"elementor-widget-container\">\n\t\t\t\t\t\t\t\t\t<p style=\"text-align: left;\"><span style=\"color: #000080;\">Przejd\u017a do kalendarza rekolekcji 2024 r.<\/span><\/p><p>\u00a0<\/p>\t\t\t\t\t\t\t\t<\/div>\n\t\t\t\t<\/div>\n\t\t\t\t<div class=\"elementor-element elementor-element-9d1cbc0 elementor-widget-divider--view-line elementor-widget elementor-widget-divider\" data-id=\"9d1cbc0\" data-element_type=\"widget\" data-e-type=\"widget\" data-widget_type=\"divider.default\">\n\t\t\t\t<div class=\"elementor-widget-container\">\n\t\t\t\t\t\t\t<div class=\"elementor-divider\">\n\t\t\t<span class=\"elementor-divider-separator\">\n\t\t\t\t\t\t<\/span>\n\t\t<\/div>\n\t\t\t\t\t\t<\/div>\n\t\t\t\t<\/div>\n\t\t\t\t\t<\/div>\n\t\t<\/div>\n\t\t\t\t\t<\/div>\n\t\t<\/section>\n\t\t\t\t\t<\/div>\n\t\t<\/div>\n\t\t\t\t\t<\/div>\n\t\t<\/section>\n\t\t\t\t<\/div>","protected":false},"excerpt":{"rendered":"<p>REKOLEKCJE &#8220;W SZKOLE \u015aWI\u0118TEGO J\u00d3ZEFA&#8221; J\u00f3zefie, synu Dawida, nie b\u00f3j si\u0119 wzi\u0105\u0107 do siebie Maryi, twej Ma\u0142\u017conki; albowiem z Ducha \u015awi\u0119tego jest to, co si\u0119 w Niej pocz\u0119\u0142o. Porodzi Syna, kt\u00f3remu nadasz imi\u0119 Jezus, On bowiem zbawi sw\u00f3j lud od jego grzech\u00f3w\u00bb. A sta\u0142o si\u0119 to wszystko, aby si\u0119 wype\u0142ni\u0142o s\u0142owo Pa\u0144skie powiedziane przez Proroka: [&hellip;]<\/p>\n","protected":false},"author":2,"featured_media":0,"parent":0,"menu_order":0,"comment_status":"closed","ping_status":"closed","template":"elementor_header_footer","meta":{"footnotes":""},"class_list":["post-7454","page","type-page","status-publish","hentry","wpbf-post"],"yoast_head":"<!-- This site is optimized with the Yoast SEO plugin v27.4 - https:\/\/yoast.com\/product\/yoast-seo-wordpress\/ -->\n<title>Rekolekcje &quot;W szkole \u015bw. J\u00f3zefa&quot; - SANKTUARIUM W LICHENIU<\/title>\n<meta name=\"robots\" content=\"index, follow, max-snippet:-1, max-image-preview:large, max-video-preview:-1\" \/>\n<link rel=\"canonical\" href=\"https:\/\/www.lichen.pl\/fr\/rekolekcje-szkola-jozefa\/\" \/>\n<meta property=\"og:locale\" content=\"fr_FR\" \/>\n<meta property=\"og:type\" content=\"article\" \/>\n<meta property=\"og:title\" content=\"Rekolekcje &quot;W szkole \u015bw. J\u00f3zefa&quot; - SANKTUARIUM W LICHENIU\" \/>\n<meta property=\"og:description\" content=\"REKOLEKCJE &#8220;W SZKOLE \u015aWI\u0118TEGO J\u00d3ZEFA&#8221; J\u00f3zefie, synu Dawida, nie b\u00f3j si\u0119 wzi\u0105\u0107 do siebie Maryi, twej Ma\u0142\u017conki; albowiem z Ducha \u015awi\u0119tego jest to, co si\u0119 w Niej pocz\u0119\u0142o. Porodzi Syna, kt\u00f3remu nadasz imi\u0119 Jezus, On bowiem zbawi sw\u00f3j lud od jego grzech\u00f3w\u00bb. A sta\u0142o si\u0119 to wszystko, aby si\u0119 wype\u0142ni\u0142o s\u0142owo Pa\u0144skie powiedziane przez Proroka: [&hellip;]\" \/>\n<meta property=\"og:url\" content=\"https:\/\/www.lichen.pl\/fr\/rekolekcje-szkola-jozefa\/\" \/>\n<meta property=\"og:site_name\" content=\"SANKTUARIUM W LICHENIU\" \/>\n<meta property=\"article:modified_time\" content=\"2024-07-20T04:27:22+00:00\" \/>\n<meta name=\"twitter:card\" content=\"summary_large_image\" \/>\n<meta name=\"twitter:label1\" content=\"Dur\u00e9e de lecture estim\u00e9e\" \/>\n\t<meta name=\"twitter:data1\" content=\"2 minutes\" \/>\n<script type=\"application\/ld+json\" class=\"yoast-schema-graph\">{\"@context\":\"https:\\\/\\\/schema.org\",\"@graph\":[{\"@type\":\"WebPage\",\"@id\":\"https:\\\/\\\/www.lichen.pl\\\/rekolekcje-szkola-jozefa\\\/\",\"url\":\"https:\\\/\\\/www.lichen.pl\\\/rekolekcje-szkola-jozefa\\\/\",\"name\":\"Rekolekcje \\\"W szkole \u015bw. J\u00f3zefa\\\" - SANKTUARIUM W LICHENIU\",\"isPartOf\":{\"@id\":\"https:\\\/\\\/www.lichen.pl\\\/fr\\\/#website\"},\"datePublished\":\"2021-04-09T12:34:59+00:00\",\"dateModified\":\"2024-07-20T04:27:22+00:00\",\"breadcrumb\":{\"@id\":\"https:\\\/\\\/www.lichen.pl\\\/rekolekcje-szkola-jozefa\\\/#breadcrumb\"},\"inLanguage\":\"fr-FR\",\"potentialAction\":[{\"@type\":\"ReadAction\",\"target\":[\"https:\\\/\\\/www.lichen.pl\\\/rekolekcje-szkola-jozefa\\\/\"]}]},{\"@type\":\"BreadcrumbList\",\"@id\":\"https:\\\/\\\/www.lichen.pl\\\/rekolekcje-szkola-jozefa\\\/#breadcrumb\",\"itemListElement\":[{\"@type\":\"ListItem\",\"position\":1,\"name\":\"Strona g\u0142\u00f3wna\",\"item\":\"https:\\\/\\\/www.lichen.pl\\\/\"},{\"@type\":\"ListItem\",\"position\":2,\"name\":\"Rekolekcje &#8220;W szkole \u015bw. J\u00f3zefa&#8221;\"}]},{\"@type\":\"WebSite\",\"@id\":\"https:\\\/\\\/www.lichen.pl\\\/fr\\\/#website\",\"url\":\"https:\\\/\\\/www.lichen.pl\\\/fr\\\/\",\"name\":\"SANKTUARIUM W LICHENIU\",\"description\":\"MATKI BO\u017bEJ LICHE\u0143SKIEJ BOLESNEJ KR\u00d3LOWEJ POLSKI\",\"potentialAction\":[{\"@type\":\"SearchAction\",\"target\":{\"@type\":\"EntryPoint\",\"urlTemplate\":\"https:\\\/\\\/www.lichen.pl\\\/fr\\\/?s={search_term_string}\"},\"query-input\":{\"@type\":\"PropertyValueSpecification\",\"valueRequired\":true,\"valueName\":\"search_term_string\"}}],\"inLanguage\":\"fr-FR\"}]}<\/script>\n<!-- \/ Yoast SEO plugin. -->","yoast_head_json":{"title":"Rekolekcje \"W szkole \u015bw. J\u00f3zefa\" - SANKTUARIUM W LICHENIU","robots":{"index":"index","follow":"follow","max-snippet":"max-snippet:-1","max-image-preview":"max-image-preview:large","max-video-preview":"max-video-preview:-1"},"canonical":"https:\/\/www.lichen.pl\/fr\/rekolekcje-szkola-jozefa\/","og_locale":"fr_FR","og_type":"article","og_title":"Rekolekcje \"W szkole \u015bw. J\u00f3zefa\" - SANKTUARIUM W LICHENIU","og_description":"REKOLEKCJE &#8220;W SZKOLE \u015aWI\u0118TEGO J\u00d3ZEFA&#8221; J\u00f3zefie, synu Dawida, nie b\u00f3j si\u0119 wzi\u0105\u0107 do siebie Maryi, twej Ma\u0142\u017conki; albowiem z Ducha \u015awi\u0119tego jest to, co si\u0119 w Niej pocz\u0119\u0142o. Porodzi Syna, kt\u00f3remu nadasz imi\u0119 Jezus, On bowiem zbawi sw\u00f3j lud od jego grzech\u00f3w\u00bb. A sta\u0142o si\u0119 to wszystko, aby si\u0119 wype\u0142ni\u0142o s\u0142owo Pa\u0144skie powiedziane przez Proroka: [&hellip;]","og_url":"https:\/\/www.lichen.pl\/fr\/rekolekcje-szkola-jozefa\/","og_site_name":"SANKTUARIUM W LICHENIU","article_modified_time":"2024-07-20T04:27:22+00:00","twitter_card":"summary_large_image","twitter_misc":{"Dur\u00e9e de lecture estim\u00e9e":"2 minutes"},"schema":{"@context":"https:\/\/schema.org","@graph":[{"@type":"WebPage","@id":"https:\/\/www.lichen.pl\/rekolekcje-szkola-jozefa\/","url":"https:\/\/www.lichen.pl\/rekolekcje-szkola-jozefa\/","name":"Rekolekcje \"W szkole \u015bw. J\u00f3zefa\" - SANKTUARIUM W LICHENIU","isPartOf":{"@id":"https:\/\/www.lichen.pl\/fr\/#website"},"datePublished":"2021-04-09T12:34:59+00:00","dateModified":"2024-07-20T04:27:22+00:00","breadcrumb":{"@id":"https:\/\/www.lichen.pl\/rekolekcje-szkola-jozefa\/#breadcrumb"},"inLanguage":"fr-FR","potentialAction":[{"@type":"ReadAction","target":["https:\/\/www.lichen.pl\/rekolekcje-szkola-jozefa\/"]}]},{"@type":"BreadcrumbList","@id":"https:\/\/www.lichen.pl\/rekolekcje-szkola-jozefa\/#breadcrumb","itemListElement":[{"@type":"ListItem","position":1,"name":"Strona g\u0142\u00f3wna","item":"https:\/\/www.lichen.pl\/"},{"@type":"ListItem","position":2,"name":"Rekolekcje &#8220;W szkole \u015bw. J\u00f3zefa&#8221;"}]},{"@type":"WebSite","@id":"https:\/\/www.lichen.pl\/fr\/#website","url":"https:\/\/www.lichen.pl\/fr\/","name":"SANCTUAIRE EN LICHENIE","description":"LA MAUVAISE REINE DE POLOGNE DE NOTRE LICHEN","potentialAction":[{"@type":"SearchAction","target":{"@type":"EntryPoint","urlTemplate":"https:\/\/www.lichen.pl\/fr\/?s={search_term_string}"},"query-input":{"@type":"PropertyValueSpecification","valueRequired":true,"valueName":"search_term_string"}}],"inLanguage":"fr-FR"}]}},"_links":{"self":[{"href":"https:\/\/www.lichen.pl\/fr\/wp-json\/wp\/v2\/pages\/7454","targetHints":{"allow":["GET"]}}],"collection":[{"href":"https:\/\/www.lichen.pl\/fr\/wp-json\/wp\/v2\/pages"}],"about":[{"href":"https:\/\/www.lichen.pl\/fr\/wp-json\/wp\/v2\/types\/page"}],"author":[{"embeddable":true,"href":"https:\/\/www.lichen.pl\/fr\/wp-json\/wp\/v2\/users\/2"}],"replies":[{"embeddable":true,"href":"https:\/\/www.lichen.pl\/fr\/wp-json\/wp\/v2\/comments?post=7454"}],"version-history":[{"count":58,"href":"https:\/\/www.lichen.pl\/fr\/wp-json\/wp\/v2\/pages\/7454\/revisions"}],"predecessor-version":[{"id":72019,"href":"https:\/\/www.lichen.pl\/fr\/wp-json\/wp\/v2\/pages\/7454\/revisions\/72019"}],"wp:attachment":[{"href":"https:\/\/www.lichen.pl\/fr\/wp-json\/wp\/v2\/media?parent=7454"}],"curies":[{"name":"wp","href":"https:\/\/api.w.org\/{rel}","templated":true}]}}