{"id":7463,"date":"2021-04-09T13:06:19","date_gmt":"2021-04-09T11:06:19","guid":{"rendered":"http:\/\/www.lichen.pl\/rekolekcje-przygotowujace-do-spowiedzi-generalnej-copy\/"},"modified":"2024-01-12T17:32:58","modified_gmt":"2024-01-12T16:32:58","slug":"rekolekcje-nie-zagubic","status":"publish","type":"page","link":"https:\/\/www.lichen.pl\/fr\/rekolekcje-nie-zagubic\/","title":{"rendered":"Rekolekcje &#8220;Jak nie zagubi\u0107 si\u0119 w \u015bwiecie?&#8221;"},"content":{"rendered":"<div data-elementor-type=\"wp-page\" data-elementor-id=\"7463\" class=\"elementor elementor-7463\" data-elementor-post-type=\"page\">\n\t\t\t\t\t\t<section class=\"elementor-section elementor-top-section elementor-element elementor-element-9d7c68b elementor-section-boxed elementor-section-height-default elementor-section-height-default\" data-id=\"9d7c68b\" data-element_type=\"section\" data-e-type=\"section\">\n\t\t\t\t\t\t<div class=\"elementor-container elementor-column-gap-default\">\n\t\t\t\t\t<div class=\"elementor-column elementor-col-100 elementor-top-column elementor-element elementor-element-ea0043d\" data-id=\"ea0043d\" data-element_type=\"column\" data-e-type=\"column\">\n\t\t\t<div class=\"elementor-widget-wrap elementor-element-populated\">\n\t\t\t\t\t\t<div class=\"elementor-element elementor-element-b0044ff elementor-widget-divider--view-line_text elementor-widget-divider--element-align-center elementor-widget elementor-widget-divider\" data-id=\"b0044ff\" data-element_type=\"widget\" data-e-type=\"widget\" data-widget_type=\"divider.default\">\n\t\t\t\t<div class=\"elementor-widget-container\">\n\t\t\t\t\t\t\t<div class=\"elementor-divider\">\n\t\t\t<span class=\"elementor-divider-separator\">\n\t\t\t\t\t\t\t<span class=\"elementor-divider__text elementor-divider__element\">\n\t\t\t\tREKOLEKCJE \"NIE ZGUBI\u0106 SI\u0118 W \u015aWIECIE\"\t\t\t\t<\/span>\n\t\t\t\t\t\t<\/span>\n\t\t<\/div>\n\t\t\t\t\t\t<\/div>\n\t\t\t\t<\/div>\n\t\t\t\t\t<\/div>\n\t\t<\/div>\n\t\t\t\t\t<\/div>\n\t\t<\/section>\n\t\t\t\t<section class=\"elementor-section elementor-top-section elementor-element elementor-element-e2415b7 elementor-section-boxed elementor-section-height-default elementor-section-height-default\" data-id=\"e2415b7\" data-element_type=\"section\" data-e-type=\"section\">\n\t\t\t\t\t\t<div class=\"elementor-container elementor-column-gap-default\">\n\t\t\t\t\t<div class=\"elementor-column elementor-col-100 elementor-top-column elementor-element elementor-element-cc57afd\" data-id=\"cc57afd\" data-element_type=\"column\" data-e-type=\"column\">\n\t\t\t<div class=\"elementor-widget-wrap elementor-element-populated\">\n\t\t\t\t\t\t<div class=\"elementor-element elementor-element-90a098f elementor-blockquote--skin-boxed elementor-blockquote--align-left elementor-widget elementor-widget-blockquote\" data-id=\"90a098f\" data-element_type=\"widget\" data-e-type=\"widget\" data-widget_type=\"blockquote.default\">\n\t\t\t\t<div class=\"elementor-widget-container\">\n\t\t\t\t\t\t\t<blockquote class=\"elementor-blockquote\">\n\t\t\t<p class=\"elementor-blockquote__content\">\n\t\t\t\tCar \u00e0 quoi profite un homme s&#039;il gagne le monde entier et perd son \u00e2me ? Ou que donnera un homme en \u00e9change de son \u00e2me ? Car le Fils de l&#039;homme viendra dans la gloire de son P\u00e8re avec ses anges, et alors il rendra \u00e0 chacun selon sa voie. \t\t\t<\/p>\n\t\t\t\t\t\t\t<div class=\"e-q-footer\">\n\t\t\t\t\t\t\t\t\t\t\t<cite class=\"elementor-blockquote__author\">Mt 16\u00a0: 26-27<\/cite>\n\t\t\t\t\t\t\t\t\t\t\t\t\t\t<\/div>\n\t\t\t\t\t<\/blockquote>\n\t\t\t\t\t\t<\/div>\n\t\t\t\t<\/div>\n\t\t\t\t\t<\/div>\n\t\t<\/div>\n\t\t\t\t\t<\/div>\n\t\t<\/section>\n\t\t\t\t<section class=\"elementor-section elementor-top-section elementor-element elementor-element-e6463e2 elementor-section-boxed elementor-section-height-default elementor-section-height-default\" data-id=\"e6463e2\" data-element_type=\"section\" data-e-type=\"section\">\n\t\t\t\t\t\t<div class=\"elementor-container elementor-column-gap-default\">\n\t\t\t\t\t<div class=\"elementor-column elementor-col-100 elementor-top-column elementor-element elementor-element-c2e52d5\" data-id=\"c2e52d5\" data-element_type=\"column\" data-e-type=\"column\">\n\t\t\t<div class=\"elementor-widget-wrap elementor-element-populated\">\n\t\t\t\t\t\t<div class=\"elementor-element elementor-element-b9e3a13 elementor-widget elementor-widget-text-editor\" data-id=\"b9e3a13\" data-element_type=\"widget\" data-e-type=\"widget\" data-widget_type=\"text-editor.default\">\n\t\t\t\t<div class=\"elementor-widget-container\">\n\t\t\t\t\t\t\t\t\t<p><span style=\"color: #000000;\">\u017byjemy w czasach, w kt\u00f3rych fasady s\u0105 najwa\u017cniejsze a przyjemno\u015bci i \u015bwi\u0119ty spok\u00f3j s\u0105 kultywowane jak b\u00f3stwa. A przecie\u017c ka\u017cdy sam najlepiej wie, co si\u0119 za nimi kryje. Czy taki spos\u00f3b na \u017cycie daje klimat sprzyjaj\u0105cy wzrostowi duchowemu? Jak\u0105 korzy\u015b\u0107 b\u0119d\u0119 mia\u0142 z tego, \u017ce zdob\u0119d\u0119 ca\u0142y \u015bwiat, ale strac\u0119 swoje \u017cycie, ponios\u0119 straty na duszy? (Mt 16, 26).<\/span><\/p><p><span style=\"color: #000000;\"> Jak wi\u0119c nie zagubi\u0107 si\u0119 w naszym \u015bwiecie? Ju\u017c \u015bw. Tomasz z Akwinu m\u00f3wi\u0142: &#8220;\u0141atwiej dochodzi si\u0119 do prawdy od b\u0142\u0119du, ni\u017c z zam\u0119tu&#8221;. Nie czekaj d\u0142u\u017cej, przyje\u017cd\u017caj! <\/span><span style=\"color: #000000;\">Rekolekcje, to cykl katechez oraz konferencji z elementami rozwa\u017ca\u0144 opartymi na wskazanych\u00a0 fragmentach Pisma \u015awi\u0119tego.\u00a0 To tak\u017ce mo\u017cliwo\u015b\u0107 codziennej Eucharystii i modlitwy w\u0142asnej.<\/span><\/p><p><span style=\"color: #000000;\">Rekolekcje prowadzi ks. Miros\u0142aw \u015ale\u0142dzi\u0144ski MIC.<\/span><\/p><p>\u00a0<\/p>\t\t\t\t\t\t\t\t<\/div>\n\t\t\t\t<\/div>\n\t\t\t\t\t<\/div>\n\t\t<\/div>\n\t\t\t\t\t<\/div>\n\t\t<\/section>\n\t\t\t\t<section class=\"elementor-section elementor-top-section elementor-element elementor-element-2520e47 elementor-section-boxed elementor-section-height-default elementor-section-height-default\" data-id=\"2520e47\" data-element_type=\"section\" data-e-type=\"section\">\n\t\t\t\t\t\t<div class=\"elementor-container elementor-column-gap-default\">\n\t\t\t\t\t<div class=\"elementor-column elementor-col-50 elementor-top-column elementor-element elementor-element-084a502\" data-id=\"084a502\" data-element_type=\"column\" data-e-type=\"column\">\n\t\t\t<div class=\"elementor-widget-wrap elementor-element-populated\">\n\t\t\t\t\t\t<div class=\"elementor-element elementor-element-edb9ee1 elementor-widget elementor-widget-text-editor\" data-id=\"edb9ee1\" data-element_type=\"widget\" data-e-type=\"widget\" data-widget_type=\"text-editor.default\">\n\t\t\t\t<div class=\"elementor-widget-container\">\n\t\t\t\t\t\t\t\t\t<ul><li><span style=\"color: #000000;\">Co\u00fbt: <strong>250 PLN<\/strong> <strong>do 360 z\u0142<\/strong> par personne (h\u00e9bergement et repas compris), payable en esp\u00e8ces au moment de l&#039;enregistrement<\/span><\/li><li><span style=\"color: #000000;\">le nombre de place est limit\u00e9<\/span><\/li><li><span style=\"color: #000000;\">l&#039;ordre des demandes d\u00e9cide<\/span><\/li><\/ul><p>\u00a0<\/p>\t\t\t\t\t\t\t\t<\/div>\n\t\t\t\t<\/div>\n\t\t\t\t\t<\/div>\n\t\t<\/div>\n\t\t\t\t<div class=\"elementor-column elementor-col-50 elementor-top-column elementor-element elementor-element-67474c9\" data-id=\"67474c9\" data-element_type=\"column\" data-e-type=\"column\">\n\t\t\t<div class=\"elementor-widget-wrap elementor-element-populated\">\n\t\t\t\t\t\t<div class=\"elementor-element elementor-element-b5f994a elementor-widget elementor-widget-text-editor\" data-id=\"b5f994a\" data-element_type=\"widget\" data-e-type=\"widget\" data-widget_type=\"text-editor.default\">\n\t\t\t\t<div class=\"elementor-widget-container\">\n\t\t\t\t\t\t\t\t\t<p style=\"text-align: center;\"><strong><span style=\"color: #800000;\">Inscription \u00e0 la retraite :<\/span><\/strong><\/p><ul><li><span style=\"color: #000000;\"><strong>personnellement<\/strong>, au bureau du service des p\u00e8lerins<\/span><\/li><li><span style=\"color: #000000;\"><strong>par t\u00e9l\u00e9phone<\/strong> (+48) 63 270 81 42, (+48) 63 270 81 63<\/span><\/li><li><span style=\"color: #000000;\"><strong>e-mail:<\/strong> lichen@lichen.pl<\/span><\/li><\/ul>\t\t\t\t\t\t\t\t<\/div>\n\t\t\t\t<\/div>\n\t\t\t\t\t<\/div>\n\t\t<\/div>\n\t\t\t\t\t<\/div>\n\t\t<\/section>\n\t\t\t\t<section class=\"elementor-section elementor-top-section elementor-element elementor-element-d1c7e40 elementor-section-boxed elementor-section-height-default elementor-section-height-default\" data-id=\"d1c7e40\" data-element_type=\"section\" data-e-type=\"section\">\n\t\t\t\t\t\t<div class=\"elementor-container elementor-column-gap-default\">\n\t\t\t\t\t<div class=\"elementor-column elementor-col-33 elementor-top-column elementor-element elementor-element-40840cd\" data-id=\"40840cd\" data-element_type=\"column\" data-e-type=\"column\">\n\t\t\t<div class=\"elementor-widget-wrap elementor-element-populated\">\n\t\t\t\t\t\t<div class=\"elementor-element elementor-element-20cd58a elementor-view-default elementor-widget elementor-widget-icon\" data-id=\"20cd58a\" data-element_type=\"widget\" data-e-type=\"widget\" data-widget_type=\"icon.default\">\n\t\t\t\t<div class=\"elementor-widget-container\">\n\t\t\t\t\t\t\t<div class=\"elementor-icon-wrapper\">\n\t\t\t<a class=\"elementor-icon\" href=\"https:\/\/www.lichen.pl\/fr\/rekolekcje-rok-2024\/\">\n\t\t\t<i aria-hidden=\"true\" class=\"far fa-calendar-check\"><\/i>\t\t\t<\/a>\n\t\t<\/div>\n\t\t\t\t\t\t<\/div>\n\t\t\t\t<\/div>\n\t\t\t\t\t<\/div>\n\t\t<\/div>\n\t\t\t\t<div class=\"elementor-column elementor-col-66 elementor-top-column elementor-element elementor-element-32e7134\" data-id=\"32e7134\" data-element_type=\"column\" data-e-type=\"column\">\n\t\t\t<div class=\"elementor-widget-wrap elementor-element-populated\">\n\t\t\t\t\t\t<div class=\"elementor-element elementor-element-120d8e6 elementor-widget elementor-widget-text-editor\" data-id=\"120d8e6\" data-element_type=\"widget\" data-e-type=\"widget\" data-widget_type=\"text-editor.default\">\n\t\t\t\t<div class=\"elementor-widget-container\">\n\t\t\t\t\t\t\t\t\t<p style=\"text-align: left;\"><span style=\"color: #000080;\">Przejd\u017a do kalendarza rekolekcji 2024 r.<\/span><\/p>\t\t\t\t\t\t\t\t<\/div>\n\t\t\t\t<\/div>\n\t\t\t\t<div class=\"elementor-element elementor-element-a5afbf7 elementor-widget-divider--view-line elementor-widget elementor-widget-divider\" data-id=\"a5afbf7\" data-element_type=\"widget\" data-e-type=\"widget\" data-widget_type=\"divider.default\">\n\t\t\t\t<div class=\"elementor-widget-container\">\n\t\t\t\t\t\t\t<div class=\"elementor-divider\">\n\t\t\t<span class=\"elementor-divider-separator\">\n\t\t\t\t\t\t<\/span>\n\t\t<\/div>\n\t\t\t\t\t\t<\/div>\n\t\t\t\t<\/div>\n\t\t\t\t\t<\/div>\n\t\t<\/div>\n\t\t\t\t\t<\/div>\n\t\t<\/section>\n\t\t\t\t<\/div>","protected":false},"excerpt":{"rendered":"<p>REKOLEKCJE &#8220;NIE ZGUBI\u0106 SI\u0118 W \u015aWIECIE&#8221; C\u00f3\u017c bowiem za korzy\u015b\u0107 odniesie cz\u0142owiek, cho\u0107by ca\u0142y \u015bwiat zyska\u0142, a na swej duszy szkod\u0119 poni\u00f3s\u0142? Albo co da cz\u0142owiek w zamian za swoj\u0105 dusz\u0119? Albowiem Syn Cz\u0142owieczy przyjdzie w chwale Ojca swego razem z anio\u0142ami swoimi, i wtedy odda ka\u017cdemu wed\u0142ug jego post\u0119powania. Mt 16, 26-27 \u017byjemy w [&hellip;]<\/p>\n","protected":false},"author":2,"featured_media":0,"parent":0,"menu_order":0,"comment_status":"closed","ping_status":"closed","template":"","meta":{"footnotes":""},"class_list":["post-7463","page","type-page","status-publish","hentry","wpbf-post"],"yoast_head":"<!-- This site is optimized with the Yoast SEO plugin v27.4 - https:\/\/yoast.com\/product\/yoast-seo-wordpress\/ -->\n<title>Rekolekcje &quot;Jak nie zagubi\u0107 si\u0119 w \u015bwiecie?&quot; - SANKTUARIUM W LICHENIU<\/title>\n<meta name=\"robots\" content=\"index, follow, max-snippet:-1, max-image-preview:large, max-video-preview:-1\" \/>\n<link rel=\"canonical\" href=\"https:\/\/www.lichen.pl\/fr\/rekolekcje-nie-zagubic\/\" \/>\n<meta property=\"og:locale\" content=\"fr_FR\" \/>\n<meta property=\"og:type\" content=\"article\" \/>\n<meta property=\"og:title\" content=\"Rekolekcje &quot;Jak nie zagubi\u0107 si\u0119 w \u015bwiecie?&quot; - SANKTUARIUM W LICHENIU\" \/>\n<meta property=\"og:description\" content=\"REKOLEKCJE &#8220;NIE ZGUBI\u0106 SI\u0118 W \u015aWIECIE&#8221; C\u00f3\u017c bowiem za korzy\u015b\u0107 odniesie cz\u0142owiek, cho\u0107by ca\u0142y \u015bwiat zyska\u0142, a na swej duszy szkod\u0119 poni\u00f3s\u0142? Albo co da cz\u0142owiek w zamian za swoj\u0105 dusz\u0119? Albowiem Syn Cz\u0142owieczy przyjdzie w chwale Ojca swego razem z anio\u0142ami swoimi, i wtedy odda ka\u017cdemu wed\u0142ug jego post\u0119powania. Mt 16, 26-27 \u017byjemy w [&hellip;]\" \/>\n<meta property=\"og:url\" content=\"https:\/\/www.lichen.pl\/fr\/rekolekcje-nie-zagubic\/\" \/>\n<meta property=\"og:site_name\" content=\"SANKTUARIUM W LICHENIU\" \/>\n<meta property=\"article:modified_time\" content=\"2024-01-12T16:32:58+00:00\" \/>\n<meta name=\"twitter:card\" content=\"summary_large_image\" \/>\n<meta name=\"twitter:label1\" content=\"Dur\u00e9e de lecture estim\u00e9e\" \/>\n\t<meta name=\"twitter:data1\" content=\"2 minutes\" \/>\n<script type=\"application\/ld+json\" class=\"yoast-schema-graph\">{\"@context\":\"https:\\\/\\\/schema.org\",\"@graph\":[{\"@type\":\"WebPage\",\"@id\":\"https:\\\/\\\/www.lichen.pl\\\/rekolekcje-nie-zagubic\\\/\",\"url\":\"https:\\\/\\\/www.lichen.pl\\\/rekolekcje-nie-zagubic\\\/\",\"name\":\"Rekolekcje \\\"Jak nie zagubi\u0107 si\u0119 w \u015bwiecie?\\\" - SANKTUARIUM W LICHENIU\",\"isPartOf\":{\"@id\":\"https:\\\/\\\/www.lichen.pl\\\/fr\\\/#website\"},\"datePublished\":\"2021-04-09T11:06:19+00:00\",\"dateModified\":\"2024-01-12T16:32:58+00:00\",\"breadcrumb\":{\"@id\":\"https:\\\/\\\/www.lichen.pl\\\/rekolekcje-nie-zagubic\\\/#breadcrumb\"},\"inLanguage\":\"fr-FR\",\"potentialAction\":[{\"@type\":\"ReadAction\",\"target\":[\"https:\\\/\\\/www.lichen.pl\\\/rekolekcje-nie-zagubic\\\/\"]}]},{\"@type\":\"BreadcrumbList\",\"@id\":\"https:\\\/\\\/www.lichen.pl\\\/rekolekcje-nie-zagubic\\\/#breadcrumb\",\"itemListElement\":[{\"@type\":\"ListItem\",\"position\":1,\"name\":\"Strona g\u0142\u00f3wna\",\"item\":\"https:\\\/\\\/www.lichen.pl\\\/\"},{\"@type\":\"ListItem\",\"position\":2,\"name\":\"Rekolekcje &#8220;Jak nie zagubi\u0107 si\u0119 w \u015bwiecie?&#8221;\"}]},{\"@type\":\"WebSite\",\"@id\":\"https:\\\/\\\/www.lichen.pl\\\/fr\\\/#website\",\"url\":\"https:\\\/\\\/www.lichen.pl\\\/fr\\\/\",\"name\":\"SANKTUARIUM W LICHENIU\",\"description\":\"MATKI BO\u017bEJ LICHE\u0143SKIEJ BOLESNEJ KR\u00d3LOWEJ POLSKI\",\"potentialAction\":[{\"@type\":\"SearchAction\",\"target\":{\"@type\":\"EntryPoint\",\"urlTemplate\":\"https:\\\/\\\/www.lichen.pl\\\/fr\\\/?s={search_term_string}\"},\"query-input\":{\"@type\":\"PropertyValueSpecification\",\"valueRequired\":true,\"valueName\":\"search_term_string\"}}],\"inLanguage\":\"fr-FR\"}]}<\/script>\n<!-- \/ Yoast SEO plugin. -->","yoast_head_json":{"title":"Rekolekcje \"Jak nie zagubi\u0107 si\u0119 w \u015bwiecie?\" - SANKTUARIUM W LICHENIU","robots":{"index":"index","follow":"follow","max-snippet":"max-snippet:-1","max-image-preview":"max-image-preview:large","max-video-preview":"max-video-preview:-1"},"canonical":"https:\/\/www.lichen.pl\/fr\/rekolekcje-nie-zagubic\/","og_locale":"fr_FR","og_type":"article","og_title":"Rekolekcje \"Jak nie zagubi\u0107 si\u0119 w \u015bwiecie?\" - SANKTUARIUM W LICHENIU","og_description":"REKOLEKCJE &#8220;NIE ZGUBI\u0106 SI\u0118 W \u015aWIECIE&#8221; C\u00f3\u017c bowiem za korzy\u015b\u0107 odniesie cz\u0142owiek, cho\u0107by ca\u0142y \u015bwiat zyska\u0142, a na swej duszy szkod\u0119 poni\u00f3s\u0142? Albo co da cz\u0142owiek w zamian za swoj\u0105 dusz\u0119? Albowiem Syn Cz\u0142owieczy przyjdzie w chwale Ojca swego razem z anio\u0142ami swoimi, i wtedy odda ka\u017cdemu wed\u0142ug jego post\u0119powania. Mt 16, 26-27 \u017byjemy w [&hellip;]","og_url":"https:\/\/www.lichen.pl\/fr\/rekolekcje-nie-zagubic\/","og_site_name":"SANKTUARIUM W LICHENIU","article_modified_time":"2024-01-12T16:32:58+00:00","twitter_card":"summary_large_image","twitter_misc":{"Dur\u00e9e de lecture estim\u00e9e":"2 minutes"},"schema":{"@context":"https:\/\/schema.org","@graph":[{"@type":"WebPage","@id":"https:\/\/www.lichen.pl\/rekolekcje-nie-zagubic\/","url":"https:\/\/www.lichen.pl\/rekolekcje-nie-zagubic\/","name":"Rekolekcje \"Jak nie zagubi\u0107 si\u0119 w \u015bwiecie?\" - SANKTUARIUM W LICHENIU","isPartOf":{"@id":"https:\/\/www.lichen.pl\/fr\/#website"},"datePublished":"2021-04-09T11:06:19+00:00","dateModified":"2024-01-12T16:32:58+00:00","breadcrumb":{"@id":"https:\/\/www.lichen.pl\/rekolekcje-nie-zagubic\/#breadcrumb"},"inLanguage":"fr-FR","potentialAction":[{"@type":"ReadAction","target":["https:\/\/www.lichen.pl\/rekolekcje-nie-zagubic\/"]}]},{"@type":"BreadcrumbList","@id":"https:\/\/www.lichen.pl\/rekolekcje-nie-zagubic\/#breadcrumb","itemListElement":[{"@type":"ListItem","position":1,"name":"Strona g\u0142\u00f3wna","item":"https:\/\/www.lichen.pl\/"},{"@type":"ListItem","position":2,"name":"Rekolekcje &#8220;Jak nie zagubi\u0107 si\u0119 w \u015bwiecie?&#8221;"}]},{"@type":"WebSite","@id":"https:\/\/www.lichen.pl\/fr\/#website","url":"https:\/\/www.lichen.pl\/fr\/","name":"SANCTUAIRE EN LICHENIE","description":"LA MAUVAISE REINE DE POLOGNE DE NOTRE LICHEN","potentialAction":[{"@type":"SearchAction","target":{"@type":"EntryPoint","urlTemplate":"https:\/\/www.lichen.pl\/fr\/?s={search_term_string}"},"query-input":{"@type":"PropertyValueSpecification","valueRequired":true,"valueName":"search_term_string"}}],"inLanguage":"fr-FR"}]}},"_links":{"self":[{"href":"https:\/\/www.lichen.pl\/fr\/wp-json\/wp\/v2\/pages\/7463","targetHints":{"allow":["GET"]}}],"collection":[{"href":"https:\/\/www.lichen.pl\/fr\/wp-json\/wp\/v2\/pages"}],"about":[{"href":"https:\/\/www.lichen.pl\/fr\/wp-json\/wp\/v2\/types\/page"}],"author":[{"embeddable":true,"href":"https:\/\/www.lichen.pl\/fr\/wp-json\/wp\/v2\/users\/2"}],"replies":[{"embeddable":true,"href":"https:\/\/www.lichen.pl\/fr\/wp-json\/wp\/v2\/comments?post=7463"}],"version-history":[{"count":55,"href":"https:\/\/www.lichen.pl\/fr\/wp-json\/wp\/v2\/pages\/7463\/revisions"}],"predecessor-version":[{"id":63457,"href":"https:\/\/www.lichen.pl\/fr\/wp-json\/wp\/v2\/pages\/7463\/revisions\/63457"}],"wp:attachment":[{"href":"https:\/\/www.lichen.pl\/fr\/wp-json\/wp\/v2\/media?parent=7463"}],"curies":[{"name":"wp","href":"https:\/\/api.w.org\/{rel}","templated":true}]}}