{"id":8384,"date":"2021-05-07T12:14:06","date_gmt":"2021-05-07T12:14:06","guid":{"rendered":"http:\/\/www.lichen.pl\/rekolekcje-zacheusz-copy\/"},"modified":"2023-12-22T13:58:27","modified_gmt":"2023-12-22T12:58:27","slug":"rekolekcje-pokochac-siebie","status":"publish","type":"page","link":"https:\/\/www.lichen.pl\/fr\/rekolekcje-pokochac-siebie\/","title":{"rendered":"Rekolekcje Pokocha\u0107 siebie"},"content":{"rendered":"<div data-elementor-type=\"wp-page\" data-elementor-id=\"8384\" class=\"elementor elementor-8384\" data-elementor-post-type=\"page\">\n\t\t\t\t\t\t<section class=\"elementor-section elementor-top-section elementor-element elementor-element-bbda074 elementor-section-boxed elementor-section-height-default elementor-section-height-default\" data-id=\"bbda074\" data-element_type=\"section\" data-e-type=\"section\">\n\t\t\t\t\t\t<div class=\"elementor-container elementor-column-gap-default\">\n\t\t\t\t\t<div class=\"elementor-column elementor-col-100 elementor-top-column elementor-element elementor-element-e42ba50\" data-id=\"e42ba50\" data-element_type=\"column\" data-e-type=\"column\">\n\t\t\t<div class=\"elementor-widget-wrap elementor-element-populated\">\n\t\t\t\t\t\t<div class=\"elementor-element elementor-element-b0044ff elementor-widget-divider--view-line_text elementor-widget-divider--element-align-center elementor-widget elementor-widget-divider\" data-id=\"b0044ff\" data-element_type=\"widget\" data-e-type=\"widget\" data-widget_type=\"divider.default\">\n\t\t\t\t<div class=\"elementor-widget-container\">\n\t\t\t\t\t\t\t<div class=\"elementor-divider\">\n\t\t\t<span class=\"elementor-divider-separator\">\n\t\t\t\t\t\t\t<span class=\"elementor-divider__text elementor-divider__element\">\n\t\t\t\tRetraite &quot;S&#039;aimer soi-m\u00eame&quot;\t\t\t\t<\/span>\n\t\t\t\t\t\t<\/span>\n\t\t<\/div>\n\t\t\t\t\t\t<\/div>\n\t\t\t\t<\/div>\n\t\t\t\t<div class=\"elementor-element elementor-element-6be93a7 elementor-blockquote--skin-boxed elementor-widget elementor-widget-blockquote\" data-id=\"6be93a7\" data-element_type=\"widget\" data-e-type=\"widget\" data-widget_type=\"blockquote.default\">\n\t\t\t\t<div class=\"elementor-widget-container\">\n\t\t\t\t\t\t\t<blockquote class=\"elementor-blockquote\">\n\t\t\t<p class=\"elementor-blockquote__content\">\n\t\t\t\tLa premi\u00e8re est : \u00c9coute, \u00f4 Isra\u00ebl, le Seigneur notre Dieu est un seul Seigneur. Tu aimeras le Seigneur ton Dieu de tout ton c\u0153ur, de toute ton \u00e2me, de toute ta pens\u00e9e et de toute ta force. La seconde est celle-ci : tu aimeras ton prochain comme toi-m\u00eame. Il n&#039;y a pas de commandement plus grand que ceux-ci.\t\t\t<\/p>\n\t\t\t\t\t\t\t<div class=\"e-q-footer\">\n\t\t\t\t\t\t\t\t\t\t\t<cite class=\"elementor-blockquote__author\">Mc 12\u00a0: 29-31<\/cite>\n\t\t\t\t\t\t\t\t\t\t\t\t\t\t<\/div>\n\t\t\t\t\t<\/blockquote>\n\t\t\t\t\t\t<\/div>\n\t\t\t\t<\/div>\n\t\t\t\t<div class=\"elementor-element elementor-element-b9e3a13 elementor-widget elementor-widget-text-editor\" data-id=\"b9e3a13\" data-element_type=\"widget\" data-e-type=\"widget\" data-widget_type=\"text-editor.default\">\n\t\t\t\t<div class=\"elementor-widget-container\">\n\t\t\t\t\t\t\t\t\t<p><span style=\"color: #000000;\">L&#039;histoire de la vie de chacun de nous est une histoire sacr\u00e9e et en m\u00eame temps une histoire de salut parce que Dieu l&#039;\u00e9crit.\u00a0<\/span><span style=\"color: #000000;\">C&#039;est un myst\u00e8re pour chacun de nous, car nous ne pouvons le comprendre qu&#039;en Dieu. Il y a des jours d&#039;hosanna et des jours de croix dans l&#039;histoire de notre vie.\u00a0<\/span><span style=\"color: #000000;\">S\u0105 w niej miejsca jak pola pszenicy i pola chwastu. Czasami do\u015bwiadczamy w \u017cyciu rado\u015bci i szcz\u0119\u015bcia g\u00f3ry Tabor, a czasami smutku i b\u00f3lu g\u00f3ry Golgoty. <\/span><span style=\"color: #000000;\">Telle est l&#039;histoire de notre vie, nous avons besoin de bien entendre \u00e0 la lumi\u00e8re de la Parole de Dieu pour apprendre \u00e0 mieux nous conna\u00eetre et \u00e0 nous aimer.<\/span><\/p><p><span style=\"color: #000000;\">Nous vous invitons \u00e0 plonger profond\u00e9ment en vous-m\u00eame, votre propre histoire de vie et la richesse de la Parole de Dieu. Nous partirons avec les \u00e9l\u00e8ves qui vont \u00e0 Emma\u00fcs\u00a0<\/span><span style=\"color: #000000;\">le chemin vers la profondeur de l&#039;union avec J\u00e9sus par la m\u00e9ditation de la Parole de Dieu, afin que nos c\u0153urs soient remplis d&#039;amour. Et aussi exp\u00e9rimenter la puissance de l&#039;Eucharistie pour que nos yeux s&#039;ouvrent et voient la Lumi\u00e8re \u00c9ternelle. Que l&#039;histoire des disciples se rendant \u00e0 Emma\u00fcs devienne notre exp\u00e9rience personnelle de rencontre avec le Ressuscit\u00e9.\u00a0<\/span><\/p><p><span style=\"color: #000000;\">Rekolekcje prowadzi ks. Jaros\u0142aw Hybza MIC.<\/span><\/p>\t\t\t\t\t\t\t\t<\/div>\n\t\t\t\t<\/div>\n\t\t\t\t<section class=\"elementor-section elementor-inner-section elementor-element elementor-element-e9689b6 elementor-section-boxed elementor-section-height-default elementor-section-height-default\" data-id=\"e9689b6\" data-element_type=\"section\" data-e-type=\"section\">\n\t\t\t\t\t\t<div class=\"elementor-container elementor-column-gap-default\">\n\t\t\t\t\t<div class=\"elementor-column elementor-col-50 elementor-inner-column elementor-element elementor-element-8e549a4\" data-id=\"8e549a4\" data-element_type=\"column\" data-e-type=\"column\">\n\t\t\t<div class=\"elementor-widget-wrap elementor-element-populated\">\n\t\t\t\t\t\t<div class=\"elementor-element elementor-element-edb9ee1 elementor-widget elementor-widget-text-editor\" data-id=\"edb9ee1\" data-element_type=\"widget\" data-e-type=\"widget\" data-widget_type=\"text-editor.default\">\n\t\t\t\t<div class=\"elementor-widget-container\">\n\t\t\t\t\t\t\t\t\t<ul><li><span style=\"color: #000000;\">Co\u00fbt:\u00a0<strong>od 250 z\u0142 do 360 z\u0142<\/strong>\u00a0par personne (h\u00e9bergement et repas compris), payable en esp\u00e8ces au moment de l&#039;enregistrement<\/span><\/li><li><span style=\"color: #000000;\">le nombre de place est limit\u00e9<\/span><\/li><li><span style=\"color: #000000;\">l&#039;ordre des demandes d\u00e9cide<\/span><\/li><\/ul><p>\u00a0<\/p>\t\t\t\t\t\t\t\t<\/div>\n\t\t\t\t<\/div>\n\t\t\t\t\t<\/div>\n\t\t<\/div>\n\t\t\t\t<div class=\"elementor-column elementor-col-50 elementor-inner-column elementor-element elementor-element-2c5f496\" data-id=\"2c5f496\" data-element_type=\"column\" data-e-type=\"column\">\n\t\t\t<div class=\"elementor-widget-wrap elementor-element-populated\">\n\t\t\t\t\t\t<div class=\"elementor-element elementor-element-b5f994a elementor-widget elementor-widget-text-editor\" data-id=\"b5f994a\" data-element_type=\"widget\" data-e-type=\"widget\" data-widget_type=\"text-editor.default\">\n\t\t\t\t<div class=\"elementor-widget-container\">\n\t\t\t\t\t\t\t\t\t<p style=\"text-align: center;\"><strong><span style=\"color: #800000;\">Inscription \u00e0 la retraite :<\/span><\/strong><\/p><ul><li><span style=\"color: #000000;\"><strong>personnellement<\/strong>, au bureau du service des p\u00e8lerins<\/span><\/li><li><span style=\"color: #000000;\"><strong>par t\u00e9l\u00e9phone<\/strong> (+48) 63 270 81 42, (+48) 63 270 81 63<\/span><\/li><li><span style=\"color: #000000;\"><strong>e-mail:<\/strong> lichen@lichen.pl<\/span><\/li><\/ul>\t\t\t\t\t\t\t\t<\/div>\n\t\t\t\t<\/div>\n\t\t\t\t\t<\/div>\n\t\t<\/div>\n\t\t\t\t\t<\/div>\n\t\t<\/section>\n\t\t\t\t<section class=\"elementor-section elementor-inner-section elementor-element elementor-element-f7c976a elementor-section-boxed elementor-section-height-default elementor-section-height-default\" data-id=\"f7c976a\" data-element_type=\"section\" data-e-type=\"section\">\n\t\t\t\t\t\t<div class=\"elementor-container elementor-column-gap-default\">\n\t\t\t\t\t<div class=\"elementor-column elementor-col-50 elementor-inner-column elementor-element elementor-element-ab7f4af\" data-id=\"ab7f4af\" data-element_type=\"column\" data-e-type=\"column\">\n\t\t\t<div class=\"elementor-widget-wrap elementor-element-populated\">\n\t\t\t\t\t\t<div class=\"elementor-element elementor-element-20cd58a elementor-view-default elementor-widget elementor-widget-icon\" data-id=\"20cd58a\" data-element_type=\"widget\" data-e-type=\"widget\" data-widget_type=\"icon.default\">\n\t\t\t\t<div class=\"elementor-widget-container\">\n\t\t\t\t\t\t\t<div class=\"elementor-icon-wrapper\">\n\t\t\t<a class=\"elementor-icon\" href=\"https:\/\/www.lichen.pl\/fr\/rekolekcje-rok-2024\/\">\n\t\t\t<i aria-hidden=\"true\" class=\"far fa-calendar-check\"><\/i>\t\t\t<\/a>\n\t\t<\/div>\n\t\t\t\t\t\t<\/div>\n\t\t\t\t<\/div>\n\t\t\t\t\t<\/div>\n\t\t<\/div>\n\t\t\t\t<div class=\"elementor-column elementor-col-50 elementor-inner-column elementor-element elementor-element-b337f96\" data-id=\"b337f96\" data-element_type=\"column\" data-e-type=\"column\">\n\t\t\t<div class=\"elementor-widget-wrap elementor-element-populated\">\n\t\t\t\t\t\t<div class=\"elementor-element elementor-element-0d42b28 elementor-widget elementor-widget-text-editor\" data-id=\"0d42b28\" data-element_type=\"widget\" data-e-type=\"widget\" data-widget_type=\"text-editor.default\">\n\t\t\t\t<div class=\"elementor-widget-container\">\n\t\t\t\t\t\t\t\t\t<p style=\"text-align: left;\"><span style=\"color: #333399;\">Przejd\u017a do kalendarza rekolekcji 2024 r.<\/span><\/p><p>\u00a0<\/p>\t\t\t\t\t\t\t\t<\/div>\n\t\t\t\t<\/div>\n\t\t\t\t<div class=\"elementor-element elementor-element-4be3e98 elementor-widget-divider--view-line elementor-widget elementor-widget-divider\" data-id=\"4be3e98\" data-element_type=\"widget\" data-e-type=\"widget\" data-widget_type=\"divider.default\">\n\t\t\t\t<div class=\"elementor-widget-container\">\n\t\t\t\t\t\t\t<div class=\"elementor-divider\">\n\t\t\t<span class=\"elementor-divider-separator\">\n\t\t\t\t\t\t<\/span>\n\t\t<\/div>\n\t\t\t\t\t\t<\/div>\n\t\t\t\t<\/div>\n\t\t\t\t\t<\/div>\n\t\t<\/div>\n\t\t\t\t\t<\/div>\n\t\t<\/section>\n\t\t\t\t\t<\/div>\n\t\t<\/div>\n\t\t\t\t\t<\/div>\n\t\t<\/section>\n\t\t\t\t<\/div>","protected":false},"excerpt":{"rendered":"<p>REKOLEKCJE &#8220;pokocha\u0107 siebie&#8221; Pierwsze jest: S\u0142uchaj, Izraelu, Pan B\u00f3g nasz, Pan jest jeden. B\u0119dziesz mi\u0142owa\u0142 Pana, Boga swego, ca\u0142ym swoim sercem, ca\u0142\u0105 swoj\u0105 dusz\u0105, ca\u0142ym swoim umys\u0142em i ca\u0142\u0105 swoj\u0105 moc\u0105. Drugie jest to: B\u0119dziesz mi\u0142owa\u0142 swego bli\u017aniego jak siebie samego. Nie ma innego przykazania wi\u0119kszego od tych. Mk 12, 29-31 Historia \u017cycia ka\u017cdego z [&hellip;]<\/p>\n","protected":false},"author":2,"featured_media":0,"parent":0,"menu_order":0,"comment_status":"closed","ping_status":"closed","template":"elementor_header_footer","meta":{"footnotes":""},"class_list":["post-8384","page","type-page","status-publish","hentry","wpbf-post"],"yoast_head":"<!-- This site is optimized with the Yoast SEO plugin v27.4 - https:\/\/yoast.com\/product\/yoast-seo-wordpress\/ -->\n<title>Rekolekcje Pokocha\u0107 siebie - SANKTUARIUM W LICHENIU<\/title>\n<meta name=\"robots\" content=\"index, follow, max-snippet:-1, max-image-preview:large, max-video-preview:-1\" \/>\n<link rel=\"canonical\" href=\"https:\/\/www.lichen.pl\/fr\/rekolekcje-pokochac-siebie\/\" \/>\n<meta property=\"og:locale\" content=\"fr_FR\" \/>\n<meta property=\"og:type\" content=\"article\" \/>\n<meta property=\"og:title\" content=\"Rekolekcje Pokocha\u0107 siebie - SANKTUARIUM W LICHENIU\" \/>\n<meta property=\"og:description\" content=\"REKOLEKCJE &#8220;pokocha\u0107 siebie&#8221; Pierwsze jest: S\u0142uchaj, Izraelu, Pan B\u00f3g nasz, Pan jest jeden. B\u0119dziesz mi\u0142owa\u0142 Pana, Boga swego, ca\u0142ym swoim sercem, ca\u0142\u0105 swoj\u0105 dusz\u0105, ca\u0142ym swoim umys\u0142em i ca\u0142\u0105 swoj\u0105 moc\u0105. Drugie jest to: B\u0119dziesz mi\u0142owa\u0142 swego bli\u017aniego jak siebie samego. Nie ma innego przykazania wi\u0119kszego od tych. Mk 12, 29-31 Historia \u017cycia ka\u017cdego z [&hellip;]\" \/>\n<meta property=\"og:url\" content=\"https:\/\/www.lichen.pl\/fr\/rekolekcje-pokochac-siebie\/\" \/>\n<meta property=\"og:site_name\" content=\"SANKTUARIUM W LICHENIU\" \/>\n<meta property=\"article:modified_time\" content=\"2023-12-22T12:58:27+00:00\" \/>\n<meta name=\"twitter:card\" content=\"summary_large_image\" \/>\n<meta name=\"twitter:label1\" content=\"Dur\u00e9e de lecture estim\u00e9e\" \/>\n\t<meta name=\"twitter:data1\" content=\"2 minutes\" \/>\n<script type=\"application\/ld+json\" class=\"yoast-schema-graph\">{\"@context\":\"https:\\\/\\\/schema.org\",\"@graph\":[{\"@type\":\"WebPage\",\"@id\":\"https:\\\/\\\/www.lichen.pl\\\/rekolekcje-pokochac-siebie\\\/\",\"url\":\"https:\\\/\\\/www.lichen.pl\\\/rekolekcje-pokochac-siebie\\\/\",\"name\":\"Rekolekcje Pokocha\u0107 siebie - SANKTUARIUM W LICHENIU\",\"isPartOf\":{\"@id\":\"https:\\\/\\\/www.lichen.pl\\\/fr\\\/#website\"},\"datePublished\":\"2021-05-07T12:14:06+00:00\",\"dateModified\":\"2023-12-22T12:58:27+00:00\",\"breadcrumb\":{\"@id\":\"https:\\\/\\\/www.lichen.pl\\\/rekolekcje-pokochac-siebie\\\/#breadcrumb\"},\"inLanguage\":\"fr-FR\",\"potentialAction\":[{\"@type\":\"ReadAction\",\"target\":[\"https:\\\/\\\/www.lichen.pl\\\/rekolekcje-pokochac-siebie\\\/\"]}]},{\"@type\":\"BreadcrumbList\",\"@id\":\"https:\\\/\\\/www.lichen.pl\\\/rekolekcje-pokochac-siebie\\\/#breadcrumb\",\"itemListElement\":[{\"@type\":\"ListItem\",\"position\":1,\"name\":\"Strona g\u0142\u00f3wna\",\"item\":\"https:\\\/\\\/www.lichen.pl\\\/\"},{\"@type\":\"ListItem\",\"position\":2,\"name\":\"Rekolekcje Pokocha\u0107 siebie\"}]},{\"@type\":\"WebSite\",\"@id\":\"https:\\\/\\\/www.lichen.pl\\\/fr\\\/#website\",\"url\":\"https:\\\/\\\/www.lichen.pl\\\/fr\\\/\",\"name\":\"SANKTUARIUM W LICHENIU\",\"description\":\"MATKI BO\u017bEJ LICHE\u0143SKIEJ BOLESNEJ KR\u00d3LOWEJ POLSKI\",\"potentialAction\":[{\"@type\":\"SearchAction\",\"target\":{\"@type\":\"EntryPoint\",\"urlTemplate\":\"https:\\\/\\\/www.lichen.pl\\\/fr\\\/?s={search_term_string}\"},\"query-input\":{\"@type\":\"PropertyValueSpecification\",\"valueRequired\":true,\"valueName\":\"search_term_string\"}}],\"inLanguage\":\"fr-FR\"}]}<\/script>\n<!-- \/ Yoast SEO plugin. -->","yoast_head_json":{"title":"Rekolekcje Pokocha\u0107 siebie - SANKTUARIUM W LICHENIU","robots":{"index":"index","follow":"follow","max-snippet":"max-snippet:-1","max-image-preview":"max-image-preview:large","max-video-preview":"max-video-preview:-1"},"canonical":"https:\/\/www.lichen.pl\/fr\/rekolekcje-pokochac-siebie\/","og_locale":"fr_FR","og_type":"article","og_title":"Rekolekcje Pokocha\u0107 siebie - SANKTUARIUM W LICHENIU","og_description":"REKOLEKCJE &#8220;pokocha\u0107 siebie&#8221; Pierwsze jest: S\u0142uchaj, Izraelu, Pan B\u00f3g nasz, Pan jest jeden. B\u0119dziesz mi\u0142owa\u0142 Pana, Boga swego, ca\u0142ym swoim sercem, ca\u0142\u0105 swoj\u0105 dusz\u0105, ca\u0142ym swoim umys\u0142em i ca\u0142\u0105 swoj\u0105 moc\u0105. Drugie jest to: B\u0119dziesz mi\u0142owa\u0142 swego bli\u017aniego jak siebie samego. Nie ma innego przykazania wi\u0119kszego od tych. Mk 12, 29-31 Historia \u017cycia ka\u017cdego z [&hellip;]","og_url":"https:\/\/www.lichen.pl\/fr\/rekolekcje-pokochac-siebie\/","og_site_name":"SANKTUARIUM W LICHENIU","article_modified_time":"2023-12-22T12:58:27+00:00","twitter_card":"summary_large_image","twitter_misc":{"Dur\u00e9e de lecture estim\u00e9e":"2 minutes"},"schema":{"@context":"https:\/\/schema.org","@graph":[{"@type":"WebPage","@id":"https:\/\/www.lichen.pl\/rekolekcje-pokochac-siebie\/","url":"https:\/\/www.lichen.pl\/rekolekcje-pokochac-siebie\/","name":"Rekolekcje Pokocha\u0107 siebie - SANKTUARIUM W LICHENIU","isPartOf":{"@id":"https:\/\/www.lichen.pl\/fr\/#website"},"datePublished":"2021-05-07T12:14:06+00:00","dateModified":"2023-12-22T12:58:27+00:00","breadcrumb":{"@id":"https:\/\/www.lichen.pl\/rekolekcje-pokochac-siebie\/#breadcrumb"},"inLanguage":"fr-FR","potentialAction":[{"@type":"ReadAction","target":["https:\/\/www.lichen.pl\/rekolekcje-pokochac-siebie\/"]}]},{"@type":"BreadcrumbList","@id":"https:\/\/www.lichen.pl\/rekolekcje-pokochac-siebie\/#breadcrumb","itemListElement":[{"@type":"ListItem","position":1,"name":"Strona g\u0142\u00f3wna","item":"https:\/\/www.lichen.pl\/"},{"@type":"ListItem","position":2,"name":"Rekolekcje Pokocha\u0107 siebie"}]},{"@type":"WebSite","@id":"https:\/\/www.lichen.pl\/fr\/#website","url":"https:\/\/www.lichen.pl\/fr\/","name":"SANCTUAIRE EN LICHENIE","description":"LA MAUVAISE REINE DE POLOGNE DE NOTRE LICHEN","potentialAction":[{"@type":"SearchAction","target":{"@type":"EntryPoint","urlTemplate":"https:\/\/www.lichen.pl\/fr\/?s={search_term_string}"},"query-input":{"@type":"PropertyValueSpecification","valueRequired":true,"valueName":"search_term_string"}}],"inLanguage":"fr-FR"}]}},"_links":{"self":[{"href":"https:\/\/www.lichen.pl\/fr\/wp-json\/wp\/v2\/pages\/8384","targetHints":{"allow":["GET"]}}],"collection":[{"href":"https:\/\/www.lichen.pl\/fr\/wp-json\/wp\/v2\/pages"}],"about":[{"href":"https:\/\/www.lichen.pl\/fr\/wp-json\/wp\/v2\/types\/page"}],"author":[{"embeddable":true,"href":"https:\/\/www.lichen.pl\/fr\/wp-json\/wp\/v2\/users\/2"}],"replies":[{"embeddable":true,"href":"https:\/\/www.lichen.pl\/fr\/wp-json\/wp\/v2\/comments?post=8384"}],"version-history":[{"count":68,"href":"https:\/\/www.lichen.pl\/fr\/wp-json\/wp\/v2\/pages\/8384\/revisions"}],"predecessor-version":[{"id":62640,"href":"https:\/\/www.lichen.pl\/fr\/wp-json\/wp\/v2\/pages\/8384\/revisions\/62640"}],"wp:attachment":[{"href":"https:\/\/www.lichen.pl\/fr\/wp-json\/wp\/v2\/media?parent=8384"}],"curies":[{"name":"wp","href":"https:\/\/api.w.org\/{rel}","templated":true}]}}