{"id":97166,"date":"2026-02-24T13:18:33","date_gmt":"2026-02-24T12:18:33","guid":{"rendered":"https:\/\/www.lichen.pl\/?page_id=97166"},"modified":"2026-03-10T13:33:40","modified_gmt":"2026-03-10T12:33:40","slug":"rekolekcje-kaplanskie","status":"publish","type":"page","link":"https:\/\/www.lichen.pl\/fr\/rekolekcje-kaplanskie\/","title":{"rendered":"Rekolekcje kap\u0142a\u0144skie"},"content":{"rendered":"<div data-elementor-type=\"wp-page\" data-elementor-id=\"97166\" class=\"elementor elementor-97166\" data-elementor-post-type=\"page\">\n\t\t\t\t\t\t<section class=\"elementor-section elementor-top-section elementor-element elementor-element-1917787 elementor-section-boxed elementor-section-height-default elementor-section-height-default\" data-id=\"1917787\" data-element_type=\"section\" data-e-type=\"section\">\n\t\t\t\t\t\t<div class=\"elementor-container elementor-column-gap-default\">\n\t\t\t\t\t<div class=\"elementor-column elementor-col-100 elementor-top-column elementor-element elementor-element-a2383a3\" data-id=\"a2383a3\" data-element_type=\"column\" data-e-type=\"column\">\n\t\t\t<div class=\"elementor-widget-wrap elementor-element-populated\">\n\t\t\t\t\t\t<div class=\"elementor-element elementor-element-3443f42 elementor-widget-divider--view-line_text elementor-widget-divider--element-align-center elementor-widget elementor-widget-divider\" data-id=\"3443f42\" data-element_type=\"widget\" data-e-type=\"widget\" data-widget_type=\"divider.default\">\n\t\t\t\t<div class=\"elementor-widget-container\">\n\t\t\t\t\t\t\t<div class=\"elementor-divider\">\n\t\t\t<span class=\"elementor-divider-separator\">\n\t\t\t\t\t\t\t<span class=\"elementor-divider__text elementor-divider__element\">\n\t\t\t\tRekolekcje kap\u0142a\u0144skie \t\t\t\t<\/span>\n\t\t\t\t\t\t<\/span>\n\t\t<\/div>\n\t\t\t\t\t\t<\/div>\n\t\t\t\t<\/div>\n\t\t\t\t\t<\/div>\n\t\t<\/div>\n\t\t\t\t\t<\/div>\n\t\t<\/section>\n\t\t\t\t<section class=\"elementor-section elementor-top-section elementor-element elementor-element-80dd820 elementor-section-boxed elementor-section-height-default elementor-section-height-default\" data-id=\"80dd820\" data-element_type=\"section\" data-e-type=\"section\">\n\t\t\t\t\t\t<div class=\"elementor-container elementor-column-gap-default\">\n\t\t\t\t\t<div class=\"elementor-column elementor-col-100 elementor-top-column elementor-element elementor-element-6284f4d\" data-id=\"6284f4d\" data-element_type=\"column\" data-e-type=\"column\">\n\t\t\t<div class=\"elementor-widget-wrap elementor-element-populated\">\n\t\t\t\t\t\t<section class=\"elementor-section elementor-inner-section elementor-element elementor-element-4b00104 elementor-section-boxed elementor-section-height-default elementor-section-height-default\" data-id=\"4b00104\" data-element_type=\"section\" data-e-type=\"section\">\n\t\t\t\t\t\t<div class=\"elementor-container elementor-column-gap-default\">\n\t\t\t\t\t<div class=\"elementor-column elementor-col-50 elementor-inner-column elementor-element elementor-element-97060de\" data-id=\"97060de\" data-element_type=\"column\" data-e-type=\"column\">\n\t\t\t<div class=\"elementor-widget-wrap elementor-element-populated\">\n\t\t\t\t\t\t\t<\/div>\n\t\t<\/div>\n\t\t\t\t<div class=\"elementor-column elementor-col-50 elementor-inner-column elementor-element elementor-element-922ab69\" data-id=\"922ab69\" data-element_type=\"column\" data-e-type=\"column\">\n\t\t\t<div class=\"elementor-widget-wrap elementor-element-populated\">\n\t\t\t\t\t\t<div class=\"elementor-element elementor-element-76b24d9 elementor-widget elementor-widget-text-editor\" data-id=\"76b24d9\" data-element_type=\"widget\" data-e-type=\"widget\" data-widget_type=\"text-editor.default\">\n\t\t\t\t<div class=\"elementor-widget-container\">\n\t\t\t\t\t\t\t\t\t<p>Mimo nieustannej pos\u0142ugi duszpasterskiej, posiadanej wiedzy teologicznej, codziennej modlitwy &#8211; duchowa kondycja kap\u0142ana wymaga czasu odnowy, duchowej regeneracji, zanurzenia na nowo w Tajemnic\u0119 Bo\u017cego wezwania. Rekolekcje kap\u0142a\u0144skie temu w\u0142a\u015bnie maj\u0105 s\u0142u\u017cy\u0107. S\u0105 okazj\u0105, by przez kilka dni m\u00f3c modli\u0107 si\u0119, s\u0142ucha\u0107 S\u0142owa i uczestniczy\u0107 w Eucharystii w innej, ni\u017c na co dzie\u0144 perspektywie: w oderwaniu od obowi\u0105zk\u00f3w, spraw kancelaryjnych i problem\u00f3w duszpasterskich. Dlatego przyje\u017cd\u017caj\u0105cych na rekolekcje Ksi\u0119\u017cy zach\u0119camy, by ten czas przeznaczyli wy\u0142\u0105cznie na nie, wyciszaj\u0105c telefony i rezygnuj\u0105c z korzystania z Internetu.\u00a0<\/p><p>W programie przewidziane s\u0105 katechezy, wsp\u00f3lnie sprawowana codzienna Eucharystia, adoracja Naj\u015bwi\u0119tszego Sakramentu, a jednocze\u015bnie czas na w\u0142asn\u0105 refleksj\u0119, lektur\u0119 czy spacer.<\/p><p>Pocz\u0105tek rekolekcji w poniedzia\u0142ek o 19:00; zako\u0144czenie w czwartek (ok. 13:30)<\/p><p>Rekolekcje prowadzi: ks. Piotr Kieniewicz MIC<\/p>\t\t\t\t\t\t\t\t<\/div>\n\t\t\t\t<\/div>\n\t\t\t\t\t<\/div>\n\t\t<\/div>\n\t\t\t\t\t<\/div>\n\t\t<\/section>\n\t\t\t\t\t<\/div>\n\t\t<\/div>\n\t\t\t\t\t<\/div>\n\t\t<\/section>\n\t\t\t\t<section class=\"elementor-section elementor-top-section elementor-element elementor-element-95c02f2 elementor-section-boxed elementor-section-height-default elementor-section-height-default\" data-id=\"95c02f2\" data-element_type=\"section\" data-e-type=\"section\">\n\t\t\t\t\t\t<div class=\"elementor-container elementor-column-gap-default\">\n\t\t\t\t\t<div class=\"elementor-column elementor-col-100 elementor-top-column elementor-element elementor-element-dcaa879\" data-id=\"dcaa879\" data-element_type=\"column\" data-e-type=\"column\">\n\t\t\t<div class=\"elementor-widget-wrap elementor-element-populated\">\n\t\t\t\t\t\t<section class=\"elementor-section elementor-inner-section elementor-element elementor-element-e853587 elementor-section-boxed elementor-section-height-default elementor-section-height-default\" data-id=\"e853587\" data-element_type=\"section\" data-e-type=\"section\">\n\t\t\t\t\t\t<div class=\"elementor-container elementor-column-gap-default\">\n\t\t\t\t\t<div class=\"elementor-column elementor-col-50 elementor-inner-column elementor-element elementor-element-96a33f7\" data-id=\"96a33f7\" data-element_type=\"column\" data-e-type=\"column\">\n\t\t\t<div class=\"elementor-widget-wrap elementor-element-populated\">\n\t\t\t\t\t\t<div class=\"elementor-element elementor-element-4bf2fa6 elementor-widget elementor-widget-text-editor\" data-id=\"4bf2fa6\" data-element_type=\"widget\" data-e-type=\"widget\" data-widget_type=\"text-editor.default\">\n\t\t\t\t<div class=\"elementor-widget-container\">\n\t\t\t\t\t\t\t\t\t<ul><li>ofiara:\u00a0<strong>od 580 z\u0142 do 650 z\u0142<\/strong>\u00a0od\u00a0osoby w\u00a0zale\u017cno\u015bci od\u00a0rodzaju pokoju (w\u00a0tym nocleg i\u00a0wy\u017cywienie), z\u0142o\u017cona podczas rekolekcji\/po przyje\u017adzie<\/li><li>le nombre de place est limit\u00e9<\/li><li>l&#039;ordre des demandes d\u00e9cide<\/li><\/ul>\t\t\t\t\t\t\t\t<\/div>\n\t\t\t\t<\/div>\n\t\t\t\t\t<\/div>\n\t\t<\/div>\n\t\t\t\t<div class=\"elementor-column elementor-col-50 elementor-inner-column elementor-element elementor-element-8d1acca\" data-id=\"8d1acca\" data-element_type=\"column\" data-e-type=\"column\">\n\t\t\t<div class=\"elementor-widget-wrap elementor-element-populated\">\n\t\t\t\t\t\t<div class=\"elementor-element elementor-element-e5a1ae4 elementor-widget elementor-widget-text-editor\" data-id=\"e5a1ae4\" data-element_type=\"widget\" data-e-type=\"widget\" data-widget_type=\"text-editor.default\">\n\t\t\t\t<div class=\"elementor-widget-container\">\n\t\t\t\t\t\t\t\t\t<p style=\"text-align: center;\"><strong><span style=\"color: #800000;\">Inscription \u00e0 la retraite :<\/span><\/strong><\/p><ul><li><span style=\"color: #000000;\"><strong>personnellement<\/strong>, au bureau du service des p\u00e8lerins<\/span><\/li><li><span style=\"color: #000000;\"><strong>par t\u00e9l\u00e9phone<\/strong> (+48) 63 270 81 42, (+48) 63 270 81 63<\/span><\/li><li><span style=\"color: #000000;\"><strong>e-mail:<\/strong> lichen@lichen.pl<\/span><\/li><\/ul>\t\t\t\t\t\t\t\t<\/div>\n\t\t\t\t<\/div>\n\t\t\t\t\t<\/div>\n\t\t<\/div>\n\t\t\t\t\t<\/div>\n\t\t<\/section>\n\t\t\t\t\t<\/div>\n\t\t<\/div>\n\t\t\t\t\t<\/div>\n\t\t<\/section>\n\t\t\t\t<section class=\"elementor-section elementor-top-section elementor-element elementor-element-2f8cd3f elementor-section-boxed elementor-section-height-default elementor-section-height-default\" data-id=\"2f8cd3f\" data-element_type=\"section\" data-e-type=\"section\">\n\t\t\t\t\t\t<div class=\"elementor-container elementor-column-gap-default\">\n\t\t\t\t\t<div class=\"elementor-column elementor-col-100 elementor-top-column elementor-element elementor-element-b026f93\" data-id=\"b026f93\" data-element_type=\"column\" data-e-type=\"column\">\n\t\t\t<div class=\"elementor-widget-wrap elementor-element-populated\">\n\t\t\t\t\t\t<section class=\"elementor-section elementor-inner-section elementor-element elementor-element-9df40c3 elementor-section-boxed elementor-section-height-default elementor-section-height-default\" data-id=\"9df40c3\" data-element_type=\"section\" data-e-type=\"section\">\n\t\t\t\t\t\t<div class=\"elementor-container elementor-column-gap-default\">\n\t\t\t\t\t<div class=\"elementor-column elementor-col-50 elementor-inner-column elementor-element elementor-element-dd164e3\" data-id=\"dd164e3\" data-element_type=\"column\" data-e-type=\"column\">\n\t\t\t<div class=\"elementor-widget-wrap elementor-element-populated\">\n\t\t\t\t\t\t<div class=\"elementor-element elementor-element-37bf2ce elementor-view-default elementor-widget elementor-widget-icon\" data-id=\"37bf2ce\" data-element_type=\"widget\" data-e-type=\"widget\" data-widget_type=\"icon.default\">\n\t\t\t\t<div class=\"elementor-widget-container\">\n\t\t\t\t\t\t\t<div class=\"elementor-icon-wrapper\">\n\t\t\t<a class=\"elementor-icon\" href=\"https:\/\/www.lichen.pl\/fr\/rekolekcje-rok-2026\/\">\n\t\t\t<i aria-hidden=\"true\" class=\"far fa-calendar-check\"><\/i>\t\t\t<\/a>\n\t\t<\/div>\n\t\t\t\t\t\t<\/div>\n\t\t\t\t<\/div>\n\t\t\t\t\t<\/div>\n\t\t<\/div>\n\t\t\t\t<div class=\"elementor-column elementor-col-50 elementor-inner-column elementor-element elementor-element-2dc98f8\" data-id=\"2dc98f8\" data-element_type=\"column\" data-e-type=\"column\">\n\t\t\t<div class=\"elementor-widget-wrap elementor-element-populated\">\n\t\t\t\t\t\t<div class=\"elementor-element elementor-element-94d05d1 elementor-widget elementor-widget-text-editor\" data-id=\"94d05d1\" data-element_type=\"widget\" data-e-type=\"widget\" data-widget_type=\"text-editor.default\">\n\t\t\t\t<div class=\"elementor-widget-container\">\n\t\t\t\t\t\t\t\t\t<p><span style=\"color: #333399;\">Przejd\u017a do kalendarza rekolekcji 2026 r.<\/span><\/p>\t\t\t\t\t\t\t\t<\/div>\n\t\t\t\t<\/div>\n\t\t\t\t<div class=\"elementor-element elementor-element-9b70e04 elementor-widget-divider--view-line elementor-widget elementor-widget-divider\" data-id=\"9b70e04\" data-element_type=\"widget\" data-e-type=\"widget\" data-widget_type=\"divider.default\">\n\t\t\t\t<div class=\"elementor-widget-container\">\n\t\t\t\t\t\t\t<div class=\"elementor-divider\">\n\t\t\t<span class=\"elementor-divider-separator\">\n\t\t\t\t\t\t<\/span>\n\t\t<\/div>\n\t\t\t\t\t\t<\/div>\n\t\t\t\t<\/div>\n\t\t\t\t\t<\/div>\n\t\t<\/div>\n\t\t\t\t\t<\/div>\n\t\t<\/section>\n\t\t\t\t\t<\/div>\n\t\t<\/div>\n\t\t\t\t\t<\/div>\n\t\t<\/section>\n\t\t\t\t<\/div>","protected":false},"excerpt":{"rendered":"<p>Rekolekcje kap\u0142a\u0144skie Mimo nieustannej pos\u0142ugi duszpasterskiej, posiadanej wiedzy teologicznej, codziennej modlitwy &#8211; duchowa kondycja kap\u0142ana wymaga czasu odnowy, duchowej regeneracji, zanurzenia na nowo w Tajemnic\u0119 Bo\u017cego wezwania. Rekolekcje kap\u0142a\u0144skie temu w\u0142a\u015bnie maj\u0105 s\u0142u\u017cy\u0107. S\u0105 okazj\u0105, by przez kilka dni m\u00f3c modli\u0107 si\u0119, s\u0142ucha\u0107 S\u0142owa i uczestniczy\u0107 w Eucharystii w innej, ni\u017c na co dzie\u0144 perspektywie: [&hellip;]<\/p>\n","protected":false},"author":7,"featured_media":0,"parent":0,"menu_order":0,"comment_status":"closed","ping_status":"closed","template":"","meta":{"footnotes":""},"class_list":["post-97166","page","type-page","status-publish","hentry","wpbf-post"],"yoast_head":"<!-- This site is optimized with the Yoast SEO plugin v27.4 - https:\/\/yoast.com\/product\/yoast-seo-wordpress\/ -->\n<title>Rekolekcje kap\u0142a\u0144skie - SANKTUARIUM W LICHENIU<\/title>\n<meta name=\"robots\" content=\"index, follow, max-snippet:-1, max-image-preview:large, max-video-preview:-1\" \/>\n<link rel=\"canonical\" href=\"https:\/\/www.lichen.pl\/fr\/rekolekcje-kaplanskie\/\" \/>\n<meta property=\"og:locale\" content=\"fr_FR\" \/>\n<meta property=\"og:type\" content=\"article\" \/>\n<meta property=\"og:title\" content=\"Rekolekcje kap\u0142a\u0144skie - SANKTUARIUM W LICHENIU\" \/>\n<meta property=\"og:description\" content=\"Rekolekcje kap\u0142a\u0144skie Mimo nieustannej pos\u0142ugi duszpasterskiej, posiadanej wiedzy teologicznej, codziennej modlitwy &#8211; duchowa kondycja kap\u0142ana wymaga czasu odnowy, duchowej regeneracji, zanurzenia na nowo w Tajemnic\u0119 Bo\u017cego wezwania. Rekolekcje kap\u0142a\u0144skie temu w\u0142a\u015bnie maj\u0105 s\u0142u\u017cy\u0107. S\u0105 okazj\u0105, by przez kilka dni m\u00f3c modli\u0107 si\u0119, s\u0142ucha\u0107 S\u0142owa i uczestniczy\u0107 w Eucharystii w innej, ni\u017c na co dzie\u0144 perspektywie: [&hellip;]\" \/>\n<meta property=\"og:url\" content=\"https:\/\/www.lichen.pl\/fr\/rekolekcje-kaplanskie\/\" \/>\n<meta property=\"og:site_name\" content=\"SANKTUARIUM W LICHENIU\" \/>\n<meta property=\"article:modified_time\" content=\"2026-03-10T12:33:40+00:00\" \/>\n<meta name=\"twitter:card\" content=\"summary_large_image\" \/>\n<meta name=\"twitter:label1\" content=\"Dur\u00e9e de lecture estim\u00e9e\" \/>\n\t<meta name=\"twitter:data1\" content=\"2 minutes\" \/>\n<script type=\"application\/ld+json\" class=\"yoast-schema-graph\">{\"@context\":\"https:\\\/\\\/schema.org\",\"@graph\":[{\"@type\":\"WebPage\",\"@id\":\"https:\\\/\\\/www.lichen.pl\\\/rekolekcje-kaplanskie\\\/\",\"url\":\"https:\\\/\\\/www.lichen.pl\\\/rekolekcje-kaplanskie\\\/\",\"name\":\"Rekolekcje kap\u0142a\u0144skie - SANKTUARIUM W LICHENIU\",\"isPartOf\":{\"@id\":\"https:\\\/\\\/www.lichen.pl\\\/fr\\\/#website\"},\"datePublished\":\"2026-02-24T12:18:33+00:00\",\"dateModified\":\"2026-03-10T12:33:40+00:00\",\"breadcrumb\":{\"@id\":\"https:\\\/\\\/www.lichen.pl\\\/rekolekcje-kaplanskie\\\/#breadcrumb\"},\"inLanguage\":\"fr-FR\",\"potentialAction\":[{\"@type\":\"ReadAction\",\"target\":[\"https:\\\/\\\/www.lichen.pl\\\/rekolekcje-kaplanskie\\\/\"]}]},{\"@type\":\"BreadcrumbList\",\"@id\":\"https:\\\/\\\/www.lichen.pl\\\/rekolekcje-kaplanskie\\\/#breadcrumb\",\"itemListElement\":[{\"@type\":\"ListItem\",\"position\":1,\"name\":\"Strona g\u0142\u00f3wna\",\"item\":\"https:\\\/\\\/www.lichen.pl\\\/\"},{\"@type\":\"ListItem\",\"position\":2,\"name\":\"Rekolekcje kap\u0142a\u0144skie\"}]},{\"@type\":\"WebSite\",\"@id\":\"https:\\\/\\\/www.lichen.pl\\\/fr\\\/#website\",\"url\":\"https:\\\/\\\/www.lichen.pl\\\/fr\\\/\",\"name\":\"SANKTUARIUM W LICHENIU\",\"description\":\"MATKI BO\u017bEJ LICHE\u0143SKIEJ BOLESNEJ KR\u00d3LOWEJ POLSKI\",\"potentialAction\":[{\"@type\":\"SearchAction\",\"target\":{\"@type\":\"EntryPoint\",\"urlTemplate\":\"https:\\\/\\\/www.lichen.pl\\\/fr\\\/?s={search_term_string}\"},\"query-input\":{\"@type\":\"PropertyValueSpecification\",\"valueRequired\":true,\"valueName\":\"search_term_string\"}}],\"inLanguage\":\"fr-FR\"}]}<\/script>\n<!-- \/ Yoast SEO plugin. -->","yoast_head_json":{"title":"Rekolekcje kap\u0142a\u0144skie - SANKTUARIUM W LICHENIU","robots":{"index":"index","follow":"follow","max-snippet":"max-snippet:-1","max-image-preview":"max-image-preview:large","max-video-preview":"max-video-preview:-1"},"canonical":"https:\/\/www.lichen.pl\/fr\/rekolekcje-kaplanskie\/","og_locale":"fr_FR","og_type":"article","og_title":"Rekolekcje kap\u0142a\u0144skie - SANKTUARIUM W LICHENIU","og_description":"Rekolekcje kap\u0142a\u0144skie Mimo nieustannej pos\u0142ugi duszpasterskiej, posiadanej wiedzy teologicznej, codziennej modlitwy &#8211; duchowa kondycja kap\u0142ana wymaga czasu odnowy, duchowej regeneracji, zanurzenia na nowo w Tajemnic\u0119 Bo\u017cego wezwania. Rekolekcje kap\u0142a\u0144skie temu w\u0142a\u015bnie maj\u0105 s\u0142u\u017cy\u0107. S\u0105 okazj\u0105, by przez kilka dni m\u00f3c modli\u0107 si\u0119, s\u0142ucha\u0107 S\u0142owa i uczestniczy\u0107 w Eucharystii w innej, ni\u017c na co dzie\u0144 perspektywie: [&hellip;]","og_url":"https:\/\/www.lichen.pl\/fr\/rekolekcje-kaplanskie\/","og_site_name":"SANKTUARIUM W LICHENIU","article_modified_time":"2026-03-10T12:33:40+00:00","twitter_card":"summary_large_image","twitter_misc":{"Dur\u00e9e de lecture estim\u00e9e":"2 minutes"},"schema":{"@context":"https:\/\/schema.org","@graph":[{"@type":"WebPage","@id":"https:\/\/www.lichen.pl\/rekolekcje-kaplanskie\/","url":"https:\/\/www.lichen.pl\/rekolekcje-kaplanskie\/","name":"Rekolekcje kap\u0142a\u0144skie - SANKTUARIUM W LICHENIU","isPartOf":{"@id":"https:\/\/www.lichen.pl\/fr\/#website"},"datePublished":"2026-02-24T12:18:33+00:00","dateModified":"2026-03-10T12:33:40+00:00","breadcrumb":{"@id":"https:\/\/www.lichen.pl\/rekolekcje-kaplanskie\/#breadcrumb"},"inLanguage":"fr-FR","potentialAction":[{"@type":"ReadAction","target":["https:\/\/www.lichen.pl\/rekolekcje-kaplanskie\/"]}]},{"@type":"BreadcrumbList","@id":"https:\/\/www.lichen.pl\/rekolekcje-kaplanskie\/#breadcrumb","itemListElement":[{"@type":"ListItem","position":1,"name":"Strona g\u0142\u00f3wna","item":"https:\/\/www.lichen.pl\/"},{"@type":"ListItem","position":2,"name":"Rekolekcje kap\u0142a\u0144skie"}]},{"@type":"WebSite","@id":"https:\/\/www.lichen.pl\/fr\/#website","url":"https:\/\/www.lichen.pl\/fr\/","name":"SANCTUAIRE EN LICHENIE","description":"LA MAUVAISE REINE DE POLOGNE DE NOTRE LICHEN","potentialAction":[{"@type":"SearchAction","target":{"@type":"EntryPoint","urlTemplate":"https:\/\/www.lichen.pl\/fr\/?s={search_term_string}"},"query-input":{"@type":"PropertyValueSpecification","valueRequired":true,"valueName":"search_term_string"}}],"inLanguage":"fr-FR"}]}},"_links":{"self":[{"href":"https:\/\/www.lichen.pl\/fr\/wp-json\/wp\/v2\/pages\/97166","targetHints":{"allow":["GET"]}}],"collection":[{"href":"https:\/\/www.lichen.pl\/fr\/wp-json\/wp\/v2\/pages"}],"about":[{"href":"https:\/\/www.lichen.pl\/fr\/wp-json\/wp\/v2\/types\/page"}],"author":[{"embeddable":true,"href":"https:\/\/www.lichen.pl\/fr\/wp-json\/wp\/v2\/users\/7"}],"replies":[{"embeddable":true,"href":"https:\/\/www.lichen.pl\/fr\/wp-json\/wp\/v2\/comments?post=97166"}],"version-history":[{"count":13,"href":"https:\/\/www.lichen.pl\/fr\/wp-json\/wp\/v2\/pages\/97166\/revisions"}],"predecessor-version":[{"id":97862,"href":"https:\/\/www.lichen.pl\/fr\/wp-json\/wp\/v2\/pages\/97166\/revisions\/97862"}],"wp:attachment":[{"href":"https:\/\/www.lichen.pl\/fr\/wp-json\/wp\/v2\/media?parent=97166"}],"curies":[{"name":"wp","href":"https:\/\/api.w.org\/{rel}","templated":true}]}}