{"id":97907,"date":"2026-03-13T10:00:31","date_gmt":"2026-03-13T09:00:31","guid":{"rendered":"https:\/\/www.lichen.pl\/?page_id=97907"},"modified":"2026-03-13T10:04:59","modified_gmt":"2026-03-13T09:04:59","slug":"modlitwa-slowem-boga-wielbi-dusza-moja-pana","status":"publish","type":"page","link":"https:\/\/www.lichen.pl\/fr\/modlitwa-slowem-boga-wielbi-dusza-moja-pana\/","title":{"rendered":"Modlitwa s\u0142owem Boga &#8211; &#8220;Wielbi dusza moja Pana&#8221;"},"content":{"rendered":"<div data-elementor-type=\"wp-page\" data-elementor-id=\"97907\" class=\"elementor elementor-97907\" data-elementor-post-type=\"page\">\n\t\t\t\t\t\t<section class=\"elementor-section elementor-top-section elementor-element elementor-element-11cf008 elementor-section-boxed elementor-section-height-default elementor-section-height-default\" data-id=\"11cf008\" data-element_type=\"section\" data-e-type=\"section\">\n\t\t\t\t\t\t<div class=\"elementor-container elementor-column-gap-default\">\n\t\t\t\t\t<div class=\"elementor-column elementor-col-100 elementor-top-column elementor-element elementor-element-e4327ef\" data-id=\"e4327ef\" data-element_type=\"column\" data-e-type=\"column\">\n\t\t\t<div class=\"elementor-widget-wrap elementor-element-populated\">\n\t\t\t\t\t\t<div class=\"elementor-element elementor-element-eb82da3 elementor-widget-divider--view-line_text elementor-widget-divider--element-align-center elementor-widget elementor-widget-divider\" data-id=\"eb82da3\" data-element_type=\"widget\" data-e-type=\"widget\" data-widget_type=\"divider.default\">\n\t\t\t\t<div class=\"elementor-widget-container\">\n\t\t\t\t\t\t\t<div class=\"elementor-divider\">\n\t\t\t<span class=\"elementor-divider-separator\">\n\t\t\t\t\t\t\t<span class=\"elementor-divider__text elementor-divider__element\">\n\t\t\t\tmodlitwa s\u0142owem boga - \"Wielbi dusza moja pana\"\t\t\t\t<\/span>\n\t\t\t\t\t\t<\/span>\n\t\t<\/div>\n\t\t\t\t\t\t<\/div>\n\t\t\t\t<\/div>\n\t\t\t\t<div class=\"elementor-element elementor-element-62cfe8d elementor-widget elementor-widget-text-editor\" data-id=\"62cfe8d\" data-element_type=\"widget\" data-e-type=\"widget\" data-widget_type=\"text-editor.default\">\n\t\t\t\t<div class=\"elementor-widget-container\">\n\t\t\t\t\t\t\t\t\t<p>\u201eWielbi dusza moja Pana\u201d to nie tylko pie\u015b\u0144 Maryi, lecz droga serca, kt\u00f3re pozwala Bogu wej\u015b\u0107 w swoj\u0105 histori\u0119. Te rekolekcje s\u0105 zaproszeniem do zatrzymania si\u0119, do zej\u015bcia g\u0142\u0119biej \u2013 tam, gdzie S\u0142owo Bo\u017ce nie jest ju\u017c tylko tekstem, ale \u017cywym g\u0142osem Boga, kt\u00f3ry zna imi\u0119 cz\u0142owieka.<\/p><p>W centrum rekolekcji znajduje si\u0119 modlitwa S\u0142owem Boga rozumiana jako postawa uwa\u017cnego s\u0142uchania. S\u0142uchania, kt\u00f3re prowadzi do zdumienia, do rozpoznania dzia\u0142ania Boga w tym, co kruche, niedoko\u0144czone i ukryte. Jak w Magnificat: B\u00f3g pochyla si\u0119 nad nisko\u015bci\u0105 swojej S\u0142u\u017cebnicy i i objawia swoj\u0105 wielko\u015b\u0107 w ciszy.<\/p><p>Rekolekcje, do udzia\u0142u w kt\u00f3rych serdecznie zapraszamy, prowadz\u0105 przez kolejne etapy spotkania ze S\u0142owem: od przyj\u0119cia go w prawdzie w\u0142asnego \u017cycia, przez wewn\u0119trzne zmaganie i oczyszczenie spojrzenia, a\u017c po modlitw\u0119 uwielbienia, kt\u00f3ra rodzi si\u0119 nie z idealnych okoliczno\u015bci, lecz z do\u015bwiadczenia bycia ogarni\u0119tym przez Boga. Uwielbienie staje si\u0119 odpowiedzi\u0105 duszy, kt\u00f3ra odkrywa, \u017ce B\u00f3g jest wierny, obecny i dzia\u0142aj\u0105cy.<\/p><p>Battre en retraite <em>Mon \u00e2me glorifie le Seigneur<\/em> s\u0105 zaproszeniem do wej\u015bcia w modlitw\u0119 Maryi \u2013 nie po to, by j\u0105 powtarza\u0107, ale by sta\u0142a si\u0119 modlitw\u0105 w\u0142asn\u0105: modlitw\u0105 serca, kt\u00f3re zgadza si\u0119 na Bo\u017ce dzia\u0142anie i odpowiada uwielbieniem. \u201eWielbi dusza moja Pana\u201d staje si\u0119 wtedy nie tylko s\u0142owem modlitwy, lecz stylem \u017cycia.<\/p><p><span style=\"color: #000000;\">Rekolekcje prowadzi ks. Adam Stankiewicz MIC.<\/span><\/p>\t\t\t\t\t\t\t\t<\/div>\n\t\t\t\t<\/div>\n\t\t\t\t\t<\/div>\n\t\t<\/div>\n\t\t\t\t\t<\/div>\n\t\t<\/section>\n\t\t\t\t<section class=\"elementor-section elementor-top-section elementor-element elementor-element-2db574b elementor-section-boxed elementor-section-height-default elementor-section-height-default\" data-id=\"2db574b\" data-element_type=\"section\" data-e-type=\"section\">\n\t\t\t\t\t\t<div class=\"elementor-container elementor-column-gap-default\">\n\t\t\t\t\t<div class=\"elementor-column elementor-col-100 elementor-top-column elementor-element elementor-element-c18d098\" data-id=\"c18d098\" data-element_type=\"column\" data-e-type=\"column\">\n\t\t\t<div class=\"elementor-widget-wrap elementor-element-populated\">\n\t\t\t\t\t\t<section class=\"elementor-section elementor-inner-section elementor-element elementor-element-eb9d3c0 elementor-section-boxed elementor-section-height-default elementor-section-height-default\" data-id=\"eb9d3c0\" data-element_type=\"section\" data-e-type=\"section\">\n\t\t\t\t\t\t<div class=\"elementor-container elementor-column-gap-default\">\n\t\t\t\t\t<div class=\"elementor-column elementor-col-50 elementor-inner-column elementor-element elementor-element-85eb448\" data-id=\"85eb448\" data-element_type=\"column\" data-e-type=\"column\">\n\t\t\t<div class=\"elementor-widget-wrap elementor-element-populated\">\n\t\t\t\t\t\t<div class=\"elementor-element elementor-element-4fa3c64 elementor-widget elementor-widget-text-editor\" data-id=\"4fa3c64\" data-element_type=\"widget\" data-e-type=\"widget\" data-widget_type=\"text-editor.default\">\n\t\t\t\t<div class=\"elementor-widget-container\">\n\t\t\t\t\t\t\t\t\t<ul><li><span style=\"color: #000000;\">ofiara: <strong>od<\/strong> <strong>350 z\u0142 do 450 z\u0142<\/strong> od osoby w zale\u017cno\u015bci od rodzaju pokoju (w tym nocleg i wy\u017cywienie), z\u0142o\u017cona podczas rekolekcji\/po przyje\u017adzie<br \/><\/span><\/li><li><span style=\"color: #000000;\">le nombre de place est limit\u00e9<\/span><\/li><li><span style=\"color: #000000;\">l&#039;ordre des demandes d\u00e9cide<\/span><\/li><\/ul>\t\t\t\t\t\t\t\t<\/div>\n\t\t\t\t<\/div>\n\t\t\t\t\t<\/div>\n\t\t<\/div>\n\t\t\t\t<div class=\"elementor-column elementor-col-50 elementor-inner-column elementor-element elementor-element-37c81df\" data-id=\"37c81df\" data-element_type=\"column\" data-e-type=\"column\">\n\t\t\t<div class=\"elementor-widget-wrap elementor-element-populated\">\n\t\t\t\t\t\t<div class=\"elementor-element elementor-element-9ec977c elementor-widget elementor-widget-text-editor\" data-id=\"9ec977c\" data-element_type=\"widget\" data-e-type=\"widget\" data-widget_type=\"text-editor.default\">\n\t\t\t\t<div class=\"elementor-widget-container\">\n\t\t\t\t\t\t\t\t\t<p style=\"text-align: center;\"><strong><span style=\"color: #800000;\">Inscription \u00e0 la retraite :<\/span><\/strong><\/p><ul><li><span style=\"color: #000000;\"><strong>personnellement<\/strong>, au bureau du service des p\u00e8lerins<\/span><\/li><li><span style=\"color: #000000;\"><strong>par t\u00e9l\u00e9phone<\/strong> (+48) 63 270 81 42, (+48) 63 270 81 63<\/span><\/li><li><span style=\"color: #000000;\"><strong>e-mail:<\/strong> lichen@lichen.pl<\/span><\/li><\/ul>\t\t\t\t\t\t\t\t<\/div>\n\t\t\t\t<\/div>\n\t\t\t\t\t<\/div>\n\t\t<\/div>\n\t\t\t\t\t<\/div>\n\t\t<\/section>\n\t\t\t\t\t<\/div>\n\t\t<\/div>\n\t\t\t\t\t<\/div>\n\t\t<\/section>\n\t\t\t\t<section class=\"elementor-section elementor-top-section elementor-element elementor-element-55228c8 elementor-section-boxed elementor-section-height-default elementor-section-height-default\" data-id=\"55228c8\" data-element_type=\"section\" data-e-type=\"section\">\n\t\t\t\t\t\t<div class=\"elementor-container elementor-column-gap-default\">\n\t\t\t\t\t<div class=\"elementor-column elementor-col-100 elementor-top-column elementor-element elementor-element-84a674b\" data-id=\"84a674b\" data-element_type=\"column\" data-e-type=\"column\">\n\t\t\t<div class=\"elementor-widget-wrap elementor-element-populated\">\n\t\t\t\t\t\t<section class=\"elementor-section elementor-inner-section elementor-element elementor-element-25c8f5b elementor-section-boxed elementor-section-height-default elementor-section-height-default\" data-id=\"25c8f5b\" data-element_type=\"section\" data-e-type=\"section\">\n\t\t\t\t\t\t<div class=\"elementor-container elementor-column-gap-default\">\n\t\t\t\t\t<div class=\"elementor-column elementor-col-50 elementor-inner-column elementor-element elementor-element-90ad964\" data-id=\"90ad964\" data-element_type=\"column\" data-e-type=\"column\">\n\t\t\t<div class=\"elementor-widget-wrap elementor-element-populated\">\n\t\t\t\t\t\t<div class=\"elementor-element elementor-element-61dba9a elementor-view-default elementor-widget elementor-widget-icon\" data-id=\"61dba9a\" data-element_type=\"widget\" data-e-type=\"widget\" data-widget_type=\"icon.default\">\n\t\t\t\t<div class=\"elementor-widget-container\">\n\t\t\t\t\t\t\t<div class=\"elementor-icon-wrapper\">\n\t\t\t<a class=\"elementor-icon\" href=\"https:\/\/www.lichen.pl\/fr\/rekolekcje-rok-2026\/\">\n\t\t\t<i aria-hidden=\"true\" class=\"far fa-calendar-check\"><\/i>\t\t\t<\/a>\n\t\t<\/div>\n\t\t\t\t\t\t<\/div>\n\t\t\t\t<\/div>\n\t\t\t\t\t<\/div>\n\t\t<\/div>\n\t\t\t\t<div class=\"elementor-column elementor-col-50 elementor-inner-column elementor-element elementor-element-47818f6\" data-id=\"47818f6\" data-element_type=\"column\" data-e-type=\"column\">\n\t\t\t<div class=\"elementor-widget-wrap elementor-element-populated\">\n\t\t\t\t\t\t<div class=\"elementor-element elementor-element-53e622e elementor-widget elementor-widget-text-editor\" data-id=\"53e622e\" data-element_type=\"widget\" data-e-type=\"widget\" data-widget_type=\"text-editor.default\">\n\t\t\t\t<div class=\"elementor-widget-container\">\n\t\t\t\t\t\t\t\t\t<p><span style=\"color: #333399;\">Przejd\u017a do kalendarza rekolekcji 2026 r.<\/span><\/p>\t\t\t\t\t\t\t\t<\/div>\n\t\t\t\t<\/div>\n\t\t\t\t<div class=\"elementor-element elementor-element-44a294a elementor-widget-divider--view-line elementor-widget elementor-widget-divider\" data-id=\"44a294a\" data-element_type=\"widget\" data-e-type=\"widget\" data-widget_type=\"divider.default\">\n\t\t\t\t<div class=\"elementor-widget-container\">\n\t\t\t\t\t\t\t<div class=\"elementor-divider\">\n\t\t\t<span class=\"elementor-divider-separator\">\n\t\t\t\t\t\t<\/span>\n\t\t<\/div>\n\t\t\t\t\t\t<\/div>\n\t\t\t\t<\/div>\n\t\t\t\t\t<\/div>\n\t\t<\/div>\n\t\t\t\t\t<\/div>\n\t\t<\/section>\n\t\t\t\t\t<\/div>\n\t\t<\/div>\n\t\t\t\t\t<\/div>\n\t\t<\/section>\n\t\t\t\t<\/div>","protected":false},"excerpt":{"rendered":"<p>modlitwa s\u0142owem boga &#8211; &#8220;Wielbi dusza moja pana&#8221; \u201eWielbi dusza moja Pana\u201d to nie tylko pie\u015b\u0144 Maryi, lecz droga serca, kt\u00f3re pozwala Bogu wej\u015b\u0107 w swoj\u0105 histori\u0119. Te rekolekcje s\u0105 zaproszeniem do zatrzymania si\u0119, do zej\u015bcia g\u0142\u0119biej \u2013 tam, gdzie S\u0142owo Bo\u017ce nie jest ju\u017c tylko tekstem, ale \u017cywym g\u0142osem Boga, kt\u00f3ry zna imi\u0119 cz\u0142owieka. [&hellip;]<\/p>\n","protected":false},"author":7,"featured_media":0,"parent":0,"menu_order":0,"comment_status":"closed","ping_status":"closed","template":"","meta":{"footnotes":""},"class_list":["post-97907","page","type-page","status-publish","hentry","wpbf-post"],"yoast_head":"<!-- This site is optimized with the Yoast SEO plugin v27.4 - https:\/\/yoast.com\/product\/yoast-seo-wordpress\/ -->\n<title>Modlitwa s\u0142owem Boga - &quot;Wielbi dusza moja Pana&quot; - SANKTUARIUM W LICHENIU<\/title>\n<meta name=\"robots\" content=\"index, follow, max-snippet:-1, max-image-preview:large, max-video-preview:-1\" \/>\n<link rel=\"canonical\" href=\"https:\/\/www.lichen.pl\/fr\/modlitwa-slowem-boga-wielbi-dusza-moja-pana\/\" \/>\n<meta property=\"og:locale\" content=\"fr_FR\" \/>\n<meta property=\"og:type\" content=\"article\" \/>\n<meta property=\"og:title\" content=\"Modlitwa s\u0142owem Boga - &quot;Wielbi dusza moja Pana&quot; - SANKTUARIUM W LICHENIU\" \/>\n<meta property=\"og:description\" content=\"modlitwa s\u0142owem boga &#8211; &#8220;Wielbi dusza moja pana&#8221; \u201eWielbi dusza moja Pana\u201d to nie tylko pie\u015b\u0144 Maryi, lecz droga serca, kt\u00f3re pozwala Bogu wej\u015b\u0107 w swoj\u0105 histori\u0119. Te rekolekcje s\u0105 zaproszeniem do zatrzymania si\u0119, do zej\u015bcia g\u0142\u0119biej \u2013 tam, gdzie S\u0142owo Bo\u017ce nie jest ju\u017c tylko tekstem, ale \u017cywym g\u0142osem Boga, kt\u00f3ry zna imi\u0119 cz\u0142owieka. [&hellip;]\" \/>\n<meta property=\"og:url\" content=\"https:\/\/www.lichen.pl\/fr\/modlitwa-slowem-boga-wielbi-dusza-moja-pana\/\" \/>\n<meta property=\"og:site_name\" content=\"SANKTUARIUM W LICHENIU\" \/>\n<meta property=\"article:modified_time\" content=\"2026-03-13T09:04:59+00:00\" \/>\n<meta name=\"twitter:card\" content=\"summary_large_image\" \/>\n<meta name=\"twitter:label1\" content=\"Dur\u00e9e de lecture estim\u00e9e\" \/>\n\t<meta name=\"twitter:data1\" content=\"2 minutes\" \/>\n<script type=\"application\/ld+json\" class=\"yoast-schema-graph\">{\"@context\":\"https:\\\/\\\/schema.org\",\"@graph\":[{\"@type\":\"WebPage\",\"@id\":\"https:\\\/\\\/www.lichen.pl\\\/modlitwa-slowem-boga-wielbi-dusza-moja-pana\\\/\",\"url\":\"https:\\\/\\\/www.lichen.pl\\\/modlitwa-slowem-boga-wielbi-dusza-moja-pana\\\/\",\"name\":\"Modlitwa s\u0142owem Boga - \\\"Wielbi dusza moja Pana\\\" - SANKTUARIUM W LICHENIU\",\"isPartOf\":{\"@id\":\"https:\\\/\\\/www.lichen.pl\\\/fr\\\/#website\"},\"datePublished\":\"2026-03-13T09:00:31+00:00\",\"dateModified\":\"2026-03-13T09:04:59+00:00\",\"breadcrumb\":{\"@id\":\"https:\\\/\\\/www.lichen.pl\\\/modlitwa-slowem-boga-wielbi-dusza-moja-pana\\\/#breadcrumb\"},\"inLanguage\":\"fr-FR\",\"potentialAction\":[{\"@type\":\"ReadAction\",\"target\":[\"https:\\\/\\\/www.lichen.pl\\\/modlitwa-slowem-boga-wielbi-dusza-moja-pana\\\/\"]}]},{\"@type\":\"BreadcrumbList\",\"@id\":\"https:\\\/\\\/www.lichen.pl\\\/modlitwa-slowem-boga-wielbi-dusza-moja-pana\\\/#breadcrumb\",\"itemListElement\":[{\"@type\":\"ListItem\",\"position\":1,\"name\":\"Strona g\u0142\u00f3wna\",\"item\":\"https:\\\/\\\/www.lichen.pl\\\/\"},{\"@type\":\"ListItem\",\"position\":2,\"name\":\"Modlitwa s\u0142owem Boga &#8211; &#8220;Wielbi dusza moja Pana&#8221;\"}]},{\"@type\":\"WebSite\",\"@id\":\"https:\\\/\\\/www.lichen.pl\\\/fr\\\/#website\",\"url\":\"https:\\\/\\\/www.lichen.pl\\\/fr\\\/\",\"name\":\"SANKTUARIUM W LICHENIU\",\"description\":\"MATKI BO\u017bEJ LICHE\u0143SKIEJ BOLESNEJ KR\u00d3LOWEJ POLSKI\",\"potentialAction\":[{\"@type\":\"SearchAction\",\"target\":{\"@type\":\"EntryPoint\",\"urlTemplate\":\"https:\\\/\\\/www.lichen.pl\\\/fr\\\/?s={search_term_string}\"},\"query-input\":{\"@type\":\"PropertyValueSpecification\",\"valueRequired\":true,\"valueName\":\"search_term_string\"}}],\"inLanguage\":\"fr-FR\"}]}<\/script>\n<!-- \/ Yoast SEO plugin. -->","yoast_head_json":{"title":"Modlitwa s\u0142owem Boga - \"Wielbi dusza moja Pana\" - SANKTUARIUM W LICHENIU","robots":{"index":"index","follow":"follow","max-snippet":"max-snippet:-1","max-image-preview":"max-image-preview:large","max-video-preview":"max-video-preview:-1"},"canonical":"https:\/\/www.lichen.pl\/fr\/modlitwa-slowem-boga-wielbi-dusza-moja-pana\/","og_locale":"fr_FR","og_type":"article","og_title":"Modlitwa s\u0142owem Boga - \"Wielbi dusza moja Pana\" - SANKTUARIUM W LICHENIU","og_description":"modlitwa s\u0142owem boga &#8211; &#8220;Wielbi dusza moja pana&#8221; \u201eWielbi dusza moja Pana\u201d to nie tylko pie\u015b\u0144 Maryi, lecz droga serca, kt\u00f3re pozwala Bogu wej\u015b\u0107 w swoj\u0105 histori\u0119. Te rekolekcje s\u0105 zaproszeniem do zatrzymania si\u0119, do zej\u015bcia g\u0142\u0119biej \u2013 tam, gdzie S\u0142owo Bo\u017ce nie jest ju\u017c tylko tekstem, ale \u017cywym g\u0142osem Boga, kt\u00f3ry zna imi\u0119 cz\u0142owieka. [&hellip;]","og_url":"https:\/\/www.lichen.pl\/fr\/modlitwa-slowem-boga-wielbi-dusza-moja-pana\/","og_site_name":"SANKTUARIUM W LICHENIU","article_modified_time":"2026-03-13T09:04:59+00:00","twitter_card":"summary_large_image","twitter_misc":{"Dur\u00e9e de lecture estim\u00e9e":"2 minutes"},"schema":{"@context":"https:\/\/schema.org","@graph":[{"@type":"WebPage","@id":"https:\/\/www.lichen.pl\/modlitwa-slowem-boga-wielbi-dusza-moja-pana\/","url":"https:\/\/www.lichen.pl\/modlitwa-slowem-boga-wielbi-dusza-moja-pana\/","name":"Modlitwa s\u0142owem Boga - \"Wielbi dusza moja Pana\" - SANKTUARIUM W LICHENIU","isPartOf":{"@id":"https:\/\/www.lichen.pl\/fr\/#website"},"datePublished":"2026-03-13T09:00:31+00:00","dateModified":"2026-03-13T09:04:59+00:00","breadcrumb":{"@id":"https:\/\/www.lichen.pl\/modlitwa-slowem-boga-wielbi-dusza-moja-pana\/#breadcrumb"},"inLanguage":"fr-FR","potentialAction":[{"@type":"ReadAction","target":["https:\/\/www.lichen.pl\/modlitwa-slowem-boga-wielbi-dusza-moja-pana\/"]}]},{"@type":"BreadcrumbList","@id":"https:\/\/www.lichen.pl\/modlitwa-slowem-boga-wielbi-dusza-moja-pana\/#breadcrumb","itemListElement":[{"@type":"ListItem","position":1,"name":"Strona g\u0142\u00f3wna","item":"https:\/\/www.lichen.pl\/"},{"@type":"ListItem","position":2,"name":"Modlitwa s\u0142owem Boga &#8211; &#8220;Wielbi dusza moja Pana&#8221;"}]},{"@type":"WebSite","@id":"https:\/\/www.lichen.pl\/fr\/#website","url":"https:\/\/www.lichen.pl\/fr\/","name":"SANCTUAIRE EN LICHENIE","description":"LA MAUVAISE REINE DE POLOGNE DE NOTRE LICHEN","potentialAction":[{"@type":"SearchAction","target":{"@type":"EntryPoint","urlTemplate":"https:\/\/www.lichen.pl\/fr\/?s={search_term_string}"},"query-input":{"@type":"PropertyValueSpecification","valueRequired":true,"valueName":"search_term_string"}}],"inLanguage":"fr-FR"}]}},"_links":{"self":[{"href":"https:\/\/www.lichen.pl\/fr\/wp-json\/wp\/v2\/pages\/97907","targetHints":{"allow":["GET"]}}],"collection":[{"href":"https:\/\/www.lichen.pl\/fr\/wp-json\/wp\/v2\/pages"}],"about":[{"href":"https:\/\/www.lichen.pl\/fr\/wp-json\/wp\/v2\/types\/page"}],"author":[{"embeddable":true,"href":"https:\/\/www.lichen.pl\/fr\/wp-json\/wp\/v2\/users\/7"}],"replies":[{"embeddable":true,"href":"https:\/\/www.lichen.pl\/fr\/wp-json\/wp\/v2\/comments?post=97907"}],"version-history":[{"count":7,"href":"https:\/\/www.lichen.pl\/fr\/wp-json\/wp\/v2\/pages\/97907\/revisions"}],"predecessor-version":[{"id":97915,"href":"https:\/\/www.lichen.pl\/fr\/wp-json\/wp\/v2\/pages\/97907\/revisions\/97915"}],"wp:attachment":[{"href":"https:\/\/www.lichen.pl\/fr\/wp-json\/wp\/v2\/media?parent=97907"}],"curies":[{"name":"wp","href":"https:\/\/api.w.org\/{rel}","templated":true}]}}