{"id":97978,"date":"2026-03-13T13:58:55","date_gmt":"2026-03-13T12:58:55","guid":{"rendered":"https:\/\/www.lichen.pl\/?page_id=97978"},"modified":"2026-03-13T14:01:30","modified_gmt":"2026-03-13T13:01:30","slug":"uczen-chrystusa-w-swiecie-wirtualnym-w-meandrach-internetu","status":"publish","type":"page","link":"https:\/\/www.lichen.pl\/fr\/uczen-chrystusa-w-swiecie-wirtualnym-w-meandrach-internetu\/","title":{"rendered":"Ucze\u0144 Chrystusa w \u015bwiecie wirtualnym &#8220;W meandrach Internetu&#8221;"},"content":{"rendered":"<div data-elementor-type=\"wp-page\" data-elementor-id=\"97978\" class=\"elementor elementor-97978\" data-elementor-post-type=\"page\">\n\t\t\t\t\t\t<section class=\"elementor-section elementor-top-section elementor-element elementor-element-11cf008 elementor-section-boxed elementor-section-height-default elementor-section-height-default\" data-id=\"11cf008\" data-element_type=\"section\" data-e-type=\"section\">\n\t\t\t\t\t\t<div class=\"elementor-container elementor-column-gap-default\">\n\t\t\t\t\t<div class=\"elementor-column elementor-col-100 elementor-top-column elementor-element elementor-element-e4327ef\" data-id=\"e4327ef\" data-element_type=\"column\" data-e-type=\"column\">\n\t\t\t<div class=\"elementor-widget-wrap elementor-element-populated\">\n\t\t\t\t\t\t<div class=\"elementor-element elementor-element-eb82da3 elementor-widget-divider--view-line_text elementor-widget-divider--element-align-center elementor-widget elementor-widget-divider\" data-id=\"eb82da3\" data-element_type=\"widget\" data-e-type=\"widget\" data-widget_type=\"divider.default\">\n\t\t\t\t<div class=\"elementor-widget-container\">\n\t\t\t\t\t\t\t<div class=\"elementor-divider\">\n\t\t\t<span class=\"elementor-divider-separator\">\n\t\t\t\t\t\t\t<span class=\"elementor-divider__text elementor-divider__element\">\n\t\t\t\tucze\u0144 chrystusa w \u015bwiecie wirtualnym \"w meandrach internetu\"\t\t\t\t<\/span>\n\t\t\t\t\t\t<\/span>\n\t\t<\/div>\n\t\t\t\t\t\t<\/div>\n\t\t\t\t<\/div>\n\t\t\t\t<div class=\"elementor-element elementor-element-62cfe8d elementor-widget elementor-widget-text-editor\" data-id=\"62cfe8d\" data-element_type=\"widget\" data-e-type=\"widget\" data-widget_type=\"text-editor.default\">\n\t\t\t\t<div class=\"elementor-widget-container\">\n\t\t\t\t\t\t\t\t\t<p>Internet, a ostatnio\u00a0tak\u017ce sztuczna inteligencja, sta\u0142y si\u0119 dzi\u015b przestrzeni\u0105, w kt\u00f3rej sp\u0119dzamy znaczn\u0105 cz\u0119\u015b\u0107 naszego \u017cycia. Nie tylko szukamy tam informacji, ale tak\u017ce budujemy relacje, dzielimy si\u0119 emocjami i pogl\u0105dami. W zwi\u0105zku z tym rodz\u0105 si\u0119 nierzadko pytania m.in. czy w tej cyfrowej rzeczywisto\u015bci wiara jest jeszcze mo\u017cliwa, czy Internet pomaga mi zbli\u017ca\u0107 si\u0119 do Boga, czy raczej rozprasza moje serce, jak odr\u00f3\u017cnia\u0107 prawd\u0119 od manipulacji i p\u00f3\u0142prawd?<\/p><p>Zapraszamy na rekolekcje \u201eW meandrach internetu\u201d, podczas kt\u00f3rych spr\u00f3bujemy wsp\u00f3lnie spojrze\u0107 na \u015bwiat medi\u00f3w cyfrowych w \u015bwietle Ewangelii. Zastanowimy si\u0119, jak nie zagubi\u0107 siebie w nat\u0142oku informacji, jak zachowa\u0107 wolno\u015b\u0107 serca wobec technologii oraz jak by\u0107 \u015bwiadkiem wiary tak\u017ce w \u015bwiecie wirtualnym.<\/p><p>To czas refleksji nad tym, czy korzystamy z Internetu \u2013 czy mo\u017ce to on zaczyna korzysta\u0107 z nas. B\u0119dzie to okazja, by odkry\u0107, jak budowa\u0107 dojrza\u0142e \u017cycie duchowe w epoce smartfon\u00f3w, powiadomie\u0144 i nieustannego przep\u0142ywu tre\u015bci.<\/p><p><span style=\"color: #000000;\">Rekolekcje prowadzi ks. \u0141ukasz Wi\u015bniewski MIC.<\/span><\/p>\t\t\t\t\t\t\t\t<\/div>\n\t\t\t\t<\/div>\n\t\t\t\t\t<\/div>\n\t\t<\/div>\n\t\t\t\t\t<\/div>\n\t\t<\/section>\n\t\t\t\t<section class=\"elementor-section elementor-top-section elementor-element elementor-element-2db574b elementor-section-boxed elementor-section-height-default elementor-section-height-default\" data-id=\"2db574b\" data-element_type=\"section\" data-e-type=\"section\">\n\t\t\t\t\t\t<div class=\"elementor-container elementor-column-gap-default\">\n\t\t\t\t\t<div class=\"elementor-column elementor-col-100 elementor-top-column elementor-element elementor-element-c18d098\" data-id=\"c18d098\" data-element_type=\"column\" data-e-type=\"column\">\n\t\t\t<div class=\"elementor-widget-wrap elementor-element-populated\">\n\t\t\t\t\t\t<section class=\"elementor-section elementor-inner-section elementor-element elementor-element-eb9d3c0 elementor-section-boxed elementor-section-height-default elementor-section-height-default\" data-id=\"eb9d3c0\" data-element_type=\"section\" data-e-type=\"section\">\n\t\t\t\t\t\t<div class=\"elementor-container elementor-column-gap-default\">\n\t\t\t\t\t<div class=\"elementor-column elementor-col-50 elementor-inner-column elementor-element elementor-element-85eb448\" data-id=\"85eb448\" data-element_type=\"column\" data-e-type=\"column\">\n\t\t\t<div class=\"elementor-widget-wrap elementor-element-populated\">\n\t\t\t\t\t\t<div class=\"elementor-element elementor-element-4fa3c64 elementor-widget elementor-widget-text-editor\" data-id=\"4fa3c64\" data-element_type=\"widget\" data-e-type=\"widget\" data-widget_type=\"text-editor.default\">\n\t\t\t\t<div class=\"elementor-widget-container\">\n\t\t\t\t\t\t\t\t\t<ul><li><span style=\"color: #000000;\">ofiara: <strong>od<\/strong> <strong>350 z\u0142 do 450 z\u0142<\/strong> od osoby w zale\u017cno\u015bci od rodzaju pokoju (w tym nocleg i wy\u017cywienie), z\u0142o\u017cona podczas rekolekcji\/po przyje\u017adzie<br \/><\/span><\/li><li><span style=\"color: #000000;\">le nombre de place est limit\u00e9<\/span><\/li><li><span style=\"color: #000000;\">l&#039;ordre des demandes d\u00e9cide<\/span><\/li><\/ul>\t\t\t\t\t\t\t\t<\/div>\n\t\t\t\t<\/div>\n\t\t\t\t\t<\/div>\n\t\t<\/div>\n\t\t\t\t<div class=\"elementor-column elementor-col-50 elementor-inner-column elementor-element elementor-element-37c81df\" data-id=\"37c81df\" data-element_type=\"column\" data-e-type=\"column\">\n\t\t\t<div class=\"elementor-widget-wrap elementor-element-populated\">\n\t\t\t\t\t\t<div class=\"elementor-element elementor-element-9ec977c elementor-widget elementor-widget-text-editor\" data-id=\"9ec977c\" data-element_type=\"widget\" data-e-type=\"widget\" data-widget_type=\"text-editor.default\">\n\t\t\t\t<div class=\"elementor-widget-container\">\n\t\t\t\t\t\t\t\t\t<p style=\"text-align: center;\"><strong><span style=\"color: #800000;\">Inscription \u00e0 la retraite :<\/span><\/strong><\/p><ul><li><span style=\"color: #000000;\"><strong>personnellement<\/strong>, au bureau du service des p\u00e8lerins<\/span><\/li><li><span style=\"color: #000000;\"><strong>par t\u00e9l\u00e9phone<\/strong> (+48) 63 270 81 42, (+48) 63 270 81 63<\/span><\/li><li><span style=\"color: #000000;\"><strong>e-mail:<\/strong> lichen@lichen.pl<\/span><\/li><\/ul>\t\t\t\t\t\t\t\t<\/div>\n\t\t\t\t<\/div>\n\t\t\t\t\t<\/div>\n\t\t<\/div>\n\t\t\t\t\t<\/div>\n\t\t<\/section>\n\t\t\t\t\t<\/div>\n\t\t<\/div>\n\t\t\t\t\t<\/div>\n\t\t<\/section>\n\t\t\t\t<section class=\"elementor-section elementor-top-section elementor-element elementor-element-55228c8 elementor-section-boxed elementor-section-height-default elementor-section-height-default\" data-id=\"55228c8\" data-element_type=\"section\" data-e-type=\"section\">\n\t\t\t\t\t\t<div class=\"elementor-container elementor-column-gap-default\">\n\t\t\t\t\t<div class=\"elementor-column elementor-col-100 elementor-top-column elementor-element elementor-element-84a674b\" data-id=\"84a674b\" data-element_type=\"column\" data-e-type=\"column\">\n\t\t\t<div class=\"elementor-widget-wrap elementor-element-populated\">\n\t\t\t\t\t\t<section class=\"elementor-section elementor-inner-section elementor-element elementor-element-25c8f5b elementor-section-boxed elementor-section-height-default elementor-section-height-default\" data-id=\"25c8f5b\" data-element_type=\"section\" data-e-type=\"section\">\n\t\t\t\t\t\t<div class=\"elementor-container elementor-column-gap-default\">\n\t\t\t\t\t<div class=\"elementor-column elementor-col-50 elementor-inner-column elementor-element elementor-element-90ad964\" data-id=\"90ad964\" data-element_type=\"column\" data-e-type=\"column\">\n\t\t\t<div class=\"elementor-widget-wrap elementor-element-populated\">\n\t\t\t\t\t\t<div class=\"elementor-element elementor-element-61dba9a elementor-view-default elementor-widget elementor-widget-icon\" data-id=\"61dba9a\" data-element_type=\"widget\" data-e-type=\"widget\" data-widget_type=\"icon.default\">\n\t\t\t\t<div class=\"elementor-widget-container\">\n\t\t\t\t\t\t\t<div class=\"elementor-icon-wrapper\">\n\t\t\t<a class=\"elementor-icon\" href=\"https:\/\/www.lichen.pl\/fr\/rekolekcje-rok-2026\/\">\n\t\t\t<i aria-hidden=\"true\" class=\"far fa-calendar-check\"><\/i>\t\t\t<\/a>\n\t\t<\/div>\n\t\t\t\t\t\t<\/div>\n\t\t\t\t<\/div>\n\t\t\t\t\t<\/div>\n\t\t<\/div>\n\t\t\t\t<div class=\"elementor-column elementor-col-50 elementor-inner-column elementor-element elementor-element-47818f6\" data-id=\"47818f6\" data-element_type=\"column\" data-e-type=\"column\">\n\t\t\t<div class=\"elementor-widget-wrap elementor-element-populated\">\n\t\t\t\t\t\t<div class=\"elementor-element elementor-element-53e622e elementor-widget elementor-widget-text-editor\" data-id=\"53e622e\" data-element_type=\"widget\" data-e-type=\"widget\" data-widget_type=\"text-editor.default\">\n\t\t\t\t<div class=\"elementor-widget-container\">\n\t\t\t\t\t\t\t\t\t<p><span style=\"color: #333399;\">Przejd\u017a do kalendarza rekolekcji 2026 r.<\/span><\/p>\t\t\t\t\t\t\t\t<\/div>\n\t\t\t\t<\/div>\n\t\t\t\t<div class=\"elementor-element elementor-element-44a294a elementor-widget-divider--view-line elementor-widget elementor-widget-divider\" data-id=\"44a294a\" data-element_type=\"widget\" data-e-type=\"widget\" data-widget_type=\"divider.default\">\n\t\t\t\t<div class=\"elementor-widget-container\">\n\t\t\t\t\t\t\t<div class=\"elementor-divider\">\n\t\t\t<span class=\"elementor-divider-separator\">\n\t\t\t\t\t\t<\/span>\n\t\t<\/div>\n\t\t\t\t\t\t<\/div>\n\t\t\t\t<\/div>\n\t\t\t\t\t<\/div>\n\t\t<\/div>\n\t\t\t\t\t<\/div>\n\t\t<\/section>\n\t\t\t\t\t<\/div>\n\t\t<\/div>\n\t\t\t\t\t<\/div>\n\t\t<\/section>\n\t\t\t\t<\/div>","protected":false},"excerpt":{"rendered":"<p>ucze\u0144 chrystusa w \u015bwiecie wirtualnym &#8220;w meandrach internetu&#8221; Internet, a ostatnio\u00a0tak\u017ce sztuczna inteligencja, sta\u0142y si\u0119 dzi\u015b przestrzeni\u0105, w kt\u00f3rej sp\u0119dzamy znaczn\u0105 cz\u0119\u015b\u0107 naszego \u017cycia. Nie tylko szukamy tam informacji, ale tak\u017ce budujemy relacje, dzielimy si\u0119 emocjami i pogl\u0105dami. W zwi\u0105zku z tym rodz\u0105 si\u0119 nierzadko pytania m.in. czy w tej cyfrowej rzeczywisto\u015bci wiara jest jeszcze [&hellip;]<\/p>\n","protected":false},"author":7,"featured_media":0,"parent":0,"menu_order":0,"comment_status":"closed","ping_status":"closed","template":"","meta":{"footnotes":""},"class_list":["post-97978","page","type-page","status-publish","hentry","wpbf-post"],"yoast_head":"<!-- This site is optimized with the Yoast SEO plugin v27.4 - https:\/\/yoast.com\/product\/yoast-seo-wordpress\/ -->\n<title>Ucze\u0144 Chrystusa w \u015bwiecie wirtualnym &quot;W meandrach Internetu&quot; - SANKTUARIUM W LICHENIU<\/title>\n<meta name=\"robots\" content=\"index, follow, max-snippet:-1, max-image-preview:large, max-video-preview:-1\" \/>\n<link rel=\"canonical\" href=\"https:\/\/www.lichen.pl\/fr\/uczen-chrystusa-w-swiecie-wirtualnym-w-meandrach-internetu\/\" \/>\n<meta property=\"og:locale\" content=\"fr_FR\" \/>\n<meta property=\"og:type\" content=\"article\" \/>\n<meta property=\"og:title\" content=\"Ucze\u0144 Chrystusa w \u015bwiecie wirtualnym &quot;W meandrach Internetu&quot; - SANKTUARIUM W LICHENIU\" \/>\n<meta property=\"og:description\" content=\"ucze\u0144 chrystusa w \u015bwiecie wirtualnym &#8220;w meandrach internetu&#8221; Internet, a ostatnio\u00a0tak\u017ce sztuczna inteligencja, sta\u0142y si\u0119 dzi\u015b przestrzeni\u0105, w kt\u00f3rej sp\u0119dzamy znaczn\u0105 cz\u0119\u015b\u0107 naszego \u017cycia. Nie tylko szukamy tam informacji, ale tak\u017ce budujemy relacje, dzielimy si\u0119 emocjami i pogl\u0105dami. W zwi\u0105zku z tym rodz\u0105 si\u0119 nierzadko pytania m.in. czy w tej cyfrowej rzeczywisto\u015bci wiara jest jeszcze [&hellip;]\" \/>\n<meta property=\"og:url\" content=\"https:\/\/www.lichen.pl\/fr\/uczen-chrystusa-w-swiecie-wirtualnym-w-meandrach-internetu\/\" \/>\n<meta property=\"og:site_name\" content=\"SANKTUARIUM W LICHENIU\" \/>\n<meta property=\"article:modified_time\" content=\"2026-03-13T13:01:30+00:00\" \/>\n<meta name=\"twitter:card\" content=\"summary_large_image\" \/>\n<meta name=\"twitter:label1\" content=\"Dur\u00e9e de lecture estim\u00e9e\" \/>\n\t<meta name=\"twitter:data1\" content=\"2 minutes\" \/>\n<script type=\"application\/ld+json\" class=\"yoast-schema-graph\">{\"@context\":\"https:\\\/\\\/schema.org\",\"@graph\":[{\"@type\":\"WebPage\",\"@id\":\"https:\\\/\\\/www.lichen.pl\\\/uczen-chrystusa-w-swiecie-wirtualnym-w-meandrach-internetu\\\/\",\"url\":\"https:\\\/\\\/www.lichen.pl\\\/uczen-chrystusa-w-swiecie-wirtualnym-w-meandrach-internetu\\\/\",\"name\":\"Ucze\u0144 Chrystusa w \u015bwiecie wirtualnym \\\"W meandrach Internetu\\\" - SANKTUARIUM W LICHENIU\",\"isPartOf\":{\"@id\":\"https:\\\/\\\/www.lichen.pl\\\/fr\\\/#website\"},\"datePublished\":\"2026-03-13T12:58:55+00:00\",\"dateModified\":\"2026-03-13T13:01:30+00:00\",\"breadcrumb\":{\"@id\":\"https:\\\/\\\/www.lichen.pl\\\/uczen-chrystusa-w-swiecie-wirtualnym-w-meandrach-internetu\\\/#breadcrumb\"},\"inLanguage\":\"fr-FR\",\"potentialAction\":[{\"@type\":\"ReadAction\",\"target\":[\"https:\\\/\\\/www.lichen.pl\\\/uczen-chrystusa-w-swiecie-wirtualnym-w-meandrach-internetu\\\/\"]}]},{\"@type\":\"BreadcrumbList\",\"@id\":\"https:\\\/\\\/www.lichen.pl\\\/uczen-chrystusa-w-swiecie-wirtualnym-w-meandrach-internetu\\\/#breadcrumb\",\"itemListElement\":[{\"@type\":\"ListItem\",\"position\":1,\"name\":\"Strona g\u0142\u00f3wna\",\"item\":\"https:\\\/\\\/www.lichen.pl\\\/\"},{\"@type\":\"ListItem\",\"position\":2,\"name\":\"Ucze\u0144 Chrystusa w \u015bwiecie wirtualnym &#8220;W meandrach Internetu&#8221;\"}]},{\"@type\":\"WebSite\",\"@id\":\"https:\\\/\\\/www.lichen.pl\\\/fr\\\/#website\",\"url\":\"https:\\\/\\\/www.lichen.pl\\\/fr\\\/\",\"name\":\"SANKTUARIUM W LICHENIU\",\"description\":\"MATKI BO\u017bEJ LICHE\u0143SKIEJ BOLESNEJ KR\u00d3LOWEJ POLSKI\",\"potentialAction\":[{\"@type\":\"SearchAction\",\"target\":{\"@type\":\"EntryPoint\",\"urlTemplate\":\"https:\\\/\\\/www.lichen.pl\\\/fr\\\/?s={search_term_string}\"},\"query-input\":{\"@type\":\"PropertyValueSpecification\",\"valueRequired\":true,\"valueName\":\"search_term_string\"}}],\"inLanguage\":\"fr-FR\"}]}<\/script>\n<!-- \/ Yoast SEO plugin. -->","yoast_head_json":{"title":"Ucze\u0144 Chrystusa w \u015bwiecie wirtualnym \"W meandrach Internetu\" - SANKTUARIUM W LICHENIU","robots":{"index":"index","follow":"follow","max-snippet":"max-snippet:-1","max-image-preview":"max-image-preview:large","max-video-preview":"max-video-preview:-1"},"canonical":"https:\/\/www.lichen.pl\/fr\/uczen-chrystusa-w-swiecie-wirtualnym-w-meandrach-internetu\/","og_locale":"fr_FR","og_type":"article","og_title":"Ucze\u0144 Chrystusa w \u015bwiecie wirtualnym \"W meandrach Internetu\" - SANKTUARIUM W LICHENIU","og_description":"ucze\u0144 chrystusa w \u015bwiecie wirtualnym &#8220;w meandrach internetu&#8221; Internet, a ostatnio\u00a0tak\u017ce sztuczna inteligencja, sta\u0142y si\u0119 dzi\u015b przestrzeni\u0105, w kt\u00f3rej sp\u0119dzamy znaczn\u0105 cz\u0119\u015b\u0107 naszego \u017cycia. Nie tylko szukamy tam informacji, ale tak\u017ce budujemy relacje, dzielimy si\u0119 emocjami i pogl\u0105dami. W zwi\u0105zku z tym rodz\u0105 si\u0119 nierzadko pytania m.in. czy w tej cyfrowej rzeczywisto\u015bci wiara jest jeszcze [&hellip;]","og_url":"https:\/\/www.lichen.pl\/fr\/uczen-chrystusa-w-swiecie-wirtualnym-w-meandrach-internetu\/","og_site_name":"SANKTUARIUM W LICHENIU","article_modified_time":"2026-03-13T13:01:30+00:00","twitter_card":"summary_large_image","twitter_misc":{"Dur\u00e9e de lecture estim\u00e9e":"2 minutes"},"schema":{"@context":"https:\/\/schema.org","@graph":[{"@type":"WebPage","@id":"https:\/\/www.lichen.pl\/uczen-chrystusa-w-swiecie-wirtualnym-w-meandrach-internetu\/","url":"https:\/\/www.lichen.pl\/uczen-chrystusa-w-swiecie-wirtualnym-w-meandrach-internetu\/","name":"Ucze\u0144 Chrystusa w \u015bwiecie wirtualnym \"W meandrach Internetu\" - SANKTUARIUM W LICHENIU","isPartOf":{"@id":"https:\/\/www.lichen.pl\/fr\/#website"},"datePublished":"2026-03-13T12:58:55+00:00","dateModified":"2026-03-13T13:01:30+00:00","breadcrumb":{"@id":"https:\/\/www.lichen.pl\/uczen-chrystusa-w-swiecie-wirtualnym-w-meandrach-internetu\/#breadcrumb"},"inLanguage":"fr-FR","potentialAction":[{"@type":"ReadAction","target":["https:\/\/www.lichen.pl\/uczen-chrystusa-w-swiecie-wirtualnym-w-meandrach-internetu\/"]}]},{"@type":"BreadcrumbList","@id":"https:\/\/www.lichen.pl\/uczen-chrystusa-w-swiecie-wirtualnym-w-meandrach-internetu\/#breadcrumb","itemListElement":[{"@type":"ListItem","position":1,"name":"Strona g\u0142\u00f3wna","item":"https:\/\/www.lichen.pl\/"},{"@type":"ListItem","position":2,"name":"Ucze\u0144 Chrystusa w \u015bwiecie wirtualnym &#8220;W meandrach Internetu&#8221;"}]},{"@type":"WebSite","@id":"https:\/\/www.lichen.pl\/fr\/#website","url":"https:\/\/www.lichen.pl\/fr\/","name":"SANCTUAIRE EN LICHENIE","description":"LA MAUVAISE REINE DE POLOGNE DE NOTRE LICHEN","potentialAction":[{"@type":"SearchAction","target":{"@type":"EntryPoint","urlTemplate":"https:\/\/www.lichen.pl\/fr\/?s={search_term_string}"},"query-input":{"@type":"PropertyValueSpecification","valueRequired":true,"valueName":"search_term_string"}}],"inLanguage":"fr-FR"}]}},"_links":{"self":[{"href":"https:\/\/www.lichen.pl\/fr\/wp-json\/wp\/v2\/pages\/97978","targetHints":{"allow":["GET"]}}],"collection":[{"href":"https:\/\/www.lichen.pl\/fr\/wp-json\/wp\/v2\/pages"}],"about":[{"href":"https:\/\/www.lichen.pl\/fr\/wp-json\/wp\/v2\/types\/page"}],"author":[{"embeddable":true,"href":"https:\/\/www.lichen.pl\/fr\/wp-json\/wp\/v2\/users\/7"}],"replies":[{"embeddable":true,"href":"https:\/\/www.lichen.pl\/fr\/wp-json\/wp\/v2\/comments?post=97978"}],"version-history":[{"count":4,"href":"https:\/\/www.lichen.pl\/fr\/wp-json\/wp\/v2\/pages\/97978\/revisions"}],"predecessor-version":[{"id":97982,"href":"https:\/\/www.lichen.pl\/fr\/wp-json\/wp\/v2\/pages\/97978\/revisions\/97982"}],"wp:attachment":[{"href":"https:\/\/www.lichen.pl\/fr\/wp-json\/wp\/v2\/media?parent=97978"}],"curies":[{"name":"wp","href":"https:\/\/api.w.org\/{rel}","templated":true}]}}