{"id":18181,"date":"2021-07-09T09:11:51","date_gmt":"2021-07-09T09:11:51","guid":{"rendered":"http:\/\/www.lichen.pl\/?page_id=18181"},"modified":"2022-08-11T10:55:23","modified_gmt":"2022-08-11T08:55:23","slug":"koronacja-obrazu-matki-bozej-lichenskiej","status":"publish","type":"page","link":"https:\/\/www.lichen.pl\/it\/koronacja-obrazu-matki-bozej-lichenskiej\/","title":{"rendered":"Incoronazione dell&#039;immagine della Madonna del Lichene"},"content":{"rendered":"<div data-elementor-type=\"wp-page\" data-elementor-id=\"18181\" class=\"elementor elementor-18181\" data-elementor-post-type=\"page\">\n\t\t\t\t\t\t<section class=\"elementor-section elementor-top-section elementor-element elementor-element-5945095 elementor-section-boxed elementor-section-height-default elementor-section-height-default\" data-id=\"5945095\" data-element_type=\"section\" data-e-type=\"section\">\n\t\t\t\t\t\t<div class=\"elementor-container elementor-column-gap-default\">\n\t\t\t\t\t<div class=\"elementor-column elementor-col-100 elementor-top-column elementor-element elementor-element-6f5d876\" data-id=\"6f5d876\" data-element_type=\"column\" data-e-type=\"column\">\n\t\t\t<div class=\"elementor-widget-wrap elementor-element-populated\">\n\t\t\t\t\t\t<div class=\"elementor-element elementor-element-691334b elementor-widget elementor-widget-text-editor\" data-id=\"691334b\" data-element_type=\"widget\" data-e-type=\"widget\" data-widget_type=\"text-editor.default\">\n\t\t\t\t<div class=\"elementor-widget-container\">\n\t\t\t\t\t\t\t\t\t<p>In connessione con la celebrazione nazionale del giubileo del millennio del Battesimo della Polonia nel 1966, l&#039;Episcopato Polacco ha inviato una richiesta a Papa Paolo VI per un decreto di incoronazione dell&#039;Immagine Miracolosa di Nostra Signora di Liche\u0144. Il Papa eman\u00f2 un tale decreto e l&#039;incoronazione fu fatta il 15 agosto 1967 dal Venerabile Servo di Dio, il Cardinale Stefan Wyszy\u0144ski, il Primate di Polonia. La corona concessa dal decreto del papa \u00e8 chiamata corona papale. All&#039;incoronazione hanno partecipato oltre 20 vescovi, numerosi sacerdoti, religiosi e un gran numero di fedeli. Davanti alla chiesa di S. Dorothy, sulla destra, c&#039;\u00e8 un altare commemorativo dell&#039;incoronazione che domina la piazza, dove in quel momento si radunavano circa 100.000 persone. La decisione di incoronare l&#039;Immagine della Madonna del Lichene \u00e8 stata presa a causa del culto dell&#039;immagine dei fedeli.<\/p>\t\t\t\t\t\t\t\t<\/div>\n\t\t\t\t<\/div>\n\t\t\t\t<section class=\"elementor-section elementor-inner-section elementor-element elementor-element-c9d4aa8 elementor-section-boxed elementor-section-height-default elementor-section-height-default\" data-id=\"c9d4aa8\" data-element_type=\"section\" data-e-type=\"section\">\n\t\t\t\t\t\t<div class=\"elementor-container elementor-column-gap-default\">\n\t\t\t\t\t<div class=\"elementor-column elementor-col-50 elementor-inner-column elementor-element elementor-element-a494a72\" data-id=\"a494a72\" data-element_type=\"column\" data-e-type=\"column\">\n\t\t\t<div class=\"elementor-widget-wrap elementor-element-populated\">\n\t\t\t\t\t\t<div class=\"elementor-element elementor-element-95ba751 elementor-widget elementor-widget-image\" data-id=\"95ba751\" data-element_type=\"widget\" data-e-type=\"widget\" data-widget_type=\"image.default\">\n\t\t\t\t<div class=\"elementor-widget-container\">\n\t\t\t\t\t\t\t\t\t\t\t\t\t\t\t<img fetchpriority=\"high\" decoding=\"async\" width=\"320\" height=\"479\" src=\"https:\/\/www.lichen.pl\/wp-content\/uploads\/2021\/07\/2-Koronacja-1967.jpg\" class=\"attachment-medium_large size-medium_large wp-image-18285\" alt=\"\" srcset=\"https:\/\/www.lichen.pl\/wp-content\/uploads\/2021\/07\/2-Koronacja-1967.jpg 320w, https:\/\/www.lichen.pl\/wp-content\/uploads\/2021\/07\/2-Koronacja-1967-200x300.jpg 200w\" sizes=\"(max-width: 320px) 100vw, 320px\" \/>\t\t\t\t\t\t\t\t\t\t\t\t\t\t\t<\/div>\n\t\t\t\t<\/div>\n\t\t\t\t\t<\/div>\n\t\t<\/div>\n\t\t\t\t<div class=\"elementor-column elementor-col-50 elementor-inner-column elementor-element elementor-element-ba3a81a\" data-id=\"ba3a81a\" data-element_type=\"column\" data-e-type=\"column\">\n\t\t\t<div class=\"elementor-widget-wrap elementor-element-populated\">\n\t\t\t\t\t\t<div class=\"elementor-element elementor-element-33dda78 elementor-blockquote--align-center elementor-blockquote--skin-border elementor-widget elementor-widget-blockquote\" data-id=\"33dda78\" data-element_type=\"widget\" data-e-type=\"widget\" data-widget_type=\"blockquote.default\">\n\t\t\t\t<div class=\"elementor-widget-container\">\n\t\t\t\t\t\t\t<blockquote class=\"elementor-blockquote\">\n\t\t\t<p class=\"elementor-blockquote__content\">\n\t\t\t\tIl mondo ha bisogno di una Madre! La madre di Ges\u00f9 Cristo ha previsto l&#039;anelito della famiglia umana e perci\u00f2 ha cantato nel Magnificat: D&#039;ora in poi tutte le nazioni mi chiameranno beata. \u00c8 significativo che pi\u00f9 le persone ora sembrano deviare da Dio, pi\u00f9 Maria si mostra all&#039;orizzonte del ventesimo secolo.\t\t\t<\/p>\n\t\t\t\t\t\t\t<div class=\"e-q-footer\">\n\t\t\t\t\t\t\t\t\t\t\t<cite class=\"elementor-blockquote__author\">FR. Il Cardinale Stefan Wyszy\u0144ski, Primate di Polonia, stralcio dell&#039;omelia pronunciata durante la Santa Messa. incoronazione, 15 agosto 1967  <\/cite>\n\t\t\t\t\t\t\t\t\t\t\t\t\t\t<\/div>\n\t\t\t\t\t<\/blockquote>\n\t\t\t\t\t\t<\/div>\n\t\t\t\t<\/div>\n\t\t\t\t\t<\/div>\n\t\t<\/div>\n\t\t\t\t\t<\/div>\n\t\t<\/section>\n\t\t\t\t<div class=\"elementor-element elementor-element-6f9008b elementor-widget elementor-widget-text-editor\" data-id=\"6f9008b\" data-element_type=\"widget\" data-e-type=\"widget\" data-widget_type=\"text-editor.default\">\n\t\t\t\t<div class=\"elementor-widget-container\">\n\t\t\t\t\t\t\t\t\t<p>Le cerimonie di incoronazione sono iniziate alle 11.30. Dopo che il dipinto fu posto sulla mensa dell&#039;altare, p. Antoni Paw\u0142owski, vescovo ordinario della diocesi di W\u0142oc\u0142awek, ad accogliere gli illustri ospiti, poi p. il canonico di \u0141asa lesse il decreto di incoronazione del Santo Padre. Paolo VI. Con il coro che canta &quot;Rallegrati, regina, bella&quot;, i quattro incoronatori, vale a dire: p. Il cardinale Stefan Wyszy\u0144ski, primate di Polonia, p. Mons. Antoni Paw\u0142owski, p. L&#039;arcivescovo Antoni Baraniak e p. Il vescovo Guglielmo Pluta, indossando mantello dorato, mitra e pastorale in mano, procedette a consacrare e incensare la corona papale. Quando la corona fu posta sulla santa Immagine, il solenne silenzio fu rotto dal magnifico squillo della tromba dell&#039;orchestra, e una campana trionfante suon\u00f2 dal campanile della chiesa.<\/p><p>Nel giorno dell&#039;incoronazione dell&#039;Immagine Miracolosa della Madonna di Liche\u0144, il Primate di Polonia, il card. Stefan Wyszy\u0144ski ha tenuto due sermoni. Il primo a messa. con la partecipazione dei giovani alle ore 10.00, presieduta da p. Vescovo Bogdan Sikorski di P\u0142ock, e l&#039;altro durante la Santa Messa. alle 12.00 con la partecipazione di tutti i fedeli.<\/p>\t\t\t\t\t\t\t\t<\/div>\n\t\t\t\t<\/div>\n\t\t\t\t<section class=\"elementor-section elementor-inner-section elementor-element elementor-element-d972dd6 elementor-section-boxed elementor-section-height-default elementor-section-height-default\" data-id=\"d972dd6\" data-element_type=\"section\" data-e-type=\"section\">\n\t\t\t\t\t\t<div class=\"elementor-container elementor-column-gap-default\">\n\t\t\t\t\t<div class=\"elementor-column elementor-col-50 elementor-inner-column elementor-element elementor-element-2a58cf1\" data-id=\"2a58cf1\" data-element_type=\"column\" data-e-type=\"column\">\n\t\t\t<div class=\"elementor-widget-wrap elementor-element-populated\">\n\t\t\t\t\t\t<div class=\"elementor-element elementor-element-054a232 elementor-widget elementor-widget-text-editor\" data-id=\"054a232\" data-element_type=\"widget\" data-e-type=\"widget\" data-widget_type=\"text-editor.default\">\n\t\t\t\t<div class=\"elementor-widget-container\">\n\t\t\t\t\t\t\t\t\t<p>L&#039;Incoronazione di Liche\u0144 fu un grande raduno religioso che super\u00f2 tutti i precedenti e rese famoso il Santuario oltre le immediate vicinanze. I preparativi per la cerimonia dell&#039;incoronazione hanno contribuito all&#039;organizzazione dell&#039;ambiente della chiesa e al suo adattamento all&#039;accoglienza dei pellegrini. C&#039;era allora una chiesa gravemente danneggiata su una bassa collina, con un piccolo presbiterio fatiscente. C&#039;era anche una cappella completamente in rovina nel cimitero, mucchi di alberi in decomposizione, una staccionata marcia. Fino all&#039;incoronazione, il lichene era conosciuto solo nella diocesi di W\u0142oc\u0142awek. Non appena l&#039;Immagine Miracolosa fu incoronata, i pellegrini provenienti da tutta la Polonia e dall&#039;estero iniziarono ad affluire al Santuario di Liche\u0144.<\/p>\t\t\t\t\t\t\t\t<\/div>\n\t\t\t\t<\/div>\n\t\t\t\t<div class=\"elementor-element elementor-element-b01a8c4 elementor-widget elementor-widget-text-editor\" data-id=\"b01a8c4\" data-element_type=\"widget\" data-e-type=\"widget\" data-widget_type=\"text-editor.default\">\n\t\t\t\t<div class=\"elementor-widget-container\">\n\t\t\t\t\t\t\t\t\t<p>Prima dell&#039;incoronazione, il dipinto \u00e8 stato messo in conservazione a Varsavia. L&#039;abito d&#039;argento che aveva nascosto gli elementi nazionali - l&#039;aquila e l&#039;iscrizione - \u00e8 stato nascosto agli occhi dei poteri divisori dalla caduta della rivolta di gennaio. Alla Madonna \u00e8 stata data una veste e una corona nuove. L&#039;immagine \u00e8 stata inserita in una cornice dorata con otto aquile polacche scolpite. Ci sono stemmi: papale, primate, mariano e lichene. Lo sfondo \u00e8 rivestito di porpora reale.<\/p><p>In preparazione alla cerimonia, \u00e8 stata compilata e diffusa tra molti fedeli la storia dell&#039;Immagine famosa per le sue grazie. La distinzione dell&#039;immagine con le corone papali era una sorta di sigillo dell&#039;autorit\u00e0 ecclesiastica per il culto esistente a Liche\u0144. Questo fatto pu\u00f2 essere considerato come un riconoscimento indiretto da parte delle autorit\u00e0 ecclesiastiche delle apparizioni legate alla pittura locale. L&#039;incoronazione apre una nuova tappa nella storia del Santuario.<\/p>\t\t\t\t\t\t\t\t<\/div>\n\t\t\t\t<\/div>\n\t\t\t\t\t<\/div>\n\t\t<\/div>\n\t\t\t\t<div class=\"elementor-column elementor-col-50 elementor-inner-column elementor-element elementor-element-4e278d7\" data-id=\"4e278d7\" data-element_type=\"column\" data-e-type=\"column\">\n\t\t\t<div class=\"elementor-widget-wrap elementor-element-populated\">\n\t\t\t\t\t\t<div class=\"elementor-element elementor-element-94728da elementor-widget elementor-widget-image\" data-id=\"94728da\" data-element_type=\"widget\" data-e-type=\"widget\" data-widget_type=\"image.default\">\n\t\t\t\t<div class=\"elementor-widget-container\">\n\t\t\t\t\t\t\t\t\t\t\t\t\t\t\t<img decoding=\"async\" width=\"768\" height=\"1153\" src=\"https:\/\/www.lichen.pl\/wp-content\/uploads\/2021\/07\/1-Koronacja-1967-768x1153.jpg\" class=\"attachment-medium_large size-medium_large wp-image-18290\" alt=\"\" srcset=\"https:\/\/www.lichen.pl\/wp-content\/uploads\/2021\/07\/1-Koronacja-1967-768x1153.jpg 768w, https:\/\/www.lichen.pl\/wp-content\/uploads\/2021\/07\/1-Koronacja-1967-200x300.jpg 200w, https:\/\/www.lichen.pl\/wp-content\/uploads\/2021\/07\/1-Koronacja-1967-682x1024.jpg 682w, https:\/\/www.lichen.pl\/wp-content\/uploads\/2021\/07\/1-Koronacja-1967.jpg 799w\" sizes=\"(max-width: 768px) 100vw, 768px\" \/>\t\t\t\t\t\t\t\t\t\t\t\t\t\t\t<\/div>\n\t\t\t\t<\/div>\n\t\t\t\t\t<\/div>\n\t\t<\/div>\n\t\t\t\t\t<\/div>\n\t\t<\/section>\n\t\t\t\t\t<\/div>\n\t\t<\/div>\n\t\t\t\t\t<\/div>\n\t\t<\/section>\n\t\t\t\t<section class=\"elementor-section elementor-top-section elementor-element elementor-element-d9f887f elementor-section-boxed elementor-section-height-default elementor-section-height-default\" data-id=\"d9f887f\" data-element_type=\"section\" data-e-type=\"section\">\n\t\t\t\t\t\t<div class=\"elementor-container elementor-column-gap-default\">\n\t\t\t\t\t<div class=\"elementor-column elementor-col-100 elementor-top-column elementor-element elementor-element-488ddde\" data-id=\"488ddde\" data-element_type=\"column\" data-e-type=\"column\">\n\t\t\t<div class=\"elementor-widget-wrap elementor-element-populated\">\n\t\t\t\t\t\t<div class=\"elementor-element elementor-element-55857b8 elementor-widget-divider--view-line elementor-widget elementor-widget-divider\" data-id=\"55857b8\" data-element_type=\"widget\" data-e-type=\"widget\" data-widget_type=\"divider.default\">\n\t\t\t\t<div class=\"elementor-widget-container\">\n\t\t\t\t\t\t\t<div class=\"elementor-divider\">\n\t\t\t<span class=\"elementor-divider-separator\">\n\t\t\t\t\t\t<\/span>\n\t\t<\/div>\n\t\t\t\t\t\t<\/div>\n\t\t\t\t<\/div>\n\t\t\t\t\t<\/div>\n\t\t<\/div>\n\t\t\t\t\t<\/div>\n\t\t<\/section>\n\t\t\t\t<\/div>","protected":false},"excerpt":{"rendered":"<p>W zwi\u0105zku z og\u00f3lnopolskimi obchodami jubileuszu Tysi\u0105clecia Chrztu Polski w 1966 roku Episkopat Polski skierowa\u0142 wniosek do papie\u017ca Paw\u0142a VI o wydanie dekretu koronacyjnego dla Cudownego Wizerunku Matki Bo\u017cej Liche\u0144skiej. Papie\u017c taki dekret wyda\u0142, a koronacji dokona\u0142 15 sierpnia 1967 roku Czcigodny S\u0142uga Bo\u017cy, kardyna\u0142 Stefan Wyszy\u0144ski, prymas Polski. Korona nadana na mocy dekretu papie\u017ca [&hellip;]<\/p>\n","protected":false},"author":2,"featured_media":0,"parent":0,"menu_order":0,"comment_status":"closed","ping_status":"closed","template":"","meta":{"footnotes":""},"class_list":["post-18181","page","type-page","status-publish","hentry","wpbf-post"],"yoast_head":"<!-- This site is optimized with the Yoast SEO plugin v27.4 - https:\/\/yoast.com\/product\/yoast-seo-wordpress\/ -->\n<title>Koronacja obrazu Matki Bo\u017cej Liche\u0144skiej - SANKTUARIUM W LICHENIU<\/title>\n<meta name=\"robots\" content=\"index, follow, max-snippet:-1, max-image-preview:large, max-video-preview:-1\" \/>\n<link rel=\"canonical\" href=\"https:\/\/www.lichen.pl\/it\/koronacja-obrazu-matki-bozej-lichenskiej\/\" \/>\n<meta property=\"og:locale\" content=\"it_IT\" \/>\n<meta property=\"og:type\" content=\"article\" \/>\n<meta property=\"og:title\" content=\"Koronacja obrazu Matki Bo\u017cej Liche\u0144skiej - SANKTUARIUM W LICHENIU\" \/>\n<meta property=\"og:description\" content=\"W zwi\u0105zku z og\u00f3lnopolskimi obchodami jubileuszu Tysi\u0105clecia Chrztu Polski w 1966 roku Episkopat Polski skierowa\u0142 wniosek do papie\u017ca Paw\u0142a VI o wydanie dekretu koronacyjnego dla Cudownego Wizerunku Matki Bo\u017cej Liche\u0144skiej. Papie\u017c taki dekret wyda\u0142, a koronacji dokona\u0142 15 sierpnia 1967 roku Czcigodny S\u0142uga Bo\u017cy, kardyna\u0142 Stefan Wyszy\u0144ski, prymas Polski. Korona nadana na mocy dekretu papie\u017ca [&hellip;]\" \/>\n<meta property=\"og:url\" content=\"https:\/\/www.lichen.pl\/it\/koronacja-obrazu-matki-bozej-lichenskiej\/\" \/>\n<meta property=\"og:site_name\" content=\"SANKTUARIUM W LICHENIU\" \/>\n<meta property=\"article:modified_time\" content=\"2022-08-11T08:55:23+00:00\" \/>\n<meta property=\"og:image\" content=\"https:\/\/www.lichen.pl\/wp-content\/uploads\/2021\/07\/2-Koronacja-1967.jpg\" \/>\n<meta name=\"twitter:card\" content=\"summary_large_image\" \/>\n<meta name=\"twitter:label1\" content=\"Tempo di lettura stimato\" \/>\n\t<meta name=\"twitter:data1\" content=\"4 minuti\" \/>\n<script type=\"application\/ld+json\" class=\"yoast-schema-graph\">{\"@context\":\"https:\\\/\\\/schema.org\",\"@graph\":[{\"@type\":\"WebPage\",\"@id\":\"https:\\\/\\\/www.lichen.pl\\\/koronacja-obrazu-matki-bozej-lichenskiej\\\/\",\"url\":\"https:\\\/\\\/www.lichen.pl\\\/koronacja-obrazu-matki-bozej-lichenskiej\\\/\",\"name\":\"Koronacja obrazu Matki Bo\u017cej Liche\u0144skiej - SANKTUARIUM W LICHENIU\",\"isPartOf\":{\"@id\":\"https:\\\/\\\/www.lichen.pl\\\/fr\\\/#website\"},\"primaryImageOfPage\":{\"@id\":\"https:\\\/\\\/www.lichen.pl\\\/koronacja-obrazu-matki-bozej-lichenskiej\\\/#primaryimage\"},\"image\":{\"@id\":\"https:\\\/\\\/www.lichen.pl\\\/koronacja-obrazu-matki-bozej-lichenskiej\\\/#primaryimage\"},\"thumbnailUrl\":\"https:\\\/\\\/www.lichen.pl\\\/wp-content\\\/uploads\\\/2021\\\/07\\\/2-Koronacja-1967.jpg\",\"datePublished\":\"2021-07-09T09:11:51+00:00\",\"dateModified\":\"2022-08-11T08:55:23+00:00\",\"breadcrumb\":{\"@id\":\"https:\\\/\\\/www.lichen.pl\\\/koronacja-obrazu-matki-bozej-lichenskiej\\\/#breadcrumb\"},\"inLanguage\":\"it-IT\",\"potentialAction\":[{\"@type\":\"ReadAction\",\"target\":[\"https:\\\/\\\/www.lichen.pl\\\/koronacja-obrazu-matki-bozej-lichenskiej\\\/\"]}]},{\"@type\":\"ImageObject\",\"inLanguage\":\"it-IT\",\"@id\":\"https:\\\/\\\/www.lichen.pl\\\/koronacja-obrazu-matki-bozej-lichenskiej\\\/#primaryimage\",\"url\":\"https:\\\/\\\/www.lichen.pl\\\/wp-content\\\/uploads\\\/2021\\\/07\\\/2-Koronacja-1967.jpg\",\"contentUrl\":\"https:\\\/\\\/www.lichen.pl\\\/wp-content\\\/uploads\\\/2021\\\/07\\\/2-Koronacja-1967.jpg\"},{\"@type\":\"BreadcrumbList\",\"@id\":\"https:\\\/\\\/www.lichen.pl\\\/koronacja-obrazu-matki-bozej-lichenskiej\\\/#breadcrumb\",\"itemListElement\":[{\"@type\":\"ListItem\",\"position\":1,\"name\":\"Strona g\u0142\u00f3wna\",\"item\":\"https:\\\/\\\/www.lichen.pl\\\/\"},{\"@type\":\"ListItem\",\"position\":2,\"name\":\"Koronacja obrazu Matki Bo\u017cej Liche\u0144skiej\"}]},{\"@type\":\"WebSite\",\"@id\":\"https:\\\/\\\/www.lichen.pl\\\/fr\\\/#website\",\"url\":\"https:\\\/\\\/www.lichen.pl\\\/fr\\\/\",\"name\":\"SANKTUARIUM W LICHENIU\",\"description\":\"MATKI BO\u017bEJ LICHE\u0143SKIEJ BOLESNEJ KR\u00d3LOWEJ POLSKI\",\"potentialAction\":[{\"@type\":\"SearchAction\",\"target\":{\"@type\":\"EntryPoint\",\"urlTemplate\":\"https:\\\/\\\/www.lichen.pl\\\/fr\\\/?s={search_term_string}\"},\"query-input\":{\"@type\":\"PropertyValueSpecification\",\"valueRequired\":true,\"valueName\":\"search_term_string\"}}],\"inLanguage\":\"it-IT\"}]}<\/script>\n<!-- \/ Yoast SEO plugin. -->","yoast_head_json":{"title":"Koronacja obrazu Matki Bo\u017cej Liche\u0144skiej - SANKTUARIUM W LICHENIU","robots":{"index":"index","follow":"follow","max-snippet":"max-snippet:-1","max-image-preview":"max-image-preview:large","max-video-preview":"max-video-preview:-1"},"canonical":"https:\/\/www.lichen.pl\/it\/koronacja-obrazu-matki-bozej-lichenskiej\/","og_locale":"it_IT","og_type":"article","og_title":"Koronacja obrazu Matki Bo\u017cej Liche\u0144skiej - SANKTUARIUM W LICHENIU","og_description":"W zwi\u0105zku z og\u00f3lnopolskimi obchodami jubileuszu Tysi\u0105clecia Chrztu Polski w 1966 roku Episkopat Polski skierowa\u0142 wniosek do papie\u017ca Paw\u0142a VI o wydanie dekretu koronacyjnego dla Cudownego Wizerunku Matki Bo\u017cej Liche\u0144skiej. Papie\u017c taki dekret wyda\u0142, a koronacji dokona\u0142 15 sierpnia 1967 roku Czcigodny S\u0142uga Bo\u017cy, kardyna\u0142 Stefan Wyszy\u0144ski, prymas Polski. Korona nadana na mocy dekretu papie\u017ca [&hellip;]","og_url":"https:\/\/www.lichen.pl\/it\/koronacja-obrazu-matki-bozej-lichenskiej\/","og_site_name":"SANKTUARIUM W LICHENIU","article_modified_time":"2022-08-11T08:55:23+00:00","og_image":[{"url":"https:\/\/www.lichen.pl\/wp-content\/uploads\/2021\/07\/2-Koronacja-1967.jpg","type":"","width":"","height":""}],"twitter_card":"summary_large_image","twitter_misc":{"Tempo di lettura stimato":"4 minuti"},"schema":{"@context":"https:\/\/schema.org","@graph":[{"@type":"WebPage","@id":"https:\/\/www.lichen.pl\/koronacja-obrazu-matki-bozej-lichenskiej\/","url":"https:\/\/www.lichen.pl\/koronacja-obrazu-matki-bozej-lichenskiej\/","name":"Koronacja obrazu Matki Bo\u017cej Liche\u0144skiej - SANKTUARIUM W LICHENIU","isPartOf":{"@id":"https:\/\/www.lichen.pl\/fr\/#website"},"primaryImageOfPage":{"@id":"https:\/\/www.lichen.pl\/koronacja-obrazu-matki-bozej-lichenskiej\/#primaryimage"},"image":{"@id":"https:\/\/www.lichen.pl\/koronacja-obrazu-matki-bozej-lichenskiej\/#primaryimage"},"thumbnailUrl":"https:\/\/www.lichen.pl\/wp-content\/uploads\/2021\/07\/2-Koronacja-1967.jpg","datePublished":"2021-07-09T09:11:51+00:00","dateModified":"2022-08-11T08:55:23+00:00","breadcrumb":{"@id":"https:\/\/www.lichen.pl\/koronacja-obrazu-matki-bozej-lichenskiej\/#breadcrumb"},"inLanguage":"it-IT","potentialAction":[{"@type":"ReadAction","target":["https:\/\/www.lichen.pl\/koronacja-obrazu-matki-bozej-lichenskiej\/"]}]},{"@type":"ImageObject","inLanguage":"it-IT","@id":"https:\/\/www.lichen.pl\/koronacja-obrazu-matki-bozej-lichenskiej\/#primaryimage","url":"https:\/\/www.lichen.pl\/wp-content\/uploads\/2021\/07\/2-Koronacja-1967.jpg","contentUrl":"https:\/\/www.lichen.pl\/wp-content\/uploads\/2021\/07\/2-Koronacja-1967.jpg"},{"@type":"BreadcrumbList","@id":"https:\/\/www.lichen.pl\/koronacja-obrazu-matki-bozej-lichenskiej\/#breadcrumb","itemListElement":[{"@type":"ListItem","position":1,"name":"Strona g\u0142\u00f3wna","item":"https:\/\/www.lichen.pl\/"},{"@type":"ListItem","position":2,"name":"Koronacja obrazu Matki Bo\u017cej Liche\u0144skiej"}]},{"@type":"WebSite","@id":"https:\/\/www.lichen.pl\/fr\/#website","url":"https:\/\/www.lichen.pl\/fr\/","name":"SANTUARIO IN LICHENIA","description":"LA REGINA ADOLORATA DEL NOSTRO LICHENE DI POLONIA","potentialAction":[{"@type":"SearchAction","target":{"@type":"EntryPoint","urlTemplate":"https:\/\/www.lichen.pl\/fr\/?s={search_term_string}"},"query-input":{"@type":"PropertyValueSpecification","valueRequired":true,"valueName":"search_term_string"}}],"inLanguage":"it-IT"}]}},"_links":{"self":[{"href":"https:\/\/www.lichen.pl\/it\/wp-json\/wp\/v2\/pages\/18181","targetHints":{"allow":["GET"]}}],"collection":[{"href":"https:\/\/www.lichen.pl\/it\/wp-json\/wp\/v2\/pages"}],"about":[{"href":"https:\/\/www.lichen.pl\/it\/wp-json\/wp\/v2\/types\/page"}],"author":[{"embeddable":true,"href":"https:\/\/www.lichen.pl\/it\/wp-json\/wp\/v2\/users\/2"}],"replies":[{"embeddable":true,"href":"https:\/\/www.lichen.pl\/it\/wp-json\/wp\/v2\/comments?post=18181"}],"version-history":[{"count":14,"href":"https:\/\/www.lichen.pl\/it\/wp-json\/wp\/v2\/pages\/18181\/revisions"}],"predecessor-version":[{"id":44041,"href":"https:\/\/www.lichen.pl\/it\/wp-json\/wp\/v2\/pages\/18181\/revisions\/44041"}],"wp:attachment":[{"href":"https:\/\/www.lichen.pl\/it\/wp-json\/wp\/v2\/media?parent=18181"}],"curies":[{"name":"wp","href":"https:\/\/api.w.org\/{rel}","templated":true}]}}