{"id":2287,"date":"2020-09-11T10:12:16","date_gmt":"2020-09-11T10:12:16","guid":{"rendered":"http:\/\/www.lichen.pl\/o-sanktuarium\/objawienia-copy\/"},"modified":"2023-11-29T14:47:29","modified_gmt":"2023-11-29T13:47:29","slug":"sw-o-stanislaw-papczynski","status":"publish","type":"page","link":"https:\/\/www.lichen.pl\/it\/o-sanktuarium\/sw-o-stanislaw-papczynski\/","title":{"rendered":"st. Padre Stanis\u0142aw Papczy\u0144ski"},"content":{"rendered":"<div data-elementor-type=\"wp-page\" data-elementor-id=\"2287\" class=\"elementor elementor-2287\" data-elementor-post-type=\"page\">\n\t\t\t\t\t\t<section class=\"elementor-section elementor-top-section elementor-element elementor-element-2a2842b3 elementor-section-boxed elementor-section-height-default elementor-section-height-default\" data-id=\"2a2842b3\" data-element_type=\"section\" data-e-type=\"section\" data-settings=\"{&quot;background_background&quot;:&quot;classic&quot;}\">\n\t\t\t\t\t\t\t<div class=\"elementor-background-overlay\"><\/div>\n\t\t\t\t\t\t\t<div class=\"elementor-container elementor-column-gap-default\">\n\t\t\t\t\t<div class=\"elementor-column elementor-col-66 elementor-top-column elementor-element elementor-element-6ceba8a\" data-id=\"6ceba8a\" data-element_type=\"column\" data-e-type=\"column\">\n\t\t\t<div class=\"elementor-widget-wrap elementor-element-populated\">\n\t\t\t\t\t\t<div class=\"elementor-element elementor-element-65364d8c elementor-widget-divider--view-line_text elementor-widget-divider--element-align-center elementor-widget elementor-widget-divider\" data-id=\"65364d8c\" data-element_type=\"widget\" data-e-type=\"widget\" data-widget_type=\"divider.default\">\n\t\t\t\t<div class=\"elementor-widget-container\">\n\t\t\t\t\t\t\t<div class=\"elementor-divider\">\n\t\t\t<span class=\"elementor-divider-separator\">\n\t\t\t\t\t\t\t<span class=\"elementor-divider__text elementor-divider__element\">\n\t\t\t\tst. Padre Stanis\u0142aw Papczy\u0144ski\t\t\t\t<\/span>\n\t\t\t\t\t\t<\/span>\n\t\t<\/div>\n\t\t\t\t\t\t<\/div>\n\t\t\t\t<\/div>\n\t\t\t\t<section class=\"elementor-section elementor-inner-section elementor-element elementor-element-890547b elementor-section-boxed elementor-section-height-default elementor-section-height-default\" data-id=\"890547b\" data-element_type=\"section\" data-e-type=\"section\">\n\t\t\t\t\t\t<div class=\"elementor-container elementor-column-gap-default\">\n\t\t\t\t\t<div class=\"elementor-column elementor-col-50 elementor-inner-column elementor-element elementor-element-bf16fbf\" data-id=\"bf16fbf\" data-element_type=\"column\" data-e-type=\"column\">\n\t\t\t<div class=\"elementor-widget-wrap elementor-element-populated\">\n\t\t\t\t\t\t<div class=\"elementor-element elementor-element-22e247b elementor-widget elementor-widget-image\" data-id=\"22e247b\" data-element_type=\"widget\" data-e-type=\"widget\" data-widget_type=\"image.default\">\n\t\t\t\t<div class=\"elementor-widget-container\">\n\t\t\t\t\t\t\t\t\t\t\t\t<figure class=\"wp-caption\">\n\t\t\t\t\t\t\t\t\t\t<img fetchpriority=\"high\" decoding=\"async\" width=\"418\" height=\"901\" src=\"https:\/\/www.lichen.pl\/wp-content\/uploads\/2021\/05\/o_papczynski.jpg\" class=\"attachment-large size-large wp-image-8745\" alt=\"\" srcset=\"https:\/\/www.lichen.pl\/wp-content\/uploads\/2021\/05\/o_papczynski.jpg 418w, https:\/\/www.lichen.pl\/wp-content\/uploads\/2021\/05\/o_papczynski-139x300.jpg 139w\" sizes=\"(max-width: 418px) 100vw, 418px\" \/>\t\t\t\t\t\t\t\t\t\t\t<figcaption class=\"widget-image-caption wp-caption-text\">st. Stanis\u0142aw Papczy\u0144ski, fondatore della Congregazione dei Padri Mariani<\/figcaption>\n\t\t\t\t\t\t\t\t\t\t<\/figure>\n\t\t\t\t\t\t\t\t\t<\/div>\n\t\t\t\t<\/div>\n\t\t\t\t\t<\/div>\n\t\t<\/div>\n\t\t\t\t<div class=\"elementor-column elementor-col-50 elementor-inner-column elementor-element elementor-element-47eb6ee\" data-id=\"47eb6ee\" data-element_type=\"column\" data-e-type=\"column\">\n\t\t\t<div class=\"elementor-widget-wrap elementor-element-populated\">\n\t\t\t\t\t\t<div class=\"elementor-element elementor-element-2e98429 elementor-widget elementor-widget-text-editor\" data-id=\"2e98429\" data-element_type=\"widget\" data-e-type=\"widget\" data-widget_type=\"text-editor.default\">\n\t\t\t\t<div class=\"elementor-widget-container\">\n\t\t\t\t\t\t\t\t\t<p style=\"text-align: center;\">Nacque in una casa di contadini il 18 maggio 1631 a Podegrodzie vicino a Stary S\u0105cz. Gli fu dato il nome John. Ha pascolato le sue mandrie paterne nei prati vicino alla casa di famiglia e non si \u00e8 distinto con niente di speciale. Aveva difficolt\u00e0 a padroneggiare la lettura e la scrittura. Tuttavia, come \u00e8 gi\u00e0 stato pi\u00f9 volte affermato, la forza e la grandezza dell&#039;uomo non risiedono in ci\u00f2 che non pu\u00f2, ma in ci\u00f2 che riuscir\u00e0 a realizzare nonostante tante avversit\u00e0. Pertanto, vale la pena ricordare che il bambino il cui apprendimento \u00e8 stato difficile \u00e8 cresciuto come un giovane che si \u00e8 diplomato con successo nelle scuole, principalmente collegi gesuiti a Nowy S\u0105cz, Jaros\u0142aw, Podoliniec, Lviv e Rawa Mazowiecka. All&#039;et\u00e0 di 23 anni, Jan Papczy\u0144ski era un uomo giovane, istruito con grandi prospettive per il futuro. I suoi genitori lo trovarono un bellissimo e ricco candidato per una moglie. Lui, tuttavia, sognava qualcosa di completamente diverso. Nel luglio 1654 lasci\u00f2 la casa di famiglia. Prese l&#039;abito dell&#039;Ordine Scolopico e fu chiamato Stanislao da Ges\u00f9 Maria. Dopo un anno and\u00f2 a studiare teologia a Varsavia, dove il 22 luglio 1656 emise i voti religiosi.<\/p>\t\t\t\t\t\t\t\t<\/div>\n\t\t\t\t<\/div>\n\t\t\t\t\t<\/div>\n\t\t<\/div>\n\t\t\t\t\t<\/div>\n\t\t<\/section>\n\t\t\t\t<div class=\"elementor-element elementor-element-ceebde3 elementor-widget elementor-widget-heading\" data-id=\"ceebde3\" data-element_type=\"widget\" data-e-type=\"widget\" data-widget_type=\"heading.default\">\n\t\t\t\t<div class=\"elementor-widget-container\">\n\t\t\t\t\t<h3 class=\"elementor-heading-title elementor-size-default\"><br><br>&quot;Schiavo di Maria&quot;<\/h3>\t\t\t\t<\/div>\n\t\t\t\t<\/div>\n\t\t\t\t<div class=\"elementor-element elementor-element-58ff486 elementor-widget elementor-widget-text-editor\" data-id=\"58ff486\" data-element_type=\"widget\" data-e-type=\"widget\" data-widget_type=\"text-editor.default\">\n\t\t\t\t<div class=\"elementor-widget-container\">\n\t\t\t\t\t\t\t\t\t<p>Nel marzo 1661, a Brzoz\u00f3w vicino a Krosno, fu ordinato sacerdote dal vescovo Stanis\u0142aw Sarnowski. Per un periodo ha lavorato come docente di retorica, ma non si \u00e8 fermato qui. Si dedic\u00f2 alla predicazione e al servizio in confessionale. Il pi\u00f9 famoso dei suoi penitenti fu il nunzio apostolico Antoni Pignatelli, divenuto poi papa Innocenzo XII.<\/p><p>L&#039;anno 1670 fu un punto di svolta nella vita di Stanis\u0142aw Papczy\u0144ski. Durante questo periodo, lasci\u00f2 l&#039;ordine scolopico. Perch\u00e9 ha rinunciato alla sua vita tra i fratelli che erano stati la sua famiglia per 14 anni? Il fondatore della Congregazione dei Padri Mariani credeva che alcuni scolopi avessero deviato dal loro zelo originario per mantenere i voti, che dedicassero troppo tempo ai piaceri mondani. Egli stesso rinnov\u00f2 il voto di aderire strettamente ai consigli evangelici. Nel settembre 1670 assunse un abito bianco per simboleggiare l&#039;immacolata purezza della Madre di Dio. Voleva seguirla per il resto della sua vita. Voleva fondare un ordine maschile dedicato all&#039;onore di Maria Immacolata. Diventa il primo fondatore in Polonia. Gli ci vollero circa una dozzina di anni per soddisfare questo desiderio.<\/p>\t\t\t\t\t\t\t\t<\/div>\n\t\t\t\t<\/div>\n\t\t\t\t<div class=\"elementor-element elementor-element-02ca213 elementor-widget elementor-widget-heading\" data-id=\"02ca213\" data-element_type=\"widget\" data-e-type=\"widget\" data-widget_type=\"heading.default\">\n\t\t\t\t<div class=\"elementor-widget-container\">\n\t\t\t\t\t<h3 class=\"elementor-heading-title elementor-size-default\">&quot;Norma Vita&quot;<\/h3>\t\t\t\t<\/div>\n\t\t\t\t<\/div>\n\t\t\t\t<div class=\"elementor-element elementor-element-d32bd54 elementor-widget elementor-widget-text-editor\" data-id=\"d32bd54\" data-element_type=\"widget\" data-e-type=\"widget\" data-widget_type=\"text-editor.default\">\n\t\t\t\t<div class=\"elementor-widget-container\">\n\t\t\t\t\t\t\t\t\t<p><span style=\"color: #333300;\">Alla ricerca di candidati per confratelli e un posto per la sede della comunit\u00e0, il monaco Stanis\u0142aw Papczy\u0144ski decise di unirsi a diversi eremiti che vivevano nella foresta di Korabiewska vicino a Skierniewice. Per volont\u00e0 dell&#039;ispettore, il vescovo Jacek \u015awi\u0119cicki, divenne il loro superiore. Si sforz\u00f2 di organizzare la vita di questa comunit\u00e0 sulla base della regola &quot;Norma vitae&quot; che aveva preparato e delle raccomandazioni del vescovo dopo la visita.<\/span><\/p><p>Nella regola che prepar\u00f2 scrisse: &quot;Credo in tutto ci\u00f2 che crede la Santa Romana Chiesa ... e, soprattutto, confesso che la Santissima Madre di Dio, Maria, fu concepita senza peccato originale&quot;, sebbene a quel tempo questa verit\u00e0 non era ancora solennemente definita come una fede dogmatica. Il secondo punto importante della bozza di regola riguardava le esperienze mistiche del fondatore della Congregazione dei Padri Mariani riguardo all&#039;intercessione per i defunti. Raccomandava ai suoi fratelli: &quot;Pregate, fratelli, per le anime del Purgatorio, perch\u00e9 soffrono insopportabilmente tormenti&quot;. Sapeva che molti soldati muoiono senza essere riconciliati con Dio. Era anche consapevole del fatto che un gran numero di persone morivano a causa di frequenti epidemie. Ha proclamato che \u00e8 dovere del cristiano aiutarlo con la preghiera. Affid\u00f2 anche altri compiti apostolici ai suoi confratelli. Voleva che aiutassero i parroci ad ascoltare le confessioni ea predicare tra i gruppi religiosamente pi\u00f9 emarginati.<\/p><p>Il 24 ottobre 1673, in cui il vescovo Jacek \u015awi\u0119cicki approv\u00f2 l&#039;esistenza di una giovane comunit\u00e0 nella foresta di Korabiewska sulla base della &quot;Regola di vita&quot; e delle sue raccomandazioni post-visita. Un ruolo molto importante nella vita della comunit\u00e0 in via di sviluppo fu svolto dal vescovo Stefan Wierzbowski, che nel 1677 le affid\u00f2 la chiesa della Cena del Signore con un monastero adiacente a G\u00f3ra vicino a Varsavia. Due anni dopo, l&#039;istituto di padre Papczy\u0144ski fu fondato dallo stesso vescovo con diritto diocesano. Fu allora che padre Papczy\u0144ski part\u00ec a piedi verso Roma per ottenere anche l&#039;approvazione papale per la sua congregazione.<\/p>\t\t\t\t\t\t\t\t<\/div>\n\t\t\t\t<\/div>\n\t\t\t\t<div class=\"elementor-element elementor-element-a524d87 elementor-widget elementor-widget-heading\" data-id=\"a524d87\" data-element_type=\"widget\" data-e-type=\"widget\" data-widget_type=\"heading.default\">\n\t\t\t\t<div class=\"elementor-widget-container\">\n\t\t\t\t\t<h3 class=\"elementor-heading-title elementor-size-default\">Roma<\/h3>\t\t\t\t<\/div>\n\t\t\t\t<\/div>\n\t\t\t\t<div class=\"elementor-element elementor-element-5d974d00 elementor-widget elementor-widget-text-editor\" data-id=\"5d974d00\" data-element_type=\"widget\" data-e-type=\"widget\" data-widget_type=\"text-editor.default\">\n\t\t\t\t<div class=\"elementor-widget-container\">\n\t\t\t\t\t\t\t\t\t<p><span style=\"color: var( --e-global-color-text );\">Il pellegrinaggio gli dur\u00f2 diversi mesi. Il soggiorno nella Citt\u00e0 Santa non port\u00f2 i risultati sperati, perch\u00e9 in quel periodo mor\u00ec papa Alessandro VIII, e dopo la sua morte si svolse il conclave pi\u00f9 lungo del XVII secolo. Dopo sei mesi di permanenza a Roma, padre Papczy\u0144ski, spinto da problemi di salute, torn\u00f2 in Polonia e invi\u00f2 uno dei monaci, padre Joachim Koz\u0142owski, dal nuovo papa. Fu lui che, dopo aver superato molte avversit\u00e0, ottenne il consenso papale. Il Santo Padre Innocenzo XII, con atto di &quot;Exponi nobis nuper&quot;, annunci\u00f2 nel 1699 che i Mariani ricevessero la Regola delle Dieci Virt\u00f9 della Beata Vergine Maria e si unissero all&#039;Ordine dei Francescani Riformati. La regola offerta ai Mariani era in linea con quella scritta da padre Papczy\u0144ski e corrispondeva all&#039;idea del suo Ordine.<\/span><\/p><p>Padre Joachim torn\u00f2 in Polonia con la gioiosa notizia nella primavera del 1701. Il 6 giugno padre Papczy\u0144ski fece i voti solenni al nunzio apostolico, e un mese dopo li accett\u00f2 dai suoi fratelli. San Stanislao di Ges\u00f9 Maria Papczy\u0144ski mor\u00ec il 17 settembre 1701 a G\u00f3ra Kalwaria come superiore generale dell&#039;Ordine mariano.<\/p><p>Vale la pena sottolineare che la comunit\u00e0 religiosa mariana fondata da padre Stanis\u0142aw Papczy\u0144ski \u00e8 il primo ordine maschile di origine polacca.<\/p>\t\t\t\t\t\t\t\t<\/div>\n\t\t\t\t<\/div>\n\t\t\t\t<div class=\"elementor-element elementor-element-decfbd8 elementor-widget-divider--view-line elementor-widget elementor-widget-divider\" data-id=\"decfbd8\" data-element_type=\"widget\" data-e-type=\"widget\" data-widget_type=\"divider.default\">\n\t\t\t\t<div class=\"elementor-widget-container\">\n\t\t\t\t\t\t\t<div class=\"elementor-divider\">\n\t\t\t<span class=\"elementor-divider-separator\">\n\t\t\t\t\t\t<\/span>\n\t\t<\/div>\n\t\t\t\t\t\t<\/div>\n\t\t\t\t<\/div>\n\t\t\t\t\t<\/div>\n\t\t<\/div>\n\t\t\t\t<div class=\"elementor-column elementor-col-33 elementor-top-column elementor-element elementor-element-451c45d1\" data-id=\"451c45d1\" data-element_type=\"column\" data-e-type=\"column\" data-settings=\"{&quot;background_background&quot;:&quot;classic&quot;}\">\n\t\t\t<div class=\"elementor-widget-wrap elementor-element-populated\">\n\t\t\t\t\t\t\t<\/div>\n\t\t<\/div>\n\t\t\t\t\t<\/div>\n\t\t<\/section>\n\t\t\t\t<\/div>","protected":false},"excerpt":{"rendered":"<p>\u015bw. Stanis\u0142aw Papczy\u0144ski, za\u0142o\u017cyciel Zgromadzenia Ksi\u0119\u017cy Marian\u00f3w Urodzi\u0142 si\u0119 w ch\u0142opskim domu 18 maja 1631 r. w Podegrodziu ko\u0142o Starego S\u0105cza. Nadano mu imi\u0119 Jan. Pasa\u0142 ojcowskie stada na \u0142\u0105kach nieopodal domu rodzinnego i nie wyr\u00f3\u017cnia\u0142 si\u0119 niczym szczeg\u00f3lnym. Mia\u0142 k\u0142opoty z opanowaniem czytania i pisania. Jednak, jak ju\u017c niejednokrotnie stwierdzono, si\u0142a i wielko\u015b\u0107 cz\u0142owieka [&hellip;]<\/p>\n","protected":false},"author":1,"featured_media":0,"parent":745,"menu_order":0,"comment_status":"closed","ping_status":"closed","template":"elementor_header_footer","meta":{"footnotes":""},"class_list":["post-2287","page","type-page","status-publish","hentry","wpbf-post"],"yoast_head":"<!-- This site is optimized with the Yoast SEO plugin v27.4 - https:\/\/yoast.com\/product\/yoast-seo-wordpress\/ -->\n<title>\u015bw. o. Stanis\u0142aw Papczy\u0144ski - SANKTUARIUM W LICHENIU<\/title>\n<meta name=\"robots\" content=\"index, follow, max-snippet:-1, max-image-preview:large, max-video-preview:-1\" \/>\n<link rel=\"canonical\" href=\"https:\/\/www.lichen.pl\/it\/o-sanktuarium\/sw-o-stanislaw-papczynski\/\" \/>\n<meta property=\"og:locale\" content=\"it_IT\" \/>\n<meta property=\"og:type\" content=\"article\" \/>\n<meta property=\"og:title\" content=\"\u015bw. o. Stanis\u0142aw Papczy\u0144ski - SANKTUARIUM W LICHENIU\" \/>\n<meta property=\"og:description\" content=\"\u015bw. Stanis\u0142aw Papczy\u0144ski, za\u0142o\u017cyciel Zgromadzenia Ksi\u0119\u017cy Marian\u00f3w Urodzi\u0142 si\u0119 w ch\u0142opskim domu 18 maja 1631 r. w Podegrodziu ko\u0142o Starego S\u0105cza. Nadano mu imi\u0119 Jan. Pasa\u0142 ojcowskie stada na \u0142\u0105kach nieopodal domu rodzinnego i nie wyr\u00f3\u017cnia\u0142 si\u0119 niczym szczeg\u00f3lnym. Mia\u0142 k\u0142opoty z opanowaniem czytania i pisania. Jednak, jak ju\u017c niejednokrotnie stwierdzono, si\u0142a i wielko\u015b\u0107 cz\u0142owieka [&hellip;]\" \/>\n<meta property=\"og:url\" content=\"https:\/\/www.lichen.pl\/it\/o-sanktuarium\/sw-o-stanislaw-papczynski\/\" \/>\n<meta property=\"og:site_name\" content=\"SANKTUARIUM W LICHENIU\" \/>\n<meta property=\"article:modified_time\" content=\"2023-11-29T13:47:29+00:00\" \/>\n<meta property=\"og:image\" content=\"http:\/\/www.lichen.pl\/wp-content\/uploads\/2021\/05\/o_papczynski.jpg\" \/>\n<meta name=\"twitter:card\" content=\"summary_large_image\" \/>\n<meta name=\"twitter:label1\" content=\"Tempo di lettura stimato\" \/>\n\t<meta name=\"twitter:data1\" content=\"5 minuti\" \/>\n<script type=\"application\/ld+json\" class=\"yoast-schema-graph\">{\"@context\":\"https:\\\/\\\/schema.org\",\"@graph\":[{\"@type\":\"WebPage\",\"@id\":\"https:\\\/\\\/www.lichen.pl\\\/o-sanktuarium\\\/sw-o-stanislaw-papczynski\\\/\",\"url\":\"https:\\\/\\\/www.lichen.pl\\\/o-sanktuarium\\\/sw-o-stanislaw-papczynski\\\/\",\"name\":\"\u015bw. o. Stanis\u0142aw Papczy\u0144ski - SANKTUARIUM W LICHENIU\",\"isPartOf\":{\"@id\":\"https:\\\/\\\/www.lichen.pl\\\/fr\\\/#website\"},\"primaryImageOfPage\":{\"@id\":\"https:\\\/\\\/www.lichen.pl\\\/o-sanktuarium\\\/sw-o-stanislaw-papczynski\\\/#primaryimage\"},\"image\":{\"@id\":\"https:\\\/\\\/www.lichen.pl\\\/o-sanktuarium\\\/sw-o-stanislaw-papczynski\\\/#primaryimage\"},\"thumbnailUrl\":\"http:\\\/\\\/www.lichen.pl\\\/wp-content\\\/uploads\\\/2021\\\/05\\\/o_papczynski.jpg\",\"datePublished\":\"2020-09-11T10:12:16+00:00\",\"dateModified\":\"2023-11-29T13:47:29+00:00\",\"breadcrumb\":{\"@id\":\"https:\\\/\\\/www.lichen.pl\\\/o-sanktuarium\\\/sw-o-stanislaw-papczynski\\\/#breadcrumb\"},\"inLanguage\":\"it-IT\",\"potentialAction\":[{\"@type\":\"ReadAction\",\"target\":[\"https:\\\/\\\/www.lichen.pl\\\/o-sanktuarium\\\/sw-o-stanislaw-papczynski\\\/\"]}]},{\"@type\":\"ImageObject\",\"inLanguage\":\"it-IT\",\"@id\":\"https:\\\/\\\/www.lichen.pl\\\/o-sanktuarium\\\/sw-o-stanislaw-papczynski\\\/#primaryimage\",\"url\":\"http:\\\/\\\/www.lichen.pl\\\/wp-content\\\/uploads\\\/2021\\\/05\\\/o_papczynski.jpg\",\"contentUrl\":\"http:\\\/\\\/www.lichen.pl\\\/wp-content\\\/uploads\\\/2021\\\/05\\\/o_papczynski.jpg\"},{\"@type\":\"BreadcrumbList\",\"@id\":\"https:\\\/\\\/www.lichen.pl\\\/o-sanktuarium\\\/sw-o-stanislaw-papczynski\\\/#breadcrumb\",\"itemListElement\":[{\"@type\":\"ListItem\",\"position\":1,\"name\":\"Strona g\u0142\u00f3wna\",\"item\":\"https:\\\/\\\/www.lichen.pl\\\/\"},{\"@type\":\"ListItem\",\"position\":2,\"name\":\"O Sanktuarium\",\"item\":\"https:\\\/\\\/www.lichen.pl\\\/o-sanktuarium\\\/\"},{\"@type\":\"ListItem\",\"position\":3,\"name\":\"\u015bw. o. Stanis\u0142aw Papczy\u0144ski\"}]},{\"@type\":\"WebSite\",\"@id\":\"https:\\\/\\\/www.lichen.pl\\\/fr\\\/#website\",\"url\":\"https:\\\/\\\/www.lichen.pl\\\/fr\\\/\",\"name\":\"SANKTUARIUM W LICHENIU\",\"description\":\"MATKI BO\u017bEJ LICHE\u0143SKIEJ BOLESNEJ KR\u00d3LOWEJ POLSKI\",\"potentialAction\":[{\"@type\":\"SearchAction\",\"target\":{\"@type\":\"EntryPoint\",\"urlTemplate\":\"https:\\\/\\\/www.lichen.pl\\\/fr\\\/?s={search_term_string}\"},\"query-input\":{\"@type\":\"PropertyValueSpecification\",\"valueRequired\":true,\"valueName\":\"search_term_string\"}}],\"inLanguage\":\"it-IT\"}]}<\/script>\n<!-- \/ Yoast SEO plugin. -->","yoast_head_json":{"title":"\u015bw. o. Stanis\u0142aw Papczy\u0144ski - SANKTUARIUM W LICHENIU","robots":{"index":"index","follow":"follow","max-snippet":"max-snippet:-1","max-image-preview":"max-image-preview:large","max-video-preview":"max-video-preview:-1"},"canonical":"https:\/\/www.lichen.pl\/it\/o-sanktuarium\/sw-o-stanislaw-papczynski\/","og_locale":"it_IT","og_type":"article","og_title":"\u015bw. o. Stanis\u0142aw Papczy\u0144ski - SANKTUARIUM W LICHENIU","og_description":"\u015bw. Stanis\u0142aw Papczy\u0144ski, za\u0142o\u017cyciel Zgromadzenia Ksi\u0119\u017cy Marian\u00f3w Urodzi\u0142 si\u0119 w ch\u0142opskim domu 18 maja 1631 r. w Podegrodziu ko\u0142o Starego S\u0105cza. Nadano mu imi\u0119 Jan. Pasa\u0142 ojcowskie stada na \u0142\u0105kach nieopodal domu rodzinnego i nie wyr\u00f3\u017cnia\u0142 si\u0119 niczym szczeg\u00f3lnym. Mia\u0142 k\u0142opoty z opanowaniem czytania i pisania. Jednak, jak ju\u017c niejednokrotnie stwierdzono, si\u0142a i wielko\u015b\u0107 cz\u0142owieka [&hellip;]","og_url":"https:\/\/www.lichen.pl\/it\/o-sanktuarium\/sw-o-stanislaw-papczynski\/","og_site_name":"SANKTUARIUM W LICHENIU","article_modified_time":"2023-11-29T13:47:29+00:00","og_image":[{"url":"http:\/\/www.lichen.pl\/wp-content\/uploads\/2021\/05\/o_papczynski.jpg","type":"","width":"","height":""}],"twitter_card":"summary_large_image","twitter_misc":{"Tempo di lettura stimato":"5 minuti"},"schema":{"@context":"https:\/\/schema.org","@graph":[{"@type":"WebPage","@id":"https:\/\/www.lichen.pl\/o-sanktuarium\/sw-o-stanislaw-papczynski\/","url":"https:\/\/www.lichen.pl\/o-sanktuarium\/sw-o-stanislaw-papczynski\/","name":"\u015bw. o. Stanis\u0142aw Papczy\u0144ski - SANKTUARIUM W LICHENIU","isPartOf":{"@id":"https:\/\/www.lichen.pl\/fr\/#website"},"primaryImageOfPage":{"@id":"https:\/\/www.lichen.pl\/o-sanktuarium\/sw-o-stanislaw-papczynski\/#primaryimage"},"image":{"@id":"https:\/\/www.lichen.pl\/o-sanktuarium\/sw-o-stanislaw-papczynski\/#primaryimage"},"thumbnailUrl":"http:\/\/www.lichen.pl\/wp-content\/uploads\/2021\/05\/o_papczynski.jpg","datePublished":"2020-09-11T10:12:16+00:00","dateModified":"2023-11-29T13:47:29+00:00","breadcrumb":{"@id":"https:\/\/www.lichen.pl\/o-sanktuarium\/sw-o-stanislaw-papczynski\/#breadcrumb"},"inLanguage":"it-IT","potentialAction":[{"@type":"ReadAction","target":["https:\/\/www.lichen.pl\/o-sanktuarium\/sw-o-stanislaw-papczynski\/"]}]},{"@type":"ImageObject","inLanguage":"it-IT","@id":"https:\/\/www.lichen.pl\/o-sanktuarium\/sw-o-stanislaw-papczynski\/#primaryimage","url":"http:\/\/www.lichen.pl\/wp-content\/uploads\/2021\/05\/o_papczynski.jpg","contentUrl":"http:\/\/www.lichen.pl\/wp-content\/uploads\/2021\/05\/o_papczynski.jpg"},{"@type":"BreadcrumbList","@id":"https:\/\/www.lichen.pl\/o-sanktuarium\/sw-o-stanislaw-papczynski\/#breadcrumb","itemListElement":[{"@type":"ListItem","position":1,"name":"Strona g\u0142\u00f3wna","item":"https:\/\/www.lichen.pl\/"},{"@type":"ListItem","position":2,"name":"O Sanktuarium","item":"https:\/\/www.lichen.pl\/o-sanktuarium\/"},{"@type":"ListItem","position":3,"name":"\u015bw. o. Stanis\u0142aw Papczy\u0144ski"}]},{"@type":"WebSite","@id":"https:\/\/www.lichen.pl\/fr\/#website","url":"https:\/\/www.lichen.pl\/fr\/","name":"SANTUARIO IN LICHENIA","description":"LA REGINA ADOLORATA DEL NOSTRO LICHENE DI POLONIA","potentialAction":[{"@type":"SearchAction","target":{"@type":"EntryPoint","urlTemplate":"https:\/\/www.lichen.pl\/fr\/?s={search_term_string}"},"query-input":{"@type":"PropertyValueSpecification","valueRequired":true,"valueName":"search_term_string"}}],"inLanguage":"it-IT"}]}},"_links":{"self":[{"href":"https:\/\/www.lichen.pl\/it\/wp-json\/wp\/v2\/pages\/2287","targetHints":{"allow":["GET"]}}],"collection":[{"href":"https:\/\/www.lichen.pl\/it\/wp-json\/wp\/v2\/pages"}],"about":[{"href":"https:\/\/www.lichen.pl\/it\/wp-json\/wp\/v2\/types\/page"}],"author":[{"embeddable":true,"href":"https:\/\/www.lichen.pl\/it\/wp-json\/wp\/v2\/users\/1"}],"replies":[{"embeddable":true,"href":"https:\/\/www.lichen.pl\/it\/wp-json\/wp\/v2\/comments?post=2287"}],"version-history":[{"count":18,"href":"https:\/\/www.lichen.pl\/it\/wp-json\/wp\/v2\/pages\/2287\/revisions"}],"predecessor-version":[{"id":62008,"href":"https:\/\/www.lichen.pl\/it\/wp-json\/wp\/v2\/pages\/2287\/revisions\/62008"}],"up":[{"embeddable":true,"href":"https:\/\/www.lichen.pl\/it\/wp-json\/wp\/v2\/pages\/745"}],"wp:attachment":[{"href":"https:\/\/www.lichen.pl\/it\/wp-json\/wp\/v2\/media?parent=2287"}],"curies":[{"name":"wp","href":"https:\/\/api.w.org\/{rel}","templated":true}]}}