{"id":4727,"date":"2021-03-24T14:24:30","date_gmt":"2021-03-24T14:24:30","guid":{"rendered":"http:\/\/www.lichen.pl\/?page_id=4727"},"modified":"2022-11-09T15:40:24","modified_gmt":"2022-11-09T14:40:24","slug":"centrum-pomocy-rodzinie-3","status":"publish","type":"page","link":"https:\/\/www.lichen.pl\/it\/centrum-pomocy-rodzinie-3\/","title":{"rendered":"Centro di sostegno alla famiglia"},"content":{"rendered":"<div data-elementor-type=\"wp-page\" data-elementor-id=\"4727\" class=\"elementor elementor-4727\" data-elementor-post-type=\"page\">\n\t\t\t\t\t\t<section class=\"elementor-section elementor-top-section elementor-element elementor-element-a31e119 elementor-section-boxed elementor-section-height-default elementor-section-height-default\" data-id=\"a31e119\" data-element_type=\"section\" data-e-type=\"section\">\n\t\t\t\t\t\t<div class=\"elementor-container elementor-column-gap-default\">\n\t\t\t\t\t<div class=\"elementor-column elementor-col-100 elementor-top-column elementor-element elementor-element-18fa65d\" data-id=\"18fa65d\" data-element_type=\"column\" data-e-type=\"column\">\n\t\t\t<div class=\"elementor-widget-wrap elementor-element-populated\">\n\t\t\t\t\t\t<div class=\"elementor-element elementor-element-da0f32c elementor-widget elementor-widget-text-editor\" data-id=\"da0f32c\" data-element_type=\"widget\" data-e-type=\"widget\" data-widget_type=\"text-editor.default\">\n\t\t\t\t<div class=\"elementor-widget-container\">\n\t\t\t\t\t\t\t\t\t<p>Liche\u0144skie Centrum Pomocy Rodzinie i Osobom Uzale\u017cnionym \u015bwiadczy pomoc psychologiczn\u0105 dla os\u00f3b z problemami emocjonalnymi i w relacjach. Pomaga osobom uzale\u017cnionym i cz\u0142onkom ich rodzin.\u00a0W Centrum przygotowujemy r\u00f3wnie\u017c narzeczonych do sakramentu ma\u0142\u017ce\u0144stwa i odpowiedzialnego rodzicielstwa. Pomagamy r\u00f3wnie\u017c osobom prze\u017cywaj\u0105cym trudno\u015bci rodzinne i kryzysy ma\u0142\u017ce\u0144skie, a tak\u017ce rodzicom w k\u0142opotach wychowawczych z dzie\u0107mi.\u00a0<\/p>\t\t\t\t\t\t\t\t<\/div>\n\t\t\t\t<\/div>\n\t\t\t\t<section class=\"elementor-section elementor-inner-section elementor-element elementor-element-2af35d0 elementor-section-boxed elementor-section-height-default elementor-section-height-default\" data-id=\"2af35d0\" data-element_type=\"section\" data-e-type=\"section\">\n\t\t\t\t\t\t<div class=\"elementor-container elementor-column-gap-default\">\n\t\t\t\t\t<div class=\"elementor-column elementor-col-50 elementor-inner-column elementor-element elementor-element-49f00ea\" data-id=\"49f00ea\" data-element_type=\"column\" data-e-type=\"column\">\n\t\t\t<div class=\"elementor-widget-wrap elementor-element-populated\">\n\t\t\t\t\t\t<div class=\"elementor-element elementor-element-4735ad0 elementor-widget__width-inherit elementor-widget elementor-widget-facebook-page\" data-id=\"4735ad0\" data-element_type=\"widget\" data-e-type=\"widget\" data-widget_type=\"facebook-page.default\">\n\t\t\t\t<div class=\"elementor-widget-container\">\n\t\t\t\t\t<div class=\"elementor-facebook-widget fb-page\" data-href=\"https:\/\/www.facebook.com\/pomoc.lichen\/\" data-tabs=\"\" data-height=\"134px\" data-width=\"500px\" data-small-header=\"false\" data-hide-cover=\"false\" data-show-facepile=\"true\" data-hide-cta=\"false\" style=\"min-height: 1px;height:134px\"><\/div>\t\t\t\t<\/div>\n\t\t\t\t<\/div>\n\t\t\t\t\t<\/div>\n\t\t<\/div>\n\t\t\t\t<div class=\"elementor-column elementor-col-50 elementor-inner-column elementor-element elementor-element-a58e2b8\" data-id=\"a58e2b8\" data-element_type=\"column\" data-e-type=\"column\">\n\t\t\t<div class=\"elementor-widget-wrap elementor-element-populated\">\n\t\t\t\t\t\t<div class=\"elementor-element elementor-element-7bfa320 elementor-widget elementor-widget-button\" data-id=\"7bfa320\" data-element_type=\"widget\" data-e-type=\"widget\" data-widget_type=\"button.default\">\n\t\t\t\t<div class=\"elementor-widget-container\">\n\t\t\t\t\t\t\t\t\t<div class=\"elementor-button-wrapper\">\n\t\t\t\t\t<a class=\"elementor-button elementor-button-link elementor-size-sm elementor-animation-pulse-shrink\" href=\"http:\/\/www.pomoc.lichen.pl\/index.php?page=home\">\n\t\t\t\t\t\t<span class=\"elementor-button-content-wrapper\">\n\t\t\t\t\t\t<span class=\"elementor-button-icon\">\n\t\t\t\t<i aria-hidden=\"true\" class=\"fab fa-internet-explorer\"><\/i>\t\t\t<\/span>\n\t\t\t\t\t\t\t\t\t<span class=\"elementor-button-text\">Nasza strona<\/span>\n\t\t\t\t\t<\/span>\n\t\t\t\t\t<\/a>\n\t\t\t\t<\/div>\n\t\t\t\t\t\t\t\t<\/div>\n\t\t\t\t<\/div>\n\t\t\t\t\t<\/div>\n\t\t<\/div>\n\t\t\t\t\t<\/div>\n\t\t<\/section>\n\t\t\t\t\t<\/div>\n\t\t<\/div>\n\t\t\t\t\t<\/div>\n\t\t<\/section>\n\t\t\t\t<section class=\"elementor-section elementor-top-section elementor-element elementor-element-28ef9ad elementor-section-boxed elementor-section-height-default elementor-section-height-default\" data-id=\"28ef9ad\" data-element_type=\"section\" data-e-type=\"section\">\n\t\t\t\t\t\t<div class=\"elementor-container elementor-column-gap-default\">\n\t\t\t\t\t<div class=\"elementor-column elementor-col-100 elementor-top-column elementor-element elementor-element-4c444e0\" data-id=\"4c444e0\" data-element_type=\"column\" data-e-type=\"column\">\n\t\t\t<div class=\"elementor-widget-wrap elementor-element-populated\">\n\t\t\t\t\t\t<div class=\"elementor-element elementor-element-4dfc205 elementor-widget-divider--view-line elementor-widget elementor-widget-divider\" data-id=\"4dfc205\" data-element_type=\"widget\" data-e-type=\"widget\" data-widget_type=\"divider.default\">\n\t\t\t\t<div class=\"elementor-widget-container\">\n\t\t\t\t\t\t\t<div class=\"elementor-divider\">\n\t\t\t<span class=\"elementor-divider-separator\">\n\t\t\t\t\t\t<\/span>\n\t\t<\/div>\n\t\t\t\t\t\t<\/div>\n\t\t\t\t<\/div>\n\t\t\t\t\t<\/div>\n\t\t<\/div>\n\t\t\t\t\t<\/div>\n\t\t<\/section>\n\t\t\t\t<section class=\"elementor-section elementor-top-section elementor-element elementor-element-ee6e9dd elementor-section-boxed elementor-section-height-default elementor-section-height-default\" data-id=\"ee6e9dd\" data-element_type=\"section\" data-e-type=\"section\">\n\t\t\t\t\t\t<div class=\"elementor-container elementor-column-gap-default\">\n\t\t\t\t\t<div class=\"elementor-column elementor-col-100 elementor-top-column elementor-element elementor-element-7e8cd5b\" data-id=\"7e8cd5b\" data-element_type=\"column\" data-e-type=\"column\">\n\t\t\t<div class=\"elementor-widget-wrap elementor-element-populated\">\n\t\t\t\t\t\t<div class=\"elementor-element elementor-element-e902d2f elementor-widget elementor-widget-gallery\" data-id=\"e902d2f\" data-element_type=\"widget\" data-e-type=\"widget\" data-settings=\"{&quot;columns&quot;:3,&quot;gap&quot;:{&quot;unit&quot;:&quot;px&quot;,&quot;size&quot;:2,&quot;sizes&quot;:[]},&quot;lazyload&quot;:&quot;yes&quot;,&quot;gallery_layout&quot;:&quot;grid&quot;,&quot;columns_tablet&quot;:2,&quot;columns_mobile&quot;:1,&quot;gap_tablet&quot;:{&quot;unit&quot;:&quot;px&quot;,&quot;size&quot;:10,&quot;sizes&quot;:[]},&quot;gap_mobile&quot;:{&quot;unit&quot;:&quot;px&quot;,&quot;size&quot;:10,&quot;sizes&quot;:[]},&quot;link_to&quot;:&quot;file&quot;,&quot;aspect_ratio&quot;:&quot;3:2&quot;,&quot;overlay_background&quot;:&quot;yes&quot;,&quot;content_hover_animation&quot;:&quot;fade-in&quot;}\" data-widget_type=\"gallery.default\">\n\t\t\t\t<div class=\"elementor-widget-container\">\n\t\t\t\t\t\t\t<div class=\"elementor-gallery__container\">\n\t\t\t\t\t\t\t<a class=\"e-gallery-item elementor-gallery-item elementor-animated-content\" href=\"https:\/\/www.lichen.pl\/wp-content\/uploads\/2021\/03\/lcpr1.jpg\" data-elementor-open-lightbox=\"yes\" data-elementor-lightbox-slideshow=\"e902d2f\" data-elementor-lightbox-title=\"lcpr1\" data-e-action-hash=\"#elementor-action%3Aaction%3Dlightbox%26settings%3DeyJpZCI6NDg0OSwidXJsIjoiaHR0cHM6XC9cL3d3dy5saWNoZW4ucGxcL3dwLWNvbnRlbnRcL3VwbG9hZHNcLzIwMjFcLzAzXC9sY3ByMS5qcGciLCJzbGlkZXNob3ciOiJlOTAyZDJmIn0%3D\">\n\t\t\t\t\t<div class=\"e-gallery-image elementor-gallery-item__image\" data-thumbnail=\"https:\/\/www.lichen.pl\/wp-content\/uploads\/2021\/03\/lcpr1-300x300.jpg\" data-width=\"300\" data-height=\"300\" aria-label=\"\" role=\"img\" ><\/div>\n\t\t\t\t\t\t\t\t\t\t\t<div class=\"elementor-gallery-item__overlay\"><\/div>\n\t\t\t\t\t\t\t\t\t\t\t\t\t\t<\/a>\n\t\t\t\t\t\t\t<a class=\"e-gallery-item elementor-gallery-item elementor-animated-content\" href=\"https:\/\/www.lichen.pl\/wp-content\/uploads\/2021\/03\/lcpr-2.jpg\" data-elementor-open-lightbox=\"yes\" data-elementor-lightbox-slideshow=\"e902d2f\" data-elementor-lightbox-title=\"lcpr 2\" data-e-action-hash=\"#elementor-action%3Aaction%3Dlightbox%26settings%3DeyJpZCI6NDgzOSwidXJsIjoiaHR0cHM6XC9cL3d3dy5saWNoZW4ucGxcL3dwLWNvbnRlbnRcL3VwbG9hZHNcLzIwMjFcLzAzXC9sY3ByLTIuanBnIiwic2xpZGVzaG93IjoiZTkwMmQyZiJ9\">\n\t\t\t\t\t<div class=\"e-gallery-image elementor-gallery-item__image\" data-thumbnail=\"https:\/\/www.lichen.pl\/wp-content\/uploads\/2021\/03\/lcpr-2-300x200.jpg\" data-width=\"300\" data-height=\"200\" aria-label=\"\" role=\"img\" ><\/div>\n\t\t\t\t\t\t\t\t\t\t\t<div class=\"elementor-gallery-item__overlay\"><\/div>\n\t\t\t\t\t\t\t\t\t\t\t\t\t\t<\/a>\n\t\t\t\t\t\t\t<a class=\"e-gallery-item elementor-gallery-item elementor-animated-content\" href=\"https:\/\/www.lichen.pl\/wp-content\/uploads\/2021\/03\/lcpr-3.jpg\" data-elementor-open-lightbox=\"yes\" data-elementor-lightbox-slideshow=\"e902d2f\" data-elementor-lightbox-title=\"lcpr 3\" data-e-action-hash=\"#elementor-action%3Aaction%3Dlightbox%26settings%3DeyJpZCI6NDg0NCwidXJsIjoiaHR0cHM6XC9cL3d3dy5saWNoZW4ucGxcL3dwLWNvbnRlbnRcL3VwbG9hZHNcLzIwMjFcLzAzXC9sY3ByLTMuanBnIiwic2xpZGVzaG93IjoiZTkwMmQyZiJ9\">\n\t\t\t\t\t<div class=\"e-gallery-image elementor-gallery-item__image\" data-thumbnail=\"https:\/\/www.lichen.pl\/wp-content\/uploads\/2021\/03\/lcpr-3-200x300.jpg\" data-width=\"200\" data-height=\"300\" aria-label=\"\" role=\"img\" ><\/div>\n\t\t\t\t\t\t\t\t\t\t\t<div class=\"elementor-gallery-item__overlay\"><\/div>\n\t\t\t\t\t\t\t\t\t\t\t\t\t\t<\/a>\n\t\t\t\t\t<\/div>\n\t\t\t\t\t<\/div>\n\t\t\t\t<\/div>\n\t\t\t\t<div class=\"elementor-element elementor-element-7095fec elementor-widget-divider--view-line elementor-widget elementor-widget-divider\" data-id=\"7095fec\" data-element_type=\"widget\" data-e-type=\"widget\" data-widget_type=\"divider.default\">\n\t\t\t\t<div class=\"elementor-widget-container\">\n\t\t\t\t\t\t\t<div class=\"elementor-divider\">\n\t\t\t<span class=\"elementor-divider-separator\">\n\t\t\t\t\t\t<\/span>\n\t\t<\/div>\n\t\t\t\t\t\t<\/div>\n\t\t\t\t<\/div>\n\t\t\t\t\t<\/div>\n\t\t<\/div>\n\t\t\t\t\t<\/div>\n\t\t<\/section>\n\t\t\t\t<\/div>","protected":false},"excerpt":{"rendered":"<p>Liche\u0144skie Centrum Pomocy Rodzinie i Osobom Uzale\u017cnionym \u015bwiadczy pomoc psychologiczn\u0105 dla os\u00f3b z problemami emocjonalnymi i w relacjach. Pomaga osobom uzale\u017cnionym i cz\u0142onkom ich rodzin.\u00a0W Centrum przygotowujemy r\u00f3wnie\u017c narzeczonych do sakramentu ma\u0142\u017ce\u0144stwa i odpowiedzialnego rodzicielstwa. Pomagamy r\u00f3wnie\u017c osobom prze\u017cywaj\u0105cym trudno\u015bci rodzinne i kryzysy ma\u0142\u017ce\u0144skie, a tak\u017ce rodzicom w k\u0142opotach wychowawczych z dzie\u0107mi.\u00a0 Nasza strona<\/p>","protected":false},"author":2,"featured_media":0,"parent":0,"menu_order":0,"comment_status":"closed","ping_status":"closed","template":"","meta":{"footnotes":""},"class_list":["post-4727","page","type-page","status-publish","hentry","wpbf-post"],"yoast_head":"<!-- This site is optimized with the Yoast SEO plugin v27.4 - https:\/\/yoast.com\/product\/yoast-seo-wordpress\/ -->\n<title>Centrum Pomocy Rodzinie - SANKTUARIUM W LICHENIU<\/title>\n<meta name=\"robots\" content=\"index, follow, max-snippet:-1, max-image-preview:large, max-video-preview:-1\" \/>\n<link rel=\"canonical\" href=\"https:\/\/www.lichen.pl\/it\/centrum-pomocy-rodzinie-3\/\" \/>\n<meta property=\"og:locale\" content=\"it_IT\" \/>\n<meta property=\"og:type\" content=\"article\" \/>\n<meta property=\"og:title\" content=\"Centrum Pomocy Rodzinie - SANKTUARIUM W LICHENIU\" \/>\n<meta property=\"og:description\" content=\"Liche\u0144skie Centrum Pomocy Rodzinie i Osobom Uzale\u017cnionym \u015bwiadczy pomoc psychologiczn\u0105 dla os\u00f3b z problemami emocjonalnymi i w relacjach. Pomaga osobom uzale\u017cnionym i cz\u0142onkom ich rodzin.\u00a0W Centrum przygotowujemy r\u00f3wnie\u017c narzeczonych do sakramentu ma\u0142\u017ce\u0144stwa i odpowiedzialnego rodzicielstwa. Pomagamy r\u00f3wnie\u017c osobom prze\u017cywaj\u0105cym trudno\u015bci rodzinne i kryzysy ma\u0142\u017ce\u0144skie, a tak\u017ce rodzicom w k\u0142opotach wychowawczych z dzie\u0107mi.\u00a0 Nasza strona\" \/>\n<meta property=\"og:url\" content=\"https:\/\/www.lichen.pl\/it\/centrum-pomocy-rodzinie-3\/\" \/>\n<meta property=\"og:site_name\" content=\"SANKTUARIUM W LICHENIU\" \/>\n<meta property=\"article:modified_time\" content=\"2022-11-09T14:40:24+00:00\" \/>\n<meta name=\"twitter:card\" content=\"summary_large_image\" \/>\n<meta name=\"twitter:label1\" content=\"Tempo di lettura stimato\" \/>\n\t<meta name=\"twitter:data1\" content=\"1 minuto\" \/>\n<script type=\"application\/ld+json\" class=\"yoast-schema-graph\">{\"@context\":\"https:\\\/\\\/schema.org\",\"@graph\":[{\"@type\":\"WebPage\",\"@id\":\"https:\\\/\\\/www.lichen.pl\\\/centrum-pomocy-rodzinie-3\\\/\",\"url\":\"https:\\\/\\\/www.lichen.pl\\\/centrum-pomocy-rodzinie-3\\\/\",\"name\":\"Centrum Pomocy Rodzinie - SANKTUARIUM W LICHENIU\",\"isPartOf\":{\"@id\":\"https:\\\/\\\/www.lichen.pl\\\/fr\\\/#website\"},\"datePublished\":\"2021-03-24T14:24:30+00:00\",\"dateModified\":\"2022-11-09T14:40:24+00:00\",\"breadcrumb\":{\"@id\":\"https:\\\/\\\/www.lichen.pl\\\/centrum-pomocy-rodzinie-3\\\/#breadcrumb\"},\"inLanguage\":\"it-IT\",\"potentialAction\":[{\"@type\":\"ReadAction\",\"target\":[\"https:\\\/\\\/www.lichen.pl\\\/centrum-pomocy-rodzinie-3\\\/\"]}]},{\"@type\":\"BreadcrumbList\",\"@id\":\"https:\\\/\\\/www.lichen.pl\\\/centrum-pomocy-rodzinie-3\\\/#breadcrumb\",\"itemListElement\":[{\"@type\":\"ListItem\",\"position\":1,\"name\":\"Strona g\u0142\u00f3wna\",\"item\":\"https:\\\/\\\/www.lichen.pl\\\/\"},{\"@type\":\"ListItem\",\"position\":2,\"name\":\"Centrum Pomocy Rodzinie\"}]},{\"@type\":\"WebSite\",\"@id\":\"https:\\\/\\\/www.lichen.pl\\\/fr\\\/#website\",\"url\":\"https:\\\/\\\/www.lichen.pl\\\/fr\\\/\",\"name\":\"SANKTUARIUM W LICHENIU\",\"description\":\"MATKI BO\u017bEJ LICHE\u0143SKIEJ BOLESNEJ KR\u00d3LOWEJ POLSKI\",\"potentialAction\":[{\"@type\":\"SearchAction\",\"target\":{\"@type\":\"EntryPoint\",\"urlTemplate\":\"https:\\\/\\\/www.lichen.pl\\\/fr\\\/?s={search_term_string}\"},\"query-input\":{\"@type\":\"PropertyValueSpecification\",\"valueRequired\":true,\"valueName\":\"search_term_string\"}}],\"inLanguage\":\"it-IT\"}]}<\/script>\n<!-- \/ Yoast SEO plugin. -->","yoast_head_json":{"title":"Centrum Pomocy Rodzinie - SANKTUARIUM W LICHENIU","robots":{"index":"index","follow":"follow","max-snippet":"max-snippet:-1","max-image-preview":"max-image-preview:large","max-video-preview":"max-video-preview:-1"},"canonical":"https:\/\/www.lichen.pl\/it\/centrum-pomocy-rodzinie-3\/","og_locale":"it_IT","og_type":"article","og_title":"Centrum Pomocy Rodzinie - SANKTUARIUM W LICHENIU","og_description":"Liche\u0144skie Centrum Pomocy Rodzinie i Osobom Uzale\u017cnionym \u015bwiadczy pomoc psychologiczn\u0105 dla os\u00f3b z problemami emocjonalnymi i w relacjach. Pomaga osobom uzale\u017cnionym i cz\u0142onkom ich rodzin.\u00a0W Centrum przygotowujemy r\u00f3wnie\u017c narzeczonych do sakramentu ma\u0142\u017ce\u0144stwa i odpowiedzialnego rodzicielstwa. Pomagamy r\u00f3wnie\u017c osobom prze\u017cywaj\u0105cym trudno\u015bci rodzinne i kryzysy ma\u0142\u017ce\u0144skie, a tak\u017ce rodzicom w k\u0142opotach wychowawczych z dzie\u0107mi.\u00a0 Nasza strona","og_url":"https:\/\/www.lichen.pl\/it\/centrum-pomocy-rodzinie-3\/","og_site_name":"SANKTUARIUM W LICHENIU","article_modified_time":"2022-11-09T14:40:24+00:00","twitter_card":"summary_large_image","twitter_misc":{"Tempo di lettura stimato":"1 minuto"},"schema":{"@context":"https:\/\/schema.org","@graph":[{"@type":"WebPage","@id":"https:\/\/www.lichen.pl\/centrum-pomocy-rodzinie-3\/","url":"https:\/\/www.lichen.pl\/centrum-pomocy-rodzinie-3\/","name":"Centrum Pomocy Rodzinie - SANKTUARIUM W LICHENIU","isPartOf":{"@id":"https:\/\/www.lichen.pl\/fr\/#website"},"datePublished":"2021-03-24T14:24:30+00:00","dateModified":"2022-11-09T14:40:24+00:00","breadcrumb":{"@id":"https:\/\/www.lichen.pl\/centrum-pomocy-rodzinie-3\/#breadcrumb"},"inLanguage":"it-IT","potentialAction":[{"@type":"ReadAction","target":["https:\/\/www.lichen.pl\/centrum-pomocy-rodzinie-3\/"]}]},{"@type":"BreadcrumbList","@id":"https:\/\/www.lichen.pl\/centrum-pomocy-rodzinie-3\/#breadcrumb","itemListElement":[{"@type":"ListItem","position":1,"name":"Strona g\u0142\u00f3wna","item":"https:\/\/www.lichen.pl\/"},{"@type":"ListItem","position":2,"name":"Centrum Pomocy Rodzinie"}]},{"@type":"WebSite","@id":"https:\/\/www.lichen.pl\/fr\/#website","url":"https:\/\/www.lichen.pl\/fr\/","name":"SANTUARIO IN LICHENIA","description":"LA REGINA ADOLORATA DEL NOSTRO LICHENE DI POLONIA","potentialAction":[{"@type":"SearchAction","target":{"@type":"EntryPoint","urlTemplate":"https:\/\/www.lichen.pl\/fr\/?s={search_term_string}"},"query-input":{"@type":"PropertyValueSpecification","valueRequired":true,"valueName":"search_term_string"}}],"inLanguage":"it-IT"}]}},"_links":{"self":[{"href":"https:\/\/www.lichen.pl\/it\/wp-json\/wp\/v2\/pages\/4727","targetHints":{"allow":["GET"]}}],"collection":[{"href":"https:\/\/www.lichen.pl\/it\/wp-json\/wp\/v2\/pages"}],"about":[{"href":"https:\/\/www.lichen.pl\/it\/wp-json\/wp\/v2\/types\/page"}],"author":[{"embeddable":true,"href":"https:\/\/www.lichen.pl\/it\/wp-json\/wp\/v2\/users\/2"}],"replies":[{"embeddable":true,"href":"https:\/\/www.lichen.pl\/it\/wp-json\/wp\/v2\/comments?post=4727"}],"version-history":[{"count":16,"href":"https:\/\/www.lichen.pl\/it\/wp-json\/wp\/v2\/pages\/4727\/revisions"}],"predecessor-version":[{"id":47641,"href":"https:\/\/www.lichen.pl\/it\/wp-json\/wp\/v2\/pages\/4727\/revisions\/47641"}],"wp:attachment":[{"href":"https:\/\/www.lichen.pl\/it\/wp-json\/wp\/v2\/media?parent=4727"}],"curies":[{"name":"wp","href":"https:\/\/api.w.org\/{rel}","templated":true}]}}