{"id":99041,"date":"2026-04-07T13:32:21","date_gmt":"2026-04-07T11:32:21","guid":{"rendered":"https:\/\/www.lichen.pl\/?page_id=99041"},"modified":"2026-04-07T13:36:51","modified_gmt":"2026-04-07T11:36:51","slug":"rekolekcje-w-ciszy","status":"publish","type":"page","link":"https:\/\/www.lichen.pl\/it\/rekolekcje-w-ciszy\/","title":{"rendered":"Rekolekcje w ciszy"},"content":{"rendered":"<div data-elementor-type=\"wp-page\" data-elementor-id=\"99041\" class=\"elementor elementor-99041\" data-elementor-post-type=\"page\">\n\t\t\t\t\t\t<section class=\"elementor-section elementor-top-section elementor-element elementor-element-fa6006f elementor-section-boxed elementor-section-height-default elementor-section-height-default\" data-id=\"fa6006f\" data-element_type=\"section\" data-e-type=\"section\">\n\t\t\t\t\t\t<div class=\"elementor-container elementor-column-gap-default\">\n\t\t\t\t\t<div class=\"elementor-column elementor-col-100 elementor-top-column elementor-element elementor-element-3a72eb0\" data-id=\"3a72eb0\" data-element_type=\"column\" data-e-type=\"column\">\n\t\t\t<div class=\"elementor-widget-wrap elementor-element-populated\">\n\t\t\t\t\t\t<div class=\"elementor-element elementor-element-b0044ff elementor-widget-divider--view-line_text elementor-widget__width-initial elementor-widget-divider--element-align-center elementor-widget elementor-widget-divider\" data-id=\"b0044ff\" data-element_type=\"widget\" data-e-type=\"widget\" data-widget_type=\"divider.default\">\n\t\t\t\t<div class=\"elementor-widget-container\">\n\t\t\t\t\t\t\t<div class=\"elementor-divider\">\n\t\t\t<span class=\"elementor-divider-separator\">\n\t\t\t\t\t\t\t<span class=\"elementor-divider__text elementor-divider__element\">\n\t\t\t\trekolekcje w ciszy\t\t\t\t<\/span>\n\t\t\t\t\t\t<\/span>\n\t\t<\/div>\n\t\t\t\t\t\t<\/div>\n\t\t\t\t<\/div>\n\t\t\t\t<div class=\"elementor-element elementor-element-7dbac0b elementor-blockquote--skin-clean elementor-blockquote--align-left elementor-widget elementor-widget-blockquote\" data-id=\"7dbac0b\" data-element_type=\"widget\" data-e-type=\"widget\" data-widget_type=\"blockquote.default\">\n\t\t\t\t<div class=\"elementor-widget-container\">\n\t\t\t\t\t\t\t<blockquote class=\"elementor-blockquote\">\n\t\t\t<p class=\"elementor-blockquote__content\">\n\t\t\t\t \n\t\t\t<\/p>\n\t\t\t\t\t<\/blockquote>\n\t\t\t\t\t\t<\/div>\n\t\t\t\t<\/div>\n\t\t\t\t<div class=\"elementor-element elementor-element-b9e3a13 elementor-widget elementor-widget-text-editor\" data-id=\"b9e3a13\" data-element_type=\"widget\" data-e-type=\"widget\" data-widget_type=\"text-editor.default\">\n\t\t\t\t<div class=\"elementor-widget-container\">\n\t\t\t\t\t\t\t\t\t<p>Co\u015b si\u0119 ko\u0144czy, co\u015b zaczyna. Prze\u0142om roku kalendarzowego to doskona\u0142a okazja do podsumowa\u0144 i przemy\u015ble\u0144. Czy cisza rekolekcji prze\u017cywanych przed Naj\u015bwi\u0119tszym Sakramentem nie jest najbardziej sprzyjaj\u0105cym temu klimatem?<\/p><p>\u201eRekolekcje w ciszy\u201d to spos\u00f3b na sp\u0119dzenie czasu przed Jezusem z sercem wype\u0142nionym do\u015bwiadczeniem przesz\u0142o\u015bci i pragn\u0105cym dzi\u0119kowa\u0107 za ka\u017cd\u0105 \u0142ask\u0119 otrzyman\u0105 w codzienno\u015bci minionych miesi\u0119cy. To okazja, aby pos\u0142ucha\u0107, co kochaj\u0105cy Pan ma do powiedzenia o tym, co by\u0142o, co jest i co czeka nas w przysz\u0142o\u015bci. To r\u00f3wnie\u017c zaproszenie, aby uczy\u0107 si\u0119 ufa\u0107 Bogu wobec nieznanego jutra.<\/p><p>Gdy \u015bwiat sp\u0119dza czas na hucznej zabawie nocy sylwestrowej, mo\u017ce dla Twojego serca, kt\u00f3re pragnie czego\u015b wi\u0119cej, alternatyw\u0105 b\u0119dzie cisza przed Panem w mi\u0142osnej obecno\u015bci.<\/p><p>Rekolekcje prowadzi ks. S\u0142awomir Homoncik<\/p>\t\t\t\t\t\t\t\t<\/div>\n\t\t\t\t<\/div>\n\t\t\t\t<section class=\"elementor-section elementor-inner-section elementor-element elementor-element-2bf3874 elementor-section-boxed elementor-section-height-default elementor-section-height-default\" data-id=\"2bf3874\" data-element_type=\"section\" data-e-type=\"section\">\n\t\t\t\t\t\t<div class=\"elementor-container elementor-column-gap-default\">\n\t\t\t\t\t<div class=\"elementor-column elementor-col-50 elementor-inner-column elementor-element elementor-element-2c1b676\" data-id=\"2c1b676\" data-element_type=\"column\" data-e-type=\"column\">\n\t\t\t<div class=\"elementor-widget-wrap elementor-element-populated\">\n\t\t\t\t\t\t<div class=\"elementor-element elementor-element-edb9ee1 elementor-widget elementor-widget-text-editor\" data-id=\"edb9ee1\" data-element_type=\"widget\" data-e-type=\"widget\" data-widget_type=\"text-editor.default\">\n\t\t\t\t<div class=\"elementor-widget-container\">\n\t\t\t\t\t\t\t\t\t<ul>\n<li><span style=\"color: #000000;\">ofiara: <strong>od<\/strong> <strong>430 z\u0142 do 580 z\u0142<\/strong> od osoby w zale\u017cno\u015bci od rodzaju pokoju (w tym nocleg i wy\u017cywienie), z\u0142o\u017cona podczas rekolekcji\/po przyje\u017adzie<\/span><\/li>\n<li><span style=\"color: #000000;\">il numero dei posti \u00e8 limitato<\/span><\/li>\n<li><span style=\"color: #000000;\">decide l&#039;ordine delle domande<\/span><\/li>\n<\/ul>\t\t\t\t\t\t\t\t<\/div>\n\t\t\t\t<\/div>\n\t\t\t\t\t<\/div>\n\t\t<\/div>\n\t\t\t\t<div class=\"elementor-column elementor-col-50 elementor-inner-column elementor-element elementor-element-6897f49\" data-id=\"6897f49\" data-element_type=\"column\" data-e-type=\"column\">\n\t\t\t<div class=\"elementor-widget-wrap elementor-element-populated\">\n\t\t\t\t\t\t<div class=\"elementor-element elementor-element-b5f994a elementor-widget elementor-widget-text-editor\" data-id=\"b5f994a\" data-element_type=\"widget\" data-e-type=\"widget\" data-widget_type=\"text-editor.default\">\n\t\t\t\t<div class=\"elementor-widget-container\">\n\t\t\t\t\t\t\t\t\t<p style=\"text-align: center;\"><strong><span style=\"color: #800000;\">Iscrizione al ritiro:<\/span><\/strong><\/p><ul><li><span style=\"color: #000000;\"><strong>personalmente<\/strong>, presso l&#039;Ufficio Servizio Pellegrini<\/span><\/li><li><span style=\"color: #000000;\"><strong>per telefono<\/strong> (+48) 63 270 81 42, (+48) 63 270 81 63<\/span><\/li><li><span style=\"color: #000000;\"><strong>e-mail:<\/strong> lichen@lichen.pl<\/span><\/li><\/ul>\t\t\t\t\t\t\t\t<\/div>\n\t\t\t\t<\/div>\n\t\t\t\t\t<\/div>\n\t\t<\/div>\n\t\t\t\t\t<\/div>\n\t\t<\/section>\n\t\t\t\t<section class=\"elementor-section elementor-inner-section elementor-element elementor-element-81654a7 elementor-section-boxed elementor-section-height-default elementor-section-height-default\" data-id=\"81654a7\" data-element_type=\"section\" data-e-type=\"section\">\n\t\t\t\t\t\t<div class=\"elementor-container elementor-column-gap-default\">\n\t\t\t\t\t<div class=\"elementor-column elementor-col-50 elementor-inner-column elementor-element elementor-element-b5ed421\" data-id=\"b5ed421\" data-element_type=\"column\" data-e-type=\"column\">\n\t\t\t<div class=\"elementor-widget-wrap elementor-element-populated\">\n\t\t\t\t\t\t<div class=\"elementor-element elementor-element-20cd58a elementor-view-default elementor-widget elementor-widget-icon\" data-id=\"20cd58a\" data-element_type=\"widget\" data-e-type=\"widget\" data-widget_type=\"icon.default\">\n\t\t\t\t<div class=\"elementor-widget-container\">\n\t\t\t\t\t\t\t<div class=\"elementor-icon-wrapper\">\n\t\t\t<a class=\"elementor-icon\" href=\"https:\/\/www.lichen.pl\/it\/rekolekcje-rok-2026\/\" target=\"_blank\">\n\t\t\t<i aria-hidden=\"true\" class=\"far fa-calendar-check\"><\/i>\t\t\t<\/a>\n\t\t<\/div>\n\t\t\t\t\t\t<\/div>\n\t\t\t\t<\/div>\n\t\t\t\t\t<\/div>\n\t\t<\/div>\n\t\t\t\t<div class=\"elementor-column elementor-col-50 elementor-inner-column elementor-element elementor-element-ec64b77\" data-id=\"ec64b77\" data-element_type=\"column\" data-e-type=\"column\">\n\t\t\t<div class=\"elementor-widget-wrap elementor-element-populated\">\n\t\t\t\t\t\t<div class=\"elementor-element elementor-element-641a953 elementor-widget elementor-widget-text-editor\" data-id=\"641a953\" data-element_type=\"widget\" data-e-type=\"widget\" data-widget_type=\"text-editor.default\">\n\t\t\t\t<div class=\"elementor-widget-container\">\n\t\t\t\t\t\t\t\t\t<p style=\"text-align: left;\"><span style=\"color: #000080;\">Przejd\u017a do kalendarza rekolekcji 2026 r.<\/span><\/p>\t\t\t\t\t\t\t\t<\/div>\n\t\t\t\t<\/div>\n\t\t\t\t<div class=\"elementor-element elementor-element-0511655 elementor-widget-divider--view-line elementor-widget elementor-widget-divider\" data-id=\"0511655\" data-element_type=\"widget\" data-e-type=\"widget\" data-widget_type=\"divider.default\">\n\t\t\t\t<div class=\"elementor-widget-container\">\n\t\t\t\t\t\t\t<div class=\"elementor-divider\">\n\t\t\t<span class=\"elementor-divider-separator\">\n\t\t\t\t\t\t<\/span>\n\t\t<\/div>\n\t\t\t\t\t\t<\/div>\n\t\t\t\t<\/div>\n\t\t\t\t\t<\/div>\n\t\t<\/div>\n\t\t\t\t\t<\/div>\n\t\t<\/section>\n\t\t\t\t\t<\/div>\n\t\t<\/div>\n\t\t\t\t\t<\/div>\n\t\t<\/section>\n\t\t\t\t<\/div>","protected":false},"excerpt":{"rendered":"<p>rekolekcje w ciszy Co\u015b si\u0119 ko\u0144czy, co\u015b zaczyna. Prze\u0142om roku kalendarzowego to doskona\u0142a okazja do podsumowa\u0144 i przemy\u015ble\u0144. Czy cisza rekolekcji prze\u017cywanych przed Naj\u015bwi\u0119tszym Sakramentem nie jest najbardziej sprzyjaj\u0105cym temu klimatem? \u201eRekolekcje w ciszy\u201d to spos\u00f3b na sp\u0119dzenie czasu przed Jezusem z sercem wype\u0142nionym do\u015bwiadczeniem przesz\u0142o\u015bci i pragn\u0105cym dzi\u0119kowa\u0107 za ka\u017cd\u0105 \u0142ask\u0119 otrzyman\u0105 w codzienno\u015bci [&hellip;]<\/p>\n","protected":false},"author":7,"featured_media":0,"parent":0,"menu_order":0,"comment_status":"closed","ping_status":"closed","template":"elementor_header_footer","meta":{"footnotes":""},"class_list":["post-99041","page","type-page","status-publish","hentry","wpbf-post"],"yoast_head":"<!-- This site is optimized with the Yoast SEO plugin v27.4 - https:\/\/yoast.com\/product\/yoast-seo-wordpress\/ -->\n<title>Rekolekcje w ciszy - SANKTUARIUM W LICHENIU<\/title>\n<meta name=\"robots\" content=\"index, follow, max-snippet:-1, max-image-preview:large, max-video-preview:-1\" \/>\n<link rel=\"canonical\" href=\"https:\/\/www.lichen.pl\/it\/rekolekcje-w-ciszy\/\" \/>\n<meta property=\"og:locale\" content=\"it_IT\" \/>\n<meta property=\"og:type\" content=\"article\" \/>\n<meta property=\"og:title\" content=\"Rekolekcje w ciszy - SANKTUARIUM W LICHENIU\" \/>\n<meta property=\"og:description\" content=\"rekolekcje w ciszy Co\u015b si\u0119 ko\u0144czy, co\u015b zaczyna. Prze\u0142om roku kalendarzowego to doskona\u0142a okazja do podsumowa\u0144 i przemy\u015ble\u0144. Czy cisza rekolekcji prze\u017cywanych przed Naj\u015bwi\u0119tszym Sakramentem nie jest najbardziej sprzyjaj\u0105cym temu klimatem? \u201eRekolekcje w ciszy\u201d to spos\u00f3b na sp\u0119dzenie czasu przed Jezusem z sercem wype\u0142nionym do\u015bwiadczeniem przesz\u0142o\u015bci i pragn\u0105cym dzi\u0119kowa\u0107 za ka\u017cd\u0105 \u0142ask\u0119 otrzyman\u0105 w codzienno\u015bci [&hellip;]\" \/>\n<meta property=\"og:url\" content=\"https:\/\/www.lichen.pl\/it\/rekolekcje-w-ciszy\/\" \/>\n<meta property=\"og:site_name\" content=\"SANKTUARIUM W LICHENIU\" \/>\n<meta property=\"article:modified_time\" content=\"2026-04-07T11:36:51+00:00\" \/>\n<meta name=\"twitter:card\" content=\"summary_large_image\" \/>\n<meta name=\"twitter:label1\" content=\"Tempo di lettura stimato\" \/>\n\t<meta name=\"twitter:data1\" content=\"2 minuti\" \/>\n<script type=\"application\/ld+json\" class=\"yoast-schema-graph\">{\"@context\":\"https:\\\/\\\/schema.org\",\"@graph\":[{\"@type\":\"WebPage\",\"@id\":\"https:\\\/\\\/www.lichen.pl\\\/rekolekcje-w-ciszy\\\/\",\"url\":\"https:\\\/\\\/www.lichen.pl\\\/rekolekcje-w-ciszy\\\/\",\"name\":\"Rekolekcje w ciszy - SANKTUARIUM W LICHENIU\",\"isPartOf\":{\"@id\":\"https:\\\/\\\/www.lichen.pl\\\/fr\\\/#website\"},\"datePublished\":\"2026-04-07T11:32:21+00:00\",\"dateModified\":\"2026-04-07T11:36:51+00:00\",\"breadcrumb\":{\"@id\":\"https:\\\/\\\/www.lichen.pl\\\/rekolekcje-w-ciszy\\\/#breadcrumb\"},\"inLanguage\":\"it-IT\",\"potentialAction\":[{\"@type\":\"ReadAction\",\"target\":[\"https:\\\/\\\/www.lichen.pl\\\/rekolekcje-w-ciszy\\\/\"]}]},{\"@type\":\"BreadcrumbList\",\"@id\":\"https:\\\/\\\/www.lichen.pl\\\/rekolekcje-w-ciszy\\\/#breadcrumb\",\"itemListElement\":[{\"@type\":\"ListItem\",\"position\":1,\"name\":\"Strona g\u0142\u00f3wna\",\"item\":\"https:\\\/\\\/www.lichen.pl\\\/\"},{\"@type\":\"ListItem\",\"position\":2,\"name\":\"Rekolekcje w ciszy\"}]},{\"@type\":\"WebSite\",\"@id\":\"https:\\\/\\\/www.lichen.pl\\\/fr\\\/#website\",\"url\":\"https:\\\/\\\/www.lichen.pl\\\/fr\\\/\",\"name\":\"SANKTUARIUM W LICHENIU\",\"description\":\"MATKI BO\u017bEJ LICHE\u0143SKIEJ BOLESNEJ KR\u00d3LOWEJ POLSKI\",\"potentialAction\":[{\"@type\":\"SearchAction\",\"target\":{\"@type\":\"EntryPoint\",\"urlTemplate\":\"https:\\\/\\\/www.lichen.pl\\\/fr\\\/?s={search_term_string}\"},\"query-input\":{\"@type\":\"PropertyValueSpecification\",\"valueRequired\":true,\"valueName\":\"search_term_string\"}}],\"inLanguage\":\"it-IT\"}]}<\/script>\n<!-- \/ Yoast SEO plugin. -->","yoast_head_json":{"title":"Rekolekcje w ciszy - SANKTUARIUM W LICHENIU","robots":{"index":"index","follow":"follow","max-snippet":"max-snippet:-1","max-image-preview":"max-image-preview:large","max-video-preview":"max-video-preview:-1"},"canonical":"https:\/\/www.lichen.pl\/it\/rekolekcje-w-ciszy\/","og_locale":"it_IT","og_type":"article","og_title":"Rekolekcje w ciszy - SANKTUARIUM W LICHENIU","og_description":"rekolekcje w ciszy Co\u015b si\u0119 ko\u0144czy, co\u015b zaczyna. Prze\u0142om roku kalendarzowego to doskona\u0142a okazja do podsumowa\u0144 i przemy\u015ble\u0144. Czy cisza rekolekcji prze\u017cywanych przed Naj\u015bwi\u0119tszym Sakramentem nie jest najbardziej sprzyjaj\u0105cym temu klimatem? \u201eRekolekcje w ciszy\u201d to spos\u00f3b na sp\u0119dzenie czasu przed Jezusem z sercem wype\u0142nionym do\u015bwiadczeniem przesz\u0142o\u015bci i pragn\u0105cym dzi\u0119kowa\u0107 za ka\u017cd\u0105 \u0142ask\u0119 otrzyman\u0105 w codzienno\u015bci [&hellip;]","og_url":"https:\/\/www.lichen.pl\/it\/rekolekcje-w-ciszy\/","og_site_name":"SANKTUARIUM W LICHENIU","article_modified_time":"2026-04-07T11:36:51+00:00","twitter_card":"summary_large_image","twitter_misc":{"Tempo di lettura stimato":"2 minuti"},"schema":{"@context":"https:\/\/schema.org","@graph":[{"@type":"WebPage","@id":"https:\/\/www.lichen.pl\/rekolekcje-w-ciszy\/","url":"https:\/\/www.lichen.pl\/rekolekcje-w-ciszy\/","name":"Rekolekcje w ciszy - SANKTUARIUM W LICHENIU","isPartOf":{"@id":"https:\/\/www.lichen.pl\/fr\/#website"},"datePublished":"2026-04-07T11:32:21+00:00","dateModified":"2026-04-07T11:36:51+00:00","breadcrumb":{"@id":"https:\/\/www.lichen.pl\/rekolekcje-w-ciszy\/#breadcrumb"},"inLanguage":"it-IT","potentialAction":[{"@type":"ReadAction","target":["https:\/\/www.lichen.pl\/rekolekcje-w-ciszy\/"]}]},{"@type":"BreadcrumbList","@id":"https:\/\/www.lichen.pl\/rekolekcje-w-ciszy\/#breadcrumb","itemListElement":[{"@type":"ListItem","position":1,"name":"Strona g\u0142\u00f3wna","item":"https:\/\/www.lichen.pl\/"},{"@type":"ListItem","position":2,"name":"Rekolekcje w ciszy"}]},{"@type":"WebSite","@id":"https:\/\/www.lichen.pl\/fr\/#website","url":"https:\/\/www.lichen.pl\/fr\/","name":"SANTUARIO IN LICHENIA","description":"LA REGINA ADOLORATA DEL NOSTRO LICHENE DI POLONIA","potentialAction":[{"@type":"SearchAction","target":{"@type":"EntryPoint","urlTemplate":"https:\/\/www.lichen.pl\/fr\/?s={search_term_string}"},"query-input":{"@type":"PropertyValueSpecification","valueRequired":true,"valueName":"search_term_string"}}],"inLanguage":"it-IT"}]}},"_links":{"self":[{"href":"https:\/\/www.lichen.pl\/it\/wp-json\/wp\/v2\/pages\/99041","targetHints":{"allow":["GET"]}}],"collection":[{"href":"https:\/\/www.lichen.pl\/it\/wp-json\/wp\/v2\/pages"}],"about":[{"href":"https:\/\/www.lichen.pl\/it\/wp-json\/wp\/v2\/types\/page"}],"author":[{"embeddable":true,"href":"https:\/\/www.lichen.pl\/it\/wp-json\/wp\/v2\/users\/7"}],"replies":[{"embeddable":true,"href":"https:\/\/www.lichen.pl\/it\/wp-json\/wp\/v2\/comments?post=99041"}],"version-history":[{"count":4,"href":"https:\/\/www.lichen.pl\/it\/wp-json\/wp\/v2\/pages\/99041\/revisions"}],"predecessor-version":[{"id":99046,"href":"https:\/\/www.lichen.pl\/it\/wp-json\/wp\/v2\/pages\/99041\/revisions\/99046"}],"wp:attachment":[{"href":"https:\/\/www.lichen.pl\/it\/wp-json\/wp\/v2\/media?parent=99041"}],"curies":[{"name":"wp","href":"https:\/\/api.w.org\/{rel}","templated":true}]}}